{"id":6464,"date":"1970-01-01T00:00:00","date_gmt":"1970-01-01T00:00:00","guid":{"rendered":"https:\/\/elfsight.com\/pl\/?page_id=6464"},"modified":"2024-11-14T09:32:57","modified_gmt":"2024-11-14T09:32:57","slug":"joomla","status":"publish","type":"page","link":"https:\/\/elfsight.com\/pl\/slider-widget\/joomla\/","title":{"rendered":"Slider &#8211; Joomla"},"content":{"rendered":"<div class=\"application-platform-content-item-description application-platform-content-item\" id=\"description\" data-nav-section=\"description\"><h2>Opis<\/h2> <p>Zdj\u0119cie Elfsight &amp; Image Slider to proste i responsywne narz\u0119dzie umo\u017cliwiaj\u0105ce przyci\u0105gni\u0119cie uwagi odwiedzaj\u0105cych witryn\u0119 poprzez pokazanie r\u00f3\u017cnych obraz\u00f3w, film\u00f3w lub najlepszych ofert na Twojej stronie. Mo\u017cesz skorzysta\u0107 z dowolnej liczby slajd\u00f3w potrzebnych do zaprezentowania swoich towar\u00f3w i zaznaczenia gor\u0105cych ofert. Dodaj efekty wizualne i zmie\u0144 rozmiar obrazu\/wideo tak, jak lubisz. Za pomoc\u0105 naszego narz\u0119dzia stworzysz efektowny slider, kt\u00f3ry przyci\u0105gnie uwag\u0119 odwiedzaj\u0105cych witryn\u0119 i nie pozwoli im zbyt szybko opu\u015bci\u0107 Twojej strony.<\/p><p><b>Spraw, aby Twoje oferty wygl\u0105da\u0142y kusz\u0105co i osi\u0105gaj swoje cele biznesowe za pomoc\u0105 rozszerzenia Slider!<\/b><\/p><p><b>Wi\u0119ksze zaanga\u017cowanie u\u017cytkownik\u00f3w<\/b><br>Nasza wtyczka suwaka obrazu zapewnia urocze efekty wizualne, kt\u00f3re upi\u0119ksz\u0105 Twoj\u0105 tre\u015b\u0107 co\u015b, czego u\u017cytkownicy nie mog\u0105 przeoczy\u0107, zach\u0119caj\u0105c ich do korzystania z niego i podejmowania docelowych dzia\u0142a\u0144.<\/p><p><b>Rozwijaj do\u015bwiadczenia u\u017cytkownika<\/b><br>Miej najbardziej kusz\u0105ce efekty wizualne w jednym atrakcyjnym miejscu do wykorzystania swoj\u0105 witryn\u0119 bez wysi\u0142ku i \u0142atwo, zdobywaj\u0105c w ten spos\u00f3b nowych odbiorc\u00f3w.<\/p><p><b>Zwi\u0119ksz swoj\u0105 sprzeda\u017c<\/b><br>Wyr\u00f3\u017cnij swoje projekty, najlepsze prace lub polecane problemy dzi\u0119ki przesuwaj\u0105cemu rozszerzeniu Slider u\u017cytkownicy bezpo\u015brednio do zakupu.<\/p><\/div><div class=\"faq\" data-component=\"FAQ\"><div class=\"faq-item\">\r\n\t\t\t\t\t<div class=\"faq-item-question\">\r\n\t\t\t\t\t\t<h3 class=\"faq-item-question-text\">W jaki spos\u00f3b mog\u0119 osadzi\u0107 Slider w witrynie Joomla? <\/h3>\r\n\r\n\t\t\t\t\t\t<div class=\"faq-item-question-icon\"><\/div>\r\n\t\t\t\t\t<\/div>\r\n\r\n\t\t\t\t\t<div class=\"faq-item-answer\">\r\n\t\t\t\t\t\t<div class=\"faq-item-answer-text\"><p>The budowa widgetu odbywa si\u0119 w ramach serwisu Elfsight i nie musisz uczy\u0107 si\u0119 kodowania. Przejd\u017a do aktywnego demo, aby zaprojektowa\u0107 aplikacj\u0119, uzyska\u0107 kod i umie\u015bci\u0107 go na swojej stronie internetowej. <\/p><\/div>\r\n\t\t\t\t\t<\/div>\r\n\t\t\t\t<\/div><div class=\"faq-item\">\r\n\t\t\t\t\t<div class=\"faq-item-question\">\r\n\t\t\t\t\t\t<h3 class=\"faq-item-question-text\">Najlepsze sposoby wykorzystania integracji suwaka Galerii obraz\u00f3w<\/h3>\r\n\r\n\t\t\t\t\t\t<div class=\"faq-item-question-icon\"><\/div>\r\n\t\t\t\t\t<\/div>\r\n\r\n\t\t\t\t\t<div class=\"faq-item-answer\">\r\n\t\t\t\t\t\t<div class=\"faq-item-answer-text\"><p>Zapewniamy mn\u00f3stwo mo\u017cliwo\u015bci dostosowywania: pe\u0142nowymiarowe wid\u017cety do osadzania w strefie tre\u015bci , p\u0142ywaj\u0105ce wid\u017cety z opcjami przewijania, miniatury stopki, sekcji nag\u0142\u00f3wka i wszystkie warianty pionowych mo\u017cliwo\u015bci pask\u00f3w bocznych i menu witryny. <\/p><\/div>\r\n\t\t\t\t\t<\/div>\r\n\t\t\t\t<\/div><div class=\"faq-item\">\r\n\t\t\t\t\t<div class=\"faq-item-question\">\r\n\t\t\t\t\t\t<h3 class=\"faq-item-question-text\">Czy istnieje mo\u017cliwo\u015b\u0107 zbudowania Slidera Produkt\u00f3w lub Oferty za pomoc\u0105 edytora? <\/h3>\r\n\r\n\t\t\t\t\t\t<div class=\"faq-item-question-icon\"><\/div>\r\n\t\t\t\t\t<\/div>\r\n\r\n\t\t\t\t\t<div class=\"faq-item-answer\">\r\n\t\t\t\t\t\t<div class=\"faq-item-answer-text\"><p>Mo\u017cesz tworzy\u0107 dowolne modyfikacje widgetu. W edytorze dost\u0119pna jest szeroka gama uk\u0142ad\u00f3w, a ka\u017cdy z nich mo\u017cna \u0142atwo dostosowa\u0107 do w\u0142asnych potrzeb. <\/p><\/div>\r\n\t\t\t\t\t<\/div>\r\n\t\t\t\t<\/div><\/div><div class=\"application-platform-content-item-features application-platform-content-item\" id=\"features\" data-nav-section=\"features\"><h2>Funkcje<\/h2><p>Oto lista wszystkich funkcji produktu. Mo\u017cesz je dostosowa\u0107 bezpo\u015brednio w edytorze, a pomog\u0105 Ci one skonstruowa\u0107 modu\u0142 specjalnie pod Twoje potrzeby.<\/p><ul><li>Wykorzystaj CTA, aby poprowadzi\u0107 u\u017cytkownik\u00f3w do celu.<\/li><li>Dostosuj zmian\u0119 slajd\u00f3w czas trwania.<\/li><li>Wybierz pomi\u0119dzy wieloma wariantami.<\/li><li>Umie\u015b\u0107 tekst w dowolnym miejscu strony za pomoc\u0105 zaawansowanej pozycji.<\/li><li>Dostosuj pi\u0119\u0107 element\u00f3w tre\u015bci.&lt;\/li <\/ul><p><a href=\"#demo\">Przetestuj wszystkie inne funkcje w wersji demonstracyjnej<\/a><\/p><\/div><div class=\"application-platform-content-item-installation application-platform-content-item\" id=\"installation\" data-nav-section=\"installation\"><h2>Jak doda\u0107 Suwak do Joomla<\/h2><p>Wystarczy wykona\u0107 poni\u017csze kroki, aby zintegrowa\u0107 widget z Joomla.<\/p> <ol><li><b>Wykonaj nasz darmowy konfigurator i rozpocznij tworzenie niestandardowej wtyczki. <\/b><br> Wybierz preferowany uk\u0142ad i funkcje rozszerzenia Slider i zastosuj poprawki. <\/li> <li><b>Zdob\u0105d\u017a unikalny kod pojawiaj\u0105cy si\u0119 w oknie aplikacji Elfsight. <\/b><br> Po zako\u0144czeniu tworzenia wtyczki skopiuj ekskluzywny kod z wy\u015bwietlonego pola i zachowaj go do dalszego wykorzystania. <\/li> <li><b>Rozpocznij korzystanie z modu\u0142u na stronie Joomla. <\/b><br> Wstaw ostatnio zapisany kod do swojej witryny i zastosuj modyfikacje. <\/li> <li><b>Instalacja zosta\u0142a pomy\u015blnie zako\u0144czona. <\/b><br> Odwied\u017a swoj\u0105 witryn\u0119, aby sprawdzi\u0107, jak dzia\u0142a wtyczka. <\/li><\/ol><p>Je\u015bli potrzebujesz pomocy lub masz pytania, skontaktuj si\u0119 z obs\u0142ug\u0105 klienta Elfsight. Nasi specjali\u015bci ch\u0119tnie pomog\u0105 w ka\u017cdym zapytaniu.<\/p><\/div>","protected":false},"excerpt":{"rendered":"","protected":false},"author":9,"featured_media":0,"parent":2470,"menu_order":0,"comment_status":"closed","ping_status":"closed","template":"templates\/template-application-platform.php","meta":{"publish_to_discourse":"","publish_post_category":"","wpdc_auto_publish_overridden":"","wpdc_topic_tags":"","wpdc_pin_topic":"","wpdc_pin_until":"","discourse_post_id":"","discourse_permalink":"","wpdc_publishing_response":"","wpdc_publishing_error":"","footnotes":""},"class_list":["post-6464","page","type-page","status-publish","hentry"],"yoast_head":"<!-- This site is optimized with the Yoast SEO plugin v25.3.1 - https:\/\/yoast.com\/wordpress\/plugins\/seo\/ -->\n<title>Joomla Slider \u2014 Dodaj wid\u017cet Image Slider do strony internetowej [2025]<\/title>\n<meta name=\"description\" content=\"Dodaj modu\u0142 suwaka obrazu do swojej witryny Joomla. Skorzystaj z naszego praktycznego demo i stw\u00f3rz sw\u00f3j widget Joomla bez wysi\u0142ku!\" \/>\n<meta name=\"robots\" content=\"index, follow, max-snippet:-1, max-image-preview:large, max-video-preview:-1\" \/>\n<link rel=\"canonical\" href=\"https:\/\/elfsight.com\/pl\/slider-widget\/joomla\/\" \/>\n<meta property=\"og:locale\" content=\"pl_PL\" \/>\n<meta property=\"og:type\" content=\"article\" \/>\n<meta property=\"og:title\" content=\"Joomla Slider \u2014 Dodaj wid\u017cet Image Slider do strony internetowej [2025]\" \/>\n<meta property=\"og:description\" content=\"Dodaj modu\u0142 suwaka obrazu do swojej witryny Joomla. Skorzystaj z naszego praktycznego demo i stw\u00f3rz sw\u00f3j widget Joomla bez wysi\u0142ku!\" \/>\n<meta property=\"og:url\" content=\"https:\/\/elfsight.com\/pl\/slider-widget\/joomla\/\" \/>\n<meta property=\"og:site_name\" content=\"Elfsight PL\" \/>\n<meta property=\"article:modified_time\" content=\"2024-11-14T09:32:57+00:00\" \/>\n<meta name=\"twitter:card\" content=\"summary_large_image\" \/>\n<meta name=\"twitter:label1\" content=\"Szacowany czas czytania\" \/>\n\t<meta name=\"twitter:data1\" content=\"3 minuty\" \/>\n<!-- \/ Yoast SEO plugin. -->","yoast_head_json":{"title":"Joomla Slider \u2014 Dodaj wid\u017cet Image Slider do strony internetowej [2025]","description":"Dodaj modu\u0142 suwaka obrazu do swojej witryny Joomla. Skorzystaj z naszego praktycznego demo i stw\u00f3rz sw\u00f3j widget Joomla bez wysi\u0142ku!","robots":{"index":"index","follow":"follow","max-snippet":"max-snippet:-1","max-image-preview":"max-image-preview:large","max-video-preview":"max-video-preview:-1"},"canonical":"https:\/\/elfsight.com\/pl\/slider-widget\/joomla\/","og_locale":"pl_PL","og_type":"article","og_title":"Joomla Slider \u2014 Dodaj wid\u017cet Image Slider do strony internetowej [2025]","og_description":"Dodaj modu\u0142 suwaka obrazu do swojej witryny Joomla. Skorzystaj z naszego praktycznego demo i stw\u00f3rz sw\u00f3j widget Joomla bez wysi\u0142ku!","og_url":"https:\/\/elfsight.com\/pl\/slider-widget\/joomla\/","og_site_name":"Elfsight PL","article_modified_time":"2024-11-14T09:32:57+00:00","twitter_card":"summary_large_image","twitter_misc":{"Szacowany czas czytania":"3 minuty"},"schema":{"@context":"https:\/\/schema.org","@graph":[{"@type":"WebPage","@id":"https:\/\/elfsight.com\/pl\/slider-widget\/joomla\/","url":"https:\/\/elfsight.com\/pl\/slider-widget\/joomla\/","name":"Joomla Slider \u2014 Dodaj wid\u017cet Image Slider do strony internetowej [2025]","isPartOf":{"@id":"https:\/\/elfsight.com\/pl\/#website"},"datePublished":"1970-01-01T00:00:00+00:00","dateModified":"2024-11-14T09:32:57+00:00","description":"Dodaj modu\u0142 suwaka obrazu do swojej witryny Joomla. Skorzystaj z naszego praktycznego demo i stw\u00f3rz sw\u00f3j widget Joomla bez wysi\u0142ku!","breadcrumb":{"@id":"https:\/\/elfsight.com\/pl\/slider-widget\/joomla\/#breadcrumb"},"inLanguage":"pl-PL","potentialAction":[{"@type":"ReadAction","target":["https:\/\/elfsight.com\/pl\/slider-widget\/joomla\/"]}]},{"@type":"BreadcrumbList","@id":"https:\/\/elfsight.com\/pl\/slider-widget\/joomla\/#breadcrumb","itemListElement":[{"@type":"ListItem","position":1,"name":"Home","item":"https:\/\/elfsight.com\/pl\/"},{"@type":"ListItem","position":2,"name":"Slider","item":"https:\/\/elfsight.com\/pl\/slider-widget\/"},{"@type":"ListItem","position":3,"name":"Slider &#8211; Joomla"}]},{"@type":"WebSite","@id":"https:\/\/elfsight.com\/pl\/#website","url":"https:\/\/elfsight.com\/pl\/","name":"Elfsight PL","description":"Just another Elfsight Sites site","potentialAction":[{"@type":"SearchAction","target":{"@type":"EntryPoint","urlTemplate":"https:\/\/elfsight.com\/pl\/?s={search_term_string}"},"query-input":{"@type":"PropertyValueSpecification","valueRequired":true,"valueName":"search_term_string"}}],"inLanguage":"pl-PL"}]}},"meta_box":{"industry":"","seo_heading":"","heading":"","description":"","cta_heading":"","cta_description":"","application":"2469","h1":"Rozszerzenie Joomla Image Slider","h1_caption":"Dodaj suwak obrazu lub tre\u015bci do swojej witryny, aby bez wysi\u0142ku wy\u015bwietla\u0107 elementy wizualne, promocje lub kluczowe tre\u015bci w swojej witrynie Joomla w dynamiczny spos\u00f3b.","application_category":[],"applications_title":"","applications_request_title":"","applications_request_button_text":"","hero_text":"","hero_video":"","hero_video_schema_markup":"","selling_points_title":"","selling_points_caption":"","selling_points":[],"selling_points_cta_text":"","features_title":"","features":"","ed_cta_examples_text":"","ed_cta_examples_hidden":"","ed_cta_demo_text":"","ed_cta_demo_hidden":"","why_caption":"","why_editor_title":"","why_editor_text":"","why_team_title":"","why_team_text":"","why_service_title":"","why_service_text":"","template_catalog_visible":"","template_catalog_title":"","template_catalog_text":"","template_catalog_categories_visible":"","demo_title":"Utw\u00f3rz wtyczk\u0119 Slider","demo_caption":"Skonfiguruj Slider i dodaj go do swojej witryny Joomla za darmo!","default_faq_hidden":"","app_template_category":[],"platform":"53","template_public_id":"","codecanyon_url":"","codecanyon_item_id":"","codecanyon_price":"","pricing_caption":"","pricing_elfsight_apps_hide_column":"","pricing_elfsight_apps_url":"","pricing_codecanyon_price_caption":"","integration_category":[],"integration_request_title":"","integration_request_cta":"","integration_platform":"","integrations":[],"platform_category":[],"video_schema_markup":"","price":"od 0 USD \/ miesi\u0105c","trial":"","benefits":[{"text":"Bezp\u0142atna pomoc w instalacji"},{"text":"Profesjonalna obs\u0142uga klienta"},{"text":"14-dniowa gwarancja zwrotu pieni\u0119dzy"}],"button_url":"#demo","button_target_blank":"","button_nofollow":"","attributes":[{"name":"Instaluje"},{"name":"Czu\u0142y"},{"name":"Kompatybilne przegl\u0105darki"}],"tags":[],"tags_disable_links":"","hide_more_platforms":"","video_object":"","demo_hide_cta":"","demo_hide_cloud_options":"","pricing_title":"","pricing":[{"pricing_icon":"platform","pricing_title":"Elfsight Apps","pricing_title_caption":"Rozwi\u0105zanie niezale\u017cne od platformy, kt\u00f3re dzia\u0142a na ka\u017cdej witrynie","pricing_price":"od 0 USD \/ miesi\u0105c","pricing_price_caption":"zacznij od bezp\u0142atnego planu","pricing_benefits":[{"text":"Nielimitowane strony internetowe"},{"text":"Dedykowane wsparcie firmy"},{"text":"Bezp\u0142atna pomoc w monta\u017cu"},{"text":"Specjalna oferta na wiele aplikacji"}],"pricing_button_text":"Dodaj do witryny","pricing_button_url":"#demo"}],"related_apps_title":"","related_apps_hidden":"","author":"","image":[],"title":"","job":"","social_networks":[]},"_links":{"self":[{"href":"https:\/\/elfsight.com\/pl\/wp-json\/wp\/v2\/pages\/6464","targetHints":{"allow":["GET"]}}],"collection":[{"href":"https:\/\/elfsight.com\/pl\/wp-json\/wp\/v2\/pages"}],"about":[{"href":"https:\/\/elfsight.com\/pl\/wp-json\/wp\/v2\/types\/page"}],"author":[{"embeddable":true,"href":"https:\/\/elfsight.com\/pl\/wp-json\/wp\/v2\/users\/9"}],"replies":[{"embeddable":true,"href":"https:\/\/elfsight.com\/pl\/wp-json\/wp\/v2\/comments?post=6464"}],"version-history":[{"count":1,"href":"https:\/\/elfsight.com\/pl\/wp-json\/wp\/v2\/pages\/6464\/revisions"}],"predecessor-version":[{"id":6468,"href":"https:\/\/elfsight.com\/pl\/wp-json\/wp\/v2\/pages\/6464\/revisions\/6468"}],"up":[{"embeddable":true,"href":"https:\/\/elfsight.com\/pl\/wp-json\/wp\/v2\/pages\/2470"}],"wp:attachment":[{"href":"https:\/\/elfsight.com\/pl\/wp-json\/wp\/v2\/media?parent=6464"}],"curies":[{"name":"wp","href":"https:\/\/api.w.org\/{rel}","templated":true}]}}