{"id":6463,"date":"1970-01-01T00:00:00","date_gmt":"1970-01-01T00:00:00","guid":{"rendered":"https:\/\/elfsight.com\/pl\/?page_id=6463"},"modified":"2024-11-14T09:32:49","modified_gmt":"2024-11-14T09:32:49","slug":"magento","status":"publish","type":"page","link":"https:\/\/elfsight.com\/pl\/slider-widget\/magento\/","title":{"rendered":"Slider &#8211; Magento"},"content":{"rendered":"<div class=\"application-platform-content-item-description application-platform-content-item\" id=\"description\" data-nav-section=\"description\"><h2>Opis<\/h2> <p>Elfsight Photo and Image Slider to proste narz\u0119dzie umo\u017cliwiaj\u0105ce przyci\u0105gni\u0119cie uwagi u\u017cytkownik\u00f3w poprzez pokazanie r\u00f3\u017cnych obraz\u00f3w, filmy lub najlepsze oferty na Twojej stronie. Mo\u017cesz u\u017cy\u0107 dowolnej liczby slajd\u00f3w, kt\u00f3rych potrzebujesz, aby pokaza\u0107 swoj\u0105 mark\u0119 i oznaczy\u0107 gor\u0105ce oferty. Dodaj efekty wizualne i skaluj wymiar obrazu\/wideo tak, jak lubisz. Za pomoc\u0105 naszego narz\u0119dzia stworzysz efektowny slider, kt\u00f3ry przyci\u0105gnie uwag\u0119 odwiedzaj\u0105cych witryn\u0119 i nie pozwoli im zbyt szybko opu\u015bci\u0107 Twojej strony.<\/p><p><b>Wykorzystaj rozszerzenie Slider w towarzystwie interaktywne tre\u015bci, kt\u00f3re przyci\u0105gn\u0105 uwag\u0119 odwiedzaj\u0105cych!<\/b><\/p><p><b>Wi\u0119ksze zaanga\u017cowanie u\u017cytkownik\u00f3w<\/b><br>Nasza wtyczka suwaka obrazu zapewnia atrakcyjne efekty pokazowe, kt\u00f3re sprawi\u0105, \u017ce Twoje tre\u015bci stan\u0105 si\u0119 nie do pomini\u0119cia klienci zach\u0119caj\u0105 ich do korzystania z niej i wykonywania docelowych dzia\u0142a\u0144.<\/p><p><b>Ulepsz do\u015bwiadczenie u\u017cytkownika<\/b><br>Umie\u015b\u0107 najbardziej atrakcyjne elementy wizualne w jednym zauwa\u017calnym miejscu, aby korzystanie z witryny by\u0142o p\u0142ynne i proste zdobywaj\u0105c w ten spos\u00f3b nowych odbiorc\u00f3w.<\/p><p><b>Zwi\u0119ksz sprzeda\u017c<\/b><br>Skoncentruj si\u0119 na swoich dzia\u0142aniach, najlepszych pracach lub polecanych wydaniach, korzystaj\u0105c z rozszerzenia Slider, kt\u00f3re przenosi u\u017cytkownik\u00f3w bezpo\u015brednio do zakupu.<\/p><\/div><div class=\"faq\" data-component=\"FAQ\"><div class=\"faq-item\">\r\n\t\t\t\t\t<div class=\"faq-item-question\">\r\n\t\t\t\t\t\t<h3 class=\"faq-item-question-text\">Jak mog\u0119 osadzi\u0107 Slider w witrynie Magento? <\/h3>\r\n\r\n\t\t\t\t\t\t<div class=\"faq-item-question-icon\"><\/div>\r\n\t\t\t\t\t<\/div>\r\n\r\n\t\t\t\t\t<div class=\"faq-item-answer\">\r\n\t\t\t\t\t\t<div class=\"faq-item-answer-text\"><p>Tworzenie narz\u0119dzia dzieje si\u0119 w witrynie Elfsight i nie musisz uczy\u0107 si\u0119 kodowania. Skorzystaj z naszego aktywnego demo, aby ukszta\u0142towa\u0107 swoj\u0105 aplikacj\u0119, zdob\u0105d\u017a kod i umie\u015b\u0107 go na swojej stronie internetowej. <\/p><\/div>\r\n\t\t\t\t\t<\/div>\r\n\t\t\t\t<\/div><div class=\"faq-item\">\r\n\t\t\t\t\t<div class=\"faq-item-question\">\r\n\t\t\t\t\t\t<h3 class=\"faq-item-question-text\">Najlepsze sposoby wykorzystania integracji obraz\u00f3w i wideo<\/h3>\r\n\r\n\t\t\t\t\t\t<div class=\"faq-item-question-icon\"><\/div>\r\n\t\t\t\t\t<\/div>\r\n\r\n\t\t\t\t\t<div class=\"faq-item-answer\">\r\n\t\t\t\t\t\t<div class=\"faq-item-answer-text\"><p>Zapewniamy wiele mo\u017cliwo\u015bci dostosowywania: pe\u0142nowymiarowe wid\u017cety do osadzania w strefie tre\u015bci, p\u0142ywaj\u0105ce wtyczki z funkcj\u0105 przewijania, uk\u0142ady stopki witryny, sekcji nag\u0142\u00f3wka i wszystkie warianty mo\u017cliwo\u015bci pionowych pask\u00f3w bocznych i menu witryny. <\/p><\/div>\r\n\t\t\t\t\t<\/div>\r\n\t\t\t\t<\/div><div class=\"faq-item\">\r\n\t\t\t\t\t<div class=\"faq-item-question\">\r\n\t\t\t\t\t\t<h3 class=\"faq-item-question-text\">Czy istnieje mo\u017cliwo\u015b\u0107 utworzenia suwaka artyku\u0142\u00f3w lub ofert kawiarni za po\u015brednictwem redaktora? <\/h3>\r\n\r\n\t\t\t\t\t\t<div class=\"faq-item-question-icon\"><\/div>\r\n\t\t\t\t\t<\/div>\r\n\r\n\t\t\t\t\t<div class=\"faq-item-answer\">\r\n\t\t\t\t\t\t<div class=\"faq-item-answer-text\"><p>Mo\u017cesz stworzy\u0107 zmiany w dowolnym wid\u017cecie. W edytorze dost\u0119pnych jest mn\u00f3stwo uk\u0142ad\u00f3w, a ka\u017cdy z nich mo\u017cna szybko dostosowa\u0107 do w\u0142asnych potrzeb. <\/p><\/div>\r\n\t\t\t\t\t<\/div>\r\n\t\t\t\t<\/div><\/div><div class=\"application-platform-content-item-features application-platform-content-item\" id=\"features\" data-nav-section=\"features\"><h2>Funkcje<\/h2><p>Zobacz wszystkie funkcje produktu. S\u0105 one dost\u0119pne bezpo\u015brednio w edytorze i pomog\u0105 Ci skonstruowa\u0107 rozszerzenie dostosowane do Twoich potrzeb.<\/p><ul><li>Wykorzystaj przyciski CTA, aby poprowadzi\u0107 odwiedzaj\u0105cych witryn\u0119 ku konwersji.<\/li><li>Przyzwyczajaj si\u0119 do prze\u0142\u0105czania slajd\u00f3w czas trwania.<\/li><li>Wybieraj spo\u015br\u00f3d wielu funkcji.<\/li><li>Umie\u015b\u0107 tre\u015b\u0107 w dowolnym miejscu strony za pomoc\u0105 zaawansowanej pozycji.<\/li><li>Dostosuj pi\u0119\u0107 funkcji dotycz\u0105cych tre\u015bci.&lt;\/li <\/ul><p><a href=\"#demo\">Wypr\u00f3buj wszystkie inne funkcje w wersji demonstracyjnej<\/a><\/p><\/div><div class=\"application-platform-content-item-installation application-platform-content-item\" id=\"installation\" data-nav-section=\"installation\"><h2>Jak doda\u0107 Przesu\u0144 do witryny Magento?<\/h2><p>Wystarczy wykona\u0107 poni\u017csze wskaz\u00f3wki, aby doda\u0107 rozszerzenie w Magento.<\/p> <ol><li><b>Zarz\u0105dzaj naszym bezp\u0142atnym edytorem i zacznij tworzy\u0107 w\u0142asne rozszerzenie. <\/b><br> Znajd\u017a odpowiedni wygl\u0105d i aspekty wid\u017cetu i zapisz zmiany. <\/li> <li><b>Skopiuj sw\u00f3j indywidualny kod wy\u015bwietlany w specjalnym formularzu w aplikacjach Elfsight. <\/b><br> Zaraz po utworzeniu wid\u017cetu Image Slider skopiuj ekskluzywny kod z wyskakuj\u0105cego okienka i zapisz go do dalszego wykorzystania. <\/li> <li><b>Zacznij korzysta\u0107 z rozszerzenia na stronie Magento. <\/b><br> Wstaw zapisany wcze\u015bniej kod na swoj\u0105 stron\u0119 i zastosuj zmiany. <\/li> <li><b>Konfiguracja zosta\u0142a w pe\u0142ni uko\u0144czona. <\/b><br> Przejd\u017a na swoj\u0105 stron\u0119 i zobacz w akcji dzia\u0142anie widgetu. <\/li><\/ol><p>Nie wahaj si\u0119 skontaktowa\u0107 z obs\u0142ug\u0105 klienta, je\u015bli potrzebujesz porady lub masz problemy. Nasi specjali\u015bci pomog\u0105 w ka\u017cdej sprawie.<\/p><\/div>","protected":false},"excerpt":{"rendered":"","protected":false},"author":9,"featured_media":0,"parent":2470,"menu_order":0,"comment_status":"closed","ping_status":"closed","template":"templates\/template-application-platform.php","meta":{"publish_to_discourse":"","publish_post_category":"","wpdc_auto_publish_overridden":"","wpdc_topic_tags":"","wpdc_pin_topic":"","wpdc_pin_until":"","discourse_post_id":"","discourse_permalink":"","wpdc_publishing_response":"","wpdc_publishing_error":"","footnotes":""},"class_list":["post-6463","page","type-page","status-publish","hentry"],"yoast_head":"<!-- This site is optimized with the Yoast SEO plugin v25.3.1 - https:\/\/yoast.com\/wordpress\/plugins\/seo\/ -->\n<title>Magento Slider \u2014 Dodaj wid\u017cet Image Slider do strony internetowej [2025]<\/title>\n<meta name=\"description\" content=\"Dzi\u0119ki Elfsight ukszta\u0142tuj rozszerzenie Image Slider i szybko dodaj je do swojej witryny Magento. Oferujemy bezp\u0142atn\u0105 obs\u0142ug\u0119 klienta i wi\u0119cej bonus\u00f3w.\" \/>\n<meta name=\"robots\" content=\"index, follow, max-snippet:-1, max-image-preview:large, max-video-preview:-1\" \/>\n<link rel=\"canonical\" href=\"https:\/\/elfsight.com\/pl\/slider-widget\/magento\/\" \/>\n<meta property=\"og:locale\" content=\"pl_PL\" \/>\n<meta property=\"og:type\" content=\"article\" \/>\n<meta property=\"og:title\" content=\"Magento Slider \u2014 Dodaj wid\u017cet Image Slider do strony internetowej [2025]\" \/>\n<meta property=\"og:description\" content=\"Dzi\u0119ki Elfsight ukszta\u0142tuj rozszerzenie Image Slider i szybko dodaj je do swojej witryny Magento. Oferujemy bezp\u0142atn\u0105 obs\u0142ug\u0119 klienta i wi\u0119cej bonus\u00f3w.\" \/>\n<meta property=\"og:url\" content=\"https:\/\/elfsight.com\/pl\/slider-widget\/magento\/\" \/>\n<meta property=\"og:site_name\" content=\"Elfsight PL\" \/>\n<meta property=\"article:modified_time\" content=\"2024-11-14T09:32:49+00:00\" \/>\n<meta name=\"twitter:card\" content=\"summary_large_image\" \/>\n<meta name=\"twitter:label1\" content=\"Szacowany czas czytania\" \/>\n\t<meta name=\"twitter:data1\" content=\"3 minuty\" \/>\n<!-- \/ Yoast SEO plugin. -->","yoast_head_json":{"title":"Magento Slider \u2014 Dodaj wid\u017cet Image Slider do strony internetowej [2025]","description":"Dzi\u0119ki Elfsight ukszta\u0142tuj rozszerzenie Image Slider i szybko dodaj je do swojej witryny Magento. Oferujemy bezp\u0142atn\u0105 obs\u0142ug\u0119 klienta i wi\u0119cej bonus\u00f3w.","robots":{"index":"index","follow":"follow","max-snippet":"max-snippet:-1","max-image-preview":"max-image-preview:large","max-video-preview":"max-video-preview:-1"},"canonical":"https:\/\/elfsight.com\/pl\/slider-widget\/magento\/","og_locale":"pl_PL","og_type":"article","og_title":"Magento Slider \u2014 Dodaj wid\u017cet Image Slider do strony internetowej [2025]","og_description":"Dzi\u0119ki Elfsight ukszta\u0142tuj rozszerzenie Image Slider i szybko dodaj je do swojej witryny Magento. Oferujemy bezp\u0142atn\u0105 obs\u0142ug\u0119 klienta i wi\u0119cej bonus\u00f3w.","og_url":"https:\/\/elfsight.com\/pl\/slider-widget\/magento\/","og_site_name":"Elfsight PL","article_modified_time":"2024-11-14T09:32:49+00:00","twitter_card":"summary_large_image","twitter_misc":{"Szacowany czas czytania":"3 minuty"},"schema":{"@context":"https:\/\/schema.org","@graph":[{"@type":"WebPage","@id":"https:\/\/elfsight.com\/pl\/slider-widget\/magento\/","url":"https:\/\/elfsight.com\/pl\/slider-widget\/magento\/","name":"Magento Slider \u2014 Dodaj wid\u017cet Image Slider do strony internetowej [2025]","isPartOf":{"@id":"https:\/\/elfsight.com\/pl\/#website"},"datePublished":"1970-01-01T00:00:00+00:00","dateModified":"2024-11-14T09:32:49+00:00","description":"Dzi\u0119ki Elfsight ukszta\u0142tuj rozszerzenie Image Slider i szybko dodaj je do swojej witryny Magento. Oferujemy bezp\u0142atn\u0105 obs\u0142ug\u0119 klienta i wi\u0119cej bonus\u00f3w.","breadcrumb":{"@id":"https:\/\/elfsight.com\/pl\/slider-widget\/magento\/#breadcrumb"},"inLanguage":"pl-PL","potentialAction":[{"@type":"ReadAction","target":["https:\/\/elfsight.com\/pl\/slider-widget\/magento\/"]}]},{"@type":"BreadcrumbList","@id":"https:\/\/elfsight.com\/pl\/slider-widget\/magento\/#breadcrumb","itemListElement":[{"@type":"ListItem","position":1,"name":"Home","item":"https:\/\/elfsight.com\/pl\/"},{"@type":"ListItem","position":2,"name":"Slider","item":"https:\/\/elfsight.com\/pl\/slider-widget\/"},{"@type":"ListItem","position":3,"name":"Slider &#8211; Magento"}]},{"@type":"WebSite","@id":"https:\/\/elfsight.com\/pl\/#website","url":"https:\/\/elfsight.com\/pl\/","name":"Elfsight PL","description":"Just another Elfsight Sites site","potentialAction":[{"@type":"SearchAction","target":{"@type":"EntryPoint","urlTemplate":"https:\/\/elfsight.com\/pl\/?s={search_term_string}"},"query-input":{"@type":"PropertyValueSpecification","valueRequired":true,"valueName":"search_term_string"}}],"inLanguage":"pl-PL"}]}},"meta_box":{"industry":"","seo_heading":"","heading":"","description":"","cta_heading":"","cta_description":"","application":"2469","h1":"Rozszerzenie Magento Image Slider","h1_caption":"Dodaj suwak obrazu lub tre\u015bci do swojej witryny, aby bez wysi\u0142ku prezentowa\u0107 elementy wizualne, promocje lub kluczowe tre\u015bci w dynamiczny spos\u00f3b na swojej stronie Magento.","application_category":[],"applications_title":"","applications_request_title":"","applications_request_button_text":"","hero_text":"","hero_video":"","hero_video_schema_markup":"","selling_points_title":"","selling_points_caption":"","selling_points":[],"selling_points_cta_text":"","features_title":"","features":"","ed_cta_examples_text":"","ed_cta_examples_hidden":"","ed_cta_demo_text":"","ed_cta_demo_hidden":"","why_caption":"","why_editor_title":"","why_editor_text":"","why_team_title":"","why_team_text":"","why_service_title":"","why_service_text":"","template_catalog_visible":"","template_catalog_title":"","template_catalog_text":"","template_catalog_categories_visible":"","demo_title":"Utw\u00f3rz rozszerzenie Slider","demo_caption":"Skonfiguruj Slider i dodaj go do swojej witryny Magento za darmo!","default_faq_hidden":"","app_template_category":[],"platform":"92","template_public_id":"","codecanyon_url":"","codecanyon_item_id":"","codecanyon_price":"","pricing_caption":"","pricing_elfsight_apps_hide_column":"","pricing_elfsight_apps_url":"","pricing_codecanyon_price_caption":"","integration_category":[],"integration_request_title":"","integration_request_cta":"","integration_platform":"","integrations":[],"platform_category":[],"video_schema_markup":"","price":"od 0 USD \/ miesi\u0105c","trial":"","benefits":[{"text":"Bezp\u0142atna us\u0142uga monta\u017cu"},{"text":"Profesjonalna obs\u0142uga klienta"},{"text":"14-dniowa gwarancja zwrotu pieni\u0119dzy"}],"button_url":"#demo","button_target_blank":"","button_nofollow":"","attributes":[{"name":"Instaluje"},{"name":"Czu\u0142y"},{"name":"Kompatybilne przegl\u0105darki"}],"tags":[],"tags_disable_links":"","hide_more_platforms":"","video_object":"","demo_hide_cta":"","demo_hide_cloud_options":"","pricing_title":"","pricing":[{"pricing_icon":"platform","pricing_title":"Elfsight Apps","pricing_title_caption":"Rozwi\u0105zanie wieloplatformowe, kt\u00f3re pasuje do ka\u017cdej witryny internetowej","pricing_price":"od 0 USD \/ miesi\u0105c","pricing_price_caption":"zacznij od bezp\u0142atnego planu","pricing_benefits":[{"text":"Nielimitowane strony internetowe"},{"text":"Dedykowane i terminowe wsparcie oraz dobrze udokumentowane"},{"text":"Bezp\u0142atna pomoc w instalacji"},{"text":"100% konfigurowalny"}],"pricing_button_text":"Dodaj do witryny","pricing_button_url":"#demo"}],"related_apps_title":"","related_apps_hidden":"","author":"","image":[],"title":"","job":"","social_networks":[]},"_links":{"self":[{"href":"https:\/\/elfsight.com\/pl\/wp-json\/wp\/v2\/pages\/6463","targetHints":{"allow":["GET"]}}],"collection":[{"href":"https:\/\/elfsight.com\/pl\/wp-json\/wp\/v2\/pages"}],"about":[{"href":"https:\/\/elfsight.com\/pl\/wp-json\/wp\/v2\/types\/page"}],"author":[{"embeddable":true,"href":"https:\/\/elfsight.com\/pl\/wp-json\/wp\/v2\/users\/9"}],"replies":[{"embeddable":true,"href":"https:\/\/elfsight.com\/pl\/wp-json\/wp\/v2\/comments?post=6463"}],"version-history":[{"count":1,"href":"https:\/\/elfsight.com\/pl\/wp-json\/wp\/v2\/pages\/6463\/revisions"}],"predecessor-version":[{"id":6467,"href":"https:\/\/elfsight.com\/pl\/wp-json\/wp\/v2\/pages\/6463\/revisions\/6467"}],"up":[{"embeddable":true,"href":"https:\/\/elfsight.com\/pl\/wp-json\/wp\/v2\/pages\/2470"}],"wp:attachment":[{"href":"https:\/\/elfsight.com\/pl\/wp-json\/wp\/v2\/media?parent=6463"}],"curies":[{"name":"wp","href":"https:\/\/api.w.org\/{rel}","templated":true}]}}