{"id":6462,"date":"1970-01-01T00:00:00","date_gmt":"1970-01-01T00:00:00","guid":{"rendered":"https:\/\/elfsight.com\/pl\/?page_id=6462"},"modified":"2024-11-14T09:32:49","modified_gmt":"2024-11-14T09:32:49","slug":"html","status":"publish","type":"page","link":"https:\/\/elfsight.com\/pl\/slider-widget\/html\/","title":{"rendered":"Slider &#8211; HTML"},"content":{"rendered":"<div class=\"application-platform-content-item-description application-platform-content-item\" id=\"description\" data-nav-section=\"description\"><h2>Opis<\/h2> <p>Zdj\u0119cie Elfsight &amp; Image Slider to proste narz\u0119dzie, kt\u00f3re pomo\u017ce Ci przyci\u0105gn\u0105\u0107 uwag\u0119 u\u017cytkownik\u00f3w poprzez pokazywanie na Twojej stronie r\u00f3\u017cnorodnych zdj\u0119\u0107, film\u00f3w czy najlepszych ofert. Mo\u017cesz wykorzysta\u0107 dowoln\u0105 liczb\u0119 slajd\u00f3w, aby pochwali\u0107 si\u0119 swoimi towarami i zaznaczy\u0107 gor\u0105ce oferty. Dodaj efekty specjalne i skaluj wymiar obrazu\/wideo tak, jak potrzebujesz. Dzi\u0119ki naszemu narz\u0119dziu stworzysz efektowny slider, kt\u00f3ry przyci\u0105gnie uwag\u0119 odwiedzaj\u0105cych witryn\u0119 i nie pozwoli im zbyt wcze\u015bnie opu\u015bci\u0107 Twojej strony.<\/p><p><b>Spraw, aby Twoje oferty wygl\u0105da\u0142y intryguj\u0105co i osi\u0105gnij sukces cele dzi\u0119ki wid\u017cetowi Kontakt!<\/b><\/p><p><b>Wi\u0119ksze zaanga\u017cowanie u\u017cytkownik\u00f3w<\/b><br>Nasza wtyczka Formularz sugeruje atrakcyjne efekty pokazowe, kt\u00f3re sprawi\u0105, \u017ce Twoich tre\u015bci nie b\u0119dzie mo\u017cna przegapi\u0107 odbiorc\u00f3w, zach\u0119caj\u0105c ich do pracy z ni\u0105 i podejmowania docelowych dzia\u0142a\u0144.<\/p><p><b>Przer\u00f3b do\u015bwiadczenie u\u017cytkownika<\/b><br>Umie\u015b\u0107 najbardziej atrakcyjne elementy wizualne w jednym przyci\u0105gaj\u0105cym wzrok miejscu, aby u\u0142atwi\u0107 przegl\u0105danie Twojej witryny stabilny i nieskomplikowany, zdobywaj\u0105c w ten spos\u00f3b nowych odbiorc\u00f3w.<\/p><p><b>Zwi\u0119ksz liczb\u0119 sprzeda\u017cy<\/b><br>Po\u0142\u00f3\u017c nacisk na swoje projekty, najlepsze prace lub wyr\u00f3\u017cnione problemy, stosuj\u0105c wid\u017cet Kontakt, kt\u00f3ry motywuje u\u017cytkownik\u00f3w prosto do zakupu.<\/p><\/div><div class=\"faq\" data-component=\"FAQ\"><div class=\"faq-item\">\r\n\t\t\t\t\t<div class=\"faq-item-question\">\r\n\t\t\t\t\t\t<h3 class=\"faq-item-question-text\">Jak mog\u0119 osadzi\u0107 Slider na stronie HTML? <\/h3>\r\n\r\n\t\t\t\t\t\t<div class=\"faq-item-question-icon\"><\/div>\r\n\t\t\t\t\t<\/div>\r\n\r\n\t\t\t\t\t<div class=\"faq-item-answer\">\r\n\t\t\t\t\t\t<div class=\"faq-item-answer-text\"><p>Budowanie widget dzia\u0142a w witrynie Elfsight i nie ma potrzeby uczenia si\u0119 kodowania. Otw\u00f3rz nasze demo na \u017cywo, aby dostosowa\u0107 swoj\u0105 osobist\u0105 aplikacj\u0119, zdob\u0105d\u017a kod i wstaw go na swoj\u0105 stron\u0119. <\/p><\/div>\r\n\t\t\t\t\t<\/div>\r\n\t\t\t\t<\/div><div class=\"faq-item\">\r\n\t\t\t\t\t<div class=\"faq-item-question\">\r\n\t\t\t\t\t\t<h3 class=\"faq-item-question-text\">Najlepsze sposoby wykorzystania integracji Image Slider<\/h3>\r\n\r\n\t\t\t\t\t\t<div class=\"faq-item-question-icon\"><\/div>\r\n\t\t\t\t\t<\/div>\r\n\r\n\t\t\t\t\t<div class=\"faq-item-answer\">\r\n\t\t\t\t\t\t<div class=\"faq-item-answer-text\"><p>Zapewniamy mn\u00f3stwo mo\u017cliwo\u015bci dostosowywania: pe\u0142nowymiarowe wid\u017cety do osadzania w sekcji tre\u015bci, p\u0142ywaj\u0105ce wtyczki z funkcj\u0105 przewijania, miniatury stopki, sekcji nag\u0142\u00f3wka i wszelkiego rodzaju pionowe mo\u017cliwo\u015bci pask\u00f3w bocznych i menu witryny. <\/p><\/div>\r\n\t\t\t\t\t<\/div>\r\n\t\t\t\t<\/div><div class=\"faq-item\">\r\n\t\t\t\t\t<div class=\"faq-item-question\">\r\n\t\t\t\t\t\t<h3 class=\"faq-item-question-text\">Czy mog\u0119 utworzy\u0107 galeri\u0119 obraz\u00f3w lub suwak wideo przy pomocy Twojego edytora? <\/h3>\r\n\r\n\t\t\t\t\t\t<div class=\"faq-item-question-icon\"><\/div>\r\n\t\t\t\t\t<\/div>\r\n\r\n\t\t\t\t\t<div class=\"faq-item-answer\">\r\n\t\t\t\t\t\t<div class=\"faq-item-answer-text\"><p>Mo\u017cesz tworzy\u0107 dowolne odmiany wid\u017cetu. W edytorze dost\u0119pnych jest mn\u00f3stwo uk\u0142ad\u00f3w, a ka\u017cdy z nich mo\u017cna \u0142atwo spersonalizowa\u0107 wed\u0142ug w\u0142asnych potrzeb. <\/p><\/div>\r\n\t\t\t\t\t<\/div>\r\n\t\t\t\t<\/div><\/div><div class=\"application-platform-content-item-features application-platform-content-item\" id=\"features\" data-nav-section=\"features\"><h2>Funkcje<\/h2><p>Oto lista wszystkich funkcji produktu. Mo\u017cesz ustawi\u0107 je bezpo\u015brednio w edytorze, a pomog\u0105 Ci one ukszta\u0142towa\u0107 kod suwaka obrazu HTML wid\u017cetu specjalnie dla Twojego przypadku.<\/p><ul><li>Wykorzystaj przyciski CTA, aby poprowadzi\u0107 u\u017cytkownik\u00f3w do swojego celu.<\/li><li>Zmie\u0144 czas zmiany slajdu.<\/li><li>Wybieraj spo\u015br\u00f3d wielu funkcji.<\/li><li>Umie\u015b\u0107 tekst w dowolnym miejscu strony za pomoc\u0105 zaawansowanej pozycji.<\/li><li>Dostosuj 5 opcje zawarto\u015bci.<\/li><\/ul><p><a href=\"#demo\">Mo\u017cesz przetestowa\u0107 wszystkie funkcje wid\u017cetu bezpo\u015brednio w wersji demonstracyjnej<\/a><\/p><\/div><div class=\"application-platform-content-item-installation application-platform-content-item\" id=\"installation\" data-nav-section=\"installation\"><h2>Jak doda\u0107 kod Image Slider na stronie HTML?<\/h2><div class=\"video-container\"><iframe width=\"720\" height=\"405\" src=\"https:\/\/www.youtube.com\/embed\/HIjeifiAkLE\" frameborder=\"0\" allowfullscreen=\"\"><\/iframe><\/div><p>Aby aktywowa\u0107 produkt, post\u0119puj zgodnie z poni\u017cszymi wskaz\u00f3wkami.<\/p><ol><li><b>Utw\u00f3rz w\u0142asny Photo Slider<\/b><br> Korzystaj\u0105c z naszego bezp\u0142atnego edytora, skonfiguruj wid\u017cet o preferowanym wygl\u0105dzie i funkcjach.<\/li><li><b>Uzyskaj indywidualny kod, aby osadzi\u0107 wid\u017cet <\/b><br> Po utworzeniu wid\u017cetu otrzymasz kod instalacyjny z wy\u015bwietlonego okna aplikacji Elfsight. Skopiuj go do wykorzystania w przysz\u0142o\u015bci.<\/li> <li><b>Wy\u015bwietl wid\u017cet na swojej stronie HTML<\/b><br> Wybierz obszar, w kt\u00f3rym chcesz umie\u015bci\u0107 Photo Slider i dodaj tam skopiowany kod. Zapisz zmiany.<\/li> <li><b>Gotowe!<\/b><br> Wejd\u017a na stron\u0119 internetow\u0105, aby wy\u015bwietli\u0107 wid\u017cet.<\/li> <\/ol><p>Zapraszamy aby skontaktowa\u0107 si\u0119 z obs\u0142ug\u0105 klienta Elfsight, je\u015bli potrzebujesz porady lub masz pytania. Ch\u0119tnie odpowiemy na ka\u017cde zapytanie.<\/p><\/div>","protected":false},"excerpt":{"rendered":"","protected":false},"author":9,"featured_media":0,"parent":2470,"menu_order":0,"comment_status":"closed","ping_status":"closed","template":"templates\/template-application-platform.php","meta":{"publish_to_discourse":"","publish_post_category":"","wpdc_auto_publish_overridden":"","wpdc_topic_tags":"","wpdc_pin_topic":"","wpdc_pin_until":"","discourse_post_id":"","discourse_permalink":"","wpdc_publishing_response":"","wpdc_publishing_error":"","footnotes":""},"class_list":["post-6462","page","type-page","status-publish","hentry"],"yoast_head":"<!-- This site is optimized with the Yoast SEO plugin v25.3.1 - https:\/\/yoast.com\/wordpress\/plugins\/seo\/ -->\n<title>Suwak HTML \u2014 Dodaj wid\u017cet Suwak zdj\u0119\u0107 do witryny HTML [2025]<\/title>\n<meta name=\"description\" content=\"Zaprojektowanie responsywnego kodu wid\u017cetu Photo and Image Slider i dodanie go do witryny HTML jest ca\u0142kowicie proste. Obs\u0142uga klienta Elfsight jest bezp\u0142atna.\" \/>\n<meta name=\"robots\" content=\"index, follow, max-snippet:-1, max-image-preview:large, max-video-preview:-1\" \/>\n<link rel=\"canonical\" href=\"https:\/\/elfsight.com\/pl\/slider-widget\/html\/\" \/>\n<meta property=\"og:locale\" content=\"pl_PL\" \/>\n<meta property=\"og:type\" content=\"article\" \/>\n<meta property=\"og:title\" content=\"Suwak HTML \u2014 Dodaj wid\u017cet Suwak zdj\u0119\u0107 do witryny HTML [2025]\" \/>\n<meta property=\"og:description\" content=\"Zaprojektowanie responsywnego kodu wid\u017cetu Photo and Image Slider i dodanie go do witryny HTML jest ca\u0142kowicie proste. Obs\u0142uga klienta Elfsight jest bezp\u0142atna.\" \/>\n<meta property=\"og:url\" content=\"https:\/\/elfsight.com\/pl\/slider-widget\/html\/\" \/>\n<meta property=\"og:site_name\" content=\"Elfsight PL\" \/>\n<meta property=\"article:modified_time\" content=\"2024-11-14T09:32:49+00:00\" \/>\n<meta name=\"twitter:card\" content=\"summary_large_image\" \/>\n<meta name=\"twitter:label1\" content=\"Szacowany czas czytania\" \/>\n\t<meta name=\"twitter:data1\" content=\"3 minuty\" \/>\n<!-- \/ Yoast SEO plugin. -->","yoast_head_json":{"title":"Suwak HTML \u2014 Dodaj wid\u017cet Suwak zdj\u0119\u0107 do witryny HTML [2025]","description":"Zaprojektowanie responsywnego kodu wid\u017cetu Photo and Image Slider i dodanie go do witryny HTML jest ca\u0142kowicie proste. Obs\u0142uga klienta Elfsight jest bezp\u0142atna.","robots":{"index":"index","follow":"follow","max-snippet":"max-snippet:-1","max-image-preview":"max-image-preview:large","max-video-preview":"max-video-preview:-1"},"canonical":"https:\/\/elfsight.com\/pl\/slider-widget\/html\/","og_locale":"pl_PL","og_type":"article","og_title":"Suwak HTML \u2014 Dodaj wid\u017cet Suwak zdj\u0119\u0107 do witryny HTML [2025]","og_description":"Zaprojektowanie responsywnego kodu wid\u017cetu Photo and Image Slider i dodanie go do witryny HTML jest ca\u0142kowicie proste. Obs\u0142uga klienta Elfsight jest bezp\u0142atna.","og_url":"https:\/\/elfsight.com\/pl\/slider-widget\/html\/","og_site_name":"Elfsight PL","article_modified_time":"2024-11-14T09:32:49+00:00","twitter_card":"summary_large_image","twitter_misc":{"Szacowany czas czytania":"3 minuty"},"schema":{"@context":"https:\/\/schema.org","@graph":[{"@type":"WebPage","@id":"https:\/\/elfsight.com\/pl\/slider-widget\/html\/","url":"https:\/\/elfsight.com\/pl\/slider-widget\/html\/","name":"Suwak HTML \u2014 Dodaj wid\u017cet Suwak zdj\u0119\u0107 do witryny HTML [2025]","isPartOf":{"@id":"https:\/\/elfsight.com\/pl\/#website"},"datePublished":"1970-01-01T00:00:00+00:00","dateModified":"2024-11-14T09:32:49+00:00","description":"Zaprojektowanie responsywnego kodu wid\u017cetu Photo and Image Slider i dodanie go do witryny HTML jest ca\u0142kowicie proste. Obs\u0142uga klienta Elfsight jest bezp\u0142atna.","breadcrumb":{"@id":"https:\/\/elfsight.com\/pl\/slider-widget\/html\/#breadcrumb"},"inLanguage":"pl-PL","potentialAction":[{"@type":"ReadAction","target":["https:\/\/elfsight.com\/pl\/slider-widget\/html\/"]}]},{"@type":"BreadcrumbList","@id":"https:\/\/elfsight.com\/pl\/slider-widget\/html\/#breadcrumb","itemListElement":[{"@type":"ListItem","position":1,"name":"Home","item":"https:\/\/elfsight.com\/pl\/"},{"@type":"ListItem","position":2,"name":"Slider","item":"https:\/\/elfsight.com\/pl\/slider-widget\/"},{"@type":"ListItem","position":3,"name":"Slider &#8211; HTML"}]},{"@type":"WebSite","@id":"https:\/\/elfsight.com\/pl\/#website","url":"https:\/\/elfsight.com\/pl\/","name":"Elfsight PL","description":"Just another Elfsight Sites site","potentialAction":[{"@type":"SearchAction","target":{"@type":"EntryPoint","urlTemplate":"https:\/\/elfsight.com\/pl\/?s={search_term_string}"},"query-input":{"@type":"PropertyValueSpecification","valueRequired":true,"valueName":"search_term_string"}}],"inLanguage":"pl-PL"}]}},"meta_box":{"industry":"","seo_heading":"","heading":"","description":"","cta_heading":"","cta_description":"","application":"2469","h1":"Kod wid\u017cetu HTML Image Slider","h1_caption":"Dodaj suwak obrazu lub tre\u015bci do swojej witryny, aby bez wysi\u0142ku wy\u015bwietla\u0107 elementy wizualne, promocje lub kluczowe tre\u015bci w dynamiczny spos\u00f3b w swojej witrynie HTML.","application_category":[],"applications_title":"","applications_request_title":"","applications_request_button_text":"","hero_text":"","hero_video":"","hero_video_schema_markup":"","selling_points_title":"","selling_points_caption":"","selling_points":[],"selling_points_cta_text":"","features_title":"","features":"","ed_cta_examples_text":"","ed_cta_examples_hidden":"","ed_cta_demo_text":"","ed_cta_demo_hidden":"","why_caption":"","why_editor_title":"","why_editor_text":"","why_team_title":"","why_team_text":"","why_service_title":"","why_service_text":"","template_catalog_visible":"","template_catalog_title":"","template_catalog_text":"","template_catalog_categories_visible":"","demo_title":"Utw\u00f3rz wid\u017cet Slider","demo_caption":"Skonfiguruj Slider i dodaj go do swojej witryny HTML za darmo!","default_faq_hidden":"","app_template_category":[],"platform":"50","template_public_id":"","codecanyon_url":"","codecanyon_item_id":"","codecanyon_price":"","pricing_caption":"","pricing_elfsight_apps_hide_column":"","pricing_elfsight_apps_url":"","pricing_codecanyon_price_caption":"","integration_category":[],"integration_request_title":"","integration_request_cta":"","integration_platform":"","integrations":[],"platform_category":[],"video_schema_markup":"","price":"od 0 USD \/ miesi\u0105c","trial":"","benefits":[{"text":"Bezp\u0142atna pomoc w monta\u017cu"},{"text":"Wyj\u0105tkowe wsparcie"},{"text":"14-dniowa gwarancja zwrotu pieni\u0119dzy"}],"button_url":"#demo","button_target_blank":"","button_nofollow":"","attributes":[{"name":"Instaluje"},{"name":"Czu\u0142y"},{"name":"Kompatybilne przegl\u0105darki"}],"tags":[],"tags_disable_links":"","hide_more_platforms":"","video_object":"","demo_hide_cta":"","demo_hide_cloud_options":"","pricing_title":"","pricing":[{"pricing_icon":"platform","pricing_title":"Elfsight Apps","pricing_title_caption":"Wersja wieloplatformowa, kt\u00f3ra pasuje do ka\u017cdej witryny internetowej","pricing_price":"od 0 USD \/ miesi\u0105c","pricing_price_caption":"zacznij od bezp\u0142atnego planu","pricing_benefits":[{"text":"Nielimitowane strony internetowe"},{"text":"Profesjonalna obs\u0142uga klienta i dobrze udokumentowana"},{"text":"Bezp\u0142atna pomoc w monta\u017cu"},{"text":"Cena do z\u0142apania dla wielu aplikacji"}],"pricing_button_text":"Dodaj do witryny","pricing_button_url":"#demo"}],"related_apps_title":"","related_apps_hidden":"","author":"","image":[],"title":"","job":"","social_networks":[]},"_links":{"self":[{"href":"https:\/\/elfsight.com\/pl\/wp-json\/wp\/v2\/pages\/6462","targetHints":{"allow":["GET"]}}],"collection":[{"href":"https:\/\/elfsight.com\/pl\/wp-json\/wp\/v2\/pages"}],"about":[{"href":"https:\/\/elfsight.com\/pl\/wp-json\/wp\/v2\/types\/page"}],"author":[{"embeddable":true,"href":"https:\/\/elfsight.com\/pl\/wp-json\/wp\/v2\/users\/9"}],"replies":[{"embeddable":true,"href":"https:\/\/elfsight.com\/pl\/wp-json\/wp\/v2\/comments?post=6462"}],"version-history":[{"count":2,"href":"https:\/\/elfsight.com\/pl\/wp-json\/wp\/v2\/pages\/6462\/revisions"}],"predecessor-version":[{"id":8016,"href":"https:\/\/elfsight.com\/pl\/wp-json\/wp\/v2\/pages\/6462\/revisions\/8016"}],"up":[{"embeddable":true,"href":"https:\/\/elfsight.com\/pl\/wp-json\/wp\/v2\/pages\/2470"}],"wp:attachment":[{"href":"https:\/\/elfsight.com\/pl\/wp-json\/wp\/v2\/media?parent=6462"}],"curies":[{"name":"wp","href":"https:\/\/api.w.org\/{rel}","templated":true}]}}