{"id":6456,"date":"1970-01-01T00:00:00","date_gmt":"1970-01-01T00:00:00","guid":{"rendered":"https:\/\/elfsight.com\/pl\/?page_id=6456"},"modified":"2025-11-13T11:13:35","modified_gmt":"2025-11-13T11:13:35","slug":"shopify","status":"publish","type":"page","link":"https:\/\/elfsight.com\/pl\/slider-widget\/shopify\/","title":{"rendered":"Slider &#8211; Shopify"},"content":{"rendered":"<div class=\"application-platform-content-item-description application-platform-content-item\" id=\"description\" data-nav-section=\"description\"><h2>Osad\u017a suwak w Shopify za pomoc\u0105 wid\u017cetu Elfsight<\/h2> <p>Elfsight Photo &amp; Image Slider to prosta i responsywna aplikacja, kt\u00f3ra pozwala przyci\u0105gn\u0105\u0107 uwag\u0119 odwiedzaj\u0105cych witryn\u0119, wy\u015bwietlaj\u0105c im r\u00f3\u017cne obrazy, filmy lub najlepsze oferty w Twojej witrynie. Wykorzystaj dowoln\u0105 liczb\u0119 slajd\u00f3w potrzebnych do zaprezentowania swojej marki i wyr\u00f3\u017cnienia gor\u0105cych ofert. Dodaj efekty wizualne i zmie\u0144 rozmiar obrazu\/wideo tak, jak lubisz. Dzi\u0119ki naszemu narz\u0119dziu uda Ci si\u0119 stworzy\u0107 pozorny slider, kt\u00f3ry przyci\u0105gnie uwag\u0119 odwiedzaj\u0105cych witryn\u0119 i nie pozwoli im zbyt wcze\u015bnie opu\u015bci\u0107 Twojej strony.<\/p><\/div><div class=\"application-platform-content-item-features application-platform-content-item\" id=\"features\" data-nav-section=\"features\"><h2>G\u0142\u00f3wne cechy wid\u017cetu Slider<\/h2><p>Sprawd\u017a wszystkie funkcje produktu. Mo\u017cesz ustawi\u0107 je bezpo\u015brednio w edytorze, a pomog\u0105 Ci stworzy\u0107 aplikacj\u0119 pasuj\u0105c\u0105 do Twojego przypadku.<\/p><ul><li>Wykorzystaj wezwania do dzia\u0142ania, aby poprowadzi\u0107 odbiorc\u00f3w do celu.<\/li><li>Dostosuj slajd czas prze\u0142\u0105czania.<\/li><li>Wybieraj spo\u015br\u00f3d wielu opcji.<\/li><li>Umie\u015b\u0107 tekst w dowolnym miejscu strony za pomoc\u0105 zaawansowanej pozycji.<\/li><li>Zmodyfikuj pi\u0119\u0107 element\u00f3w tre\u015bci.<\/li><\/ul><p>Sprawd\u017a, jak dzia\u0142aj\u0105 wszystkie funkcje, w naszej wersji demonstracyjnej<\/p><\/div><div class=\"application-platform-content-item-installation application-platform-content-item\" id=\"installation\" data-nav-section=\"installation\"><h2>Jak doda\u0107 aplikacj\u0119 Image Slider do witryny Shopify?<\/h2><div class=\"video-container\">\n<iframe width=\"720\" height=\"405\" src=\"https:\/\/www.youtube.com\/embed\/d3S1Vb6a2h8?si=054rQqNoCQIOFKmP\" frameborder=\"0\" allowfullscreen=\"\"><\/iframe>\n<\/div><p>Aby rozpocz\u0105\u0107 korzystanie z produktu, wykonaj kilka szybkich krok\u00f3w.<\/p><ol><li><b>Skonfiguruj aplikacj\u0119<\/b><br> Otw\u00f3rz Sklep Shopify i wejd\u017a na stron\u0119 aplikacji. Naci\u015bnij przycisk \u00abPobierz\u00bb, aby umie\u015bci\u0107 aplikacj\u0119 na swojej stronie. <\/li> <li><b>Dostosuj aplikacj\u0119<\/b><br> Wstaw dane aplikacji: Tekst suwaka i zmiany projektu. Po dostosowaniu otrzymasz indywidualny kod instalacyjny. Zachowaj kod do dalszego wykorzystania. <\/li> <li><b>Wstaw aplikacj\u0119 na stron\u0119<\/b><br> Wejd\u017a do sekcji \u201eStrony\u201d i znajd\u017a stron\u0119, na kt\u00f3rej chcesz umie\u015bci\u0107 aplikacj\u0119. Nast\u0119pnie osad\u017a kod w formacie HTML i opublikuj zmiany.<\/li> <li><b>Gotowe! <\/b><br> Otw\u00f3rz sklep, aby zobaczy\u0107 swoje wyniki! <\/li><\/ol><p>Nie wahaj si\u0119 zwr\u00f3ci\u0107 do obs\u0142ugi klienta, je\u015bli potrzebujesz pomocy lub masz problemy. Nasi specjali\u015bci ch\u0119tnie pomog\u0105 w ka\u017cdej sprawie.<\/p><div class=\"faq\" data-component=\"FAQ\"><div class=\"faq-item\">\r\n\t\t\t\t\t<div class=\"faq-item-question\">\r\n\t\t\t\t\t\t<h3 class=\"faq-item-question-text\">W jaki spos\u00f3b mo\u017cna doda\u0107 Slider do mojej strony g\u0142\u00f3wnej Shopify bez kodowania?<\/h3>\r\n\r\n\t\t\t\t\t\t<div class=\"faq-item-question-icon\"><\/div>\r\n\t\t\t\t\t<\/div>\r\n\r\n\t\t\t\t\t<div class=\"faq-item-answer\">\r\n\t\t\t\t\t\t<div class=\"faq-item-answer-text\"> <p>Elfsight zapewnia rozwi\u0105zanie SaaS, kt\u00f3re umo\u017cliwia samodzielne utworzenie wtyczki Slider, odkryj proste kroki: Przejd\u017a do wersji demonstracyjnej online, aby zbudowa\u0107 wid\u017cet Slider, kt\u00f3ry chcesz doda\u0107 w Shopify. Kliknij jeden z gotowych szablon\u00f3w i zmodyfikuj ustawienia Slidera, dodaj tre\u015b\u0107, zmie\u0144 uk\u0142ad i kolor element\u00f3w bez do\u015bwiadczenia w kodowaniu. Zapisz ustawienia wprowadzone w Slider i uzyskaj kod instalacyjny wtyczki, kt\u00f3ry mo\u017cesz po prostu bezp\u0142atnie doda\u0107 na stronie internetowej Shopify. Dzi\u0119ki naszemu przyjaznemu dla u\u017cytkownika konfiguratorowi ka\u017cdy u\u017cytkownik Internetu mo\u017ce zbudowa\u0107 wtyczk\u0119 Slider online i \u0142atwo wklei\u0107 j\u0105 na stron\u0119 Shopify. Aby uzyska\u0107 dost\u0119p do naszego Edytora, nie jest wymagana p\u0142atno\u015b\u0107 ani wprowadzanie danych karty. Je\u015bli na kt\u00f3rymkolwiek etapie napotkasz jakiekolwiek problemy, nie wahaj si\u0119 porozmawia\u0107 z naszym zespo\u0142em pomocy technicznej.<\/p> <\/div>\r\n\t\t\t\t\t<\/div>\r\n\t\t\t\t<\/div> <\/div><\/div>","protected":false},"excerpt":{"rendered":"","protected":false},"author":9,"featured_media":0,"parent":2470,"menu_order":0,"comment_status":"closed","ping_status":"closed","template":"templates\/template-application-platform.php","meta":{"publish_to_discourse":"","publish_post_category":"","wpdc_auto_publish_overridden":"","wpdc_topic_tags":"","wpdc_pin_topic":"","wpdc_pin_until":"","discourse_post_id":"","discourse_permalink":"","wpdc_publishing_response":"","wpdc_publishing_error":"","footnotes":""},"class_list":["post-6456","page","type-page","status-publish","hentry"],"yoast_head":"<!-- This site is optimized with the Yoast SEO plugin v25.3.1 - https:\/\/yoast.com\/wordpress\/plugins\/seo\/ -->\n<title>Shopify Slider \u2014 Dodaj aplikacj\u0119 Image Slider do witryny Shopify [ 2025 ]<\/title>\n<meta name=\"description\" content=\"Sprawd\u017a jak bezp\u0142atnie doda\u0107 Slider w Shopify. U\u017cyj najlepszego Shopify Image Slider, aby doda\u0107 wizualizacje produkt\u00f3w do witryny w 2 minuty bez kodowania!\" \/>\n<meta name=\"robots\" content=\"index, follow, max-snippet:-1, max-image-preview:large, max-video-preview:-1\" \/>\n<link rel=\"canonical\" href=\"https:\/\/elfsight.com\/pl\/slider-widget\/shopify\/\" \/>\n<meta property=\"og:locale\" content=\"pl_PL\" \/>\n<meta property=\"og:type\" content=\"article\" \/>\n<meta property=\"og:title\" content=\"Shopify Slider \u2014 Dodaj aplikacj\u0119 Image Slider do witryny Shopify [ 2025 ]\" \/>\n<meta property=\"og:description\" content=\"Sprawd\u017a jak bezp\u0142atnie doda\u0107 Slider w Shopify. U\u017cyj najlepszego Shopify Image Slider, aby doda\u0107 wizualizacje produkt\u00f3w do witryny w 2 minuty bez kodowania!\" \/>\n<meta property=\"og:url\" content=\"https:\/\/elfsight.com\/pl\/slider-widget\/shopify\/\" \/>\n<meta property=\"og:site_name\" content=\"Elfsight PL\" \/>\n<meta property=\"article:modified_time\" content=\"2025-11-13T11:13:35+00:00\" \/>\n<meta name=\"twitter:card\" content=\"summary_large_image\" \/>\n<meta name=\"twitter:label1\" content=\"Szacowany czas czytania\" \/>\n\t<meta name=\"twitter:data1\" content=\"3 minuty\" \/>\n<!-- \/ Yoast SEO plugin. -->","yoast_head_json":{"title":"Shopify Slider \u2014 Dodaj aplikacj\u0119 Image Slider do witryny Shopify [ 2025 ]","description":"Sprawd\u017a jak bezp\u0142atnie doda\u0107 Slider w Shopify. U\u017cyj najlepszego Shopify Image Slider, aby doda\u0107 wizualizacje produkt\u00f3w do witryny w 2 minuty bez kodowania!","robots":{"index":"index","follow":"follow","max-snippet":"max-snippet:-1","max-image-preview":"max-image-preview:large","max-video-preview":"max-video-preview:-1"},"canonical":"https:\/\/elfsight.com\/pl\/slider-widget\/shopify\/","og_locale":"pl_PL","og_type":"article","og_title":"Shopify Slider \u2014 Dodaj aplikacj\u0119 Image Slider do witryny Shopify [ 2025 ]","og_description":"Sprawd\u017a jak bezp\u0142atnie doda\u0107 Slider w Shopify. U\u017cyj najlepszego Shopify Image Slider, aby doda\u0107 wizualizacje produkt\u00f3w do witryny w 2 minuty bez kodowania!","og_url":"https:\/\/elfsight.com\/pl\/slider-widget\/shopify\/","og_site_name":"Elfsight PL","article_modified_time":"2025-11-13T11:13:35+00:00","twitter_card":"summary_large_image","twitter_misc":{"Szacowany czas czytania":"3 minuty"},"schema":{"@context":"https:\/\/schema.org","@graph":[{"@type":"WebPage","@id":"https:\/\/elfsight.com\/pl\/slider-widget\/shopify\/","url":"https:\/\/elfsight.com\/pl\/slider-widget\/shopify\/","name":"Shopify Slider \u2014 Dodaj aplikacj\u0119 Image Slider do witryny Shopify [ 2025 ]","isPartOf":{"@id":"https:\/\/elfsight.com\/pl\/#website"},"datePublished":"1970-01-01T00:00:00+00:00","dateModified":"2025-11-13T11:13:35+00:00","description":"Sprawd\u017a jak bezp\u0142atnie doda\u0107 Slider w Shopify. U\u017cyj najlepszego Shopify Image Slider, aby doda\u0107 wizualizacje produkt\u00f3w do witryny w 2 minuty bez kodowania!","breadcrumb":{"@id":"https:\/\/elfsight.com\/pl\/slider-widget\/shopify\/#breadcrumb"},"inLanguage":"pl-PL","potentialAction":[{"@type":"ReadAction","target":["https:\/\/elfsight.com\/pl\/slider-widget\/shopify\/"]}]},{"@type":"BreadcrumbList","@id":"https:\/\/elfsight.com\/pl\/slider-widget\/shopify\/#breadcrumb","itemListElement":[{"@type":"ListItem","position":1,"name":"Home","item":"https:\/\/elfsight.com\/pl\/"},{"@type":"ListItem","position":2,"name":"Slider","item":"https:\/\/elfsight.com\/pl\/slider-widget\/"},{"@type":"ListItem","position":3,"name":"Slider &#8211; Shopify"}]},{"@type":"WebSite","@id":"https:\/\/elfsight.com\/pl\/#website","url":"https:\/\/elfsight.com\/pl\/","name":"Elfsight PL","description":"Just another Elfsight Sites site","potentialAction":[{"@type":"SearchAction","target":{"@type":"EntryPoint","urlTemplate":"https:\/\/elfsight.com\/pl\/?s={search_term_string}"},"query-input":{"@type":"PropertyValueSpecification","valueRequired":true,"valueName":"search_term_string"}}],"inLanguage":"pl-PL"}]}},"meta_box":{"industry":"","seo_heading":"","heading":"","description":"","cta_heading":"","cta_description":"","application":"2469","h1":"Aplikacja Shopify Image Slider","h1_caption":"Dodaj suwak obrazu lub tre\u015bci do swojej witryny, aby bez wysi\u0142ku prezentowa\u0107 elementy wizualne, promocje lub kluczowe tre\u015bci w swojej witrynie Shopify w dynamiczny spos\u00f3b.","application_category":[],"applications_title":"","applications_request_title":"","applications_request_button_text":"","hero_text":"","hero_video":"","hero_video_schema_markup":"","selling_points_title":"","selling_points_caption":"","selling_points":[],"selling_points_cta_text":"","features_title":"","features":"","ed_cta_examples_text":"","ed_cta_examples_hidden":"","ed_cta_demo_text":"","ed_cta_demo_hidden":"","why_caption":"","why_editor_title":"","why_editor_text":"","why_team_title":"","why_team_text":"","why_service_title":"","why_service_text":"","template_catalog_visible":"0","template_catalog_title":"","template_catalog_text":"","template_catalog_categories_visible":"","demo_title":"Utw\u00f3rz aplikacj\u0119 Slider","demo_caption":"Skonfiguruj Slider i dodaj go do swojej witryny Shopify za darmo!","default_faq_hidden":"","app_template_category":[],"platform":"7580","template_public_id":"","codecanyon_url":"","codecanyon_item_id":"","codecanyon_price":"","pricing_caption":"","pricing_elfsight_apps_hide_column":"","pricing_elfsight_apps_url":"","pricing_codecanyon_price_caption":"","integration_category":[],"integration_request_title":"","integration_request_cta":"","integration_platform":"","integrations":[],"platform_category":[],"video_schema_markup":"","price":"od 0 USD \/ miesi\u0105c","trial":"","benefits":[{"text":"Bezp\u0142atna us\u0142uga monta\u017cu"},{"text":"Wsparcie premium"},{"text":"14-dniowa gwarancja zwrotu pieni\u0119dzy"}],"button_url":"#demo","button_target_blank":"0","button_nofollow":"0","attributes":[{"name":"Instaluje"},{"name":"Czu\u0142y"},{"name":"Kompatybilne przegl\u0105darki"}],"tags":[],"tags_disable_links":"0","hide_more_platforms":"0","video_object":"","demo_hide_cta":"0","demo_hide_cloud_options":"0","pricing_title":"","pricing":[{"pricing_icon":"cloud","pricing_title":"Elfsight Apps","pricing_title_caption":"Wersja wieloplatformowa, kt\u00f3ra dzia\u0142a na ka\u017cdej stronie internetowej","pricing_price":"od 0 USD \/ miesi\u0105c","pricing_price_caption":"zacznij od bezp\u0142atnego planu","pricing_benefits":[{"text":"Nielimitowane strony internetowe"},{"text":"Wsparcie premium"},{"text":"Bezp\u0142atna us\u0142uga monta\u017cu"},{"text":"Oferta specjalna na wiele aplikacji"}],"pricing_button_text":"Dodaj do witryny","pricing_button_url":"#demo"}],"related_apps_title":"","related_apps_hidden":"0","author":"","image":[],"title":"","job":"","social_networks":[]},"_links":{"self":[{"href":"https:\/\/elfsight.com\/pl\/wp-json\/wp\/v2\/pages\/6456","targetHints":{"allow":["GET"]}}],"collection":[{"href":"https:\/\/elfsight.com\/pl\/wp-json\/wp\/v2\/pages"}],"about":[{"href":"https:\/\/elfsight.com\/pl\/wp-json\/wp\/v2\/types\/page"}],"author":[{"embeddable":true,"href":"https:\/\/elfsight.com\/pl\/wp-json\/wp\/v2\/users\/9"}],"replies":[{"embeddable":true,"href":"https:\/\/elfsight.com\/pl\/wp-json\/wp\/v2\/comments?post=6456"}],"version-history":[{"count":3,"href":"https:\/\/elfsight.com\/pl\/wp-json\/wp\/v2\/pages\/6456\/revisions"}],"predecessor-version":[{"id":10793,"href":"https:\/\/elfsight.com\/pl\/wp-json\/wp\/v2\/pages\/6456\/revisions\/10793"}],"up":[{"embeddable":true,"href":"https:\/\/elfsight.com\/pl\/wp-json\/wp\/v2\/pages\/2470"}],"wp:attachment":[{"href":"https:\/\/elfsight.com\/pl\/wp-json\/wp\/v2\/media?parent=6456"}],"curies":[{"name":"wp","href":"https:\/\/api.w.org\/{rel}","templated":true}]}}