{"id":6455,"date":"1970-01-01T00:00:00","date_gmt":"1970-01-01T00:00:00","guid":{"rendered":"https:\/\/elfsight.com\/pl\/?page_id=6455"},"modified":"2026-01-29T09:27:46","modified_gmt":"2026-01-29T09:27:46","slug":"webflow","status":"publish","type":"page","link":"https:\/\/elfsight.com\/pl\/slider-widget\/webflow\/","title":{"rendered":"Slider &#8211; Webflow"},"content":{"rendered":"<div class=\"application-platform-content-item-description application-platform-content-item\" id=\"description\" data-nav-section=\"description\"><h2>Osad\u017a suwak w Webflow za pomoc\u0105 wid\u017cetu Elfsight<\/h2> <p>Elfsight Photo and Image Slider to prosty i responsywny widget umo\u017cliwiaj\u0105cy przyci\u0105gnij uwag\u0119 u\u017cytkownik\u00f3w, wy\u015bwietlaj\u0105c wiele zdj\u0119\u0107, film\u00f3w lub najlepszych ofert na swojej stronie. Wykorzystaj dowoln\u0105 ilo\u015b\u0107 slajd\u00f3w, aby pochwali\u0107 si\u0119 swoj\u0105 mark\u0105 i zaznaczy\u0107 gor\u0105ce oferty. Dodaj efekty specjalne i zmie\u0144 rozmiar obrazu\/wideo tak, jak potrzebujesz. Dzi\u0119ki naszemu narz\u0119dziu stworzysz efektowny slider, kt\u00f3ry przyci\u0105gnie uwag\u0119 u\u017cytkownik\u00f3w i nie pozwoli im zbyt szybko opu\u015bci\u0107 Twojej strony.<\/p><\/div><div class=\"application-platform-content-item-features application-platform-content-item\" id=\"features\" data-nav-section=\"features\"><h2>G\u0142\u00f3wne funkcje wid\u017cetu Slider<\/h2><p>Tutaj mo\u017cesz zobaczy\u0107 wszystkie funkcje produktu. Mo\u017cesz nimi zarz\u0105dza\u0107 bezpo\u015brednio w edytorze, a pomog\u0105 Ci one skonstruowa\u0107 wid\u017cet dok\u0142adnie dla Twojego przypadku u\u017cycia.<\/p><ul><li>U\u017cyj CTA, aby poprowadzi\u0107 u\u017cytkownik\u00f3w do konwersji.<\/li><li>Przyzwyczajaj si\u0119 do prze\u0142\u0105czania slajd\u00f3w czas trwania.<\/li><li>Wybierz jedn\u0105 z wielu opcji.<\/li><li>Umie\u015b\u0107 swoj\u0105 wiadomo\u015b\u0107 w dowolnym miejscu strony za pomoc\u0105 zaawansowanej pozycji.<\/li><li>Dostosuj pi\u0119\u0107 element\u00f3w tre\u015bci.&lt;\/li <\/ul><p>Zobacz, jak dzia\u0142aj\u0105 wszystkie funkcje, w naszej wersji demonstracyjnej<\/p><\/div><div class=\"application-platform-content-item-installation application-platform-content-item\" id=\"installation\" data-nav-section=\"installation\"><h2>Jak doda\u0107 suwak obrazu do witryny Webflow?<\/h2><div class=\"video-container\"><iframe allowfullscreen=\" \" frameborder=\"0\" height=\"405\" src=\"https:\/\/www.youtube.com\/embed\/zaVVH3FokzI?si=egfe4T5L9rAuicCQ\" width=\"720\"><\/iframe><\/div><p>Aby doda\u0107 produkt, wykonaj te kr\u00f3tkie kroki<\/p><ol><li><b>Stw\u00f3rz w\u0142asn\u0105 wtyczk\u0119 Photo Slider<\/b><br> Za pomoc\u0105 naszego bezp\u0142atnego edytora uzyskaj wtyczk\u0119 o wybranym wygl\u0105dzie i funkcjach.<\/li><li><b>Zdob\u0105d\u017a indywidualny kod do instalacji wtyczki<\/b><br> Po utworzeniu widgetu mo\u017cesz otrzyma Tw\u00f3j kod instalacyjny z pojawiaj\u0105cego si\u0119 powiadomienia w Elfsight Apps. Skopiuj ten kod do p\u00f3\u017aniejszego wykorzystania.<\/li> <li><b> Wtyczka na Twojej stronie Muse<\/b><br> Znajd\u017a miejsce, w kt\u00f3rym chcesz umie\u015bci\u0107 wtyczk\u0119 i dodaj tam zapisany kod. Opublikuj wyniki.<\/li> <li><b>Gratulacje! W\u0142a\u015bnie opublikowa\u0142e\u015b widget!<\/b><br> Wejd\u017a do sklepu i zobacz swoj\u0105 prac\u0119. <\/li> <\/ol><p>Nie zastanawiaj si\u0119 dwa razy i skontaktuj si\u0119 z naszym dzia\u0142em pomocy, je\u015bli potrzebujesz pomocy lub masz problemy. Ch\u0119tnie pomo\u017cemy w przypadku ka\u017cdego zapytania.<\/p><div class=\"faq\" data-component=\"FAQ\"><div class=\"faq-item\">\r\n\t\t\t\t\t<div class=\"faq-item-question\">\r\n\t\t\t\t\t\t<h3 class=\"faq-item-question-text\">Czy istnieje mo\u017cliwo\u015b\u0107 osadzenia Slidera w mojej witrynie Webflow bez do\u015bwiadczenia w kodowaniu?<\/h3>\r\n\r\n\t\t\t\t\t\t<div class=\"faq-item-question-icon\"><\/div>\r\n\t\t\t\t\t<\/div>\r\n\r\n\t\t\t\t\t<div class=\"faq-item-answer\">\r\n\t\t\t\t\t\t<div class=\"faq-item-answer-text\"> <p>Firma Elfsight zapewnia rozwi\u0105zanie SaaS, kt\u00f3re umo\u017cliwia u\u017cytkownikom samodzielne utworzenie sekcji Slider, odkryj proste instrukcje: Rozpocznij prac\u0119 bezpo\u015brednio w wersji demonstracyjnej na \u017cywo, aby zbudowa\u0107 aplikacj\u0119 Slider, kt\u00f3r\u0105 chcesz zobaczy\u0107 na swojej stronie internetowej Webflow. Wybierz jeden z naszych gotowych szablon\u00f3w i zmodyfikuj ustawienia Slidera, zaktualizuj tre\u015b\u0107, zmie\u0144 uk\u0142ad i kolory bez kodowania. Zapisz Slider i uzyskaj kod instalacyjny wtyczki, kt\u00f3ry mo\u017cesz umie\u015bci\u0107 na stronie g\u0142\u00f3wnej Webflow bez konieczno\u015bci zakupu p\u0142atnego planu. Korzystaj\u0105c z przyjaznego dla u\u017cytkownika Edytora, ka\u017cdy u\u017cytkownik Internetu mo\u017ce stworzy\u0107 aplikacj\u0119 Slider online i \u0142atwo osadzi\u0107 j\u0105 na swojej stronie internetowej Webflow. Aby uzyska\u0107 dost\u0119p do naszych us\u0142ug, nie jest konieczne p\u0142acenie ani przesy\u0142anie danych uwierzytelniaj\u0105cych kart\u0119. Je\u015bli napotkasz jakiekolwiek przeszkody, nie wahaj si\u0119 skontaktowa\u0107 z naszym personelem pomocy technicznej.<\/p> <\/div>\r\n\t\t\t\t\t<\/div>\r\n\t\t\t\t<\/div> <\/div><\/div>","protected":false},"excerpt":{"rendered":"","protected":false},"author":9,"featured_media":0,"parent":2470,"menu_order":0,"comment_status":"closed","ping_status":"closed","template":"templates\/template-application-platform.php","meta":{"publish_to_discourse":"","publish_post_category":"","wpdc_auto_publish_overridden":"","wpdc_topic_tags":"","wpdc_pin_topic":"","wpdc_pin_until":"","discourse_post_id":"","discourse_permalink":"","wpdc_publishing_response":"","wpdc_publishing_error":"","footnotes":""},"class_list":["post-6455","page","type-page","status-publish","hentry"],"yoast_head":"<!-- This site is optimized with the Yoast SEO plugin v25.3.1 - https:\/\/yoast.com\/wordpress\/plugins\/seo\/ -->\n<title>Webflow Slider \u2014 Dodaj wid\u017cet Image Slider do witryny Webflow [ 2025 ]<\/title>\n<meta name=\"description\" content=\"Utworzenie responsywnego wid\u017cetu Photo Slider i opublikowanie go w witrynie Webflow jest ca\u0142kowicie proste. Obs\u0142uga klienta Elfsight jest bezp\u0142atna.\" \/>\n<meta name=\"robots\" content=\"index, follow, max-snippet:-1, max-image-preview:large, max-video-preview:-1\" \/>\n<link rel=\"canonical\" href=\"https:\/\/elfsight.com\/pl\/slider-widget\/webflow\/\" \/>\n<meta property=\"og:locale\" content=\"pl_PL\" \/>\n<meta property=\"og:type\" content=\"article\" \/>\n<meta property=\"og:title\" content=\"Webflow Slider \u2014 Dodaj wid\u017cet Image Slider do witryny Webflow [ 2025 ]\" \/>\n<meta property=\"og:description\" content=\"Utworzenie responsywnego wid\u017cetu Photo Slider i opublikowanie go w witrynie Webflow jest ca\u0142kowicie proste. Obs\u0142uga klienta Elfsight jest bezp\u0142atna.\" \/>\n<meta property=\"og:url\" content=\"https:\/\/elfsight.com\/pl\/slider-widget\/webflow\/\" \/>\n<meta property=\"og:site_name\" content=\"Elfsight PL\" \/>\n<meta property=\"article:modified_time\" content=\"2026-01-29T09:27:46+00:00\" \/>\n<meta name=\"twitter:card\" content=\"summary_large_image\" \/>\n<meta name=\"twitter:label1\" content=\"Szacowany czas czytania\" \/>\n\t<meta name=\"twitter:data1\" content=\"3 minuty\" \/>\n<!-- \/ Yoast SEO plugin. -->","yoast_head_json":{"title":"Webflow Slider \u2014 Dodaj wid\u017cet Image Slider do witryny Webflow [ 2025 ]","description":"Utworzenie responsywnego wid\u017cetu Photo Slider i opublikowanie go w witrynie Webflow jest ca\u0142kowicie proste. Obs\u0142uga klienta Elfsight jest bezp\u0142atna.","robots":{"index":"index","follow":"follow","max-snippet":"max-snippet:-1","max-image-preview":"max-image-preview:large","max-video-preview":"max-video-preview:-1"},"canonical":"https:\/\/elfsight.com\/pl\/slider-widget\/webflow\/","og_locale":"pl_PL","og_type":"article","og_title":"Webflow Slider \u2014 Dodaj wid\u017cet Image Slider do witryny Webflow [ 2025 ]","og_description":"Utworzenie responsywnego wid\u017cetu Photo Slider i opublikowanie go w witrynie Webflow jest ca\u0142kowicie proste. Obs\u0142uga klienta Elfsight jest bezp\u0142atna.","og_url":"https:\/\/elfsight.com\/pl\/slider-widget\/webflow\/","og_site_name":"Elfsight PL","article_modified_time":"2026-01-29T09:27:46+00:00","twitter_card":"summary_large_image","twitter_misc":{"Szacowany czas czytania":"3 minuty"},"schema":{"@context":"https:\/\/schema.org","@graph":[{"@type":"WebPage","@id":"https:\/\/elfsight.com\/pl\/slider-widget\/webflow\/","url":"https:\/\/elfsight.com\/pl\/slider-widget\/webflow\/","name":"Webflow Slider \u2014 Dodaj wid\u017cet Image Slider do witryny Webflow [ 2025 ]","isPartOf":{"@id":"https:\/\/elfsight.com\/pl\/#website"},"datePublished":"1970-01-01T00:00:00+00:00","dateModified":"2026-01-29T09:27:46+00:00","description":"Utworzenie responsywnego wid\u017cetu Photo Slider i opublikowanie go w witrynie Webflow jest ca\u0142kowicie proste. Obs\u0142uga klienta Elfsight jest bezp\u0142atna.","breadcrumb":{"@id":"https:\/\/elfsight.com\/pl\/slider-widget\/webflow\/#breadcrumb"},"inLanguage":"pl-PL","potentialAction":[{"@type":"ReadAction","target":["https:\/\/elfsight.com\/pl\/slider-widget\/webflow\/"]}]},{"@type":"BreadcrumbList","@id":"https:\/\/elfsight.com\/pl\/slider-widget\/webflow\/#breadcrumb","itemListElement":[{"@type":"ListItem","position":1,"name":"Home","item":"https:\/\/elfsight.com\/pl\/"},{"@type":"ListItem","position":2,"name":"Slider","item":"https:\/\/elfsight.com\/pl\/slider-widget\/"},{"@type":"ListItem","position":3,"name":"Slider &#8211; Webflow"}]},{"@type":"WebSite","@id":"https:\/\/elfsight.com\/pl\/#website","url":"https:\/\/elfsight.com\/pl\/","name":"Elfsight PL","description":"Just another Elfsight Sites site","potentialAction":[{"@type":"SearchAction","target":{"@type":"EntryPoint","urlTemplate":"https:\/\/elfsight.com\/pl\/?s={search_term_string}"},"query-input":{"@type":"PropertyValueSpecification","valueRequired":true,"valueName":"search_term_string"}}],"inLanguage":"pl-PL"}]}},"meta_box":{"industry":"","seo_heading":"","heading":"","description":"","cta_heading":"","cta_description":"","application":"2469","h1":"Wid\u017cet suwaka obrazu Webflow","h1_caption":"Dodaj suwak obrazu lub tre\u015bci do swojej witryny, aby bez wysi\u0142ku prezentowa\u0107 elementy wizualne, promocje lub kluczowe tre\u015bci w swojej witrynie Webflow w spos\u00f3b dynamiczny.","application_category":[],"applications_title":"","applications_request_title":"","applications_request_button_text":"","hero_text":"","hero_video":"","hero_video_schema_markup":"","selling_points_title":"","selling_points_caption":"","selling_points":[],"selling_points_cta_text":"","features_title":"","features":"","ed_cta_examples_text":"","ed_cta_examples_hidden":"","ed_cta_demo_text":"","ed_cta_demo_hidden":"","why_caption":"","why_editor_title":"","why_editor_text":"","why_team_title":"","why_team_text":"","why_service_title":"","why_service_text":"","template_catalog_visible":"0","template_catalog_title":"","template_catalog_text":"","template_catalog_categories_visible":"","demo_title":"Utw\u00f3rz wid\u017cet Slider","demo_caption":"Skonfiguruj Slidera i dodaj go do swojej witryny Webflow za darmo!","default_faq_hidden":"","app_template_category":[],"platform":"127","template_public_id":"","codecanyon_url":"","codecanyon_item_id":"","codecanyon_price":"","pricing_caption":"","pricing_elfsight_apps_hide_column":"","pricing_elfsight_apps_url":"","pricing_codecanyon_price_caption":"","integration_category":[],"integration_request_title":"","integration_request_cta":"","integration_platform":"","integrations":[],"platform_category":[],"video_schema_markup":"","price":"od 0 USD \/ miesi\u0105c","trial":"","benefits":[{"text":"Bezp\u0142atna pomoc w instalacji"},{"text":"Wsparcie premium"},{"text":"14-dniowa gwarancja zwrotu pieni\u0119dzy"}],"button_url":"#demo","button_target_blank":"0","button_nofollow":"0","attributes":[{"name":"Instaluje"},{"name":"Czu\u0142y"},{"name":"Kompatybilne przegl\u0105darki"}],"tags":[],"tags_disable_links":"0","hide_more_platforms":"0","video_object":"","demo_hide_cta":"0","demo_hide_cloud_options":"0","pricing_title":"","pricing":[{"pricing_icon":"platform","pricing_title":"Elfsight Apps","pricing_title_caption":"Niezale\u017cne od platformy rozwi\u0105zanie cyfrowe, kt\u00f3re dzia\u0142a na ka\u017cdej stronie internetowej","pricing_price":"od 0 USD \/ miesi\u0105c","pricing_price_caption":"zacznij od bezp\u0142atnego planu","pricing_benefits":[{"text":"Nielimitowane domeny"},{"text":"Najwy\u017csza obs\u0142uga klienta"},{"text":"Bezp\u0142atna us\u0142uga monta\u017cu"},{"text":"Oferta specjalna na wiele aplikacji"}],"pricing_button_text":"Dodaj do witryny","pricing_button_url":"#demo"}],"related_apps_title":"","related_apps_hidden":"0","author":"","image":[],"title":"","job":"","social_networks":[]},"_links":{"self":[{"href":"https:\/\/elfsight.com\/pl\/wp-json\/wp\/v2\/pages\/6455","targetHints":{"allow":["GET"]}}],"collection":[{"href":"https:\/\/elfsight.com\/pl\/wp-json\/wp\/v2\/pages"}],"about":[{"href":"https:\/\/elfsight.com\/pl\/wp-json\/wp\/v2\/types\/page"}],"author":[{"embeddable":true,"href":"https:\/\/elfsight.com\/pl\/wp-json\/wp\/v2\/users\/9"}],"replies":[{"embeddable":true,"href":"https:\/\/elfsight.com\/pl\/wp-json\/wp\/v2\/comments?post=6455"}],"version-history":[{"count":3,"href":"https:\/\/elfsight.com\/pl\/wp-json\/wp\/v2\/pages\/6455\/revisions"}],"predecessor-version":[{"id":10856,"href":"https:\/\/elfsight.com\/pl\/wp-json\/wp\/v2\/pages\/6455\/revisions\/10856"}],"up":[{"embeddable":true,"href":"https:\/\/elfsight.com\/pl\/wp-json\/wp\/v2\/pages\/2470"}],"wp:attachment":[{"href":"https:\/\/elfsight.com\/pl\/wp-json\/wp\/v2\/media?parent=6455"}],"curies":[{"name":"wp","href":"https:\/\/api.w.org\/{rel}","templated":true}]}}