{"id":6447,"date":"2024-05-03T06:47:30","date_gmt":"2024-05-03T06:47:30","guid":{"rendered":"https:\/\/elfsight.com\/pl\/?page_id=6447"},"modified":"2025-11-19T16:34:34","modified_gmt":"2025-11-19T16:34:34","slug":"wix","status":"publish","type":"page","link":"https:\/\/elfsight.com\/pl\/slider-widget\/wix\/","title":{"rendered":"Slider &#8211; Wix"},"content":{"rendered":"<div class=\"application-platform-content-item-description application-platform-content-item\" id=\"description\" data-nav-section=\"description\"><h2>Opis<\/h2> <p>Zdj\u0119cie Elfsight &amp; Image Slider to prosty i responsywny widget, kt\u00f3ry pozwala przyci\u0105gn\u0105\u0107 uwag\u0119 odwiedzaj\u0105cych witryn\u0119 poprzez wy\u015bwietlanie r\u00f3\u017cnych obraz\u00f3w, film\u00f3w lub najlepszych ofert na Twojej witrynie. Wykorzystaj dowoln\u0105 liczb\u0119 slajd\u00f3w potrzebnych do zaprezentowania swoich towar\u00f3w i wyr\u00f3\u017cnienia gor\u0105cych ofert. Dodaj efekty specjalne i skaluj rozmiar obrazu\/wideo tak, jak lubisz. Dzi\u0119ki naszemu narz\u0119dziu stworzysz efektowny slider, kt\u00f3ry przyci\u0105gnie uwag\u0119 u\u017cytkownik\u00f3w i nie pozwoli im zbyt wcze\u015bnie opu\u015bci\u0107 Twojej strony.<\/p><\/div><div class=\"application-platform-content-item-features application-platform-content-item\" id=\"features\" data-nav-section=\"features\"><h2> Funkcje<\/h2><p>Zobacz wszystkie funkcje produktu. Mo\u017cesz ustawi\u0107 je bezpo\u015brednio w edytorze, a pomog\u0105 Ci one skonfigurowa\u0107 wid\u017cet tak, aby pasowa\u0142 do Twojego przypadku u\u017cycia.<\/p><ol><li>Wykorzystaj przyciski CTA, aby poprowadzi\u0107 odwiedzaj\u0105cych witryn\u0119 do celu.<\/li><li> Zmie\u0144 czas trwania zmiany slajdu.<\/li><li>Wybierz pomi\u0119dzy wieloma wariantami.<\/li><li>Umie\u015b\u0107 tre\u015b\u0107 w dowolnym miejscu strony za pomoc\u0105 zaawansowanej pozycji.<\/li><li>Zmodyfikuj pi\u0119\u0107 funkcji dotycz\u0105cych tre\u015bci. <\/li><\/ol><p>Mo\u017cesz wypr\u00f3bowa\u0107 wszystkie funkcje widgetu bezpo\u015brednio w wersji demonstracyjnej<\/p><\/div><div class=\"application-platform-content-item-installation application-platform-content-item\" id=\"installation\" data-nav-section=\"installation\"><h2>Jak doda\u0107 Image Slider do witryny Wix ?<\/h2><div class=\"video-container\"><iframe width=\"720\" height=\"405\" src=\"https:\/\/www.youtube.com\/embed\/hDNyLRiq0nM?si=nzvkB6Z7dxQYlHqY\" frameborder=\"0\" allowfullscreen=\"\"><\/iframe><\/div><p>Aby zintegrowa\u0107 produkt, wykonaj kilka szybkich krok\u00f3w<\/p><ol><li><b>Zaprojektuj swoj\u0105 osobist\u0105 wtyczk\u0119 Photo Slider<\/b><br> W naszym darmowym edytorze utw\u00f3rz wtyczk\u0119 o wybranym wygl\u0105dzie i funkcjach. <\/li><li><b>Skopiuj kod osobisty, aby osadzi\u0107 wtyczk\u0119<\/b><br> Po skonfigurowaniu wid\u017cetu otrzymasz indywidualny kod z wy\u015bwietlonego okna aplikacji Elfsight. Skopiuj go do wykorzystania w przysz\u0142o\u015bci. <\/li> <li><b>Wy\u015bwietl wtyczk\u0119 na swojej stronie Wix<\/b><br> Wybierz miejsce, w kt\u00f3rym chcesz ods\u0142oni\u0107 wtyczk\u0119 i wstaw tam skopiowany kod. Opublikuj wyniki. <\/li> <li><b>Gratulacje! W\u0142a\u015bnie zintegrowa\u0142e\u015b widget! <\/b><br> Przejd\u017a do strony internetowej, aby zobaczy\u0107 sw\u00f3j Slider. <\/li> <\/ol><p>Nie wahaj si\u0119 skontaktowa\u0107 z dzia\u0142em pomocy, je\u015bli potrzebujesz porady lub masz o co\u015b zapyta\u0107. Nasi specjali\u015bci ch\u0119tnie pomog\u0105 w ka\u017cdej sprawie.<\/p><div class=\"faq\" data-component=\"FAQ\"><div class=\"faq-item\">\r\n\t\t\t\t\t<div class=\"faq-item-question\">\r\n\t\t\t\t\t\t<h3 class=\"faq-item-question-text\">Czy istnieje spos\u00f3b na osadzenie Slidera w mojej witrynie Wix bez kodowania?<\/h3>\r\n\r\n\t\t\t\t\t\t<div class=\"faq-item-question-icon\"><\/div>\r\n\t\t\t\t\t<\/div>\r\n\r\n\t\t\t\t\t<div class=\"faq-item-answer\">\r\n\t\t\t\t\t\t<div class=\"faq-item-answer-text\"> <p>Firma Elfsight zapewnia rozwi\u0105zanie w chmurze, kt\u00f3re pozwala u\u017cytkownicy samodzielnie buduj\u0105 aplikacj\u0119 Slider, poznaj prosty przewodnik: Rozpocznij prac\u0119 bezpo\u015brednio w edytorze na \u017cywo, aby utworzy\u0107 wtyczk\u0119 Slider, kt\u00f3ra ma si\u0119 pojawia\u0107 na stronie internetowej Wix. Zdecyduj si\u0119 na jeden z gotowych szablon\u00f3w i zmie\u0144 ustawienia Slidera, zmie\u0144 uk\u0142ad i kolorystyk\u0119 oraz dodaj swoj\u0105 tre\u015b\u0107, bez znajomo\u015bci kodowania. Kliknij, aby zapisa\u0107 Slider i uzyska\u0107 kod instalacyjny, kt\u00f3ry mo\u017cesz \u0142atwo umie\u015bci\u0107 na stronie g\u0142\u00f3wnej Wix bez konieczno\u015bci zakupu wersji p\u0142atnej. Dzi\u0119ki naszemu prostemu edytorowi ka\u017cdy u\u017cytkownik sieci mo\u017ce utworzy\u0107 wid\u017cet Slider i \u0142atwo umie\u015bci\u0107 go na stronie internetowej Wix. Aby skorzysta\u0107 z us\u0142ugi, nie trzeba p\u0142aci\u0107 ani podawa\u0107 danych karty. Je\u015bli napotkasz jakiekolwiek problemy, nie wahaj si\u0119 porozmawia\u0107 z naszym zespo\u0142em pomocy technicznej.<\/p> <\/div>\r\n\t\t\t\t\t<\/div>\r\n\t\t\t\t<\/div> <\/div><\/div>","protected":false},"excerpt":{"rendered":"","protected":false},"author":9,"featured_media":0,"parent":2470,"menu_order":0,"comment_status":"closed","ping_status":"closed","template":"templates\/template-application-platform.php","meta":{"publish_to_discourse":"","publish_post_category":"","wpdc_auto_publish_overridden":"","wpdc_topic_tags":"","wpdc_pin_topic":"","wpdc_pin_until":"","discourse_post_id":"","discourse_permalink":"","wpdc_publishing_response":"","wpdc_publishing_error":"","footnotes":""},"class_list":["post-6447","page","type-page","status-publish","hentry"],"yoast_head":"<!-- This site is optimized with the Yoast SEO plugin v25.3.1 - https:\/\/yoast.com\/wordpress\/plugins\/seo\/ -->\n<title>Wix Slider \u2014 Dodaj wid\u017cet Image Slider do witryny Wix [ 2026 ]<\/title>\n<meta name=\"description\" content=\"Dowiedz si\u0119, jak bezp\u0142atnie doda\u0107 Image Slider do Wix. U\u017cyj najlepszej aplikacji Photo Carousel, aby wy\u015bwietla\u0107 obrazy i filmy na swojej stronie Wix bez kodowania.\" \/>\n<meta name=\"robots\" content=\"index, follow, max-snippet:-1, max-image-preview:large, max-video-preview:-1\" \/>\n<link rel=\"canonical\" href=\"https:\/\/elfsight.com\/pl\/slider-widget\/wix\/\" \/>\n<meta property=\"og:locale\" content=\"pl_PL\" \/>\n<meta property=\"og:type\" content=\"article\" \/>\n<meta property=\"og:title\" content=\"Wix Slider \u2014 Dodaj wid\u017cet Image Slider do witryny Wix [ 2026 ]\" \/>\n<meta property=\"og:description\" content=\"Dowiedz si\u0119, jak bezp\u0142atnie doda\u0107 Image Slider do Wix. U\u017cyj najlepszej aplikacji Photo Carousel, aby wy\u015bwietla\u0107 obrazy i filmy na swojej stronie Wix bez kodowania.\" \/>\n<meta property=\"og:url\" content=\"https:\/\/elfsight.com\/pl\/slider-widget\/wix\/\" \/>\n<meta property=\"og:site_name\" content=\"Elfsight PL\" \/>\n<meta property=\"article:modified_time\" content=\"2025-11-19T16:34:34+00:00\" \/>\n<meta name=\"twitter:card\" content=\"summary_large_image\" \/>\n<meta name=\"twitter:label1\" content=\"Szacowany czas czytania\" \/>\n\t<meta name=\"twitter:data1\" content=\"3 minuty\" \/>\n<!-- \/ Yoast SEO plugin. -->","yoast_head_json":{"title":"Wix Slider \u2014 Dodaj wid\u017cet Image Slider do witryny Wix [ 2026 ]","description":"Dowiedz si\u0119, jak bezp\u0142atnie doda\u0107 Image Slider do Wix. U\u017cyj najlepszej aplikacji Photo Carousel, aby wy\u015bwietla\u0107 obrazy i filmy na swojej stronie Wix bez kodowania.","robots":{"index":"index","follow":"follow","max-snippet":"max-snippet:-1","max-image-preview":"max-image-preview:large","max-video-preview":"max-video-preview:-1"},"canonical":"https:\/\/elfsight.com\/pl\/slider-widget\/wix\/","og_locale":"pl_PL","og_type":"article","og_title":"Wix Slider \u2014 Dodaj wid\u017cet Image Slider do witryny Wix [ 2026 ]","og_description":"Dowiedz si\u0119, jak bezp\u0142atnie doda\u0107 Image Slider do Wix. U\u017cyj najlepszej aplikacji Photo Carousel, aby wy\u015bwietla\u0107 obrazy i filmy na swojej stronie Wix bez kodowania.","og_url":"https:\/\/elfsight.com\/pl\/slider-widget\/wix\/","og_site_name":"Elfsight PL","article_modified_time":"2025-11-19T16:34:34+00:00","twitter_card":"summary_large_image","twitter_misc":{"Szacowany czas czytania":"3 minuty"},"schema":{"@context":"https:\/\/schema.org","@graph":[{"@type":"WebPage","@id":"https:\/\/elfsight.com\/pl\/slider-widget\/wix\/","url":"https:\/\/elfsight.com\/pl\/slider-widget\/wix\/","name":"Wix Slider \u2014 Dodaj wid\u017cet Image Slider do witryny Wix [ 2026 ]","isPartOf":{"@id":"https:\/\/elfsight.com\/pl\/#website"},"datePublished":"2024-05-03T06:47:30+00:00","dateModified":"2025-11-19T16:34:34+00:00","description":"Dowiedz si\u0119, jak bezp\u0142atnie doda\u0107 Image Slider do Wix. U\u017cyj najlepszej aplikacji Photo Carousel, aby wy\u015bwietla\u0107 obrazy i filmy na swojej stronie Wix bez kodowania.","breadcrumb":{"@id":"https:\/\/elfsight.com\/pl\/slider-widget\/wix\/#breadcrumb"},"inLanguage":"pl-PL","potentialAction":[{"@type":"ReadAction","target":["https:\/\/elfsight.com\/pl\/slider-widget\/wix\/"]}]},{"@type":"BreadcrumbList","@id":"https:\/\/elfsight.com\/pl\/slider-widget\/wix\/#breadcrumb","itemListElement":[{"@type":"ListItem","position":1,"name":"Home","item":"https:\/\/elfsight.com\/pl\/"},{"@type":"ListItem","position":2,"name":"Slider","item":"https:\/\/elfsight.com\/pl\/slider-widget\/"},{"@type":"ListItem","position":3,"name":"Slider &#8211; Wix"}]},{"@type":"WebSite","@id":"https:\/\/elfsight.com\/pl\/#website","url":"https:\/\/elfsight.com\/pl\/","name":"Elfsight PL","description":"Just another Elfsight Sites site","potentialAction":[{"@type":"SearchAction","target":{"@type":"EntryPoint","urlTemplate":"https:\/\/elfsight.com\/pl\/?s={search_term_string}"},"query-input":{"@type":"PropertyValueSpecification","valueRequired":true,"valueName":"search_term_string"}}],"inLanguage":"pl-PL"}]}},"meta_box":{"industry":"","seo_heading":"","heading":"","description":"","cta_heading":"","cta_description":"","application":"2469","h1":"Aplikacja Wix Image Slider","h1_caption":"Dodaj suwak obrazu lub tre\u015bci do swojej witryny, aby bez wysi\u0142ku zaprezentowa\u0107 elementy wizualne, promocje lub kluczowe tre\u015bci w dynamiczny spos\u00f3b na swojej stronie Wix.","application_category":[],"applications_title":"","applications_request_title":"","applications_request_button_text":"","hero_text":"","hero_video":"","hero_video_schema_markup":"","selling_points_title":"","selling_points_caption":"","selling_points":[],"selling_points_cta_text":"","features_title":"","features":"","ed_cta_examples_text":"","ed_cta_examples_hidden":"","ed_cta_demo_text":"","ed_cta_demo_hidden":"","why_caption":"","why_editor_title":"","why_editor_text":"","why_team_title":"","why_team_text":"","why_service_title":"","why_service_text":"","template_catalog_visible":"0","template_catalog_title":"","template_catalog_text":"","template_catalog_categories_visible":"","demo_title":"Utw\u00f3rz aplikacj\u0119 Slider","demo_caption":"Skonfiguruj Slider i dodaj go do swojej witryny Wix za darmo!","default_faq_hidden":"","app_template_category":[],"platform":"30","template_public_id":"","codecanyon_url":"","codecanyon_item_id":"","codecanyon_price":"","pricing_caption":"","pricing_elfsight_apps_hide_column":"","pricing_elfsight_apps_url":"","pricing_codecanyon_price_caption":"","integration_category":[],"integration_request_title":"","integration_request_cta":"","integration_platform":"","integrations":[],"platform_category":[],"video_schema_markup":"","price":"od 0 USD \/ miesi\u0105c","trial":"","benefits":[{"text":"Bezp\u0142atna us\u0142uga monta\u017cu"},{"text":"Do\u015bwiadczona obs\u0142uga klienta"},{"text":"14-dniowa gwarancja zwrotu pieni\u0119dzy"},{"text":"Regularne bezp\u0142atne aktualizacje"}],"button_url":"#demo","button_target_blank":"0","button_nofollow":"0","attributes":[{"name":"Instaluje"},{"name":"Czu\u0142y"},{"name":"Kompatybilne przegl\u0105darki"}],"tags":[],"tags_disable_links":"0","hide_more_platforms":"0","video_object":"","demo_hide_cta":"0","demo_hide_cloud_options":"0","pricing_title":"","pricing":[{"pricing_icon":"platform","pricing_title":"Elfsight Apps","pricing_title_caption":"Wersja wieloplatformowa, kt\u00f3ra pasuje do ka\u017cdej witryny","pricing_price":"od 0 USD \/ miesi\u0105c","pricing_price_caption":"zacznij od bezp\u0142atnego planu","pricing_benefits":[{"text":"Nieograniczona liczba stron internetowych"},{"text":"Dedykowana obs\u0142uga klienta"},{"text":"Bezp\u0142atna pomoc w monta\u017cu"},{"text":"Oferta specjalna na wiele aplikacji"}],"pricing_button_text":"Dodaj do witryny","pricing_button_url":"#demo"}],"related_apps_title":"","related_apps_hidden":"0","author":"","image":[],"title":"","job":"","social_networks":[]},"_links":{"self":[{"href":"https:\/\/elfsight.com\/pl\/wp-json\/wp\/v2\/pages\/6447","targetHints":{"allow":["GET"]}}],"collection":[{"href":"https:\/\/elfsight.com\/pl\/wp-json\/wp\/v2\/pages"}],"about":[{"href":"https:\/\/elfsight.com\/pl\/wp-json\/wp\/v2\/types\/page"}],"author":[{"embeddable":true,"href":"https:\/\/elfsight.com\/pl\/wp-json\/wp\/v2\/users\/9"}],"replies":[{"embeddable":true,"href":"https:\/\/elfsight.com\/pl\/wp-json\/wp\/v2\/comments?post=6447"}],"version-history":[{"count":3,"href":"https:\/\/elfsight.com\/pl\/wp-json\/wp\/v2\/pages\/6447\/revisions"}],"predecessor-version":[{"id":10805,"href":"https:\/\/elfsight.com\/pl\/wp-json\/wp\/v2\/pages\/6447\/revisions\/10805"}],"up":[{"embeddable":true,"href":"https:\/\/elfsight.com\/pl\/wp-json\/wp\/v2\/pages\/2470"}],"wp:attachment":[{"href":"https:\/\/elfsight.com\/pl\/wp-json\/wp\/v2\/media?parent=6447"}],"curies":[{"name":"wp","href":"https:\/\/api.w.org\/{rel}","templated":true}]}}