{"id":6445,"date":"1970-01-01T00:00:00","date_gmt":"1970-01-01T00:00:00","guid":{"rendered":"https:\/\/elfsight.com\/pl\/?page_id=6445"},"modified":"2024-11-14T09:32:33","modified_gmt":"2024-11-14T09:32:33","slug":"iframe","status":"publish","type":"page","link":"https:\/\/elfsight.com\/pl\/slider-widget\/iframe\/","title":{"rendered":"Slider &#8211; iFrame"},"content":{"rendered":"<div class=\"application-platform-content-item-description application-platform-content-item\" id=\"description\" data-nav-section=\"description\"><h2>Osad\u017a suwak w ramce iFrame za pomoc\u0105 wid\u017cetu Elfsight<\/h2> <p>Zdj\u0119cie Elfsight &amp; Image Slider to proste narz\u0119dzie, kt\u00f3re pozwala przyci\u0105gn\u0105\u0107 uwag\u0119 u\u017cytkownik\u00f3w poprzez wy\u015bwietlenie wielu zdj\u0119\u0107, film\u00f3w lub najlepszych ofert na Twojej stronie. Wykorzystaj dowoln\u0105 liczb\u0119 slajd\u00f3w potrzebnych do zaprezentowania swoich towar\u00f3w i wyr\u00f3\u017cnienia gor\u0105cych ofert. Dodaj efekty wizualne i skaluj rozmiar obrazu\/wideo tak, jak potrzebujesz. Za pomoc\u0105 naszego narz\u0119dzia stworzysz efektowny slider, kt\u00f3ry przyci\u0105gnie uwag\u0119 u\u017cytkownik\u00f3w i nie pozwoli im w po\u015bpiechu opu\u015bci\u0107 Twojej strony.<\/p><\/div><div class=\"application-platform-content-item-features application-platform-content-item\" id=\"features\" data-nav-section=\"features\"><h2>G\u0142\u00f3wne cechy wid\u017cetu Slider<\/h2><p>Zobacz wszystkie cechy funkcjonalne produktu. Mo\u017cesz je dostosowa\u0107 bezpo\u015brednio w edytorze, co pomo\u017ce Ci skonstruowa\u0107 wid\u017cet odpowiedni dla Twojego przypadku.<\/p><ul><li>Dodaj przyciski CTA, kt\u00f3re poprowadz\u0105 odbiorc\u00f3w do konwersji.<\/li><li>Modyfikuj slajd czas prze\u0142\u0105czania.<\/li><li>Wybierz jedn\u0105 z opcji paginacji.<\/li><li>Umie\u015b\u0107 tre\u015b\u0107 w dowolnym miejscu strony za pomoc\u0105 zaawansowanej pozycji.<\/li><li>Dostosuj pi\u0119\u0107 opcji tre\u015bci.<\/li><li> li&gt;<\/ul><p><a href=\"#demo\">Zobacz, jak dzia\u0142aj\u0105 wszystkie funkcje, w naszej wersji demonstracyjnej<\/a><\/p><\/div><div class=\"application-platform-content-item-installation application-platform-content-item\" id=\"installation\" data-nav-section=\"installation\"><h2>Jak osadzi\u0107 Image Slider na mojej stronie iFrame?<\/h2><p>Aby zintegrowa\u0107 produkt, post\u0119puj zgodnie z poni\u017cszymi instrukcjami.<\/p><ol><li><b>Utw\u00f3rz w\u0142asn\u0105 wtyczk\u0119 Photo Slider<\/b><br> Za pomoc\u0105 naszego bezp\u0142atnego edytora skonfiguruj wtyczk\u0119 o preferowanym wygl\u0105dzie i funkcjonalno\u015bci.<\/li><li><b>Uzyskaj indywidualny kod HTML, aby opublikowa\u0107 wtyczk\u0119<\/b><br> Po skonfigurowaniu wid\u017cetu otrzymasz kod instalacyjny z powiadomienia, kt\u00f3re pojawi si\u0119 w aplikacji Elfsight. Skopiuj go do wykorzystania w przysz\u0142o\u015bci.<\/li> <li><b>Dodaj wtyczk\u0119 na swojej stronie iFrame<\/b><br> Wybierz miejsce, w kt\u00f3rym chcesz osadzi\u0107 wtyczk\u0119 i wklej tam zapisany kod HTML. Opublikuj zmiany.<\/li> <li><b>Gotowe! <\/b><br> Wejd\u017a na swoj\u0105 stron\u0119 internetow\u0105, aby wy\u015bwietli\u0107 wtyczk\u0119. <\/li> <\/ol><p>Je\u015bli potrzebujesz pomocy lub masz pytania, mo\u017cesz zwr\u00f3ci\u0107 si\u0119 do obs\u0142ugi klienta. Ch\u0119tnie pomo\u017cemy w przypadku ka\u017cdego zapytania.<\/p><div class=\"faq\" data-component=\"FAQ\"><div class=\"faq-item\">\r\n\t\t\t\t\t<div class=\"faq-item-question\">\r\n\t\t\t\t\t\t<h3 class=\"faq-item-question-text\">Jak mog\u0119 osadzi\u0107 Slider w mojej witrynie iFrame bez znajomo\u015bci kodowania?<\/h3>\r\n\r\n\t\t\t\t\t\t<div class=\"faq-item-question-icon\"><\/div>\r\n\t\t\t\t\t<\/div>\r\n\r\n\t\t\t\t\t<div class=\"faq-item-answer\">\r\n\t\t\t\t\t\t<div class=\"faq-item-answer-text\"> <p>Elfsight zapewnia rozwi\u0105zanie, kt\u00f3re pozwala u\u017cytkownikom zbudowa\u0107 Slider samodzielnie wid\u017cet, zapoznaj si\u0119 z prostymi instrukcjami: Przejd\u017a do edytora na \u017cywo, aby wygenerowa\u0107 wtyczk\u0119 Slider, kt\u00f3r\u0105 chcesz wy\u015bwietli\u0107 na swojej stronie internetowej iFrame. Wybierz jeden z gotowych szablon\u00f3w i dostosuj ustawienia Slidera, zaktualizuj tre\u015b\u0107, zmie\u0144 uk\u0142ad i kolor element\u00f3w bez kodowania. Zapisz dokonane ustawienia w Sliderze i skopiuj kod instalacyjny wid\u017cetu, kt\u00f3ry mo\u017cesz bez problemu umie\u015bci\u0107 na stronie internetowej iFrame, bez konieczno\u015bci kupowania wersji p\u0142atnej. Za pomoc\u0105 przyjaznego dla u\u017cytkownika konfiguratora ka\u017cdy u\u017cytkownik sieci mo\u017ce utworzy\u0107 aplikacj\u0119 Slider i bez wysi\u0142ku wklei\u0107 j\u0105 na stron\u0119 iFrame. Aby wej\u015b\u0107 do naszego edytora, nie trzeba p\u0142aci\u0107 ani podawa\u0107 danych uwierzytelniaj\u0105cych karty. Je\u015bli napotkasz jakiekolwiek problemy, nie wahaj si\u0119 porozmawia\u0107 z naszym zespo\u0142em pomocy technicznej.<\/p> <\/div>\r\n\t\t\t\t\t<\/div>\r\n\t\t\t\t<\/div> <\/div><\/div>","protected":false},"excerpt":{"rendered":"","protected":false},"author":9,"featured_media":0,"parent":2470,"menu_order":0,"comment_status":"closed","ping_status":"closed","template":"templates\/template-application-platform.php","meta":{"publish_to_discourse":"","publish_post_category":"","wpdc_auto_publish_overridden":"","wpdc_topic_tags":"","wpdc_pin_topic":"","wpdc_pin_until":"","discourse_post_id":"","discourse_permalink":"","wpdc_publishing_response":"","wpdc_publishing_error":"","footnotes":""},"class_list":["post-6445","page","type-page","status-publish","hentry"],"yoast_head":"<!-- This site is optimized with the Yoast SEO plugin v25.3.1 - https:\/\/yoast.com\/wordpress\/plugins\/seo\/ -->\n<title>Wid\u017cet iFrame Image Slider na Twoj\u0105 stron\u0119 internetow\u0105 (bezp\u0142atny i szybki)<\/title>\n<meta name=\"description\" content=\"Kszta\u0142towanie wid\u017cetu Suwak zdj\u0119\u0107 i obraz\u00f3w oraz dodawanie go do witryny iFrame jest maksymalnie \u0142atwe. Obs\u0142uga klienta Elfsight jest bezp\u0142atna i szybka.\" \/>\n<meta name=\"robots\" content=\"index, follow, max-snippet:-1, max-image-preview:large, max-video-preview:-1\" \/>\n<link rel=\"canonical\" href=\"https:\/\/elfsight.com\/pl\/slider-widget\/iframe\/\" \/>\n<meta property=\"og:locale\" content=\"pl_PL\" \/>\n<meta property=\"og:type\" content=\"article\" \/>\n<meta property=\"og:title\" content=\"Wid\u017cet iFrame Image Slider na Twoj\u0105 stron\u0119 internetow\u0105 (bezp\u0142atny i szybki)\" \/>\n<meta property=\"og:description\" content=\"Kszta\u0142towanie wid\u017cetu Suwak zdj\u0119\u0107 i obraz\u00f3w oraz dodawanie go do witryny iFrame jest maksymalnie \u0142atwe. Obs\u0142uga klienta Elfsight jest bezp\u0142atna i szybka.\" \/>\n<meta property=\"og:url\" content=\"https:\/\/elfsight.com\/pl\/slider-widget\/iframe\/\" \/>\n<meta property=\"og:site_name\" content=\"Elfsight PL\" \/>\n<meta property=\"article:modified_time\" content=\"2024-11-14T09:32:33+00:00\" \/>\n<meta name=\"twitter:card\" content=\"summary_large_image\" \/>\n<meta name=\"twitter:label1\" content=\"Szacowany czas czytania\" \/>\n\t<meta name=\"twitter:data1\" content=\"2 minuty\" \/>\n<!-- \/ Yoast SEO plugin. -->","yoast_head_json":{"title":"Wid\u017cet iFrame Image Slider na Twoj\u0105 stron\u0119 internetow\u0105 (bezp\u0142atny i szybki)","description":"Kszta\u0142towanie wid\u017cetu Suwak zdj\u0119\u0107 i obraz\u00f3w oraz dodawanie go do witryny iFrame jest maksymalnie \u0142atwe. Obs\u0142uga klienta Elfsight jest bezp\u0142atna i szybka.","robots":{"index":"index","follow":"follow","max-snippet":"max-snippet:-1","max-image-preview":"max-image-preview:large","max-video-preview":"max-video-preview:-1"},"canonical":"https:\/\/elfsight.com\/pl\/slider-widget\/iframe\/","og_locale":"pl_PL","og_type":"article","og_title":"Wid\u017cet iFrame Image Slider na Twoj\u0105 stron\u0119 internetow\u0105 (bezp\u0142atny i szybki)","og_description":"Kszta\u0142towanie wid\u017cetu Suwak zdj\u0119\u0107 i obraz\u00f3w oraz dodawanie go do witryny iFrame jest maksymalnie \u0142atwe. Obs\u0142uga klienta Elfsight jest bezp\u0142atna i szybka.","og_url":"https:\/\/elfsight.com\/pl\/slider-widget\/iframe\/","og_site_name":"Elfsight PL","article_modified_time":"2024-11-14T09:32:33+00:00","twitter_card":"summary_large_image","twitter_misc":{"Szacowany czas czytania":"2 minuty"},"schema":{"@context":"https:\/\/schema.org","@graph":[{"@type":"WebPage","@id":"https:\/\/elfsight.com\/pl\/slider-widget\/iframe\/","url":"https:\/\/elfsight.com\/pl\/slider-widget\/iframe\/","name":"Wid\u017cet iFrame Image Slider na Twoj\u0105 stron\u0119 internetow\u0105 (bezp\u0142atny i szybki)","isPartOf":{"@id":"https:\/\/elfsight.com\/pl\/#website"},"datePublished":"1970-01-01T00:00:00+00:00","dateModified":"2024-11-14T09:32:33+00:00","description":"Kszta\u0142towanie wid\u017cetu Suwak zdj\u0119\u0107 i obraz\u00f3w oraz dodawanie go do witryny iFrame jest maksymalnie \u0142atwe. Obs\u0142uga klienta Elfsight jest bezp\u0142atna i szybka.","breadcrumb":{"@id":"https:\/\/elfsight.com\/pl\/slider-widget\/iframe\/#breadcrumb"},"inLanguage":"pl-PL","potentialAction":[{"@type":"ReadAction","target":["https:\/\/elfsight.com\/pl\/slider-widget\/iframe\/"]}]},{"@type":"BreadcrumbList","@id":"https:\/\/elfsight.com\/pl\/slider-widget\/iframe\/#breadcrumb","itemListElement":[{"@type":"ListItem","position":1,"name":"Home","item":"https:\/\/elfsight.com\/pl\/"},{"@type":"ListItem","position":2,"name":"Slider","item":"https:\/\/elfsight.com\/pl\/slider-widget\/"},{"@type":"ListItem","position":3,"name":"Slider &#8211; iFrame"}]},{"@type":"WebSite","@id":"https:\/\/elfsight.com\/pl\/#website","url":"https:\/\/elfsight.com\/pl\/","name":"Elfsight PL","description":"Just another Elfsight Sites site","potentialAction":[{"@type":"SearchAction","target":{"@type":"EntryPoint","urlTemplate":"https:\/\/elfsight.com\/pl\/?s={search_term_string}"},"query-input":{"@type":"PropertyValueSpecification","valueRequired":true,"valueName":"search_term_string"}}],"inLanguage":"pl-PL"}]}},"meta_box":{"industry":"","seo_heading":"","heading":"","description":"","cta_heading":"","cta_description":"","application":"2469","h1":"Widget Suwak obrazu iFrame","h1_caption":"Dodaj suwak obrazu lub tre\u015bci do swojej witryny, aby bez wysi\u0142ku wy\u015bwietla\u0107 elementy wizualne, promocje lub kluczowe tre\u015bci w swojej witrynie iFrame w dynamiczny spos\u00f3b.","application_category":[],"applications_title":"","applications_request_title":"","applications_request_button_text":"","hero_text":"","hero_video":"","hero_video_schema_markup":"","selling_points_title":"","selling_points_caption":"","selling_points":[],"selling_points_cta_text":"","features_title":"","features":"","ed_cta_examples_text":"","ed_cta_examples_hidden":"","ed_cta_demo_text":"","ed_cta_demo_hidden":"","why_caption":"","why_editor_title":"","why_editor_text":"","why_team_title":"","why_team_text":"","why_service_title":"","why_service_text":"","template_catalog_visible":"","template_catalog_title":"","template_catalog_text":"","template_catalog_categories_visible":"","demo_title":"Utw\u00f3rz wid\u017cet Slider","demo_caption":"Skonfiguruj Slider i dodaj go do swojej witryny iFrame za darmo!","default_faq_hidden":"","app_template_category":[],"platform":"187","template_public_id":"","codecanyon_url":"","codecanyon_item_id":"","codecanyon_price":"","pricing_caption":"","pricing_elfsight_apps_hide_column":"","pricing_elfsight_apps_url":"","pricing_codecanyon_price_caption":"","integration_category":[],"integration_request_title":"","integration_request_cta":"","integration_platform":"","integrations":[],"platform_category":[],"video_schema_markup":"","price":"od 0 USD \/ miesi\u0105c","trial":"","benefits":[{"text":"Bezp\u0142atna pomoc w monta\u017cu"},{"text":"Profesjonalna obs\u0142uga klienta"},{"text":"14-dniowa gwarancja zwrotu pieni\u0119dzy"}],"button_url":"#demo","button_target_blank":"","button_nofollow":"","attributes":[{"name":"Instaluje"},{"name":"Czu\u0142y"},{"name":"Kompatybilne przegl\u0105darki"}],"tags":[],"tags_disable_links":"","hide_more_platforms":"","video_object":"","demo_hide_cta":"","demo_hide_cloud_options":"","pricing_title":"","pricing":[{"pricing_icon":"platform","pricing_title":"Elfsight Apps","pricing_title_caption":"Wersja niezale\u017cna od platformy, kt\u00f3ra pasuje do ka\u017cdej witryny","pricing_price":"od 0 USD \/ miesi\u0105c","pricing_price_caption":"zacznij od bezp\u0142atnego planu","pricing_benefits":[{"text":"Nieograniczona liczba stron internetowych"},{"text":"Dedykowane wsparcie"},{"text":"Bezp\u0142atna pomoc w monta\u017cu"},{"text":"\u015awietna oferta na wiele aplikacji"}],"pricing_button_text":"Dodaj do witryny","pricing_button_url":"#demo"}],"related_apps_title":"","related_apps_hidden":"","author":"","image":[],"title":"","job":"","social_networks":[]},"_links":{"self":[{"href":"https:\/\/elfsight.com\/pl\/wp-json\/wp\/v2\/pages\/6445","targetHints":{"allow":["GET"]}}],"collection":[{"href":"https:\/\/elfsight.com\/pl\/wp-json\/wp\/v2\/pages"}],"about":[{"href":"https:\/\/elfsight.com\/pl\/wp-json\/wp\/v2\/types\/page"}],"author":[{"embeddable":true,"href":"https:\/\/elfsight.com\/pl\/wp-json\/wp\/v2\/users\/9"}],"replies":[{"embeddable":true,"href":"https:\/\/elfsight.com\/pl\/wp-json\/wp\/v2\/comments?post=6445"}],"version-history":[{"count":1,"href":"https:\/\/elfsight.com\/pl\/wp-json\/wp\/v2\/pages\/6445\/revisions"}],"predecessor-version":[{"id":6449,"href":"https:\/\/elfsight.com\/pl\/wp-json\/wp\/v2\/pages\/6445\/revisions\/6449"}],"up":[{"embeddable":true,"href":"https:\/\/elfsight.com\/pl\/wp-json\/wp\/v2\/pages\/2470"}],"wp:attachment":[{"href":"https:\/\/elfsight.com\/pl\/wp-json\/wp\/v2\/media?parent=6445"}],"curies":[{"name":"wp","href":"https:\/\/api.w.org\/{rel}","templated":true}]}}