{"id":6438,"date":"1970-01-01T00:00:00","date_gmt":"1970-01-01T00:00:00","guid":{"rendered":"https:\/\/elfsight.com\/pl\/?page_id=6438"},"modified":"2024-11-14T09:32:25","modified_gmt":"2024-11-14T09:32:25","slug":"blogger","status":"publish","type":"page","link":"https:\/\/elfsight.com\/pl\/slider-widget\/blogger\/","title":{"rendered":"Slider &#8211; Blogger"},"content":{"rendered":"<div class=\"application-platform-content-item-description application-platform-content-item\" id=\"description\" data-nav-section=\"description\"><h2>Opis<\/h2> <p>Zdj\u0119cie Elfsight &amp; Image Slider to responsywne i proste narz\u0119dzie, kt\u00f3re pozwala przyci\u0105gn\u0105\u0107 uwag\u0119 u\u017cytkownik\u00f3w wy\u015bwietlaj\u0105c im wiele zdj\u0119\u0107, film\u00f3w lub najlepszych ofert na Twojej stronie. U\u017cyj dowolnej liczby slajd\u00f3w, aby zaprezentowa\u0107 swoje towary i zaznaczy\u0107 gor\u0105ce oferty. Dodaj efekty specjalne i zmie\u0144 wymiar obrazu\/wideo tak, jak lubisz. Dzi\u0119ki naszemu narz\u0119dziu stworzysz dobrze oznaczony slider, kt\u00f3ry przyci\u0105gnie uwag\u0119 u\u017cytkownik\u00f3w i nie pozwoli im w po\u015bpiechu opu\u015bci\u0107 Twojej strony.<\/p><\/div><div class=\"application-platform-content-item-features application-platform-content-item\" id=\"features\" data-nav-section=\"features\"> <h2>Funkcje<\/h2><p>Sprawd\u017a list\u0119 wszystkich funkcji produktu. Mo\u017cesz je dostosowa\u0107 w edytorze, a one pomog\u0105 Ci skonfigurowa\u0107 responsywny wid\u017cet Slider do Twoich potrzeb.<\/p><ul><li>Wykorzystaj przyciski CTA, aby poprowadzi\u0107 odbiorc\u00f3w w stron\u0119 konwersji.<\/li><li>Dostosuj slajd czas prze\u0142\u0105czania.<\/li><li>Wybieraj spo\u015br\u00f3d wielu wariant\u00f3w.<\/li><li>Umie\u015b\u0107 swoj\u0105 tre\u015b\u0107 w dowolnym miejscu na stronie za pomoc\u0105 zaawansowanej pozycji.<\/li><li>Dostosuj pi\u0119\u0107 opcji tre\u015bci. <\/li><\/ul><p>Przetestuj wszystkie inne funkcje w wersji demonstracyjnej<\/p><\/div><div class=\"application-platform-content-item-installation application-platform-content-item\" id=\"installation\" data-nav-section=\"installation\"><h2>Jak zintegrowa\u0107 Image Slider z witryn\u0105 Bloggera?<\/h2><div class=\"video-container\"><iframe width=\"720\" height=\"405\" src=\"https:\/\/www.youtube.com\/embed\/foIBEPhlwwM\" frameborder=\"0\" allowfullscreen=\"\"><\/iframe><\/div><p>Aby przedstawi\u0107 produkt, po prostu zastosuj si\u0119 do poni\u017cszych instrukcji<\/p><ol><li><b>Stw\u00f3rz unikaln\u0105 wtyczk\u0119 Photo Slider<\/b><br> Zarz\u0105dzanie nasz\u0105 bezp\u0142atn\u0105 wersj\u0105 demonstracyjn\u0105 , uformuj wtyczk\u0119 o preferowanym uk\u0142adzie i cechach funkcjonalnych.<\/li><li><b>Zdob\u0105d\u017a osobisty kod do wy\u015bwietlenia wtyczki<\/b><br> Po utworzeniu wid\u017cetu otrzymasz kod instalacyjny w specjalnym oknie aplikacji Elfsight. Skopiuj go do p\u00f3\u017aniejszego wykorzystania. <\/li> <li><b>Opublikuj wtyczk\u0119 na swojej stronie Bloggera<\/b><br> Wybierz miejsce, w kt\u00f3rym chcesz doda\u0107 wtyczk\u0119 i wklej tam zapisany kod. Opublikuj zmiany. <\/li> <li><b>Gratulacje! W\u0142a\u015bnie umie\u015bci\u0142e\u015b widget! <\/b><br> Odwied\u017a stron\u0119 i sprawd\u017a swoj\u0105 prac\u0119. <\/li> <\/ol><p>Je\u015bli potrzebujesz porady lub chcesz o co\u015b zapyta\u0107, skontaktuj si\u0119 z naszym dzia\u0142em obs\u0142ugi klienta. Nasi specjali\u015bci ch\u0119tnie odpowiedz\u0105 na ka\u017cde zapytanie.<\/p><div class=\"faq\" data-component=\"FAQ\"><div class=\"faq-item\">\r\n\t\t\t\t\t<div class=\"faq-item-question\">\r\n\t\t\t\t\t\t<h3 class=\"faq-item-question-text\">Czy istnieje mo\u017cliwo\u015b\u0107 osadzenia Slidera na mojej stronie Bloggera bez kodowania?<\/h3>\r\n\r\n\t\t\t\t\t\t<div class=\"faq-item-question-icon\"><\/div>\r\n\t\t\t\t\t<\/div>\r\n\r\n\t\t\t\t\t<div class=\"faq-item-answer\">\r\n\t\t\t\t\t\t<div class=\"faq-item-answer-text\"> <p>Firma Elfsight dostarcza rozwi\u0105zanie w chmurze kt\u00f3ra umo\u017cliwia u\u017cytkownikom samodzielne utworzenie sekcji Slider, przekonaj si\u0119, jakie to proste: rozpocznij prac\u0119 bezpo\u015brednio w wersji demonstracyjnej online, aby utworzy\u0107 wid\u017cet Slider, kt\u00f3ry ma by\u0107 wy\u015bwietlany w witrynie Bloggera. Wybierz jeden z naszych gotowych szablon\u00f3w i zmie\u0144 ustawienia Slidera, zmie\u0144 uk\u0142ad i schemat kolor\u00f3w oraz zaktualizuj tre\u015b\u0107 bez \u017cadnego kodowania. Kliknij, aby zapisa\u0107 Slider i skopiuj kod wtyczki do osadzenia, kt\u00f3ry mo\u017cna umie\u015bci\u0107 na stronie Bloggera bez konieczno\u015bci zakupu p\u0142atnego planu. Dzi\u0119ki przyjaznemu dla u\u017cytkownika konfiguratorowi ka\u017cdy u\u017cytkownik Internetu mo\u017ce utworzy\u0107 wtyczk\u0119 Slider online i \u0142atwo wklei\u0107 j\u0105 do witryny Bloggera. Aby skorzysta\u0107 z us\u0142ugi, nie jest wymagana p\u0142atno\u015b\u0107 ani podanie danych karty. Je\u015bli napotkasz jakiekolwiek problemy, nie wahaj si\u0119 skontaktowa\u0107 z naszym zespo\u0142em pomocy technicznej.<\/p> <\/div>\r\n\t\t\t\t\t<\/div>\r\n\t\t\t\t<\/div> <\/div><\/div>","protected":false},"excerpt":{"rendered":"","protected":false},"author":9,"featured_media":0,"parent":2470,"menu_order":0,"comment_status":"closed","ping_status":"closed","template":"templates\/template-application-platform.php","meta":{"publish_to_discourse":"","publish_post_category":"","wpdc_auto_publish_overridden":"","wpdc_topic_tags":"","wpdc_pin_topic":"","wpdc_pin_until":"","discourse_post_id":"","discourse_permalink":"","wpdc_publishing_response":"","wpdc_publishing_error":"","footnotes":""},"class_list":["post-6438","page","type-page","status-publish","hentry"],"yoast_head":"<!-- This site is optimized with the Yoast SEO plugin v25.3.1 - https:\/\/yoast.com\/wordpress\/plugins\/seo\/ -->\n<title>Wid\u017cet suwaka obrazu Bloggera dla Twojej witryny (bezp\u0142atny i szybki)<\/title>\n<meta name=\"description\" content=\"Zaprojektowanie wid\u017cetu Suwak zdj\u0119\u0107 i obraz\u00f3w oraz wy\u015bwietlenie go w witrynie Bloggera jest ca\u0142kowicie proste. Obs\u0142uga klienta Elfsight jest bezp\u0142atna i szybka.\" \/>\n<meta name=\"robots\" content=\"index, follow, max-snippet:-1, max-image-preview:large, max-video-preview:-1\" \/>\n<link rel=\"canonical\" href=\"https:\/\/elfsight.com\/pl\/slider-widget\/blogger\/\" \/>\n<meta property=\"og:locale\" content=\"pl_PL\" \/>\n<meta property=\"og:type\" content=\"article\" \/>\n<meta property=\"og:title\" content=\"Wid\u017cet suwaka obrazu Bloggera dla Twojej witryny (bezp\u0142atny i szybki)\" \/>\n<meta property=\"og:description\" content=\"Zaprojektowanie wid\u017cetu Suwak zdj\u0119\u0107 i obraz\u00f3w oraz wy\u015bwietlenie go w witrynie Bloggera jest ca\u0142kowicie proste. Obs\u0142uga klienta Elfsight jest bezp\u0142atna i szybka.\" \/>\n<meta property=\"og:url\" content=\"https:\/\/elfsight.com\/pl\/slider-widget\/blogger\/\" \/>\n<meta property=\"og:site_name\" content=\"Elfsight PL\" \/>\n<meta property=\"article:modified_time\" content=\"2024-11-14T09:32:25+00:00\" \/>\n<meta name=\"twitter:card\" content=\"summary_large_image\" \/>\n<meta name=\"twitter:label1\" content=\"Szacowany czas czytania\" \/>\n\t<meta name=\"twitter:data1\" content=\"2 minuty\" \/>\n<!-- \/ Yoast SEO plugin. -->","yoast_head_json":{"title":"Wid\u017cet suwaka obrazu Bloggera dla Twojej witryny (bezp\u0142atny i szybki)","description":"Zaprojektowanie wid\u017cetu Suwak zdj\u0119\u0107 i obraz\u00f3w oraz wy\u015bwietlenie go w witrynie Bloggera jest ca\u0142kowicie proste. Obs\u0142uga klienta Elfsight jest bezp\u0142atna i szybka.","robots":{"index":"index","follow":"follow","max-snippet":"max-snippet:-1","max-image-preview":"max-image-preview:large","max-video-preview":"max-video-preview:-1"},"canonical":"https:\/\/elfsight.com\/pl\/slider-widget\/blogger\/","og_locale":"pl_PL","og_type":"article","og_title":"Wid\u017cet suwaka obrazu Bloggera dla Twojej witryny (bezp\u0142atny i szybki)","og_description":"Zaprojektowanie wid\u017cetu Suwak zdj\u0119\u0107 i obraz\u00f3w oraz wy\u015bwietlenie go w witrynie Bloggera jest ca\u0142kowicie proste. Obs\u0142uga klienta Elfsight jest bezp\u0142atna i szybka.","og_url":"https:\/\/elfsight.com\/pl\/slider-widget\/blogger\/","og_site_name":"Elfsight PL","article_modified_time":"2024-11-14T09:32:25+00:00","twitter_card":"summary_large_image","twitter_misc":{"Szacowany czas czytania":"2 minuty"},"schema":{"@context":"https:\/\/schema.org","@graph":[{"@type":"WebPage","@id":"https:\/\/elfsight.com\/pl\/slider-widget\/blogger\/","url":"https:\/\/elfsight.com\/pl\/slider-widget\/blogger\/","name":"Wid\u017cet suwaka obrazu Bloggera dla Twojej witryny (bezp\u0142atny i szybki)","isPartOf":{"@id":"https:\/\/elfsight.com\/pl\/#website"},"datePublished":"1970-01-01T00:00:00+00:00","dateModified":"2024-11-14T09:32:25+00:00","description":"Zaprojektowanie wid\u017cetu Suwak zdj\u0119\u0107 i obraz\u00f3w oraz wy\u015bwietlenie go w witrynie Bloggera jest ca\u0142kowicie proste. Obs\u0142uga klienta Elfsight jest bezp\u0142atna i szybka.","breadcrumb":{"@id":"https:\/\/elfsight.com\/pl\/slider-widget\/blogger\/#breadcrumb"},"inLanguage":"pl-PL","potentialAction":[{"@type":"ReadAction","target":["https:\/\/elfsight.com\/pl\/slider-widget\/blogger\/"]}]},{"@type":"BreadcrumbList","@id":"https:\/\/elfsight.com\/pl\/slider-widget\/blogger\/#breadcrumb","itemListElement":[{"@type":"ListItem","position":1,"name":"Home","item":"https:\/\/elfsight.com\/pl\/"},{"@type":"ListItem","position":2,"name":"Slider","item":"https:\/\/elfsight.com\/pl\/slider-widget\/"},{"@type":"ListItem","position":3,"name":"Slider &#8211; Blogger"}]},{"@type":"WebSite","@id":"https:\/\/elfsight.com\/pl\/#website","url":"https:\/\/elfsight.com\/pl\/","name":"Elfsight PL","description":"Just another Elfsight Sites site","potentialAction":[{"@type":"SearchAction","target":{"@type":"EntryPoint","urlTemplate":"https:\/\/elfsight.com\/pl\/?s={search_term_string}"},"query-input":{"@type":"PropertyValueSpecification","valueRequired":true,"valueName":"search_term_string"}}],"inLanguage":"pl-PL"}]}},"meta_box":{"industry":"","seo_heading":"","heading":"","description":"","cta_heading":"","cta_description":"","application":"2469","h1":"Wid\u017cet suwaka obrazu Bloggera","h1_caption":"Dodaj suwak obrazu lub tre\u015bci do swojej witryny, aby bez wysi\u0142ku prezentowa\u0107 elementy wizualne, promocje lub najwa\u017cniejsze tre\u015bci w swojej witrynie Bloggera w dynamiczny spos\u00f3b.","application_category":[],"applications_title":"","applications_request_title":"","applications_request_button_text":"","hero_text":"","hero_video":"","hero_video_schema_markup":"","selling_points_title":"","selling_points_caption":"","selling_points":[],"selling_points_cta_text":"","features_title":"","features":"","ed_cta_examples_text":"","ed_cta_examples_hidden":"","ed_cta_demo_text":"","ed_cta_demo_hidden":"","why_caption":"","why_editor_title":"","why_editor_text":"","why_team_title":"","why_team_text":"","why_service_title":"","why_service_text":"","template_catalog_visible":"","template_catalog_title":"","template_catalog_text":"","template_catalog_categories_visible":"","demo_title":"Utw\u00f3rz wid\u017cet Slider","demo_caption":"Skonfiguruj Slider i dodaj go do swojej witryny Bloggera za darmo!","default_faq_hidden":"","app_template_category":[],"platform":"44","template_public_id":"","codecanyon_url":"","codecanyon_item_id":"","codecanyon_price":"","pricing_caption":"","pricing_elfsight_apps_hide_column":"","pricing_elfsight_apps_url":"","pricing_codecanyon_price_caption":"","integration_category":[],"integration_request_title":"","integration_request_cta":"","integration_platform":"","integrations":[],"platform_category":[],"video_schema_markup":"","price":"od 0 USD \/ miesi\u0105c","trial":"","benefits":[{"text":"Bezp\u0142atna us\u0142uga monta\u017cu"},{"text":"Wyj\u0105tkowe wsparcie"},{"text":"14-dniowa gwarancja zwrotu pieni\u0119dzy"}],"button_url":"#demo","button_target_blank":"","button_nofollow":"","attributes":[{"name":"Instaluje"},{"name":"Czu\u0142y"},{"name":"Kompatybilne przegl\u0105darki"}],"tags":[],"tags_disable_links":"","hide_more_platforms":"","video_object":"","demo_hide_cta":"","demo_hide_cloud_options":"","pricing_title":"","pricing":[{"pricing_icon":"platform","pricing_title":"Elfsight Apps","pricing_title_caption":"Dzia\u0142a na stronach mobilnych","pricing_price":"od 0 USD \/ miesi\u0105c","pricing_price_caption":"zacznij od bezp\u0142atnego planu","pricing_benefits":[{"text":"Nielimitowane domeny"},{"text":"Szybkie i terminowe wsparcie"},{"text":"Bezp\u0142atna pomoc w monta\u017cu"},{"text":"Elastyczny projekt"}],"pricing_button_text":"Dodaj do witryny","pricing_button_url":"#demo"}],"related_apps_title":"","related_apps_hidden":"","author":"","image":[],"title":"","job":"","social_networks":[]},"_links":{"self":[{"href":"https:\/\/elfsight.com\/pl\/wp-json\/wp\/v2\/pages\/6438","targetHints":{"allow":["GET"]}}],"collection":[{"href":"https:\/\/elfsight.com\/pl\/wp-json\/wp\/v2\/pages"}],"about":[{"href":"https:\/\/elfsight.com\/pl\/wp-json\/wp\/v2\/types\/page"}],"author":[{"embeddable":true,"href":"https:\/\/elfsight.com\/pl\/wp-json\/wp\/v2\/users\/9"}],"replies":[{"embeddable":true,"href":"https:\/\/elfsight.com\/pl\/wp-json\/wp\/v2\/comments?post=6438"}],"version-history":[{"count":2,"href":"https:\/\/elfsight.com\/pl\/wp-json\/wp\/v2\/pages\/6438\/revisions"}],"predecessor-version":[{"id":8008,"href":"https:\/\/elfsight.com\/pl\/wp-json\/wp\/v2\/pages\/6438\/revisions\/8008"}],"up":[{"embeddable":true,"href":"https:\/\/elfsight.com\/pl\/wp-json\/wp\/v2\/pages\/2470"}],"wp:attachment":[{"href":"https:\/\/elfsight.com\/pl\/wp-json\/wp\/v2\/media?parent=6438"}],"curies":[{"name":"wp","href":"https:\/\/api.w.org\/{rel}","templated":true}]}}