{"id":6432,"date":"1970-01-01T00:00:00","date_gmt":"1970-01-01T00:00:00","guid":{"rendered":"https:\/\/elfsight.com\/pl\/?page_id=6432"},"modified":"2024-11-14T09:32:25","modified_gmt":"2024-11-14T09:32:25","slug":"elementor","status":"publish","type":"page","link":"https:\/\/elfsight.com\/pl\/slider-widget\/elementor\/","title":{"rendered":"Slider &#8211; Elementor"},"content":{"rendered":"<div class=\"application-platform-content-item-description application-platform-content-item\" id=\"description\" data-nav-section=\"description\"><h2>Osad\u017a Slider na Elementorze za pomoc\u0105 wid\u017cetu Elfsight<\/h2> <p>Elfsight Image Slider to responsywne i proste narz\u0119dzie, kt\u00f3re pozwala przyci\u0105gn\u0105\u0107 przyku\u0107 uwag\u0119 u\u017cytkownik\u00f3w, wy\u015bwietlaj\u0105c r\u00f3\u017cne obrazy, filmy lub najlepsze oferty na Twojej stronie internetowej. U\u017cyj dowolnej liczby slajd\u00f3w, kt\u00f3re s\u0105 niezb\u0119dne do zaprezentowania Twojej marki i wyr\u00f3\u017cnienia gor\u0105cych ofert. Dodaj efekty wizualne i skaluj rozmiar obrazu\/wideo tak, jak potrzebujesz. Za pomoc\u0105 naszego narz\u0119dzia stworzysz efektowny slider, kt\u00f3ry przyci\u0105gnie uwag\u0119 odwiedzaj\u0105cych witryn\u0119 i nie pozwoli im zbyt wcze\u015bnie opu\u015bci\u0107 Twojej strony.<\/p><\/div><div class=\"faq\" data-component=\"FAQ\"> <div class=\"faq-item\">\r\n\t\t\t\t\t<div class=\"faq-item-question\">\r\n\t\t\t\t\t\t<h3 class=\"faq-item-question-text\">Jak mog\u0119 osadzi\u0107 Slider w mojej witrynie Elementor?<\/h3>\r\n\r\n\t\t\t\t\t\t<div class=\"faq-item-question-icon\"><\/div>\r\n\t\t\t\t\t<\/div>\r\n\r\n\t\t\t\t\t<div class=\"faq-item-answer\">\r\n\t\t\t\t\t\t<div class=\"faq-item-answer-text\"><p>Tworzenie wid\u017cetu odbywa si\u0119 na stronach Elfsight i nie trzeba kodowa\u0107. Zastosuj nasze demo na \u017cywo, aby ukszta\u0142towa\u0107 swoj\u0105 aplikacj\u0119, pobierz kod i wstaw go na swoj\u0105 stron\u0119 internetow\u0105. <\/p><\/div>\r\n\t\t\t\t\t<\/div>\r\n\t\t\t\t<\/div><div class=\"faq-item\">\r\n\t\t\t\t\t<div class=\"faq-item-question\">\r\n\t\t\t\t\t\t<h3 class=\"faq-item-question-text\">Najlepsze sposoby wykorzystania integracji Image Slider<\/h3>\r\n\r\n\t\t\t\t\t\t<div class=\"faq-item-question-icon\"><\/div>\r\n\t\t\t\t\t<\/div>\r\n\r\n\t\t\t\t\t<div class=\"faq-item-answer\">\r\n\t\t\t\t\t\t<div class=\"faq-item-answer-text\"><p>Zapewnimy Ci szereg mo\u017cliwo\u015bci dostosowywania: pe\u0142nowymiarowe wid\u017cety do wdro\u017cenia w sekcj\u0119 tre\u015bci, p\u0142ywaj\u0105ce wtyczki umo\u017cliwiaj\u0105ce przewijanie, uk\u0142ady stopki, nag\u0142\u00f3wka i wszelkiego rodzaju pionowe mo\u017cliwo\u015bci pask\u00f3w bocznych i menu. <\/p><\/div>\r\n\t\t\t\t\t<\/div>\r\n\t\t\t\t<\/div><div class=\"faq-item\">\r\n\t\t\t\t\t<div class=\"faq-item-question\">\r\n\t\t\t\t\t\t<h3 class=\"faq-item-question-text\">Czy za pomoc\u0105 edytora mog\u0119 zbudowa\u0107 suwak o pe\u0142nej szeroko\u015bci lub suwak wideo? <\/h3>\r\n\r\n\t\t\t\t\t\t<div class=\"faq-item-question-icon\"><\/div>\r\n\t\t\t\t\t<\/div>\r\n\r\n\t\t\t\t\t<div class=\"faq-item-answer\">\r\n\t\t\t\t\t\t<div class=\"faq-item-answer-text\"><p>Mo\u017cesz tworzy\u0107 dowolne modyfikacje wid\u017cetu. W edytorze dost\u0119pnych jest wiele uk\u0142ad\u00f3w, a ka\u017cdy z nich mo\u017cna \u0142atwo dostosowa\u0107 do w\u0142asnych potrzeb. <\/p><\/div>\r\n\t\t\t\t\t<\/div>\r\n\t\t\t\t<\/div><\/div><div class=\"application-platform-content-item-features application-platform-content-item\" id=\"features\" data-nav-section=\"features\"><h2>G\u0142\u00f3wne cechy wid\u017cetu Slider<\/h2><p>Sprawd\u017a list\u0119 wszystkich funkcji produktu. S\u0105 one dost\u0119pne bezpo\u015brednio w edytorze i pomog\u0105 Ci ukszta\u0142towa\u0107 wid\u017cet dostosowany do Twojego przypadku u\u017cycia.<\/p><ul><li>U\u017cyj CTA, aby poprowadzi\u0107 odwiedzaj\u0105cych witryn\u0119 do celu.<\/li><li>Modyfikuj slajd czas prze\u0142\u0105czania.<\/li><li>Wybieraj spo\u015br\u00f3d wielu funkcji.<\/li><li>Umie\u015b\u0107 tekst w dowolnym miejscu na stronie za pomoc\u0105 zaawansowanej pozycji.<\/li><li>Zmodyfikuj 5 opcji tre\u015bci .<\/li><\/ul><p>Zobacz, jak dzia\u0142aj\u0105 wszystkie funkcje, w naszej wersji demonstracyjnej<\/p><\/div><div class=\"application-platform-content-item-installation application-platform-content-item\" id=\"installation\" data-nav-section=\"installation\"><h2>Jak doda\u0107 Image Slider do mojego Elementora witryna?<\/h2><div class=\"video-container\"><iframe width=\"720\" height=\"405\" src=\"https:\/\/www.youtube.com\/embed\/2y59r5MbcJg\" frameborder=\"0\" allowfullscreen=\"\"><\/iframe><\/div><p>Aby zintegrowa\u0107 produkt, post\u0119puj zgodnie z poni\u017cszymi instrukcjami.<\/p><ol><li><b>Utw\u00f3rz w\u0142asn\u0105 wtyczk\u0119 Photo Slider<\/b><br> Zarz\u0105dzaj\u0105c naszym darmowym konfiguratorem, skonfiguruj wtyczk\u0119 o preferowanym wygl\u0105dzie i funkcjach. <\/li><li><b>Otrzymaj indywidualny kod do zainstalowania wtyczki<\/b><br> Po skonfigurowaniu wid\u017cetu otrzymasz indywidualny kod z wyskakuj\u0105cego okna aplikacji Elfsight. Skopiuj kod. <\/li> <li><b>Osad\u017a wtyczk\u0119 na swojej stronie Elementora<\/b><br> Okre\u015bl obszar, w kt\u00f3rym chcesz ods\u0142oni\u0107 wtyczk\u0119 i wklej tam skopiowany kod. Zastosuj zmiany. <\/li> <li><b>Gotowe! <\/b><br> Przejd\u017a do swojej strony, aby wy\u015bwietli\u0107 Slider. <\/li> <\/ol><p>Mo\u017cesz skontaktowa\u0107 si\u0119 z dzia\u0142em pomocy technicznej Elfsight, je\u015bli potrzebujesz pomocy lub masz o co\u015b zapyta\u0107. Nasi specjali\u015bci udziel\u0105 pomocy przy ka\u017cdym zapytaniu.<\/p><\/div>","protected":false},"excerpt":{"rendered":"","protected":false},"author":9,"featured_media":0,"parent":2470,"menu_order":0,"comment_status":"closed","ping_status":"closed","template":"templates\/template-application-platform.php","meta":{"publish_to_discourse":"","publish_post_category":"","wpdc_auto_publish_overridden":"","wpdc_topic_tags":"","wpdc_pin_topic":"","wpdc_pin_until":"","discourse_post_id":"","discourse_permalink":"","wpdc_publishing_response":"","wpdc_publishing_error":"","footnotes":""},"class_list":["post-6432","page","type-page","status-publish","hentry"],"yoast_head":"<!-- This site is optimized with the Yoast SEO plugin v25.3.1 - https:\/\/yoast.com\/wordpress\/plugins\/seo\/ -->\n<title>Elementor Slider \u2014 Dodaj wid\u017cet Image Slider do strony internetowej [2025]<\/title>\n<meta name=\"description\" content=\"Utw\u00f3rz wid\u017cet Suwak zdj\u0119\u0107 i obraz\u00f3w i szybko wstaw go na swoj\u0105 stron\u0119 internetow\u0105 Elementor. Oferujemy bezp\u0142atn\u0105 obs\u0142ug\u0119 klienta i inne bonusy.\" \/>\n<meta name=\"robots\" content=\"index, follow, max-snippet:-1, max-image-preview:large, max-video-preview:-1\" \/>\n<link rel=\"canonical\" href=\"https:\/\/elfsight.com\/pl\/slider-widget\/elementor\/\" \/>\n<meta property=\"og:locale\" content=\"pl_PL\" \/>\n<meta property=\"og:type\" content=\"article\" \/>\n<meta property=\"og:title\" content=\"Elementor Slider \u2014 Dodaj wid\u017cet Image Slider do strony internetowej [2025]\" \/>\n<meta property=\"og:description\" content=\"Utw\u00f3rz wid\u017cet Suwak zdj\u0119\u0107 i obraz\u00f3w i szybko wstaw go na swoj\u0105 stron\u0119 internetow\u0105 Elementor. Oferujemy bezp\u0142atn\u0105 obs\u0142ug\u0119 klienta i inne bonusy.\" \/>\n<meta property=\"og:url\" content=\"https:\/\/elfsight.com\/pl\/slider-widget\/elementor\/\" \/>\n<meta property=\"og:site_name\" content=\"Elfsight PL\" \/>\n<meta property=\"article:modified_time\" content=\"2024-11-14T09:32:25+00:00\" \/>\n<meta name=\"twitter:card\" content=\"summary_large_image\" \/>\n<meta name=\"twitter:label1\" content=\"Szacowany czas czytania\" \/>\n\t<meta name=\"twitter:data1\" content=\"2 minuty\" \/>\n<!-- \/ Yoast SEO plugin. -->","yoast_head_json":{"title":"Elementor Slider \u2014 Dodaj wid\u017cet Image Slider do strony internetowej [2025]","description":"Utw\u00f3rz wid\u017cet Suwak zdj\u0119\u0107 i obraz\u00f3w i szybko wstaw go na swoj\u0105 stron\u0119 internetow\u0105 Elementor. Oferujemy bezp\u0142atn\u0105 obs\u0142ug\u0119 klienta i inne bonusy.","robots":{"index":"index","follow":"follow","max-snippet":"max-snippet:-1","max-image-preview":"max-image-preview:large","max-video-preview":"max-video-preview:-1"},"canonical":"https:\/\/elfsight.com\/pl\/slider-widget\/elementor\/","og_locale":"pl_PL","og_type":"article","og_title":"Elementor Slider \u2014 Dodaj wid\u017cet Image Slider do strony internetowej [2025]","og_description":"Utw\u00f3rz wid\u017cet Suwak zdj\u0119\u0107 i obraz\u00f3w i szybko wstaw go na swoj\u0105 stron\u0119 internetow\u0105 Elementor. Oferujemy bezp\u0142atn\u0105 obs\u0142ug\u0119 klienta i inne bonusy.","og_url":"https:\/\/elfsight.com\/pl\/slider-widget\/elementor\/","og_site_name":"Elfsight PL","article_modified_time":"2024-11-14T09:32:25+00:00","twitter_card":"summary_large_image","twitter_misc":{"Szacowany czas czytania":"2 minuty"},"schema":{"@context":"https:\/\/schema.org","@graph":[{"@type":"WebPage","@id":"https:\/\/elfsight.com\/pl\/slider-widget\/elementor\/","url":"https:\/\/elfsight.com\/pl\/slider-widget\/elementor\/","name":"Elementor Slider \u2014 Dodaj wid\u017cet Image Slider do strony internetowej [2025]","isPartOf":{"@id":"https:\/\/elfsight.com\/pl\/#website"},"datePublished":"1970-01-01T00:00:00+00:00","dateModified":"2024-11-14T09:32:25+00:00","description":"Utw\u00f3rz wid\u017cet Suwak zdj\u0119\u0107 i obraz\u00f3w i szybko wstaw go na swoj\u0105 stron\u0119 internetow\u0105 Elementor. Oferujemy bezp\u0142atn\u0105 obs\u0142ug\u0119 klienta i inne bonusy.","breadcrumb":{"@id":"https:\/\/elfsight.com\/pl\/slider-widget\/elementor\/#breadcrumb"},"inLanguage":"pl-PL","potentialAction":[{"@type":"ReadAction","target":["https:\/\/elfsight.com\/pl\/slider-widget\/elementor\/"]}]},{"@type":"BreadcrumbList","@id":"https:\/\/elfsight.com\/pl\/slider-widget\/elementor\/#breadcrumb","itemListElement":[{"@type":"ListItem","position":1,"name":"Home","item":"https:\/\/elfsight.com\/pl\/"},{"@type":"ListItem","position":2,"name":"Slider","item":"https:\/\/elfsight.com\/pl\/slider-widget\/"},{"@type":"ListItem","position":3,"name":"Slider &#8211; Elementor"}]},{"@type":"WebSite","@id":"https:\/\/elfsight.com\/pl\/#website","url":"https:\/\/elfsight.com\/pl\/","name":"Elfsight PL","description":"Just another Elfsight Sites site","potentialAction":[{"@type":"SearchAction","target":{"@type":"EntryPoint","urlTemplate":"https:\/\/elfsight.com\/pl\/?s={search_term_string}"},"query-input":{"@type":"PropertyValueSpecification","valueRequired":true,"valueName":"search_term_string"}}],"inLanguage":"pl-PL"}]}},"meta_box":{"industry":"","seo_heading":"","heading":"","description":"","cta_heading":"","cta_description":"","application":"2469","h1":"Widget Suwak obrazu Elementora","h1_caption":"Dodaj suwak obrazu lub tre\u015bci do swojej witryny, aby bez wysi\u0142ku prezentowa\u0107 elementy wizualne, promocje lub kluczowe tre\u015bci w swojej witrynie Elementor w spos\u00f3b dynamiczny.","application_category":[],"applications_title":"","applications_request_title":"","applications_request_button_text":"","hero_text":"","hero_video":"","hero_video_schema_markup":"","selling_points_title":"","selling_points_caption":"","selling_points":[],"selling_points_cta_text":"","features_title":"","features":"","ed_cta_examples_text":"","ed_cta_examples_hidden":"","ed_cta_demo_text":"","ed_cta_demo_hidden":"","why_caption":"","why_editor_title":"","why_editor_text":"","why_team_title":"","why_team_text":"","why_service_title":"","why_service_text":"","template_catalog_visible":"","template_catalog_title":"","template_catalog_text":"","template_catalog_categories_visible":"","demo_title":"Utw\u00f3rz wid\u017cet Slider","demo_caption":"Skonfiguruj Slidera i dodaj go do swojej witryny Elementor za darmo!","default_faq_hidden":"","app_template_category":[],"platform":"268","template_public_id":"","codecanyon_url":"","codecanyon_item_id":"","codecanyon_price":"","pricing_caption":"","pricing_elfsight_apps_hide_column":"","pricing_elfsight_apps_url":"","pricing_codecanyon_price_caption":"","integration_category":[],"integration_request_title":"","integration_request_cta":"","integration_platform":"","integrations":[],"platform_category":[],"video_schema_markup":"","price":"od 0 USD \/ miesi\u0105c","trial":"","benefits":[{"text":"Bezp\u0142atna pomoc w monta\u017cu"},{"text":"Skuteczna obs\u0142uga klienta"},{"text":"14-dniowa gwarancja zwrotu pieni\u0119dzy"}],"button_url":"#demo","button_target_blank":"","button_nofollow":"","attributes":[{"name":"Instaluje"},{"name":"Czu\u0142y"},{"name":"Kompatybilne przegl\u0105darki"}],"tags":[],"tags_disable_links":"","hide_more_platforms":"","video_object":"","demo_hide_cta":"","demo_hide_cloud_options":"","pricing_title":"","pricing":[{"pricing_icon":"platform","pricing_title":"Elfsight Apps","pricing_title_caption":"Oprogramowanie niezale\u017cne od platformy, kt\u00f3re pasuje do ka\u017cdej witryny","pricing_price":"od 0 USD \/ miesi\u0105c","pricing_price_caption":"zacznij od bezp\u0142atnego planu","pricing_benefits":[{"text":"Nielimitowane domeny"},{"text":"Dedykowane i terminowe wsparcie"},{"text":"Bezp\u0142atna us\u0142uga monta\u017cu"},{"text":"\u015awietna oferta na wiele aplikacji"}],"pricing_button_text":"Dodaj do witryny","pricing_button_url":"#demo"}],"related_apps_title":"","related_apps_hidden":"","author":"","image":[],"title":"","job":"","social_networks":[]},"_links":{"self":[{"href":"https:\/\/elfsight.com\/pl\/wp-json\/wp\/v2\/pages\/6432","targetHints":{"allow":["GET"]}}],"collection":[{"href":"https:\/\/elfsight.com\/pl\/wp-json\/wp\/v2\/pages"}],"about":[{"href":"https:\/\/elfsight.com\/pl\/wp-json\/wp\/v2\/types\/page"}],"author":[{"embeddable":true,"href":"https:\/\/elfsight.com\/pl\/wp-json\/wp\/v2\/users\/9"}],"replies":[{"embeddable":true,"href":"https:\/\/elfsight.com\/pl\/wp-json\/wp\/v2\/comments?post=6432"}],"version-history":[{"count":2,"href":"https:\/\/elfsight.com\/pl\/wp-json\/wp\/v2\/pages\/6432\/revisions"}],"predecessor-version":[{"id":8007,"href":"https:\/\/elfsight.com\/pl\/wp-json\/wp\/v2\/pages\/6432\/revisions\/8007"}],"up":[{"embeddable":true,"href":"https:\/\/elfsight.com\/pl\/wp-json\/wp\/v2\/pages\/2470"}],"wp:attachment":[{"href":"https:\/\/elfsight.com\/pl\/wp-json\/wp\/v2\/media?parent=6432"}],"curies":[{"name":"wp","href":"https:\/\/api.w.org\/{rel}","templated":true}]}}