{"id":6431,"date":"1970-01-01T00:00:00","date_gmt":"1970-01-01T00:00:00","guid":{"rendered":"https:\/\/elfsight.com\/pl\/?page_id=6431"},"modified":"2025-06-27T08:39:07","modified_gmt":"2025-06-27T08:39:07","slug":"facebook","status":"publish","type":"page","link":"https:\/\/elfsight.com\/pl\/slider-widget\/facebook\/","title":{"rendered":"Slider &#8211; Facebook Page"},"content":{"rendered":"<div class=\"application-platform-content-item-description application-platform-content-item\" id=\"description\" data-nav-section=\"description\">\n<h2>Opis<\/h2>\nElfsight Image and Video Slider to proste narz\u0119dzie pozwalaj\u0105ce przyci\u0105gn\u0105\u0107 uwag\u0119 u\u017cytkownik\u00f3w poprzez prezentacj\u0119 wielu obraz\u00f3w, film\u00f3w lub najlepszych oferty na Twojej stronie. Wykorzystaj dowoln\u0105 ilo\u015b\u0107 slajd\u00f3w niezb\u0119dnych do pokazania Twoich towar\u00f3w i wyr\u00f3\u017cnienia gor\u0105cych ofert. Dodaj efekty wizualne i zmie\u0144 rozmiar obrazu\/wideo tak, jak potrzebujesz. Za pomoc\u0105 naszego narz\u0119dzia stworzysz dobrze oznaczony slider, kt\u00f3ry przyci\u0105gnie uwag\u0119 odwiedzaj\u0105cych stron\u0119 i nie pozwoli im w po\u015bpiechu opu\u015bci\u0107 Twojej strony.\n<p><b>W kilka sekund utw\u00f3rz slider do dowolnego celu!<\/b><\/p>\n<\/div>\n\n<div class=\"faq\" data-component=\"FAQ\">\n    <div class=\"faq-item\">\r\n\t\t\t\t\t<div class=\"faq-item-question\">\r\n\t\t\t\t\t\t<h3 class=\"faq-item-question-text\">W jaki spos\u00f3b mog\u0119 osadzi\u0107 Slider na stronie Facebooka?<\/h3>\r\n\r\n\t\t\t\t\t\t<div class=\"faq-item-question-icon\"><\/div>\r\n\t\t\t\t\t<\/div>\r\n\r\n\t\t\t\t\t<div class=\"faq-item-answer\">\r\n\t\t\t\t\t\t<div class=\"faq-item-answer-text\">\n    <p>Budowanie narz\u0119dzia polega na wykonywane w ramach witryny Elfsight i nie wymagaj\u0105 kodowania. Skorzystaj z wersji demonstracyjnej na \u017cywo, aby zbudowa\u0107 swoje osobiste narz\u0119dzie, zdob\u0105d\u017a kod i wstaw go na swoj\u0105 stron\u0119 internetow\u0105.<\/p>\n    <\/div>\r\n\t\t\t\t\t<\/div>\r\n\t\t\t\t<\/div>\n    <div class=\"faq-item\">\r\n\t\t\t\t\t<div class=\"faq-item-question\">\r\n\t\t\t\t\t\t<h3 class=\"faq-item-question-text\">Najlepsze sposoby wykorzystania integracji suwaka obrazu i wideo<\/h3>\r\n\r\n\t\t\t\t\t\t<div class=\"faq-item-question-icon\"><\/div>\r\n\t\t\t\t\t<\/div>\r\n\r\n\t\t\t\t\t<div class=\"faq-item-answer\">\r\n\t\t\t\t\t\t<div class=\"faq-item-answer-text\">\n    <p>Mamy szeroki zakres mo\u017cliwo\u015bci dostosowywania: pe\u0142nowymiarowe wid\u017cety do osadzania w stref\u0119 tre\u015bci, p\u0142ywaj\u0105ce wid\u017cety z funkcj\u0105 przewijania, uk\u0142ady stopki, nag\u0142\u00f3wka i wszelkiego rodzaju opcje pionowe dla pask\u00f3w bocznych i menu.<\/p>\n    <\/div>\r\n\t\t\t\t\t<\/div>\r\n\t\t\t\t<\/div>\n    <div class=\"faq-item\">\r\n\t\t\t\t\t<div class=\"faq-item-question\">\r\n\t\t\t\t\t\t<h3 class=\"faq-item-question-text\">Czy mog\u0119 zbudowa\u0107 suwak galerii artyku\u0142\u00f3w lub si\u0142owni za pomoc\u0105 edytora?<\/h3>\r\n\r\n\t\t\t\t\t\t<div class=\"faq-item-question-icon\"><\/div>\r\n\t\t\t\t\t<\/div>\r\n\r\n\t\t\t\t\t<div class=\"faq-item-answer\">\r\n\t\t\t\t\t\t<div class=\"faq-item-answer-text\">\n    <p>Mo\u017cesz tworzy\u0107 dowolne modyfikacje wid\u017cetu. W edytorze dost\u0119pnych jest mn\u00f3stwo uk\u0142ad\u00f3w, a ka\u017cdy z nich mo\u017cna \u0142atwo dostosowa\u0107 do w\u0142asnych potrzeb.<\/p>\n    <\/div>\r\n\t\t\t\t\t<\/div>\r\n\t\t\t\t<\/div>\n<\/div>\n\n<div class=\"application-platform-content-item-features application-platform-content-item\" id=\"features\" data-nav-section=\"features\">\n<h2>Funkcje<\/h2>\n<p>Oto lista wszystkich funkcji Image &amp; Video Suwak wideo. Mo\u017cesz je dostosowa\u0107 bezpo\u015brednio w edytorze, a pomog\u0105 Ci one ukszta\u0142towa\u0107 wid\u017cet najbardziej odpowiedni do Twoich potrzeb.<\/p>\n<ul>\n    <li>U\u017cyj CTA, aby poprowadzi\u0107 odbiorc\u00f3w do celu;<\/li>\n    <li>Zmie\u0144 czas prze\u0142\u0105czania slajd\u00f3w;<\/li>\n    <li>Wybierz pomi\u0119dzy opcjami paginacji;<\/li>\n    <li>Umie\u015b\u0107 swoj\u0105 tre\u015b\u0107 w dowolnym miejscu na stronie za pomoc\u0105 zaawansowanej pozycji;<\/li>\n    <li>Zmodyfikuj pi\u0119\u0107 funkcji dotycz\u0105cych tre\u015bci.<\/li>\n<\/ul>\n<p><a href=\"#demo\">Sprawd\u017a, jak dzia\u0142aj\u0105 wszystkie funkcje, w naszej wersji demonstracyjnej<\/a><\/p>\n<\/div>\n\n<div class=\"application-platform-content-item-installation application-platform-content-item\" id=\"installation\" data-nav-section=\"installation\">\n<h2>Jak doda\u0107 suwak wideo i obraz\u00f3w do strony firmowej na Facebooku?<\/h2>\n<p>Aby zintegrowa\u0107 wid\u017cet, wykonaj poni\u017csze instrukcje<\/p>\n<ul>\n    <li><b>Wygeneruj sw\u00f3j unikalny suwak<\/b><br>Korzystaj\u0105c z naszego bezp\u0142atnego konfiguratora, uzyskaj wtyczk\u0119 o niestandardowym sk\u0142adzie i funkcjonalno\u015bci. <\/li>\n    <li><b>Zdob\u0105d\u017a sw\u00f3j indywidualny kod, aby zainstalowa\u0107 wtyczk\u0119<\/b><br>Po ustawieniu wid\u017cetu, otrzymasz indywidualny kod z wy\u015bwietlonego okna aplikacji Elfsight. Skopiuj ten kod. <\/li>\n    <li><b>Dodaj wid\u017cet Slider do strony na Facebooku<\/b><br> Utw\u00f3rz w\u0142asn\u0105 zak\u0142adk\u0119 na Facebooku. Wpisz w zak\u0142adce kod otrzymany w aplikacji elfsight. Je\u015bli masz jakiekolwiek problemy, po prostu zapoznaj si\u0119 z naszym przewodnikiem na stronie <a href=\"https:\/\/elfsight.com\/blog\/how-to-add-custom-tab-to-facebook-page\/\" target=\"_blank\" rel=\"noopener noreferrer\">tworzenie niestandardowej karty na Facebooku<\/a><\/li>\n    <li><b>Gratulacje! W\u0142a\u015bnie zintegrowa\u0142e\u015b widget! <\/b><br>Odwied\u017a stron\u0119, aby sprawdzi\u0107 sw\u00f3j wid\u017cet. <\/li>\n<\/ul>\n<p>Po\u015bwi\u0119\u0107 chwil\u0119, aby skontaktowa\u0107 si\u0119 z naszym dzia\u0142em obs\u0142ugi klienta, je\u015bli potrzebujesz porady lub masz o co\u015b zapyta\u0107. Ch\u0119tnie pomo\u017cemy w ka\u017cdej sprawie.<\/p>\n<\/div>","protected":false},"excerpt":{"rendered":"","protected":false},"author":9,"featured_media":0,"parent":2470,"menu_order":0,"comment_status":"closed","ping_status":"closed","template":"templates\/template-application-platform.php","meta":{"publish_to_discourse":"","publish_post_category":"","wpdc_auto_publish_overridden":"","wpdc_topic_tags":"","wpdc_pin_topic":"","wpdc_pin_until":"","discourse_post_id":"","discourse_permalink":"","wpdc_publishing_response":"","wpdc_publishing_error":"","footnotes":""},"class_list":["post-6431","page","type-page","status-publish","hentry"],"yoast_head":"<!-- This site is optimized with the Yoast SEO plugin v25.3.1 - https:\/\/yoast.com\/wordpress\/plugins\/seo\/ -->\n<title>Facebook Slider \u2014 Dodaj wid\u017cet Image Slider do witryny Facebooka [2026]<\/title>\n<meta name=\"description\" content=\"Dzi\u0119ki Elfsight utw\u00f3rz zak\u0142adk\u0119 Image Slider i dodaj j\u0105 do swojej strony firmowej na Facebooku. Mamy bezp\u0142atn\u0105 obs\u0142ug\u0119 klienta i inne bonusy.\" \/>\n<meta name=\"robots\" content=\"index, follow, max-snippet:-1, max-image-preview:large, max-video-preview:-1\" \/>\n<link rel=\"canonical\" href=\"https:\/\/elfsight.com\/pl\/slider-widget\/facebook\/\" \/>\n<meta property=\"og:locale\" content=\"pl_PL\" \/>\n<meta property=\"og:type\" content=\"article\" \/>\n<meta property=\"og:title\" content=\"Facebook Slider \u2014 Dodaj wid\u017cet Image Slider do witryny Facebooka [2026]\" \/>\n<meta property=\"og:description\" content=\"Dzi\u0119ki Elfsight utw\u00f3rz zak\u0142adk\u0119 Image Slider i dodaj j\u0105 do swojej strony firmowej na Facebooku. Mamy bezp\u0142atn\u0105 obs\u0142ug\u0119 klienta i inne bonusy.\" \/>\n<meta property=\"og:url\" content=\"https:\/\/elfsight.com\/pl\/slider-widget\/facebook\/\" \/>\n<meta property=\"og:site_name\" content=\"Elfsight PL\" \/>\n<meta property=\"article:modified_time\" content=\"2025-06-27T08:39:07+00:00\" \/>\n<meta name=\"twitter:card\" content=\"summary_large_image\" \/>\n<meta name=\"twitter:label1\" content=\"Szacowany czas czytania\" \/>\n\t<meta name=\"twitter:data1\" content=\"3 minuty\" \/>\n<!-- \/ Yoast SEO plugin. -->","yoast_head_json":{"title":"Facebook Slider \u2014 Dodaj wid\u017cet Image Slider do witryny Facebooka [2026]","description":"Dzi\u0119ki Elfsight utw\u00f3rz zak\u0142adk\u0119 Image Slider i dodaj j\u0105 do swojej strony firmowej na Facebooku. Mamy bezp\u0142atn\u0105 obs\u0142ug\u0119 klienta i inne bonusy.","robots":{"index":"index","follow":"follow","max-snippet":"max-snippet:-1","max-image-preview":"max-image-preview:large","max-video-preview":"max-video-preview:-1"},"canonical":"https:\/\/elfsight.com\/pl\/slider-widget\/facebook\/","og_locale":"pl_PL","og_type":"article","og_title":"Facebook Slider \u2014 Dodaj wid\u017cet Image Slider do witryny Facebooka [2026]","og_description":"Dzi\u0119ki Elfsight utw\u00f3rz zak\u0142adk\u0119 Image Slider i dodaj j\u0105 do swojej strony firmowej na Facebooku. Mamy bezp\u0142atn\u0105 obs\u0142ug\u0119 klienta i inne bonusy.","og_url":"https:\/\/elfsight.com\/pl\/slider-widget\/facebook\/","og_site_name":"Elfsight PL","article_modified_time":"2025-06-27T08:39:07+00:00","twitter_card":"summary_large_image","twitter_misc":{"Szacowany czas czytania":"3 minuty"},"schema":{"@context":"https:\/\/schema.org","@graph":[{"@type":"WebPage","@id":"https:\/\/elfsight.com\/pl\/slider-widget\/facebook\/","url":"https:\/\/elfsight.com\/pl\/slider-widget\/facebook\/","name":"Facebook Slider \u2014 Dodaj wid\u017cet Image Slider do witryny Facebooka [2026]","isPartOf":{"@id":"https:\/\/elfsight.com\/pl\/#website"},"datePublished":"1970-01-01T00:00:00+00:00","dateModified":"2025-06-27T08:39:07+00:00","description":"Dzi\u0119ki Elfsight utw\u00f3rz zak\u0142adk\u0119 Image Slider i dodaj j\u0105 do swojej strony firmowej na Facebooku. Mamy bezp\u0142atn\u0105 obs\u0142ug\u0119 klienta i inne bonusy.","breadcrumb":{"@id":"https:\/\/elfsight.com\/pl\/slider-widget\/facebook\/#breadcrumb"},"inLanguage":"pl-PL","potentialAction":[{"@type":"ReadAction","target":["https:\/\/elfsight.com\/pl\/slider-widget\/facebook\/"]}]},{"@type":"BreadcrumbList","@id":"https:\/\/elfsight.com\/pl\/slider-widget\/facebook\/#breadcrumb","itemListElement":[{"@type":"ListItem","position":1,"name":"Home","item":"https:\/\/elfsight.com\/pl\/"},{"@type":"ListItem","position":2,"name":"Slider","item":"https:\/\/elfsight.com\/pl\/slider-widget\/"},{"@type":"ListItem","position":3,"name":"Slider &#8211; Facebook Page"}]},{"@type":"WebSite","@id":"https:\/\/elfsight.com\/pl\/#website","url":"https:\/\/elfsight.com\/pl\/","name":"Elfsight PL","description":"Just another Elfsight Sites site","potentialAction":[{"@type":"SearchAction","target":{"@type":"EntryPoint","urlTemplate":"https:\/\/elfsight.com\/pl\/?s={search_term_string}"},"query-input":{"@type":"PropertyValueSpecification","valueRequired":true,"valueName":"search_term_string"}}],"inLanguage":"pl-PL"}]}},"meta_box":{"industry":"","seo_heading":"","heading":"","description":"","cta_heading":"","cta_description":"","application":"2469","h1":"Suwak obrazu i wideo dla strony na Facebooku","h1_caption":"Dodaj suwak obrazu lub tre\u015bci do swojej witryny, aby bez wysi\u0142ku prezentowa\u0107 elementy wizualne, promocje lub kluczowe tre\u015bci w dynamiczny spos\u00f3b na swojej stronie na Facebooku.","application_category":[],"applications_title":"","applications_request_title":"","applications_request_button_text":"","hero_text":"","hero_video":"","hero_video_schema_markup":"","selling_points_title":"","selling_points_caption":"","selling_points":[],"selling_points_cta_text":"","features_title":"","features":"","ed_cta_examples_text":"","ed_cta_examples_hidden":"","ed_cta_demo_text":"","ed_cta_demo_hidden":"","why_caption":"","why_editor_title":"","why_editor_text":"","why_team_title":"","why_team_text":"","why_service_title":"","why_service_text":"","template_catalog_visible":"0","template_catalog_title":"","template_catalog_text":"","template_catalog_categories_visible":"","demo_title":"Utw\u00f3rz wid\u017cet Slider","demo_caption":"Skonfiguruj Slider i dodaj go do swojej strony na Facebooku za darmo!","default_faq_hidden":"","app_template_category":[],"platform":"319","template_public_id":"","codecanyon_url":"","codecanyon_item_id":"","codecanyon_price":"","pricing_caption":"","pricing_elfsight_apps_hide_column":"","pricing_elfsight_apps_url":"","pricing_codecanyon_price_caption":"","integration_category":[],"integration_request_title":"","integration_request_cta":"","integration_platform":"","integrations":[],"platform_category":[],"video_schema_markup":"","price":"od 0 USD \/ miesi\u0105c","trial":"","benefits":[{"text":"Bezp\u0142atna us\u0142uga monta\u017cu"},{"text":"Do\u015bwiadczona obs\u0142uga klienta"},{"text":"14-dniowa gwarancja zwrotu pieni\u0119dzy"}],"button_url":"#demo","button_target_blank":"0","button_nofollow":"0","attributes":[{"name":"Instaluje"},{"name":"Czu\u0142y"},{"name":"Kompatybilne przegl\u0105darki"}],"tags":[],"tags_disable_links":"0","hide_more_platforms":"0","video_object":"","demo_hide_cta":"0","demo_hide_cloud_options":"0","pricing_title":"","pricing":[{"pricing_icon":"platform","pricing_title":"Elfsight Apps","pricing_title_caption":"Wersja niezale\u017cna od platformy, kt\u00f3ra pasuje do ka\u017cdej witryny","pricing_price":"od 0 USD \/ miesi\u0105c","pricing_price_caption":"zacznij od bezp\u0142atnego planu","pricing_benefits":[{"text":"Nielimitowane domeny"},{"text":"Najwy\u017csza obs\u0142uga klienta"},{"text":"Bezp\u0142atna pomoc przy instalacji"},{"text":"100% konfigurowalny"}],"pricing_button_text":"Dodaj do witryny","pricing_button_url":"#demo"}],"related_apps_title":"","related_apps_hidden":"0","author":"","image":[],"title":"","job":"","social_networks":[]},"_links":{"self":[{"href":"https:\/\/elfsight.com\/pl\/wp-json\/wp\/v2\/pages\/6431","targetHints":{"allow":["GET"]}}],"collection":[{"href":"https:\/\/elfsight.com\/pl\/wp-json\/wp\/v2\/pages"}],"about":[{"href":"https:\/\/elfsight.com\/pl\/wp-json\/wp\/v2\/types\/page"}],"author":[{"embeddable":true,"href":"https:\/\/elfsight.com\/pl\/wp-json\/wp\/v2\/users\/9"}],"replies":[{"embeddable":true,"href":"https:\/\/elfsight.com\/pl\/wp-json\/wp\/v2\/comments?post=6431"}],"version-history":[{"count":2,"href":"https:\/\/elfsight.com\/pl\/wp-json\/wp\/v2\/pages\/6431\/revisions"}],"predecessor-version":[{"id":10623,"href":"https:\/\/elfsight.com\/pl\/wp-json\/wp\/v2\/pages\/6431\/revisions\/10623"}],"up":[{"embeddable":true,"href":"https:\/\/elfsight.com\/pl\/wp-json\/wp\/v2\/pages\/2470"}],"wp:attachment":[{"href":"https:\/\/elfsight.com\/pl\/wp-json\/wp\/v2\/media?parent=6431"}],"curies":[{"name":"wp","href":"https:\/\/api.w.org\/{rel}","templated":true}]}}