{"id":6430,"date":"1970-01-01T00:00:00","date_gmt":"1970-01-01T00:00:00","guid":{"rendered":"https:\/\/elfsight.com\/pl\/?page_id=6430"},"modified":"2024-11-14T09:20:31","modified_gmt":"2024-11-14T09:20:31","slug":"woocommerce","status":"publish","type":"page","link":"https:\/\/elfsight.com\/pl\/slider-widget\/woocommerce\/","title":{"rendered":"Slider &#8211; WooCommerce"},"content":{"rendered":"<div class=\"application-platform-content-item-description application-platform-content-item\" id=\"description\" data-nav-section=\"description\"><h2>Opis<\/h2><p>Elfsight Image Slider to prosty widget, kt\u00f3ry pozwala przyci\u0105gn\u0105\u0107 uwag\u0119 u\u017cytkownik\u00f3w poprzez wy\u015bwietlanie wielu obraz\u00f3w, film\u00f3w lub najlepsze oferty na Twojej stronie internetowej. Mo\u017cesz u\u017cy\u0107 dowolnej liczby slajd\u00f3w potrzebnych do pochwalenia si\u0119 wtyczk\u0105 Product Image Slider i zaznaczenia gor\u0105cych ofert. Dodaj efekty wizualne i skaluj wymiar obrazu\/wideo tak, jak lubisz. Za pomoc\u0105 naszego narz\u0119dzia b\u0119dziesz w stanie stworzy\u0107 efektowny slider, kt\u00f3ry przyci\u0105gnie uwag\u0119 u\u017cytkownik\u00f3w i nie pozwoli im zbyt wcze\u015bnie opu\u015bci\u0107 Twojej strony.<\/p><p><b>Zastosuj wtyczk\u0119 Slider wraz z interaktywn\u0105 tre\u015bci\u0105, aby przyci\u0105gn\u0105\u0107 Twoj\u0105 uwag\u0119 uwag\u0119 klient\u00f3w!<\/b><\/p><p><b>Wi\u0119ksze zaanga\u017cowanie u\u017cytkownik\u00f3w<\/b><br>Nasz wid\u017cet Suwak obrazu prezentuje urocze efekty wizualne, kt\u00f3re sprawi\u0105, \u017ce Twoje tre\u015bci stan\u0105 si\u0119 nie do przeoczenia dla u\u017cytkownik\u00f3w, kt\u00f3rzy je prowadz\u0105 pracowa\u0107 z nim i podejmowa\u0107 docelowe dzia\u0142ania.<\/p><p><b>Przer\u00f3b do\u015bwiadczenie u\u017cytkownika<\/b><br>Umie\u015b\u0107 najbardziej anga\u017cuj\u0105ce elementy wizualne w jednym atrakcyjnym miejscu, aby przegl\u0105danie witryny by\u0142o p\u0142ynne i proste, a tym samym rysowanie nowym odbiorcom.<\/p><p><b>Zwi\u0119ksz swoj\u0105 sprzeda\u017c<\/b><br>Podkre\u015bl swoje dzia\u0142ania, najbardziej zapadaj\u0105ce w pami\u0119\u0107 prace lub wyr\u00f3\u017cnione problemy, stosuj\u0105c wtyczk\u0119 Slider, kt\u00f3ra przenosi u\u017cytkownik\u00f3w bezpo\u015brednio do zakupu<\/p> <\/div> <div class=\"faq\" data-component=\"FAQ\"><div class=\"faq-item\">\r\n\t\t\t\t\t<div class=\"faq-item-question\">\r\n\t\t\t\t\t\t<h3 class=\"faq-item-question-text\">W jaki spos\u00f3b doda\u0107 Slider do witryny WooCommerce? <\/h3>\r\n\r\n\t\t\t\t\t\t<div class=\"faq-item-question-icon\"><\/div>\r\n\t\t\t\t\t<\/div>\r\n\r\n\t\t\t\t\t<div class=\"faq-item-answer\">\r\n\t\t\t\t\t\t<div class=\"faq-item-answer-text\"><p>Podstawa wid\u017cetu odbywa si\u0119 w witrynie Elfsight i nie ma potrzeby uczy\u0107 si\u0119 kodowania. Skorzystaj z naszego aktywnego demo, aby dostosowa\u0107 swoje narz\u0119dzie, zdoby\u0107 kod i umie\u015bci\u0107 go na swojej stronie internetowej. <\/p><\/div>\r\n\t\t\t\t\t<\/div>\r\n\t\t\t\t<\/div><div class=\"faq-item\">\r\n\t\t\t\t\t<div class=\"faq-item-question\">\r\n\t\t\t\t\t\t<h3 class=\"faq-item-question-text\">Najlepsze przyk\u0142ady wykorzystania integracji Gallery Slider<\/h3>\r\n\r\n\t\t\t\t\t\t<div class=\"faq-item-question-icon\"><\/div>\r\n\t\t\t\t\t<\/div>\r\n\r\n\t\t\t\t\t<div class=\"faq-item-answer\">\r\n\t\t\t\t\t\t<div class=\"faq-item-answer-text\"><p>Zapewniamy szeroki zakres mo\u017cliwo\u015bci dostosowywania: pe\u0142nowymiarowe wid\u017cety do wstawiania w obszarze zawarto\u015bci , p\u0142ywaj\u0105ce wid\u017cety umo\u017cliwiaj\u0105ce przewijanie, uk\u0142ady stopki, sekcji nag\u0142\u00f3wka i wszelkiego rodzaju opcje pionowe dla pask\u00f3w bocznych i menu. <\/p><\/div>\r\n\t\t\t\t\t<\/div>\r\n\t\t\t\t<\/div><div class=\"faq-item\">\r\n\t\t\t\t\t<div class=\"faq-item-question\">\r\n\t\t\t\t\t\t<h3 class=\"faq-item-question-text\">Jak zbudowa\u0107 prezentacj\u0119 hotelu lub ofert\u0119 kawiarni za pomoc\u0105 edytora? <\/h3>\r\n\r\n\t\t\t\t\t\t<div class=\"faq-item-question-icon\"><\/div>\r\n\t\t\t\t\t<\/div>\r\n\r\n\t\t\t\t\t<div class=\"faq-item-answer\">\r\n\t\t\t\t\t\t<div class=\"faq-item-answer-text\"><p>Mo\u017cesz kszta\u0142towa\u0107 modyfikacje dowolnego wid\u017cetu. W edytorze dost\u0119pnych jest wiele uk\u0142ad\u00f3w, a ka\u017cdy z nich mo\u017cna szybko dostosowa\u0107 do w\u0142asnych potrzeb. <\/p><\/div>\r\n\t\t\t\t\t<\/div>\r\n\t\t\t\t<\/div><\/div><div class=\"application-platform-content-item-features application-platform-content-item\" id=\"features\" data-nav-section=\"features\"><h2>G\u0142\u00f3wne funkcje wid\u017cetu obejmuj\u0105<\/h2><ul><li>Dodawanie wezwa\u0144 do dzia\u0142ania, kt\u00f3re prowadz\u0105 u\u017cytkownik\u00f3w do konwersji;<\/li> <li>Dostosuj czas zmiany slajdu;<\/li><li>Wybieraj spo\u015br\u00f3d wielu wariant\u00f3w;<\/li><li>Umie\u015b\u0107 tekst w dowolnym miejscu na stronie za pomoc\u0105 zaawansowanej pozycji;<\/li><li>Zmodyfikuj 5 element\u00f3w tre\u015bci.<\/li><\/ul><p><a href=\"#demo\">Mo\u017cesz wypr\u00f3bowa\u0107 wszystkie mo\u017cliwo\u015bci wid\u017cetu w wersji demonstracyjnej na tej stronie<\/a><\/p>[ \/application_platform_content_item]<div class=\"application-platform-content-item-installation application-platform-content-item\" id=\"installation\" data-nav-section=\"installation\"><\/div><h2>Jak osadzi\u0107 wtyczk\u0119 Image Slider w mojej witrynie WooCommerce?<\/h2><p>Wystarczy wykona\u0107 poni\u017csze kroki, aby wstawi\u0107 wid\u017cet.<\/p><ol><li><b>Zarz\u0105dzaj\u0105c naszym bezp\u0142atnym konfiguratorem, rozpocznij tworzenie spersonalizowanego widgetu.<\/b><br>Okre\u015bl odpowiedni interfejs i funkcjonalno\u015b\u0107 narz\u0119dzia oraz zastosuj zmiany.<\/li><li><b>Odbierz sw\u00f3j osobisty kod pojawiaj\u0105cy si\u0119 w specjalnym formularzu w aplikacjach Elfsight.<\/b><br>Zaraz po zako\u0144czeniu konfiguracji osobistej wtyczki skopiuj ekskluzywny kod z wy\u015bwietlonego okna i zachowaj go na p\u00f3\u017aniej.<\/li><li> <b>Zacznij korzysta\u0107 z wid\u017cetu na stronie WooCommerce.<\/b><br>Osad\u017a ostatnio skopiowany kod na swojej stronie internetowej i zastosuj zmiany.<\/li><li><b>Gotowe! Osadzanie zosta\u0142o pomy\u015blnie zako\u0144czone.<\/b><br>Odwied\u017a swoj\u0105 stron\u0119, aby sprawdzi\u0107, jak dzia\u0142a narz\u0119dzie.<\/li><\/ol><p>Je\u015bli napotkasz jakiekolwiek przeszkody, nie b\u00f3j si\u0119 zwr\u00f3ci\u0107 do naszego wsparcia personel. Nasi konsultanci ch\u0119tnie pomog\u0105 Ci we wszystkich trudno\u015bciach, jakie mo\u017cesz mie\u0107 z wtyczk\u0105.<\/p><\/div>","protected":false},"excerpt":{"rendered":"","protected":false},"author":9,"featured_media":0,"parent":2470,"menu_order":0,"comment_status":"closed","ping_status":"closed","template":"templates\/template-application-platform.php","meta":{"publish_to_discourse":"","publish_post_category":"","wpdc_auto_publish_overridden":"","wpdc_topic_tags":"","wpdc_pin_topic":"","wpdc_pin_until":"","discourse_post_id":"","discourse_permalink":"","wpdc_publishing_response":"","wpdc_publishing_error":"","footnotes":""},"class_list":["post-6430","page","type-page","status-publish","hentry"],"yoast_head":"<!-- This site is optimized with the Yoast SEO plugin v25.3.1 - https:\/\/yoast.com\/wordpress\/plugins\/seo\/ -->\n<title>Suwak WooCommerce | Dodaj wid\u017cet Image Slider do witryny WooCommerce<\/title>\n<meta name=\"description\" content=\"Mo\u017cesz dostosowa\u0107 responsywn\u0105 wtyczk\u0119 Image Slider w edytorze i osadzi\u0107 j\u0105 na swojej stronie WooCommerce bezpo\u015brednio z wersji demonstracyjnej.\" \/>\n<meta name=\"robots\" content=\"index, follow, max-snippet:-1, max-image-preview:large, max-video-preview:-1\" \/>\n<link rel=\"canonical\" href=\"https:\/\/elfsight.com\/pl\/slider-widget\/woocommerce\/\" \/>\n<meta property=\"og:locale\" content=\"pl_PL\" \/>\n<meta property=\"og:type\" content=\"article\" \/>\n<meta property=\"og:title\" content=\"Suwak WooCommerce | Dodaj wid\u017cet Image Slider do witryny WooCommerce\" \/>\n<meta property=\"og:description\" content=\"Mo\u017cesz dostosowa\u0107 responsywn\u0105 wtyczk\u0119 Image Slider w edytorze i osadzi\u0107 j\u0105 na swojej stronie WooCommerce bezpo\u015brednio z wersji demonstracyjnej.\" \/>\n<meta property=\"og:url\" content=\"https:\/\/elfsight.com\/pl\/slider-widget\/woocommerce\/\" \/>\n<meta property=\"og:site_name\" content=\"Elfsight PL\" \/>\n<meta property=\"article:modified_time\" content=\"2024-11-14T09:20:31+00:00\" \/>\n<meta name=\"twitter:card\" content=\"summary_large_image\" \/>\n<meta name=\"twitter:label1\" content=\"Szacowany czas czytania\" \/>\n\t<meta name=\"twitter:data1\" content=\"3 minuty\" \/>\n<!-- \/ Yoast SEO plugin. -->","yoast_head_json":{"title":"Suwak WooCommerce | Dodaj wid\u017cet Image Slider do witryny WooCommerce","description":"Mo\u017cesz dostosowa\u0107 responsywn\u0105 wtyczk\u0119 Image Slider w edytorze i osadzi\u0107 j\u0105 na swojej stronie WooCommerce bezpo\u015brednio z wersji demonstracyjnej.","robots":{"index":"index","follow":"follow","max-snippet":"max-snippet:-1","max-image-preview":"max-image-preview:large","max-video-preview":"max-video-preview:-1"},"canonical":"https:\/\/elfsight.com\/pl\/slider-widget\/woocommerce\/","og_locale":"pl_PL","og_type":"article","og_title":"Suwak WooCommerce | Dodaj wid\u017cet Image Slider do witryny WooCommerce","og_description":"Mo\u017cesz dostosowa\u0107 responsywn\u0105 wtyczk\u0119 Image Slider w edytorze i osadzi\u0107 j\u0105 na swojej stronie WooCommerce bezpo\u015brednio z wersji demonstracyjnej.","og_url":"https:\/\/elfsight.com\/pl\/slider-widget\/woocommerce\/","og_site_name":"Elfsight PL","article_modified_time":"2024-11-14T09:20:31+00:00","twitter_card":"summary_large_image","twitter_misc":{"Szacowany czas czytania":"3 minuty"},"schema":{"@context":"https:\/\/schema.org","@graph":[{"@type":"WebPage","@id":"https:\/\/elfsight.com\/pl\/slider-widget\/woocommerce\/","url":"https:\/\/elfsight.com\/pl\/slider-widget\/woocommerce\/","name":"Suwak WooCommerce | Dodaj wid\u017cet Image Slider do witryny WooCommerce","isPartOf":{"@id":"https:\/\/elfsight.com\/pl\/#website"},"datePublished":"1970-01-01T00:00:00+00:00","dateModified":"2024-11-14T09:20:31+00:00","description":"Mo\u017cesz dostosowa\u0107 responsywn\u0105 wtyczk\u0119 Image Slider w edytorze i osadzi\u0107 j\u0105 na swojej stronie WooCommerce bezpo\u015brednio z wersji demonstracyjnej.","breadcrumb":{"@id":"https:\/\/elfsight.com\/pl\/slider-widget\/woocommerce\/#breadcrumb"},"inLanguage":"pl-PL","potentialAction":[{"@type":"ReadAction","target":["https:\/\/elfsight.com\/pl\/slider-widget\/woocommerce\/"]}]},{"@type":"BreadcrumbList","@id":"https:\/\/elfsight.com\/pl\/slider-widget\/woocommerce\/#breadcrumb","itemListElement":[{"@type":"ListItem","position":1,"name":"Home","item":"https:\/\/elfsight.com\/pl\/"},{"@type":"ListItem","position":2,"name":"Slider","item":"https:\/\/elfsight.com\/pl\/slider-widget\/"},{"@type":"ListItem","position":3,"name":"Slider &#8211; WooCommerce"}]},{"@type":"WebSite","@id":"https:\/\/elfsight.com\/pl\/#website","url":"https:\/\/elfsight.com\/pl\/","name":"Elfsight PL","description":"Just another Elfsight Sites site","potentialAction":[{"@type":"SearchAction","target":{"@type":"EntryPoint","urlTemplate":"https:\/\/elfsight.com\/pl\/?s={search_term_string}"},"query-input":{"@type":"PropertyValueSpecification","valueRequired":true,"valueName":"search_term_string"}}],"inLanguage":"pl-PL"}]}},"meta_box":{"industry":"","seo_heading":"","heading":"","description":"","cta_heading":"","cta_description":"","application":"2469","h1":"Wtyczka suwaka obrazu WooCommerce","h1_caption":"Dodaj suwak obrazu lub tre\u015bci do swojej witryny, aby bez wysi\u0142ku prezentowa\u0107 elementy wizualne, promocje lub kluczowe tre\u015bci w swojej witrynie WooCommerce w spos\u00f3b dynamiczny.","application_category":[],"applications_title":"","applications_request_title":"","applications_request_button_text":"","hero_text":"","hero_video":"","hero_video_schema_markup":"","selling_points_title":"","selling_points_caption":"","selling_points":[],"selling_points_cta_text":"","features_title":"","features":"","ed_cta_examples_text":"","ed_cta_examples_hidden":"","ed_cta_demo_text":"","ed_cta_demo_hidden":"","why_caption":"","why_editor_title":"","why_editor_text":"","why_team_title":"","why_team_text":"","why_service_title":"","why_service_text":"","template_catalog_visible":"","template_catalog_title":"","template_catalog_text":"","template_catalog_categories_visible":"","demo_title":"Utw\u00f3rz aplikacj\u0119 Slider","demo_caption":"Skonfiguruj Slider i dodaj go do swojej witryny WooCommerce za darmo!","default_faq_hidden":"","app_template_category":[],"platform":"335","template_public_id":"","codecanyon_url":"","codecanyon_item_id":"","codecanyon_price":"","pricing_caption":"","pricing_elfsight_apps_hide_column":"","pricing_elfsight_apps_url":"","pricing_codecanyon_price_caption":"","integration_category":[],"integration_request_title":"","integration_request_cta":"","integration_platform":"","integrations":[],"platform_category":[],"video_schema_markup":"","price":"od 0 USD \/ miesi\u0105c","trial":"","benefits":[{"text":"Bezp\u0142atna pomoc w monta\u017cu"},{"text":"Kompetentna obs\u0142uga klienta"},{"text":"14-dniowa gwarancja zwrotu pieni\u0119dzy"}],"button_url":"#demo","button_target_blank":"","button_nofollow":"","attributes":[{"name":"Instaluje"},{"name":"Czu\u0142y"},{"name":"Kompatybilne przegl\u0105darki"}],"tags":[],"tags_disable_links":"","hide_more_platforms":"","video_object":"","demo_hide_cta":"","demo_hide_cloud_options":"","pricing_title":"","pricing":[{"pricing_icon":"platform","pricing_title":"Elfsight Apps","pricing_title_caption":"Wieloplatformowe rozwi\u0105zanie cyfrowe, kt\u00f3re pasuje do ka\u017cdej witryny internetowej","pricing_price":"od 0 USD \/ miesi\u0105c","pricing_price_caption":"zacznij od bezp\u0142atnego planu","pricing_benefits":[{"text":"Nielimitowane domeny"},{"text":"Ca\u0142odobowe i terminowe wsparcie"},{"text":"Bezp\u0142atna us\u0142uga monta\u017cu"},{"text":"Elastyczny projekt"}],"pricing_button_text":"Dodaj do witryny","pricing_button_url":"#demo"}],"related_apps_title":"","related_apps_hidden":"","author":"","image":[],"title":"","job":"","social_networks":[]},"_links":{"self":[{"href":"https:\/\/elfsight.com\/pl\/wp-json\/wp\/v2\/pages\/6430","targetHints":{"allow":["GET"]}}],"collection":[{"href":"https:\/\/elfsight.com\/pl\/wp-json\/wp\/v2\/pages"}],"about":[{"href":"https:\/\/elfsight.com\/pl\/wp-json\/wp\/v2\/types\/page"}],"author":[{"embeddable":true,"href":"https:\/\/elfsight.com\/pl\/wp-json\/wp\/v2\/users\/9"}],"replies":[{"embeddable":true,"href":"https:\/\/elfsight.com\/pl\/wp-json\/wp\/v2\/comments?post=6430"}],"version-history":[{"count":1,"href":"https:\/\/elfsight.com\/pl\/wp-json\/wp\/v2\/pages\/6430\/revisions"}],"predecessor-version":[{"id":6434,"href":"https:\/\/elfsight.com\/pl\/wp-json\/wp\/v2\/pages\/6430\/revisions\/6434"}],"up":[{"embeddable":true,"href":"https:\/\/elfsight.com\/pl\/wp-json\/wp\/v2\/pages\/2470"}],"wp:attachment":[{"href":"https:\/\/elfsight.com\/pl\/wp-json\/wp\/v2\/media?parent=6430"}],"curies":[{"name":"wp","href":"https:\/\/api.w.org\/{rel}","templated":true}]}}