{"id":6424,"date":"1970-01-01T00:00:00","date_gmt":"1970-01-01T00:00:00","guid":{"rendered":"https:\/\/elfsight.com\/pl\/?page_id=6424"},"modified":"2024-11-14T08:52:49","modified_gmt":"2024-11-14T08:52:49","slug":"google-sites","status":"publish","type":"page","link":"https:\/\/elfsight.com\/pl\/slider-widget\/google-sites\/","title":{"rendered":"Slider &#8211; Google Sites"},"content":{"rendered":"<div class=\"application-platform-content-item-description application-platform-content-item\" id=\"description\" data-nav-section=\"description\"> <h2>Osad\u017a Slider w Witrynach Google za pomoc\u0105 wid\u017cetu Elfsight<\/h2> <p>Elfsight Slider to proste narz\u0119dzie, kt\u00f3re pozwala przechwytywa\u0107 informacje o u\u017cytkownikach uwag\u0119, pokazuj\u0105c im wiele zdj\u0119\u0107, film\u00f3w lub najlepszych ofert na swojej stronie internetowej. Wykorzystaj dowoln\u0105 liczb\u0119 slajd\u00f3w, kt\u00f3rych potrzebujesz, aby zaprezentowa\u0107 swoje produkty i zaznaczy\u0107 gor\u0105ce oferty. Dodaj efekty wizualne i skaluj rozmiar obrazu\/wideo tak, jak potrzebujesz. Za pomoc\u0105 naszego narz\u0119dzia b\u0119dziesz w stanie stworzy\u0107 pozorny slider, kt\u00f3ry przyci\u0105gnie uwag\u0119 u\u017cytkownik\u00f3w i nie pozwoli im zbyt szybko opu\u015bci\u0107 Twojej witryny.<\/p> <p><b>Zacznij u\u017cywa\u0107 Image Slider, aby zabra\u0107 ze sob\u0105 swoje wyzwania biznesowe!<\/b><\/p> <\/div> <div class=\"application-platform-content-item-features application-platform-content-item\" id=\"features\" data-nav-section=\"features\"> <h2>Wy\u015bwietl list\u0119 najwa\u017cniejszych funkcji: <\/h2> <ul><li>Dodawaj obrazy\/filmy wed\u0142ug adresu URL lub prze\u015blij bezpo\u015brednio ze swojego urz\u0105dzenia<\/li><li>Przyciski wezwania do dzia\u0142ania<\/li><li>Plakietki z wieloma opcjami projektowania (wype\u0142nione\/obrysowane, skalowalny rozmiar elementu) <\/li><li>Automatyczne przej\u015bcia slajd\u00f3w <\/li><li>Nawigacja przesuwana<\/li><\/ul><p><a href=\"#demo\">Odkryj wszystkie funkcje personalizacji w pe\u0142ni funkcjonalnej wersji demonstracyjnej<\/a><\/p> <\/div> <div class=\"application-platform-content-item-installation application-platform-content-item\" id=\"installation\" data-nav-section=\"installation\"> <h2>Jak doda\u0107 Slider do mojej strony internetowej Witryn Google? <\/h2> <p>Wystarczy post\u0119powa\u0107 zgodnie z poni\u017cszymi instrukcjami, aby rozpocz\u0105\u0107 prac\u0119 z wtyczk\u0105. <\/p> <ol><li><b>Uruchom nasz darmowy edytor i zacznij tworzy\u0107 niestandardow\u0105 wtyczk\u0119. <\/b><br> Okre\u015bl odpowiedni\u0105 form\u0119 i aspekty narz\u0119dzia oraz zastosuj zmiany. <\/li> <li><b>Skopiuj sw\u00f3j osobisty kod wy\u015bwietlany w specjalnym formularzu w aplikacjach Elfsight. <\/b><br> Po zako\u0144czeniu dostosowywania Twojego osobistego narz\u0119dzia skopiuj osobisty kod w wy\u015bwietlonym polu i zapisz go na p\u00f3\u017aniej. <\/li> <li><b>Rozpocznij korzystanie z wid\u017cetu na stronie \u043f\u043b\u0430\u0442\u0444\u043e\u0440\u043c\u0430. <\/b><br> Zaimplementuj zapisany wcze\u015bniej kod na swojej stronie g\u0142\u00f3wnej i zastosuj ulepszenia. <\/li> <li><b>Gotowe! Osadzanie zosta\u0142o w pe\u0142ni zako\u0144czone. <\/b><br> Przejd\u017a na swoj\u0105 stron\u0119 internetow\u0105, aby sprawdzi\u0107 dzia\u0142anie wtyczki. <\/li><\/ol> <div class=\"tip-yellow tip\"><b>Ze wzgl\u0119du na specyfik\u0119 dzia\u0142ania Witryn Google wid\u017cet mo\u017ce wygl\u0105da\u0107 inaczej ni\u017c wersja demonstracyjna online. Przepraszamy za wszelkie niedogodno\u015bci.<\/b><\/div><p>Je\u015bli masz pytania lub napotkasz jakiekolwiek trudno\u015bci, nie wahaj si\u0119 zwr\u00f3ci\u0107 do naszego personelu pomocy technicznej. Nasi specjali\u015bci z przyjemno\u015bci\u0105 pomog\u0105 Ci we wszystkich trudno\u015bciach, jakie mo\u017cesz mie\u0107 z wtyczk\u0105. <\/p> <div class=\"faq\" data-component=\"FAQ\"><div class=\"faq-item\">\r\n\t\t\t\t\t<div class=\"faq-item-question\">\r\n\t\t\t\t\t\t<h3 class=\"faq-item-question-text\">W jaki spos\u00f3b mo\u017cna doda\u0107 Slider do moich Witryn Google bez umiej\u0119tno\u015bci kodowania?<\/h3>\r\n\r\n\t\t\t\t\t\t<div class=\"faq-item-question-icon\"><\/div>\r\n\t\t\t\t\t<\/div>\r\n\r\n\t\t\t\t\t<div class=\"faq-item-answer\">\r\n\t\t\t\t\t\t<div class=\"faq-item-answer-text\"> <p>Elfsight wprowadza rozwi\u0105zanie w chmurze, kt\u00f3re umo\u017cliwia u\u017cytkownikom samodzielne wygenerowanie wid\u017cetu Slider, naucz si\u0119 prostych krok\u00f3w: Pracuj bezpo\u015brednio w wersji demonstracyjnej online, aby wygenerowa\u0107 wtyczk\u0119 Slider, kt\u00f3r\u0105 chcesz umie\u015bci\u0107 w swojej witrynie Witryn Google. Wybierz jeden z naszych gotowych szablon\u00f3w i dostosuj ustawienia Slidera, zaktualizuj tre\u015b\u0107, zmie\u0144 uk\u0142ad i schemat kolor\u00f3w bez kodowania. Kliknij, aby zapisa\u0107 ustawienia wprowadzone w Sliderze i uzyska\u0107 kod wid\u017cetu do umieszczenia na stronie, kt\u00f3ry mo\u017cna \u0142atwo i bezp\u0142atnie doda\u0107 na dowolnej stronie g\u0142\u00f3wnej Witryn Google. Dzi\u0119ki prostemu edytorowi ka\u017cdy u\u017cytkownik Internetu mo\u017ce wygenerowa\u0107 wid\u017cet Slider online i \u0142atwo umie\u015bci\u0107 go na stronie g\u0142\u00f3wnej Witryn Google. Nie powiniene\u015b otrzymywa\u0107 p\u0142atnej subskrypcji ani wprowadza\u0107 danych uwierzytelniaj\u0105cych karty, aby uzyska\u0107 dost\u0119p do Edytora Elfsight. Je\u015bli na kt\u00f3rymkolwiek etapie napotkasz jakiekolwiek problemy, nie wahaj si\u0119 skontaktowa\u0107 z naszym personelem pomocy technicznej.<\/p> <\/div>\r\n\t\t\t\t\t<\/div>\r\n\t\t\t\t<\/div> <\/div><\/div>","protected":false},"excerpt":{"rendered":"","protected":false},"author":9,"featured_media":0,"parent":2470,"menu_order":0,"comment_status":"closed","ping_status":"closed","template":"templates\/template-application-platform.php","meta":{"publish_to_discourse":"","publish_post_category":"","wpdc_auto_publish_overridden":"","wpdc_topic_tags":"","wpdc_pin_topic":"","wpdc_pin_until":"","discourse_post_id":"","discourse_permalink":"","wpdc_publishing_response":"","wpdc_publishing_error":"","footnotes":""},"class_list":["post-6424","page","type-page","status-publish","hentry"],"yoast_head":"<!-- This site is optimized with the Yoast SEO plugin v25.3.1 - https:\/\/yoast.com\/wordpress\/plugins\/seo\/ -->\n<title>Image Slider \u2014 dodaj wtyczk\u0119 Photo Slider do Witryn Google [2025]<\/title>\n<meta name=\"description\" content=\"Umie\u015b\u0107 responsywny wid\u017cet Slider w swojej witrynie Google Sites. Skorzystaj z por\u0119cznej wersji demonstracyjnej Elfsight i wygeneruj unikaln\u0105 wtyczk\u0119 w zaledwie 2 minuty.\" \/>\n<meta name=\"robots\" content=\"index, follow, max-snippet:-1, max-image-preview:large, max-video-preview:-1\" \/>\n<link rel=\"canonical\" href=\"https:\/\/elfsight.com\/pl\/slider-widget\/google-sites\/\" \/>\n<meta property=\"og:locale\" content=\"pl_PL\" \/>\n<meta property=\"og:type\" content=\"article\" \/>\n<meta property=\"og:title\" content=\"Image Slider \u2014 dodaj wtyczk\u0119 Photo Slider do Witryn Google [2025]\" \/>\n<meta property=\"og:description\" content=\"Umie\u015b\u0107 responsywny wid\u017cet Slider w swojej witrynie Google Sites. Skorzystaj z por\u0119cznej wersji demonstracyjnej Elfsight i wygeneruj unikaln\u0105 wtyczk\u0119 w zaledwie 2 minuty.\" \/>\n<meta property=\"og:url\" content=\"https:\/\/elfsight.com\/pl\/slider-widget\/google-sites\/\" \/>\n<meta property=\"og:site_name\" content=\"Elfsight PL\" \/>\n<meta property=\"article:modified_time\" content=\"2024-11-14T08:52:49+00:00\" \/>\n<meta name=\"twitter:card\" content=\"summary_large_image\" \/>\n<meta name=\"twitter:label1\" content=\"Szacowany czas czytania\" \/>\n\t<meta name=\"twitter:data1\" content=\"3 minuty\" \/>\n<!-- \/ Yoast SEO plugin. -->","yoast_head_json":{"title":"Image Slider \u2014 dodaj wtyczk\u0119 Photo Slider do Witryn Google [2025]","description":"Umie\u015b\u0107 responsywny wid\u017cet Slider w swojej witrynie Google Sites. Skorzystaj z por\u0119cznej wersji demonstracyjnej Elfsight i wygeneruj unikaln\u0105 wtyczk\u0119 w zaledwie 2 minuty.","robots":{"index":"index","follow":"follow","max-snippet":"max-snippet:-1","max-image-preview":"max-image-preview:large","max-video-preview":"max-video-preview:-1"},"canonical":"https:\/\/elfsight.com\/pl\/slider-widget\/google-sites\/","og_locale":"pl_PL","og_type":"article","og_title":"Image Slider \u2014 dodaj wtyczk\u0119 Photo Slider do Witryn Google [2025]","og_description":"Umie\u015b\u0107 responsywny wid\u017cet Slider w swojej witrynie Google Sites. Skorzystaj z por\u0119cznej wersji demonstracyjnej Elfsight i wygeneruj unikaln\u0105 wtyczk\u0119 w zaledwie 2 minuty.","og_url":"https:\/\/elfsight.com\/pl\/slider-widget\/google-sites\/","og_site_name":"Elfsight PL","article_modified_time":"2024-11-14T08:52:49+00:00","twitter_card":"summary_large_image","twitter_misc":{"Szacowany czas czytania":"3 minuty"},"schema":{"@context":"https:\/\/schema.org","@graph":[{"@type":"WebPage","@id":"https:\/\/elfsight.com\/pl\/slider-widget\/google-sites\/","url":"https:\/\/elfsight.com\/pl\/slider-widget\/google-sites\/","name":"Image Slider \u2014 dodaj wtyczk\u0119 Photo Slider do Witryn Google [2025]","isPartOf":{"@id":"https:\/\/elfsight.com\/pl\/#website"},"datePublished":"1970-01-01T00:00:00+00:00","dateModified":"2024-11-14T08:52:49+00:00","description":"Umie\u015b\u0107 responsywny wid\u017cet Slider w swojej witrynie Google Sites. Skorzystaj z por\u0119cznej wersji demonstracyjnej Elfsight i wygeneruj unikaln\u0105 wtyczk\u0119 w zaledwie 2 minuty.","breadcrumb":{"@id":"https:\/\/elfsight.com\/pl\/slider-widget\/google-sites\/#breadcrumb"},"inLanguage":"pl-PL","potentialAction":[{"@type":"ReadAction","target":["https:\/\/elfsight.com\/pl\/slider-widget\/google-sites\/"]}]},{"@type":"BreadcrumbList","@id":"https:\/\/elfsight.com\/pl\/slider-widget\/google-sites\/#breadcrumb","itemListElement":[{"@type":"ListItem","position":1,"name":"Home","item":"https:\/\/elfsight.com\/pl\/"},{"@type":"ListItem","position":2,"name":"Slider","item":"https:\/\/elfsight.com\/pl\/slider-widget\/"},{"@type":"ListItem","position":3,"name":"Slider &#8211; Google Sites"}]},{"@type":"WebSite","@id":"https:\/\/elfsight.com\/pl\/#website","url":"https:\/\/elfsight.com\/pl\/","name":"Elfsight PL","description":"Just another Elfsight Sites site","potentialAction":[{"@type":"SearchAction","target":{"@type":"EntryPoint","urlTemplate":"https:\/\/elfsight.com\/pl\/?s={search_term_string}"},"query-input":{"@type":"PropertyValueSpecification","valueRequired":true,"valueName":"search_term_string"}}],"inLanguage":"pl-PL"}]}},"meta_box":{"industry":"","seo_heading":"","heading":"","description":"","cta_heading":"","cta_description":"","application":"2469","h1":"Widget Suwak Witryn Google","h1_caption":"Dodaj suwak obrazu lub tre\u015bci do swojej witryny, aby bez wysi\u0142ku prezentowa\u0107 elementy wizualne, promocje i najwa\u017cniejsze tre\u015bci w dynamiczny spos\u00f3b w Witrynach Google.","application_category":[],"applications_title":"","applications_request_title":"","applications_request_button_text":"","hero_text":"","hero_video":"","hero_video_schema_markup":"","selling_points_title":"","selling_points_caption":"","selling_points":[],"selling_points_cta_text":"","features_title":"","features":"","ed_cta_examples_text":"","ed_cta_examples_hidden":"","ed_cta_demo_text":"","ed_cta_demo_hidden":"","why_caption":"","why_editor_title":"","why_editor_text":"","why_team_title":"","why_team_text":"","why_service_title":"","why_service_text":"","template_catalog_visible":"","template_catalog_title":"","template_catalog_text":"","template_catalog_categories_visible":"","demo_title":"Utw\u00f3rz wid\u017cet Slider","demo_caption":"Skonfiguruj Slider i dodaj go do swojej witryny Google Sites za darmo!","default_faq_hidden":"","app_template_category":[],"platform":"484","template_public_id":"","codecanyon_url":"","codecanyon_item_id":"","codecanyon_price":"","pricing_caption":"","pricing_elfsight_apps_hide_column":"","pricing_elfsight_apps_url":"","pricing_codecanyon_price_caption":"","integration_category":[],"integration_request_title":"","integration_request_cta":"","integration_platform":"","integrations":[],"platform_category":[],"video_schema_markup":"","price":"od 0 USD \/ miesi\u0105c","trial":"","benefits":[{"text":"Bezp\u0142atna us\u0142uga monta\u017cu"},{"text":"Kompetentna obs\u0142uga klienta"},{"text":"14-dniowa gwarancja zwrotu pieni\u0119dzy"}],"button_url":"#demo","button_target_blank":"","button_nofollow":"","attributes":[{"name":"Instaluje"},{"name":"Czu\u0142y"},{"name":"Kompatybilne przegl\u0105darki"}],"tags":[],"tags_disable_links":"","hide_more_platforms":"","video_object":"","demo_hide_cta":"","demo_hide_cloud_options":"","pricing_title":"","pricing":[{"pricing_icon":"platform","pricing_title":"Elfsight Apps","pricing_title_caption":"Rozwi\u0105zanie wieloplatformowe","pricing_price":"od 0 USD \/ miesi\u0105c","pricing_price_caption":"zacznij od bezp\u0142atnego planu","pricing_benefits":[{"text":"Nielimitowane domeny"},{"text":"Bezp\u0142atne i terminowe wsparcie"},{"text":"Bezp\u0142atna pomoc w monta\u017cu"},{"text":"Specjalna cena za wiele aplikacji"}],"pricing_button_text":"Dodaj do witryny","pricing_button_url":"#demo"}],"related_apps_title":"","related_apps_hidden":"","author":"","image":[],"title":"","job":"","social_networks":[]},"_links":{"self":[{"href":"https:\/\/elfsight.com\/pl\/wp-json\/wp\/v2\/pages\/6424","targetHints":{"allow":["GET"]}}],"collection":[{"href":"https:\/\/elfsight.com\/pl\/wp-json\/wp\/v2\/pages"}],"about":[{"href":"https:\/\/elfsight.com\/pl\/wp-json\/wp\/v2\/types\/page"}],"author":[{"embeddable":true,"href":"https:\/\/elfsight.com\/pl\/wp-json\/wp\/v2\/users\/9"}],"replies":[{"embeddable":true,"href":"https:\/\/elfsight.com\/pl\/wp-json\/wp\/v2\/comments?post=6424"}],"version-history":[{"count":1,"href":"https:\/\/elfsight.com\/pl\/wp-json\/wp\/v2\/pages\/6424\/revisions"}],"predecessor-version":[{"id":6428,"href":"https:\/\/elfsight.com\/pl\/wp-json\/wp\/v2\/pages\/6424\/revisions\/6428"}],"up":[{"embeddable":true,"href":"https:\/\/elfsight.com\/pl\/wp-json\/wp\/v2\/pages\/2470"}],"wp:attachment":[{"href":"https:\/\/elfsight.com\/pl\/wp-json\/wp\/v2\/media?parent=6424"}],"curies":[{"name":"wp","href":"https:\/\/api.w.org\/{rel}","templated":true}]}}