{"id":6423,"date":"1970-01-01T00:00:00","date_gmt":"1970-01-01T00:00:00","guid":{"rendered":"https:\/\/elfsight.com\/pl\/?page_id=6423"},"modified":"2024-10-25T11:59:19","modified_gmt":"2024-10-25T11:59:19","slug":"godaddy","status":"publish","type":"page","link":"https:\/\/elfsight.com\/pl\/slider-widget\/godaddy\/","title":{"rendered":"Slider &#8211; GoDaddy"},"content":{"rendered":"<div class=\"application-platform-content-item-description application-platform-content-item\" id=\"description\" data-nav-section=\"description\"> <h2>Osad\u017a Slider w GoDaddy za pomoc\u0105 wid\u017cetu Elfsight<\/h2> <p>Elfsight Slider to prosta wtyczka do GoDaddy, kt\u00f3ra umo\u017cliwia przechwytywanie u\u017cytkownik\u00f3w uwag\u0119, pokazuj\u0105c im wiele zdj\u0119\u0107, film\u00f3w lub najlepszych ofert na swojej stronie internetowej. Wykorzystaj dowoln\u0105 liczb\u0119 slajd\u00f3w, kt\u00f3rych potrzebujesz, aby zaprezentowa\u0107 swoje produkty i zaznaczy\u0107 gor\u0105ce oferty. Dodaj efekty wizualne i skaluj rozmiar obrazu\/wideo tak, jak potrzebujesz. Za pomoc\u0105 naszego narz\u0119dzia stworzysz efektowny slider, kt\u00f3ry przyci\u0105gnie uwag\u0119 u\u017cytkownik\u00f3w i nie pozwoli im zbyt szybko opu\u015bci\u0107 Twojej witryny.<\/p> <p><b>Zdob\u0105d\u017a now\u0105 sprzeda\u017c prezentuj\u0105c Twoj\u0105 najbardziej kusz\u0105c\u0105 ofert\u0119 oferty z aktywnym przyciskiem!<\/b><\/p> <\/div> <div class=\"application-platform-content-item-features application-platform-content-item\" id=\"features\" data-nav-section=\"features\"> <h2>To tylko kilka z r\u00f3\u017cnych funkcji wtyczki: <\/h2> <ul><li>Dodaj obrazy \/ filmy wed\u0142ug adresu URL lub przesy\u0142aj bezpo\u015brednio z urz\u0105dzenia<\/li><li>Odznaki z wieloma opcjami projektowania (wype\u0142nione\/obrysowane, skalowalny rozmiar elementu)<\/li><li>Regulowany czas prze\u0142\u0105czania slajd\u00f3w<\/li><li>Paginacja (punktory, obrysy, miniatury, liczby)<\/li><li>Elastyczny uk\u0142ad \u2014 umie\u015b\u0107 tekst w dowolnym miejscu strony<\/li><\/ul><p><a href=\"#demo\">Mo\u017cesz odkry\u0107 pe\u0142na funkcjonalno\u015b\u0107 wtyczki w wersji demonstracyjnej tutaj<\/a><\/p> <\/div> <div class=\"application-platform-content-item-installation application-platform-content-item\" id=\"installation\" data-nav-section=\"installation\"> <h2>Jak doda\u0107 Slider na mojej stronie GoDaddy? <\/h2> <p>Wystarczy wykona\u0107 kilka krok\u00f3w przedstawionych poni\u017cej, aby aktywowa\u0107 wtyczk\u0119. <\/p> <ol><li><b>Uruchom nasz darmowy konfigurator i zacznij kszta\u0142towa\u0107 sw\u00f3j unikalny instrument. <\/b><br> Wybierz preferowan\u0105 form\u0119 i funkcjonalno\u015b\u0107 narz\u0119dzia oraz nanie\u015b poprawki. <\/li> <li><b>Uzyskaj indywidualny kod pojawiaj\u0105cy si\u0119 w polu aplikacji Elfsight. <\/b><br> Zaraz po utworzeniu narz\u0119dzia skopiuj ekskluzywny kod z pojawiaj\u0105cego si\u0119 wyskakuj\u0105cego okienka i zachowaj go do wykorzystania w przysz\u0142o\u015bci. <\/li> <li><b>Zainicjuj u\u017cycie wtyczki na swojej stronie g\u0142\u00f3wnej GoDaddy. <\/b><br> Zintegruj ostatnio zapisany kod na swojej stronie i zastosuj zmiany. <\/li> <li><b>Gotowe! Osadzanie zosta\u0142o pomy\u015blnie wykonane. <\/b><br> Przejd\u017a do swojej witryny i zobacz, jak dzia\u0142a narz\u0119dzie. <\/li><\/ol> <p>Je\u015bli napotkasz jakiekolwiek problemy, nie wahaj si\u0119 skontaktowa\u0107 z naszym personelem pomocniczym. Nasi ludzie pragn\u0105 rozwi\u0105za\u0107 wszystkie pytania, jakie mo\u017cesz mie\u0107 w zwi\u0105zku z wtyczk\u0105. <\/p> <div class=\"faq\" data-component=\"FAQ\"><div class=\"faq-item\">\r\n\t\t\t\t\t<div class=\"faq-item-question\">\r\n\t\t\t\t\t\t<h3 class=\"faq-item-question-text\">W jaki spos\u00f3b mo\u017cna osadzi\u0107 Prezentacj\u0119 Logo w mojej Joomla bez umiej\u0119tno\u015bci kodowania?<\/h3>\r\n\r\n\t\t\t\t\t\t<div class=\"faq-item-question-icon\"><\/div>\r\n\t\t\t\t\t<\/div>\r\n\r\n\t\t\t\t\t<div class=\"faq-item-answer\">\r\n\t\t\t\t\t\t<div class=\"faq-item-answer-text\"> <p>Elfsight dostarcza rozwi\u0105zanie, kt\u00f3re pozwala u\u017cytkownikom samodzielnie utworzy\u0107 sekcj\u0119 Prezentacji Logo, odkryj jakie to nieskomplikowane: Przejd\u017a do wersji demonstracyjnej na \u017cywo, aby utworzy\u0107 sekcj\u0119 Prezentacji logo, kt\u00f3r\u0105 chcesz umie\u015bci\u0107 na stronie g\u0142\u00f3wnej Joomla. Wybierz jeden z naszych wst\u0119pnie zaprojektowanych szablon\u00f3w i zmie\u0144 ustawienia Logo Showcase, zaktualizuj tre\u015b\u0107, zmie\u0144 uk\u0142ad i kolory bez kodowania. Kliknij, aby zapisa\u0107 Logo Showcase i skopiuj kod instalacyjny wtyczki, kt\u00f3ry mo\u017cna \u0142atwo i bezp\u0142atnie umie\u015bci\u0107 na stronie Joomla. Za pomoc\u0105 naszego intuicyjnego Konfiguratora ka\u017cdy u\u017cytkownik sieci mo\u017ce stworzy\u0107 sekcj\u0119 Logo Showcase online i bez problemu doda\u0107 j\u0105 do strony Joomla. Aby wej\u015b\u0107 do us\u0142ugi, nie powiniene\u015b wykupi\u0107 p\u0142atnej subskrypcji ani ujawnia\u0107 danych logowania do swojej karty. Je\u015bli na kt\u00f3rymkolwiek etapie napotkasz jakiekolwiek problemy, nie wahaj si\u0119 skontaktowa\u0107 z naszym personelem pomocy technicznej.<\/p> <\/div>\r\n\t\t\t\t\t<\/div>\r\n\t\t\t\t<\/div> <\/div><\/div>","protected":false},"excerpt":{"rendered":"","protected":false},"author":9,"featured_media":0,"parent":2470,"menu_order":0,"comment_status":"closed","ping_status":"closed","template":"templates\/template-application-platform.php","meta":{"publish_to_discourse":"","publish_post_category":"","wpdc_auto_publish_overridden":"","wpdc_topic_tags":"","wpdc_pin_topic":"","wpdc_pin_until":"","discourse_post_id":"","discourse_permalink":"","wpdc_publishing_response":"","wpdc_publishing_error":"","footnotes":""},"class_list":["post-6423","page","type-page","status-publish","hentry"],"yoast_head":"<!-- This site is optimized with the Yoast SEO plugin v25.3.1 - https:\/\/yoast.com\/wordpress\/plugins\/seo\/ -->\n<title>Responsywny Slider - Dodaj wtyczk\u0119 Slider do witryny GoDaddy!<\/title>\n<meta name=\"description\" content=\"Dodaj responsywn\u0105 i atrakcyjn\u0105 wtyczk\u0119 Slider do swojej witryny GoDaddy i zobacz, jak szybko ro\u015bnie liczba odbiorc\u00f3w Twojej witryny! Z \u0142atwo\u015bci\u0105 rozwijaj sw\u00f3j biznes!\" \/>\n<meta name=\"robots\" content=\"index, follow, max-snippet:-1, max-image-preview:large, max-video-preview:-1\" \/>\n<link rel=\"canonical\" href=\"https:\/\/elfsight.com\/pl\/slider-widget\/godaddy\/\" \/>\n<meta property=\"og:locale\" content=\"pl_PL\" \/>\n<meta property=\"og:type\" content=\"article\" \/>\n<meta property=\"og:title\" content=\"Responsywny Slider - Dodaj wtyczk\u0119 Slider do witryny GoDaddy!\" \/>\n<meta property=\"og:description\" content=\"Dodaj responsywn\u0105 i atrakcyjn\u0105 wtyczk\u0119 Slider do swojej witryny GoDaddy i zobacz, jak szybko ro\u015bnie liczba odbiorc\u00f3w Twojej witryny! Z \u0142atwo\u015bci\u0105 rozwijaj sw\u00f3j biznes!\" \/>\n<meta property=\"og:url\" content=\"https:\/\/elfsight.com\/pl\/slider-widget\/godaddy\/\" \/>\n<meta property=\"og:site_name\" content=\"Elfsight PL\" \/>\n<meta property=\"article:modified_time\" content=\"2024-10-25T11:59:19+00:00\" \/>\n<meta name=\"twitter:card\" content=\"summary_large_image\" \/>\n<meta name=\"twitter:label1\" content=\"Szacowany czas czytania\" \/>\n\t<meta name=\"twitter:data1\" content=\"3 minuty\" \/>\n<!-- \/ Yoast SEO plugin. -->","yoast_head_json":{"title":"Responsywny Slider - Dodaj wtyczk\u0119 Slider do witryny GoDaddy!","description":"Dodaj responsywn\u0105 i atrakcyjn\u0105 wtyczk\u0119 Slider do swojej witryny GoDaddy i zobacz, jak szybko ro\u015bnie liczba odbiorc\u00f3w Twojej witryny! Z \u0142atwo\u015bci\u0105 rozwijaj sw\u00f3j biznes!","robots":{"index":"index","follow":"follow","max-snippet":"max-snippet:-1","max-image-preview":"max-image-preview:large","max-video-preview":"max-video-preview:-1"},"canonical":"https:\/\/elfsight.com\/pl\/slider-widget\/godaddy\/","og_locale":"pl_PL","og_type":"article","og_title":"Responsywny Slider - Dodaj wtyczk\u0119 Slider do witryny GoDaddy!","og_description":"Dodaj responsywn\u0105 i atrakcyjn\u0105 wtyczk\u0119 Slider do swojej witryny GoDaddy i zobacz, jak szybko ro\u015bnie liczba odbiorc\u00f3w Twojej witryny! Z \u0142atwo\u015bci\u0105 rozwijaj sw\u00f3j biznes!","og_url":"https:\/\/elfsight.com\/pl\/slider-widget\/godaddy\/","og_site_name":"Elfsight PL","article_modified_time":"2024-10-25T11:59:19+00:00","twitter_card":"summary_large_image","twitter_misc":{"Szacowany czas czytania":"3 minuty"},"schema":{"@context":"https:\/\/schema.org","@graph":[{"@type":"WebPage","@id":"https:\/\/elfsight.com\/pl\/slider-widget\/godaddy\/","url":"https:\/\/elfsight.com\/pl\/slider-widget\/godaddy\/","name":"Responsywny Slider - Dodaj wtyczk\u0119 Slider do witryny GoDaddy!","isPartOf":{"@id":"https:\/\/elfsight.com\/pl\/#website"},"datePublished":"1970-01-01T00:00:00+00:00","dateModified":"2024-10-25T11:59:19+00:00","description":"Dodaj responsywn\u0105 i atrakcyjn\u0105 wtyczk\u0119 Slider do swojej witryny GoDaddy i zobacz, jak szybko ro\u015bnie liczba odbiorc\u00f3w Twojej witryny! Z \u0142atwo\u015bci\u0105 rozwijaj sw\u00f3j biznes!","breadcrumb":{"@id":"https:\/\/elfsight.com\/pl\/slider-widget\/godaddy\/#breadcrumb"},"inLanguage":"pl-PL","potentialAction":[{"@type":"ReadAction","target":["https:\/\/elfsight.com\/pl\/slider-widget\/godaddy\/"]}]},{"@type":"BreadcrumbList","@id":"https:\/\/elfsight.com\/pl\/slider-widget\/godaddy\/#breadcrumb","itemListElement":[{"@type":"ListItem","position":1,"name":"Home","item":"https:\/\/elfsight.com\/pl\/"},{"@type":"ListItem","position":2,"name":"Slider","item":"https:\/\/elfsight.com\/pl\/slider-widget\/"},{"@type":"ListItem","position":3,"name":"Slider &#8211; GoDaddy"}]},{"@type":"WebSite","@id":"https:\/\/elfsight.com\/pl\/#website","url":"https:\/\/elfsight.com\/pl\/","name":"Elfsight PL","description":"Just another Elfsight Sites site","potentialAction":[{"@type":"SearchAction","target":{"@type":"EntryPoint","urlTemplate":"https:\/\/elfsight.com\/pl\/?s={search_term_string}"},"query-input":{"@type":"PropertyValueSpecification","valueRequired":true,"valueName":"search_term_string"}}],"inLanguage":"pl-PL"}]}},"meta_box":{"industry":"","seo_heading":"","heading":"","description":"","cta_heading":"","cta_description":"","application":"2469","h1":"Wtyczka GoDaddy Slider","h1_caption":"Dodaj suwak obrazu lub tre\u015bci do swojej witryny, aby bez wysi\u0142ku wy\u015bwietla\u0107 elementy wizualne, promocje lub najwa\u017cniejsze tre\u015bci w swojej witrynie GoDaddy w dynamiczny spos\u00f3b.","application_category":[],"applications_title":"","applications_request_title":"","applications_request_button_text":"","hero_text":"","hero_video":"","hero_video_schema_markup":"","selling_points_title":"","selling_points_caption":"","selling_points":[],"selling_points_cta_text":"","features_title":"","features":"","ed_cta_examples_text":"","ed_cta_examples_hidden":"","ed_cta_demo_text":"","ed_cta_demo_hidden":"","why_caption":"","why_editor_title":"","why_editor_text":"","why_team_title":"","why_team_text":"","why_service_title":"","why_service_text":"","template_catalog_visible":"","template_catalog_title":"","template_catalog_text":"","template_catalog_categories_visible":"","demo_title":"\u015amia\u0142o, mo\u017cesz kszta\u0142towa\u0107 dostosowany do Twoich potrzeb Slider GoDaddy","demo_caption":"Dostosuj i dodaj narz\u0119dzie na swojej stronie, korzystaj\u0105c z wersji demonstracyjnej na \u017cywo.","default_faq_hidden":"","app_template_category":[],"platform":"180","template_public_id":"","codecanyon_url":"","codecanyon_item_id":"","codecanyon_price":"","pricing_caption":"","pricing_elfsight_apps_hide_column":"","pricing_elfsight_apps_url":"","pricing_codecanyon_price_caption":"","integration_category":[],"integration_request_title":"","integration_request_cta":"","integration_platform":"","integrations":[],"platform_category":[],"video_schema_markup":"","price":"od 0 USD \/ miesi\u0105c","trial":"","benefits":[{"text":"Bezp\u0142atna pomoc w monta\u017cu"},{"text":"Wyj\u0105tkowe wsparcie"},{"text":"14-dniowa gwarancja zwrotu pieni\u0119dzy"}],"button_url":"#demo","button_target_blank":"","button_nofollow":"","attributes":[{"name":"Instaluje"},{"name":"Czu\u0142y"},{"name":"Kompatybilne przegl\u0105darki"}],"tags":[],"tags_disable_links":"","hide_more_platforms":"","video_object":"","demo_hide_cta":"","demo_hide_cloud_options":"","pricing_title":"","pricing":[{"pricing_icon":"platform","pricing_title":"Elfsight Apps","pricing_title_caption":"Wieloplatformowe rozwi\u0105zanie cyfrowe, kt\u00f3re dzia\u0142a w dowolnej witrynie","pricing_price":"od 0 USD \/ miesi\u0105c","pricing_price_caption":"zacznij od bezp\u0142atnego planu","pricing_benefits":[{"text":"Nielimitowane strony internetowe"},{"text":"Szybka pomoc i dobrze udokumentowana"},{"text":"Bezp\u0142atna pomoc w instalacji"},{"text":"W pe\u0142ni konfigurowalny"}],"pricing_button_text":"Dodaj do witryny","pricing_button_url":"#demo"}],"related_apps_title":"","related_apps_hidden":"","author":"","image":[],"title":"","job":"","social_networks":[]},"_links":{"self":[{"href":"https:\/\/elfsight.com\/pl\/wp-json\/wp\/v2\/pages\/6423","targetHints":{"allow":["GET"]}}],"collection":[{"href":"https:\/\/elfsight.com\/pl\/wp-json\/wp\/v2\/pages"}],"about":[{"href":"https:\/\/elfsight.com\/pl\/wp-json\/wp\/v2\/types\/page"}],"author":[{"embeddable":true,"href":"https:\/\/elfsight.com\/pl\/wp-json\/wp\/v2\/users\/9"}],"replies":[{"embeddable":true,"href":"https:\/\/elfsight.com\/pl\/wp-json\/wp\/v2\/comments?post=6423"}],"version-history":[{"count":1,"href":"https:\/\/elfsight.com\/pl\/wp-json\/wp\/v2\/pages\/6423\/revisions"}],"predecessor-version":[{"id":6427,"href":"https:\/\/elfsight.com\/pl\/wp-json\/wp\/v2\/pages\/6423\/revisions\/6427"}],"up":[{"embeddable":true,"href":"https:\/\/elfsight.com\/pl\/wp-json\/wp\/v2\/pages\/2470"}],"wp:attachment":[{"href":"https:\/\/elfsight.com\/pl\/wp-json\/wp\/v2\/media?parent=6423"}],"curies":[{"name":"wp","href":"https:\/\/api.w.org\/{rel}","templated":true}]}}