{"id":6421,"date":"1970-01-01T00:00:00","date_gmt":"1970-01-01T00:00:00","guid":{"rendered":"https:\/\/elfsight.com\/pl\/?page_id=6421"},"modified":"2024-10-25T11:59:11","modified_gmt":"2024-10-25T11:59:11","slug":"jimdo","status":"publish","type":"page","link":"https:\/\/elfsight.com\/pl\/slider-widget\/jimdo\/","title":{"rendered":"Slider &#8211; Jimdo"},"content":{"rendered":"<div class=\"application-platform-content-item-description application-platform-content-item\" id=\"description\" data-nav-section=\"description\"><h2>Opis<\/h2> <p>Elfsight Slider to proste narz\u0119dzie, kt\u00f3re pozwala przyci\u0105gn\u0105\u0107 uwag\u0119 u\u017cytkownik\u00f3w poprzez pokazanie im wielu obraz\u00f3w i film\u00f3w lub najlepsze oferty na Twojej stronie internetowej. Wykorzystaj dowoln\u0105 liczb\u0119 slajd\u00f3w, kt\u00f3rych potrzebujesz, aby zaprezentowa\u0107 swoje produkty i zaznaczy\u0107 gor\u0105ce oferty. Dodaj efekty wizualne i skaluj rozmiar obrazu\/wideo tak, jak potrzebujesz. Za pomoc\u0105 naszego narz\u0119dzia stworzysz pozorny slider, kt\u00f3ry przyci\u0105gnie uwag\u0119 u\u017cytkownika i nie pozwoli mu zbyt szybko opu\u015bci\u0107 Twojej witryny. <\/p> <p><b>Uruchom Slider, aby efektywniej osi\u0105ga\u0107 cele biznesowe! <\/b><\/p> <\/div> <div class=\"application-platform-content-item-features application-platform-content-item\" id=\"features\" data-nav-section=\"features\"> <h2>To tylko kilka cennych funkcji wid\u017cetu: <\/h2> <ul><li>Dodawaj obrazy\/filmy wed\u0142ug adresu URL lub przesy\u0142aj bezpo\u015brednio ze swojego urz\u0105dzenia<\/li><li>Zap\u0119tlony film w tle<\/li><li>Przyciski wezwania do dzia\u0142ania<\/li><li>Regulowany czas prze\u0142\u0105czania slajd\u00f3w<\/li><li>Paginacja (poci\u0105gni\u0119cia, punktory, miniatury, liczby)<\/li><li>Nawigacja przesuwana<\/li><li>Nak\u0142adanie tre\u015bci slajd po slajdzie<\/li><li>Mo\u017cliwo\u015b\u0107 wstrzymania slajdu po najechaniu myszk\u0105<\/li><li>Poka\u017c pasek post\u0119pu <\/li><li>Dwie r\u00f3\u017cne opcje przej\u015bcia obrazu: Zanikanie i Przesuwanie<\/li><li>Nieograniczona liczba slajd\u00f3w<\/li><\/ul><p><a href=\"#demo\">Po prostu sprawd\u017a to demo, aby uzyska\u0107 pe\u0142ny obraz<\/a><\/p> <\/div> <div class=\"application-platform-content-item-installation application-platform-content-item\" id=\"installation\" data-nav-section=\"installation\"> <h2>Jak doda\u0107 Slider do strony internetowej Jimdo? <\/h2> <p>Wystarczy zastosowa\u0107 si\u0119 do poni\u017cszych instrukcji, aby rozpocz\u0105\u0107 prac\u0119 z narz\u0119dziem. <\/p> <ol><li><b>Uruchom nasze bezp\u0142atne demo i zacznij tworzy\u0107 spersonalizowany widget. <\/b><br> Znajd\u017a niestandardowy projekt i parametry wid\u017cetu i zastosuj modyfikacje. <\/li> <li><b>Skopiuj unikalny kod, kt\u00f3ry pojawi si\u0119 w oknie aplikacji Elfsight. <\/b><br> Po zako\u0144czeniu tworzenia w\u0142asnego narz\u0119dzia skopiuj ekskluzywny kod z wy\u015bwietlonego pola i zachowaj go do wykorzystania w przysz\u0142o\u015bci. <\/li> <li><b>Wyra\u017a ch\u0119\u0107 korzystania z wid\u017cetu na swojej stronie g\u0142\u00f3wnej Jimdo. <\/b><br> Dodaj skopiowany wcze\u015bniej kod na swoj\u0105 stron\u0119 i zastosuj zmiany. <\/li> <li><b>Gotowe! Osadzanie zosta\u0142o pomy\u015blnie wykonane. <\/b><br> Odwied\u017a swoj\u0105 stron\u0119, aby zobaczy\u0107 dzia\u0142anie narz\u0119dzia. <\/li><\/ol> <p>W przypadku pyta\u0144 lub problem\u00f3w prosimy pisa\u0107 do naszego zespo\u0142u obs\u0142ugi klienta. Nasi specjali\u015bci ch\u0119tnie pomog\u0105 Ci we wszystkich problemach, jakie mo\u017cesz mie\u0107 z widgetem. <\/p> <div class=\"faq\" data-component=\"FAQ\"><div class=\"faq-item\">\r\n\t\t\t\t\t<div class=\"faq-item-question\">\r\n\t\t\t\t\t\t<h3 class=\"faq-item-question-text\">W jaki spos\u00f3b mog\u0119 osadzi\u0107 Slider w moim Jimdo bez znajomo\u015bci kodowania?<\/h3>\r\n\r\n\t\t\t\t\t\t<div class=\"faq-item-question-icon\"><\/div>\r\n\t\t\t\t\t<\/div>\r\n\r\n\t\t\t\t\t<div class=\"faq-item-answer\">\r\n\t\t\t\t\t\t<div class=\"faq-item-answer-text\"> <p>Elfsight oferuje rozwi\u0105zanie w chmurze, kt\u00f3re umo\u017cliwia szerokiemu gronu odbiorc\u00f3w samodzielne zbudowanie wid\u017cetu Slider, odkryj jak prosty jest ten proces: Pracuj bezpo\u015brednio w edytorze na \u017cywo, aby utworzy\u0107 sekcj\u0119 Slider, kt\u00f3r\u0105 chcesz zintegrowa\u0107 ze stron\u0105 g\u0142\u00f3wn\u0105 Jimdo. Wybierz jeden z gotowych szablon\u00f3w i zmie\u0144 ustawienia Slidera, zmie\u0144 uk\u0142ad i kolor element\u00f3w oraz zaktualizuj tre\u015b\u0107, nie maj\u0105c do\u015bwiadczenia w kodowaniu. Zapisz dokonane ustawienia w Sliderze i skopiuj kod instalacyjny wid\u017cetu, kt\u00f3ry mo\u017cna \u0142atwo doda\u0107 do strony internetowej Jimdo w ramach bezp\u0142atnego planu. Dzi\u0119ki naszemu prostemu konfiguratorowi ka\u017cdy u\u017cytkownik Internetu mo\u017ce stworzy\u0107 widget Slider online i bez problemu osadzi\u0107 go na dowolnej stronie g\u0142\u00f3wnej Jimdo. Aby uzyska\u0107 dost\u0119p do us\u0142ugi Elfsight, nie jest wymagane posiadanie p\u0142atnego planu ani ujawnianie danych uwierzytelniaj\u0105cych karty. Je\u015bli na kt\u00f3rymkolwiek etapie napotkasz jakiekolwiek przeszkody, porozmawiaj z naszym personelem pomocy technicznej..<\/p> <\/div>\r\n\t\t\t\t\t<\/div>\r\n\t\t\t\t<\/div> <\/div><\/div><p><\/p>","protected":false},"excerpt":{"rendered":"","protected":false},"author":9,"featured_media":0,"parent":2470,"menu_order":0,"comment_status":"closed","ping_status":"closed","template":"templates\/template-application-platform.php","meta":{"publish_to_discourse":"","publish_post_category":"","wpdc_auto_publish_overridden":"","wpdc_topic_tags":"","wpdc_pin_topic":"","wpdc_pin_until":"","discourse_post_id":"","discourse_permalink":"","wpdc_publishing_response":"","wpdc_publishing_error":"","footnotes":""},"class_list":["post-6421","page","type-page","status-publish","hentry"],"yoast_head":"<!-- This site is optimized with the Yoast SEO plugin v25.3.1 - https:\/\/yoast.com\/wordpress\/plugins\/seo\/ -->\n<title>Dodaj wid\u017cet Image Slider do strony Jimdo [2026]<\/title>\n<meta name=\"description\" content=\"Wykorzystaj szans\u0119, aby ju\u017c teraz dostosowa\u0107 niestandardowy widget Slider i dodaj go do swojej witryny Jimdo bezpo\u015brednio z wersji demonstracyjnej na \u017cywo.\" \/>\n<meta name=\"robots\" content=\"index, follow, max-snippet:-1, max-image-preview:large, max-video-preview:-1\" \/>\n<link rel=\"canonical\" href=\"https:\/\/elfsight.com\/pl\/slider-widget\/jimdo\/\" \/>\n<meta property=\"og:locale\" content=\"pl_PL\" \/>\n<meta property=\"og:type\" content=\"article\" \/>\n<meta property=\"og:title\" content=\"Dodaj wid\u017cet Image Slider do strony Jimdo [2026]\" \/>\n<meta property=\"og:description\" content=\"Wykorzystaj szans\u0119, aby ju\u017c teraz dostosowa\u0107 niestandardowy widget Slider i dodaj go do swojej witryny Jimdo bezpo\u015brednio z wersji demonstracyjnej na \u017cywo.\" \/>\n<meta property=\"og:url\" content=\"https:\/\/elfsight.com\/pl\/slider-widget\/jimdo\/\" \/>\n<meta property=\"og:site_name\" content=\"Elfsight PL\" \/>\n<meta property=\"article:modified_time\" content=\"2024-10-25T11:59:11+00:00\" \/>\n<meta name=\"twitter:card\" content=\"summary_large_image\" \/>\n<meta name=\"twitter:label1\" content=\"Szacowany czas czytania\" \/>\n\t<meta name=\"twitter:data1\" content=\"3 minuty\" \/>\n<!-- \/ Yoast SEO plugin. -->","yoast_head_json":{"title":"Dodaj wid\u017cet Image Slider do strony Jimdo [2026]","description":"Wykorzystaj szans\u0119, aby ju\u017c teraz dostosowa\u0107 niestandardowy widget Slider i dodaj go do swojej witryny Jimdo bezpo\u015brednio z wersji demonstracyjnej na \u017cywo.","robots":{"index":"index","follow":"follow","max-snippet":"max-snippet:-1","max-image-preview":"max-image-preview:large","max-video-preview":"max-video-preview:-1"},"canonical":"https:\/\/elfsight.com\/pl\/slider-widget\/jimdo\/","og_locale":"pl_PL","og_type":"article","og_title":"Dodaj wid\u017cet Image Slider do strony Jimdo [2026]","og_description":"Wykorzystaj szans\u0119, aby ju\u017c teraz dostosowa\u0107 niestandardowy widget Slider i dodaj go do swojej witryny Jimdo bezpo\u015brednio z wersji demonstracyjnej na \u017cywo.","og_url":"https:\/\/elfsight.com\/pl\/slider-widget\/jimdo\/","og_site_name":"Elfsight PL","article_modified_time":"2024-10-25T11:59:11+00:00","twitter_card":"summary_large_image","twitter_misc":{"Szacowany czas czytania":"3 minuty"},"schema":{"@context":"https:\/\/schema.org","@graph":[{"@type":"WebPage","@id":"https:\/\/elfsight.com\/pl\/slider-widget\/jimdo\/","url":"https:\/\/elfsight.com\/pl\/slider-widget\/jimdo\/","name":"Dodaj wid\u017cet Image Slider do strony Jimdo [2026]","isPartOf":{"@id":"https:\/\/elfsight.com\/pl\/#website"},"datePublished":"1970-01-01T00:00:00+00:00","dateModified":"2024-10-25T11:59:11+00:00","description":"Wykorzystaj szans\u0119, aby ju\u017c teraz dostosowa\u0107 niestandardowy widget Slider i dodaj go do swojej witryny Jimdo bezpo\u015brednio z wersji demonstracyjnej na \u017cywo.","breadcrumb":{"@id":"https:\/\/elfsight.com\/pl\/slider-widget\/jimdo\/#breadcrumb"},"inLanguage":"pl-PL","potentialAction":[{"@type":"ReadAction","target":["https:\/\/elfsight.com\/pl\/slider-widget\/jimdo\/"]}]},{"@type":"BreadcrumbList","@id":"https:\/\/elfsight.com\/pl\/slider-widget\/jimdo\/#breadcrumb","itemListElement":[{"@type":"ListItem","position":1,"name":"Home","item":"https:\/\/elfsight.com\/pl\/"},{"@type":"ListItem","position":2,"name":"Slider","item":"https:\/\/elfsight.com\/pl\/slider-widget\/"},{"@type":"ListItem","position":3,"name":"Slider &#8211; Jimdo"}]},{"@type":"WebSite","@id":"https:\/\/elfsight.com\/pl\/#website","url":"https:\/\/elfsight.com\/pl\/","name":"Elfsight PL","description":"Just another Elfsight Sites site","potentialAction":[{"@type":"SearchAction","target":{"@type":"EntryPoint","urlTemplate":"https:\/\/elfsight.com\/pl\/?s={search_term_string}"},"query-input":{"@type":"PropertyValueSpecification","valueRequired":true,"valueName":"search_term_string"}}],"inLanguage":"pl-PL"}]}},"meta_box":{"industry":"","seo_heading":"","heading":"","description":"","cta_heading":"","cta_description":"","application":"2469","h1":"Wid\u017cet suwaka obrazu Jimdo","h1_caption":"Dodaj suwak obrazu lub tre\u015bci do swojej witryny, aby bez wysi\u0142ku prezentowa\u0107 elementy wizualne, promocje lub kluczowe tre\u015bci w dynamiczny spos\u00f3b na swojej stronie Jimdo.","application_category":[],"applications_title":"","applications_request_title":"","applications_request_button_text":"","hero_text":"","hero_video":"","hero_video_schema_markup":"","selling_points_title":"","selling_points_caption":"","selling_points":[],"selling_points_cta_text":"","features_title":"","features":"","ed_cta_examples_text":"","ed_cta_examples_hidden":"","ed_cta_demo_text":"","ed_cta_demo_hidden":"","why_caption":"","why_editor_title":"","why_editor_text":"","why_team_title":"","why_team_text":"","why_service_title":"","why_service_text":"","template_catalog_visible":"","template_catalog_title":"","template_catalog_text":"","template_catalog_categories_visible":"","demo_title":"\u015amia\u0142o, stw\u00f3rz spersonalizowany suwak Jimdo!","demo_caption":"Dostosuj wid\u017cet i umie\u015b\u0107 go na swojej stronie internetowej po wyj\u0119ciu z wersji demonstracyjnej.","default_faq_hidden":"","app_template_category":[],"platform":"193","template_public_id":"","codecanyon_url":"","codecanyon_item_id":"","codecanyon_price":"","pricing_caption":"","pricing_elfsight_apps_hide_column":"","pricing_elfsight_apps_url":"","pricing_codecanyon_price_caption":"","integration_category":[],"integration_request_title":"","integration_request_cta":"","integration_platform":"","integrations":[],"platform_category":[],"video_schema_markup":"","price":"od 0 USD \/ miesi\u0105c","trial":"","benefits":[{"text":"Bezp\u0142atna pomoc w instalacji"},{"text":"Do\u015bwiadczona obs\u0142uga klienta"},{"text":"14-dniowa gwarancja zwrotu pieni\u0119dzy"}],"button_url":"#demo","button_target_blank":"","button_nofollow":"","attributes":[{"name":"Instaluje"},{"name":"Czu\u0142y"},{"name":"Kompatybilne przegl\u0105darki"}],"tags":[],"tags_disable_links":"","hide_more_platforms":"","video_object":"","demo_hide_cta":"","demo_hide_cloud_options":"","pricing_title":"","pricing":[{"pricing_icon":"platform","pricing_title":"Elfsight Apps","pricing_title_caption":"Wersja wieloplatformowa","pricing_price":"od 0 USD \/ miesi\u0105c","pricing_price_caption":"zacznij od bezp\u0142atnego planu","pricing_benefits":[{"text":"Nielimitowane domeny"},{"text":"Ca\u0142odobowe i terminowe wsparcie"},{"text":"Bezp\u0142atna us\u0142uga monta\u017cu"},{"text":"Ca\u0142kowicie konfigurowalny"}],"pricing_button_text":"Dodaj do witryny","pricing_button_url":"#demo"}],"related_apps_title":"","related_apps_hidden":"","author":"","image":[],"title":"","job":"","social_networks":[]},"_links":{"self":[{"href":"https:\/\/elfsight.com\/pl\/wp-json\/wp\/v2\/pages\/6421","targetHints":{"allow":["GET"]}}],"collection":[{"href":"https:\/\/elfsight.com\/pl\/wp-json\/wp\/v2\/pages"}],"about":[{"href":"https:\/\/elfsight.com\/pl\/wp-json\/wp\/v2\/types\/page"}],"author":[{"embeddable":true,"href":"https:\/\/elfsight.com\/pl\/wp-json\/wp\/v2\/users\/9"}],"replies":[{"embeddable":true,"href":"https:\/\/elfsight.com\/pl\/wp-json\/wp\/v2\/comments?post=6421"}],"version-history":[{"count":1,"href":"https:\/\/elfsight.com\/pl\/wp-json\/wp\/v2\/pages\/6421\/revisions"}],"predecessor-version":[{"id":6425,"href":"https:\/\/elfsight.com\/pl\/wp-json\/wp\/v2\/pages\/6421\/revisions\/6425"}],"up":[{"embeddable":true,"href":"https:\/\/elfsight.com\/pl\/wp-json\/wp\/v2\/pages\/2470"}],"wp:attachment":[{"href":"https:\/\/elfsight.com\/pl\/wp-json\/wp\/v2\/media?parent=6421"}],"curies":[{"name":"wp","href":"https:\/\/api.w.org\/{rel}","templated":true}]}}