{"id":6360,"date":"1970-01-01T00:00:00","date_gmt":"1970-01-01T00:00:00","guid":{"rendered":"https:\/\/elfsight.com\/pl\/?page_id=6360"},"modified":"2024-10-23T13:42:27","modified_gmt":"2024-10-23T13:42:27","slug":"jquery","status":"publish","type":"page","link":"https:\/\/elfsight.com\/pl\/sales-notification-widget\/jquery\/","title":{"rendered":"Sales Notification &#8211; jQuery"},"content":{"rendered":"<div class=\"application-platform-content-item-description application-platform-content-item\" id=\"description\" data-nav-section=\"description\"><h2>Ulepsz swoj\u0105 witryn\u0119 internetow\u0105 jQuery za pomoc\u0105 wtyczki Elfsight Sales Notifications<\/h2> <p>Wtyczka Elfsight Sales Notifications, dostosowana wy\u0142\u0105cznie dla jQuery, to wtyczka wszechstronny i solidny widget zaprojektowany, aby przyci\u0105gn\u0105\u0107 uwag\u0119 odwiedzaj\u0105cych Twoj\u0105 witryn\u0119 lub stron\u0119. Dzi\u0119ki tej dynamicznej wtyczce mo\u017cesz bez wysi\u0142ku zintegrowa\u0107 szerok\u0105 gam\u0119 materia\u0142\u00f3w wizualnych, film\u00f3w, a nawet wyr\u00f3\u017cni\u0107 najnowsze promocje i oferty w swoim sklepie internetowym za pomoc\u0105 jQuery. Mo\u017cliwo\u015bci s\u0105 nieograniczone, a Ty masz swobod\u0119 dodawania dowolnej liczby slajd\u00f3w do kodu HTML swojej strony internetowej jQuery, co pozwala Ci z dum\u0105 prezentowa\u0107 swoje produkty i zwraca\u0107 uwag\u0119 na kusz\u0105ce promocje.<\/p><p>Jedna z Wyr\u00f3\u017cniaj\u0105c\u0105 cech\u0105 wtyczki Elfsight Sales Notifications dla jQuery jest jej niezwyk\u0142a zdolno\u015b\u0107 adaptacji. Mo\u017cesz dostosowa\u0107 pozycjonowanie tre\u015bci za pomoc\u0105 o\u015bmiu polecanych pozycji na pulpicie, dzi\u0119ki czemu prezentacje produkt\u00f3w b\u0119d\u0105 jeszcze bardziej urzekaj\u0105ce. Eksperymentuj z r\u00f3\u017cnymi alternatywami i znajd\u017a idealne dopasowanie, upewniaj\u0105c si\u0119, \u017ce bezproblemowo integruje si\u0119 z wybranym projektem witryny i zapewnia optymaln\u0105 widoczno\u015b\u0107.<\/p><p>To, co sprawia, \u017ce \u200b\u200bten wid\u017cet Powiadomienia o sprzeda\u017cy jQuery jest wyj\u0105tkowy, to jego zdolno\u015b\u0107 do pomocy w tworzeniu przyci\u0105gaj\u0105cego wzrok zdobywanie do\u015bwiadczenia, kt\u00f3re nie tylko przyci\u0105ga u\u017cytkownik\u00f3w, ale tak\u017ce utrzymuje ich zaanga\u017cowanie na Twojej stronie internetowej przez d\u0142u\u017cszy czas za pomoc\u0105 jQuery. Gdy odwiedzaj\u0105cy przegl\u0105daj\u0105 Twoj\u0105 witryn\u0119 jQuery, dynamiczna i interaktywna natura tej wtyczki gwarantuje, \u017ce pozostan\u0105 zaanga\u017cowani, zmniejszaj\u0105c prawdopodobie\u0144stwo przedwczesnego opuszczenia witryny.<\/p><p>Wtyczka Elfsight Sales Notifications dla jQuery otwiera \u015bwiat mo\u017cliwo\u015bci dla witryny internetowej w\u0142a\u015bciciele. Zwi\u0119ksz widoczno\u015b\u0107 swojego produktu, zaanga\u017cuj odbiorc\u00f3w i zwi\u0119ksz og\u00f3ln\u0105 atrakcyjno\u015b\u0107 swojej witryny jQuery dzi\u0119ki temu wyj\u0105tkowemu wid\u017cetowi. To idealny widget dla w\u0142a\u015bcicieli witryn, kt\u00f3rzy chc\u0105 zrobi\u0107 trwa\u0142e wra\u017cenie i zwi\u0119kszy\u0107 liczb\u0119 konwersji. Wynie\u015b swoj\u0105 witryn\u0119 jQuery na nowy poziom dzi\u0119ki wtyczce Powiadomienia o sprzeda\u017cy Elfsight ju\u017c dzi\u015b. <\/p> <p><b>Zintegruj wtyczk\u0119 Powiadomienia o sprzeda\u017cy z jQuery, aby przyspieszy\u0107 sukces swojej witryny!<\/b><\/p><\/div><div class=\"application-platform-content-item-features application-platform-content-item\" id=\"features\" data-nav-section=\"features\"><h2>Kluczowe funkcje Wid\u017cet: kr\u00f3tki przegl\u0105d<\/h2> <p>Poznaj niezr\u00f3wnane funkcje wtyczki Elfsight Sales Notifications dla jQuery, rewolucjonizuj\u0105cej spos\u00f3b zwi\u0119kszania wydajno\u015bci Twojej witryny internetowej lub strony oraz zaanga\u017cowania u\u017cytkownik\u00f3w:<\/p><ul> <li> <strong>Ponad 20 gotowych do u\u017cycia szablon\u00f3w powiadomie\u0144:<\/strong> Elfsight oferuje szerok\u0105 gam\u0119 szablon\u00f3w powiadomie\u0144, w tym rezerwacje hoteli, sprzeda\u017c w sklepach technicznych, sprzeda\u017c popularnych produkt\u00f3w, recenzje Google, rezerwacje w restauracjach, aktywni go\u015bcie, subskrypcje biuletynu, Subskrypcje kana\u0142\u00f3w YouTube, nowi obserwatorzy TikTok, wizyty u lekarza, rezerwacje w salonach kosmetycznych i nie tylko, a wszystko to p\u0142ynnie zintegrowane z jQuery. Dostosuj te szablony tak, aby pasowa\u0142y do \u200b\u200bTwojej marki bez wysi\u0142ku, bez konieczno\u015bci posiadania umiej\u0119tno\u015bci kodowania ani wiedzy projektowej. <\/li> <li> <strong>Uproszczony proces budowania:<\/strong> Ciesz si\u0119 bezproblemow\u0105 obs\u0142ug\u0105 przy niewielkim wysi\u0142ku. Nasze szablony Powiadomie\u0144 sprzeda\u017cy jQuery s\u0105 przeznaczone dla wszystkich u\u017cytkownik\u00f3w, niezale\u017cnie od ich wiedzy. Dzi\u0119ki jQuery nie b\u0119dziesz potrzebowa\u0107 umiej\u0119tno\u015bci kodowania ani studi\u00f3w projektowych. Dzi\u0119ki tym szablonom jQuery r\u00f3\u017cne scenariusze s\u0105 wygodne dla ka\u017cdego. <\/li> <li> <strong>Wi\u0119ksza pewno\u015b\u0107 u\u017cytkownika:<\/strong> wy\u015bwietlaj powiadomienia w czasie rzeczywistym za pomoc\u0105 jQuery, aby zwi\u0119kszy\u0107 zaufanie i wiarygodno\u015b\u0107 u\u017cytkownik\u00f3w. Pokazuj\u0105c aktywne zaanga\u017cowanie u\u017cytkownik\u00f3w w Twoje produkty lub us\u0142ugi, mo\u017cesz znacznie zwi\u0119kszy\u0107 ich pewno\u015b\u0107 siebie, zwi\u0119kszaj\u0105c prawdopodobie\u0144stwo podj\u0119cia dzia\u0142ania. <\/li> <li> <strong>Nieograniczona liczba powiadomie\u0144 sprzeda\u017cowych:<\/strong> Realizuj swoj\u0105 strategi\u0119 marketingow\u0105 bez ogranicze\u0144. Dodaj do swojej witryny jQuery dowoln\u0105 liczb\u0119 powiadomie\u0144 sprzeda\u017cowych, jedno po drugim, korzystaj\u0105c z jQuery. Niezale\u017cnie od tego, czy promujesz produkty specjalne, ekskluzywne oferty, czy budujesz dow\u00f3d spo\u0142eczny, nic Ci\u0119 nie powstrzyma. <\/li> <li> <strong>Przykuwaj\u0105ce uwag\u0119 informacje:<\/strong> zadbaj o to, aby u\u017cytkownicy nie mogli oderwa\u0107 wzroku od Twoich powiadomie\u0144. Dostarczaj szczeg\u00f3\u0142owe komunikaty zawieraj\u0105ce nazwy, numery, lokalizacje, terminy i \u017cywe obrazy produkt\u00f3w dzi\u0119ki mocy jQuery. Przyci\u0105gnij ich uwag\u0119 i zmu\u015b do dzia\u0142ania. <\/li> <li> <strong>Przyciski wezwania do dzia\u0142ania:<\/strong> Stw\u00f3rz wra\u017cenie pilno\u015bci dzi\u0119ki przyciskom wezwania do dzia\u0142ania zintegrowanym z jQuery osadzonym w Twojej witrynie. Przyciski te zawieraj\u0105 linki przekierowuj\u0105ce, a Twoja wiadomo\u015b\u0107 zach\u0119ca u\u017cytkownik\u00f3w do podj\u0119cia natychmiastowych dzia\u0142a\u0144 w Twojej witrynie jQuery, zwi\u0119kszaj\u0105c zaanga\u017cowanie u\u017cytkownik\u00f3w. <\/li><\/ul><p>Integracja powiadomie\u0144 sprzeda\u017cowych Elfsight z kodem HTML strony internetowej jQuery za pomoc\u0105 jQuery zapewnia szereg zaawansowanych funkcji, zwi\u0119kszaj\u0105cych zaanga\u017cowanie u\u017cytkownik\u00f3w oraz poprawiaj\u0105cych wydajno\u015b\u0107 i estetyk\u0119 strony internetowej. Funkcje te uwzgl\u0119dniaj\u0105 ka\u017cdy aspekt sukcesu Twojej witryny, dzi\u0119ki czemu optymalizacja witryny i zapewnienie bardziej wci\u0105gaj\u0105cej podr\u00f3\u017cy u\u017cytkownika jest \u0142atwiejsze ni\u017c kiedykolwiek.<\/p><p><a href=\"#demo\">Poznaj funkcjonalno\u015b\u0107 wtyczki za pomoc\u0105 pomoc w wersji demonstracyjnej na \u017cywo.<\/a><\/p> <\/div><div class=\"application-platform-content-item-installation application-platform-content-item\" id=\"installation\" data-nav-section=\"installation\"><h2>Jak doda\u0107 powiadomienia o sprzeda\u017cy do swojej witryny jQuery<\/h2> <p>Wykonaj te proste kroki, aby zintegruj wtyczk\u0119 ze swoj\u0105 witryn\u0105 jQuery.<\/p> <ol><li><b>Zacznij od skorzystania z naszej bezp\u0142atnej wersji demonstracyjnej, aby utworzy\u0107 dostosowan\u0105 wtyczk\u0119 Powiadomienia o sprzeda\u017cy dla swojej witryny jQuery z integracj\u0105 jQuery.<\/b><br> Wybierz preferowany wygl\u0105d i funkcje wid\u017cetu oraz zastosuj \u017c\u0105dane modyfikacje. <\/li> <li><b>Skopiuj unikalny kod HTML wygenerowany w aplikacjach Elfsight za pomoc\u0105 wtyczki jQuery.<\/b><br> Po utworzeniu spersonalizowanej wtyczki skopiuj kod HTML podany w wyskakuj\u0105cym oknie i zapisz go na przysz\u0142o\u015b\u0107 u\u017cywa\u0107. <\/li> <li><b>Zintegruj wtyczk\u0119 Powiadomienia o sprzeda\u017cy ze swoj\u0105 witryn\u0105 jQuery za pomoc\u0105 jQuery.<\/b><br> Dodaj zapisany wcze\u015bniej kod do sekcji HTML swojej witryny lub strony jQuery i wprowad\u017a niezb\u0119dne zmiany. <\/li> <li><b>To wszystko! Integracja Powiadomie\u0144 sprzeda\u017cy z jQuery zosta\u0142a zako\u0144czona.<\/b><br> Odwied\u017a swoj\u0105 witryn\u0119, aby zobaczy\u0107, jak dzia\u0142a wtyczka Powiadomienia sprzeda\u017cy w Twojej witrynie jQuery. <\/li><\/ol> <p>Je\u015bli masz jakiekolwiek pytania lub napotkasz trudno\u015bci, nie wahaj si\u0119 skontaktowa\u0107 z naszym zespo\u0142em obs\u0142ugi klienta. Nasi eksperci s\u0105 gotowi odpowiedzie\u0107 na wszelkie pytania zwi\u0105zane z produktami.<\/p><\/div>","protected":false},"excerpt":{"rendered":"","protected":false},"author":9,"featured_media":0,"parent":3384,"menu_order":0,"comment_status":"closed","ping_status":"closed","template":"templates\/template-application-platform.php","meta":{"publish_to_discourse":"","publish_post_category":"","wpdc_auto_publish_overridden":"","wpdc_topic_tags":"","wpdc_pin_topic":"","wpdc_pin_until":"","discourse_post_id":"","discourse_permalink":"","wpdc_publishing_response":"","wpdc_publishing_error":"","footnotes":""},"class_list":["post-6360","page","type-page","status-publish","hentry"],"yoast_head":"<!-- This site is optimized with the Yoast SEO plugin v25.3.1 - https:\/\/yoast.com\/wordpress\/plugins\/seo\/ -->\n<title>Ulepsz swoj\u0105 witryn\u0119 jQuery za pomoc\u0105 wtyczki powiadomie\u0144 o sprzeda\u017cy Elfsight<\/title>\n<meta name=\"description\" content=\"Zwi\u0119ksz zaanga\u017cowanie u\u017cytkownik\u00f3w i zwi\u0119ksz liczb\u0119 konwersji w swojej witrynie jQuery dzi\u0119ki wszechstronnej wtyczce powiadamiania o sprzeda\u017cy Elfsight. Poznaj ponad 20 gotowych do u\u017cycia szablon\u00f3w powiadomie\u0144 i stw\u00f3rz urzekaj\u0105ce do\u015bwiadczenie u\u017cytkownika dzi\u0119ki integracji z jQuery. Dowiedz si\u0119, jak \u0142atwo zintegrowa\u0107 wtyczk\u0119, wykonuj\u0105c nasze proste kroki, aby odnie\u015b\u0107 sukces.\" \/>\n<meta name=\"robots\" content=\"index, follow, max-snippet:-1, max-image-preview:large, max-video-preview:-1\" \/>\n<link rel=\"canonical\" href=\"https:\/\/elfsight.com\/pl\/sales-notification-widget\/jquery\/\" \/>\n<meta property=\"og:locale\" content=\"pl_PL\" \/>\n<meta property=\"og:type\" content=\"article\" \/>\n<meta property=\"og:title\" content=\"Ulepsz swoj\u0105 witryn\u0119 jQuery za pomoc\u0105 wtyczki powiadomie\u0144 o sprzeda\u017cy Elfsight\" \/>\n<meta property=\"og:description\" content=\"Zwi\u0119ksz zaanga\u017cowanie u\u017cytkownik\u00f3w i zwi\u0119ksz liczb\u0119 konwersji w swojej witrynie jQuery dzi\u0119ki wszechstronnej wtyczce powiadamiania o sprzeda\u017cy Elfsight. Poznaj ponad 20 gotowych do u\u017cycia szablon\u00f3w powiadomie\u0144 i stw\u00f3rz urzekaj\u0105ce do\u015bwiadczenie u\u017cytkownika dzi\u0119ki integracji z jQuery. Dowiedz si\u0119, jak \u0142atwo zintegrowa\u0107 wtyczk\u0119, wykonuj\u0105c nasze proste kroki, aby odnie\u015b\u0107 sukces.\" \/>\n<meta property=\"og:url\" content=\"https:\/\/elfsight.com\/pl\/sales-notification-widget\/jquery\/\" \/>\n<meta property=\"og:site_name\" content=\"Elfsight PL\" \/>\n<meta property=\"article:modified_time\" content=\"2024-10-23T13:42:27+00:00\" \/>\n<meta name=\"twitter:card\" content=\"summary_large_image\" \/>\n<meta name=\"twitter:label1\" content=\"Szacowany czas czytania\" \/>\n\t<meta name=\"twitter:data1\" content=\"5 minut\" \/>\n<!-- \/ Yoast SEO plugin. -->","yoast_head_json":{"title":"Ulepsz swoj\u0105 witryn\u0119 jQuery za pomoc\u0105 wtyczki powiadomie\u0144 o sprzeda\u017cy Elfsight","description":"Zwi\u0119ksz zaanga\u017cowanie u\u017cytkownik\u00f3w i zwi\u0119ksz liczb\u0119 konwersji w swojej witrynie jQuery dzi\u0119ki wszechstronnej wtyczce powiadamiania o sprzeda\u017cy Elfsight. Poznaj ponad 20 gotowych do u\u017cycia szablon\u00f3w powiadomie\u0144 i stw\u00f3rz urzekaj\u0105ce do\u015bwiadczenie u\u017cytkownika dzi\u0119ki integracji z jQuery. Dowiedz si\u0119, jak \u0142atwo zintegrowa\u0107 wtyczk\u0119, wykonuj\u0105c nasze proste kroki, aby odnie\u015b\u0107 sukces.","robots":{"index":"index","follow":"follow","max-snippet":"max-snippet:-1","max-image-preview":"max-image-preview:large","max-video-preview":"max-video-preview:-1"},"canonical":"https:\/\/elfsight.com\/pl\/sales-notification-widget\/jquery\/","og_locale":"pl_PL","og_type":"article","og_title":"Ulepsz swoj\u0105 witryn\u0119 jQuery za pomoc\u0105 wtyczki powiadomie\u0144 o sprzeda\u017cy Elfsight","og_description":"Zwi\u0119ksz zaanga\u017cowanie u\u017cytkownik\u00f3w i zwi\u0119ksz liczb\u0119 konwersji w swojej witrynie jQuery dzi\u0119ki wszechstronnej wtyczce powiadamiania o sprzeda\u017cy Elfsight. Poznaj ponad 20 gotowych do u\u017cycia szablon\u00f3w powiadomie\u0144 i stw\u00f3rz urzekaj\u0105ce do\u015bwiadczenie u\u017cytkownika dzi\u0119ki integracji z jQuery. Dowiedz si\u0119, jak \u0142atwo zintegrowa\u0107 wtyczk\u0119, wykonuj\u0105c nasze proste kroki, aby odnie\u015b\u0107 sukces.","og_url":"https:\/\/elfsight.com\/pl\/sales-notification-widget\/jquery\/","og_site_name":"Elfsight PL","article_modified_time":"2024-10-23T13:42:27+00:00","twitter_card":"summary_large_image","twitter_misc":{"Szacowany czas czytania":"5 minut"},"schema":{"@context":"https:\/\/schema.org","@graph":[{"@type":"WebPage","@id":"https:\/\/elfsight.com\/pl\/sales-notification-widget\/jquery\/","url":"https:\/\/elfsight.com\/pl\/sales-notification-widget\/jquery\/","name":"Ulepsz swoj\u0105 witryn\u0119 jQuery za pomoc\u0105 wtyczki powiadomie\u0144 o sprzeda\u017cy Elfsight","isPartOf":{"@id":"https:\/\/elfsight.com\/pl\/#website"},"datePublished":"1970-01-01T00:00:00+00:00","dateModified":"2024-10-23T13:42:27+00:00","description":"Zwi\u0119ksz zaanga\u017cowanie u\u017cytkownik\u00f3w i zwi\u0119ksz liczb\u0119 konwersji w swojej witrynie jQuery dzi\u0119ki wszechstronnej wtyczce powiadamiania o sprzeda\u017cy Elfsight. Poznaj ponad 20 gotowych do u\u017cycia szablon\u00f3w powiadomie\u0144 i stw\u00f3rz urzekaj\u0105ce do\u015bwiadczenie u\u017cytkownika dzi\u0119ki integracji z jQuery. Dowiedz si\u0119, jak \u0142atwo zintegrowa\u0107 wtyczk\u0119, wykonuj\u0105c nasze proste kroki, aby odnie\u015b\u0107 sukces.","breadcrumb":{"@id":"https:\/\/elfsight.com\/pl\/sales-notification-widget\/jquery\/#breadcrumb"},"inLanguage":"pl-PL","potentialAction":[{"@type":"ReadAction","target":["https:\/\/elfsight.com\/pl\/sales-notification-widget\/jquery\/"]}]},{"@type":"BreadcrumbList","@id":"https:\/\/elfsight.com\/pl\/sales-notification-widget\/jquery\/#breadcrumb","itemListElement":[{"@type":"ListItem","position":1,"name":"Home","item":"https:\/\/elfsight.com\/pl\/"},{"@type":"ListItem","position":2,"name":"Sales Notification","item":"https:\/\/elfsight.com\/pl\/sales-notification-widget\/"},{"@type":"ListItem","position":3,"name":"Sales Notification &#8211; jQuery"}]},{"@type":"WebSite","@id":"https:\/\/elfsight.com\/pl\/#website","url":"https:\/\/elfsight.com\/pl\/","name":"Elfsight PL","description":"Just another Elfsight Sites site","potentialAction":[{"@type":"SearchAction","target":{"@type":"EntryPoint","urlTemplate":"https:\/\/elfsight.com\/pl\/?s={search_term_string}"},"query-input":{"@type":"PropertyValueSpecification","valueRequired":true,"valueName":"search_term_string"}}],"inLanguage":"pl-PL"}]}},"meta_box":{"industry":"","seo_heading":"","heading":"","description":"","cta_heading":"","cta_description":"","application":"3338","h1":"Jak osadzi\u0107 powiadomienie o sprzeda\u017cy na stronie internetowej jQuery","h1_caption":"Podkre\u015bl ostatnie zakupy lub dzia\u0142ania u\u017cytkownik\u00f3w za pomoc\u0105 powiadomie\u0144 w czasie rzeczywistym, aby bez wysi\u0142ku stworzy\u0107 dow\u00f3d spo\u0142eczno\u015bciowy i zwi\u0119kszy\u0107 sprzeda\u017c w swojej witrynie jQuery.","application_category":[],"applications_title":"","applications_request_title":"","applications_request_button_text":"","hero_text":"","hero_video":"","hero_video_schema_markup":"","selling_points_title":"","selling_points_caption":"","selling_points":[],"selling_points_cta_text":"","features_title":"","features":"","ed_cta_examples_text":"","ed_cta_examples_hidden":"","ed_cta_demo_text":"","ed_cta_demo_hidden":"","why_caption":"","why_editor_title":"","why_editor_text":"","why_team_title":"","why_team_text":"","why_service_title":"","why_service_text":"","template_catalog_visible":"","template_catalog_title":"","template_catalog_text":"","template_catalog_categories_visible":"","demo_title":"\u015amia\u0142o zaprojektuj szyte na miar\u0119 Powiadomienie sprzeda\u017cowe jQuery","demo_caption":"Dostosuj go i zintegruj widget ze swoj\u0105 stron\u0105 internetow\u0105 za pomoc\u0105 demonstracji na \u017cywo.","default_faq_hidden":"","app_template_category":[],"platform":"56","template_public_id":"","codecanyon_url":"","codecanyon_item_id":"","codecanyon_price":"","pricing_caption":"","pricing_elfsight_apps_hide_column":"","pricing_elfsight_apps_url":"","pricing_codecanyon_price_caption":"","integration_category":[],"integration_request_title":"","integration_request_cta":"","integration_platform":"","integrations":[],"platform_category":[],"video_schema_markup":"","price":"od 0 USD \/ miesi\u0105c","trial":"","benefits":[{"text":"Bezp\u0142atna pomoc w instalacji"},{"text":"Do\u015bwiadczona obs\u0142uga klienta"},{"text":"14-dniowa gwarancja zwrotu pieni\u0119dzy"}],"button_url":"#demo","button_target_blank":"","button_nofollow":"","attributes":[{"name":"Instaluje"},{"name":"Czu\u0142y"},{"name":"Kompatybilne przegl\u0105darki"}],"tags":[],"tags_disable_links":"","hide_more_platforms":"","video_object":"","demo_hide_cta":"","demo_hide_cloud_options":"","pricing_title":"","pricing":[{"pricing_icon":"platform","pricing_title":"Elfsight Apps","pricing_title_caption":"Rozwi\u0105zanie niezale\u017cne od platformy, kt\u00f3re pasuje do ka\u017cdej witryny","pricing_price":"od 0 USD \/ miesi\u0105c","pricing_price_caption":"zacznij od bezp\u0142atnego planu","pricing_benefits":[{"text":"Nielimitowane domeny"},{"text":"Dedykowane wsparcie firmy"},{"text":"Bezp\u0142atna pomoc w monta\u017cu"},{"text":"W pe\u0142ni konfigurowalny"}],"pricing_button_text":"Dodaj do witryny","pricing_button_url":"#demo"}],"related_apps_title":"","related_apps_hidden":"","author":"","image":[],"title":"","job":"","social_networks":[]},"_links":{"self":[{"href":"https:\/\/elfsight.com\/pl\/wp-json\/wp\/v2\/pages\/6360","targetHints":{"allow":["GET"]}}],"collection":[{"href":"https:\/\/elfsight.com\/pl\/wp-json\/wp\/v2\/pages"}],"about":[{"href":"https:\/\/elfsight.com\/pl\/wp-json\/wp\/v2\/types\/page"}],"author":[{"embeddable":true,"href":"https:\/\/elfsight.com\/pl\/wp-json\/wp\/v2\/users\/9"}],"replies":[{"embeddable":true,"href":"https:\/\/elfsight.com\/pl\/wp-json\/wp\/v2\/comments?post=6360"}],"version-history":[{"count":1,"href":"https:\/\/elfsight.com\/pl\/wp-json\/wp\/v2\/pages\/6360\/revisions"}],"predecessor-version":[{"id":6364,"href":"https:\/\/elfsight.com\/pl\/wp-json\/wp\/v2\/pages\/6360\/revisions\/6364"}],"up":[{"embeddable":true,"href":"https:\/\/elfsight.com\/pl\/wp-json\/wp\/v2\/pages\/3384"}],"wp:attachment":[{"href":"https:\/\/elfsight.com\/pl\/wp-json\/wp\/v2\/media?parent=6360"}],"curies":[{"name":"wp","href":"https:\/\/api.w.org\/{rel}","templated":true}]}}