{"id":6352,"date":"1970-01-01T00:00:00","date_gmt":"1970-01-01T00:00:00","guid":{"rendered":"https:\/\/elfsight.com\/pl\/?page_id=6352"},"modified":"2024-11-14T08:49:59","modified_gmt":"2024-11-14T08:49:59","slug":"drupal","status":"publish","type":"page","link":"https:\/\/elfsight.com\/pl\/rss-feed-widget\/drupal\/","title":{"rendered":"RSS Feed &#8211; Drupal"},"content":{"rendered":"<div class=\"application-platform-content-item-description application-platform-content-item\" id=\"description\" data-nav-section=\"description\"> <h2>Opis<\/h2> <p>Kana\u0142 RSS Elfsight dla Drupala to unikalny modu\u0142 s\u0142u\u017c\u0105cy do marketingowych emocji i do\u015bwiadcze\u0144. Dzi\u0119ki niemu mo\u017cesz zbudowa\u0107 zindywidualizowany kana\u0142 sk\u0142adaj\u0105cy si\u0119 z tre\u015bci z r\u00f3\u017cnych blog\u00f3w informacyjnych &#8211; i pokaza\u0107 go bezpo\u015brednio na swojej stronie. Sprawuj ca\u0142kowit\u0105 kontrol\u0119 nad prezentowan\u0105 tre\u015bci\u0105 i usu\u0144 spam oraz wszelkie niech\u0119tne tre\u015bci, stosuj\u0105c r\u0119czn\u0105 moderacj\u0119. W pe\u0142ni responsywny edytor online udost\u0119pnia wiele szablon\u00f3w do wyboru. <\/p> <p><b>Dzi\u0119ki kana\u0142owi RSS rozpocznij zr\u00f3wnowa\u017cony rozw\u00f3j biznesu i zwi\u0119ksz sprzeda\u017c <\/b><\/p> <\/div> <div class=\"application-platform-content-item-features application-platform-content-item\" id=\"features\" data-nav-section=\"features\"> <h2>Funkcje modu\u0142u centralnego zawieraj\u0105<\/h2> <ul><li>Ukryj sekcj\u0119 head, aby modu\u0142 wygl\u0105da\u0142 minimalistycznie. <\/li><li>Wyeliminuj spam i niepo\u017c\u0105dane tre\u015bci za pomoc\u0105 r\u0119cznej moderacji. <\/li><li>Wybierz jeden z sze\u015bciu dost\u0119pnych uk\u0142ad\u00f3w: Suwak, Karuzela, Kola\u017c, Mur, Siatka, Lista. <\/li><li>Spraw, aby Twoje posty by\u0142y wy\u015bwietlane w trybie wyskakuj\u0105cym. <\/li><\/ul><p><a href=\"#demo\">Wypr\u00f3buj wszystkie funkcje personalizacji w pe\u0142nej wersji demonstracyjnej<\/a><\/p> <\/div> <div class=\"application-platform-content-item-installation application-platform-content-item\" id=\"installation\" data-nav-section=\"installation\"> <h2>Jak osadzi\u0107 kana\u0142 RSS na mojej stronie Drupal? <\/h2> <p>Wystarczy wykona\u0107 poni\u017csze kroki, aby rozpocz\u0105\u0107 prac\u0119 z narz\u0119dziem. <\/p> <ol><li><b>Wykonaj nasze bezp\u0142atne demo i zacznij tworzy\u0107 w\u0142asnego drupala. <\/b><br> Wybierz preferowany wygl\u0105d i funkcjonalno\u015b\u0107 Drupala i zapisz zmiany. <\/li> <li><b>Zdob\u0105d\u017a sw\u00f3j indywidualny kod udost\u0119pniony w specjalnym formularzu w aplikacjach Elfsight. <\/b><br> Po zako\u0144czeniu konfiguracji modu\u0142u osobistego skopiuj ekskluzywny kod z wy\u015bwietlonego wyskakuj\u0105cego okienka i zachowaj go do dalszego wykorzystania. <\/li> <li><b>Zacznij korzysta\u0107 z modu\u0142u na stronie Drupal. <\/b><br> Zintegruj skopiowany wcze\u015bniej kod ze swoj\u0105 witryn\u0105 i zastosuj modyfikacje. <\/li> <li><b>Gotowe! Konfiguracja zosta\u0142a pomy\u015blnie zako\u0144czona. <\/b><br> Odwied\u017a swoj\u0105 stron\u0119 i zobacz w akcji dzia\u0142anie modu\u0142u. <\/li><\/ol> <p>Je\u015bli napotkasz jakiekolwiek problemy, nie wahaj si\u0119 zg\u0142osi\u0107 do naszego zespo\u0142u wsparcia. Nasi konsultanci ch\u0119tnie rozwi\u0105\u017c\u0105 wszystkie problemy, jakie mo\u017cesz mie\u0107 z narz\u0119dziem. <\/p> <\/div><div class=\"faq\" data-component=\"FAQ\"><div class=\"faq-item\">\r\n\t\t\t\t\t<div class=\"faq-item-question\">\r\n\t\t\t\t\t\t<h3 class=\"faq-item-question-text\">Czy istnieje spos\u00f3b na osadzenie kana\u0142u RSS w mojej witrynie Drupal bez do\u015bwiadczenia w programowaniu?<\/h3>\r\n\r\n\t\t\t\t\t\t<div class=\"faq-item-question-icon\"><\/div>\r\n\t\t\t\t\t<\/div>\r\n\r\n\t\t\t\t\t<div class=\"faq-item-answer\">\r\n\t\t\t\t\t\t<div class=\"faq-item-answer-text\"><p>Firma Elfsight przedstawia rozwi\u0105zanie, kt\u00f3re pozwala u\u017cytkownikowi samodzielnie wygenerowa\u0107 wtyczk\u0119 RSS Feed, przekonaj si\u0119, jakie to nieskomplikowane: <\/p><ul><li>Przejd\u017a do wersji demonstracyjnej online, aby wygenerowa\u0107 wid\u017cet RSS, kt\u00f3ry chcesz zintegrowa\u0107 ze swoj\u0105 stron\u0105 g\u0142\u00f3wn\u0105 Drupala.<\/li><li>Wybierz jeden z gotowych szablon\u00f3w i zmodyfikuj ustawienia kana\u0142u RSS, zmie\u0144 uk\u0142ad i kolory, zaktualizuj tre\u015b\u0107 bez \u017cadnego kodowania.<\/li><li>Kliknij, aby zapisa\u0107 kana\u0142 RSS i skopiuj kod do osadzania, kt\u00f3ry mo\u017cna \u0142atwo osadzi\u0107 na stronie g\u0142\u00f3wnej Drupala w ramach darmowego planu.<\/li><\/ul><p>Pracuj\u0105c w naszym \u0142atwym w u\u017cyciu edytorze, ka\u017cdy u\u017cytkownik sieci mo\u017ce za\u0142o\u017cy\u0107 wtyczk\u0119 RSS Feed i bez wysi\u0142ku wklei\u0107 j\u0105 do Drupala strona internetowa. Aby wej\u015b\u0107 do Edytora Elfsight, nie jest konieczne wykupienie p\u0142atnej subskrypcji ani podanie danych karty. Je\u015bli napotkasz jakiekolwiek problemy, skontaktuj si\u0119 z naszym zespo\u0142em pomocy technicznej.<\/p><\/div>\r\n\t\t\t\t\t<\/div>\r\n\t\t\t\t<\/div><\/div>","protected":false},"excerpt":{"rendered":"","protected":false},"author":9,"featured_media":0,"parent":3375,"menu_order":0,"comment_status":"closed","ping_status":"closed","template":"templates\/template-application-platform.php","meta":{"publish_to_discourse":"","publish_post_category":"","wpdc_auto_publish_overridden":"","wpdc_topic_tags":"","wpdc_pin_topic":"","wpdc_pin_until":"","discourse_post_id":"","discourse_permalink":"","wpdc_publishing_response":"","wpdc_publishing_error":"","footnotes":""},"class_list":["post-6352","page","type-page","status-publish","hentry"],"yoast_head":"<!-- This site is optimized with the Yoast SEO plugin v25.3.1 - https:\/\/yoast.com\/wordpress\/plugins\/seo\/ -->\n<title>Dodaj modu\u0142 RSS do strony Drupal (szybko i za darmo)<\/title>\n<meta name=\"description\" content=\"Umie\u015b\u0107 responsywny wid\u017cet kana\u0142u RSS na swojej stronie Drupal. Skorzystaj z por\u0119cznej wersji demonstracyjnej Elfsight i wygeneruj wspania\u0142y kana\u0142 RSS w ci\u0105gu kilku minut.\" \/>\n<meta name=\"robots\" content=\"index, follow, max-snippet:-1, max-image-preview:large, max-video-preview:-1\" \/>\n<link rel=\"canonical\" href=\"https:\/\/elfsight.com\/pl\/rss-feed-widget\/drupal\/\" \/>\n<meta property=\"og:locale\" content=\"pl_PL\" \/>\n<meta property=\"og:type\" content=\"article\" \/>\n<meta property=\"og:title\" content=\"Dodaj modu\u0142 RSS do strony Drupal (szybko i za darmo)\" \/>\n<meta property=\"og:description\" content=\"Umie\u015b\u0107 responsywny wid\u017cet kana\u0142u RSS na swojej stronie Drupal. Skorzystaj z por\u0119cznej wersji demonstracyjnej Elfsight i wygeneruj wspania\u0142y kana\u0142 RSS w ci\u0105gu kilku minut.\" \/>\n<meta property=\"og:url\" content=\"https:\/\/elfsight.com\/pl\/rss-feed-widget\/drupal\/\" \/>\n<meta property=\"og:site_name\" content=\"Elfsight PL\" \/>\n<meta property=\"article:modified_time\" content=\"2024-11-14T08:49:59+00:00\" \/>\n<meta name=\"twitter:card\" content=\"summary_large_image\" \/>\n<meta name=\"twitter:label1\" content=\"Szacowany czas czytania\" \/>\n\t<meta name=\"twitter:data1\" content=\"3 minuty\" \/>\n<!-- \/ Yoast SEO plugin. -->","yoast_head_json":{"title":"Dodaj modu\u0142 RSS do strony Drupal (szybko i za darmo)","description":"Umie\u015b\u0107 responsywny wid\u017cet kana\u0142u RSS na swojej stronie Drupal. Skorzystaj z por\u0119cznej wersji demonstracyjnej Elfsight i wygeneruj wspania\u0142y kana\u0142 RSS w ci\u0105gu kilku minut.","robots":{"index":"index","follow":"follow","max-snippet":"max-snippet:-1","max-image-preview":"max-image-preview:large","max-video-preview":"max-video-preview:-1"},"canonical":"https:\/\/elfsight.com\/pl\/rss-feed-widget\/drupal\/","og_locale":"pl_PL","og_type":"article","og_title":"Dodaj modu\u0142 RSS do strony Drupal (szybko i za darmo)","og_description":"Umie\u015b\u0107 responsywny wid\u017cet kana\u0142u RSS na swojej stronie Drupal. Skorzystaj z por\u0119cznej wersji demonstracyjnej Elfsight i wygeneruj wspania\u0142y kana\u0142 RSS w ci\u0105gu kilku minut.","og_url":"https:\/\/elfsight.com\/pl\/rss-feed-widget\/drupal\/","og_site_name":"Elfsight PL","article_modified_time":"2024-11-14T08:49:59+00:00","twitter_card":"summary_large_image","twitter_misc":{"Szacowany czas czytania":"3 minuty"},"schema":{"@context":"https:\/\/schema.org","@graph":[{"@type":"WebPage","@id":"https:\/\/elfsight.com\/pl\/rss-feed-widget\/drupal\/","url":"https:\/\/elfsight.com\/pl\/rss-feed-widget\/drupal\/","name":"Dodaj modu\u0142 RSS do strony Drupal (szybko i za darmo)","isPartOf":{"@id":"https:\/\/elfsight.com\/pl\/#website"},"datePublished":"1970-01-01T00:00:00+00:00","dateModified":"2024-11-14T08:49:59+00:00","description":"Umie\u015b\u0107 responsywny wid\u017cet kana\u0142u RSS na swojej stronie Drupal. Skorzystaj z por\u0119cznej wersji demonstracyjnej Elfsight i wygeneruj wspania\u0142y kana\u0142 RSS w ci\u0105gu kilku minut.","breadcrumb":{"@id":"https:\/\/elfsight.com\/pl\/rss-feed-widget\/drupal\/#breadcrumb"},"inLanguage":"pl-PL","potentialAction":[{"@type":"ReadAction","target":["https:\/\/elfsight.com\/pl\/rss-feed-widget\/drupal\/"]}]},{"@type":"BreadcrumbList","@id":"https:\/\/elfsight.com\/pl\/rss-feed-widget\/drupal\/#breadcrumb","itemListElement":[{"@type":"ListItem","position":1,"name":"Home","item":"https:\/\/elfsight.com\/pl\/"},{"@type":"ListItem","position":2,"name":"RSS Feed","item":"https:\/\/elfsight.com\/pl\/rss-feed-widget\/"},{"@type":"ListItem","position":3,"name":"RSS Feed &#8211; Drupal"}]},{"@type":"WebSite","@id":"https:\/\/elfsight.com\/pl\/#website","url":"https:\/\/elfsight.com\/pl\/","name":"Elfsight PL","description":"Just another Elfsight Sites site","potentialAction":[{"@type":"SearchAction","target":{"@type":"EntryPoint","urlTemplate":"https:\/\/elfsight.com\/pl\/?s={search_term_string}"},"query-input":{"@type":"PropertyValueSpecification","valueRequired":true,"valueName":"search_term_string"}}],"inLanguage":"pl-PL"}]}},"meta_box":{"industry":"","seo_heading":"","heading":"","description":"","cta_heading":"","cta_description":"","application":"3347","h1":"Drupalowy modu\u0142 RSS","h1_caption":"Umie\u015b\u0107 kana\u0142 rss na swojej stronie, aby wy\u015bwietla\u0107 tre\u015bci ze \u017ar\u00f3de\u0142 zewn\u0119trznych, dzi\u0119ki czemu Twoja witryna b\u0119dzie zawsze aktualizowana o nowe materia\u0142y w witrynie Drupal.","application_category":[],"applications_title":"","applications_request_title":"","applications_request_button_text":"","hero_text":"","hero_video":"","hero_video_schema_markup":"","selling_points_title":"","selling_points_caption":"","selling_points":[],"selling_points_cta_text":"","features_title":"","features":"","ed_cta_examples_text":"","ed_cta_examples_hidden":"","ed_cta_demo_text":"","ed_cta_demo_hidden":"","why_caption":"","why_editor_title":"","why_editor_text":"","why_team_title":"","why_team_text":"","why_service_title":"","why_service_text":"","template_catalog_visible":"","template_catalog_title":"","template_catalog_text":"","template_catalog_categories_visible":"","demo_title":"Utw\u00f3rz modu\u0142 kana\u0142u RSS","demo_caption":"Skonfiguruj sw\u00f3j kana\u0142 RSS i dodaj go do swojej witryny Drupal za darmo!","default_faq_hidden":"","app_template_category":[],"platform":"47","template_public_id":"","codecanyon_url":"","codecanyon_item_id":"","codecanyon_price":"","pricing_caption":"","pricing_elfsight_apps_hide_column":"","pricing_elfsight_apps_url":"","pricing_codecanyon_price_caption":"","integration_category":[],"integration_request_title":"","integration_request_cta":"","integration_platform":"","integrations":[],"platform_category":[],"video_schema_markup":"","price":"od 0 USD \/ miesi\u0105c","trial":"","benefits":[{"text":"Bezp\u0142atna pomoc w instalacji"},{"text":"Profesjonalna obs\u0142uga klienta"},{"text":"14-dniowa gwarancja zwrotu pieni\u0119dzy"}],"button_url":"#demo","button_target_blank":"","button_nofollow":"","attributes":[{"name":"Instaluje"},{"name":"Czu\u0142y"},{"name":"Kompatybilne przegl\u0105darki"}],"tags":[],"tags_disable_links":"","hide_more_platforms":"","video_object":"","demo_hide_cta":"","demo_hide_cloud_options":"","pricing_title":"","pricing":[{"pricing_icon":"platform","pricing_title":"Elfsight Apps","pricing_title_caption":"Wieloplatformowe rozwi\u0105zanie cyfrowe","pricing_price":"od 0 USD \/ miesi\u0105c","pricing_price_caption":"zacznij od bezp\u0142atnego planu","pricing_benefits":[{"text":"Nielimitowane domeny"},{"text":"Profesjonalna obs\u0142uga klienta i dobrze udokumentowana"},{"text":"Bezp\u0142atna pomoc w monta\u017cu"},{"text":"Elastyczny projekt"}],"pricing_button_text":"Dodaj do witryny","pricing_button_url":"#demo"}],"related_apps_title":"","related_apps_hidden":"","author":"","image":[],"title":"","job":"","social_networks":[]},"_links":{"self":[{"href":"https:\/\/elfsight.com\/pl\/wp-json\/wp\/v2\/pages\/6352","targetHints":{"allow":["GET"]}}],"collection":[{"href":"https:\/\/elfsight.com\/pl\/wp-json\/wp\/v2\/pages"}],"about":[{"href":"https:\/\/elfsight.com\/pl\/wp-json\/wp\/v2\/types\/page"}],"author":[{"embeddable":true,"href":"https:\/\/elfsight.com\/pl\/wp-json\/wp\/v2\/users\/9"}],"replies":[{"embeddable":true,"href":"https:\/\/elfsight.com\/pl\/wp-json\/wp\/v2\/comments?post=6352"}],"version-history":[{"count":1,"href":"https:\/\/elfsight.com\/pl\/wp-json\/wp\/v2\/pages\/6352\/revisions"}],"predecessor-version":[{"id":6356,"href":"https:\/\/elfsight.com\/pl\/wp-json\/wp\/v2\/pages\/6352\/revisions\/6356"}],"up":[{"embeddable":true,"href":"https:\/\/elfsight.com\/pl\/wp-json\/wp\/v2\/pages\/3375"}],"wp:attachment":[{"href":"https:\/\/elfsight.com\/pl\/wp-json\/wp\/v2\/media?parent=6352"}],"curies":[{"name":"wp","href":"https:\/\/api.w.org\/{rel}","templated":true}]}}