{"id":6342,"date":"1970-01-01T00:00:00","date_gmt":"1970-01-01T00:00:00","guid":{"rendered":"https:\/\/elfsight.com\/pl\/?page_id=6342"},"modified":"2024-11-14T08:49:43","modified_gmt":"2024-11-14T08:49:43","slug":"iframe","status":"publish","type":"page","link":"https:\/\/elfsight.com\/pl\/rss-feed-widget\/iframe\/","title":{"rendered":"RSS Feed &#8211; iFrame"},"content":{"rendered":"<div class=\"application-platform-content-item-description application-platform-content-item\" id=\"description\" data-nav-section=\"description\"> <h2>Osad\u017a kana\u0142 RSS w iFrame za pomoc\u0105 wid\u017cetu Elfsight<\/h2> <p>Kana\u0142 RSS Elfsight dla iFrame to ekskluzywny wid\u017cet do tworzenia emocji i do\u015bwiadczenie. Dzi\u0119ki niemu mo\u017cesz kszta\u0142towa\u0107 zindywidualizowany kana\u0142 sk\u0142adaj\u0105cy si\u0119 z tre\u015bci z r\u00f3\u017cnorodnych serwis\u00f3w informacyjnych &#8211; i prezentowa\u0107 go bezpo\u015brednio na swojej stronie. Ciesz si\u0119 pe\u0142n\u0105 kontrol\u0105 nad prezentowan\u0105 tre\u015bci\u0105 i eliminuj spam oraz wszelkie niechciane tre\u015bci za pomoc\u0105 r\u0119cznej moderacji. W pe\u0142ni responsywny konfigurator online oferuje wiele szablon\u00f3w do wyboru. <\/p> <p><b>Ulepsz swoj\u0105 witryn\u0119 internetow\u0105 pod k\u0105tem cel\u00f3w biznesowych za pomoc\u0105 kana\u0142u RSS<\/b><\/p> <\/div> <div class=\"application-platform-content-item-features application-platform-content-item\" id=\"features\" data-nav-section=\"features\"> <h2>Poni\u017cej znajduj\u0105 si\u0119 najwa\u017cniejsze funkcje wid\u017cetu: <\/h2> <ul><li>Ukryj nag\u0142\u00f3wek, aby narz\u0119dzie wygl\u0105da\u0142o minimalistycznie. <\/li><li>Wyeliminuj wszelki spam i niepo\u017c\u0105dane tre\u015bci za pomoc\u0105 r\u0119cznej moderacji. <\/li><li>Wybierz jeden z 6 dost\u0119pnych uk\u0142ad\u00f3w: Mur, Suwak, Lista, Kola\u017c, Karuzela, Siatka. <\/li><li>Pozw\u00f3l, aby Twoje posty pojawia\u0142y si\u0119 w wyskakuj\u0105cych okienkach. <\/li><\/ul><p><a href=\"#demo\">Mo\u017cesz przekona\u0107 si\u0119, co oferuje widget, korzystaj\u0105c z wersji demonstracyjnej<\/a><\/p> <\/div> <div class=\"application-platform-content-item- instalacja application-platform-content-item\" id=\" instalacja\" data-nav-section=\" instalacja\"> <h2>Jak doda\u0107 kana\u0142 RSS do mojej witryny iFrame? <\/h2> <p>Wystarczy post\u0119powa\u0107 zgodnie z poni\u017cszymi instrukcjami, aby aktywowa\u0107 wid\u017cet. <\/p> <ol><li><b>Uruchom nasz darmowy konfigurator i zacznij tworzy\u0107 sw\u00f3j w\u0142asny widget. <\/b><br> Znajd\u017a po\u017c\u0105dane cechy projektu i funkcjonalno\u015bci narz\u0119dzia i zastosuj zmiany. <\/li> <li><b>Odbierz osobisty kod pojawiaj\u0105cy si\u0119 w polu w aplikacjach Elfsight. <\/b><br> Po zako\u0144czeniu dostosowywania wid\u017cetu skopiuj ekskluzywny kod z wy\u015bwietlonego pola i zachowaj go do wykorzystania w przysz\u0142o\u015bci. <\/li> <li><b>Rozpocznij korzystanie z wid\u017cetu w swojej witrynie iFrame. <\/b><br> Zaimplementuj zapisany wcze\u015bniej kod na swojej stronie i zastosuj ulepszenia. <\/li> <li><b>Konfiguracja zosta\u0142a pomy\u015blnie uko\u0144czona. <\/b><br> Przejd\u017a na swoj\u0105 stron\u0119 i zobacz w akcji jak dzia\u0142a widget. <\/li><\/ol> <p>Je\u015bli masz pytania lub napotkasz trudno\u015bci, nie wahaj si\u0119 zwr\u00f3ci\u0107 do naszego personelu obs\u0142ugi klienta. Nasi konsultanci pragn\u0105 rozwi\u0105za\u0107 wszystkie problemy, jakie mo\u017cesz mie\u0107 z tym narz\u0119dziem. <\/p> <\/div><div class=\"faq\" data-component=\"FAQ\"><div class=\"faq-item\">\r\n\t\t\t\t\t<div class=\"faq-item-question\">\r\n\t\t\t\t\t\t<h3 class=\"faq-item-question-text\">Jak osadzi\u0107 kana\u0142 RSS na mojej stronie g\u0142\u00f3wnej iFrame bez umiej\u0119tno\u015bci kodowania?<\/h3>\r\n\r\n\t\t\t\t\t\t<div class=\"faq-item-question-icon\"><\/div>\r\n\t\t\t\t\t<\/div>\r\n\r\n\t\t\t\t\t<div class=\"faq-item-answer\">\r\n\t\t\t\t\t\t<div class=\"faq-item-answer-text\"><p>Firma Elfsight zapewnia rozwi\u0105zanie w chmurze kt\u00f3ra pozwala u\u017cytkownikom samodzielnie wygenerowa\u0107 wid\u017cet kana\u0142u RSS, sprawd\u017a, jakie to proste: <\/p><ul><li>Zacznij prac\u0119 od razu w wersji demonstracyjnej na \u017cywo, aby stworzy\u0107 aplikacj\u0119 kana\u0142u RSS, kt\u00f3r\u0105 chcesz zintegrowa\u0107 z witryn\u0105 iFrame.<\/p><ul><li> li&gt;<li>Wybierz jeden z wst\u0119pnie zaprojektowanych szablon\u00f3w i zmie\u0144 ustawienia kana\u0142u RSS, dodaj tre\u015b\u0107, zmie\u0144 uk\u0142ad i schemat kolor\u00f3w bez umiej\u0119tno\u015bci kodowania.<\/li><li>Zapisz kana\u0142 RSS i uzyskaj jego instalacj\u0119 kod, kt\u00f3ry mo\u017cna \u0142atwo osadzi\u0107 w witrynie iFrame bez konieczno\u015bci zakupu p\u0142atnej subskrypcji.<\/li><\/ul><p>Dzi\u0119ki naszemu prostemu edytorowi ka\u017cdy u\u017cytkownik Internetu mo\u017ce stworzy\u0107 wid\u017cet kana\u0142u RSS online i po prostu umie\u015bci\u0107 go na stronie internetowej iFrame. Aby uzyska\u0107 dost\u0119p do naszego Edytora, nie wolno p\u0142aci\u0107 ani wprowadza\u0107 danych uwierzytelniaj\u0105cych karty. Je\u015bli napotkasz jakiekolwiek przeszkody, nie wahaj si\u0119 porozmawia\u0107 z naszym dzia\u0142em obs\u0142ugi klienta.<\/p><\/div>\r\n\t\t\t\t\t<\/div>\r\n\t\t\t\t<\/div><\/div>","protected":false},"excerpt":{"rendered":"","protected":false},"author":9,"featured_media":0,"parent":3375,"menu_order":0,"comment_status":"closed","ping_status":"closed","template":"templates\/template-application-platform.php","meta":{"publish_to_discourse":"","publish_post_category":"","wpdc_auto_publish_overridden":"","wpdc_topic_tags":"","wpdc_pin_topic":"","wpdc_pin_until":"","discourse_post_id":"","discourse_permalink":"","wpdc_publishing_response":"","wpdc_publishing_error":"","footnotes":""},"class_list":["post-6342","page","type-page","status-publish","hentry"],"yoast_head":"<!-- This site is optimized with the Yoast SEO plugin v25.3.1 - https:\/\/yoast.com\/wordpress\/plugins\/seo\/ -->\n<title>Dodaj wid\u017cet kana\u0142u RSS do witryny iFrame (szybko i bezp\u0142atnie)<\/title>\n<meta name=\"description\" content=\"Umie\u015b\u0107 responsywny wid\u017cet kana\u0142u RSS na swojej witrynie iFrame. Wypr\u00f3buj por\u0119czn\u0105 wersj\u0119 demonstracyjn\u0105 Elfsight i utw\u00f3rz wspania\u0142y kana\u0142 RSS w ci\u0105gu kilku minut\" \/>\n<meta name=\"robots\" content=\"index, follow, max-snippet:-1, max-image-preview:large, max-video-preview:-1\" \/>\n<link rel=\"canonical\" href=\"https:\/\/elfsight.com\/pl\/rss-feed-widget\/iframe\/\" \/>\n<meta property=\"og:locale\" content=\"pl_PL\" \/>\n<meta property=\"og:type\" content=\"article\" \/>\n<meta property=\"og:title\" content=\"Dodaj wid\u017cet kana\u0142u RSS do witryny iFrame (szybko i bezp\u0142atnie)\" \/>\n<meta property=\"og:description\" content=\"Umie\u015b\u0107 responsywny wid\u017cet kana\u0142u RSS na swojej witrynie iFrame. Wypr\u00f3buj por\u0119czn\u0105 wersj\u0119 demonstracyjn\u0105 Elfsight i utw\u00f3rz wspania\u0142y kana\u0142 RSS w ci\u0105gu kilku minut\" \/>\n<meta property=\"og:url\" content=\"https:\/\/elfsight.com\/pl\/rss-feed-widget\/iframe\/\" \/>\n<meta property=\"og:site_name\" content=\"Elfsight PL\" \/>\n<meta property=\"article:modified_time\" content=\"2024-11-14T08:49:43+00:00\" \/>\n<meta name=\"twitter:card\" content=\"summary_large_image\" \/>\n<meta name=\"twitter:label1\" content=\"Szacowany czas czytania\" \/>\n\t<meta name=\"twitter:data1\" content=\"3 minuty\" \/>\n<!-- \/ Yoast SEO plugin. -->","yoast_head_json":{"title":"Dodaj wid\u017cet kana\u0142u RSS do witryny iFrame (szybko i bezp\u0142atnie)","description":"Umie\u015b\u0107 responsywny wid\u017cet kana\u0142u RSS na swojej witrynie iFrame. Wypr\u00f3buj por\u0119czn\u0105 wersj\u0119 demonstracyjn\u0105 Elfsight i utw\u00f3rz wspania\u0142y kana\u0142 RSS w ci\u0105gu kilku minut","robots":{"index":"index","follow":"follow","max-snippet":"max-snippet:-1","max-image-preview":"max-image-preview:large","max-video-preview":"max-video-preview:-1"},"canonical":"https:\/\/elfsight.com\/pl\/rss-feed-widget\/iframe\/","og_locale":"pl_PL","og_type":"article","og_title":"Dodaj wid\u017cet kana\u0142u RSS do witryny iFrame (szybko i bezp\u0142atnie)","og_description":"Umie\u015b\u0107 responsywny wid\u017cet kana\u0142u RSS na swojej witrynie iFrame. Wypr\u00f3buj por\u0119czn\u0105 wersj\u0119 demonstracyjn\u0105 Elfsight i utw\u00f3rz wspania\u0142y kana\u0142 RSS w ci\u0105gu kilku minut","og_url":"https:\/\/elfsight.com\/pl\/rss-feed-widget\/iframe\/","og_site_name":"Elfsight PL","article_modified_time":"2024-11-14T08:49:43+00:00","twitter_card":"summary_large_image","twitter_misc":{"Szacowany czas czytania":"3 minuty"},"schema":{"@context":"https:\/\/schema.org","@graph":[{"@type":"WebPage","@id":"https:\/\/elfsight.com\/pl\/rss-feed-widget\/iframe\/","url":"https:\/\/elfsight.com\/pl\/rss-feed-widget\/iframe\/","name":"Dodaj wid\u017cet kana\u0142u RSS do witryny iFrame (szybko i bezp\u0142atnie)","isPartOf":{"@id":"https:\/\/elfsight.com\/pl\/#website"},"datePublished":"1970-01-01T00:00:00+00:00","dateModified":"2024-11-14T08:49:43+00:00","description":"Umie\u015b\u0107 responsywny wid\u017cet kana\u0142u RSS na swojej witrynie iFrame. Wypr\u00f3buj por\u0119czn\u0105 wersj\u0119 demonstracyjn\u0105 Elfsight i utw\u00f3rz wspania\u0142y kana\u0142 RSS w ci\u0105gu kilku minut","breadcrumb":{"@id":"https:\/\/elfsight.com\/pl\/rss-feed-widget\/iframe\/#breadcrumb"},"inLanguage":"pl-PL","potentialAction":[{"@type":"ReadAction","target":["https:\/\/elfsight.com\/pl\/rss-feed-widget\/iframe\/"]}]},{"@type":"BreadcrumbList","@id":"https:\/\/elfsight.com\/pl\/rss-feed-widget\/iframe\/#breadcrumb","itemListElement":[{"@type":"ListItem","position":1,"name":"Home","item":"https:\/\/elfsight.com\/pl\/"},{"@type":"ListItem","position":2,"name":"RSS Feed","item":"https:\/\/elfsight.com\/pl\/rss-feed-widget\/"},{"@type":"ListItem","position":3,"name":"RSS Feed &#8211; iFrame"}]},{"@type":"WebSite","@id":"https:\/\/elfsight.com\/pl\/#website","url":"https:\/\/elfsight.com\/pl\/","name":"Elfsight PL","description":"Just another Elfsight Sites site","potentialAction":[{"@type":"SearchAction","target":{"@type":"EntryPoint","urlTemplate":"https:\/\/elfsight.com\/pl\/?s={search_term_string}"},"query-input":{"@type":"PropertyValueSpecification","valueRequired":true,"valueName":"search_term_string"}}],"inLanguage":"pl-PL"}]}},"meta_box":{"industry":"","seo_heading":"","heading":"","description":"","cta_heading":"","cta_description":"","application":"3347","h1":"Widget kana\u0142u RSS iFrame","h1_caption":"Umie\u015b\u0107 kana\u0142 rss na swojej stronie internetowej, aby wy\u015bwietla\u0107 tre\u015bci ze \u017ar\u00f3de\u0142 zewn\u0119trznych, dzi\u0119ki czemu Twoja witryna b\u0119dzie bezproblemowo aktualizowana o nowe materia\u0142y w witrynie iFrame.","application_category":[],"applications_title":"","applications_request_title":"","applications_request_button_text":"","hero_text":"","hero_video":"","hero_video_schema_markup":"","selling_points_title":"","selling_points_caption":"","selling_points":[],"selling_points_cta_text":"","features_title":"","features":"","ed_cta_examples_text":"","ed_cta_examples_hidden":"","ed_cta_demo_text":"","ed_cta_demo_hidden":"","why_caption":"","why_editor_title":"","why_editor_text":"","why_team_title":"","why_team_text":"","why_service_title":"","why_service_text":"","template_catalog_visible":"","template_catalog_title":"","template_catalog_text":"","template_catalog_categories_visible":"","demo_title":"Utw\u00f3rz wid\u017cet kana\u0142u RSS","demo_caption":"Skonfiguruj sw\u00f3j kana\u0142 RSS i dodaj go do swojej witryny iFrame za darmo!","default_faq_hidden":"","app_template_category":[],"platform":"187","template_public_id":"","codecanyon_url":"","codecanyon_item_id":"","codecanyon_price":"","pricing_caption":"","pricing_elfsight_apps_hide_column":"","pricing_elfsight_apps_url":"","pricing_codecanyon_price_caption":"","integration_category":[],"integration_request_title":"","integration_request_cta":"","integration_platform":"","integrations":[],"platform_category":[],"video_schema_markup":"","price":"od 0 USD \/ miesi\u0105c","trial":"","benefits":[{"text":"Bezp\u0142atna us\u0142uga monta\u017cu"},{"text":"Wsparcie premium"},{"text":"14-dniowa gwarancja zwrotu pieni\u0119dzy"}],"button_url":"#demo","button_target_blank":"","button_nofollow":"","attributes":[{"name":"Instaluje"},{"name":"Czu\u0142y"},{"name":"Kompatybilne przegl\u0105darki"}],"tags":[],"tags_disable_links":"","hide_more_platforms":"","video_object":"","demo_hide_cta":"","demo_hide_cloud_options":"","pricing_title":"","pricing":[{"pricing_icon":"platform","pricing_title":"Elfsight Apps","pricing_title_caption":"Niezale\u017cne od platformy rozwi\u0105zanie cyfrowe, kt\u00f3re dzia\u0142a na ka\u017cdej stronie","pricing_price":"od 0 USD \/ miesi\u0105c","pricing_price_caption":"zacznij od bezp\u0142atnego planu","pricing_benefits":[{"text":"Nielimitowane domeny"},{"text":"Bezp\u0142atne wsparcie firmy i dobrze udokumentowane"},{"text":"Bezp\u0142atna pomoc w monta\u017cu"},{"text":"100% konfigurowalny"}],"pricing_button_text":"Dodaj do witryny","pricing_button_url":"#demo"}],"related_apps_title":"","related_apps_hidden":"","author":"","image":[],"title":"","job":"","social_networks":[]},"_links":{"self":[{"href":"https:\/\/elfsight.com\/pl\/wp-json\/wp\/v2\/pages\/6342","targetHints":{"allow":["GET"]}}],"collection":[{"href":"https:\/\/elfsight.com\/pl\/wp-json\/wp\/v2\/pages"}],"about":[{"href":"https:\/\/elfsight.com\/pl\/wp-json\/wp\/v2\/types\/page"}],"author":[{"embeddable":true,"href":"https:\/\/elfsight.com\/pl\/wp-json\/wp\/v2\/users\/9"}],"replies":[{"embeddable":true,"href":"https:\/\/elfsight.com\/pl\/wp-json\/wp\/v2\/comments?post=6342"}],"version-history":[{"count":1,"href":"https:\/\/elfsight.com\/pl\/wp-json\/wp\/v2\/pages\/6342\/revisions"}],"predecessor-version":[{"id":6346,"href":"https:\/\/elfsight.com\/pl\/wp-json\/wp\/v2\/pages\/6342\/revisions\/6346"}],"up":[{"embeddable":true,"href":"https:\/\/elfsight.com\/pl\/wp-json\/wp\/v2\/pages\/3375"}],"wp:attachment":[{"href":"https:\/\/elfsight.com\/pl\/wp-json\/wp\/v2\/media?parent=6342"}],"curies":[{"name":"wp","href":"https:\/\/api.w.org\/{rel}","templated":true}]}}