{"id":6341,"date":"1970-01-01T00:00:00","date_gmt":"1970-01-01T00:00:00","guid":{"rendered":"https:\/\/elfsight.com\/pl\/?page_id=6341"},"modified":"2024-11-14T08:49:43","modified_gmt":"2024-11-14T08:49:43","slug":"magento","status":"publish","type":"page","link":"https:\/\/elfsight.com\/pl\/rss-feed-widget\/magento\/","title":{"rendered":"RSS Feed &#8211; Magento"},"content":{"rendered":"<div class=\"application-platform-content-item-description application-platform-content-item\" id=\"description\" data-nav-section=\"description\"> <h2>Opis<\/h2> <p>Kana\u0142 RSS Elfsight dla Magento to rozszerzenie emocji i do\u015bwiadcze\u0144 marketingowych. Dzi\u0119ki niemu mo\u017cesz opracowa\u0107 indywidualny kana\u0142 sk\u0142adaj\u0105cy si\u0119 z tre\u015bci z r\u00f3\u017cnych serwis\u00f3w informacyjnych &#8211; i zademonstrowa\u0107 go bezpo\u015brednio na swojej stronie. Przejmij pe\u0142n\u0105 kontrol\u0119 nad prezentowan\u0105 tre\u015bci\u0105 i usu\u0144 spam oraz wszelkie niepo\u017c\u0105dane tre\u015bci, stosuj\u0105c r\u0119czn\u0105 moderacj\u0119. W pe\u0142ni responsywny konfigurator online oferuje wiele szablon\u00f3w do wyboru. <\/p> <p><b>Uruchom kana\u0142 RSS, aby \u0142atwiej osi\u0105ga\u0107 szczyty biznesowe! <\/b><\/p> <\/div> <div class=\"application-platform-content-item-features application-platform-content-item\" id=\"features\" data-nav-section=\"features\"> <h2>Rozszerzenie posiada przydatne i szybkie funkcje, oto niekt\u00f3re z nich: <\/h2> <ul><li>Zakryj g\u0142ow\u0119 sekcj\u0119, aby widget wygl\u0105da\u0142 minimalistycznie. <\/li><li>Wyeliminuj wszelki spam i niepo\u017c\u0105dane tre\u015bci, korzystaj\u0105c z r\u0119cznego trybu moderacji. <\/li><li>Wybierz jeden z sze\u015bciu dost\u0119pnych uk\u0142ad\u00f3w: Kola\u017c, Suwak, Lista, Mur, Siatka, Karuzela. <\/li><li>Pozw\u00f3l na wy\u015bwietlanie swoich post\u00f3w w wyskakuj\u0105cych okienkach. <\/li><\/ul><p><a href=\"#demo\">Pe\u0142n\u0105 funkcjonalno\u015b\u0107 wid\u017cetu mo\u017cesz przetestowa\u0107 w poni\u017cszej wersji demonstracyjnej<\/a><\/p> <\/div> <div class=\"application-platform-content-item- instalacja application-platform-content-item\" id=\" instalacja\" data-nav-section=\" instalacja\"> <h2>Jak mog\u0119 doda\u0107 kana\u0142 RSS do mojej witryny Magento? <\/h2> <p>Wystarczy wykona\u0107 poni\u017csze kroki, aby zintegrowa\u0107 rozszerzenie. <\/p> <ol><li><b>Uruchom nasz darmowy edytor i zacznij tworzy\u0107 w\u0142asne rozszerzenie. <\/b><br> Znajd\u017a preferowany wygl\u0105d i aspekty narz\u0119dzia i zastosuj zmiany. <\/li> <li><b>Zdob\u0105d\u017a sw\u00f3j indywidualny kod wy\u015bwietlony w oknie aplikacji Elfsight. <\/b><br> Zaraz po zako\u0144czeniu generowania wtyczki skopiuj kod osobisty z pojawiaj\u0105cego si\u0119 wyskakuj\u0105cego okienka i zachowaj go do dalszego wykorzystania. <\/li> <li><b>Wpisz ch\u0119\u0107 korzystania z widgetu na stronie Magento. <\/b><br> Umie\u015b\u0107 na swojej stronie ostatnio skopiowany kod i zapisz zmiany. <\/li> <li><b>Gotowe! Osadzanie zosta\u0142o ca\u0142kowicie zako\u0144czone. <\/b><br> Przejd\u017a na swoj\u0105 stron\u0119 i sprawd\u017a dzia\u0142anie narz\u0119dzia. <\/li><\/ol> <p>Je\u015bli napotkasz jaki\u015b problem, nie wahaj si\u0119 skontaktowa\u0107 z naszym zespo\u0142em wsparcia. Nasi specjali\u015bci z przyjemno\u015bci\u0105 rozwi\u0105\u017c\u0105 wszystkie problemy, jakie mo\u017cesz mie\u0107 z produktem. <\/p> <\/div><div class=\"faq\" data-component=\"FAQ\"><div class=\"faq-item\">\r\n\t\t\t\t\t<div class=\"faq-item-question\">\r\n\t\t\t\t\t\t<h3 class=\"faq-item-question-text\">Czy istnieje spos\u00f3b na osadzenie kana\u0142u RSS na mojej stronie internetowej Magento bez umiej\u0119tno\u015bci kodowania?<\/h3>\r\n\r\n\t\t\t\t\t\t<div class=\"faq-item-question-icon\"><\/div>\r\n\t\t\t\t\t<\/div>\r\n\r\n\t\t\t\t\t<div class=\"faq-item-answer\">\r\n\t\t\t\t\t\t<div class=\"faq-item-answer-text\"><p>Elfsight firma oferuje rozwi\u0105zanie SaaS, kt\u00f3re umo\u017cliwia szerokiemu gronu odbiorc\u00f3w samodzielne utworzenie wid\u017cetu kana\u0142u RSS. Zobacz, jak prosty jest ten proces: <\/p><ul><li>Przejd\u017a do edytora na \u017cywo, aby utworzy\u0107 wtyczk\u0119 kana\u0142u RSS, w kt\u00f3rej chcesz si\u0119 pojawia\u0107 swoj\u0105 witryn\u0119 Magento.<\/li><li>Wybierz jeden z gotowych szablon\u00f3w i zmie\u0144 ustawienia kana\u0142u RSS, zaktualizuj tre\u015b\u0107, zmie\u0144 uk\u0142ad i kolor element\u00f3w bez do\u015bwiadczenia w kodowaniu.<\/li><li>Zapisz kana\u0142 RSS i uzyskaj kod do osadzenia, kt\u00f3ry mo\u017cna po prostu bezp\u0142atnie osadzi\u0107 na stronie g\u0142\u00f3wnej Magento.<\/li><\/ul><p>Dzi\u0119ki intuicyjnemu konfiguratorowi ka\u017cdy internauta mo\u017ce zbudowa\u0107 wtyczk\u0119 RSS Feed i bez problemu osadzi\u0107 j\u0105 w dowolnym Magento Strona internetowa. Aby uzyska\u0107 dost\u0119p do us\u0142ugi, nie trzeba kupowa\u0107 p\u0142atnego planu ani wprowadza\u0107 danych uwierzytelniaj\u0105cych karty. Je\u015bli napotkasz jakiekolwiek problemy, skontaktuj si\u0119 z naszym personelem pomocy technicznej.<\/p><\/div>\r\n\t\t\t\t\t<\/div>\r\n\t\t\t\t<\/div><\/div>","protected":false},"excerpt":{"rendered":"","protected":false},"author":9,"featured_media":0,"parent":3375,"menu_order":0,"comment_status":"closed","ping_status":"closed","template":"templates\/template-application-platform.php","meta":{"publish_to_discourse":"","publish_post_category":"","wpdc_auto_publish_overridden":"","wpdc_topic_tags":"","wpdc_pin_topic":"","wpdc_pin_until":"","discourse_post_id":"","discourse_permalink":"","wpdc_publishing_response":"","wpdc_publishing_error":"","footnotes":""},"class_list":["post-6341","page","type-page","status-publish","hentry"],"yoast_head":"<!-- This site is optimized with the Yoast SEO plugin v25.3.1 - https:\/\/yoast.com\/wordpress\/plugins\/seo\/ -->\n<title>Dodaj rozszerzenie RSS Feed do strony Magento (szybko i za darmo)<\/title>\n<meta name=\"description\" content=\"Zintegruj przyjazne dla urz\u0105dze\u0144 mobilnych rozszerzenie kana\u0142u RSS na swojej stronie Magento. Skorzystaj z por\u0119cznej wersji demonstracyjnej Elfsight i stw\u00f3rz sw\u00f3j niesamowity kana\u0142 RSS.\" \/>\n<meta name=\"robots\" content=\"index, follow, max-snippet:-1, max-image-preview:large, max-video-preview:-1\" \/>\n<link rel=\"canonical\" href=\"https:\/\/elfsight.com\/pl\/rss-feed-widget\/magento\/\" \/>\n<meta property=\"og:locale\" content=\"pl_PL\" \/>\n<meta property=\"og:type\" content=\"article\" \/>\n<meta property=\"og:title\" content=\"Dodaj rozszerzenie RSS Feed do strony Magento (szybko i za darmo)\" \/>\n<meta property=\"og:description\" content=\"Zintegruj przyjazne dla urz\u0105dze\u0144 mobilnych rozszerzenie kana\u0142u RSS na swojej stronie Magento. Skorzystaj z por\u0119cznej wersji demonstracyjnej Elfsight i stw\u00f3rz sw\u00f3j niesamowity kana\u0142 RSS.\" \/>\n<meta property=\"og:url\" content=\"https:\/\/elfsight.com\/pl\/rss-feed-widget\/magento\/\" \/>\n<meta property=\"og:site_name\" content=\"Elfsight PL\" \/>\n<meta property=\"article:modified_time\" content=\"2024-11-14T08:49:43+00:00\" \/>\n<meta name=\"twitter:card\" content=\"summary_large_image\" \/>\n<meta name=\"twitter:label1\" content=\"Szacowany czas czytania\" \/>\n\t<meta name=\"twitter:data1\" content=\"3 minuty\" \/>\n<!-- \/ Yoast SEO plugin. -->","yoast_head_json":{"title":"Dodaj rozszerzenie RSS Feed do strony Magento (szybko i za darmo)","description":"Zintegruj przyjazne dla urz\u0105dze\u0144 mobilnych rozszerzenie kana\u0142u RSS na swojej stronie Magento. Skorzystaj z por\u0119cznej wersji demonstracyjnej Elfsight i stw\u00f3rz sw\u00f3j niesamowity kana\u0142 RSS.","robots":{"index":"index","follow":"follow","max-snippet":"max-snippet:-1","max-image-preview":"max-image-preview:large","max-video-preview":"max-video-preview:-1"},"canonical":"https:\/\/elfsight.com\/pl\/rss-feed-widget\/magento\/","og_locale":"pl_PL","og_type":"article","og_title":"Dodaj rozszerzenie RSS Feed do strony Magento (szybko i za darmo)","og_description":"Zintegruj przyjazne dla urz\u0105dze\u0144 mobilnych rozszerzenie kana\u0142u RSS na swojej stronie Magento. Skorzystaj z por\u0119cznej wersji demonstracyjnej Elfsight i stw\u00f3rz sw\u00f3j niesamowity kana\u0142 RSS.","og_url":"https:\/\/elfsight.com\/pl\/rss-feed-widget\/magento\/","og_site_name":"Elfsight PL","article_modified_time":"2024-11-14T08:49:43+00:00","twitter_card":"summary_large_image","twitter_misc":{"Szacowany czas czytania":"3 minuty"},"schema":{"@context":"https:\/\/schema.org","@graph":[{"@type":"WebPage","@id":"https:\/\/elfsight.com\/pl\/rss-feed-widget\/magento\/","url":"https:\/\/elfsight.com\/pl\/rss-feed-widget\/magento\/","name":"Dodaj rozszerzenie RSS Feed do strony Magento (szybko i za darmo)","isPartOf":{"@id":"https:\/\/elfsight.com\/pl\/#website"},"datePublished":"1970-01-01T00:00:00+00:00","dateModified":"2024-11-14T08:49:43+00:00","description":"Zintegruj przyjazne dla urz\u0105dze\u0144 mobilnych rozszerzenie kana\u0142u RSS na swojej stronie Magento. Skorzystaj z por\u0119cznej wersji demonstracyjnej Elfsight i stw\u00f3rz sw\u00f3j niesamowity kana\u0142 RSS.","breadcrumb":{"@id":"https:\/\/elfsight.com\/pl\/rss-feed-widget\/magento\/#breadcrumb"},"inLanguage":"pl-PL","potentialAction":[{"@type":"ReadAction","target":["https:\/\/elfsight.com\/pl\/rss-feed-widget\/magento\/"]}]},{"@type":"BreadcrumbList","@id":"https:\/\/elfsight.com\/pl\/rss-feed-widget\/magento\/#breadcrumb","itemListElement":[{"@type":"ListItem","position":1,"name":"Home","item":"https:\/\/elfsight.com\/pl\/"},{"@type":"ListItem","position":2,"name":"RSS Feed","item":"https:\/\/elfsight.com\/pl\/rss-feed-widget\/"},{"@type":"ListItem","position":3,"name":"RSS Feed &#8211; Magento"}]},{"@type":"WebSite","@id":"https:\/\/elfsight.com\/pl\/#website","url":"https:\/\/elfsight.com\/pl\/","name":"Elfsight PL","description":"Just another Elfsight Sites site","potentialAction":[{"@type":"SearchAction","target":{"@type":"EntryPoint","urlTemplate":"https:\/\/elfsight.com\/pl\/?s={search_term_string}"},"query-input":{"@type":"PropertyValueSpecification","valueRequired":true,"valueName":"search_term_string"}}],"inLanguage":"pl-PL"}]}},"meta_box":{"industry":"","seo_heading":"","heading":"","description":"","cta_heading":"","cta_description":"","application":"3347","h1":"Rozszerzenie kana\u0142u RSS Magento","h1_caption":"Umie\u015b\u0107 kana\u0142 rss na swojej stronie internetowej, aby wy\u015bwietla\u0107 tre\u015bci ze \u017ar\u00f3de\u0142 zewn\u0119trznych, dzi\u0119ki czemu Twoja witryna b\u0119dzie zawsze aktualizowana o nowe materia\u0142y w witrynie Magento.","application_category":[],"applications_title":"","applications_request_title":"","applications_request_button_text":"","hero_text":"","hero_video":"","hero_video_schema_markup":"","selling_points_title":"","selling_points_caption":"","selling_points":[],"selling_points_cta_text":"","features_title":"","features":"","ed_cta_examples_text":"","ed_cta_examples_hidden":"","ed_cta_demo_text":"","ed_cta_demo_hidden":"","why_caption":"","why_editor_title":"","why_editor_text":"","why_team_title":"","why_team_text":"","why_service_title":"","why_service_text":"","template_catalog_visible":"","template_catalog_title":"","template_catalog_text":"","template_catalog_categories_visible":"","demo_title":"Utw\u00f3rz rozszerzenie kana\u0142u RSS","demo_caption":"Skonfiguruj sw\u00f3j kana\u0142 RSS i dodaj go do swojej witryny Magento za darmo!","default_faq_hidden":"","app_template_category":[],"platform":"92","template_public_id":"","codecanyon_url":"","codecanyon_item_id":"","codecanyon_price":"","pricing_caption":"","pricing_elfsight_apps_hide_column":"","pricing_elfsight_apps_url":"","pricing_codecanyon_price_caption":"","integration_category":[],"integration_request_title":"","integration_request_cta":"","integration_platform":"","integrations":[],"platform_category":[],"video_schema_markup":"","price":"od 0 USD \/ miesi\u0105c","trial":"","benefits":[{"text":"Bezp\u0142atna pomoc w monta\u017cu"},{"text":"Profesjonalna obs\u0142uga klienta"},{"text":"14-dniowa gwarancja zwrotu pieni\u0119dzy"}],"button_url":"#demo","button_target_blank":"","button_nofollow":"","attributes":[{"name":"Instaluje"},{"name":"Czu\u0142y"},{"name":"Kompatybilne przegl\u0105darki"}],"tags":[],"tags_disable_links":"","hide_more_platforms":"","video_object":"","demo_hide_cta":"","demo_hide_cloud_options":"","pricing_title":"","pricing":[{"pricing_icon":"platform","pricing_title":"Elfsight Apps","pricing_title_caption":"Wersja wieloplatformowa","pricing_price":"od 0 USD \/ miesi\u0105c","pricing_price_caption":"zacznij od bezp\u0142atnego planu","pricing_benefits":[{"text":"Nielimitowane strony internetowe"},{"text":"Bezp\u0142atna obs\u0142uga klienta i dobrze udokumentowana"},{"text":"Bezp\u0142atna pomoc w monta\u017cu"},{"text":"Elastyczny projekt"}],"pricing_button_text":"Dodaj do witryny","pricing_button_url":"#demo"}],"related_apps_title":"","related_apps_hidden":"","author":"","image":[],"title":"","job":"","social_networks":[]},"_links":{"self":[{"href":"https:\/\/elfsight.com\/pl\/wp-json\/wp\/v2\/pages\/6341","targetHints":{"allow":["GET"]}}],"collection":[{"href":"https:\/\/elfsight.com\/pl\/wp-json\/wp\/v2\/pages"}],"about":[{"href":"https:\/\/elfsight.com\/pl\/wp-json\/wp\/v2\/types\/page"}],"author":[{"embeddable":true,"href":"https:\/\/elfsight.com\/pl\/wp-json\/wp\/v2\/users\/9"}],"replies":[{"embeddable":true,"href":"https:\/\/elfsight.com\/pl\/wp-json\/wp\/v2\/comments?post=6341"}],"version-history":[{"count":1,"href":"https:\/\/elfsight.com\/pl\/wp-json\/wp\/v2\/pages\/6341\/revisions"}],"predecessor-version":[{"id":6345,"href":"https:\/\/elfsight.com\/pl\/wp-json\/wp\/v2\/pages\/6341\/revisions\/6345"}],"up":[{"embeddable":true,"href":"https:\/\/elfsight.com\/pl\/wp-json\/wp\/v2\/pages\/3375"}],"wp:attachment":[{"href":"https:\/\/elfsight.com\/pl\/wp-json\/wp\/v2\/media?parent=6341"}],"curies":[{"name":"wp","href":"https:\/\/api.w.org\/{rel}","templated":true}]}}