{"id":6334,"date":"1970-01-01T00:00:00","date_gmt":"1970-01-01T00:00:00","guid":{"rendered":"https:\/\/elfsight.com\/pl\/?page_id=6334"},"modified":"2024-11-14T08:49:36","modified_gmt":"2024-11-14T08:49:36","slug":"opencart","status":"publish","type":"page","link":"https:\/\/elfsight.com\/pl\/rss-feed-widget\/opencart\/","title":{"rendered":"RSS Feed &#8211; OpenCart"},"content":{"rendered":"<div class=\"application-platform-content-item-description application-platform-content-item\" id=\"description\" data-nav-section=\"description\"> <h2>Opis<\/h2> <p>Kana\u0142 RSS Elfsight dla OpenCart to unikalne rozszerzenie promuj\u0105ce emocje i do\u015bwiadczenia. Dzi\u0119ki niemu mo\u017cesz zaprojektowa\u0107 zindywidualizowany kana\u0142 sk\u0142adaj\u0105cy si\u0119 z tre\u015bci z r\u00f3\u017cnych serwis\u00f3w informacyjnych &#8211; i umie\u015bci\u0107 go bezpo\u015brednio na swojej stronie. Przejmij pe\u0142n\u0105 kontrol\u0119 nad wy\u015bwietlan\u0105 tre\u015bci\u0105 i usu\u0144 spam oraz wszelkie niepo\u017c\u0105dane tre\u015bci za pomoc\u0105 r\u0119cznej moderacji. Ca\u0142kowicie responsywny edytor online udost\u0119pnia r\u00f3\u017cnorodne szablony do wyboru. <\/p> <p><b>Dzi\u0119ki kana\u0142owi RSS mo\u017cesz osi\u0105gn\u0105\u0107 zr\u00f3wnowa\u017cony rozw\u00f3j firmy i lepsz\u0105 sprzeda\u017c <\/b><\/p> <\/div> <div class=\"application-platform-content-item-features application-platform-content-item\" id=\"features\" data-nav-section=\"features\"> <h2>Do najwa\u017cniejszych funkcji widgetu nale\u017c\u0105<\/h2> <ul><li>Zakryj sekcj\u0119 g\u0142owicy, aby Twoje narz\u0119dzie wygl\u0105da\u0142o minimalistycznie. <\/li><li>Usu\u0144 wszelki spam i niepo\u017c\u0105dane tre\u015bci, korzystaj\u0105c z r\u0119cznego trybu moderacji. <\/li><li>Wybierz jeden z sze\u015bciu dost\u0119pnych uk\u0142ad\u00f3w: karuzela, suwak, siatka, lista, kola\u017c, mur. <\/li><li>Niech Twoje posty b\u0119d\u0105 wy\u015bwietlane w wyskakuj\u0105cym okienku. <\/li><\/ul><p><a href=\"#demo\">Sprawd\u017a wszystkie funkcje personalizacji w pe\u0142nej wersji demonstracyjnej<\/a><\/p> <\/div> <div class=\"application-platform-content-item-installation application-platform-content-item\" id=\"installation\" data-nav-section=\"installation\"> <h2>Jak osadzi\u0107 kana\u0142 RSS w mojej witrynie OpenCart? <\/h2> <p>Wystarczy spe\u0142ni\u0107 poni\u017csze wskaz\u00f3wki, aby rozpocz\u0105\u0107 korzystanie z rozszerzenia. <\/p> <ol><li><b>Wykonaj bezp\u0142atn\u0105 wersj\u0119 demonstracyjn\u0105 i zacznij tworzy\u0107 spersonalizowane rozszerzenie. <\/b><br> Okre\u015bl po\u017c\u0105dany wygl\u0105d i aspekty rozszerzenia i zastosuj poprawki. <\/li> <li><b>Odbierz unikalny kod widoczny w pude\u0142ku w aplikacjach Elfsight. <\/b><br> Zaraz po zako\u0144czeniu generowania wtyczki skopiuj ekskluzywny kod z wy\u015bwietlonego okna i zapisz go na przysz\u0142o\u015b\u0107. <\/li> <li><b>Wpisz ch\u0119\u0107 korzystania z widgetu na stronie OpenCart. <\/b><br> Dodaj kod, kt\u00f3ry zapisa\u0142e\u015b wcze\u015bniej na swojej stronie i zapisz zmiany. <\/li> <li><b>Gotowe! Osadzanie zosta\u0142o w pe\u0142ni zako\u0144czone. <\/b><br> Przejd\u017a do swojej witryny, aby sprawdzi\u0107 dzia\u0142anie rozszerzenia. <\/li><\/ol> <p>Je\u015bli napotkasz jakie\u015b problemy, bez wahania zwr\u00f3\u0107 si\u0119 do naszego personelu pomocniczego. Nasi specjali\u015bci pragn\u0105 rozwi\u0105za\u0107 wszystkie problemy, jakie mo\u017cesz mie\u0107 z wtyczk\u0105. <\/p> <\/div><div class=\"faq\" data-component=\"FAQ\"><div class=\"faq-item\">\r\n\t\t\t\t\t<div class=\"faq-item-question\">\r\n\t\t\t\t\t\t<h3 class=\"faq-item-question-text\">Czy istnieje opcja osadzania kana\u0142u RSS na mojej stronie g\u0142\u00f3wnej OpenCart bez umiej\u0119tno\u015bci kodowania?<\/h3>\r\n\r\n\t\t\t\t\t\t<div class=\"faq-item-question-icon\"><\/div>\r\n\t\t\t\t\t<\/div>\r\n\r\n\t\t\t\t\t<div class=\"faq-item-answer\">\r\n\t\t\t\t\t\t<div class=\"faq-item-answer-text\"><p>Firma Elfsight zapewnia rozwi\u0105zanie, kt\u00f3re umo\u017cliwia samodzielne utworzenie wtyczki kana\u0142u RSS, zobacz prosty przewodnik: <\/p><ul><li>Pracuj w edytorze online, aby zbudowa\u0107 wid\u017cet kana\u0142u RSS, kt\u00f3ry chcesz umie\u015bci\u0107 na swojej stronie OpenCart.<\/li><li>Wybierz jeden z wst\u0119pnie zaprojektowanych szablon\u00f3w i dostosuj ustawienia kana\u0142u RSS, zmie\u0144 uk\u0142ad i kolory, do\u0142\u0105cz tre\u015b\u0107 bez umiej\u0119tno\u015bci kodowania.<\/li><li>Kliknij, aby zapisa\u0107 kana\u0142 RSS i uzyska\u0107 jego instalacj\u0119 kod, kt\u00f3ry mo\u017cesz za darmo umie\u015bci\u0107 na swojej stronie g\u0142\u00f3wnej OpenCart.<\/li><\/ul><p>Dzi\u0119ki intuicyjnemu edytorowi ka\u017cdy internauta mo\u017ce wygenerowa\u0107 aplikacj\u0119 RSS online i \u0142atwo doda\u0107 j\u0105 do swojej strony g\u0142\u00f3wnej OpenCart. Nie ma potrzeby wykupienia p\u0142atnej subskrypcji ani ujawniania danych karty, aby uzyska\u0107 dost\u0119p do Edytora Elfsight. Je\u015bli na kt\u00f3rymkolwiek etapie napotkasz jakiekolwiek przeszkody, nie wahaj si\u0119 skontaktowa\u0107 z naszym technicznym dzia\u0142em obs\u0142ugi klienta.<\/p><\/div>\r\n\t\t\t\t\t<\/div>\r\n\t\t\t\t<\/div><\/div>","protected":false},"excerpt":{"rendered":"","protected":false},"author":9,"featured_media":0,"parent":3375,"menu_order":0,"comment_status":"closed","ping_status":"closed","template":"templates\/template-application-platform.php","meta":{"publish_to_discourse":"","publish_post_category":"","wpdc_auto_publish_overridden":"","wpdc_topic_tags":"","wpdc_pin_topic":"","wpdc_pin_until":"","discourse_post_id":"","discourse_permalink":"","wpdc_publishing_response":"","wpdc_publishing_error":"","footnotes":""},"class_list":["post-6334","page","type-page","status-publish","hentry"],"yoast_head":"<!-- This site is optimized with the Yoast SEO plugin v25.3.1 - https:\/\/yoast.com\/wordpress\/plugins\/seo\/ -->\n<title>Dodaj rozszerzenie kana\u0142u RSS do witryny OpenCart (szybko i bezp\u0142atnie)<\/title>\n<meta name=\"description\" content=\"Zintegruj przyjazne dla urz\u0105dze\u0144 mobilnych rozszerzenie kana\u0142u RSS ze swoj\u0105 witryn\u0105 OpenCart. Zastosuj por\u0119czne demo Elfsight i stw\u00f3rz sw\u00f3j osza\u0142amiaj\u0105cy kana\u0142 RSS.\" \/>\n<meta name=\"robots\" content=\"index, follow, max-snippet:-1, max-image-preview:large, max-video-preview:-1\" \/>\n<link rel=\"canonical\" href=\"https:\/\/elfsight.com\/pl\/rss-feed-widget\/opencart\/\" \/>\n<meta property=\"og:locale\" content=\"pl_PL\" \/>\n<meta property=\"og:type\" content=\"article\" \/>\n<meta property=\"og:title\" content=\"Dodaj rozszerzenie kana\u0142u RSS do witryny OpenCart (szybko i bezp\u0142atnie)\" \/>\n<meta property=\"og:description\" content=\"Zintegruj przyjazne dla urz\u0105dze\u0144 mobilnych rozszerzenie kana\u0142u RSS ze swoj\u0105 witryn\u0105 OpenCart. Zastosuj por\u0119czne demo Elfsight i stw\u00f3rz sw\u00f3j osza\u0142amiaj\u0105cy kana\u0142 RSS.\" \/>\n<meta property=\"og:url\" content=\"https:\/\/elfsight.com\/pl\/rss-feed-widget\/opencart\/\" \/>\n<meta property=\"og:site_name\" content=\"Elfsight PL\" \/>\n<meta property=\"article:modified_time\" content=\"2024-11-14T08:49:36+00:00\" \/>\n<meta name=\"twitter:card\" content=\"summary_large_image\" \/>\n<meta name=\"twitter:label1\" content=\"Szacowany czas czytania\" \/>\n\t<meta name=\"twitter:data1\" content=\"3 minuty\" \/>\n<!-- \/ Yoast SEO plugin. -->","yoast_head_json":{"title":"Dodaj rozszerzenie kana\u0142u RSS do witryny OpenCart (szybko i bezp\u0142atnie)","description":"Zintegruj przyjazne dla urz\u0105dze\u0144 mobilnych rozszerzenie kana\u0142u RSS ze swoj\u0105 witryn\u0105 OpenCart. Zastosuj por\u0119czne demo Elfsight i stw\u00f3rz sw\u00f3j osza\u0142amiaj\u0105cy kana\u0142 RSS.","robots":{"index":"index","follow":"follow","max-snippet":"max-snippet:-1","max-image-preview":"max-image-preview:large","max-video-preview":"max-video-preview:-1"},"canonical":"https:\/\/elfsight.com\/pl\/rss-feed-widget\/opencart\/","og_locale":"pl_PL","og_type":"article","og_title":"Dodaj rozszerzenie kana\u0142u RSS do witryny OpenCart (szybko i bezp\u0142atnie)","og_description":"Zintegruj przyjazne dla urz\u0105dze\u0144 mobilnych rozszerzenie kana\u0142u RSS ze swoj\u0105 witryn\u0105 OpenCart. Zastosuj por\u0119czne demo Elfsight i stw\u00f3rz sw\u00f3j osza\u0142amiaj\u0105cy kana\u0142 RSS.","og_url":"https:\/\/elfsight.com\/pl\/rss-feed-widget\/opencart\/","og_site_name":"Elfsight PL","article_modified_time":"2024-11-14T08:49:36+00:00","twitter_card":"summary_large_image","twitter_misc":{"Szacowany czas czytania":"3 minuty"},"schema":{"@context":"https:\/\/schema.org","@graph":[{"@type":"WebPage","@id":"https:\/\/elfsight.com\/pl\/rss-feed-widget\/opencart\/","url":"https:\/\/elfsight.com\/pl\/rss-feed-widget\/opencart\/","name":"Dodaj rozszerzenie kana\u0142u RSS do witryny OpenCart (szybko i bezp\u0142atnie)","isPartOf":{"@id":"https:\/\/elfsight.com\/pl\/#website"},"datePublished":"1970-01-01T00:00:00+00:00","dateModified":"2024-11-14T08:49:36+00:00","description":"Zintegruj przyjazne dla urz\u0105dze\u0144 mobilnych rozszerzenie kana\u0142u RSS ze swoj\u0105 witryn\u0105 OpenCart. Zastosuj por\u0119czne demo Elfsight i stw\u00f3rz sw\u00f3j osza\u0142amiaj\u0105cy kana\u0142 RSS.","breadcrumb":{"@id":"https:\/\/elfsight.com\/pl\/rss-feed-widget\/opencart\/#breadcrumb"},"inLanguage":"pl-PL","potentialAction":[{"@type":"ReadAction","target":["https:\/\/elfsight.com\/pl\/rss-feed-widget\/opencart\/"]}]},{"@type":"BreadcrumbList","@id":"https:\/\/elfsight.com\/pl\/rss-feed-widget\/opencart\/#breadcrumb","itemListElement":[{"@type":"ListItem","position":1,"name":"Home","item":"https:\/\/elfsight.com\/pl\/"},{"@type":"ListItem","position":2,"name":"RSS Feed","item":"https:\/\/elfsight.com\/pl\/rss-feed-widget\/"},{"@type":"ListItem","position":3,"name":"RSS Feed &#8211; OpenCart"}]},{"@type":"WebSite","@id":"https:\/\/elfsight.com\/pl\/#website","url":"https:\/\/elfsight.com\/pl\/","name":"Elfsight PL","description":"Just another Elfsight Sites site","potentialAction":[{"@type":"SearchAction","target":{"@type":"EntryPoint","urlTemplate":"https:\/\/elfsight.com\/pl\/?s={search_term_string}"},"query-input":{"@type":"PropertyValueSpecification","valueRequired":true,"valueName":"search_term_string"}}],"inLanguage":"pl-PL"}]}},"meta_box":{"industry":"","seo_heading":"","heading":"","description":"","cta_heading":"","cta_description":"","application":"3347","h1":"Rozszerzenie kana\u0142u RSS OpenCart","h1_caption":"Umie\u015b\u0107 kana\u0142 rss na swojej stronie internetowej, aby wy\u015bwietla\u0107 tre\u015bci ze \u017ar\u00f3de\u0142 zewn\u0119trznych, dzi\u0119ki czemu Twoja witryna b\u0119dzie zawsze aktualizowana o nowe materia\u0142y w witrynie Opencart.","application_category":[],"applications_title":"","applications_request_title":"","applications_request_button_text":"","hero_text":"","hero_video":"","hero_video_schema_markup":"","selling_points_title":"","selling_points_caption":"","selling_points":[],"selling_points_cta_text":"","features_title":"","features":"","ed_cta_examples_text":"","ed_cta_examples_hidden":"","ed_cta_demo_text":"","ed_cta_demo_hidden":"","why_caption":"","why_editor_title":"","why_editor_text":"","why_team_title":"","why_team_text":"","why_service_title":"","why_service_text":"","template_catalog_visible":"","template_catalog_title":"","template_catalog_text":"","template_catalog_categories_visible":"","demo_title":"Utw\u00f3rz rozszerzenie kana\u0142u RSS","demo_caption":"Skonfiguruj sw\u00f3j kana\u0142 RSS i dodaj go do swojej witryny OpenCart za darmo!","default_faq_hidden":"","app_template_category":[],"platform":"107","template_public_id":"","codecanyon_url":"","codecanyon_item_id":"","codecanyon_price":"","pricing_caption":"","pricing_elfsight_apps_hide_column":"","pricing_elfsight_apps_url":"","pricing_codecanyon_price_caption":"","integration_category":[],"integration_request_title":"","integration_request_cta":"","integration_platform":"","integrations":[],"platform_category":[],"video_schema_markup":"","price":"od 0 USD \/ miesi\u0105c","trial":"","benefits":[{"text":"Bezp\u0142atna us\u0142uga monta\u017cu"},{"text":"Kompetentna obs\u0142uga klienta"},{"text":"14-dniowa gwarancja zwrotu pieni\u0119dzy"}],"button_url":"#demo","button_target_blank":"","button_nofollow":"","attributes":[{"name":"Instaluje"},{"name":"Czu\u0142y"},{"name":"Kompatybilne przegl\u0105darki"}],"tags":[],"tags_disable_links":"","hide_more_platforms":"","video_object":"","demo_hide_cta":"","demo_hide_cloud_options":"","pricing_title":"","pricing":[{"pricing_icon":"platform","pricing_title":"Elfsight Apps","pricing_title_caption":"Wersja niezale\u017cna od platformy","pricing_price":"od 0 USD \/ miesi\u0105c","pricing_price_caption":"zacznij od bezp\u0142atnego planu","pricing_benefits":[{"text":"Nielimitowane domeny"},{"text":"Wsparcie premium, terminowe i dobrze udokumentowane"},{"text":"Bezp\u0142atne wsparcie instalacyjne"},{"text":"Elastyczny projekt"}],"pricing_button_text":"Dodaj do witryny","pricing_button_url":"#demo"}],"related_apps_title":"","related_apps_hidden":"","author":"","image":[],"title":"","job":"","social_networks":[]},"_links":{"self":[{"href":"https:\/\/elfsight.com\/pl\/wp-json\/wp\/v2\/pages\/6334","targetHints":{"allow":["GET"]}}],"collection":[{"href":"https:\/\/elfsight.com\/pl\/wp-json\/wp\/v2\/pages"}],"about":[{"href":"https:\/\/elfsight.com\/pl\/wp-json\/wp\/v2\/types\/page"}],"author":[{"embeddable":true,"href":"https:\/\/elfsight.com\/pl\/wp-json\/wp\/v2\/users\/9"}],"replies":[{"embeddable":true,"href":"https:\/\/elfsight.com\/pl\/wp-json\/wp\/v2\/comments?post=6334"}],"version-history":[{"count":1,"href":"https:\/\/elfsight.com\/pl\/wp-json\/wp\/v2\/pages\/6334\/revisions"}],"predecessor-version":[{"id":6338,"href":"https:\/\/elfsight.com\/pl\/wp-json\/wp\/v2\/pages\/6334\/revisions\/6338"}],"up":[{"embeddable":true,"href":"https:\/\/elfsight.com\/pl\/wp-json\/wp\/v2\/pages\/3375"}],"wp:attachment":[{"href":"https:\/\/elfsight.com\/pl\/wp-json\/wp\/v2\/media?parent=6334"}],"curies":[{"name":"wp","href":"https:\/\/api.w.org\/{rel}","templated":true}]}}