{"id":6333,"date":"1970-01-01T00:00:00","date_gmt":"1970-01-01T00:00:00","guid":{"rendered":"https:\/\/elfsight.com\/pl\/?page_id=6333"},"modified":"2026-02-19T12:25:44","modified_gmt":"2026-02-19T12:25:44","slug":"shopify","status":"publish","type":"page","link":"https:\/\/elfsight.com\/pl\/rss-feed-widget\/shopify\/","title":{"rendered":"RSS Feed &#8211; Shopify"},"content":{"rendered":"<div class=\"application-platform-content-item-description application-platform-content-item\" id=\"description\" data-nav-section=\"description\">\n<h2>Osad\u017a kana\u0142 RSS w Shopify za pomoc\u0105 wid\u017cetu Elfsight<\/h2>\n<p>Kana\u0142 RSS Elfsight dla Shopify to ekskluzywna aplikacja do obs\u0142ugi emocji marketingowych i do\u015bwiadczenia. Dzi\u0119ki niemu mo\u017cesz zaprojektowa\u0107 spersonalizowany kana\u0142 sk\u0142adaj\u0105cy si\u0119 z tre\u015bci z r\u00f3\u017cnych blog\u00f3w informacyjnych i zaprezentowa\u0107 go bezpo\u015brednio na swojej stronie internetowej. Ciesz si\u0119 pe\u0142n\u0105 kontrol\u0105 nad wy\u015bwietlan\u0105 tre\u015bci\u0105 i eliminuj spam oraz wszelkie niepo\u017c\u0105dane tre\u015bci, stosuj\u0105c r\u0119czn\u0105 moderacj\u0119. Ca\u0142kowicie responsywny edytor online udost\u0119pnia kilka szablon\u00f3w do wyboru.<\/p>\n<p><b>Zwi\u0119ksz skuteczno\u015b\u0107 swojej witryny internetowej dla cel\u00f3w biznesowych dzi\u0119ki kana\u0142owi RSS.<\/b><\/p>\n<\/div>\n\n<div class=\"application-platform-content-item-features application-platform-content-item\" id=\"features\" data-nav-section=\"features\">\n<h2>Znajd\u017a poni\u017cej najwa\u017cniejsze funkcje aplikacji:<\/h2>\n<ul>\n    <li>Zakryj sekcj\u0119 g\u0142owy, aby wid\u017cet wygl\u0105da\u0142 minimalistycznie.<\/li>\n    <li>Usu\u0144 wszelki spam i niechciane tre\u015bci za pomoc\u0105 r\u0119cznej moderacji.<\/li>\n    <li>Wybierz jeden z 6 dost\u0119pnych uk\u0142ad\u00f3w: Lista, Karuzela, Siatka, Kola\u017c, Mur, Suwak.<\/li>\n    <li>Pozw\u00f3l swoim postom wy\u015bwietla\u0107 si\u0119 w trybie wyskakuj\u0105cym.<\/li>\n<\/ul>\n<p><a href=\"#demo\">Pe\u0142n\u0105 funkcjonalno\u015b\u0107 wid\u017cetu mo\u017cesz pozna\u0107 w wersji demonstracyjnej na tej stronie<\/a><\/p>\n<\/div>\n\n<div class=\"application-platform-content-item-installation application-platform-content-item\" id=\"installation\" data-nav-section=\"installation\">\n<h2>Jak osadzi\u0107 kana\u0142 RSS w mojej witrynie Shopify?<\/h2>\n<div class=\"video-container\">\n<iframe width=\"720\" height=\"405\" src=\"https:\/\/www.youtube.com\/embed\/4cZpTq_B90U?si=8L_ahSYjWA5FrzrM\" frameborder=\"0\" allowfullscreen=\"\"><\/iframe>\n<\/div>\n<p>Wystarczy post\u0119powa\u0107 zgodnie z poni\u017cszymi instrukcjami, aby zintegrowa\u0107 aplikacj\u0119.<\/p>\n<ol>\n    <li><b>Otw\u00f3rz nasz bezp\u0142atny edytor i zacznij tworzy\u0107 spersonalizowan\u0105 aplikacj\u0119.<\/b><br>Wybierz preferowany wygl\u0105d i funkcje wtyczki i zapisz poprawki.<\/li>\n    <li><b>Skopiuj sw\u00f3j osobisty kod pokazany w specjalnym formularzu w aplikacjach Elfsight.<\/b><br>Po zako\u0144czeniu konfiguracji aplikacji osobistej skopiuj ekskluzywny kod z wy\u015bwietlonego pola i zachowaj go do wykorzystania w przysz\u0142o\u015bci.<\/li>\n    <li><b>Rozpocznij korzystanie z aplikacji w witrynie Shopify.<\/b><br>Wprowad\u017a kod, kt\u00f3ry ostatnio zapisa\u0142e\u015b na swojej stronie g\u0142\u00f3wnej i zapisz zmiany.<\/li>\n    <li><b>Instalacja zosta\u0142a pomy\u015blnie przeprowadzona.<\/b><br>Odwied\u017a swoj\u0105 stron\u0119, aby zapozna\u0107 si\u0119 z dzia\u0142aniem aplikacji.<\/li>\n<\/ol>\n<p>Je\u015bli napotkasz jakiekolwiek problemy, mo\u017cesz zwr\u00f3ci\u0107 si\u0119 do naszego zespo\u0142u obs\u0142ugi klienta. Nasi specjali\u015bci z przyjemno\u015bci\u0105 rozwi\u0105\u017c\u0105 wszystkie problemy, jakie mo\u017cesz mie\u0107 z aplikacj\u0105.<\/p>\n<\/div>\n\n<div class=\"faq\" data-component=\"FAQ\">\n<div class=\"faq-item\">\r\n\t\t\t\t\t<div class=\"faq-item-question\">\r\n\t\t\t\t\t\t<h3 class=\"faq-item-question-text\">Czy istnieje mo\u017cliwo\u015b\u0107 dodania kana\u0142u RSS do mojej witryny Shopify bez umiej\u0119tno\u015bci kodowania?<\/h3>\r\n\r\n\t\t\t\t\t\t<div class=\"faq-item-question-icon\"><\/div>\r\n\t\t\t\t\t<\/div>\r\n\r\n\t\t\t\t\t<div class=\"faq-item-answer\">\r\n\t\t\t\t\t\t<div class=\"faq-item-answer-text\">\n<p>Firma Elfsight wprowadza rozwi\u0105zanie, kt\u00f3re umo\u017cliwia w\u0142a\u015bcicielom witryn samodzielne wygenerowanie wtyczki kana\u0142u RSS, poznaj proste kroki: <\/p>\n<ul>\n    <li>Przejd\u017a do edytora na \u017cywo, aby ustawi\u0107 wtyczk\u0119 kana\u0142u RSS, kt\u00f3r\u0105 chcesz zintegrowa\u0107 ze swoj\u0105 stron\u0105 g\u0142\u00f3wn\u0105 Shopify.<\/li>\n    <li>Wybierz jeden z wst\u0119pnie zaprojektowanych szablon\u00f3w i dostosuj ustawienia kana\u0142u RSS, dodaj tre\u015b\u0107, zmie\u0144 uk\u0142ad i schemat kolor\u00f3w bez do\u015bwiadczenia w kodowaniu.<\/li>\n    <li>Zapisz wybrane ustawienia, kt\u00f3re umie\u015bci\u0142e\u015b w kanale RSS i skopiuj kod instalacyjny wtyczki, kt\u00f3ry mo\u017cesz \u0142atwo i bezp\u0142atnie umie\u015bci\u0107 na dowolnej stronie g\u0142\u00f3wnej Shopify.<\/li>\n<\/ul>\n<p>Dzi\u0119ki naszemu \u0142atwemu w obs\u0142udze konfiguratorowi ka\u017cdy u\u017cytkownik Internetu mo\u017ce utworzy\u0107 kana\u0142 RSS online i bez problemu dodawa\u0107 do dowolnej witryny Shopify. Aby uzyska\u0107 dost\u0119p do us\u0142ugi Elfsight, nie jest wymagane wykupienie p\u0142atnej subskrypcji ani podanie danych karty. Je\u015bli na kt\u00f3rymkolwiek etapie napotkasz jakiekolwiek problemy, skontaktuj si\u0119 z naszym personelem pomocy.<\/p>\n<\/div>\r\n\t\t\t\t\t<\/div>\r\n\t\t\t\t<\/div>\n<\/div>","protected":false},"excerpt":{"rendered":"","protected":false},"author":9,"featured_media":0,"parent":3375,"menu_order":0,"comment_status":"closed","ping_status":"closed","template":"templates\/template-application-platform.php","meta":{"publish_to_discourse":"","publish_post_category":"","wpdc_auto_publish_overridden":"","wpdc_topic_tags":"","wpdc_pin_topic":"","wpdc_pin_until":"","discourse_post_id":"","discourse_permalink":"","wpdc_publishing_response":"","wpdc_publishing_error":"","footnotes":""},"class_list":["post-6333","page","type-page","status-publish","hentry"],"yoast_head":"<!-- This site is optimized with the Yoast SEO plugin v25.3.1 - https:\/\/yoast.com\/wordpress\/plugins\/seo\/ -->\n<title>Dodaj aplikacj\u0119 RSS do witryny Shopify (szybko i bezp\u0142atnie)<\/title>\n<meta name=\"description\" content=\"Umie\u015b\u0107 \u0142atw\u0105 w zarz\u0105dzaniu aplikacj\u0119 z kana\u0142em RSS na swojej stronie Shopify. Skorzystaj z por\u0119cznej wersji demonstracyjnej Elfsight i wygeneruj wspania\u0142y kana\u0142 RSS.\" \/>\n<meta name=\"robots\" content=\"index, follow, max-snippet:-1, max-image-preview:large, max-video-preview:-1\" \/>\n<link rel=\"canonical\" href=\"https:\/\/elfsight.com\/pl\/rss-feed-widget\/shopify\/\" \/>\n<meta property=\"og:locale\" content=\"pl_PL\" \/>\n<meta property=\"og:type\" content=\"article\" \/>\n<meta property=\"og:title\" content=\"Dodaj aplikacj\u0119 RSS do witryny Shopify (szybko i bezp\u0142atnie)\" \/>\n<meta property=\"og:description\" content=\"Umie\u015b\u0107 \u0142atw\u0105 w zarz\u0105dzaniu aplikacj\u0119 z kana\u0142em RSS na swojej stronie Shopify. Skorzystaj z por\u0119cznej wersji demonstracyjnej Elfsight i wygeneruj wspania\u0142y kana\u0142 RSS.\" \/>\n<meta property=\"og:url\" content=\"https:\/\/elfsight.com\/pl\/rss-feed-widget\/shopify\/\" \/>\n<meta property=\"og:site_name\" content=\"Elfsight PL\" \/>\n<meta property=\"article:modified_time\" content=\"2026-02-19T12:25:44+00:00\" \/>\n<meta name=\"twitter:card\" content=\"summary_large_image\" \/>\n<meta name=\"twitter:label1\" content=\"Szacowany czas czytania\" \/>\n\t<meta name=\"twitter:data1\" content=\"3 minuty\" \/>\n<!-- \/ Yoast SEO plugin. -->","yoast_head_json":{"title":"Dodaj aplikacj\u0119 RSS do witryny Shopify (szybko i bezp\u0142atnie)","description":"Umie\u015b\u0107 \u0142atw\u0105 w zarz\u0105dzaniu aplikacj\u0119 z kana\u0142em RSS na swojej stronie Shopify. Skorzystaj z por\u0119cznej wersji demonstracyjnej Elfsight i wygeneruj wspania\u0142y kana\u0142 RSS.","robots":{"index":"index","follow":"follow","max-snippet":"max-snippet:-1","max-image-preview":"max-image-preview:large","max-video-preview":"max-video-preview:-1"},"canonical":"https:\/\/elfsight.com\/pl\/rss-feed-widget\/shopify\/","og_locale":"pl_PL","og_type":"article","og_title":"Dodaj aplikacj\u0119 RSS do witryny Shopify (szybko i bezp\u0142atnie)","og_description":"Umie\u015b\u0107 \u0142atw\u0105 w zarz\u0105dzaniu aplikacj\u0119 z kana\u0142em RSS na swojej stronie Shopify. Skorzystaj z por\u0119cznej wersji demonstracyjnej Elfsight i wygeneruj wspania\u0142y kana\u0142 RSS.","og_url":"https:\/\/elfsight.com\/pl\/rss-feed-widget\/shopify\/","og_site_name":"Elfsight PL","article_modified_time":"2026-02-19T12:25:44+00:00","twitter_card":"summary_large_image","twitter_misc":{"Szacowany czas czytania":"3 minuty"},"schema":{"@context":"https:\/\/schema.org","@graph":[{"@type":"WebPage","@id":"https:\/\/elfsight.com\/pl\/rss-feed-widget\/shopify\/","url":"https:\/\/elfsight.com\/pl\/rss-feed-widget\/shopify\/","name":"Dodaj aplikacj\u0119 RSS do witryny Shopify (szybko i bezp\u0142atnie)","isPartOf":{"@id":"https:\/\/elfsight.com\/pl\/#website"},"datePublished":"1970-01-01T00:00:00+00:00","dateModified":"2026-02-19T12:25:44+00:00","description":"Umie\u015b\u0107 \u0142atw\u0105 w zarz\u0105dzaniu aplikacj\u0119 z kana\u0142em RSS na swojej stronie Shopify. Skorzystaj z por\u0119cznej wersji demonstracyjnej Elfsight i wygeneruj wspania\u0142y kana\u0142 RSS.","breadcrumb":{"@id":"https:\/\/elfsight.com\/pl\/rss-feed-widget\/shopify\/#breadcrumb"},"inLanguage":"pl-PL","potentialAction":[{"@type":"ReadAction","target":["https:\/\/elfsight.com\/pl\/rss-feed-widget\/shopify\/"]}]},{"@type":"BreadcrumbList","@id":"https:\/\/elfsight.com\/pl\/rss-feed-widget\/shopify\/#breadcrumb","itemListElement":[{"@type":"ListItem","position":1,"name":"Home","item":"https:\/\/elfsight.com\/pl\/"},{"@type":"ListItem","position":2,"name":"RSS Feed","item":"https:\/\/elfsight.com\/pl\/rss-feed-widget\/"},{"@type":"ListItem","position":3,"name":"RSS Feed &#8211; Shopify"}]},{"@type":"WebSite","@id":"https:\/\/elfsight.com\/pl\/#website","url":"https:\/\/elfsight.com\/pl\/","name":"Elfsight PL","description":"Just another Elfsight Sites site","potentialAction":[{"@type":"SearchAction","target":{"@type":"EntryPoint","urlTemplate":"https:\/\/elfsight.com\/pl\/?s={search_term_string}"},"query-input":{"@type":"PropertyValueSpecification","valueRequired":true,"valueName":"search_term_string"}}],"inLanguage":"pl-PL"}]}},"meta_box":{"industry":"","seo_heading":"","heading":"","description":"","cta_heading":"","cta_description":"","application":"3347","h1":"Aplikacja Shopify do kana\u0142\u00f3w RSS","h1_caption":"Umie\u015b\u0107 kana\u0142 rss na swojej stronie internetowej, aby wy\u015bwietla\u0107 tre\u015bci ze \u017ar\u00f3de\u0142 zewn\u0119trznych, dzi\u0119ki czemu Twoja witryna b\u0119dzie bezproblemowo aktualizowana o nowe materia\u0142y w witrynie Shopify.","application_category":[],"applications_title":"","applications_request_title":"","applications_request_button_text":"","hero_text":"","hero_video":"","hero_video_schema_markup":"","selling_points_title":"","selling_points_caption":"","selling_points":[],"selling_points_cta_text":"","features_title":"","features":"","ed_cta_examples_text":"","ed_cta_examples_hidden":"","ed_cta_demo_text":"","ed_cta_demo_hidden":"","why_caption":"","why_editor_title":"","why_editor_text":"","why_team_title":"","why_team_text":"","why_service_title":"","why_service_text":"","template_catalog_visible":"0","template_catalog_title":"","template_catalog_text":"","template_catalog_categories_visible":"","demo_title":"Utw\u00f3rz aplikacj\u0119 z kana\u0142em RSS","demo_caption":"Skonfiguruj sw\u00f3j kana\u0142 RSS i dodaj go do swojej witryny Shopify za darmo!","default_faq_hidden":"","app_template_category":[],"platform":"7580","template_public_id":"","codecanyon_url":"","codecanyon_item_id":"","codecanyon_price":"","pricing_caption":"","pricing_elfsight_apps_hide_column":"","pricing_elfsight_apps_url":"","pricing_codecanyon_price_caption":"","integration_category":[],"integration_request_title":"","integration_request_cta":"","integration_platform":"","integrations":[],"platform_category":[],"video_schema_markup":"","price":"od 0 USD \/ miesi\u0105c","trial":"","benefits":[{"text":"Bezp\u0142atna pomoc w instalacji"},{"text":"Kompetentna obs\u0142uga klienta"},{"text":"14-dniowa gwarancja zwrotu pieni\u0119dzy"}],"button_url":"#demo","button_target_blank":"0","button_nofollow":"0","attributes":[{"name":"Instaluje"},{"name":"Czu\u0142y"},{"name":"Kompatybilne przegl\u0105darki"}],"tags":[],"tags_disable_links":"0","hide_more_platforms":"0","video_object":"","demo_hide_cta":"0","demo_hide_cloud_options":"0","pricing_title":"","pricing":[{"pricing_icon":"platform","pricing_title":"Elfsight Apps","pricing_title_caption":"Wersja wieloplatformowa, kt\u00f3ra pasuje do ka\u017cdej witryny","pricing_price":"od 0 USD \/ miesi\u0105c","pricing_price_caption":"zacznij od bezp\u0142atnego planu","pricing_benefits":[{"text":"Nielimitowane strony internetowe"},{"text":"Szybkie i terminowe wsparcie"},{"text":"Bezp\u0142atna pomoc w instalacji"},{"text":"Elastyczny projekt"}],"pricing_button_text":"Dodaj do witryny","pricing_button_url":"#demo"}],"related_apps_title":"","related_apps_hidden":"0","author":"","image":[],"title":"","job":"","social_networks":[]},"_links":{"self":[{"href":"https:\/\/elfsight.com\/pl\/wp-json\/wp\/v2\/pages\/6333","targetHints":{"allow":["GET"]}}],"collection":[{"href":"https:\/\/elfsight.com\/pl\/wp-json\/wp\/v2\/pages"}],"about":[{"href":"https:\/\/elfsight.com\/pl\/wp-json\/wp\/v2\/types\/page"}],"author":[{"embeddable":true,"href":"https:\/\/elfsight.com\/pl\/wp-json\/wp\/v2\/users\/9"}],"replies":[{"embeddable":true,"href":"https:\/\/elfsight.com\/pl\/wp-json\/wp\/v2\/comments?post=6333"}],"version-history":[{"count":3,"href":"https:\/\/elfsight.com\/pl\/wp-json\/wp\/v2\/pages\/6333\/revisions"}],"predecessor-version":[{"id":10869,"href":"https:\/\/elfsight.com\/pl\/wp-json\/wp\/v2\/pages\/6333\/revisions\/10869"}],"up":[{"embeddable":true,"href":"https:\/\/elfsight.com\/pl\/wp-json\/wp\/v2\/pages\/3375"}],"wp:attachment":[{"href":"https:\/\/elfsight.com\/pl\/wp-json\/wp\/v2\/media?parent=6333"}],"curies":[{"name":"wp","href":"https:\/\/api.w.org\/{rel}","templated":true}]}}