{"id":6328,"date":"1970-01-01T00:00:00","date_gmt":"1970-01-01T00:00:00","guid":{"rendered":"https:\/\/elfsight.com\/pl\/?page_id=6328"},"modified":"2026-02-19T13:38:06","modified_gmt":"2026-02-19T13:38:06","slug":"squarespace","status":"publish","type":"page","link":"https:\/\/elfsight.com\/pl\/rss-feed-widget\/squarespace\/","title":{"rendered":"RSS Feed &#8211; Squarespace"},"content":{"rendered":"<div class=\"application-platform-content-item-description application-platform-content-item\" id=\"description\" data-nav-section=\"description\">\n<h2>Osad\u017a kana\u0142 RSS w Squarespace za pomoc\u0105 wid\u017cetu Elfsight<\/h2>\n<p>Kana\u0142 **RSS Elfsight dla Squarespace** to ekskluzywna wtyczka do promowania emocji i do\u015bwiadczenia. Dzi\u0119ki niemu mo\u017cesz zbudowa\u0107 spersonalizowany kana\u0142 sk\u0142adaj\u0105cy si\u0119 z tre\u015bci z r\u00f3\u017cnych blog\u00f3w informacyjnych i zaprezentowa\u0107 go bezpo\u015brednio na swojej stronie internetowej. Przejmij pe\u0142n\u0105 kontrol\u0119 nad wy\u015bwietlan\u0105 tre\u015bci\u0105 i pozb\u0105d\u017a si\u0119 spamu oraz wszelkich niepo\u017c\u0105danych tre\u015bci dzi\u0119ki r\u0119cznej moderacji. W pe\u0142ni responsywny konfigurator online oferuje wiele szablon\u00f3w do wyboru. <\/p>\n<p><b>Zwi\u0119ksz skuteczno\u015b\u0107 swojej witryny w osi\u0105ganiu cel\u00f3w biznesowych za pomoc\u0105 kana\u0142u RSS.<\/b><\/p>\n<\/div>\n\n<div class=\"application-platform-content-item-features application-platform-content-item\" id=\"features\" data-nav-section=\"features\">\n<h2>Niezb\u0119dne funkcje wtyczki zawiera\u0107<\/h2>\n<ul>\n    <li>Zakryj sekcj\u0119 g\u0142owicy, aby Twoje narz\u0119dzie wygl\u0105da\u0142o minimalistycznie. <\/li>\n    <li>Wyeliminuj spam i niechciane tre\u015bci, stosuj\u0105c r\u0119czn\u0105 moderacj\u0119. <\/li>\n    <li>Wybierz jeden z 6 dost\u0119pnych uk\u0142ad\u00f3w: siatka, karuzela, mur, kola\u017c, suwak, lista. <\/li>\n    <li>Pozw\u00f3l na wy\u015bwietlanie swoich post\u00f3w w wyskakuj\u0105cych okienkach. <\/li>\n<\/ul>\n<p><a href=\"#demo\">Sprawd\u017a wszystkie funkcje personalizacji w 100% funkcjonalnej wersji demonstracyjnej<\/a><\/p>\n<\/div>\n\n<div class=\"application-platform-content-item-installation application-platform-content-item\" id=\"installation\" data-nav-section=\"installation\">\n<h2>Jak mog\u0119 doda\u0107 kana\u0142 RSS do mojej witryny Squarespace? <\/h2>\n<div class=\"video-container\">\n<iframe width=\"720\" height=\"405\" src=\"https:\/\/www.youtube.com\/embed\/H1rNEh6zRsc?si=jqN2FPUARTcTwXWt\" frameborder=\"0\" allowfullscreen=\"\"><\/iframe>\n<\/div>\n<p>Wystarczy post\u0119powa\u0107 zgodnie z poni\u017cszymi wskaz\u00f3wkami, aby zintegrowa\u0107 wtyczk\u0119. <\/p>\n<ol>\n    <li><b>Wykonaj nasz\u0105 bezp\u0142atn\u0105 wersj\u0119 demonstracyjn\u0105 i zacznij tworzy\u0107 swoj\u0105 unikaln\u0105 wtyczk\u0119. <\/b><br>Znajd\u017a niestandardowy wygl\u0105d i cechy wid\u017cetu i zastosuj zmiany. <\/li>\n    <li><b>Skopiuj sw\u00f3j indywidualny kod pokazany w specjalnym formularzu w aplikacjach Elfsight. <\/b><br>Po zako\u0144czeniu generowania wtyczki skopiuj indywidualny kod w wy\u015bwietlonym oknie i zachowaj go do p\u00f3\u017aniejszego wykorzystania. <\/li>\n    <li><b>Rozpocznij stosowanie wtyczki na stronie Squarespace. <\/b><br>Zaimplementuj skopiowany wcze\u015bniej kod na swojej stronie internetowej i zapisz zmiany. <\/li>\n    <li><b>Gotowe! Konfiguracja zosta\u0142a pomy\u015blnie zako\u0144czona. <\/b><br>Odwied\u017a swoj\u0105 witryn\u0119, aby sprawdzi\u0107 dzia\u0142anie wid\u017cetu. <\/li>\n<\/ol>\n<p>W przypadku pyta\u0144 lub napotkania przeszk\u00f3d nie b\u00f3j si\u0119 zwr\u00f3ci\u0107 do naszego zespo\u0142u obs\u0142ugi klienta. Nasi ludzie ch\u0119tnie rozwi\u0105\u017c\u0105 wszystkie problemy, jakie mo\u017cesz napotka\u0107 w zwi\u0105zku z tym narz\u0119dziem. <\/p>\n<\/div>\n\n<div class=\"faq\" data-component=\"FAQ\">\n<div class=\"faq-item\">\r\n\t\t\t\t\t<div class=\"faq-item-question\">\r\n\t\t\t\t\t\t<h3 class=\"faq-item-question-text\">W jaki spos\u00f3b mo\u017cna osadzi\u0107 kana\u0142 RSS w moim Squarespace bez do\u015bwiadczenia w kodowaniu?<\/h3>\r\n\r\n\t\t\t\t\t\t<div class=\"faq-item-question-icon\"><\/div>\r\n\t\t\t\t\t<\/div>\r\n\r\n\t\t\t\t\t<div class=\"faq-item-answer\">\r\n\t\t\t\t\t\t<div class=\"faq-item-answer-text\">\n<p>Firma Elfsight zapewnia rozwi\u0105zanie w chmurze, kt\u00f3re pozwala ludziom samodzielnie zbudowa\u0107 sekcj\u0119 kana\u0142u RSS. Zobacz, jak \u0142atwy jest ten proces: <\/p>\n<ul>\n    <li>Pracuj w wersji demonstracyjnej online, aby wygenerowa\u0107 aplikacj\u0119 kana\u0142u RSS, kt\u00f3r\u0105 chcesz doda\u0107 w witrynie Squarespace.<\/li>\n    <li>Wybierz jeden z naszych gotowych szablon\u00f3w i zmie\u0144 ustawienia kana\u0142u RSS, zmie\u0144 uk\u0142ad i schemat kolor\u00f3w, dodaj tre\u015b\u0107 bez znajomo\u015bci kodowania.<\/li>\n    <li>Kliknij, aby zapisa\u0107 kana\u0142 RSS i pobierz jego kod do instalacji, kt\u00f3ry mo\u017cna \u0142atwo wklei\u0107 na stronie Squarespace bez konieczno\u015bci kupowania p\u0142atnej subskrypcji.<\/li>\n<\/ul>\n<p>Korzystaj\u0105c z intuicyjnego edytora, ka\u017cdy u\u017cytkownik sieci mo\u017ce zbudowa\u0107 sekcj\u0119 kana\u0142u RSS i po prostu doda\u0107 go na stron\u0119 internetow\u0105 Squarespace. Aby wej\u015b\u0107 do Edytora, nie nale\u017cy p\u0142aci\u0107 ani ujawnia\u0107 danych uwierzytelniaj\u0105cych karty. Je\u015bli napotkasz jakiekolwiek przeszkody, skontaktuj si\u0119 z naszym technicznym dzia\u0142em obs\u0142ugi klienta.<\/p>\n<\/div>\r\n\t\t\t\t\t<\/div>\r\n\t\t\t\t<\/div>\n<\/div>","protected":false},"excerpt":{"rendered":"","protected":false},"author":9,"featured_media":0,"parent":3375,"menu_order":0,"comment_status":"closed","ping_status":"closed","template":"templates\/template-application-platform.php","meta":{"publish_to_discourse":"","publish_post_category":"","wpdc_auto_publish_overridden":"","wpdc_topic_tags":"","wpdc_pin_topic":"","wpdc_pin_until":"","discourse_post_id":"","discourse_permalink":"","wpdc_publishing_response":"","wpdc_publishing_error":"","footnotes":""},"class_list":["post-6328","page","type-page","status-publish","hentry"],"yoast_head":"<!-- This site is optimized with the Yoast SEO plugin v25.3.1 - https:\/\/yoast.com\/wordpress\/plugins\/seo\/ -->\n<title>Dodaj wtyczk\u0119 kana\u0142u RSS do witryny Squarespace (szybko i bezp\u0142atnie)<\/title>\n<meta name=\"description\" content=\"Zaimplementuj responsywn\u0105 wtyczk\u0119 kana\u0142u RSS na swojej stronie Squarespace. Skorzystaj z por\u0119cznej wersji demonstracyjnej Elfsight i zmodyfikuj sw\u00f3j wspania\u0142y kana\u0142 RSS.\" \/>\n<meta name=\"robots\" content=\"index, follow, max-snippet:-1, max-image-preview:large, max-video-preview:-1\" \/>\n<link rel=\"canonical\" href=\"https:\/\/elfsight.com\/pl\/rss-feed-widget\/squarespace\/\" \/>\n<meta property=\"og:locale\" content=\"pl_PL\" \/>\n<meta property=\"og:type\" content=\"article\" \/>\n<meta property=\"og:title\" content=\"Dodaj wtyczk\u0119 kana\u0142u RSS do witryny Squarespace (szybko i bezp\u0142atnie)\" \/>\n<meta property=\"og:description\" content=\"Zaimplementuj responsywn\u0105 wtyczk\u0119 kana\u0142u RSS na swojej stronie Squarespace. Skorzystaj z por\u0119cznej wersji demonstracyjnej Elfsight i zmodyfikuj sw\u00f3j wspania\u0142y kana\u0142 RSS.\" \/>\n<meta property=\"og:url\" content=\"https:\/\/elfsight.com\/pl\/rss-feed-widget\/squarespace\/\" \/>\n<meta property=\"og:site_name\" content=\"Elfsight PL\" \/>\n<meta property=\"article:modified_time\" content=\"2026-02-19T13:38:06+00:00\" \/>\n<meta name=\"twitter:card\" content=\"summary_large_image\" \/>\n<meta name=\"twitter:label1\" content=\"Szacowany czas czytania\" \/>\n\t<meta name=\"twitter:data1\" content=\"3 minuty\" \/>\n<!-- \/ Yoast SEO plugin. -->","yoast_head_json":{"title":"Dodaj wtyczk\u0119 kana\u0142u RSS do witryny Squarespace (szybko i bezp\u0142atnie)","description":"Zaimplementuj responsywn\u0105 wtyczk\u0119 kana\u0142u RSS na swojej stronie Squarespace. Skorzystaj z por\u0119cznej wersji demonstracyjnej Elfsight i zmodyfikuj sw\u00f3j wspania\u0142y kana\u0142 RSS.","robots":{"index":"index","follow":"follow","max-snippet":"max-snippet:-1","max-image-preview":"max-image-preview:large","max-video-preview":"max-video-preview:-1"},"canonical":"https:\/\/elfsight.com\/pl\/rss-feed-widget\/squarespace\/","og_locale":"pl_PL","og_type":"article","og_title":"Dodaj wtyczk\u0119 kana\u0142u RSS do witryny Squarespace (szybko i bezp\u0142atnie)","og_description":"Zaimplementuj responsywn\u0105 wtyczk\u0119 kana\u0142u RSS na swojej stronie Squarespace. Skorzystaj z por\u0119cznej wersji demonstracyjnej Elfsight i zmodyfikuj sw\u00f3j wspania\u0142y kana\u0142 RSS.","og_url":"https:\/\/elfsight.com\/pl\/rss-feed-widget\/squarespace\/","og_site_name":"Elfsight PL","article_modified_time":"2026-02-19T13:38:06+00:00","twitter_card":"summary_large_image","twitter_misc":{"Szacowany czas czytania":"3 minuty"},"schema":{"@context":"https:\/\/schema.org","@graph":[{"@type":"WebPage","@id":"https:\/\/elfsight.com\/pl\/rss-feed-widget\/squarespace\/","url":"https:\/\/elfsight.com\/pl\/rss-feed-widget\/squarespace\/","name":"Dodaj wtyczk\u0119 kana\u0142u RSS do witryny Squarespace (szybko i bezp\u0142atnie)","isPartOf":{"@id":"https:\/\/elfsight.com\/pl\/#website"},"datePublished":"1970-01-01T00:00:00+00:00","dateModified":"2026-02-19T13:38:06+00:00","description":"Zaimplementuj responsywn\u0105 wtyczk\u0119 kana\u0142u RSS na swojej stronie Squarespace. Skorzystaj z por\u0119cznej wersji demonstracyjnej Elfsight i zmodyfikuj sw\u00f3j wspania\u0142y kana\u0142 RSS.","breadcrumb":{"@id":"https:\/\/elfsight.com\/pl\/rss-feed-widget\/squarespace\/#breadcrumb"},"inLanguage":"pl-PL","potentialAction":[{"@type":"ReadAction","target":["https:\/\/elfsight.com\/pl\/rss-feed-widget\/squarespace\/"]}]},{"@type":"BreadcrumbList","@id":"https:\/\/elfsight.com\/pl\/rss-feed-widget\/squarespace\/#breadcrumb","itemListElement":[{"@type":"ListItem","position":1,"name":"Home","item":"https:\/\/elfsight.com\/pl\/"},{"@type":"ListItem","position":2,"name":"RSS Feed","item":"https:\/\/elfsight.com\/pl\/rss-feed-widget\/"},{"@type":"ListItem","position":3,"name":"RSS Feed &#8211; Squarespace"}]},{"@type":"WebSite","@id":"https:\/\/elfsight.com\/pl\/#website","url":"https:\/\/elfsight.com\/pl\/","name":"Elfsight PL","description":"Just another Elfsight Sites site","potentialAction":[{"@type":"SearchAction","target":{"@type":"EntryPoint","urlTemplate":"https:\/\/elfsight.com\/pl\/?s={search_term_string}"},"query-input":{"@type":"PropertyValueSpecification","valueRequired":true,"valueName":"search_term_string"}}],"inLanguage":"pl-PL"}]}},"meta_box":{"industry":"","seo_heading":"","heading":"","description":"","cta_heading":"","cta_description":"","application":"3347","h1":"Wtyczka kana\u0142u RSS Squarespace","h1_caption":"Umie\u015b\u0107 kana\u0142 rss na swojej stronie internetowej, aby wy\u015bwietla\u0107 tre\u015bci ze \u017ar\u00f3de\u0142 zewn\u0119trznych, dzi\u0119ki czemu Twoja witryna b\u0119dzie aktualizowana o nowe materia\u0142y w witrynie Squarespace bez wysi\u0142ku.","application_category":[],"applications_title":"","applications_request_title":"","applications_request_button_text":"","hero_text":"","hero_video":"","hero_video_schema_markup":"","selling_points_title":"","selling_points_caption":"","selling_points":[],"selling_points_cta_text":"","features_title":"","features":"","ed_cta_examples_text":"","ed_cta_examples_hidden":"","ed_cta_demo_text":"","ed_cta_demo_hidden":"","why_caption":"","why_editor_title":"","why_editor_text":"","why_team_title":"","why_team_text":"","why_service_title":"","why_service_text":"","template_catalog_visible":"0","template_catalog_title":"","template_catalog_text":"","template_catalog_categories_visible":"","demo_title":"Utw\u00f3rz wtyczk\u0119 kana\u0142u RSS","demo_caption":"Skonfiguruj sw\u00f3j kana\u0142 RSS i dodaj go do swojej witryny Squarespace za darmo!","default_faq_hidden":"","app_template_category":[],"platform":"7588","template_public_id":"","codecanyon_url":"","codecanyon_item_id":"","codecanyon_price":"","pricing_caption":"","pricing_elfsight_apps_hide_column":"","pricing_elfsight_apps_url":"","pricing_codecanyon_price_caption":"","integration_category":[],"integration_request_title":"","integration_request_cta":"","integration_platform":"","integrations":[],"platform_category":[],"video_schema_markup":"","price":"od 0 USD \/ miesi\u0105c","trial":"","benefits":[{"text":"Bezp\u0142atna pomoc w monta\u017cu"},{"text":"Skuteczna obs\u0142uga klienta"},{"text":"14-dniowa gwarancja zwrotu pieni\u0119dzy"}],"button_url":"#demo","button_target_blank":"0","button_nofollow":"0","attributes":[{"name":"Instaluje"},{"name":"Czu\u0142y"},{"name":"Kompatybilne przegl\u0105darki"}],"tags":[],"tags_disable_links":"0","hide_more_platforms":"0","video_object":"","demo_hide_cta":"0","demo_hide_cloud_options":"0","pricing_title":"","pricing":[{"pricing_icon":"platform","pricing_title":"Elfsight Apps","pricing_title_caption":"Wieloplatformowe rozwi\u0105zanie cyfrowe, kt\u00f3re dzia\u0142a na ka\u017cdej stronie internetowej","pricing_price":"od 0 USD \/ miesi\u0105c","pricing_price_caption":"zacznij od bezp\u0142atnego planu","pricing_benefits":[{"text":"Nielimitowane domeny"},{"text":"Dedykowana obs\u0142uga klienta"},{"text":"Bezp\u0142atna us\u0142uga monta\u017cu"},{"text":"Elastyczny projekt"}],"pricing_button_text":"Dodaj do witryny","pricing_button_url":"#demo"}],"related_apps_title":"","related_apps_hidden":"0","author":"","image":[],"title":"","job":"","social_networks":[]},"_links":{"self":[{"href":"https:\/\/elfsight.com\/pl\/wp-json\/wp\/v2\/pages\/6328","targetHints":{"allow":["GET"]}}],"collection":[{"href":"https:\/\/elfsight.com\/pl\/wp-json\/wp\/v2\/pages"}],"about":[{"href":"https:\/\/elfsight.com\/pl\/wp-json\/wp\/v2\/types\/page"}],"author":[{"embeddable":true,"href":"https:\/\/elfsight.com\/pl\/wp-json\/wp\/v2\/users\/9"}],"replies":[{"embeddable":true,"href":"https:\/\/elfsight.com\/pl\/wp-json\/wp\/v2\/comments?post=6328"}],"version-history":[{"count":3,"href":"https:\/\/elfsight.com\/pl\/wp-json\/wp\/v2\/pages\/6328\/revisions"}],"predecessor-version":[{"id":10870,"href":"https:\/\/elfsight.com\/pl\/wp-json\/wp\/v2\/pages\/6328\/revisions\/10870"}],"up":[{"embeddable":true,"href":"https:\/\/elfsight.com\/pl\/wp-json\/wp\/v2\/pages\/3375"}],"wp:attachment":[{"href":"https:\/\/elfsight.com\/pl\/wp-json\/wp\/v2\/media?parent=6328"}],"curies":[{"name":"wp","href":"https:\/\/api.w.org\/{rel}","templated":true}]}}