{"id":6327,"date":"2024-05-03T06:46:30","date_gmt":"2024-05-03T06:46:30","guid":{"rendered":"https:\/\/elfsight.com\/pl\/?page_id=6327"},"modified":"2024-11-14T08:49:27","modified_gmt":"2024-11-14T08:49:27","slug":"webflow","status":"publish","type":"page","link":"https:\/\/elfsight.com\/pl\/rss-feed-widget\/webflow\/","title":{"rendered":"RSS Feed &#8211; Webflow"},"content":{"rendered":"<div class=\"application-platform-content-item-description application-platform-content-item\" id=\"description\" data-nav-section=\"description\"> <h2>Umie\u015b\u0107 kana\u0142 RSS w Webflow za pomoc\u0105 wid\u017cetu Elfsight<\/h2> <p>Kana\u0142 RSS Elfsight dla Webflow to unikalny wid\u017cet s\u0142u\u017c\u0105cy do promowania emocji i do\u015bwiadczenie. Dzi\u0119ki niemu mo\u017cesz zbudowa\u0107 spersonalizowany kana\u0142 sk\u0142adaj\u0105cy si\u0119 z tre\u015bci z wielu blog\u00f3w i pokaza\u0107 go bezpo\u015brednio na swojej stronie. Przejmij pe\u0142n\u0105 kontrol\u0119 nad prezentowan\u0105 tre\u015bci\u0105 i pozb\u0105d\u017a si\u0119 spamu oraz niechcianych tre\u015bci dzi\u0119ki r\u0119cznej moderacji. Ca\u0142kowicie responsywny konfigurator online umo\u017cliwia wyb\u00f3r r\u00f3\u017cnych szablon\u00f3w. <\/p> <p><b>Dzi\u0119ki kana\u0142owi RSS mo\u017cesz intensywnie rozwija\u0107 dzia\u0142alno\u015b\u0107 i zwi\u0119ksza\u0107 sprzeda\u017c <\/b><\/p> <\/div> <div class=\"application-platform-content-item-features application-platform-content-item\" id=\"features\" data-nav-section=\"features\"> <h2>To tylko kilka z mn\u00f3stwo funkcji wid\u017cetu: <\/h2> <ul><li>Ukryj sekcj\u0119 nag\u0142\u00f3wka, aby widget wygl\u0105da\u0142 minimalistycznie. <\/li><li>Usu\u0144 spam i niepo\u017c\u0105dane tre\u015bci za pomoc\u0105 r\u0119cznej moderacji. <\/li><li>Wybierz jeden z sze\u015bciu dost\u0119pnych uk\u0142ad\u00f3w: karuzela, suwak, kola\u017c, lista, siatka, mur. <\/li><li>Pozw\u00f3l na wy\u015bwietlanie swoich post\u00f3w w wyskakuj\u0105cych okienkach. <\/li><\/ul><p><a href=\"#demo\">Wypr\u00f3buj t\u0119 wersj\u0119 demonstracyjn\u0105, aby zobaczy\u0107, jak to dzia\u0142a<\/a><\/p> <\/div> <div class=\"application-platform-content-item-installation application-platform-content-item\" id=\"installation\" data-nav-section=\"installation\"> <h2>Jak doda\u0107 kana\u0142 RSS do mojej witryny Webflow? <\/h2> <p>Wystarczy post\u0119powa\u0107 zgodnie z poni\u017cszymi wskaz\u00f3wkami, aby rozpocz\u0105\u0107 korzystanie z wid\u017cetu. <\/p> <ol><li><b>Skorzystaj z naszej bezp\u0142atnej wersji demonstracyjnej i zacznij tworzy\u0107 w\u0142asny widget. <\/b><br> Okre\u015bl preferowany uk\u0142ad i aspekty wid\u017cetu i zapisz zmiany. <\/li> <li><b>Zdob\u0105d\u017a sw\u00f3j unikalny kod, kt\u00f3ry pojawi si\u0119 w oknie aplikacji Elfsight. <\/b><br> Po utworzeniu osobistego wid\u017cetu skopiuj osobisty kod z wy\u015bwietlonego wyskakuj\u0105cego okienka i zapisz go na p\u00f3\u017aniej. <\/li> <li><b>Zainicjuj u\u017cycie wid\u017cetu na stronie internetowej Webflow. <\/b><br> Umie\u015b\u0107 skopiowany wcze\u015bniej kod na swojej stronie i zastosuj poprawki. <\/li> <li><b>Gotowe! Konfiguracja zosta\u0142a w pe\u0142ni wykonana. <\/b><br> Wejd\u017a na swoj\u0105 stron\u0119 i zobacz jak dzia\u0142a widget. <\/li><\/ol> <p>Je\u015bli napotkasz jakiekolwiek przeszkody, skontaktuj si\u0119 z naszym zespo\u0142em obs\u0142ugi klienta. Nasi specjali\u015bci z przyjemno\u015bci\u0105 rozwi\u0105\u017c\u0105 wszystkie problemy, jakie mo\u017cesz mie\u0107 z widgetem. <\/p> <\/div><div class=\"faq\" data-component=\"FAQ\"><div class=\"faq-item\">\r\n\t\t\t\t\t<div class=\"faq-item-question\">\r\n\t\t\t\t\t\t<h3 class=\"faq-item-question-text\">Jak mog\u0119 osadzi\u0107 kana\u0142 RSS w mojej witrynie Webflow bez kodowania?<\/h3>\r\n\r\n\t\t\t\t\t\t<div class=\"faq-item-question-icon\"><\/div>\r\n\t\t\t\t\t<\/div>\r\n\r\n\t\t\t\t\t<div class=\"faq-item-answer\">\r\n\t\t\t\t\t\t<div class=\"faq-item-answer-text\"><p>Firma Elfsight dostarcza rozwi\u0105zanie SaaS kt\u00f3ra umo\u017cliwia w\u0142a\u015bcicielom witryn samodzielne wygenerowanie wid\u017cetu kana\u0142u RSS, dowiedz si\u0119, jak prosty jest ten proces: <\/p><ul><li>Przejd\u017a do wersji demonstracyjnej online, aby utworzy\u0107 wtyczk\u0119 kana\u0142u RSS, kt\u00f3r\u0105 chcesz osadzi\u0107 na stronie internetowej Webflow.<\/li><li>Wybierz jeden z wielu gotowych szablon\u00f3w i zmie\u0144 ustawienia kana\u0142u RSS, zmie\u0144 uk\u0142ad i kolory, do\u0142\u0105cz tre\u015b\u0107 bez umiej\u0119tno\u015bci kodowania.<\/li><li>Zapisz wprowadzone ustawienia w formacie RSS Wprowad\u017a i skopiuj kod instalacyjny, kt\u00f3ry mo\u017cna bez trudu doda\u0107 na stronie g\u0142\u00f3wnej Webflow, korzystaj\u0105c z bezp\u0142atnego planu.<\/li><\/ul><p>Dzi\u0119ki naszemu przyjaznemu dla u\u017cytkownika konfiguratorowi ka\u017cdy internauta mo\u017ce utworzy\u0107 kana\u0142 RSS i \u0142atwo do\u0142\u0105czy\u0107 go do dowolnego Strona g\u0142\u00f3wna Webflow. Aby uzyska\u0107 dost\u0119p do Edytora, nie trzeba p\u0142aci\u0107 ani wprowadza\u0107 danych karty. Je\u015bli na kt\u00f3rymkolwiek etapie napotkasz jakiekolwiek problemy, nie wahaj si\u0119 porozmawia\u0107 z naszym dzia\u0142em obs\u0142ugi klienta.<\/p><\/div>\r\n\t\t\t\t\t<\/div>\r\n\t\t\t\t<\/div><\/div>","protected":false},"excerpt":{"rendered":"","protected":false},"author":9,"featured_media":0,"parent":3375,"menu_order":0,"comment_status":"closed","ping_status":"closed","template":"templates\/template-application-platform.php","meta":{"publish_to_discourse":"","publish_post_category":"","wpdc_auto_publish_overridden":"","wpdc_topic_tags":"","wpdc_pin_topic":"","wpdc_pin_until":"","discourse_post_id":"","discourse_permalink":"","wpdc_publishing_response":"","wpdc_publishing_error":"","footnotes":""},"class_list":["post-6327","page","type-page","status-publish","hentry"],"yoast_head":"<!-- This site is optimized with the Yoast SEO plugin v25.3.1 - https:\/\/yoast.com\/wordpress\/plugins\/seo\/ -->\n<title>Dodaj wid\u017cet kana\u0142u RSS do witryny Webflow (szybko i bezp\u0142atnie)<\/title>\n<meta name=\"description\" content=\"Dodaj przyjazny dla urz\u0105dze\u0144 mobilnych wid\u017cet kana\u0142u RSS do swojej witryny Webflow. Skorzystaj z por\u0119cznej wersji demonstracyjnej Elfsight i utw\u00f3rz wspania\u0142y kana\u0142 RSS w ci\u0105gu kilku minut\" \/>\n<meta name=\"robots\" content=\"index, follow, max-snippet:-1, max-image-preview:large, max-video-preview:-1\" \/>\n<link rel=\"canonical\" href=\"https:\/\/elfsight.com\/pl\/rss-feed-widget\/webflow\/\" \/>\n<meta property=\"og:locale\" content=\"pl_PL\" \/>\n<meta property=\"og:type\" content=\"article\" \/>\n<meta property=\"og:title\" content=\"Dodaj wid\u017cet kana\u0142u RSS do witryny Webflow (szybko i bezp\u0142atnie)\" \/>\n<meta property=\"og:description\" content=\"Dodaj przyjazny dla urz\u0105dze\u0144 mobilnych wid\u017cet kana\u0142u RSS do swojej witryny Webflow. Skorzystaj z por\u0119cznej wersji demonstracyjnej Elfsight i utw\u00f3rz wspania\u0142y kana\u0142 RSS w ci\u0105gu kilku minut\" \/>\n<meta property=\"og:url\" content=\"https:\/\/elfsight.com\/pl\/rss-feed-widget\/webflow\/\" \/>\n<meta property=\"og:site_name\" content=\"Elfsight PL\" \/>\n<meta property=\"article:modified_time\" content=\"2024-11-14T08:49:27+00:00\" \/>\n<meta name=\"twitter:card\" content=\"summary_large_image\" \/>\n<meta name=\"twitter:label1\" content=\"Szacowany czas czytania\" \/>\n\t<meta name=\"twitter:data1\" content=\"3 minuty\" \/>\n<!-- \/ Yoast SEO plugin. -->","yoast_head_json":{"title":"Dodaj wid\u017cet kana\u0142u RSS do witryny Webflow (szybko i bezp\u0142atnie)","description":"Dodaj przyjazny dla urz\u0105dze\u0144 mobilnych wid\u017cet kana\u0142u RSS do swojej witryny Webflow. Skorzystaj z por\u0119cznej wersji demonstracyjnej Elfsight i utw\u00f3rz wspania\u0142y kana\u0142 RSS w ci\u0105gu kilku minut","robots":{"index":"index","follow":"follow","max-snippet":"max-snippet:-1","max-image-preview":"max-image-preview:large","max-video-preview":"max-video-preview:-1"},"canonical":"https:\/\/elfsight.com\/pl\/rss-feed-widget\/webflow\/","og_locale":"pl_PL","og_type":"article","og_title":"Dodaj wid\u017cet kana\u0142u RSS do witryny Webflow (szybko i bezp\u0142atnie)","og_description":"Dodaj przyjazny dla urz\u0105dze\u0144 mobilnych wid\u017cet kana\u0142u RSS do swojej witryny Webflow. Skorzystaj z por\u0119cznej wersji demonstracyjnej Elfsight i utw\u00f3rz wspania\u0142y kana\u0142 RSS w ci\u0105gu kilku minut","og_url":"https:\/\/elfsight.com\/pl\/rss-feed-widget\/webflow\/","og_site_name":"Elfsight PL","article_modified_time":"2024-11-14T08:49:27+00:00","twitter_card":"summary_large_image","twitter_misc":{"Szacowany czas czytania":"3 minuty"},"schema":{"@context":"https:\/\/schema.org","@graph":[{"@type":"WebPage","@id":"https:\/\/elfsight.com\/pl\/rss-feed-widget\/webflow\/","url":"https:\/\/elfsight.com\/pl\/rss-feed-widget\/webflow\/","name":"Dodaj wid\u017cet kana\u0142u RSS do witryny Webflow (szybko i bezp\u0142atnie)","isPartOf":{"@id":"https:\/\/elfsight.com\/pl\/#website"},"datePublished":"2024-05-03T06:46:30+00:00","dateModified":"2024-11-14T08:49:27+00:00","description":"Dodaj przyjazny dla urz\u0105dze\u0144 mobilnych wid\u017cet kana\u0142u RSS do swojej witryny Webflow. Skorzystaj z por\u0119cznej wersji demonstracyjnej Elfsight i utw\u00f3rz wspania\u0142y kana\u0142 RSS w ci\u0105gu kilku minut","breadcrumb":{"@id":"https:\/\/elfsight.com\/pl\/rss-feed-widget\/webflow\/#breadcrumb"},"inLanguage":"pl-PL","potentialAction":[{"@type":"ReadAction","target":["https:\/\/elfsight.com\/pl\/rss-feed-widget\/webflow\/"]}]},{"@type":"BreadcrumbList","@id":"https:\/\/elfsight.com\/pl\/rss-feed-widget\/webflow\/#breadcrumb","itemListElement":[{"@type":"ListItem","position":1,"name":"Home","item":"https:\/\/elfsight.com\/pl\/"},{"@type":"ListItem","position":2,"name":"RSS Feed","item":"https:\/\/elfsight.com\/pl\/rss-feed-widget\/"},{"@type":"ListItem","position":3,"name":"RSS Feed &#8211; Webflow"}]},{"@type":"WebSite","@id":"https:\/\/elfsight.com\/pl\/#website","url":"https:\/\/elfsight.com\/pl\/","name":"Elfsight PL","description":"Just another Elfsight Sites site","potentialAction":[{"@type":"SearchAction","target":{"@type":"EntryPoint","urlTemplate":"https:\/\/elfsight.com\/pl\/?s={search_term_string}"},"query-input":{"@type":"PropertyValueSpecification","valueRequired":true,"valueName":"search_term_string"}}],"inLanguage":"pl-PL"}]}},"meta_box":{"industry":"","seo_heading":"","heading":"","description":"","cta_heading":"","cta_description":"","application":"3347","h1":"Widget kana\u0142u RSS Webflow","h1_caption":"Umie\u015b\u0107 kana\u0142 rss na swojej stronie internetowej, aby wy\u015bwietla\u0107 tre\u015bci ze \u017ar\u00f3de\u0142 zewn\u0119trznych, dzi\u0119ki czemu Twoja witryna b\u0119dzie bezproblemowo aktualizowana o nowe materia\u0142y w witrynie Webflow.","application_category":[],"applications_title":"","applications_request_title":"","applications_request_button_text":"","hero_text":"","hero_video":"","hero_video_schema_markup":"","selling_points_title":"","selling_points_caption":"","selling_points":[],"selling_points_cta_text":"","features_title":"","features":"","ed_cta_examples_text":"","ed_cta_examples_hidden":"","ed_cta_demo_text":"","ed_cta_demo_hidden":"","why_caption":"","why_editor_title":"","why_editor_text":"","why_team_title":"","why_team_text":"","why_service_title":"","why_service_text":"","template_catalog_visible":"","template_catalog_title":"","template_catalog_text":"","template_catalog_categories_visible":"","demo_title":"Utw\u00f3rz wid\u017cet kana\u0142u RSS","demo_caption":"Skonfiguruj sw\u00f3j kana\u0142 RSS i dodaj go do swojej witryny Webflow za darmo!","default_faq_hidden":"","app_template_category":[],"platform":"127","template_public_id":"","codecanyon_url":"","codecanyon_item_id":"","codecanyon_price":"","pricing_caption":"","pricing_elfsight_apps_hide_column":"","pricing_elfsight_apps_url":"","pricing_codecanyon_price_caption":"","integration_category":[],"integration_request_title":"","integration_request_cta":"","integration_platform":"","integrations":[],"platform_category":[],"video_schema_markup":"","price":"od 0 USD \/ miesi\u0105c","trial":"","benefits":[{"text":"Bezp\u0142atna us\u0142uga monta\u017cu"},{"text":"Do\u015bwiadczona obs\u0142uga klienta"},{"text":"14-dniowa gwarancja zwrotu pieni\u0119dzy"},{"text":"Regularne bezp\u0142atne aktualizacje"}],"button_url":"#demo","button_target_blank":"","button_nofollow":"","attributes":[{"name":"Instaluje"},{"name":"Czu\u0142y"},{"name":"Kompatybilne przegl\u0105darki"}],"tags":[],"tags_disable_links":"","hide_more_platforms":"","video_object":"","demo_hide_cta":"","demo_hide_cloud_options":"","pricing_title":"","pricing":[{"pricing_icon":"platform","pricing_title":"Elfsight Apps","pricing_title_caption":"Niezale\u017cne od platformy rozwi\u0105zanie cyfrowe, kt\u00f3re pasuje do ka\u017cdej witryny","pricing_price":"od 0 USD \/ miesi\u0105c","pricing_price_caption":"zacznij od bezp\u0142atnego planu","pricing_benefits":[{"text":"Nielimitowane strony internetowe"},{"text":"Obs\u0142uga klienta premium i dobrze udokumentowana"},{"text":"Bezp\u0142atna pomoc w monta\u017cu"},{"text":"100% konfigurowalny"}],"pricing_button_text":"Dodaj do witryny","pricing_button_url":"#demo"}],"related_apps_title":"","related_apps_hidden":"","author":"","image":[],"title":"","job":"","social_networks":[]},"_links":{"self":[{"href":"https:\/\/elfsight.com\/pl\/wp-json\/wp\/v2\/pages\/6327","targetHints":{"allow":["GET"]}}],"collection":[{"href":"https:\/\/elfsight.com\/pl\/wp-json\/wp\/v2\/pages"}],"about":[{"href":"https:\/\/elfsight.com\/pl\/wp-json\/wp\/v2\/types\/page"}],"author":[{"embeddable":true,"href":"https:\/\/elfsight.com\/pl\/wp-json\/wp\/v2\/users\/9"}],"replies":[{"embeddable":true,"href":"https:\/\/elfsight.com\/pl\/wp-json\/wp\/v2\/comments?post=6327"}],"version-history":[{"count":1,"href":"https:\/\/elfsight.com\/pl\/wp-json\/wp\/v2\/pages\/6327\/revisions"}],"predecessor-version":[{"id":6331,"href":"https:\/\/elfsight.com\/pl\/wp-json\/wp\/v2\/pages\/6327\/revisions\/6331"}],"up":[{"embeddable":true,"href":"https:\/\/elfsight.com\/pl\/wp-json\/wp\/v2\/pages\/3375"}],"wp:attachment":[{"href":"https:\/\/elfsight.com\/pl\/wp-json\/wp\/v2\/media?parent=6327"}],"curies":[{"name":"wp","href":"https:\/\/api.w.org\/{rel}","templated":true}]}}