{"id":6325,"date":"1970-01-01T00:00:00","date_gmt":"1970-01-01T00:00:00","guid":{"rendered":"https:\/\/elfsight.com\/pl\/?page_id=6325"},"modified":"2024-11-14T08:49:27","modified_gmt":"2024-11-14T08:49:27","slug":"weebly","status":"publish","type":"page","link":"https:\/\/elfsight.com\/pl\/rss-feed-widget\/weebly\/","title":{"rendered":"RSS Feed &#8211; Weebly"},"content":{"rendered":"<div class=\"application-platform-content-item-description application-platform-content-item\" id=\"description\" data-nav-section=\"description\"> <h2>Opis<\/h2> <p>Kana\u0142 RSS Elfsight dla Weebly to aplikacja s\u0142u\u017c\u0105ca do marketingu emocji i do\u015bwiadcze\u0144. Dzi\u0119ki niemu mo\u017cesz zaprojektowa\u0107 spersonalizowany kana\u0142 sk\u0142adaj\u0105cy si\u0119 z tre\u015bci z wielu blog\u00f3w informacyjnych i wy\u015bwietli\u0107 go bezpo\u015brednio na swojej stronie internetowej. Ciesz si\u0119 pe\u0142n\u0105 kontrol\u0105 nad prezentowan\u0105 tre\u015bci\u0105 i eliminuj spam oraz wszelkie niechciane tre\u015bci za pomoc\u0105 r\u0119cznej moderacji. Ca\u0142kowicie responsywny konfigurator online udost\u0119pnia kilka szablon\u00f3w do wyboru. <\/p> <p><b>Wstaw kana\u0142 RSS, aby szybciej sprosta\u0107 wyzwaniom biznesowym! <\/b><\/p> <\/div> <div class=\"application-platform-content-item-features application-platform-content-item\" id=\"features\" data-nav-section=\"features\"> <h2>Kluczowe funkcje wid\u017cetu obejmuj\u0105<\/h2> <ul><li>Zakryj sekcj\u0119 g\u0142\u00f3wn\u0105, aby wid\u017cet wygl\u0105da\u0142 minimalistycznie. <\/li><li>Usu\u0144 wszelki spam i niechciane tre\u015bci za pomoc\u0105 r\u0119cznego trybu moderacji. <\/li><li>Wybierz jeden z 6 dost\u0119pnych uk\u0142ad\u00f3w: Lista, Suwak, Siatka, Kola\u017c, Karuzela, Mur. <\/li><li>Pozw\u00f3l na wy\u015bwietlanie swoich post\u00f3w w wyskakuj\u0105cych okienkach. <\/li><\/ul><p><a href=\"#demo\">W tym miejscu mo\u017cesz zapozna\u0107 si\u0119 z pe\u0142nymi mo\u017cliwo\u015bciami wid\u017cetu<\/a><\/p> <\/div> <div class=\"application-platform-content-item-installation application-platform-content-item\" id=\"installation\" data-nav-section=\"installation\"> <h2>Jak doda\u0107 kana\u0142 RSS do mojej witryny Weebly? <\/h2> <p>Wystarczy wykona\u0107 poni\u017csze kroki, aby rozpocz\u0105\u0107 prac\u0119 z aplikacj\u0105. <\/p> <ol><li><b>Skorzystaj z naszej bezp\u0142atnej wersji demonstracyjnej i zacznij tworzy\u0107 swoj\u0105 unikaln\u0105 aplikacj\u0119. <\/b><br> Wybierz odpowiedni\u0105 form\u0119 i parametry narz\u0119dzia oraz zastosuj zmiany. <\/li> <li><b>Wy\u015bwietl sw\u00f3j indywidualny kod w oknie aplikacji Elfsight. <\/b><br> Po zako\u0144czeniu tworzenia aplikacji skopiuj ekskluzywny kod z wy\u015bwietlonego wyskakuj\u0105cego okienka i zachowaj go na przysz\u0142o\u015b\u0107. <\/li> <li><b>Zaanga\u017cuj si\u0119 w korzystanie z narz\u0119dzia w swojej witrynie Weebly. <\/b><br> Zaimplementuj skopiowany wcze\u015bniej kod na swojej stronie i zapisz ulepszenia. <\/li> <li><b>Gotowe! Osadzanie zosta\u0142o pomy\u015blnie wykonane. <\/b><br> Przejd\u017a do swojej witryny i sprawd\u017a, jak dzia\u0142a widget. <\/li><\/ol> <p>Je\u015bli masz do czynienia z zapytaniami lub napotykasz jakiekolwiek trudno\u015bci, bez wahania skontaktuj si\u0119 z naszym personelem pomocniczym. Nasi specjali\u015bci pragn\u0105 rozwi\u0105za\u0107 wszystkie problemy, jakie mo\u017cesz mie\u0107 z aplikacj\u0105. <\/p> <\/div><div class=\"faq\" data-component=\"FAQ\"><div class=\"faq-item\">\r\n\t\t\t\t\t<div class=\"faq-item-question\">\r\n\t\t\t\t\t\t<h3 class=\"faq-item-question-text\">W jaki spos\u00f3b mog\u0119 doda\u0107 kana\u0142 RSS do mojej strony g\u0142\u00f3wnej Weebly bez umiej\u0119tno\u015bci kodowania?<\/h3>\r\n\r\n\t\t\t\t\t\t<div class=\"faq-item-question-icon\"><\/div>\r\n\t\t\t\t\t<\/div>\r\n\r\n\t\t\t\t\t<div class=\"faq-item-answer\">\r\n\t\t\t\t\t\t<div class=\"faq-item-answer-text\"><p>Firma Elfsight oferuje rozwi\u0105zanie SaaS, kt\u00f3re pozwala u\u017cytkownikom samodzielnie generowa\u0107 aplikacj\u0119 do obs\u0142ugi kana\u0142\u00f3w RSS. Zapoznaj si\u0119 z prostym przewodnikiem: <\/p><ul><li>Przejd\u017a do wersji demonstracyjnej na \u017cywo, aby utworzy\u0107 sekcj\u0119 kana\u0142u RSS, kt\u00f3r\u0105 chcesz zintegrowa\u0107 ze swoj\u0105 stron\u0105 g\u0142\u00f3wn\u0105 Weebly. <\/li><li>Wybierz jeden z gotowych szablon\u00f3w i dostosuj ustawienia kana\u0142u RSS, dodaj tre\u015b\u0107, zmie\u0144 uk\u0142ad i kolor element\u00f3w bez do\u015bwiadczenia w kodowaniu.<\/li><li>Kliknij, aby zapisa\u0107 wprowadzone ustawienia umie\u015bci\u0142e\u015b w kanale RSS i otrzyma\u0142e\u015b kod do instalacji, kt\u00f3ry mo\u017cesz bezp\u0142atnie wklei\u0107 na swojej stronie Weebly.<\/li><\/ul><p>Dzi\u0119ki \u0142atwemu w u\u017cyciu konfiguratorowi ka\u017cdy u\u017cytkownik Internetu mo\u017ce zbudowa\u0107 kana\u0142 RSS aplikacj\u0119 i \u0142atwo doda\u0107 j\u0105 do swojej strony internetowej Weebly. Aby wej\u015b\u0107 do Edytora, nie mo\u017cesz uzyska\u0107 p\u0142atnego planu ani poda\u0107 danych uwierzytelniaj\u0105cych karty. Je\u015bli na kt\u00f3rymkolwiek etapie napotkasz jakiekolwiek problemy, skontaktuj si\u0119 z naszym zespo\u0142em pomocy.<\/p><\/div>\r\n\t\t\t\t\t<\/div>\r\n\t\t\t\t<\/div><\/div>","protected":false},"excerpt":{"rendered":"","protected":false},"author":9,"featured_media":0,"parent":3375,"menu_order":0,"comment_status":"closed","ping_status":"closed","template":"templates\/template-application-platform.php","meta":{"publish_to_discourse":"","publish_post_category":"","wpdc_auto_publish_overridden":"","wpdc_topic_tags":"","wpdc_pin_topic":"","wpdc_pin_until":"","discourse_post_id":"","discourse_permalink":"","wpdc_publishing_response":"","wpdc_publishing_error":"","footnotes":""},"class_list":["post-6325","page","type-page","status-publish","hentry"],"yoast_head":"<!-- This site is optimized with the Yoast SEO plugin v25.3.1 - https:\/\/yoast.com\/wordpress\/plugins\/seo\/ -->\n<title>Dodaj aplikacj\u0119 RSS do witryny Weebly (szybko i bezp\u0142atnie)<\/title>\n<meta name=\"description\" content=\"Umie\u015b\u0107 responsywn\u0105 aplikacj\u0119 obs\u0142uguj\u0105c\u0105 kana\u0142y RSS na swojej stronie Weebly. Skorzystaj z por\u0119cznej wersji demonstracyjnej Elfsight i zmodyfikuj sw\u00f3j wspania\u0142y kana\u0142 RSS za pomoc\u0105 zaledwie kilku klikni\u0119\u0107\" \/>\n<meta name=\"robots\" content=\"index, follow, max-snippet:-1, max-image-preview:large, max-video-preview:-1\" \/>\n<link rel=\"canonical\" href=\"https:\/\/elfsight.com\/pl\/rss-feed-widget\/weebly\/\" \/>\n<meta property=\"og:locale\" content=\"pl_PL\" \/>\n<meta property=\"og:type\" content=\"article\" \/>\n<meta property=\"og:title\" content=\"Dodaj aplikacj\u0119 RSS do witryny Weebly (szybko i bezp\u0142atnie)\" \/>\n<meta property=\"og:description\" content=\"Umie\u015b\u0107 responsywn\u0105 aplikacj\u0119 obs\u0142uguj\u0105c\u0105 kana\u0142y RSS na swojej stronie Weebly. Skorzystaj z por\u0119cznej wersji demonstracyjnej Elfsight i zmodyfikuj sw\u00f3j wspania\u0142y kana\u0142 RSS za pomoc\u0105 zaledwie kilku klikni\u0119\u0107\" \/>\n<meta property=\"og:url\" content=\"https:\/\/elfsight.com\/pl\/rss-feed-widget\/weebly\/\" \/>\n<meta property=\"og:site_name\" content=\"Elfsight PL\" \/>\n<meta property=\"article:modified_time\" content=\"2024-11-14T08:49:27+00:00\" \/>\n<meta name=\"twitter:card\" content=\"summary_large_image\" \/>\n<meta name=\"twitter:label1\" content=\"Szacowany czas czytania\" \/>\n\t<meta name=\"twitter:data1\" content=\"3 minuty\" \/>\n<!-- \/ Yoast SEO plugin. -->","yoast_head_json":{"title":"Dodaj aplikacj\u0119 RSS do witryny Weebly (szybko i bezp\u0142atnie)","description":"Umie\u015b\u0107 responsywn\u0105 aplikacj\u0119 obs\u0142uguj\u0105c\u0105 kana\u0142y RSS na swojej stronie Weebly. Skorzystaj z por\u0119cznej wersji demonstracyjnej Elfsight i zmodyfikuj sw\u00f3j wspania\u0142y kana\u0142 RSS za pomoc\u0105 zaledwie kilku klikni\u0119\u0107","robots":{"index":"index","follow":"follow","max-snippet":"max-snippet:-1","max-image-preview":"max-image-preview:large","max-video-preview":"max-video-preview:-1"},"canonical":"https:\/\/elfsight.com\/pl\/rss-feed-widget\/weebly\/","og_locale":"pl_PL","og_type":"article","og_title":"Dodaj aplikacj\u0119 RSS do witryny Weebly (szybko i bezp\u0142atnie)","og_description":"Umie\u015b\u0107 responsywn\u0105 aplikacj\u0119 obs\u0142uguj\u0105c\u0105 kana\u0142y RSS na swojej stronie Weebly. Skorzystaj z por\u0119cznej wersji demonstracyjnej Elfsight i zmodyfikuj sw\u00f3j wspania\u0142y kana\u0142 RSS za pomoc\u0105 zaledwie kilku klikni\u0119\u0107","og_url":"https:\/\/elfsight.com\/pl\/rss-feed-widget\/weebly\/","og_site_name":"Elfsight PL","article_modified_time":"2024-11-14T08:49:27+00:00","twitter_card":"summary_large_image","twitter_misc":{"Szacowany czas czytania":"3 minuty"},"schema":{"@context":"https:\/\/schema.org","@graph":[{"@type":"WebPage","@id":"https:\/\/elfsight.com\/pl\/rss-feed-widget\/weebly\/","url":"https:\/\/elfsight.com\/pl\/rss-feed-widget\/weebly\/","name":"Dodaj aplikacj\u0119 RSS do witryny Weebly (szybko i bezp\u0142atnie)","isPartOf":{"@id":"https:\/\/elfsight.com\/pl\/#website"},"datePublished":"1970-01-01T00:00:00+00:00","dateModified":"2024-11-14T08:49:27+00:00","description":"Umie\u015b\u0107 responsywn\u0105 aplikacj\u0119 obs\u0142uguj\u0105c\u0105 kana\u0142y RSS na swojej stronie Weebly. Skorzystaj z por\u0119cznej wersji demonstracyjnej Elfsight i zmodyfikuj sw\u00f3j wspania\u0142y kana\u0142 RSS za pomoc\u0105 zaledwie kilku klikni\u0119\u0107","breadcrumb":{"@id":"https:\/\/elfsight.com\/pl\/rss-feed-widget\/weebly\/#breadcrumb"},"inLanguage":"pl-PL","potentialAction":[{"@type":"ReadAction","target":["https:\/\/elfsight.com\/pl\/rss-feed-widget\/weebly\/"]}]},{"@type":"BreadcrumbList","@id":"https:\/\/elfsight.com\/pl\/rss-feed-widget\/weebly\/#breadcrumb","itemListElement":[{"@type":"ListItem","position":1,"name":"Home","item":"https:\/\/elfsight.com\/pl\/"},{"@type":"ListItem","position":2,"name":"RSS Feed","item":"https:\/\/elfsight.com\/pl\/rss-feed-widget\/"},{"@type":"ListItem","position":3,"name":"RSS Feed &#8211; Weebly"}]},{"@type":"WebSite","@id":"https:\/\/elfsight.com\/pl\/#website","url":"https:\/\/elfsight.com\/pl\/","name":"Elfsight PL","description":"Just another Elfsight Sites site","potentialAction":[{"@type":"SearchAction","target":{"@type":"EntryPoint","urlTemplate":"https:\/\/elfsight.com\/pl\/?s={search_term_string}"},"query-input":{"@type":"PropertyValueSpecification","valueRequired":true,"valueName":"search_term_string"}}],"inLanguage":"pl-PL"}]}},"meta_box":{"industry":"","seo_heading":"","heading":"","description":"","cta_heading":"","cta_description":"","application":"3347","h1":"Aplikacja z kana\u0142ami RSS Weebly","h1_caption":"Umie\u015b\u0107 kana\u0142 rss w swojej witrynie, aby wy\u015bwietla\u0107 tre\u015bci ze \u017ar\u00f3de\u0142 zewn\u0119trznych, dzi\u0119ki czemu Twoja witryna b\u0119dzie bezproblemowo aktualizowana o nowe materia\u0142y w witrynie Weebly.","application_category":[],"applications_title":"","applications_request_title":"","applications_request_button_text":"","hero_text":"","hero_video":"","hero_video_schema_markup":"","selling_points_title":"","selling_points_caption":"","selling_points":[],"selling_points_cta_text":"","features_title":"","features":"","ed_cta_examples_text":"","ed_cta_examples_hidden":"","ed_cta_demo_text":"","ed_cta_demo_hidden":"","why_caption":"","why_editor_title":"","why_editor_text":"","why_team_title":"","why_team_text":"","why_service_title":"","why_service_text":"","template_catalog_visible":"","template_catalog_title":"","template_catalog_text":"","template_catalog_categories_visible":"","demo_title":"Utw\u00f3rz aplikacj\u0119 z kana\u0142em RSS","demo_caption":"Skonfiguruj sw\u00f3j kana\u0142 RSS i dodaj go do swojej witryny Weebly za darmo!","default_faq_hidden":"","app_template_category":[],"platform":"132","template_public_id":"","codecanyon_url":"","codecanyon_item_id":"","codecanyon_price":"","pricing_caption":"","pricing_elfsight_apps_hide_column":"","pricing_elfsight_apps_url":"","pricing_codecanyon_price_caption":"","integration_category":[],"integration_request_title":"","integration_request_cta":"","integration_platform":"","integrations":[],"platform_category":[],"video_schema_markup":"","price":"od 0 USD \/ miesi\u0105c","trial":"","benefits":[{"text":"Bezp\u0142atna pomoc w monta\u017cu"},{"text":"Profesjonalna obs\u0142uga klienta"},{"text":"14-dniowa gwarancja zwrotu pieni\u0119dzy"}],"button_url":"#demo","button_target_blank":"","button_nofollow":"","attributes":[{"name":"Instaluje"},{"name":"Czu\u0142y"},{"name":"Kompatybilne przegl\u0105darki"}],"tags":[],"tags_disable_links":"","hide_more_platforms":"","video_object":"","demo_hide_cta":"","demo_hide_cloud_options":"","pricing_title":"","pricing":[{"pricing_icon":"platform","pricing_title":"Elfsight Apps","pricing_title_caption":"Wersja niezale\u017cna od platformy, kt\u00f3ra pasuje do ka\u017cdej witryny","pricing_price":"od 0 USD \/ miesi\u0105c","pricing_price_caption":"zacznij od bezp\u0142atnego planu","pricing_benefits":[{"text":"Nielimitowane strony internetowe"},{"text":"Szybka obs\u0142uga klienta"},{"text":"Bezp\u0142atna pomoc w monta\u017cu"},{"text":"W pe\u0142ni konfigurowalny"}],"pricing_button_text":"Dodaj do witryny","pricing_button_url":"#demo"}],"related_apps_title":"","related_apps_hidden":"","author":"","image":[],"title":"","job":"","social_networks":[]},"_links":{"self":[{"href":"https:\/\/elfsight.com\/pl\/wp-json\/wp\/v2\/pages\/6325","targetHints":{"allow":["GET"]}}],"collection":[{"href":"https:\/\/elfsight.com\/pl\/wp-json\/wp\/v2\/pages"}],"about":[{"href":"https:\/\/elfsight.com\/pl\/wp-json\/wp\/v2\/types\/page"}],"author":[{"embeddable":true,"href":"https:\/\/elfsight.com\/pl\/wp-json\/wp\/v2\/users\/9"}],"replies":[{"embeddable":true,"href":"https:\/\/elfsight.com\/pl\/wp-json\/wp\/v2\/comments?post=6325"}],"version-history":[{"count":1,"href":"https:\/\/elfsight.com\/pl\/wp-json\/wp\/v2\/pages\/6325\/revisions"}],"predecessor-version":[{"id":6329,"href":"https:\/\/elfsight.com\/pl\/wp-json\/wp\/v2\/pages\/6325\/revisions\/6329"}],"up":[{"embeddable":true,"href":"https:\/\/elfsight.com\/pl\/wp-json\/wp\/v2\/pages\/3375"}],"wp:attachment":[{"href":"https:\/\/elfsight.com\/pl\/wp-json\/wp\/v2\/media?parent=6325"}],"curies":[{"name":"wp","href":"https:\/\/api.w.org\/{rel}","templated":true}]}}