{"id":6320,"date":"1970-01-01T00:00:00","date_gmt":"1970-01-01T00:00:00","guid":{"rendered":"https:\/\/elfsight.com\/pl\/?page_id=6320"},"modified":"2026-02-19T14:33:38","modified_gmt":"2026-02-19T14:33:38","slug":"wix","status":"publish","type":"page","link":"https:\/\/elfsight.com\/pl\/rss-feed-widget\/wix\/","title":{"rendered":"RSS Feed &#8211; Wix"},"content":{"rendered":"<div class=\"application-platform-content-item-description application-platform-content-item\" id=\"description\" data-nav-section=\"description\"> <h2>Opis<\/h2> <p>Kana\u0142 RSS Elfsight dla Wix to ekskluzywna aplikacja s\u0142u\u017c\u0105ca do marketingu emocji i do\u015bwiadcze\u0144. Dzi\u0119ki niemu mo\u017cesz stworzy\u0107 spersonalizowany kana\u0142 sk\u0142adaj\u0105cy si\u0119 z tre\u015bci z r\u00f3\u017cnych blog\u00f3w i zaprezentowa\u0107 go bezpo\u015brednio na swojej stronie internetowej. Sprawuj pe\u0142n\u0105 kontrol\u0119 nad wy\u015bwietlan\u0105 tre\u015bci\u0105 i usuwaj spam oraz wszelkie niepo\u017c\u0105dane tre\u015bci za pomoc\u0105 r\u0119cznej moderacji. W pe\u0142ni responsywny konfigurator online oferuje wiele szablon\u00f3w do wyboru. <\/p> <p><b>Zwi\u0119ksz skuteczno\u015b\u0107 swojej witryny internetowej w odniesieniu do cel\u00f3w biznesowych za pomoc\u0105 kana\u0142u RSS<\/b><\/p> <\/div> <div class=\"application-platform-content-item-features application-platform-content-item\" id=\"features\" data-nav-section=\"features\"> <h2>Centralne funkcje widgetu zawiera\u0107<\/h2> <ul><li>Ukryj nag\u0142\u00f3wek, aby Twoja aplikacja wygl\u0105da\u0142a minimalistycznie. <\/li><li>Pozb\u0105d\u017a si\u0119 spamu i niepo\u017c\u0105danych tre\u015bci, korzystaj\u0105c z r\u0119cznej moderacji. <\/li><li>Wybierz jeden z sze\u015bciu dost\u0119pnych uk\u0142ad\u00f3w: karuzela, suwak, kola\u017c, siatka, lista, mur. <\/li><li>Pozw\u00f3l swoim postom pojawia\u0107 si\u0119 w trybie wyskakuj\u0105cym. <\/li><\/ul><p><a href=\"#demo\">Mo\u017cesz wypr\u00f3bowa\u0107 pe\u0142ne mo\u017cliwo\u015bci wid\u017cetu w poni\u017cszej wersji demonstracyjnej<\/a><\/p> <\/div> <div class=\"application-platform-content-item-installation application-platform-content-item\" id=\"installation\" data-nav-section=\"installation\"> <h2>Jak osadzi\u0107 kana\u0142 RSS na mojej stronie Wix? <\/h2><div class=\"video-container\">\n<iframe width=\"720\" height=\"405\" src=\"https:\/\/www.youtube.com\/embed\/M09G4ho9ZwI?si=QUgKnPRPiudhll6Z\" frameborder=\"0\" allowfullscreen=\"\"><\/iframe>\n<\/div> <p>Wystarczy wykona\u0107 kilka krok\u00f3w opisanych poni\u017cej, aby zainstalowa\u0107 aplikacj\u0119. <\/p> <ol><li><b>Zarz\u0105dzaj naszym bezp\u0142atnym edytorem i zacznij tworzy\u0107 w\u0142asn\u0105 aplikacj\u0119. <\/b><br> Wybierz preferowany interfejs i cechy funkcjonalne narz\u0119dzia i zastosuj zmiany. <\/li> <li><b>Odbierz indywidualny kod widoczny w pude\u0142ku w aplikacjach Elfsight. <\/b><br> Po utworzeniu wid\u017cetu skopiuj indywidualny kod z pojawiaj\u0105cego si\u0119 wyskakuj\u0105cego okienka i zapisz go do dalszego wykorzystania. <\/li> <li><b>Potwierd\u017a korzystanie z aplikacji na swojej stronie Wix. <\/b><br> Umie\u015b\u0107 ostatnio zapisany kod na swojej stronie i zastosuj zmiany. <\/li> <li><b>Gotowe! Integracja zosta\u0142a w pe\u0142ni wykonana. <\/b><br> Przejd\u017a do swojej witryny, aby zobaczy\u0107, jak dzia\u0142a widget. <\/li><\/ol> <p>Je\u015bli napotkasz jakie\u015b trudno\u015bci, nie wahaj si\u0119 skontaktowa\u0107 z naszym zespo\u0142em wsparcia. Nasi konsultanci z przyjemno\u015bci\u0105 pomog\u0105 Ci we wszystkich trudno\u015bciach, jakie mo\u017cesz napotka\u0107 w zwi\u0105zku z produktem. <\/p> <\/div><div class=\"faq\" data-component=\"FAQ\"><div class=\"faq-item\">\r\n\t\t\t\t\t<div class=\"faq-item-question\">\r\n\t\t\t\t\t\t<h3 class=\"faq-item-question-text\">Czy istnieje spos\u00f3b na osadzenie kana\u0142u RSS na mojej stronie Wix bez do\u015bwiadczenia w kodowaniu?<\/h3>\r\n\r\n\t\t\t\t\t\t<div class=\"faq-item-question-icon\"><\/div>\r\n\t\t\t\t\t<\/div>\r\n\r\n\t\t\t\t\t<div class=\"faq-item-answer\">\r\n\t\t\t\t\t\t<div class=\"faq-item-answer-text\"><p>Firma Elfsight dostarcza rozwi\u0105zanie w chmurze, kt\u00f3re pozwala u\u017cytkownikowi samodzielnie utworzy\u0107 wid\u017cet kana\u0142u RSS, przekonaj si\u0119, jakie to proste: <\/p><ul><li>Rozpocznij prac\u0119 bezpo\u015brednio w edytorze online, aby zbudowa\u0107 wid\u017cet kana\u0142u RSS, kt\u00f3ry chcesz doda\u0107 do swojego Witryna Wix.<\/li><li>Wybierz jeden z wielu gotowych szablon\u00f3w i dostosuj ustawienia kana\u0142u RSS, zaktualizuj tre\u015b\u0107, zmie\u0144 uk\u0142ad i kolory bez kodowania.<\/li><li>Kliknij, aby zapisa\u0107 Kana\u0142 RSS i uzyskaj kod wtyczki do osadzenia, kt\u00f3ry mo\u017cesz \u0142atwo doda\u0107 na stronie Wix bez konieczno\u015bci zakupu wersji p\u0142atnej.<\/li><\/ul><p>Z pomoc\u0105 naszego \u0142atwego w obs\u0142udze konfiguratora ka\u017cdy u\u017cytkownik sieci mo\u017ce utworzy\u0107 sekcj\u0119 RSS online i \u0142atwo wklei\u0107 j\u0105 na stron\u0119 Wix. Aby wej\u015b\u0107 do naszego Edytora, nie jest konieczne posiadanie p\u0142atnego planu ani ujawnianie danych logowania do karty. Je\u015bli napotkasz jakiekolwiek problemy, nie wahaj si\u0119 porozmawia\u0107 z naszym dzia\u0142em obs\u0142ugi klienta.<\/p><\/div>\r\n\t\t\t\t\t<\/div>\r\n\t\t\t\t<\/div><\/div>","protected":false},"excerpt":{"rendered":"","protected":false},"author":9,"featured_media":0,"parent":3375,"menu_order":0,"comment_status":"closed","ping_status":"closed","template":"templates\/template-application-platform.php","meta":{"publish_to_discourse":"","publish_post_category":"","wpdc_auto_publish_overridden":"","wpdc_topic_tags":"","wpdc_pin_topic":"","wpdc_pin_until":"","discourse_post_id":"","discourse_permalink":"","wpdc_publishing_response":"","wpdc_publishing_error":"","footnotes":""},"class_list":["post-6320","page","type-page","status-publish","hentry"],"yoast_head":"<!-- This site is optimized with the Yoast SEO plugin v25.3.1 - https:\/\/yoast.com\/wordpress\/plugins\/seo\/ -->\n<title>Dodaj aplikacj\u0119 RSS do strony Wix (szybko i bezp\u0142atnie)<\/title>\n<meta name=\"description\" content=\"Umie\u015b\u0107 \u0142atw\u0105 w zarz\u0105dzaniu aplikacj\u0119 RSS na swojej witrynie Wix. Skorzystaj z por\u0119cznej wersji demonstracyjnej Elfsight i stw\u00f3rz stylowy kana\u0142 RSS kilkoma klikni\u0119ciami\" \/>\n<meta name=\"robots\" content=\"index, follow, max-snippet:-1, max-image-preview:large, max-video-preview:-1\" \/>\n<link rel=\"canonical\" href=\"https:\/\/elfsight.com\/pl\/rss-feed-widget\/wix\/\" \/>\n<meta property=\"og:locale\" content=\"pl_PL\" \/>\n<meta property=\"og:type\" content=\"article\" \/>\n<meta property=\"og:title\" content=\"Dodaj aplikacj\u0119 RSS do strony Wix (szybko i bezp\u0142atnie)\" \/>\n<meta property=\"og:description\" content=\"Umie\u015b\u0107 \u0142atw\u0105 w zarz\u0105dzaniu aplikacj\u0119 RSS na swojej witrynie Wix. Skorzystaj z por\u0119cznej wersji demonstracyjnej Elfsight i stw\u00f3rz stylowy kana\u0142 RSS kilkoma klikni\u0119ciami\" \/>\n<meta property=\"og:url\" content=\"https:\/\/elfsight.com\/pl\/rss-feed-widget\/wix\/\" \/>\n<meta property=\"og:site_name\" content=\"Elfsight PL\" \/>\n<meta property=\"article:modified_time\" content=\"2026-02-19T14:33:38+00:00\" \/>\n<meta name=\"twitter:card\" content=\"summary_large_image\" \/>\n<meta name=\"twitter:label1\" content=\"Szacowany czas czytania\" \/>\n\t<meta name=\"twitter:data1\" content=\"3 minuty\" \/>\n<!-- \/ Yoast SEO plugin. -->","yoast_head_json":{"title":"Dodaj aplikacj\u0119 RSS do strony Wix (szybko i bezp\u0142atnie)","description":"Umie\u015b\u0107 \u0142atw\u0105 w zarz\u0105dzaniu aplikacj\u0119 RSS na swojej witrynie Wix. Skorzystaj z por\u0119cznej wersji demonstracyjnej Elfsight i stw\u00f3rz stylowy kana\u0142 RSS kilkoma klikni\u0119ciami","robots":{"index":"index","follow":"follow","max-snippet":"max-snippet:-1","max-image-preview":"max-image-preview:large","max-video-preview":"max-video-preview:-1"},"canonical":"https:\/\/elfsight.com\/pl\/rss-feed-widget\/wix\/","og_locale":"pl_PL","og_type":"article","og_title":"Dodaj aplikacj\u0119 RSS do strony Wix (szybko i bezp\u0142atnie)","og_description":"Umie\u015b\u0107 \u0142atw\u0105 w zarz\u0105dzaniu aplikacj\u0119 RSS na swojej witrynie Wix. Skorzystaj z por\u0119cznej wersji demonstracyjnej Elfsight i stw\u00f3rz stylowy kana\u0142 RSS kilkoma klikni\u0119ciami","og_url":"https:\/\/elfsight.com\/pl\/rss-feed-widget\/wix\/","og_site_name":"Elfsight PL","article_modified_time":"2026-02-19T14:33:38+00:00","twitter_card":"summary_large_image","twitter_misc":{"Szacowany czas czytania":"3 minuty"},"schema":{"@context":"https:\/\/schema.org","@graph":[{"@type":"WebPage","@id":"https:\/\/elfsight.com\/pl\/rss-feed-widget\/wix\/","url":"https:\/\/elfsight.com\/pl\/rss-feed-widget\/wix\/","name":"Dodaj aplikacj\u0119 RSS do strony Wix (szybko i bezp\u0142atnie)","isPartOf":{"@id":"https:\/\/elfsight.com\/pl\/#website"},"datePublished":"1970-01-01T00:00:00+00:00","dateModified":"2026-02-19T14:33:38+00:00","description":"Umie\u015b\u0107 \u0142atw\u0105 w zarz\u0105dzaniu aplikacj\u0119 RSS na swojej witrynie Wix. Skorzystaj z por\u0119cznej wersji demonstracyjnej Elfsight i stw\u00f3rz stylowy kana\u0142 RSS kilkoma klikni\u0119ciami","breadcrumb":{"@id":"https:\/\/elfsight.com\/pl\/rss-feed-widget\/wix\/#breadcrumb"},"inLanguage":"pl-PL","potentialAction":[{"@type":"ReadAction","target":["https:\/\/elfsight.com\/pl\/rss-feed-widget\/wix\/"]}]},{"@type":"BreadcrumbList","@id":"https:\/\/elfsight.com\/pl\/rss-feed-widget\/wix\/#breadcrumb","itemListElement":[{"@type":"ListItem","position":1,"name":"Home","item":"https:\/\/elfsight.com\/pl\/"},{"@type":"ListItem","position":2,"name":"RSS Feed","item":"https:\/\/elfsight.com\/pl\/rss-feed-widget\/"},{"@type":"ListItem","position":3,"name":"RSS Feed &#8211; Wix"}]},{"@type":"WebSite","@id":"https:\/\/elfsight.com\/pl\/#website","url":"https:\/\/elfsight.com\/pl\/","name":"Elfsight PL","description":"Just another Elfsight Sites site","potentialAction":[{"@type":"SearchAction","target":{"@type":"EntryPoint","urlTemplate":"https:\/\/elfsight.com\/pl\/?s={search_term_string}"},"query-input":{"@type":"PropertyValueSpecification","valueRequired":true,"valueName":"search_term_string"}}],"inLanguage":"pl-PL"}]}},"meta_box":{"industry":"","seo_heading":"","heading":"","description":"","cta_heading":"","cta_description":"","application":"3347","h1":"Aplikacja do obs\u0142ugi kana\u0142\u00f3w RSS Wix","h1_caption":"Umie\u015b\u0107 kana\u0142 rss na swojej stronie internetowej, aby wy\u015bwietla\u0107 tre\u015bci ze \u017ar\u00f3de\u0142 zewn\u0119trznych, dzi\u0119ki czemu Twoja witryna b\u0119dzie zawsze aktualizowana o nowe materia\u0142y na stronie Wix.","application_category":[],"applications_title":"","applications_request_title":"","applications_request_button_text":"","hero_text":"","hero_video":"","hero_video_schema_markup":"","selling_points_title":"","selling_points_caption":"","selling_points":[],"selling_points_cta_text":"","features_title":"","features":"","ed_cta_examples_text":"","ed_cta_examples_hidden":"","ed_cta_demo_text":"","ed_cta_demo_hidden":"","why_caption":"","why_editor_title":"","why_editor_text":"","why_team_title":"","why_team_text":"","why_service_title":"","why_service_text":"","template_catalog_visible":"0","template_catalog_title":"","template_catalog_text":"","template_catalog_categories_visible":"","demo_title":"Utw\u00f3rz aplikacj\u0119 z kana\u0142em RSS","demo_caption":"Skonfiguruj sw\u00f3j kana\u0142 RSS i dodaj go do swojej witryny Wix za darmo!","default_faq_hidden":"","app_template_category":[],"platform":"30","template_public_id":"","codecanyon_url":"","codecanyon_item_id":"","codecanyon_price":"","pricing_caption":"","pricing_elfsight_apps_hide_column":"","pricing_elfsight_apps_url":"","pricing_codecanyon_price_caption":"","integration_category":[],"integration_request_title":"","integration_request_cta":"","integration_platform":"","integrations":[],"platform_category":[],"video_schema_markup":"","price":"od 0 USD \/ miesi\u0105c","trial":"","benefits":[{"text":"Bezp\u0142atna pomoc w monta\u017cu"},{"text":"Profesjonalna obs\u0142uga klienta"},{"text":"14-dniowa gwarancja zwrotu pieni\u0119dzy"}],"button_url":"#demo","button_target_blank":"0","button_nofollow":"0","attributes":[{"name":"Instaluje"},{"name":"Czu\u0142y"},{"name":"Kompatybilne przegl\u0105darki"}],"tags":[],"tags_disable_links":"0","hide_more_platforms":"0","video_object":"","demo_hide_cta":"0","demo_hide_cloud_options":"0","pricing_title":"","pricing":[{"pricing_icon":"platform","pricing_title":"Elfsight Apps","pricing_title_caption":"Wersja niezale\u017cna od platformy, kt\u00f3ra dzia\u0142a na ka\u017cdej stronie","pricing_price":"od 0 USD \/ miesi\u0105c","pricing_price_caption":"zacznij od bezp\u0142atnego planu","pricing_benefits":[{"text":"Nielimitowane domeny"},{"text":"Ca\u0142odobowe wsparcie firmy"},{"text":"Bezp\u0142atna pomoc w instalacji"},{"text":"Elastyczny projekt"}],"pricing_button_text":"Dodaj do witryny","pricing_button_url":"#demo"}],"related_apps_title":"","related_apps_hidden":"0","author":"","image":[],"title":"","job":"","social_networks":[]},"_links":{"self":[{"href":"https:\/\/elfsight.com\/pl\/wp-json\/wp\/v2\/pages\/6320","targetHints":{"allow":["GET"]}}],"collection":[{"href":"https:\/\/elfsight.com\/pl\/wp-json\/wp\/v2\/pages"}],"about":[{"href":"https:\/\/elfsight.com\/pl\/wp-json\/wp\/v2\/types\/page"}],"author":[{"embeddable":true,"href":"https:\/\/elfsight.com\/pl\/wp-json\/wp\/v2\/users\/9"}],"replies":[{"embeddable":true,"href":"https:\/\/elfsight.com\/pl\/wp-json\/wp\/v2\/comments?post=6320"}],"version-history":[{"count":2,"href":"https:\/\/elfsight.com\/pl\/wp-json\/wp\/v2\/pages\/6320\/revisions"}],"predecessor-version":[{"id":10871,"href":"https:\/\/elfsight.com\/pl\/wp-json\/wp\/v2\/pages\/6320\/revisions\/10871"}],"up":[{"embeddable":true,"href":"https:\/\/elfsight.com\/pl\/wp-json\/wp\/v2\/pages\/3375"}],"wp:attachment":[{"href":"https:\/\/elfsight.com\/pl\/wp-json\/wp\/v2\/media?parent=6320"}],"curies":[{"name":"wp","href":"https:\/\/api.w.org\/{rel}","templated":true}]}}