{"id":6312,"date":"1970-01-01T00:00:00","date_gmt":"1970-01-01T00:00:00","guid":{"rendered":"https:\/\/elfsight.com\/pl\/?page_id=6312"},"modified":"2024-10-24T12:01:57","modified_gmt":"2024-10-24T12:01:57","slug":"godaddy","status":"publish","type":"page","link":"https:\/\/elfsight.com\/pl\/rss-feed-widget\/godaddy\/","title":{"rendered":"RSS Feed &#8211; GoDaddy"},"content":{"rendered":"<div class=\"application-platform-content-item-description application-platform-content-item\" id=\"description\" data-nav-section=\"description\"> <h2>Umie\u015b\u0107 kana\u0142 RSS na platformie za pomoc\u0105 wid\u017cetu Elfsight<\/h2> <p>Kana\u0142 RSS Elfsight to specjalna wtyczka s\u0142u\u017c\u0105ca do promowania emocji i do\u015bwiadcze\u0144. Dzi\u0119ki niemu mo\u017cesz stworzy\u0107 spersonalizowany kana\u0142 sk\u0142adaj\u0105cy si\u0119 z tre\u015bci z wielu blog\u00f3w &#8211; i zaprezentowa\u0107 go bezpo\u015brednio na swojej stronie internetowej. Sprawuj pe\u0142n\u0105 kontrol\u0119 nad prezentowan\u0105 tre\u015bci\u0105 i usuwaj spam oraz wszelkie niechciane tre\u015bci za pomoc\u0105 r\u0119cznej moderacji. Ca\u0142kowicie responsywny edytor online udost\u0119pnia wiele szablon\u00f3w do wyboru. <\/p> <p><b>Dzi\u0119ki kana\u0142owi RSS rozpocznij zr\u00f3wnowa\u017cony rozw\u00f3j biznesu i zwi\u0119ksz sprzeda\u017c <\/b><\/p> <\/div> <div class=\"application-platform-content-item-features application-platform-content-item\" id=\"features\" data-nav-section=\"features\"> <h2>Poni\u017cej znajduj\u0105 si\u0119 podstawowe funkcje kana\u0142u wtyczka: <\/h2> <ul><li>Ukryj nag\u0142\u00f3wek, aby wtyczka wygl\u0105da\u0142a minimalistycznie. <\/li><li>Pozb\u0105d\u017a si\u0119 spamu i niepo\u017c\u0105danych tre\u015bci poprzez r\u0119czn\u0105 moderacj\u0119. <\/li><li>Wybierz jeden z sze\u015bciu dost\u0119pnych uk\u0142ad\u00f3w: Mur, Kola\u017c, Lista, Karuzela, Suwak, Siatka. <\/li><li>Spraw, aby Twoje posty by\u0142y wy\u015bwietlane w wyskakuj\u0105cym okienku. <\/li><\/ul><p><a href=\"#demo\">Wypr\u00f3buj t\u0119 wersj\u0119 demonstracyjn\u0105, aby zrozumie\u0107 funkcjonalno\u015b\u0107 wtyczki<\/a><\/p> <\/div> <div class=\"application-platform-content-item-installation application-platform-content-item\" id=\"installation\" data-nav-section=\"installation\"> <h2>Jak doda\u0107 kana\u0142 RSS do mojej witryny GoDaddy? <\/h2> <p>Wystarczy zastosowa\u0107 si\u0119 do poni\u017cszych instrukcji, aby wstawi\u0107 narz\u0119dzie. <\/p> <ol><li><b>Skorzystaj z naszego darmowego edytora i zacznij tworzy\u0107 w\u0142asn\u0105 wtyczk\u0119. <\/b><br> Znajd\u017a wybrany wygl\u0105d i parametry wtyczki i zapisz zmiany. <\/li> <li><b>Uzyskaj osobisty kod ujawniony w specjalnym formularzu w aplikacjach Elfsight. <\/b><br> Zaraz po skonfigurowaniu Twojego osobistego narz\u0119dzia skopiuj indywidualny kod z wy\u015bwietlonego wyskakuj\u0105cego okienka i zachowaj go do p\u00f3\u017aniejszego wykorzystania. <\/li> <li><b>Wpisz opcj\u0119 korzystania z wtyczki na stronie g\u0142\u00f3wnej GoDaddy. <\/b><br> Zintegruj zapisany wcze\u015bniej kod ze swoj\u0105 witryn\u0105 i zastosuj zmiany. <\/li> <li><b>Gotowe! Osadzanie zosta\u0142o pomy\u015blnie zako\u0144czone. <\/b><br> Przejd\u017a do swojej witryny i sprawd\u017a dzia\u0142anie wtyczki. <\/li><\/ol> <p>Je\u015bli napotkasz zapytania lub napotkasz pewne trudno\u015bci, nie wahaj si\u0119 napisa\u0107 do naszego zespo\u0142u obs\u0142ugi klienta. Nasi specjali\u015bci z przyjemno\u015bci\u0105 odpowiedz\u0105 na wszystkie pytania dotycz\u0105ce wtyczki. <\/p> <\/div><div class=\"faq\" data-component=\"FAQ\"><div class=\"faq-item\">\r\n\t\t\t\t\t<div class=\"faq-item-question\">\r\n\t\t\t\t\t\t<h3 class=\"faq-item-question-text\">Jak mog\u0119 doda\u0107 kana\u0142 RSS do mojego GoDaddy bez umiej\u0119tno\u015bci kodowania?<\/h3>\r\n\r\n\t\t\t\t\t\t<div class=\"faq-item-question-icon\"><\/div>\r\n\t\t\t\t\t<\/div>\r\n\r\n\t\t\t\t\t<div class=\"faq-item-answer\">\r\n\t\t\t\t\t\t<div class=\"faq-item-answer-text\"><p>Firma Elfsight oferuje rozwi\u0105zanie, kt\u00f3re umo\u017cliwia szerokiemu gronu odbiorc\u00f3w samodzielne utworzenie aplikacji obs\u0142uguj\u0105cej kana\u0142y RSS, obejrzyj nieskomplikowane kroki: <\/p><ul><li>Pracuj bezpo\u015brednio w edytorze na \u017cywo, aby utworzy\u0107 aplikacj\u0119 obs\u0142uguj\u0105c\u0105 kana\u0142y RSS, kt\u00f3ra ma by\u0107 wy\u015bwietlana na stronie g\u0142\u00f3wnej GoDaddy.<\/li> <li>Wybierz jeden z wielu gotowych szablon\u00f3w i dostosuj ustawienia kana\u0142u RSS, do\u0142\u0105cz swoj\u0105 tre\u015b\u0107, zmie\u0144 uk\u0142ad i kolory bez kodowania.<\/li><li>Zapisz kana\u0142 RSS i pobierz jego kod do instalacji, kt\u00f3re mo\u017cna umie\u015bci\u0107 na stronie g\u0142\u00f3wnej GoDaddy w ramach bezp\u0142atnego planu.<\/li><\/ul><p>Korzystaj\u0105c z naszego przyjaznego dla u\u017cytkownika edytora, ka\u017cdy u\u017cytkownik Internetu mo\u017ce utworzy\u0107 wtyczk\u0119 kana\u0142u RSS i osadzi\u0107 j\u0105 w dowolnej witrynie GoDaddy. Aby wej\u015b\u0107 do Edytora nie trzeba wykupi\u0107 p\u0142atnego abonamentu ani podawa\u0107 danych karty. Je\u015bli na kt\u00f3rymkolwiek etapie napotkasz jakiekolwiek problemy, skontaktuj si\u0119 z nasz\u0105 techniczn\u0105 obs\u0142ug\u0105 klienta.<\/p><\/div>\r\n\t\t\t\t\t<\/div>\r\n\t\t\t\t<\/div><\/div>","protected":false},"excerpt":{"rendered":"","protected":false},"author":9,"featured_media":0,"parent":3375,"menu_order":0,"comment_status":"closed","ping_status":"closed","template":"templates\/template-application-platform.php","meta":{"publish_to_discourse":"","publish_post_category":"","wpdc_auto_publish_overridden":"","wpdc_topic_tags":"","wpdc_pin_topic":"","wpdc_pin_until":"","discourse_post_id":"","discourse_permalink":"","wpdc_publishing_response":"","wpdc_publishing_error":"","footnotes":""},"class_list":["post-6312","page","type-page","status-publish","hentry"],"yoast_head":"<!-- This site is optimized with the Yoast SEO plugin v25.3.1 - https:\/\/yoast.com\/wordpress\/plugins\/seo\/ -->\n<title>Kana\u0142 RSS \u2014 dodaj wtyczk\u0119 kana\u0142u RSS do witryny GoDaddy!<\/title>\n<meta name=\"description\" content=\"Umie\u015b\u0107 \u0142atw\u0105 w zarz\u0105dzaniu wtyczk\u0119 kana\u0142u RSS w swojej witrynie GoDaddy. Skorzystaj z por\u0119cznej wersji demonstracyjnej Elfsight i zmodyfikuj sw\u00f3j wspania\u0142y kana\u0142 RSS!\" \/>\n<meta name=\"robots\" content=\"index, follow, max-snippet:-1, max-image-preview:large, max-video-preview:-1\" \/>\n<link rel=\"canonical\" href=\"https:\/\/elfsight.com\/pl\/rss-feed-widget\/godaddy\/\" \/>\n<meta property=\"og:locale\" content=\"pl_PL\" \/>\n<meta property=\"og:type\" content=\"article\" \/>\n<meta property=\"og:title\" content=\"Kana\u0142 RSS \u2014 dodaj wtyczk\u0119 kana\u0142u RSS do witryny GoDaddy!\" \/>\n<meta property=\"og:description\" content=\"Umie\u015b\u0107 \u0142atw\u0105 w zarz\u0105dzaniu wtyczk\u0119 kana\u0142u RSS w swojej witrynie GoDaddy. Skorzystaj z por\u0119cznej wersji demonstracyjnej Elfsight i zmodyfikuj sw\u00f3j wspania\u0142y kana\u0142 RSS!\" \/>\n<meta property=\"og:url\" content=\"https:\/\/elfsight.com\/pl\/rss-feed-widget\/godaddy\/\" \/>\n<meta property=\"og:site_name\" content=\"Elfsight PL\" \/>\n<meta property=\"article:modified_time\" content=\"2024-10-24T12:01:57+00:00\" \/>\n<meta name=\"twitter:card\" content=\"summary_large_image\" \/>\n<meta name=\"twitter:label1\" content=\"Szacowany czas czytania\" \/>\n\t<meta name=\"twitter:data1\" content=\"3 minuty\" \/>\n<!-- \/ Yoast SEO plugin. -->","yoast_head_json":{"title":"Kana\u0142 RSS \u2014 dodaj wtyczk\u0119 kana\u0142u RSS do witryny GoDaddy!","description":"Umie\u015b\u0107 \u0142atw\u0105 w zarz\u0105dzaniu wtyczk\u0119 kana\u0142u RSS w swojej witrynie GoDaddy. Skorzystaj z por\u0119cznej wersji demonstracyjnej Elfsight i zmodyfikuj sw\u00f3j wspania\u0142y kana\u0142 RSS!","robots":{"index":"index","follow":"follow","max-snippet":"max-snippet:-1","max-image-preview":"max-image-preview:large","max-video-preview":"max-video-preview:-1"},"canonical":"https:\/\/elfsight.com\/pl\/rss-feed-widget\/godaddy\/","og_locale":"pl_PL","og_type":"article","og_title":"Kana\u0142 RSS \u2014 dodaj wtyczk\u0119 kana\u0142u RSS do witryny GoDaddy!","og_description":"Umie\u015b\u0107 \u0142atw\u0105 w zarz\u0105dzaniu wtyczk\u0119 kana\u0142u RSS w swojej witrynie GoDaddy. Skorzystaj z por\u0119cznej wersji demonstracyjnej Elfsight i zmodyfikuj sw\u00f3j wspania\u0142y kana\u0142 RSS!","og_url":"https:\/\/elfsight.com\/pl\/rss-feed-widget\/godaddy\/","og_site_name":"Elfsight PL","article_modified_time":"2024-10-24T12:01:57+00:00","twitter_card":"summary_large_image","twitter_misc":{"Szacowany czas czytania":"3 minuty"},"schema":{"@context":"https:\/\/schema.org","@graph":[{"@type":"WebPage","@id":"https:\/\/elfsight.com\/pl\/rss-feed-widget\/godaddy\/","url":"https:\/\/elfsight.com\/pl\/rss-feed-widget\/godaddy\/","name":"Kana\u0142 RSS \u2014 dodaj wtyczk\u0119 kana\u0142u RSS do witryny GoDaddy!","isPartOf":{"@id":"https:\/\/elfsight.com\/pl\/#website"},"datePublished":"1970-01-01T00:00:00+00:00","dateModified":"2024-10-24T12:01:57+00:00","description":"Umie\u015b\u0107 \u0142atw\u0105 w zarz\u0105dzaniu wtyczk\u0119 kana\u0142u RSS w swojej witrynie GoDaddy. Skorzystaj z por\u0119cznej wersji demonstracyjnej Elfsight i zmodyfikuj sw\u00f3j wspania\u0142y kana\u0142 RSS!","breadcrumb":{"@id":"https:\/\/elfsight.com\/pl\/rss-feed-widget\/godaddy\/#breadcrumb"},"inLanguage":"pl-PL","potentialAction":[{"@type":"ReadAction","target":["https:\/\/elfsight.com\/pl\/rss-feed-widget\/godaddy\/"]}]},{"@type":"BreadcrumbList","@id":"https:\/\/elfsight.com\/pl\/rss-feed-widget\/godaddy\/#breadcrumb","itemListElement":[{"@type":"ListItem","position":1,"name":"Home","item":"https:\/\/elfsight.com\/pl\/"},{"@type":"ListItem","position":2,"name":"RSS Feed","item":"https:\/\/elfsight.com\/pl\/rss-feed-widget\/"},{"@type":"ListItem","position":3,"name":"RSS Feed &#8211; GoDaddy"}]},{"@type":"WebSite","@id":"https:\/\/elfsight.com\/pl\/#website","url":"https:\/\/elfsight.com\/pl\/","name":"Elfsight PL","description":"Just another Elfsight Sites site","potentialAction":[{"@type":"SearchAction","target":{"@type":"EntryPoint","urlTemplate":"https:\/\/elfsight.com\/pl\/?s={search_term_string}"},"query-input":{"@type":"PropertyValueSpecification","valueRequired":true,"valueName":"search_term_string"}}],"inLanguage":"pl-PL"}]}},"meta_box":{"industry":"","seo_heading":"","heading":"","description":"","cta_heading":"","cta_description":"","application":"3347","h1":"Wtyczka kana\u0142u RSS GoDaddy","h1_caption":"Umie\u015b\u0107 kana\u0142 rss w swojej witrynie, aby wy\u015bwietla\u0107 tre\u015bci ze \u017ar\u00f3de\u0142 zewn\u0119trznych, dzi\u0119ki czemu Twoja witryna b\u0119dzie bezproblemowo aktualizowana o nowe materia\u0142y w witrynie GoDaddy.","application_category":[],"applications_title":"","applications_request_title":"","applications_request_button_text":"","hero_text":"","hero_video":"","hero_video_schema_markup":"","selling_points_title":"","selling_points_caption":"","selling_points":[],"selling_points_cta_text":"","features_title":"","features":"","ed_cta_examples_text":"","ed_cta_examples_hidden":"","ed_cta_demo_text":"","ed_cta_demo_hidden":"","why_caption":"","why_editor_title":"","why_editor_text":"","why_team_title":"","why_team_text":"","why_service_title":"","why_service_text":"","template_catalog_visible":"","template_catalog_title":"","template_catalog_text":"","template_catalog_categories_visible":"","demo_title":"Nie wahaj si\u0119 i utw\u00f3rz spersonalizowany kana\u0142 RSS GoDaddy","demo_caption":"Dostosuj go i wstaw na swoj\u0105 stron\u0119 poprzez aktywne demo.","default_faq_hidden":"","app_template_category":[],"platform":"180","template_public_id":"","codecanyon_url":"","codecanyon_item_id":"","codecanyon_price":"","pricing_caption":"","pricing_elfsight_apps_hide_column":"","pricing_elfsight_apps_url":"","pricing_codecanyon_price_caption":"","integration_category":[],"integration_request_title":"","integration_request_cta":"","integration_platform":"","integrations":[],"platform_category":[],"video_schema_markup":"","price":"od 0 USD \/ miesi\u0105c","trial":"","benefits":[{"text":"Bezp\u0142atna pomoc w instalacji"},{"text":"Profesjonalna obs\u0142uga klienta"},{"text":"14-dniowa gwarancja zwrotu pieni\u0119dzy"}],"button_url":"#demo","button_target_blank":"","button_nofollow":"","attributes":[{"name":"Instaluje"},{"name":"Czu\u0142y"},{"name":"Kompatybilne przegl\u0105darki"}],"tags":[],"tags_disable_links":"","hide_more_platforms":"","video_object":"","demo_hide_cta":"","demo_hide_cloud_options":"","pricing_title":"","pricing":[{"pricing_icon":"platform","pricing_title":"Elfsight Apps","pricing_title_caption":"Rozwi\u0105zanie wieloplatformowe","pricing_price":"od 0 USD \/ miesi\u0105c","pricing_price_caption":"zacznij od bezp\u0142atnego planu","pricing_benefits":[{"text":"Nielimitowane domeny"},{"text":"Profesjonalne wsparcie i dobrze udokumentowane"},{"text":"Bezp\u0142atna pomoc w instalacji"},{"text":"100% konfigurowalny"}],"pricing_button_text":"Dodaj do witryny","pricing_button_url":"#demo"}],"related_apps_title":"","related_apps_hidden":"","author":"","image":[],"title":"","job":"","social_networks":[]},"_links":{"self":[{"href":"https:\/\/elfsight.com\/pl\/wp-json\/wp\/v2\/pages\/6312","targetHints":{"allow":["GET"]}}],"collection":[{"href":"https:\/\/elfsight.com\/pl\/wp-json\/wp\/v2\/pages"}],"about":[{"href":"https:\/\/elfsight.com\/pl\/wp-json\/wp\/v2\/types\/page"}],"author":[{"embeddable":true,"href":"https:\/\/elfsight.com\/pl\/wp-json\/wp\/v2\/users\/9"}],"replies":[{"embeddable":true,"href":"https:\/\/elfsight.com\/pl\/wp-json\/wp\/v2\/comments?post=6312"}],"version-history":[{"count":1,"href":"https:\/\/elfsight.com\/pl\/wp-json\/wp\/v2\/pages\/6312\/revisions"}],"predecessor-version":[{"id":6316,"href":"https:\/\/elfsight.com\/pl\/wp-json\/wp\/v2\/pages\/6312\/revisions\/6316"}],"up":[{"embeddable":true,"href":"https:\/\/elfsight.com\/pl\/wp-json\/wp\/v2\/pages\/3375"}],"wp:attachment":[{"href":"https:\/\/elfsight.com\/pl\/wp-json\/wp\/v2\/media?parent=6312"}],"curies":[{"name":"wp","href":"https:\/\/api.w.org\/{rel}","templated":true}]}}