{"id":6311,"date":"1970-01-01T00:00:00","date_gmt":"1970-01-01T00:00:00","guid":{"rendered":"https:\/\/elfsight.com\/pl\/?page_id=6311"},"modified":"2024-10-24T12:01:40","modified_gmt":"2024-10-24T12:01:40","slug":"prestashop","status":"publish","type":"page","link":"https:\/\/elfsight.com\/pl\/rss-feed-widget\/prestashop\/","title":{"rendered":"RSS Feed &#8211; PrestaShop"},"content":{"rendered":"<div class=\"application-platform-content-item-description application-platform-content-item\" id=\"description\" data-nav-section=\"description\"> <h2>Opis<\/h2> <p>Kana\u0142 RSS Elfsight dla Prestashop to dodatek, kt\u00f3rego g\u0142\u00f3wnym celem jest pomoc w spe\u0142nieniu wszystkich rzeczywistych wymaga\u0144 w zakresie uzyskiwania wy\u015bwietlenia i pro\u015bby klient\u00f3w Twojej witryny. Odkryj niezb\u0119dne cz\u0119\u015bci do wype\u0142nienia, wybierz wymagany szablon i spersonalizuj interfejs, aby zmotywowa\u0107 odwiedzaj\u0105cych do pozostawienia zapotrzebowania na us\u0142ugi Twojej firmy. Kana\u0142 spo\u0142eczno\u015bciowy zosta\u0142 stworzony, aby spe\u0142ni\u0107 ka\u017cde Twoje \u017c\u0105danie uzyskania informacji zwrotnej i pozostania w sta\u0142ym kontakcie z klientami.<\/p><p><b>Uruchom kana\u0142 RSS, aby efektywniej osi\u0105ga\u0107 szczyty biznesowe! <\/b><\/p> <\/div> <div class=\"application-platform-content-item-features application-platform-content-item\" id=\"features\" data-nav-section=\"features\"> <h2>Oto najwa\u017cniejsze funkcje dodatku: <\/h2> <ul><li>Osadzaj tre\u015bci z wielu \u017ar\u00f3de\u0142<\/li><li>Automatyczne filtrowanie r\u0119czne i tryb moderacji funkcji<\/li><li>Tryb automatycznej moderacji zapewniaj\u0105cy p\u0142ynne przesy\u0142anie tre\u015bci<\/li><li>Pi\u0119\u0107 gotowych do u\u017cycia szablon\u00f3w post\u00f3w z r\u00f3\u017cnymi pozycjami tekstu, zdj\u0119\u0107 i obrazu autora <\/li><li>Filmy odtwarzaj\u0105 si\u0119 automatycznie w trybie wyskakuj\u0105cym<\/li><li>Pozw\u00f3l, aby Twoje posty pojawia\u0142y si\u0119 w wyskakuj\u0105cym okienku <\/li><li>2 warianty reprezentacji post\u00f3w w wyskakuj\u0105cym okienku: suwak i kana\u0142 <\/li><\/ul><p><a href=\"#demo\">Wypr\u00f3buj t\u0119 wersj\u0119 demonstracyjn\u0105, aby uzyska\u0107 pe\u0142ny obraz<\/a><\/p> <\/div> <div class=\"application-platform-content-item-installation application-platform-content-item\" id=\"installation\" data-nav-section=\"installation\"> <h2>Jak mog\u0119 doda\u0107 kana\u0142 RSS do mojej strony internetowej PrestaShop? <\/h2> <p>Wystarczy wykona\u0107 kilka krok\u00f3w opisanych poni\u017cej, aby zintegrowa\u0107 narz\u0119dzie. <\/p> <ol><li><b>Skorzystaj z naszego darmowego edytora i zacznij tworzy\u0107 sw\u00f3j w\u0142asny instrument. <\/b><br> Znajd\u017a preferowany uk\u0142ad i aspekty dodatku i zapisz zmiany. <\/li> <li><b>Odbierz indywidualny kod, kt\u00f3ry pojawi si\u0119 w specjalnym formularzu w aplikacjach Elfsight. <\/b><br> Gdy tylko konfiguracja Twojego osobistego dodatku zostanie zako\u0144czona, skopiuj osobisty kod z wyskakuj\u0105cego okienka i zapisz go na p\u00f3\u017aniej. <\/li> <li><b>Rozpocznij korzystanie z dodatku na stronie g\u0142\u00f3wnej PrestaShop. <\/b><br> Wstaw kod, kt\u00f3ry ostatnio zapisa\u0142e\u015b na swojej stronie internetowej i zapisz poprawki. <\/li> <li><b>Instalacja zosta\u0142a pomy\u015blnie uko\u0144czona. <\/b><br> Przejd\u017a do swojej witryny, aby zobaczy\u0107 w akcji dzia\u0142anie widgetu. <\/li><\/ol> <p>W przypadku napotkania trudno\u015bci prosimy o kontakt z naszym personelem pomocniczym. Nasi ludzie z przyjemno\u015bci\u0105 rozwi\u0105\u017c\u0105 wszystkie problemy, jakie mo\u017cesz mie\u0107 z dodatkiem. <\/p> <\/div><div class=\"faq\" data-component=\"FAQ\"><div class=\"faq-item\">\r\n\t\t\t\t\t<div class=\"faq-item-question\">\r\n\t\t\t\t\t\t<h3 class=\"faq-item-question-text\">Czy istnieje spos\u00f3b na dodanie kana\u0142u RSS do mojej strony internetowej PrestaShop bez umiej\u0119tno\u015bci kodowania?<\/h3>\r\n\r\n\t\t\t\t\t\t<div class=\"faq-item-question-icon\"><\/div>\r\n\t\t\t\t\t<\/div>\r\n\r\n\t\t\t\t\t<div class=\"faq-item-answer\">\r\n\t\t\t\t\t\t<div class=\"faq-item-answer-text\"><p>Firma Elfsight dostarcza rozwi\u0105zanie w chmurze, kt\u00f3re umo\u017cliwia w\u0142a\u015bcicielom witryn samodzielne skonfigurowanie aplikacji do obs\u0142ugi kana\u0142\u00f3w RSS, zapoznaj si\u0119 z prostym przewodnikiem: <\/p><ul><li>Przejd\u017a do edytora online, aby wygenerowa\u0107 aplikacj\u0119 do obs\u0142ugi kana\u0142\u00f3w RSS, kt\u00f3r\u0105 chcesz osadzi\u0107 na swojej stronie PrestaShop .<\/li><li>Wybierz jeden z naszych gotowych szablon\u00f3w i dostosuj ustawienia kana\u0142u RSS, zmie\u0144 uk\u0142ad i schemat kolor\u00f3w, dodaj tre\u015b\u0107 bez umiej\u0119tno\u015bci kodowania.<\/li><li>Zapisz kana\u0142 RSS i pobierz kod do osadzenia, kt\u00f3ry mo\u017cesz bezp\u0142atnie doda\u0107 w witrynie PrestaShop.<\/li><\/ul><p>Przy pomocy naszego intuicyjnego Konfiguratora ka\u017cdy internauta mo\u017ce wygenerowa\u0107 wid\u017cet kana\u0142u RSS i po prostu umie\u015bci\u0107 go na dowolnej witrynie PrestaShop. Nie powiniene\u015b otrzymywa\u0107 p\u0142atnego planu ani wprowadza\u0107 danych swojej karty, aby wej\u015b\u0107 do Edytora Elfsight. Je\u015bli na kt\u00f3rymkolwiek etapie napotkasz jakiekolwiek przeszkody, skontaktuj si\u0119 z naszym zespo\u0142em pomocy technicznej.<\/p><\/div>\r\n\t\t\t\t\t<\/div>\r\n\t\t\t\t<\/div><\/div>","protected":false},"excerpt":{"rendered":"","protected":false},"author":9,"featured_media":0,"parent":3375,"menu_order":0,"comment_status":"closed","ping_status":"closed","template":"templates\/template-application-platform.php","meta":{"publish_to_discourse":"","publish_post_category":"","wpdc_auto_publish_overridden":"","wpdc_topic_tags":"","wpdc_pin_topic":"","wpdc_pin_until":"","discourse_post_id":"","discourse_permalink":"","wpdc_publishing_response":"","wpdc_publishing_error":"","footnotes":""},"class_list":["post-6311","page","type-page","status-publish","hentry"],"yoast_head":"<!-- This site is optimized with the Yoast SEO plugin v25.3.1 - https:\/\/yoast.com\/wordpress\/plugins\/seo\/ -->\n<title>Dodaj wtyczk\u0119 RSS Feed do strony PrestaShop (szybko i za darmo)<\/title>\n<meta name=\"description\" content=\"Zaimplementuj responsywny dodatek do kana\u0142u RSS na swojej stronie PrestaShop. Skorzystaj z por\u0119cznej wersji demonstracyjnej Elfsight i zmodyfikuj sw\u00f3j wspania\u0142y kana\u0142 RSS.\" \/>\n<meta name=\"robots\" content=\"index, follow, max-snippet:-1, max-image-preview:large, max-video-preview:-1\" \/>\n<link rel=\"canonical\" href=\"https:\/\/elfsight.com\/pl\/rss-feed-widget\/prestashop\/\" \/>\n<meta property=\"og:locale\" content=\"pl_PL\" \/>\n<meta property=\"og:type\" content=\"article\" \/>\n<meta property=\"og:title\" content=\"Dodaj wtyczk\u0119 RSS Feed do strony PrestaShop (szybko i za darmo)\" \/>\n<meta property=\"og:description\" content=\"Zaimplementuj responsywny dodatek do kana\u0142u RSS na swojej stronie PrestaShop. Skorzystaj z por\u0119cznej wersji demonstracyjnej Elfsight i zmodyfikuj sw\u00f3j wspania\u0142y kana\u0142 RSS.\" \/>\n<meta property=\"og:url\" content=\"https:\/\/elfsight.com\/pl\/rss-feed-widget\/prestashop\/\" \/>\n<meta property=\"og:site_name\" content=\"Elfsight PL\" \/>\n<meta property=\"article:modified_time\" content=\"2024-10-24T12:01:40+00:00\" \/>\n<meta name=\"twitter:card\" content=\"summary_large_image\" \/>\n<meta name=\"twitter:label1\" content=\"Szacowany czas czytania\" \/>\n\t<meta name=\"twitter:data1\" content=\"3 minuty\" \/>\n<!-- \/ Yoast SEO plugin. -->","yoast_head_json":{"title":"Dodaj wtyczk\u0119 RSS Feed do strony PrestaShop (szybko i za darmo)","description":"Zaimplementuj responsywny dodatek do kana\u0142u RSS na swojej stronie PrestaShop. Skorzystaj z por\u0119cznej wersji demonstracyjnej Elfsight i zmodyfikuj sw\u00f3j wspania\u0142y kana\u0142 RSS.","robots":{"index":"index","follow":"follow","max-snippet":"max-snippet:-1","max-image-preview":"max-image-preview:large","max-video-preview":"max-video-preview:-1"},"canonical":"https:\/\/elfsight.com\/pl\/rss-feed-widget\/prestashop\/","og_locale":"pl_PL","og_type":"article","og_title":"Dodaj wtyczk\u0119 RSS Feed do strony PrestaShop (szybko i za darmo)","og_description":"Zaimplementuj responsywny dodatek do kana\u0142u RSS na swojej stronie PrestaShop. Skorzystaj z por\u0119cznej wersji demonstracyjnej Elfsight i zmodyfikuj sw\u00f3j wspania\u0142y kana\u0142 RSS.","og_url":"https:\/\/elfsight.com\/pl\/rss-feed-widget\/prestashop\/","og_site_name":"Elfsight PL","article_modified_time":"2024-10-24T12:01:40+00:00","twitter_card":"summary_large_image","twitter_misc":{"Szacowany czas czytania":"3 minuty"},"schema":{"@context":"https:\/\/schema.org","@graph":[{"@type":"WebPage","@id":"https:\/\/elfsight.com\/pl\/rss-feed-widget\/prestashop\/","url":"https:\/\/elfsight.com\/pl\/rss-feed-widget\/prestashop\/","name":"Dodaj wtyczk\u0119 RSS Feed do strony PrestaShop (szybko i za darmo)","isPartOf":{"@id":"https:\/\/elfsight.com\/pl\/#website"},"datePublished":"1970-01-01T00:00:00+00:00","dateModified":"2024-10-24T12:01:40+00:00","description":"Zaimplementuj responsywny dodatek do kana\u0142u RSS na swojej stronie PrestaShop. Skorzystaj z por\u0119cznej wersji demonstracyjnej Elfsight i zmodyfikuj sw\u00f3j wspania\u0142y kana\u0142 RSS.","breadcrumb":{"@id":"https:\/\/elfsight.com\/pl\/rss-feed-widget\/prestashop\/#breadcrumb"},"inLanguage":"pl-PL","potentialAction":[{"@type":"ReadAction","target":["https:\/\/elfsight.com\/pl\/rss-feed-widget\/prestashop\/"]}]},{"@type":"BreadcrumbList","@id":"https:\/\/elfsight.com\/pl\/rss-feed-widget\/prestashop\/#breadcrumb","itemListElement":[{"@type":"ListItem","position":1,"name":"Home","item":"https:\/\/elfsight.com\/pl\/"},{"@type":"ListItem","position":2,"name":"RSS Feed","item":"https:\/\/elfsight.com\/pl\/rss-feed-widget\/"},{"@type":"ListItem","position":3,"name":"RSS Feed &#8211; PrestaShop"}]},{"@type":"WebSite","@id":"https:\/\/elfsight.com\/pl\/#website","url":"https:\/\/elfsight.com\/pl\/","name":"Elfsight PL","description":"Just another Elfsight Sites site","potentialAction":[{"@type":"SearchAction","target":{"@type":"EntryPoint","urlTemplate":"https:\/\/elfsight.com\/pl\/?s={search_term_string}"},"query-input":{"@type":"PropertyValueSpecification","valueRequired":true,"valueName":"search_term_string"}}],"inLanguage":"pl-PL"}]}},"meta_box":{"industry":"","seo_heading":"","heading":"","description":"","cta_heading":"","cta_description":"","application":"3347","h1":"Dodatek do kana\u0142u RSS PrestaShop","h1_caption":"Umie\u015b\u0107 kana\u0142 rss na swojej stronie internetowej, aby wy\u015bwietla\u0107 tre\u015bci ze \u017ar\u00f3de\u0142 zewn\u0119trznych, dzi\u0119ki czemu Twoja witryna b\u0119dzie zawsze aktualizowana o nowe materia\u0142y w witrynie Prestashop.","application_category":[],"applications_title":"","applications_request_title":"","applications_request_button_text":"","hero_text":"","hero_video":"","hero_video_schema_markup":"","selling_points_title":"","selling_points_caption":"","selling_points":[],"selling_points_cta_text":"","features_title":"","features":"","ed_cta_examples_text":"","ed_cta_examples_hidden":"","ed_cta_demo_text":"","ed_cta_demo_hidden":"","why_caption":"","why_editor_title":"","why_editor_text":"","why_team_title":"","why_team_text":"","why_service_title":"","why_service_text":"","template_catalog_visible":"","template_catalog_title":"","template_catalog_text":"","template_catalog_categories_visible":"","demo_title":"Nie wahaj si\u0119 i utw\u00f3rz w\u0142asny kana\u0142 RSS PrestaShop","demo_caption":"Spersonalizuj go i umie\u015b\u0107 na swojej stronie, korzystaj\u0105c z wersji demonstracyjnej","default_faq_hidden":"","app_template_category":[],"platform":"586","template_public_id":"","codecanyon_url":"","codecanyon_item_id":"","codecanyon_price":"","pricing_caption":"","pricing_elfsight_apps_hide_column":"","pricing_elfsight_apps_url":"","pricing_codecanyon_price_caption":"","integration_category":[],"integration_request_title":"","integration_request_cta":"","integration_platform":"","integrations":[],"platform_category":[],"video_schema_markup":"","price":"od 0 USD \/ miesi\u0105c","trial":"","benefits":[{"text":"Bezp\u0142atna us\u0142uga monta\u017cu"},{"text":"Profesjonalna obs\u0142uga klienta"},{"text":"14-dniowa gwarancja zwrotu pieni\u0119dzy"}],"button_url":"#demo","button_target_blank":"","button_nofollow":"","attributes":[{"name":"Instaluje"},{"name":"Czu\u0142y"},{"name":"Kompatybilne przegl\u0105darki"}],"tags":[],"tags_disable_links":"","hide_more_platforms":"","video_object":"","demo_hide_cta":"","demo_hide_cloud_options":"","pricing_title":"","pricing":[{"pricing_icon":"platform","pricing_title":"Elfsight Apps","pricing_title_caption":"Rozwi\u0105zanie wieloplatformowe, kt\u00f3re dzia\u0142a na ka\u017cdej stronie internetowej","pricing_price":"od 0 USD \/ miesi\u0105c","pricing_price_caption":"zacznij od bezp\u0142atnego planu","pricing_benefits":[{"text":"Nielimitowane strony internetowe"},{"text":"Ca\u0142odobowa obs\u0142uga klienta"},{"text":"Bezp\u0142atna pomoc w instalacji"},{"text":"W pe\u0142ni konfigurowalny"}],"pricing_button_text":"Dodaj do witryny","pricing_button_url":"#demo"}],"related_apps_title":"","related_apps_hidden":"","author":"","image":[],"title":"","job":"","social_networks":[]},"_links":{"self":[{"href":"https:\/\/elfsight.com\/pl\/wp-json\/wp\/v2\/pages\/6311","targetHints":{"allow":["GET"]}}],"collection":[{"href":"https:\/\/elfsight.com\/pl\/wp-json\/wp\/v2\/pages"}],"about":[{"href":"https:\/\/elfsight.com\/pl\/wp-json\/wp\/v2\/types\/page"}],"author":[{"embeddable":true,"href":"https:\/\/elfsight.com\/pl\/wp-json\/wp\/v2\/users\/9"}],"replies":[{"embeddable":true,"href":"https:\/\/elfsight.com\/pl\/wp-json\/wp\/v2\/comments?post=6311"}],"version-history":[{"count":1,"href":"https:\/\/elfsight.com\/pl\/wp-json\/wp\/v2\/pages\/6311\/revisions"}],"predecessor-version":[{"id":6315,"href":"https:\/\/elfsight.com\/pl\/wp-json\/wp\/v2\/pages\/6311\/revisions\/6315"}],"up":[{"embeddable":true,"href":"https:\/\/elfsight.com\/pl\/wp-json\/wp\/v2\/pages\/3375"}],"wp:attachment":[{"href":"https:\/\/elfsight.com\/pl\/wp-json\/wp\/v2\/media?parent=6311"}],"curies":[{"name":"wp","href":"https:\/\/api.w.org\/{rel}","templated":true}]}}