{"id":6304,"date":"1970-01-01T00:00:00","date_gmt":"1970-01-01T00:00:00","guid":{"rendered":"https:\/\/elfsight.com\/pl\/?page_id=6304"},"modified":"2024-11-14T08:57:13","modified_gmt":"2024-11-14T08:57:13","slug":"bigcommerce","status":"publish","type":"page","link":"https:\/\/elfsight.com\/pl\/restaurant-menu-widget\/bigcommerce\/","title":{"rendered":"Restaurant Menu &#8211; BigCommerce"},"content":{"rendered":"<div class=\"application-platform-content-item-description application-platform-content-item\" id=\"description\" data-nav-section=\"description\"> <h2>Opis<\/h2><p>Menu restauracji firmy Elfsight to wygodna aplikacja do prezentowania asortymentu bezpo\u015brednio na Twojej stronie. To najszybszy spos\u00f3b na zapoznanie u\u017cytkownik\u00f3w ze swoj\u0105 r\u00f3\u017cnorodno\u015bci\u0105, przekazanie unikalnego pomys\u0142u i przyci\u0105gni\u0119cie ich uwagi magnetycznymi zdj\u0119ciami \u017cywno\u015bci. Menu Restauracji jest ca\u0142kowicie dostosowane do potrzeb u\u017cytkownika. Dzi\u0119ki niemu mo\u017cesz ustawi\u0107 nieograniczon\u0105 gam\u0119 menu z du\u017cym wyborem pozycji lub po prostu przedstawi\u0107 kr\u00f3tk\u0105 list\u0119 serwowanych produkt\u00f3w. Wybierz jasny, ciemny schemat lub dostosuj wszystko, co lubisz, zmieniaj\u0105c wszystkie kolory akcent\u00f3w. Koniec z plikami PDF, kt\u00f3re trzeba przepisywa\u0107 na samym pocz\u0105tku. Twoje menu mo\u017ce by\u0107 zawsze aktualne: jednym klikni\u0119ciem mo\u017cesz zmieni\u0107 ceny, list\u0119 pozycji, doda\u0107 nowe dania, a nawet menu! Wszystko, co musisz zrobi\u0107, to ju\u017c teraz zacz\u0105\u0107 tworzy\u0107 swoje wspania\u0142e menu. Nie s\u0105 wymagane \u017cadne umiej\u0119tno\u015bci kodowania ani projektowania.<\/p> <p><b>Wykorzystaj to, co najlepsze w menu restauracji, aby sprosta\u0107 wyzwaniom biznesowym przy mniejszym wysi\u0142ku! Tw\u00f3j lokal mo\u017ce mie\u0107 wi\u0119cej potencjalnych klient\u00f3w, osi\u0105gn\u0105\u0107 aktywny rozw\u00f3j biznesu i zwi\u0119kszy\u0107 sprzeda\u017c. Zacznij korzysta\u0107 z aplikacji ju\u017c teraz! <\/b><\/p><\/div> <div class=\"application-platform-content-item-features application-platform-content-item\" id=\"features\" data-nav-section=\"features\"> <h2>To tylko kilka z pot\u0119\u017cnych funkcji widgetu: <\/h2> <ul><li> Proste narz\u0119dzie nawet dla nie- u\u017cytkownicy technologii<\/li><li>Nieograniczona liczba menu, sekcji lub element\u00f3w zorganizowanych za pomoc\u0105 uk\u0142ad\u00f3w zak\u0142adek, list lub mur\u00f3w<\/li><li>\u0141atwe do poprawienia menu i wszystkie jego ustawienia, kiedy tylko chcesz: ceny, sezonowo\u015b\u0107 dania, napoje itp. <\/li><li> Dodaj obszerny opis produkt\u00f3w, w tym ikony, elementy od\u017cywcze i plakietki<\/li><li>Ustaw pyszne obrazy dla produkt\u00f3w, a nawet poka\u017c je w trybie wyskakuj\u0105cym<\/li><li>Zmie\u0144 i pokoloruj dowolne elementy: tekst, schemat kolor\u00f3w i ikony<\/li><\/ul><p><a href=\"#demo\">Po prostu sprawd\u017a t\u0119 wersj\u0119 demonstracyjn\u0105, aby zobaczy\u0107, jak to dzia\u0142a<\/a><\/p> <\/div> <div class=\"application-platform-content-item-installation application-platform-content-item\" id=\"installation\" data-nav-section=\"installation\"> <h2>Jak osadzi\u0107 menu restauracji w mojej witrynie BigCommerce? <\/h2> <div class=\"video-container\"><iframe width=\"720\" height=\"405\" src=\"https:\/\/www.youtube.com\/embed\/0ErBT690-Rg\" frameborder=\"0\" allowfullscreen=\"\"><\/iframe><\/div><p>Wystarczy zastosowa\u0107 si\u0119 do poni\u017cszych instrukcji, aby aktywowa\u0107 narz\u0119dzie. <\/p> <ol><li><b>Skorzystaj z naszego bezp\u0142atnego edytora i zacznij tworzy\u0107 w\u0142asny widget. <\/b><br> Wybierz preferowany projekt i specyfikacje wid\u017cetu i zastosuj wszystkie modyfikacje. <\/li> <li><b>Skopiuj indywidualny kod pokazany w oknie aplikacji Elfsight. <\/b><br> Po zako\u0144czeniu tworzenia Twojego osobistego widgetu skopiuj ekskluzywny kod w wy\u015bwietlonym oknie i zapisz go do wykorzystania w przysz\u0142o\u015bci. <\/li> <li><b>Rozpocznij stosowanie wid\u017cetu na swojej stronie BigCommerce. <\/b><br> Umie\u015b\u0107 ostatnio skopiowany kod na swojej stronie i zapisz ulepszenia. <\/li> <li><b>Instalacja zosta\u0142a w pe\u0142ni uko\u0144czona. <\/b><br> Otw\u00f3rz swoj\u0105 witryn\u0119 i sprawd\u017a dzia\u0142anie widgetu. <\/li><\/ol><p>W przypadku pyta\u0144 lub trudno\u015bci prosimy o kontakt z naszym zespo\u0142em obs\u0142ugi klienta. Nasi specjali\u015bci ch\u0119tnie odpowiedz\u0105 na wszystkie pytania dotycz\u0105ce aplikacji. <\/p> <div class=\"faq\" data-component=\"FAQ\"><div class=\"faq-item\">\r\n\t\t\t\t\t<div class=\"faq-item-question\">\r\n\t\t\t\t\t\t<h3 class=\"faq-item-question-text\">W jaki spos\u00f3b mog\u0119 doda\u0107 Menu restauracji do mojej witryny BigCommerce bez do\u015bwiadczenia w kodowaniu?<\/h3>\r\n\r\n\t\t\t\t\t\t<div class=\"faq-item-question-icon\"><\/div>\r\n\t\t\t\t\t<\/div>\r\n\r\n\t\t\t\t\t<div class=\"faq-item-answer\">\r\n\t\t\t\t\t\t<div class=\"faq-item-answer-text\"> <p>Elfsight oferuje rozwi\u0105zanie, kt\u00f3re umo\u017cliwia u\u017cytkownikom samodzielne utworzenie wtyczki Menu restauracji, odkryj jakie to proste: Rozpocznij prac\u0119 bezpo\u015brednio w edytorze online, aby utworzy\u0107 wid\u017cet Menu restauracji, kt\u00f3ry chcesz umie\u015bci\u0107 w swojej witrynie BigCommerce. Wybierz jeden z gotowych szablon\u00f3w i dostosuj ustawienia Menu Restauracji, do\u0142\u0105cz swoj\u0105 tre\u015b\u0107, zmie\u0144 uk\u0142ad i kolorystyk\u0119 bez znajomo\u015bci kodowania. Zapisz wprowadzone ustawienia w Menu Restauracji i skopiuj kod instalacyjny wid\u017cetu, kt\u00f3ry mo\u017cna doda\u0107 na stronie internetowej BigCommerce, korzystaj\u0105c z bezp\u0142atnego planu. Korzystaj\u0105c z naszego intuicyjnego edytora, ka\u017cdy u\u017cytkownik Internetu mo\u017ce zbudowa\u0107 sekcj\u0119 Menu Restauracji i \u0142atwo osadzi\u0107 j\u0105 na stronie BigCommerce. Aby uzyska\u0107 dost\u0119p do us\u0142ugi, nie trzeba kupowa\u0107 planu p\u0142atnego ani podawa\u0107 danych karty. Je\u015bli na kt\u00f3rymkolwiek etapie napotkasz jakiekolwiek problemy, nie wahaj si\u0119 porozmawia\u0107 z naszym dzia\u0142em obs\u0142ugi klienta.<\/p> <\/div>\r\n\t\t\t\t\t<\/div>\r\n\t\t\t\t<\/div> <\/div><\/div>","protected":false},"excerpt":{"rendered":"","protected":false},"author":9,"featured_media":0,"parent":3408,"menu_order":0,"comment_status":"closed","ping_status":"closed","template":"templates\/template-application-platform.php","meta":{"publish_to_discourse":"","publish_post_category":"","wpdc_auto_publish_overridden":"","wpdc_topic_tags":"","wpdc_pin_topic":"","wpdc_pin_until":"","discourse_post_id":"","discourse_permalink":"","wpdc_publishing_response":"","wpdc_publishing_error":"","footnotes":""},"class_list":["post-6304","page","type-page","status-publish","hentry"],"yoast_head":"<!-- This site is optimized with the Yoast SEO plugin v25.3.1 - https:\/\/yoast.com\/wordpress\/plugins\/seo\/ -->\n<title>Aplikacja Menu Restauracji dla witryny BigCommerce - szybko i za darmo<\/title>\n<meta name=\"description\" content=\"Wstaw responsywne menu restauracji na swojej stronie internetowej BigCommerce. Wypr\u00f3buj por\u0119czn\u0105 wersj\u0119 demonstracyjn\u0105 Elfsight i stw\u00f3rz stylow\u0105 aplikacj\u0119 za pomoc\u0105 kilku klikni\u0119\u0107.\" \/>\n<meta name=\"robots\" content=\"index, follow, max-snippet:-1, max-image-preview:large, max-video-preview:-1\" \/>\n<link rel=\"canonical\" href=\"https:\/\/elfsight.com\/pl\/restaurant-menu-widget\/bigcommerce\/\" \/>\n<meta property=\"og:locale\" content=\"pl_PL\" \/>\n<meta property=\"og:type\" content=\"article\" \/>\n<meta property=\"og:title\" content=\"Aplikacja Menu Restauracji dla witryny BigCommerce - szybko i za darmo\" \/>\n<meta property=\"og:description\" content=\"Wstaw responsywne menu restauracji na swojej stronie internetowej BigCommerce. Wypr\u00f3buj por\u0119czn\u0105 wersj\u0119 demonstracyjn\u0105 Elfsight i stw\u00f3rz stylow\u0105 aplikacj\u0119 za pomoc\u0105 kilku klikni\u0119\u0107.\" \/>\n<meta property=\"og:url\" content=\"https:\/\/elfsight.com\/pl\/restaurant-menu-widget\/bigcommerce\/\" \/>\n<meta property=\"og:site_name\" content=\"Elfsight PL\" \/>\n<meta property=\"article:modified_time\" content=\"2024-11-14T08:57:13+00:00\" \/>\n<meta name=\"twitter:card\" content=\"summary_large_image\" \/>\n<meta name=\"twitter:label1\" content=\"Szacowany czas czytania\" \/>\n\t<meta name=\"twitter:data1\" content=\"3 minuty\" \/>\n<!-- \/ Yoast SEO plugin. -->","yoast_head_json":{"title":"Aplikacja Menu Restauracji dla witryny BigCommerce - szybko i za darmo","description":"Wstaw responsywne menu restauracji na swojej stronie internetowej BigCommerce. Wypr\u00f3buj por\u0119czn\u0105 wersj\u0119 demonstracyjn\u0105 Elfsight i stw\u00f3rz stylow\u0105 aplikacj\u0119 za pomoc\u0105 kilku klikni\u0119\u0107.","robots":{"index":"index","follow":"follow","max-snippet":"max-snippet:-1","max-image-preview":"max-image-preview:large","max-video-preview":"max-video-preview:-1"},"canonical":"https:\/\/elfsight.com\/pl\/restaurant-menu-widget\/bigcommerce\/","og_locale":"pl_PL","og_type":"article","og_title":"Aplikacja Menu Restauracji dla witryny BigCommerce - szybko i za darmo","og_description":"Wstaw responsywne menu restauracji na swojej stronie internetowej BigCommerce. Wypr\u00f3buj por\u0119czn\u0105 wersj\u0119 demonstracyjn\u0105 Elfsight i stw\u00f3rz stylow\u0105 aplikacj\u0119 za pomoc\u0105 kilku klikni\u0119\u0107.","og_url":"https:\/\/elfsight.com\/pl\/restaurant-menu-widget\/bigcommerce\/","og_site_name":"Elfsight PL","article_modified_time":"2024-11-14T08:57:13+00:00","twitter_card":"summary_large_image","twitter_misc":{"Szacowany czas czytania":"3 minuty"},"schema":{"@context":"https:\/\/schema.org","@graph":[{"@type":"WebPage","@id":"https:\/\/elfsight.com\/pl\/restaurant-menu-widget\/bigcommerce\/","url":"https:\/\/elfsight.com\/pl\/restaurant-menu-widget\/bigcommerce\/","name":"Aplikacja Menu Restauracji dla witryny BigCommerce - szybko i za darmo","isPartOf":{"@id":"https:\/\/elfsight.com\/pl\/#website"},"datePublished":"1970-01-01T00:00:00+00:00","dateModified":"2024-11-14T08:57:13+00:00","description":"Wstaw responsywne menu restauracji na swojej stronie internetowej BigCommerce. Wypr\u00f3buj por\u0119czn\u0105 wersj\u0119 demonstracyjn\u0105 Elfsight i stw\u00f3rz stylow\u0105 aplikacj\u0119 za pomoc\u0105 kilku klikni\u0119\u0107.","breadcrumb":{"@id":"https:\/\/elfsight.com\/pl\/restaurant-menu-widget\/bigcommerce\/#breadcrumb"},"inLanguage":"pl-PL","potentialAction":[{"@type":"ReadAction","target":["https:\/\/elfsight.com\/pl\/restaurant-menu-widget\/bigcommerce\/"]}]},{"@type":"BreadcrumbList","@id":"https:\/\/elfsight.com\/pl\/restaurant-menu-widget\/bigcommerce\/#breadcrumb","itemListElement":[{"@type":"ListItem","position":1,"name":"Home","item":"https:\/\/elfsight.com\/pl\/"},{"@type":"ListItem","position":2,"name":"Restaurant Menu","item":"https:\/\/elfsight.com\/pl\/restaurant-menu-widget\/"},{"@type":"ListItem","position":3,"name":"Restaurant Menu &#8211; BigCommerce"}]},{"@type":"WebSite","@id":"https:\/\/elfsight.com\/pl\/#website","url":"https:\/\/elfsight.com\/pl\/","name":"Elfsight PL","description":"Just another Elfsight Sites site","potentialAction":[{"@type":"SearchAction","target":{"@type":"EntryPoint","urlTemplate":"https:\/\/elfsight.com\/pl\/?s={search_term_string}"},"query-input":{"@type":"PropertyValueSpecification","valueRequired":true,"valueName":"search_term_string"}}],"inLanguage":"pl-PL"}]}},"meta_box":{"industry":"","seo_heading":"","heading":"","description":"","cta_heading":"","cta_description":"","application":"3358","h1":"Aplikacja menu restauracji BigCommerce","h1_caption":"Zaprezentuj menu swojej restauracji w atrakcyjnym wizualnie formacie, kt\u00f3ry mo\u017cna \u0142atwo aktualizowa\u0107 i przyjazny dla u\u017cytkownika w witrynie BigCommerce.","application_category":[],"applications_title":"","applications_request_title":"","applications_request_button_text":"","hero_text":"","hero_video":"","hero_video_schema_markup":"","selling_points_title":"","selling_points_caption":"","selling_points":[],"selling_points_cta_text":"","features_title":"","features":"","ed_cta_examples_text":"","ed_cta_examples_hidden":"","ed_cta_demo_text":"","ed_cta_demo_hidden":"","why_caption":"","why_editor_title":"","why_editor_text":"","why_team_title":"","why_team_text":"","why_service_title":"","why_service_text":"","template_catalog_visible":"","template_catalog_title":"","template_catalog_text":"","template_catalog_categories_visible":"","demo_title":"Utw\u00f3rz aplikacj\u0119 Menu restauracji","demo_caption":"Skonfiguruj Menu Restauracji i dodaj je za darmo do swojej witryny BigCommerce!","default_faq_hidden":"","app_template_category":[],"platform":"41","template_public_id":"","codecanyon_url":"","codecanyon_item_id":"","codecanyon_price":"","pricing_caption":"","pricing_elfsight_apps_hide_column":"","pricing_elfsight_apps_url":"","pricing_codecanyon_price_caption":"","integration_category":[],"integration_request_title":"","integration_request_cta":"","integration_platform":"","integrations":[],"platform_category":[],"video_schema_markup":"","price":"od 0 USD \/ miesi\u0105c","trial":"","benefits":[{"text":"Bezp\u0142atna pomoc w monta\u017cu"},{"text":"Kompetentna obs\u0142uga klienta"},{"text":"14-dniowa gwarancja zwrotu pieni\u0119dzy"}],"button_url":"#demo","button_target_blank":"","button_nofollow":"","attributes":[{"name":"Instaluje"},{"name":"Czu\u0142y"},{"name":"Kompatybilne przegl\u0105darki"}],"tags":[],"tags_disable_links":"","hide_more_platforms":"","video_object":"","demo_hide_cta":"","demo_hide_cloud_options":"","pricing_title":"","pricing":[{"pricing_icon":"platform","pricing_title":"Elfsight Apps","pricing_title_caption":"Niezale\u017cne od platformy rozwi\u0105zanie, kt\u00f3re pasuje do ka\u017cdej witryny internetowej","pricing_price":"od 0 USD \/ miesi\u0105c","pricing_price_caption":"zacznij od bezp\u0142atnego planu","pricing_benefits":[{"text":"Nielimitowane strony internetowe"},{"text":"Profesjonalne wsparcie i dobrze udokumentowane"},{"text":"Bezp\u0142atna us\u0142uga monta\u017cu"},{"text":"100% konfigurowalny"}],"pricing_button_text":"Dodaj do witryny","pricing_button_url":"#demo"}],"related_apps_title":"","related_apps_hidden":"","author":"","image":[],"title":"","job":"","social_networks":[]},"_links":{"self":[{"href":"https:\/\/elfsight.com\/pl\/wp-json\/wp\/v2\/pages\/6304","targetHints":{"allow":["GET"]}}],"collection":[{"href":"https:\/\/elfsight.com\/pl\/wp-json\/wp\/v2\/pages"}],"about":[{"href":"https:\/\/elfsight.com\/pl\/wp-json\/wp\/v2\/types\/page"}],"author":[{"embeddable":true,"href":"https:\/\/elfsight.com\/pl\/wp-json\/wp\/v2\/users\/9"}],"replies":[{"embeddable":true,"href":"https:\/\/elfsight.com\/pl\/wp-json\/wp\/v2\/comments?post=6304"}],"version-history":[{"count":2,"href":"https:\/\/elfsight.com\/pl\/wp-json\/wp\/v2\/pages\/6304\/revisions"}],"predecessor-version":[{"id":7994,"href":"https:\/\/elfsight.com\/pl\/wp-json\/wp\/v2\/pages\/6304\/revisions\/7994"}],"up":[{"embeddable":true,"href":"https:\/\/elfsight.com\/pl\/wp-json\/wp\/v2\/pages\/3408"}],"wp:attachment":[{"href":"https:\/\/elfsight.com\/pl\/wp-json\/wp\/v2\/media?parent=6304"}],"curies":[{"name":"wp","href":"https:\/\/api.w.org\/{rel}","templated":true}]}}