{"id":6303,"date":"1970-01-01T00:00:00","date_gmt":"1970-01-01T00:00:00","guid":{"rendered":"https:\/\/elfsight.com\/pl\/?page_id=6303"},"modified":"2024-11-14T08:57:13","modified_gmt":"2024-11-14T08:57:13","slug":"drupal","status":"publish","type":"page","link":"https:\/\/elfsight.com\/pl\/restaurant-menu-widget\/drupal\/","title":{"rendered":"Restaurant Menu &#8211; Drupal"},"content":{"rendered":"<div class=\"application-platform-content-item-description application-platform-content-item\" id=\"description\" data-nav-section=\"description\"> <h2>Opis<\/h2><p>Menu Restauracji Elfsight to zarz\u0105dzalny modu\u0142 umo\u017cliwiaj\u0105cy prezentacj\u0119 r\u00f3\u017cnorodno\u015bci potraw i napoj\u00f3w bezpo\u015brednio na Twojej stronie internetowej. Jest to wygodny spos\u00f3b na zapoznanie odwiedzaj\u0105cych z Twoj\u0105 r\u00f3\u017cnorodno\u015bci\u0105, przekazanie wyj\u0105tkowych cech i przyci\u0105gni\u0119cie ich uwagi urzekaj\u0105cymi zdj\u0119ciami produkt\u00f3w. Wid\u017cet jest niezwykle przydatny. Dzi\u0119ki niemu mo\u017cesz tworzy\u0107 niesko\u0144czon\u0105 gam\u0119 stron menu z du\u017c\u0105 liczb\u0105 pozycji lub po prostu prezentowa\u0107 zwi\u0119z\u0142\u0105 list\u0119, kt\u00f3r\u0105 serwujesz. Wybierz jasny, ciemny schemat lub zmie\u0144 ustawienia, kt\u00f3re chcesz, zmieniaj\u0105c kolor wszystkich element\u00f3w. Poza tym Twoje menu mo\u017ce by\u0107 zawsze aktualne: mo\u017cesz zmieni\u0107 ceny, list\u0119 pozycji, doda\u0107 nowe napoje, a nawet menu w ci\u0105gu kilku sekund! Koniec z gotowymi do druku menu, kt\u00f3re trzeba stworzy\u0107 ju\u017c na samym pocz\u0105tku. Zacznij tworzy\u0107 sw\u00f3j wspania\u0142y modu\u0142 ju\u017c teraz! <\/p> <p><b>Dodaj menu restauracji, aby \u0142atwiej osi\u0105gn\u0105\u0107 swoje cele biznesowe! Za pomoc\u0105 menu na swojej stronie internetowej mo\u017cesz przyci\u0105gn\u0105\u0107 wi\u0119cej potencjalnych klient\u00f3w i do\u015bwiadczy\u0107 solidnego rozwoju biznesu!<\/b><\/p> <\/div> <div class=\"application-platform-content-item-features application-platform-content-item\" id=\"features\" data-nav-section=\"features\"> <h2>Poni\u017cej znajduj\u0105 si\u0119 g\u0142\u00f3wne cechy modu\u0142u : <\/h2> <ul><li> \u0141atwe w obs\u0142udze narz\u0119dzie nawet dla nieprofesjonalnych u\u017cytkownik\u00f3w<\/li><li>Nieograniczona ilo\u015b\u0107 menu, sekcji lub element\u00f3w, podzielonych za pomoc\u0105 uk\u0142ad\u00f3w Tab, List lub Masonry <\/li><li>\u0141atwa aktualizacja menu i wszystkich jego sk\u0142adnik\u00f3w: cen, da\u0144 sezonowych, napoj\u00f3w itp.<\/li><li> Napisz obszerny opis pozycji: ikony, informacje o warto\u015bciach od\u017cywczych i plakietki <\/li><li>Prze\u015blij apetyczne obrazy produkt\u00f3w, a nawet zaprezentuj je w trybie wyskakuj\u0105cego okienka<\/li><li>Dostosuj i przemaluj wszystkie elementy: tekst, schemat kolor\u00f3w i ikony<\/li><\/ul><p><a href=\"#demo\">Mo\u017cesz sprawdzi\u0107, co oferuje widget za pomoc\u0105 wersji demonstracyjnej<\/a><\/p> <\/div> <div class=\"application-platform-content-item-installation application-platform-content-item\" id=\"installation\" data-nav-section=\"installation\"> <h2>Jak osadzi\u0107 Menu restauracji na moim Drupalu stron\u0119 internetow\u0105?<\/h2><div class=\"video-container\"><iframe width=\"720\" height=\"405\" src=\"https:\/\/www.youtube.com\/embed\/-Qa4XGQedkQ\" frameborder=\"0\" allowfullscreen=\"\"><\/iframe><\/div><p>Wystarczy post\u0119powa\u0107 zgodnie z poni\u017cszymi wskaz\u00f3wkami, aby aktywowa\u0107 narz\u0119dzie: <\/p> <ol><li><b>Wykonaj nasz darmowy konfigurator i rozpocznij tworzenie w\u0142asnego- wykonany modu\u0142. <\/b><br> Wybierz po\u017c\u0105dany uk\u0142ad i aspekty modu\u0142u i zastosuj wszystkie poprawki. <\/li> <li><b>Zdob\u0105d\u017a indywidualny kod pojawiaj\u0105cy si\u0119 w specjalnym formularzu w aplikacjach Elfsight. <\/b><br> Po zako\u0144czeniu dostosowywania modu\u0142u osobistego skopiuj indywidualny kod w wy\u015bwietlonym oknie i zapisz go do p\u00f3\u017aniejszego wykorzystania. <\/li> <li><b>Rozpocznij korzystanie z modu\u0142u na swojej stronie Drupal. <\/b><br> Umie\u015b\u0107 zapisany wcze\u015bniej kod na swojej stronie internetowej i zapisz zmiany. <\/li> <li><b>Instalacja zosta\u0142a w pe\u0142ni przeprowadzona. <\/b><br> Przejd\u017a na swoj\u0105 stron\u0119 internetow\u0105 i zobacz w akcji, jak dzia\u0142a modu\u0142. <\/li><\/ol><p>Je\u015bli masz pytania lub napotkasz trudno\u015bci, nie wahaj si\u0119 skontaktowa\u0107 z naszym dzia\u0142em obs\u0142ugi klienta. Zesp\u00f3\u0142 Elfsight pragnie pom\u00f3c Ci we wszystkich pytaniach zwi\u0105zanych z modu\u0142em. <\/p> <div class=\"faq\" data-component=\"FAQ\"><div class=\"faq-item\">\r\n\t\t\t\t\t<div class=\"faq-item-question\">\r\n\t\t\t\t\t\t<h3 class=\"faq-item-question-text\">Jak doda\u0107 menu restauracji do mojej witryny Drupal bez kodowania?<\/h3>\r\n\r\n\t\t\t\t\t\t<div class=\"faq-item-question-icon\"><\/div>\r\n\t\t\t\t\t<\/div>\r\n\r\n\t\t\t\t\t<div class=\"faq-item-answer\">\r\n\t\t\t\t\t\t<div class=\"faq-item-answer-text\"> <p>Elfsight dostarcza rozwi\u0105zanie SaaS, kt\u00f3re pozwala u\u017cytkownikom samodzielnie utworzy\u0107 wid\u017cet menu restauracji. Poznaj proste instrukcje: Przejd\u017a do edytora na \u017cywo, aby skonfigurowa\u0107 aplikacj\u0119 Menu restauracji, kt\u00f3r\u0105 chcesz osadzi\u0107 na stronie g\u0142\u00f3wnej Drupala. Wybierz jeden z wielu gotowych szablon\u00f3w i dostosuj ustawienia Menu Restauracji, do\u0142\u0105cz swoj\u0105 tre\u015b\u0107, zmie\u0144 uk\u0142ad i kolor element\u00f3w bez znajomo\u015bci kodowania. Kliknij, aby zapisa\u0107 ustawienia wprowadzone w Menu Restauracji i skopiuj kod instalacyjny, kt\u00f3ry mo\u017cesz po prostu bezp\u0142atnie umie\u015bci\u0107 na dowolnej stronie Drupala. Korzystaj\u0105c z naszego intuicyjnego Konfiguratora, ka\u017cdy u\u017cytkownik sieci mo\u017ce stworzy\u0107 Menu Restauracji online i wklei\u0107 je na stron\u0119 Drupala. Nie powiniene\u015b otrzymywa\u0107 p\u0142atnego planu ani wprowadza\u0107 danych uwierzytelniaj\u0105cych karty, aby uzyska\u0107 dost\u0119p do us\u0142ugi Elfsight. Je\u015bli na kt\u00f3rymkolwiek etapie napotkasz jakiekolwiek problemy, nie wahaj si\u0119 skontaktowa\u0107 z naszym dzia\u0142em obs\u0142ugi klienta.<\/p> <\/div>\r\n\t\t\t\t\t<\/div>\r\n\t\t\t\t<\/div> <\/div><\/div><!-- \/wp:html - &gt; \/wp:html -->","protected":false},"excerpt":{"rendered":"","protected":false},"author":9,"featured_media":0,"parent":3408,"menu_order":0,"comment_status":"closed","ping_status":"closed","template":"templates\/template-application-platform.php","meta":{"publish_to_discourse":"","publish_post_category":"","wpdc_auto_publish_overridden":"","wpdc_topic_tags":"","wpdc_pin_topic":"","wpdc_pin_until":"","discourse_post_id":"","discourse_permalink":"","wpdc_publishing_response":"","wpdc_publishing_error":"","footnotes":""},"class_list":["post-6303","page","type-page","status-publish","hentry"],"yoast_head":"<!-- This site is optimized with the Yoast SEO plugin v25.3.1 - https:\/\/yoast.com\/wordpress\/plugins\/seo\/ -->\n<title>Menu Restauracji dla serwisu Drupal - osza\u0142amiaj\u0105ce i darmowe<\/title>\n<meta name=\"description\" content=\"Wstaw responsywne menu restauracji na swojej stronie Drupal. Wypr\u00f3buj por\u0119czn\u0105 wersj\u0119 demonstracyjn\u0105 Elfsight i stw\u00f3rz sw\u00f3j niesamowity modu\u0142 za pomoc\u0105 kilku klikni\u0119\u0107\" \/>\n<meta name=\"robots\" content=\"index, follow, max-snippet:-1, max-image-preview:large, max-video-preview:-1\" \/>\n<link rel=\"canonical\" href=\"https:\/\/elfsight.com\/pl\/restaurant-menu-widget\/drupal\/\" \/>\n<meta property=\"og:locale\" content=\"pl_PL\" \/>\n<meta property=\"og:type\" content=\"article\" \/>\n<meta property=\"og:title\" content=\"Menu Restauracji dla serwisu Drupal - osza\u0142amiaj\u0105ce i darmowe\" \/>\n<meta property=\"og:description\" content=\"Wstaw responsywne menu restauracji na swojej stronie Drupal. Wypr\u00f3buj por\u0119czn\u0105 wersj\u0119 demonstracyjn\u0105 Elfsight i stw\u00f3rz sw\u00f3j niesamowity modu\u0142 za pomoc\u0105 kilku klikni\u0119\u0107\" \/>\n<meta property=\"og:url\" content=\"https:\/\/elfsight.com\/pl\/restaurant-menu-widget\/drupal\/\" \/>\n<meta property=\"og:site_name\" content=\"Elfsight PL\" \/>\n<meta property=\"article:modified_time\" content=\"2024-11-14T08:57:13+00:00\" \/>\n<meta name=\"twitter:card\" content=\"summary_large_image\" \/>\n<meta name=\"twitter:label1\" content=\"Szacowany czas czytania\" \/>\n\t<meta name=\"twitter:data1\" content=\"3 minuty\" \/>\n<!-- \/ Yoast SEO plugin. -->","yoast_head_json":{"title":"Menu Restauracji dla serwisu Drupal - osza\u0142amiaj\u0105ce i darmowe","description":"Wstaw responsywne menu restauracji na swojej stronie Drupal. Wypr\u00f3buj por\u0119czn\u0105 wersj\u0119 demonstracyjn\u0105 Elfsight i stw\u00f3rz sw\u00f3j niesamowity modu\u0142 za pomoc\u0105 kilku klikni\u0119\u0107","robots":{"index":"index","follow":"follow","max-snippet":"max-snippet:-1","max-image-preview":"max-image-preview:large","max-video-preview":"max-video-preview:-1"},"canonical":"https:\/\/elfsight.com\/pl\/restaurant-menu-widget\/drupal\/","og_locale":"pl_PL","og_type":"article","og_title":"Menu Restauracji dla serwisu Drupal - osza\u0142amiaj\u0105ce i darmowe","og_description":"Wstaw responsywne menu restauracji na swojej stronie Drupal. Wypr\u00f3buj por\u0119czn\u0105 wersj\u0119 demonstracyjn\u0105 Elfsight i stw\u00f3rz sw\u00f3j niesamowity modu\u0142 za pomoc\u0105 kilku klikni\u0119\u0107","og_url":"https:\/\/elfsight.com\/pl\/restaurant-menu-widget\/drupal\/","og_site_name":"Elfsight PL","article_modified_time":"2024-11-14T08:57:13+00:00","twitter_card":"summary_large_image","twitter_misc":{"Szacowany czas czytania":"3 minuty"},"schema":{"@context":"https:\/\/schema.org","@graph":[{"@type":"WebPage","@id":"https:\/\/elfsight.com\/pl\/restaurant-menu-widget\/drupal\/","url":"https:\/\/elfsight.com\/pl\/restaurant-menu-widget\/drupal\/","name":"Menu Restauracji dla serwisu Drupal - osza\u0142amiaj\u0105ce i darmowe","isPartOf":{"@id":"https:\/\/elfsight.com\/pl\/#website"},"datePublished":"1970-01-01T00:00:00+00:00","dateModified":"2024-11-14T08:57:13+00:00","description":"Wstaw responsywne menu restauracji na swojej stronie Drupal. Wypr\u00f3buj por\u0119czn\u0105 wersj\u0119 demonstracyjn\u0105 Elfsight i stw\u00f3rz sw\u00f3j niesamowity modu\u0142 za pomoc\u0105 kilku klikni\u0119\u0107","breadcrumb":{"@id":"https:\/\/elfsight.com\/pl\/restaurant-menu-widget\/drupal\/#breadcrumb"},"inLanguage":"pl-PL","potentialAction":[{"@type":"ReadAction","target":["https:\/\/elfsight.com\/pl\/restaurant-menu-widget\/drupal\/"]}]},{"@type":"BreadcrumbList","@id":"https:\/\/elfsight.com\/pl\/restaurant-menu-widget\/drupal\/#breadcrumb","itemListElement":[{"@type":"ListItem","position":1,"name":"Home","item":"https:\/\/elfsight.com\/pl\/"},{"@type":"ListItem","position":2,"name":"Restaurant Menu","item":"https:\/\/elfsight.com\/pl\/restaurant-menu-widget\/"},{"@type":"ListItem","position":3,"name":"Restaurant Menu &#8211; Drupal"}]},{"@type":"WebSite","@id":"https:\/\/elfsight.com\/pl\/#website","url":"https:\/\/elfsight.com\/pl\/","name":"Elfsight PL","description":"Just another Elfsight Sites site","potentialAction":[{"@type":"SearchAction","target":{"@type":"EntryPoint","urlTemplate":"https:\/\/elfsight.com\/pl\/?s={search_term_string}"},"query-input":{"@type":"PropertyValueSpecification","valueRequired":true,"valueName":"search_term_string"}}],"inLanguage":"pl-PL"}]}},"meta_box":{"industry":"","seo_heading":"","heading":"","description":"","cta_heading":"","cta_description":"","application":"3358","h1":"Modu\u0142 menu restauracji Drupal","h1_caption":"Zaprezentuj menu swojej restauracji w atrakcyjnym wizualnie formacie, kt\u00f3ry jest \u0142atwy do aktualizacji i przyjazny dla u\u017cytkownika na Twojej stronie Drupal.","application_category":[],"applications_title":"","applications_request_title":"","applications_request_button_text":"","hero_text":"","hero_video":"","hero_video_schema_markup":"","selling_points_title":"","selling_points_caption":"","selling_points":[],"selling_points_cta_text":"","features_title":"","features":"","ed_cta_examples_text":"","ed_cta_examples_hidden":"","ed_cta_demo_text":"","ed_cta_demo_hidden":"","why_caption":"","why_editor_title":"","why_editor_text":"","why_team_title":"","why_team_text":"","why_service_title":"","why_service_text":"","template_catalog_visible":"","template_catalog_title":"","template_catalog_text":"","template_catalog_categories_visible":"","demo_title":"Utw\u00f3rz modu\u0142 Menu Restauracji","demo_caption":"Skonfiguruj Menu Restauracji i dodaj je za darmo do swojej witryny Drupal!","default_faq_hidden":"","app_template_category":[],"platform":"47","template_public_id":"","codecanyon_url":"","codecanyon_item_id":"","codecanyon_price":"","pricing_caption":"","pricing_elfsight_apps_hide_column":"","pricing_elfsight_apps_url":"","pricing_codecanyon_price_caption":"","integration_category":[],"integration_request_title":"","integration_request_cta":"","integration_platform":"","integrations":[],"platform_category":[],"video_schema_markup":"","price":"od 0 USD \/ miesi\u0105c","trial":"","benefits":[{"text":"Bezp\u0142atna pomoc w monta\u017cu"},{"text":"Wyj\u0105tkowe wsparcie"},{"text":"14-dniowa gwarancja zwrotu pieni\u0119dzy"}],"button_url":"#demo","button_target_blank":"","button_nofollow":"","attributes":[{"name":"Instaluje"},{"name":"Czu\u0142y"},{"name":"Kompatybilne przegl\u0105darki"}],"tags":[],"tags_disable_links":"","hide_more_platforms":"","video_object":"","demo_hide_cta":"","demo_hide_cloud_options":"","pricing_title":"","pricing":[{"pricing_icon":"platform","pricing_title":"Elfsight Apps","pricing_title_caption":"Wieloplatformowe rozwi\u0105zanie cyfrowe","pricing_price":"od 0 USD \/ miesi\u0105c","pricing_price_caption":"zacznij od bezp\u0142atnego planu","pricing_benefits":[{"text":"Nielimitowane domeny"},{"text":"Wsparcie firmy premium"},{"text":"Bezp\u0142atna us\u0142uga monta\u017cu"},{"text":"Specjalna oferta na wiele aplikacji"}],"pricing_button_text":"Dodaj do witryny","pricing_button_url":"#demo"}],"related_apps_title":"","related_apps_hidden":"","author":"","image":[],"title":"","job":"","social_networks":[]},"_links":{"self":[{"href":"https:\/\/elfsight.com\/pl\/wp-json\/wp\/v2\/pages\/6303","targetHints":{"allow":["GET"]}}],"collection":[{"href":"https:\/\/elfsight.com\/pl\/wp-json\/wp\/v2\/pages"}],"about":[{"href":"https:\/\/elfsight.com\/pl\/wp-json\/wp\/v2\/types\/page"}],"author":[{"embeddable":true,"href":"https:\/\/elfsight.com\/pl\/wp-json\/wp\/v2\/users\/9"}],"replies":[{"embeddable":true,"href":"https:\/\/elfsight.com\/pl\/wp-json\/wp\/v2\/comments?post=6303"}],"version-history":[{"count":2,"href":"https:\/\/elfsight.com\/pl\/wp-json\/wp\/v2\/pages\/6303\/revisions"}],"predecessor-version":[{"id":7993,"href":"https:\/\/elfsight.com\/pl\/wp-json\/wp\/v2\/pages\/6303\/revisions\/7993"}],"up":[{"embeddable":true,"href":"https:\/\/elfsight.com\/pl\/wp-json\/wp\/v2\/pages\/3408"}],"wp:attachment":[{"href":"https:\/\/elfsight.com\/pl\/wp-json\/wp\/v2\/media?parent=6303"}],"curies":[{"name":"wp","href":"https:\/\/api.w.org\/{rel}","templated":true}]}}