{"id":6302,"date":"1970-01-01T00:00:00","date_gmt":"1970-01-01T00:00:00","guid":{"rendered":"https:\/\/elfsight.com\/pl\/?page_id=6302"},"modified":"2024-11-14T08:57:13","modified_gmt":"2024-11-14T08:57:13","slug":"facebook","status":"publish","type":"page","link":"https:\/\/elfsight.com\/pl\/restaurant-menu-widget\/facebook\/","title":{"rendered":"Restaurant Menu &#8211; Facebook Page"},"content":{"rendered":"<div class=\"application-platform-content-item-description application-platform-content-item\" id=\"description\" data-nav-section=\"description\"> <h2>Opis<\/h2><p>Menu restauracji to przyjazne dla u\u017cytkownika narz\u0119dzie umo\u017cliwiaj\u0105ce prezentacj\u0119 r\u00f3\u017cnorodnych potraw i napoj\u00f3w bezpo\u015brednio na ekranie strona internetowa. To najszybszy spos\u00f3b na zaprezentowanie go\u015bciom swojej kuchni i skuszenie ich apetycznymi zdj\u0119ciami potraw. Menu Restauracji jest niezwykle dostosowane do potrzeb u\u017cytkownika. Dzi\u0119ki niemu mo\u017cesz skomponowa\u0107 dowoln\u0105 liczb\u0119 menu z du\u017c\u0105 liczb\u0105 pozycji lub po prostu stworzy\u0107 zwi\u0119z\u0142\u0105 list\u0119 serwowanych posi\u0142k\u00f3w. Wybierz jasny, ciemny schemat lub dostosuj ustawienia, kt\u00f3re lubisz, zmieniaj\u0105c kolor wszystkich element\u00f3w. Co wi\u0119cej, Twoje menu mo\u017ce by\u0107 zawsze aktualne: zmienia\u0107 ceny, list\u0119 pozycji, dodawa\u0107 nowe posi\u0142ki, a nawet menu w ci\u0105gu kilku sekund!<\/p> <p><b> Zdob\u0105d\u017a do\u015bwiadczenie w szybszym rozwoju biznesu i wy\u017csz\u0105 sprzeda\u017c. Spr\u00f3buj skorzysta\u0107 z Menu Restauracji firmy Elfsight!<\/b><\/p><\/div> <div class=\"application-platform-content-item-features application-platform-content-item\" id=\"features\" data-nav-section=\"features\"> <h2>Widget posiada cenne funkcje, zobacz niekt\u00f3re z nich: <\/h2> <ul><li>Przyjazne dla u\u017cytkownika narz\u0119dzie nawet dla nieprofesjonalnych u\u017cytkownik\u00f3w<\/li><li>Niesko\u0144czona ilo\u015b\u0107 menu, sekcji lub element\u00f3w uformowanych w uk\u0142ady zak\u0142adek, list lub mur\u00f3w<\/li><li>\u0141atwa aktualizacja menu i wszystkich jego jednostek gdziekolwiek potrzebujesz: rabaty, \u017cywno\u015b\u0107 sezonowa, napoje itp. <\/li><li> Przedstaw obszerny opis produkt\u00f3w, w tym ikony, informacje o warto\u015bciach od\u017cywczych i plakietki<\/li><li>Dodaj wspania\u0142e zdj\u0119cia swoich posi\u0142k\u00f3w, a nawet prezent\u00f3w je w trybie wyskakuj\u0105cym <\/li><li>Zmie\u0144 kolor dowolnych element\u00f3w: tekstu, schematu kolor\u00f3w i ikon. <\/li><\/ul><p><a href=\"#demo\">Mo\u017cesz teraz przetestowa\u0107 pe\u0142ne mo\u017cliwo\u015bci wid\u017cetu w wersji demonstracyjnej<\/a><\/p> <\/div> <div class=\"application-platform-content-item-installation application-platform-content-item\" id=\"installation\" data-nav-section=\"installation\"> <h2>Jak osadzi\u0107 menu restauracji na stronie internetowej mojej strony na Facebooku? <\/h2> <p>Wystarczy wykona\u0107 poni\u017csze kroki, aby rozpocz\u0105\u0107 prac\u0119 z wid\u017cetem: <\/p> <ol><li><b>Zarz\u0105dzaj naszym darmowym edytorem i zacznij kszta\u0142towa\u0107 sw\u00f3j niestandardowy instrument. <\/b><br> Okre\u015bl preferowany interfejs i aspekty narz\u0119dzia oraz zapisz zmiany. <\/li> <li><b>Odbierz sw\u00f3j unikalny kod widoczny w pude\u0142ku w aplikacjach Elfsight. <\/b><br> Po zako\u0144czeniu tworzenia widgetu skopiuj ekskluzywny kod w wy\u015bwietlonym oknie i zapisz go na przysz\u0142o\u015b\u0107. <\/li> <li><b>Zacznij korzysta\u0107 z Menu Restauracji na stronie g\u0142\u00f3wnej Facebooka. <\/b><br> Umie\u015b\u0107 zapisany wcze\u015bniej kod na swojej stronie internetowej i zastosuj zmiany. <\/li> <li><b>Konfiguracja zosta\u0142a w pe\u0142ni przeprowadzona. <\/b><br> Przejd\u017a na swoj\u0105 stron\u0119 internetow\u0105 i zobacz dzia\u0142anie widgetu. <\/li><\/ol> <p>Je\u015bli masz pytania lub napotkasz przeszkody, nie wahaj si\u0119 napisa\u0107 do naszego personelu pomocy technicznej. Nasi konsultanci z przyjemno\u015bci\u0105 odpowiedz\u0105 na wszystkie pytania dotycz\u0105ce widgetu. <\/p> <div class=\"faq\" data-component=\"FAQ\"><div class=\"faq-item\">\r\n\t\t\t\t\t<div class=\"faq-item-question\">\r\n\t\t\t\t\t\t<h3 class=\"faq-item-question-text\">Czy istnieje spos\u00f3b na dodanie Menu Restauracji do mojej strony na Facebooku bez kodowania?<\/h3>\r\n\r\n\t\t\t\t\t\t<div class=\"faq-item-question-icon\"><\/div>\r\n\t\t\t\t\t<\/div>\r\n\r\n\t\t\t\t\t<div class=\"faq-item-answer\">\r\n\t\t\t\t\t\t<div class=\"faq-item-answer-text\"> <p>Firma Elfsight zapewnia rozwi\u0105zanie SaaS, kt\u00f3re pozwala na samodzielne utworzenie wtyczki Menu Restauracji, zobacz jakie to proste: Pracuj od razu w wersji demonstracyjnej na \u017cywo, aby utworzy\u0107 wtyczk\u0119 do menu restauracji, kt\u00f3r\u0105 chcesz doda\u0107 na swojej stronie na Facebooku. Kliknij jeden z gotowych szablon\u00f3w i zmodyfikuj ustawienia Menu Restauracji, do\u0142\u0105cz swoj\u0105 tre\u015b\u0107, zmie\u0144 uk\u0142ad i kolory bez umiej\u0119tno\u015bci kodowania. Kliknij, aby zapisa\u0107 ustawienia wprowadzone w Menu Restauracji i uzyska\u0107 kod instalacyjny, kt\u00f3ry mo\u017cesz \u0142atwo doda\u0107 na stronie g\u0142\u00f3wnej swojej strony na Facebooku, bez konieczno\u015bci kupowania wersji p\u0142atnej. Dzi\u0119ki naszemu intuicyjnemu Konfiguratorowi ka\u017cdy internauta mo\u017ce stworzy\u0107 aplikacj\u0119 Menu Restauracji i umie\u015bci\u0107 j\u0105 na stronie Facebook Page. Aby uzyska\u0107 dost\u0119p do us\u0142ugi Elfsight, nie trzeba p\u0142aci\u0107 ani wprowadza\u0107 danych uwierzytelniaj\u0105cych karty. Je\u015bli na kt\u00f3rymkolwiek etapie napotkasz jakiekolwiek problemy, skontaktuj si\u0119 z naszym zespo\u0142em pomocy technicznej.<\/p> <\/div>\r\n\t\t\t\t\t<\/div>\r\n\t\t\t\t<\/div> <\/div><\/div>","protected":false},"excerpt":{"rendered":"","protected":false},"author":9,"featured_media":0,"parent":3408,"menu_order":0,"comment_status":"closed","ping_status":"closed","template":"templates\/template-application-platform.php","meta":{"publish_to_discourse":"","publish_post_category":"","wpdc_auto_publish_overridden":"","wpdc_topic_tags":"","wpdc_pin_topic":"","wpdc_pin_until":"","discourse_post_id":"","discourse_permalink":"","wpdc_publishing_response":"","wpdc_publishing_error":"","footnotes":""},"class_list":["post-6302","page","type-page","status-publish","hentry"],"yoast_head":"<!-- This site is optimized with the Yoast SEO plugin v25.3.1 - https:\/\/yoast.com\/wordpress\/plugins\/seo\/ -->\n<title>Menu Restauracji dla serwisu Facebook Page - szybko i za darmo<\/title>\n<meta name=\"description\" content=\"Umie\u015b\u0107 \u0142atwy w zarz\u0105dzaniu wid\u017cet Menu restauracji na swojej stronie na Facebooku. Wypr\u00f3buj por\u0119czn\u0105 wersj\u0119 demonstracyjn\u0105 Elfsight i utw\u00f3rz sw\u00f3j wspania\u0142y widget w ci\u0105gu zaledwie kilku minut\" \/>\n<meta name=\"robots\" content=\"index, follow, max-snippet:-1, max-image-preview:large, max-video-preview:-1\" \/>\n<link rel=\"canonical\" href=\"https:\/\/elfsight.com\/pl\/restaurant-menu-widget\/facebook\/\" \/>\n<meta property=\"og:locale\" content=\"pl_PL\" \/>\n<meta property=\"og:type\" content=\"article\" \/>\n<meta property=\"og:title\" content=\"Menu Restauracji dla serwisu Facebook Page - szybko i za darmo\" \/>\n<meta property=\"og:description\" content=\"Umie\u015b\u0107 \u0142atwy w zarz\u0105dzaniu wid\u017cet Menu restauracji na swojej stronie na Facebooku. Wypr\u00f3buj por\u0119czn\u0105 wersj\u0119 demonstracyjn\u0105 Elfsight i utw\u00f3rz sw\u00f3j wspania\u0142y widget w ci\u0105gu zaledwie kilku minut\" \/>\n<meta property=\"og:url\" content=\"https:\/\/elfsight.com\/pl\/restaurant-menu-widget\/facebook\/\" \/>\n<meta property=\"og:site_name\" content=\"Elfsight PL\" \/>\n<meta property=\"article:modified_time\" content=\"2024-11-14T08:57:13+00:00\" \/>\n<meta name=\"twitter:card\" content=\"summary_large_image\" \/>\n<meta name=\"twitter:label1\" content=\"Szacowany czas czytania\" \/>\n\t<meta name=\"twitter:data1\" content=\"3 minuty\" \/>\n<!-- \/ Yoast SEO plugin. -->","yoast_head_json":{"title":"Menu Restauracji dla serwisu Facebook Page - szybko i za darmo","description":"Umie\u015b\u0107 \u0142atwy w zarz\u0105dzaniu wid\u017cet Menu restauracji na swojej stronie na Facebooku. Wypr\u00f3buj por\u0119czn\u0105 wersj\u0119 demonstracyjn\u0105 Elfsight i utw\u00f3rz sw\u00f3j wspania\u0142y widget w ci\u0105gu zaledwie kilku minut","robots":{"index":"index","follow":"follow","max-snippet":"max-snippet:-1","max-image-preview":"max-image-preview:large","max-video-preview":"max-video-preview:-1"},"canonical":"https:\/\/elfsight.com\/pl\/restaurant-menu-widget\/facebook\/","og_locale":"pl_PL","og_type":"article","og_title":"Menu Restauracji dla serwisu Facebook Page - szybko i za darmo","og_description":"Umie\u015b\u0107 \u0142atwy w zarz\u0105dzaniu wid\u017cet Menu restauracji na swojej stronie na Facebooku. Wypr\u00f3buj por\u0119czn\u0105 wersj\u0119 demonstracyjn\u0105 Elfsight i utw\u00f3rz sw\u00f3j wspania\u0142y widget w ci\u0105gu zaledwie kilku minut","og_url":"https:\/\/elfsight.com\/pl\/restaurant-menu-widget\/facebook\/","og_site_name":"Elfsight PL","article_modified_time":"2024-11-14T08:57:13+00:00","twitter_card":"summary_large_image","twitter_misc":{"Szacowany czas czytania":"3 minuty"},"schema":{"@context":"https:\/\/schema.org","@graph":[{"@type":"WebPage","@id":"https:\/\/elfsight.com\/pl\/restaurant-menu-widget\/facebook\/","url":"https:\/\/elfsight.com\/pl\/restaurant-menu-widget\/facebook\/","name":"Menu Restauracji dla serwisu Facebook Page - szybko i za darmo","isPartOf":{"@id":"https:\/\/elfsight.com\/pl\/#website"},"datePublished":"1970-01-01T00:00:00+00:00","dateModified":"2024-11-14T08:57:13+00:00","description":"Umie\u015b\u0107 \u0142atwy w zarz\u0105dzaniu wid\u017cet Menu restauracji na swojej stronie na Facebooku. Wypr\u00f3buj por\u0119czn\u0105 wersj\u0119 demonstracyjn\u0105 Elfsight i utw\u00f3rz sw\u00f3j wspania\u0142y widget w ci\u0105gu zaledwie kilku minut","breadcrumb":{"@id":"https:\/\/elfsight.com\/pl\/restaurant-menu-widget\/facebook\/#breadcrumb"},"inLanguage":"pl-PL","potentialAction":[{"@type":"ReadAction","target":["https:\/\/elfsight.com\/pl\/restaurant-menu-widget\/facebook\/"]}]},{"@type":"BreadcrumbList","@id":"https:\/\/elfsight.com\/pl\/restaurant-menu-widget\/facebook\/#breadcrumb","itemListElement":[{"@type":"ListItem","position":1,"name":"Home","item":"https:\/\/elfsight.com\/pl\/"},{"@type":"ListItem","position":2,"name":"Restaurant Menu","item":"https:\/\/elfsight.com\/pl\/restaurant-menu-widget\/"},{"@type":"ListItem","position":3,"name":"Restaurant Menu &#8211; Facebook Page"}]},{"@type":"WebSite","@id":"https:\/\/elfsight.com\/pl\/#website","url":"https:\/\/elfsight.com\/pl\/","name":"Elfsight PL","description":"Just another Elfsight Sites site","potentialAction":[{"@type":"SearchAction","target":{"@type":"EntryPoint","urlTemplate":"https:\/\/elfsight.com\/pl\/?s={search_term_string}"},"query-input":{"@type":"PropertyValueSpecification","valueRequired":true,"valueName":"search_term_string"}}],"inLanguage":"pl-PL"}]}},"meta_box":{"industry":"","seo_heading":"","heading":"","description":"","cta_heading":"","cta_description":"","application":"3358","h1":"Wid\u017cet menu restauracji na stronie na Facebooku","h1_caption":"Zaprezentuj menu swojej restauracji w atrakcyjnym wizualnie formacie, kt\u00f3ry mo\u017cna \u0142atwo aktualizowa\u0107 i przyjazny dla u\u017cytkownika, na swojej stronie na Facebooku.","application_category":[],"applications_title":"","applications_request_title":"","applications_request_button_text":"","hero_text":"","hero_video":"","hero_video_schema_markup":"","selling_points_title":"","selling_points_caption":"","selling_points":[],"selling_points_cta_text":"","features_title":"","features":"","ed_cta_examples_text":"","ed_cta_examples_hidden":"","ed_cta_demo_text":"","ed_cta_demo_hidden":"","why_caption":"","why_editor_title":"","why_editor_text":"","why_team_title":"","why_team_text":"","why_service_title":"","why_service_text":"","template_catalog_visible":"","template_catalog_title":"","template_catalog_text":"","template_catalog_categories_visible":"","demo_title":"Utw\u00f3rz wid\u017cet Menu restauracji","demo_caption":"Skonfiguruj menu restauracji i dodaj je za darmo do swojej strony na Facebooku!","default_faq_hidden":"","app_template_category":[],"platform":"319","template_public_id":"","codecanyon_url":"","codecanyon_item_id":"","codecanyon_price":"","pricing_caption":"","pricing_elfsight_apps_hide_column":"","pricing_elfsight_apps_url":"","pricing_codecanyon_price_caption":"","integration_category":[],"integration_request_title":"","integration_request_cta":"","integration_platform":"","integrations":[],"platform_category":[],"video_schema_markup":"","price":"od 0 USD \/ miesi\u0105c","trial":"","benefits":[{"text":"Bezp\u0142atna us\u0142uga monta\u017cu"},{"text":"Kompetentna obs\u0142uga klienta"},{"text":"14-dniowa gwarancja zwrotu pieni\u0119dzy"}],"button_url":"#demo","button_target_blank":"","button_nofollow":"","attributes":[{"name":"Instaluje"},{"name":"Reakcja na co\u015b"},{"name":"Kompatybilne przegl\u0105darki"}],"tags":[],"tags_disable_links":"","hide_more_platforms":"","video_object":"","demo_hide_cta":"","demo_hide_cloud_options":"","pricing_title":"","pricing":[{"pricing_icon":"platform","pricing_title":"Elfsight Apps","pricing_title_caption":"Wersja wieloplatformowa, kt\u00f3ra pasuje do ka\u017cdej witryny","pricing_price":"od 0 USD \/ miesi\u0105c","pricing_price_caption":"zacznij od bezp\u0142atnego planu","pricing_benefits":[{"text":"Nielimitowane strony internetowe"},{"text":"Profesjonalne i terminowe wsparcie"},{"text":"Bezp\u0142atna pomoc w monta\u017cu"},{"text":"100% konfigurowalny"}],"pricing_button_text":"Dodaj do witryny","pricing_button_url":"#demo"}],"related_apps_title":"","related_apps_hidden":"","author":"","image":[],"title":"","job":"","social_networks":[]},"_links":{"self":[{"href":"https:\/\/elfsight.com\/pl\/wp-json\/wp\/v2\/pages\/6302","targetHints":{"allow":["GET"]}}],"collection":[{"href":"https:\/\/elfsight.com\/pl\/wp-json\/wp\/v2\/pages"}],"about":[{"href":"https:\/\/elfsight.com\/pl\/wp-json\/wp\/v2\/types\/page"}],"author":[{"embeddable":true,"href":"https:\/\/elfsight.com\/pl\/wp-json\/wp\/v2\/users\/9"}],"replies":[{"embeddable":true,"href":"https:\/\/elfsight.com\/pl\/wp-json\/wp\/v2\/comments?post=6302"}],"version-history":[{"count":1,"href":"https:\/\/elfsight.com\/pl\/wp-json\/wp\/v2\/pages\/6302\/revisions"}],"predecessor-version":[{"id":6306,"href":"https:\/\/elfsight.com\/pl\/wp-json\/wp\/v2\/pages\/6302\/revisions\/6306"}],"up":[{"embeddable":true,"href":"https:\/\/elfsight.com\/pl\/wp-json\/wp\/v2\/pages\/3408"}],"wp:attachment":[{"href":"https:\/\/elfsight.com\/pl\/wp-json\/wp\/v2\/media?parent=6302"}],"curies":[{"name":"wp","href":"https:\/\/api.w.org\/{rel}","templated":true}]}}