{"id":6301,"date":"1970-01-01T00:00:00","date_gmt":"1970-01-01T00:00:00","guid":{"rendered":"https:\/\/elfsight.com\/pl\/?page_id=6301"},"modified":"2024-11-14T08:57:13","modified_gmt":"2024-11-14T08:57:13","slug":"elementor","status":"publish","type":"page","link":"https:\/\/elfsight.com\/pl\/restaurant-menu-widget\/elementor\/","title":{"rendered":"Restaurant Menu &#8211; Elementor"},"content":{"rendered":"<div class=\"application-platform-content-item-description application-platform-content-item\" id=\"description\" data-nav-section=\"description\"> <h2>Osad\u017a menu restauracji na Elementorze za pomoc\u0105 wid\u017cetu Elfsight<\/h2><p>Menu restauracji Elfsight to wygodne narz\u0119dzie do wy\u015bwietlania asortymentu posi\u0142k\u00f3w i napoje bezpo\u015brednio na Twojej stronie internetowej. Wid\u017cet jest ca\u0142kowicie przyjazny dla u\u017cytkownika. Za jego pomoc\u0105 mo\u017cesz ustawi\u0107 dowoln\u0105 liczb\u0119 menu z nieograniczon\u0105 liczb\u0105 pozycji lub po prostu wy\u015bwietli\u0107 zwi\u0119z\u0142\u0105 list\u0119 serwowanych da\u0144. Nie wahaj si\u0119 wybra\u0107 jasnego, ciemnego schematu lub zmodyfikuj wszystko, co lubisz, zmieniaj\u0105c wszystkie kolory akcent\u00f3w. Dzi\u0119ki wid\u017cetowi informacje s\u0105 zawsze aktualne: prawid\u0142owe ceny, lista artyku\u0142\u00f3w, dodawanie nowych napoj\u00f3w, a nawet menu w ci\u0105gu kilku sekund! Koniec ze statycznymi menu, kt\u00f3re trzeba tworzy\u0107 od samego pocz\u0105tku. Po prostu zacznij tworzy\u0107 swoje apetyczne menu ju\u017c teraz! <\/p> <p><b> Maj\u0105c wid\u017cet Menu Restauracji bezpo\u015brednio na stronie internetowej swojej firmy, mo\u017cesz mie\u0107 wi\u0119cej go\u015bci i widzie\u0107 aktywny biznes. Zacznij korzysta\u0107 z Menu Restauracji od Elfsight!<\/b><\/p> <\/div> <div class=\"application-platform-content-item-features application-platform-content-item\" id=\"features\" data-nav-section=\"features\"> <h2>Oto kilka podstawowych funkcji wid\u017cetu: <\/h2> <ul><li> An \u0142atwe narz\u0119dzie nawet dla nieprofesjonalnych u\u017cytkownik\u00f3w <\/li><li>Niestandardowa ilo\u015b\u0107 menu, sekcji lub element\u00f3w, utworzona za pomoc\u0105 uk\u0142ad\u00f3w Tab, List lub Masonry<\/li><li>Prosta aktualizacja menu i wszystkich jego element\u00f3w, jak rabaty, oferty sezonowe itp. <\/li><li> Przedstaw obszerne dodatkowe informacje o produktach, w tym ikony, elementy od\u017cywcze i odznaki <\/li><li>Do\u0142\u0105cz apetyczne zdj\u0119cia produkt\u00f3w, a nawet zaprezentuj je w wyskakuj\u0105cym okienku <\/li><li>Dostosuj i zmie\u0144 kolor dowolnych element\u00f3w, takich jak tekst, schemat kolor\u00f3w i ikony <\/li><\/ul><p><a href=\"#demo\">Sprawd\u017a wszystkie funkcje personalizacji w pe\u0142ni funkcjonalnym demo<\/a><\/p> <\/div> <div class=\"application-platform-content-item-installation application-platform-content-item\" id=\"installation\" data-nav-section=\"installation\"> <h2>Jak doda\u0107 menu restauracji do mojej witryny Elementor? <\/h2> <div class=\"video-container\"><iframe width=\"720\" height=\"405\" src=\"https:\/\/www.youtube.com\/embed\/dzt-nRfEjsM\" frameborder=\"0\" allowfullscreen=\"\"><\/iframe><\/div><p>Wystarczy zastosowa\u0107 si\u0119 do poni\u017cszych instrukcji, aby zintegrowa\u0107 wid\u017cet: <\/p> <ol><li><b>Zarz\u0105dzaj nasz\u0105 bezp\u0142atn\u0105 wersj\u0105 demonstracyjn\u0105 i zacznij tworzy\u0107 w\u0142asne menu. <\/b><br> Okre\u015bl wybrany interfejs i funkcje wtyczki oraz zapisz poprawki. <\/li> <li><b>Zdob\u0105d\u017a sw\u00f3j unikalny kod, kt\u00f3ry pojawia si\u0119 w specjalnym formularzu w aplikacjach Elfsight. <\/b><br> Zaraz po wygenerowaniu osobistego menu skopiuj indywidualny kod z wyskakuj\u0105cego okienka i zapisz go na przysz\u0142o\u015b\u0107. <\/li> <li><b>Rozpocznij korzystanie z narz\u0119dzia na swojej stronie g\u0142\u00f3wnej Elementora. <\/b><br> Dodaj wcze\u015bniej zapisany kod do swojej strony g\u0142\u00f3wnej i zastosuj zmiany. <\/li> <li><b>Instalacja zosta\u0142a pomy\u015blnie zako\u0144czona. <\/b><br> Odwied\u017a swoj\u0105 stron\u0119 internetow\u0105, aby przyjrze\u0107 si\u0119 dzia\u0142aniu widgetu. <\/li><\/ol> <p>W przypadku pyta\u0144 lub wyst\u0105pienia jakichkolwiek komplikacji prosimy o kontakt z naszym zespo\u0142em obs\u0142ugi klienta. Nasi ludzie z przyjemno\u015bci\u0105 rozwi\u0105\u017c\u0105 wszystkie problemy, jakie mo\u017cesz mie\u0107 z wid\u017cetem. <\/p> <div class=\"faq\" data-component=\"FAQ\"><div class=\"faq-item\">\r\n\t\t\t\t\t<div class=\"faq-item-question\">\r\n\t\t\t\t\t\t<h3 class=\"faq-item-question-text\">Czy istnieje spos\u00f3b osadzenia Menu restauracji na mojej stronie internetowej Elementor bez kodowania?<\/h3>\r\n\r\n\t\t\t\t\t\t<div class=\"faq-item-question-icon\"><\/div>\r\n\t\t\t\t\t<\/div>\r\n\r\n\t\t\t\t\t<div class=\"faq-item-answer\">\r\n\t\t\t\t\t\t<div class=\"faq-item-answer-text\"> <p>Elfsight dostarcza rozwi\u0105zanie, kt\u00f3re pozwala w\u0142a\u015bcicielom witryn samodzielnie utworzy\u0107 aplikacj\u0119 Menu restauracji, sprawd\u017a jakie to proste: Przejd\u017a do edytora na \u017cywo, aby utworzy\u0107 wid\u017cet Menu restauracji, kt\u00f3ry chcesz osadzi\u0107 na stronie internetowej Elementor. Wybierz jeden z wst\u0119pnie zaprojektowanych szablon\u00f3w i zmie\u0144 ustawienia Menu Restauracji, zmie\u0144 uk\u0142ad i kolor element\u00f3w oraz dodaj swoj\u0105 tre\u015b\u0107, bez do\u015bwiadczenia w kodowaniu. Zapisz Menu Restauracji i uzyskaj kod instalacyjny wtyczki, kt\u00f3ry mo\u017cesz bez problemu osadzi\u0107 na dowolnej stronie Elementora w ramach bezp\u0142atnego planu. Za pomoc\u0105 przyjaznego Konfiguratora ka\u017cdy u\u017cytkownik sieci mo\u017ce wygenerowa\u0107 sekcj\u0119 Menu Restauracji online i \u0142atwo doda\u0107 j\u0105 do dowolnej strony g\u0142\u00f3wnej Elementora. Aby uzyska\u0107 dost\u0119p do naszego Edytora, nie musisz p\u0142aci\u0107 ani ujawnia\u0107 danych swojej karty. Je\u015bli na kt\u00f3rymkolwiek etapie napotkasz jakiekolwiek przeszkody, skontaktuj si\u0119 z naszym dzia\u0142em obs\u0142ugi klienta.<\/p> <\/div>\r\n\t\t\t\t\t<\/div>\r\n\t\t\t\t<\/div> <\/div><\/div>","protected":false},"excerpt":{"rendered":"","protected":false},"author":9,"featured_media":0,"parent":3408,"menu_order":0,"comment_status":"closed","ping_status":"closed","template":"templates\/template-application-platform.php","meta":{"publish_to_discourse":"","publish_post_category":"","wpdc_auto_publish_overridden":"","wpdc_topic_tags":"","wpdc_pin_topic":"","wpdc_pin_until":"","discourse_post_id":"","discourse_permalink":"","wpdc_publishing_response":"","wpdc_publishing_error":"","footnotes":""},"class_list":["post-6301","page","type-page","status-publish","hentry"],"yoast_head":"<!-- This site is optimized with the Yoast SEO plugin v25.3.1 - https:\/\/yoast.com\/wordpress\/plugins\/seo\/ -->\n<title>Menu Restauracji dla strony Elementor - szybko i za darmo<\/title>\n<meta name=\"description\" content=\"Zaimplementuj przyjazny dla u\u017cytkownika wid\u017cet Menu restauracji na swojej stronie internetowej Elementor. Wypr\u00f3buj por\u0119czn\u0105 wersj\u0119 demonstracyjn\u0105 Elfsight i zmodyfikuj swoje stylowe narz\u0119dzie w ci\u0105gu zaledwie kilku minut\" \/>\n<meta name=\"robots\" content=\"index, follow, max-snippet:-1, max-image-preview:large, max-video-preview:-1\" \/>\n<link rel=\"canonical\" href=\"https:\/\/elfsight.com\/pl\/restaurant-menu-widget\/elementor\/\" \/>\n<meta property=\"og:locale\" content=\"pl_PL\" \/>\n<meta property=\"og:type\" content=\"article\" \/>\n<meta property=\"og:title\" content=\"Menu Restauracji dla strony Elementor - szybko i za darmo\" \/>\n<meta property=\"og:description\" content=\"Zaimplementuj przyjazny dla u\u017cytkownika wid\u017cet Menu restauracji na swojej stronie internetowej Elementor. Wypr\u00f3buj por\u0119czn\u0105 wersj\u0119 demonstracyjn\u0105 Elfsight i zmodyfikuj swoje stylowe narz\u0119dzie w ci\u0105gu zaledwie kilku minut\" \/>\n<meta property=\"og:url\" content=\"https:\/\/elfsight.com\/pl\/restaurant-menu-widget\/elementor\/\" \/>\n<meta property=\"og:site_name\" content=\"Elfsight PL\" \/>\n<meta property=\"article:modified_time\" content=\"2024-11-14T08:57:13+00:00\" \/>\n<meta name=\"twitter:card\" content=\"summary_large_image\" \/>\n<meta name=\"twitter:label1\" content=\"Szacowany czas czytania\" \/>\n\t<meta name=\"twitter:data1\" content=\"3 minuty\" \/>\n<!-- \/ Yoast SEO plugin. -->","yoast_head_json":{"title":"Menu Restauracji dla strony Elementor - szybko i za darmo","description":"Zaimplementuj przyjazny dla u\u017cytkownika wid\u017cet Menu restauracji na swojej stronie internetowej Elementor. Wypr\u00f3buj por\u0119czn\u0105 wersj\u0119 demonstracyjn\u0105 Elfsight i zmodyfikuj swoje stylowe narz\u0119dzie w ci\u0105gu zaledwie kilku minut","robots":{"index":"index","follow":"follow","max-snippet":"max-snippet:-1","max-image-preview":"max-image-preview:large","max-video-preview":"max-video-preview:-1"},"canonical":"https:\/\/elfsight.com\/pl\/restaurant-menu-widget\/elementor\/","og_locale":"pl_PL","og_type":"article","og_title":"Menu Restauracji dla strony Elementor - szybko i za darmo","og_description":"Zaimplementuj przyjazny dla u\u017cytkownika wid\u017cet Menu restauracji na swojej stronie internetowej Elementor. Wypr\u00f3buj por\u0119czn\u0105 wersj\u0119 demonstracyjn\u0105 Elfsight i zmodyfikuj swoje stylowe narz\u0119dzie w ci\u0105gu zaledwie kilku minut","og_url":"https:\/\/elfsight.com\/pl\/restaurant-menu-widget\/elementor\/","og_site_name":"Elfsight PL","article_modified_time":"2024-11-14T08:57:13+00:00","twitter_card":"summary_large_image","twitter_misc":{"Szacowany czas czytania":"3 minuty"},"schema":{"@context":"https:\/\/schema.org","@graph":[{"@type":"WebPage","@id":"https:\/\/elfsight.com\/pl\/restaurant-menu-widget\/elementor\/","url":"https:\/\/elfsight.com\/pl\/restaurant-menu-widget\/elementor\/","name":"Menu Restauracji dla strony Elementor - szybko i za darmo","isPartOf":{"@id":"https:\/\/elfsight.com\/pl\/#website"},"datePublished":"1970-01-01T00:00:00+00:00","dateModified":"2024-11-14T08:57:13+00:00","description":"Zaimplementuj przyjazny dla u\u017cytkownika wid\u017cet Menu restauracji na swojej stronie internetowej Elementor. Wypr\u00f3buj por\u0119czn\u0105 wersj\u0119 demonstracyjn\u0105 Elfsight i zmodyfikuj swoje stylowe narz\u0119dzie w ci\u0105gu zaledwie kilku minut","breadcrumb":{"@id":"https:\/\/elfsight.com\/pl\/restaurant-menu-widget\/elementor\/#breadcrumb"},"inLanguage":"pl-PL","potentialAction":[{"@type":"ReadAction","target":["https:\/\/elfsight.com\/pl\/restaurant-menu-widget\/elementor\/"]}]},{"@type":"BreadcrumbList","@id":"https:\/\/elfsight.com\/pl\/restaurant-menu-widget\/elementor\/#breadcrumb","itemListElement":[{"@type":"ListItem","position":1,"name":"Home","item":"https:\/\/elfsight.com\/pl\/"},{"@type":"ListItem","position":2,"name":"Restaurant Menu","item":"https:\/\/elfsight.com\/pl\/restaurant-menu-widget\/"},{"@type":"ListItem","position":3,"name":"Restaurant Menu &#8211; Elementor"}]},{"@type":"WebSite","@id":"https:\/\/elfsight.com\/pl\/#website","url":"https:\/\/elfsight.com\/pl\/","name":"Elfsight PL","description":"Just another Elfsight Sites site","potentialAction":[{"@type":"SearchAction","target":{"@type":"EntryPoint","urlTemplate":"https:\/\/elfsight.com\/pl\/?s={search_term_string}"},"query-input":{"@type":"PropertyValueSpecification","valueRequired":true,"valueName":"search_term_string"}}],"inLanguage":"pl-PL"}]}},"meta_box":{"industry":"","seo_heading":"","heading":"","description":"","cta_heading":"","cta_description":"","application":"3358","h1":"Widget Menu Restauracji Elementor","h1_caption":"Zaprezentuj menu swojej restauracji w atrakcyjnym wizualnie formacie, kt\u00f3ry mo\u017cna \u0142atwo aktualizowa\u0107 i przyjazny dla u\u017cytkownika w witrynie Elementor.","application_category":[],"applications_title":"","applications_request_title":"","applications_request_button_text":"","hero_text":"","hero_video":"","hero_video_schema_markup":"","selling_points_title":"","selling_points_caption":"","selling_points":[],"selling_points_cta_text":"","features_title":"","features":"","ed_cta_examples_text":"","ed_cta_examples_hidden":"","ed_cta_demo_text":"","ed_cta_demo_hidden":"","why_caption":"","why_editor_title":"","why_editor_text":"","why_team_title":"","why_team_text":"","why_service_title":"","why_service_text":"","template_catalog_visible":"","template_catalog_title":"","template_catalog_text":"","template_catalog_categories_visible":"","demo_title":"Utw\u00f3rz wid\u017cet Menu restauracji","demo_caption":"Skonfiguruj swoje Menu Restauracji i dodaj je za darmo do swojej witryny Elementor!","default_faq_hidden":"","app_template_category":[],"platform":"268","template_public_id":"","codecanyon_url":"","codecanyon_item_id":"","codecanyon_price":"","pricing_caption":"","pricing_elfsight_apps_hide_column":"","pricing_elfsight_apps_url":"","pricing_codecanyon_price_caption":"","integration_category":[],"integration_request_title":"","integration_request_cta":"","integration_platform":"","integrations":[],"platform_category":[],"video_schema_markup":"","price":"od 0 USD \/ miesi\u0105c","trial":"","benefits":[{"text":"Bezp\u0142atna pomoc w monta\u017cu"},{"text":"Do\u015bwiadczona obs\u0142uga klienta"},{"text":"14-dniowa gwarancja zwrotu pieni\u0119dzy"}],"button_url":"#demo","button_target_blank":"","button_nofollow":"","attributes":[{"name":"Instaluje"},{"name":"Czu\u0142y"},{"name":"Kompatybilne przegl\u0105darki"}],"tags":[],"tags_disable_links":"","hide_more_platforms":"","video_object":"","demo_hide_cta":"","demo_hide_cloud_options":"","pricing_title":"","pricing":[{"pricing_icon":"platform","pricing_title":"Elfsight Apps","pricing_title_caption":"Wersja wieloplatformowa, kt\u00f3ra dzia\u0142a na ka\u017cdej stronie internetowej","pricing_price":"od 0 USD \/ miesi\u0105c","pricing_price_caption":"zacznij od bezp\u0142atnego planu","pricing_benefits":[{"text":"Nielimitowane domeny"},{"text":"Wsparcie premium i na czas"},{"text":"Bezp\u0142atna pomoc w instalacji"},{"text":"Oferta ograniczona czasowo dla wielu aplikacji"}],"pricing_button_text":"Dodaj do witryny","pricing_button_url":"#demo"}],"related_apps_title":"","related_apps_hidden":"","author":"","image":[],"title":"","job":"","social_networks":[]},"_links":{"self":[{"href":"https:\/\/elfsight.com\/pl\/wp-json\/wp\/v2\/pages\/6301","targetHints":{"allow":["GET"]}}],"collection":[{"href":"https:\/\/elfsight.com\/pl\/wp-json\/wp\/v2\/pages"}],"about":[{"href":"https:\/\/elfsight.com\/pl\/wp-json\/wp\/v2\/types\/page"}],"author":[{"embeddable":true,"href":"https:\/\/elfsight.com\/pl\/wp-json\/wp\/v2\/users\/9"}],"replies":[{"embeddable":true,"href":"https:\/\/elfsight.com\/pl\/wp-json\/wp\/v2\/comments?post=6301"}],"version-history":[{"count":2,"href":"https:\/\/elfsight.com\/pl\/wp-json\/wp\/v2\/pages\/6301\/revisions"}],"predecessor-version":[{"id":7992,"href":"https:\/\/elfsight.com\/pl\/wp-json\/wp\/v2\/pages\/6301\/revisions\/7992"}],"up":[{"embeddable":true,"href":"https:\/\/elfsight.com\/pl\/wp-json\/wp\/v2\/pages\/3408"}],"wp:attachment":[{"href":"https:\/\/elfsight.com\/pl\/wp-json\/wp\/v2\/media?parent=6301"}],"curies":[{"name":"wp","href":"https:\/\/api.w.org\/{rel}","templated":true}]}}