{"id":6295,"date":"1970-01-01T00:00:00","date_gmt":"1970-01-01T00:00:00","guid":{"rendered":"https:\/\/elfsight.com\/pl\/?page_id=6295"},"modified":"2024-11-14T08:57:05","modified_gmt":"2024-11-14T08:57:05","slug":"jquery","status":"publish","type":"page","link":"https:\/\/elfsight.com\/pl\/restaurant-menu-widget\/jquery\/","title":{"rendered":"Restaurant Menu &#8211; jQuery"},"content":{"rendered":"<div class=\"application-platform-content-item-description application-platform-content-item\" id=\"description\" data-nav-section=\"description\"> <h2>Opis<\/h2><p>Menu restauracji Elfsight to prosty spos\u00f3b na zaprezentowanie Twojej r\u00f3\u017cnorodno\u015bci, przekazanie oryginalnej koncepcji i przyci\u0105gni\u0119cie go\u015bci atrakcyjnymi obrazy potraw. Narz\u0119dzie jest ca\u0142kowicie dostosowane do potrzeb u\u017cytkownika. Dzi\u0119ki niemu mo\u017cesz ustawi\u0107 niesko\u0144czon\u0105 gam\u0119 menu z ogromn\u0105 ilo\u015bci\u0105 pozycji lub po prostu stworzy\u0107 kr\u00f3tk\u0105 list\u0119 serwowanych specja\u0142\u00f3w. Mo\u017cesz wybra\u0107 jasny, ciemny schemat lub zmieni\u0107 ustawienia wed\u0142ug w\u0142asnego uznania, ponownie koloruj\u0105c wszystkie elementy. R\u00f3wnie\u017c wtyczka mo\u017ce by\u0107 zawsze aktualna: prawid\u0142owe ceny, lista artyku\u0142\u00f3w, dodawanie nowych da\u0144, a nawet menu sezonowe w ci\u0105gu kilku sekund! Koniec ze statycznymi menu, kt\u00f3re powiniene\u015b tworzy\u0107 ju\u017c na samym pocz\u0105tku. Po prostu zacznij tworzy\u0107 swoje fascynuj\u0105ce menu ju\u017c teraz! <\/p> <p><b>Dzi\u0119ki wtyczce Menu Restauracji na Twojej stronie Twoja firma mo\u017ce mie\u0107 wi\u0119cej go\u015bci i solidnie rozwija\u0107 biznes!<\/b><\/p> <\/div> <div class=\"application-platform-content-item-features application-platform-content-item\" id=\"features\" data-nav-section=\"features\"> <h2>To tylko kilka z ogromnej r\u00f3\u017cnorodno\u015bci funkcji wtyczek: <\/h2> <ul><li>\u0141atwe zarz\u0105dzanie nawet dla u\u017cytkownik\u00f3w nietechnicznych <\/li><li>Nieograniczona liczba menu, sekcji i element\u00f3w , uporz\u0105dkowane wed\u0142ug stylowych uk\u0142ad\u00f3w <\/li><li>\u0141atwe do zmiany menu i wszystkie jego ustawienia, kiedy tylko chcesz: rabaty, promocje sezonowe itp. <\/li><li> Wpisz szczeg\u00f3\u0142owe dodatkowe informacje o przedmiotach, a nawet ikony , elementy od\u017cywcze i plakietki <\/li><li>Prze\u015blij apetyczne zdj\u0119cia produkt\u00f3w, a nawet zaprezentuj je w trybie wyskakuj\u0105cego okienka <\/li><li>Dostosuj i przemaluj dowolne elementy: tekst, schemat kolor\u00f3w i ikony <\/li><\/ul><p><a href=\"#demo\">Wypr\u00f3buj wszystkie opcje dostosowywania w pe\u0142nej wersji demonstracyjnej<\/a><\/p> <\/div> <div class=\"application-platform-content-item-installation application-platform-content-item\" id=\"installation\" data-nav-section=\"installation\"> <h2>Jak mog\u0119 doda\u0107 menu restauracji do mojej strony internetowej jQuery? <\/h2> <p>Wystarczy wykona\u0107 poni\u017csze kroki, aby aktywowa\u0107 wtyczk\u0119: <\/p> <ol><li><b>Otw\u00f3rz nasz darmowy edytor i zacznij tworzy\u0107 w\u0142asn\u0105 wtyczk\u0119. <\/b><br> Okre\u015bl po\u017c\u0105dany uk\u0142ad i specyfikacje Menu Restauracji i zapisz zmiany. <\/li> <li><b>Skopiuj sw\u00f3j indywidualny kod udost\u0119pniony w specjalnym formularzu w aplikacjach Elfsight. <\/b><br> Gdy tylko konfiguracja Twojego osobistego narz\u0119dzia zostanie zako\u0144czona, skopiuj ekskluzywny kod z wy\u015bwietlonego okna i zachowaj go do wykorzystania w przysz\u0142o\u015bci. <\/li> <li><b>Rozpocznij korzystanie z wid\u017cetu w witrynie jQuery. <\/b><br> Dodaj kod, kt\u00f3ry wcze\u015bniej zapisa\u0142e\u015b na swojej stronie internetowej i zastosuj ulepszenia. <\/li> <li><b>Gotowe! Integracja zosta\u0142a pomy\u015blnie przeprowadzona. <\/b><br> Odwied\u017a swoj\u0105 witryn\u0119, aby sprawdzi\u0107 dzia\u0142anie wtyczki. <\/li><\/ol> <p>Je\u015bli masz do czynienia z zapytaniami lub masz jakiekolwiek komplikacje, nie wahaj si\u0119 skontaktowa\u0107 z naszym zespo\u0142em obs\u0142ugi klienta. Zesp\u00f3\u0142 Elfsight ch\u0119tnie odpowie na wszystkie pytania dotycz\u0105ce wtyczki. <\/p> <div class=\"faq\" data-component=\"FAQ\"><div class=\"faq-item\">\r\n\t\t\t\t\t<div class=\"faq-item-question\">\r\n\t\t\t\t\t\t<h3 class=\"faq-item-question-text\">Czy istnieje metoda dodania Menu restauracji do mojej strony g\u0142\u00f3wnej jQuery bez znajomo\u015bci programowania?<\/h3>\r\n\r\n\t\t\t\t\t\t<div class=\"faq-item-question-icon\"><\/div>\r\n\t\t\t\t\t<\/div>\r\n\r\n\t\t\t\t\t<div class=\"faq-item-answer\">\r\n\t\t\t\t\t\t<div class=\"faq-item-answer-text\"> <p>Elfsight wprowadza rozwi\u0105zanie SaaS, kt\u00f3re umo\u017cliwia w\u0142a\u015bcicielom witryn samodzielne wygenerowanie wid\u017cetu Menu restauracji, odkryj proste instrukcje: Przejd\u017a do edytora na \u017cywo, aby utworzy\u0107 wid\u017cet Menu restauracji, kt\u00f3ry chcesz osadzi\u0107 na swojej stronie internetowej jQuery. Wybierz jeden z naszych gotowych szablon\u00f3w i zmie\u0144 ustawienia Menu Restauracji, zmie\u0144 uk\u0142ad i kolorystyk\u0119, dodaj swoj\u0105 tre\u015b\u0107, bez znajomo\u015bci kodowania. Kliknij, aby zapisa\u0107 Menu Restauracji i skopiuj kod instalacyjny, kt\u00f3ry mo\u017cesz \u0142atwo doda\u0107 w dowolnej witrynie jQuery, bez konieczno\u015bci kupowania wersji p\u0142atnej. Za pomoc\u0105 naszego prostego edytora ka\u017cdy u\u017cytkownik Internetu mo\u017ce wygenerowa\u0107 widget Menu Restauracji online i po prostu osadzi\u0107 go na stronie jQuery. Aby skorzysta\u0107 z us\u0142ugi Elfsight, nie jest wymagana p\u0142atno\u015b\u0107 ani podanie danych karty. Je\u015bli na kt\u00f3rymkolwiek etapie napotkasz jakiekolwiek problemy, nie wahaj si\u0119 skontaktowa\u0107 z nasz\u0105 techniczn\u0105 obs\u0142ug\u0105 klienta.<\/p> <\/div>\r\n\t\t\t\t\t<\/div>\r\n\t\t\t\t<\/div> <\/div><\/div>","protected":false},"excerpt":{"rendered":"","protected":false},"author":9,"featured_media":0,"parent":3408,"menu_order":0,"comment_status":"closed","ping_status":"closed","template":"templates\/template-application-platform.php","meta":{"publish_to_discourse":"","publish_post_category":"","wpdc_auto_publish_overridden":"","wpdc_topic_tags":"","wpdc_pin_topic":"","wpdc_pin_until":"","discourse_post_id":"","discourse_permalink":"","wpdc_publishing_response":"","wpdc_publishing_error":"","footnotes":""},"class_list":["post-6295","page","type-page","status-publish","hentry"],"yoast_head":"<!-- This site is optimized with the Yoast SEO plugin v25.3.1 - https:\/\/yoast.com\/wordpress\/plugins\/seo\/ -->\n<title>Menu restauracji dla Twojej witryny jQuery - szybko i za darmo<\/title>\n<meta name=\"description\" content=\"Umie\u015b\u0107 przyjazn\u0105 dla urz\u0105dze\u0144 mobilnych wtyczk\u0119 Menu restauracji na swojej stronie jQuery. Wypr\u00f3buj por\u0119czn\u0105 wersj\u0119 demonstracyjn\u0105 Elfsight i zmodyfikuj swoj\u0105 wspania\u0142\u0105 wtyczk\u0119 za pomoc\u0105 kilku klikni\u0119\u0107\" \/>\n<meta name=\"robots\" content=\"index, follow, max-snippet:-1, max-image-preview:large, max-video-preview:-1\" \/>\n<link rel=\"canonical\" href=\"https:\/\/elfsight.com\/pl\/restaurant-menu-widget\/jquery\/\" \/>\n<meta property=\"og:locale\" content=\"pl_PL\" \/>\n<meta property=\"og:type\" content=\"article\" \/>\n<meta property=\"og:title\" content=\"Menu restauracji dla Twojej witryny jQuery - szybko i za darmo\" \/>\n<meta property=\"og:description\" content=\"Umie\u015b\u0107 przyjazn\u0105 dla urz\u0105dze\u0144 mobilnych wtyczk\u0119 Menu restauracji na swojej stronie jQuery. Wypr\u00f3buj por\u0119czn\u0105 wersj\u0119 demonstracyjn\u0105 Elfsight i zmodyfikuj swoj\u0105 wspania\u0142\u0105 wtyczk\u0119 za pomoc\u0105 kilku klikni\u0119\u0107\" \/>\n<meta property=\"og:url\" content=\"https:\/\/elfsight.com\/pl\/restaurant-menu-widget\/jquery\/\" \/>\n<meta property=\"og:site_name\" content=\"Elfsight PL\" \/>\n<meta property=\"article:modified_time\" content=\"2024-11-14T08:57:05+00:00\" \/>\n<meta name=\"twitter:card\" content=\"summary_large_image\" \/>\n<meta name=\"twitter:label1\" content=\"Szacowany czas czytania\" \/>\n\t<meta name=\"twitter:data1\" content=\"3 minuty\" \/>\n<!-- \/ Yoast SEO plugin. -->","yoast_head_json":{"title":"Menu restauracji dla Twojej witryny jQuery - szybko i za darmo","description":"Umie\u015b\u0107 przyjazn\u0105 dla urz\u0105dze\u0144 mobilnych wtyczk\u0119 Menu restauracji na swojej stronie jQuery. Wypr\u00f3buj por\u0119czn\u0105 wersj\u0119 demonstracyjn\u0105 Elfsight i zmodyfikuj swoj\u0105 wspania\u0142\u0105 wtyczk\u0119 za pomoc\u0105 kilku klikni\u0119\u0107","robots":{"index":"index","follow":"follow","max-snippet":"max-snippet:-1","max-image-preview":"max-image-preview:large","max-video-preview":"max-video-preview:-1"},"canonical":"https:\/\/elfsight.com\/pl\/restaurant-menu-widget\/jquery\/","og_locale":"pl_PL","og_type":"article","og_title":"Menu restauracji dla Twojej witryny jQuery - szybko i za darmo","og_description":"Umie\u015b\u0107 przyjazn\u0105 dla urz\u0105dze\u0144 mobilnych wtyczk\u0119 Menu restauracji na swojej stronie jQuery. Wypr\u00f3buj por\u0119czn\u0105 wersj\u0119 demonstracyjn\u0105 Elfsight i zmodyfikuj swoj\u0105 wspania\u0142\u0105 wtyczk\u0119 za pomoc\u0105 kilku klikni\u0119\u0107","og_url":"https:\/\/elfsight.com\/pl\/restaurant-menu-widget\/jquery\/","og_site_name":"Elfsight PL","article_modified_time":"2024-11-14T08:57:05+00:00","twitter_card":"summary_large_image","twitter_misc":{"Szacowany czas czytania":"3 minuty"},"schema":{"@context":"https:\/\/schema.org","@graph":[{"@type":"WebPage","@id":"https:\/\/elfsight.com\/pl\/restaurant-menu-widget\/jquery\/","url":"https:\/\/elfsight.com\/pl\/restaurant-menu-widget\/jquery\/","name":"Menu restauracji dla Twojej witryny jQuery - szybko i za darmo","isPartOf":{"@id":"https:\/\/elfsight.com\/pl\/#website"},"datePublished":"1970-01-01T00:00:00+00:00","dateModified":"2024-11-14T08:57:05+00:00","description":"Umie\u015b\u0107 przyjazn\u0105 dla urz\u0105dze\u0144 mobilnych wtyczk\u0119 Menu restauracji na swojej stronie jQuery. Wypr\u00f3buj por\u0119czn\u0105 wersj\u0119 demonstracyjn\u0105 Elfsight i zmodyfikuj swoj\u0105 wspania\u0142\u0105 wtyczk\u0119 za pomoc\u0105 kilku klikni\u0119\u0107","breadcrumb":{"@id":"https:\/\/elfsight.com\/pl\/restaurant-menu-widget\/jquery\/#breadcrumb"},"inLanguage":"pl-PL","potentialAction":[{"@type":"ReadAction","target":["https:\/\/elfsight.com\/pl\/restaurant-menu-widget\/jquery\/"]}]},{"@type":"BreadcrumbList","@id":"https:\/\/elfsight.com\/pl\/restaurant-menu-widget\/jquery\/#breadcrumb","itemListElement":[{"@type":"ListItem","position":1,"name":"Home","item":"https:\/\/elfsight.com\/pl\/"},{"@type":"ListItem","position":2,"name":"Restaurant Menu","item":"https:\/\/elfsight.com\/pl\/restaurant-menu-widget\/"},{"@type":"ListItem","position":3,"name":"Restaurant Menu &#8211; jQuery"}]},{"@type":"WebSite","@id":"https:\/\/elfsight.com\/pl\/#website","url":"https:\/\/elfsight.com\/pl\/","name":"Elfsight PL","description":"Just another Elfsight Sites site","potentialAction":[{"@type":"SearchAction","target":{"@type":"EntryPoint","urlTemplate":"https:\/\/elfsight.com\/pl\/?s={search_term_string}"},"query-input":{"@type":"PropertyValueSpecification","valueRequired":true,"valueName":"search_term_string"}}],"inLanguage":"pl-PL"}]}},"meta_box":{"industry":"","seo_heading":"","heading":"","description":"","cta_heading":"","cta_description":"","application":"3358","h1":"Wtyczka menu restauracji jQuery","h1_caption":"Zaprezentuj menu swojej restauracji w atrakcyjnym wizualnie formacie, kt\u00f3ry mo\u017cna \u0142atwo zaktualizowa\u0107 i przyjazny dla u\u017cytkownika w witrynie jQuery.","application_category":[],"applications_title":"","applications_request_title":"","applications_request_button_text":"","hero_text":"","hero_video":"","hero_video_schema_markup":"","selling_points_title":"","selling_points_caption":"","selling_points":[],"selling_points_cta_text":"","features_title":"","features":"","ed_cta_examples_text":"","ed_cta_examples_hidden":"","ed_cta_demo_text":"","ed_cta_demo_hidden":"","why_caption":"","why_editor_title":"","why_editor_text":"","why_team_title":"","why_team_text":"","why_service_title":"","why_service_text":"","template_catalog_visible":"","template_catalog_title":"","template_catalog_text":"","template_catalog_categories_visible":"","demo_title":"Utw\u00f3rz wtyczk\u0119 Menu restauracji","demo_caption":"Skonfiguruj Menu Restauracji i dodaj je za darmo do swojej witryny jQuery!","default_faq_hidden":"","app_template_category":[],"platform":"56","template_public_id":"","codecanyon_url":"","codecanyon_item_id":"","codecanyon_price":"","pricing_caption":"","pricing_elfsight_apps_hide_column":"","pricing_elfsight_apps_url":"","pricing_codecanyon_price_caption":"","integration_category":[],"integration_request_title":"","integration_request_cta":"","integration_platform":"","integrations":[],"platform_category":[],"video_schema_markup":"","price":"od 0 USD \/ miesi\u0105c","trial":"","benefits":[{"text":"Bezp\u0142atna pomoc w instalacji"},{"text":"Skuteczna obs\u0142uga klienta"},{"text":"14-dniowa gwarancja zwrotu pieni\u0119dzy"}],"button_url":"#demo","button_target_blank":"","button_nofollow":"","attributes":[{"name":"Instaluje"},{"name":"Czu\u0142y"},{"name":"Kompatybilne przegl\u0105darki"}],"tags":[],"tags_disable_links":"","hide_more_platforms":"","video_object":"","demo_hide_cta":"","demo_hide_cloud_options":"","pricing_title":"","pricing":[{"pricing_icon":"platform","pricing_title":"Elfsight Apps","pricing_title_caption":"Rozwi\u0105zanie niezale\u017cne od platformy, kt\u00f3re dzia\u0142a na ka\u017cdej witrynie","pricing_price":"od 0 USD \/ miesi\u0105c","pricing_price_caption":"zacznij od bezp\u0142atnego planu","pricing_benefits":[{"text":"Nielimitowane domeny"},{"text":"Ca\u0142odobowe i terminowe wsparcie oraz dobrze udokumentowane"},{"text":"Bezp\u0142atne wsparcie przy instalacji"},{"text":"Elastyczny projekt"}],"pricing_button_text":"Dodaj do witryny","pricing_button_url":"#demo"}],"related_apps_title":"","related_apps_hidden":"","author":"","image":[],"title":"","job":"","social_networks":[]},"_links":{"self":[{"href":"https:\/\/elfsight.com\/pl\/wp-json\/wp\/v2\/pages\/6295","targetHints":{"allow":["GET"]}}],"collection":[{"href":"https:\/\/elfsight.com\/pl\/wp-json\/wp\/v2\/pages"}],"about":[{"href":"https:\/\/elfsight.com\/pl\/wp-json\/wp\/v2\/types\/page"}],"author":[{"embeddable":true,"href":"https:\/\/elfsight.com\/pl\/wp-json\/wp\/v2\/users\/9"}],"replies":[{"embeddable":true,"href":"https:\/\/elfsight.com\/pl\/wp-json\/wp\/v2\/comments?post=6295"}],"version-history":[{"count":1,"href":"https:\/\/elfsight.com\/pl\/wp-json\/wp\/v2\/pages\/6295\/revisions"}],"predecessor-version":[{"id":6299,"href":"https:\/\/elfsight.com\/pl\/wp-json\/wp\/v2\/pages\/6295\/revisions\/6299"}],"up":[{"embeddable":true,"href":"https:\/\/elfsight.com\/pl\/wp-json\/wp\/v2\/pages\/3408"}],"wp:attachment":[{"href":"https:\/\/elfsight.com\/pl\/wp-json\/wp\/v2\/media?parent=6295"}],"curies":[{"name":"wp","href":"https:\/\/api.w.org\/{rel}","templated":true}]}}