{"id":6293,"date":"1970-01-01T00:00:00","date_gmt":"1970-01-01T00:00:00","guid":{"rendered":"https:\/\/elfsight.com\/pl\/?page_id=6293"},"modified":"2024-11-14T08:57:05","modified_gmt":"2024-11-14T08:57:05","slug":"iframe","status":"publish","type":"page","link":"https:\/\/elfsight.com\/pl\/restaurant-menu-widget\/iframe\/","title":{"rendered":"Restaurant Menu &#8211; iFrame"},"content":{"rendered":"<div class=\"application-platform-content-item-description application-platform-content-item\" id=\"description\" data-nav-section=\"description\"> <h2>Osad\u017a menu restauracji w ramce iFrame za pomoc\u0105 wid\u017cetu Elfsight<\/h2><p>Menu restauracji to \u0142atwy spos\u00f3b na zapoznanie si\u0119 z potencjalnymi klientami swoj\u0105 kuchni\u0119, wska\u017c wyj\u0105tkow\u0105 koncepcj\u0119 i przyci\u0105gnij ich uwag\u0119 magnetycznymi obrazami \u017cywno\u015bci. Wid\u017cet jest bardzo przyjazny dla u\u017cytkownika. Mo\u017cesz utworzy\u0107 nieograniczon\u0105 liczb\u0119 stron menu z ogromn\u0105 liczb\u0105 pozycji lub po prostu sporz\u0105dzi\u0107 zwi\u0119z\u0142\u0105 list\u0119 serwowanych specja\u0142\u00f3w. Ustaw jasny lub ciemny schemat lub dostosuj dowolne elementy, odmalowuj\u0105c wszystkie kolory akcentuj\u0105ce. Koniec z plikami PDF, kt\u00f3re trzeba tworzy\u0107 od samego pocz\u0105tku. Popraw informacje w swoim menu, kiedy tylko chcesz: ceny, produkty, dodawaj nowe dania, a nawet menu w ci\u0105gu kilku sekund! Stw\u00f3rz teraz swoje najlepsze menu! <\/p><p><b>Uruchom menu restauracji, aby \u0142atwiej osi\u0105gn\u0105\u0107 swoje cele biznesowe. Maj\u0105c menu na swojej stronie, Twoja restauracja mo\u017ce zaprosi\u0107 wi\u0119cej go\u015bci i osi\u0105gn\u0105\u0107 silny rozw\u00f3j biznesu! <\/b><\/p><\/div> <div class=\"application-platform-content-item-features application-platform-content-item\" id=\"features\" data-nav-section=\"features\"> <h2>To tylko kilka z najbardziej osza\u0142amiaj\u0105cych funkcji wid\u017cet\u00f3w: <\/h2> <ul><li>\u0141atwe w zarz\u0105dzaniu nawet dla u\u017cytkownicy nietechniczni <\/li><li>Nieograniczona liczba menu, sekcji lub element\u00f3w sklasyfikowanych za pomoc\u0105 uk\u0142ad\u00f3w zak\u0142adek, list lub mur\u00f3w <\/li><li>\u0141atwa aktualizacja menu i wszystkich jego element\u00f3w w dowolnym momencie: rabaty , promocje sezonowe itp. <\/li><li> Napisz szczeg\u00f3\u0142ow\u0105 charakterystyk\u0119 produkt\u00f3w, nawet ikony, informacje o warto\u015bciach od\u017cywczych i odznaki <\/li><li>Prze\u015blij pyszne zdj\u0119cia produkt\u00f3w, a nawet zaprezentuj je w trybie wyskakuj\u0105cym <\/li><li>Dostosuj i przemaluj dowolne elementy: tekst, schemat kolor\u00f3w i ikony <\/li><\/ul><p><a href=\"#demo\">Po prostu sprawd\u017a t\u0119 wersj\u0119 demonstracyjn\u0105, aby zobaczy\u0107, ile wart jest wid\u017cet<\/a><\/p> <\/div> <div class=\"application-platform-content-item-installation application-platform-content-item\" id=\"installation\" data-nav-section=\"installation\"> <h2>Jak mog\u0119 osadzi\u0107 menu restauracji w mojej witrynie iFrame? <\/h2> <p>Wystarczy wykona\u0107 kroki opisane poni\u017cej, aby wstawi\u0107 wid\u017cet: <\/p> <ol><li><b>Wykonaj nasz darmowy konfigurator i rozpocznij tworzenie spersonalizowanego wid\u017cetu. <\/b><br> Okre\u015bl preferowany interfejs i opcje narz\u0119dzia oraz zapisz poprawki. <\/li> <li><b>Skopiuj indywidualny kod wy\u015bwietlony w oknie aplikacji Elfsight. <\/b><br> Zaraz po zako\u0144czeniu konfiguracji narz\u0119dzia skopiuj ekskluzywny kod z wy\u015bwietlonego pola i zachowaj go na p\u00f3\u017aniej. <\/li> <li><b>Rozpocznij korzystanie z wid\u017cetu na swojej stronie internetowej iFrame. <\/b><br> Umie\u015b\u0107 ostatnio zapisany kod na swojej stronie g\u0142\u00f3wnej i zapisz zmiany. <\/li> <li><b>Gotowe! Integracja zosta\u0142a pomy\u015blnie przeprowadzona. <\/b><br> Odwied\u017a swoj\u0105 stron\u0119 i zobacz, jak dzia\u0142a wtyczka. <\/li><\/ol> <p>W przypadku pyta\u0144 lub trudno\u015bci prosimy o kontakt z naszym dzia\u0142em obs\u0142ugi klienta. Nasi konsultanci z przyjemno\u015bci\u0105 rozwi\u0105\u017c\u0105 wszystkie problemy, jakie mo\u017cesz mie\u0107 z widgetem. <\/p> <div class=\"faq\" data-component=\"FAQ\"><div class=\"faq-item\">\r\n\t\t\t\t\t<div class=\"faq-item-question\">\r\n\t\t\t\t\t\t<h3 class=\"faq-item-question-text\">Czy istnieje metoda osadzania menu restauracji na mojej stronie g\u0142\u00f3wnej iFrame bez znajomo\u015bci kodowania?<\/h3>\r\n\r\n\t\t\t\t\t\t<div class=\"faq-item-question-icon\"><\/div>\r\n\t\t\t\t\t<\/div>\r\n\r\n\t\t\t\t\t<div class=\"faq-item-answer\">\r\n\t\t\t\t\t\t<div class=\"faq-item-answer-text\"> <p>Firma Elfsight zapewnia rozwi\u0105zanie w chmurze, kt\u00f3re umo\u017cliwia samodzielne utworzenie wtyczki Menu restauracji, przekonaj si\u0119, jak prosty jest ten proces: Przejd\u017a do wersji demonstracyjnej online, aby utworzy\u0107 wid\u017cet Menu restauracji, kt\u00f3ry chcesz zintegrowa\u0107 ze swoj\u0105 stron\u0105 internetow\u0105 iFrame. Wybierz jeden z wielu gotowych szablon\u00f3w i zmie\u0144 ustawienia menu restauracji, zmie\u0144 uk\u0142ad i kolory oraz zaktualizuj tre\u015b\u0107 bez \u017cadnego kodowania. Kliknij, aby zapisa\u0107 ustawienia wprowadzone w Menu Restauracji i uzyska\u0107 kod do umieszczenia na stronie, kt\u00f3ry mo\u017cna \u0142atwo i bezp\u0142atnie wklei\u0107 na Twojej witrynie iFrame. Korzystaj\u0105c z naszego intuicyjnego edytora, ka\u017cdy u\u017cytkownik Internetu mo\u017ce wygenerowa\u0107 aplikacj\u0119 Menu Restauracji i po prostu osadzi\u0107 j\u0105 na swojej stronie internetowej iFrame. Aby uzyska\u0107 dost\u0119p do naszego Edytora, nie musisz p\u0142aci\u0107 ani ujawnia\u0107 danych swojej karty. Je\u015bli napotkasz jakiekolwiek problemy, skontaktuj si\u0119 z naszym personelem pomocy technicznej.<\/p> <\/div>\r\n\t\t\t\t\t<\/div>\r\n\t\t\t\t<\/div> <\/div><\/div>","protected":false},"excerpt":{"rendered":"","protected":false},"author":9,"featured_media":0,"parent":3408,"menu_order":0,"comment_status":"closed","ping_status":"closed","template":"templates\/template-application-platform.php","meta":{"publish_to_discourse":"","publish_post_category":"","wpdc_auto_publish_overridden":"","wpdc_topic_tags":"","wpdc_pin_topic":"","wpdc_pin_until":"","discourse_post_id":"","discourse_permalink":"","wpdc_publishing_response":"","wpdc_publishing_error":"","footnotes":""},"class_list":["post-6293","page","type-page","status-publish","hentry"],"yoast_head":"<!-- This site is optimized with the Yoast SEO plugin v25.3.1 - https:\/\/yoast.com\/wordpress\/plugins\/seo\/ -->\n<title>Menu restauracji dla witryn iFrame - stylowe i bezp\u0142atne<\/title>\n<meta name=\"description\" content=\"Wstaw przyjazne dla u\u017cytkownika menu restauracji na swojej stronie internetowej iFrame. Skorzystaj z por\u0119cznej wersji demonstracyjnej Elfsight i zmodyfikuj sw\u00f3j unikalny widget za pomoc\u0105 kilku klikni\u0119\u0107\" \/>\n<meta name=\"robots\" content=\"index, follow, max-snippet:-1, max-image-preview:large, max-video-preview:-1\" \/>\n<link rel=\"canonical\" href=\"https:\/\/elfsight.com\/pl\/restaurant-menu-widget\/iframe\/\" \/>\n<meta property=\"og:locale\" content=\"pl_PL\" \/>\n<meta property=\"og:type\" content=\"article\" \/>\n<meta property=\"og:title\" content=\"Menu restauracji dla witryn iFrame - stylowe i bezp\u0142atne\" \/>\n<meta property=\"og:description\" content=\"Wstaw przyjazne dla u\u017cytkownika menu restauracji na swojej stronie internetowej iFrame. Skorzystaj z por\u0119cznej wersji demonstracyjnej Elfsight i zmodyfikuj sw\u00f3j unikalny widget za pomoc\u0105 kilku klikni\u0119\u0107\" \/>\n<meta property=\"og:url\" content=\"https:\/\/elfsight.com\/pl\/restaurant-menu-widget\/iframe\/\" \/>\n<meta property=\"og:site_name\" content=\"Elfsight PL\" \/>\n<meta property=\"article:modified_time\" content=\"2024-11-14T08:57:05+00:00\" \/>\n<meta name=\"twitter:card\" content=\"summary_large_image\" \/>\n<meta name=\"twitter:label1\" content=\"Szacowany czas czytania\" \/>\n\t<meta name=\"twitter:data1\" content=\"3 minuty\" \/>\n<!-- \/ Yoast SEO plugin. -->","yoast_head_json":{"title":"Menu restauracji dla witryn iFrame - stylowe i bezp\u0142atne","description":"Wstaw przyjazne dla u\u017cytkownika menu restauracji na swojej stronie internetowej iFrame. Skorzystaj z por\u0119cznej wersji demonstracyjnej Elfsight i zmodyfikuj sw\u00f3j unikalny widget za pomoc\u0105 kilku klikni\u0119\u0107","robots":{"index":"index","follow":"follow","max-snippet":"max-snippet:-1","max-image-preview":"max-image-preview:large","max-video-preview":"max-video-preview:-1"},"canonical":"https:\/\/elfsight.com\/pl\/restaurant-menu-widget\/iframe\/","og_locale":"pl_PL","og_type":"article","og_title":"Menu restauracji dla witryn iFrame - stylowe i bezp\u0142atne","og_description":"Wstaw przyjazne dla u\u017cytkownika menu restauracji na swojej stronie internetowej iFrame. Skorzystaj z por\u0119cznej wersji demonstracyjnej Elfsight i zmodyfikuj sw\u00f3j unikalny widget za pomoc\u0105 kilku klikni\u0119\u0107","og_url":"https:\/\/elfsight.com\/pl\/restaurant-menu-widget\/iframe\/","og_site_name":"Elfsight PL","article_modified_time":"2024-11-14T08:57:05+00:00","twitter_card":"summary_large_image","twitter_misc":{"Szacowany czas czytania":"3 minuty"},"schema":{"@context":"https:\/\/schema.org","@graph":[{"@type":"WebPage","@id":"https:\/\/elfsight.com\/pl\/restaurant-menu-widget\/iframe\/","url":"https:\/\/elfsight.com\/pl\/restaurant-menu-widget\/iframe\/","name":"Menu restauracji dla witryn iFrame - stylowe i bezp\u0142atne","isPartOf":{"@id":"https:\/\/elfsight.com\/pl\/#website"},"datePublished":"1970-01-01T00:00:00+00:00","dateModified":"2024-11-14T08:57:05+00:00","description":"Wstaw przyjazne dla u\u017cytkownika menu restauracji na swojej stronie internetowej iFrame. Skorzystaj z por\u0119cznej wersji demonstracyjnej Elfsight i zmodyfikuj sw\u00f3j unikalny widget za pomoc\u0105 kilku klikni\u0119\u0107","breadcrumb":{"@id":"https:\/\/elfsight.com\/pl\/restaurant-menu-widget\/iframe\/#breadcrumb"},"inLanguage":"pl-PL","potentialAction":[{"@type":"ReadAction","target":["https:\/\/elfsight.com\/pl\/restaurant-menu-widget\/iframe\/"]}]},{"@type":"BreadcrumbList","@id":"https:\/\/elfsight.com\/pl\/restaurant-menu-widget\/iframe\/#breadcrumb","itemListElement":[{"@type":"ListItem","position":1,"name":"Home","item":"https:\/\/elfsight.com\/pl\/"},{"@type":"ListItem","position":2,"name":"Restaurant Menu","item":"https:\/\/elfsight.com\/pl\/restaurant-menu-widget\/"},{"@type":"ListItem","position":3,"name":"Restaurant Menu &#8211; iFrame"}]},{"@type":"WebSite","@id":"https:\/\/elfsight.com\/pl\/#website","url":"https:\/\/elfsight.com\/pl\/","name":"Elfsight PL","description":"Just another Elfsight Sites site","potentialAction":[{"@type":"SearchAction","target":{"@type":"EntryPoint","urlTemplate":"https:\/\/elfsight.com\/pl\/?s={search_term_string}"},"query-input":{"@type":"PropertyValueSpecification","valueRequired":true,"valueName":"search_term_string"}}],"inLanguage":"pl-PL"}]}},"meta_box":{"industry":"","seo_heading":"","heading":"","description":"","cta_heading":"","cta_description":"","application":"3358","h1":"Wid\u017cet menu restauracji iFrame","h1_caption":"Zaprezentuj menu swojej restauracji w atrakcyjnym wizualnie formacie, kt\u00f3ry mo\u017cna \u0142atwo zaktualizowa\u0107 i kt\u00f3ry jest przyjazny dla u\u017cytkownika, w witrynie iFrame.","application_category":[],"applications_title":"","applications_request_title":"","applications_request_button_text":"","hero_text":"","hero_video":"","hero_video_schema_markup":"","selling_points_title":"","selling_points_caption":"","selling_points":[],"selling_points_cta_text":"","features_title":"","features":"","ed_cta_examples_text":"","ed_cta_examples_hidden":"","ed_cta_demo_text":"","ed_cta_demo_hidden":"","why_caption":"","why_editor_title":"","why_editor_text":"","why_team_title":"","why_team_text":"","why_service_title":"","why_service_text":"","template_catalog_visible":"","template_catalog_title":"","template_catalog_text":"","template_catalog_categories_visible":"","demo_title":"Utw\u00f3rz wid\u017cet Menu restauracji","demo_caption":"Skonfiguruj swoje Menu Restauracji i dodaj je za darmo do swojej witryny iFrame!","default_faq_hidden":"","app_template_category":[],"platform":"187","template_public_id":"","codecanyon_url":"","codecanyon_item_id":"","codecanyon_price":"","pricing_caption":"","pricing_elfsight_apps_hide_column":"","pricing_elfsight_apps_url":"","pricing_codecanyon_price_caption":"","integration_category":[],"integration_request_title":"","integration_request_cta":"","integration_platform":"","integrations":[],"platform_category":[],"video_schema_markup":"","price":"od 0 USD \/ miesi\u0105c","trial":"","benefits":[{"text":"Bezp\u0142atna pomoc w instalacji"},{"text":"Wyj\u0105tkowe wsparcie"},{"text":"14-dniowa gwarancja zwrotu pieni\u0119dzy"}],"button_url":"#demo","button_target_blank":"","button_nofollow":"","attributes":[{"name":"Instaluje"},{"name":"Czu\u0142y"},{"name":"Kompatybilne przegl\u0105darki"}],"tags":[],"tags_disable_links":"","hide_more_platforms":"","video_object":"","demo_hide_cta":"","demo_hide_cloud_options":"","pricing_title":"","pricing":[{"pricing_icon":"platform","pricing_title":"Elfsight Apps","pricing_title_caption":"Oprogramowanie niezale\u017cne od platformy, kt\u00f3re dzia\u0142a na ka\u017cdej stronie internetowej","pricing_price":"od 0 USD \/ miesi\u0105c","pricing_price_caption":"zacznij od bezp\u0142atnego planu","pricing_benefits":[{"text":"Nieograniczona liczba stron internetowych"},{"text":"Profesjonalne i terminowe wsparcie"},{"text":"Bezp\u0142atna us\u0142uga monta\u017cu"},{"text":"Specjalna cena za wiele aplikacji"}],"pricing_button_text":"Dodaj do witryny","pricing_button_url":"#demo"}],"related_apps_title":"","related_apps_hidden":"","author":"","image":[],"title":"","job":"","social_networks":[]},"_links":{"self":[{"href":"https:\/\/elfsight.com\/pl\/wp-json\/wp\/v2\/pages\/6293","targetHints":{"allow":["GET"]}}],"collection":[{"href":"https:\/\/elfsight.com\/pl\/wp-json\/wp\/v2\/pages"}],"about":[{"href":"https:\/\/elfsight.com\/pl\/wp-json\/wp\/v2\/types\/page"}],"author":[{"embeddable":true,"href":"https:\/\/elfsight.com\/pl\/wp-json\/wp\/v2\/users\/9"}],"replies":[{"embeddable":true,"href":"https:\/\/elfsight.com\/pl\/wp-json\/wp\/v2\/comments?post=6293"}],"version-history":[{"count":1,"href":"https:\/\/elfsight.com\/pl\/wp-json\/wp\/v2\/pages\/6293\/revisions"}],"predecessor-version":[{"id":6297,"href":"https:\/\/elfsight.com\/pl\/wp-json\/wp\/v2\/pages\/6293\/revisions\/6297"}],"up":[{"embeddable":true,"href":"https:\/\/elfsight.com\/pl\/wp-json\/wp\/v2\/pages\/3408"}],"wp:attachment":[{"href":"https:\/\/elfsight.com\/pl\/wp-json\/wp\/v2\/media?parent=6293"}],"curies":[{"name":"wp","href":"https:\/\/api.w.org\/{rel}","templated":true}]}}