{"id":6288,"date":"1970-01-01T00:00:00","date_gmt":"1970-01-01T00:00:00","guid":{"rendered":"https:\/\/elfsight.com\/pl\/?page_id=6288"},"modified":"2024-11-14T08:56:55","modified_gmt":"2024-11-14T08:56:55","slug":"magento","status":"publish","type":"page","link":"https:\/\/elfsight.com\/pl\/restaurant-menu-widget\/magento\/","title":{"rendered":"Restaurant Menu &#8211; Magento"},"content":{"rendered":"<div class=\"application-platform-content-item-description application-platform-content-item\" id=\"description\" data-nav-section=\"description\"> <h2>Opis<\/h2><p>Menu restauracji to wygodny spos\u00f3b na zaprezentowanie Twojej kuchni, przekazanie oryginalnego pomys\u0142u i przyci\u0105gni\u0119cie uwagi u\u017cytkownik\u00f3w z atrakcyjnymi obrazami potraw. Instrument jest bardzo przydatny. Za jego pomoc\u0105 mo\u017cesz stworzy\u0107 ogromn\u0105 liczb\u0119 menu z wieloma sekcjami lub po prostu przedstawi\u0107 kr\u00f3tk\u0105 list\u0119 serwowanych posi\u0142k\u00f3w. Wybierz jasny, ciemny schemat lub dostosuj dowolne elementy, zmieniaj\u0105c ich kolor. Poza tym Twoje menu mo\u017ce by\u0107 zawsze aktualne: popraw cen\u0119, zaktualizuj list\u0119 pozycji, dodaj nowe posi\u0142ki, a nawet menu jednym klikni\u0119ciem! Po prostu zacznij tworzy\u0107 swoje apetyczne menu ju\u017c teraz. <\/p> <p><b>Dodaj menu restauracji, aby osi\u0105gn\u0105\u0107 szczyt zysk\u00f3w przy mniejszym wysi\u0142ku! Za pomoc\u0105 menu na swojej stronie mo\u017cesz przyci\u0105gn\u0105\u0107 wi\u0119cej klient\u00f3w i przyspieszy\u0107 rozw\u00f3j biznesu! <\/b><\/p> <\/div> <div class=\"application-platform-content-item-features application-platform-content-item\" id=\"features\" data-nav-section=\"features\"> <h2>Oto podstawowe cechy rozszerzenia: <\/h2> <ul><li>Przyjazny dla u\u017cytkownika nawet dla nieprofesjonalnych u\u017cytkownik\u00f3w <\/li><li>Nieograniczona liczba menu, sekcji lub pozycji uporz\u0105dkowanych wed\u0142ug stylistycznych uk\u0142ad\u00f3w <\/li><li>\u0141atwa aktualizacja menu i wszystkich jego element\u00f3w, kiedy tylko tego potrzebujesz: ceny, promocje sezonowe itp. <\/li> <li> Przedstaw szczeg\u00f3\u0142owe, dodatkowe informacje o produktach, na przyk\u0142ad ikony, elementy od\u017cywcze i odznaki. <\/li><li>Prze\u015blij wspania\u0142e obrazy produkt\u00f3w, a nawet wy\u015bwietl je w trybie wyskakuj\u0105cym. <\/li><li>Dostosuj i zmie\u0144 kolor. wszystkich element\u00f3w: tekstu, schematu kolor\u00f3w i ikon <\/li><\/ul><p><a href=\"#demo\">Wypr\u00f3buj wszystkie opcje dostosowywania w 100% funkcjonalnej wersji demonstracyjnej<\/a><\/p> [\/ application_platform_content_item] <div class=\"application-platform-content-item-installation application-platform-content-item\" id=\"installation\" data-nav-section=\"installation\"><\/div> <h2>Jak doda\u0107 menu restauracji na mojej stronie Magento? <\/h2> <p>Wystarczy post\u0119powa\u0107 zgodnie z poni\u017cszymi instrukcjami, aby zintegrowa\u0107 narz\u0119dzie: <\/p> <ol><li><b>Skorzystaj z naszej bezp\u0142atnej wersji demonstracyjnej i zacznij tworzy\u0107 swoje unikalne rozszerzenie. <\/b><br> Okre\u015bl odpowiedni projekt i opcje rozszerzenia i zapisz wszystkie modyfikacje. <\/li> <li><b>Skopiuj sw\u00f3j indywidualny kod pojawiaj\u0105cy si\u0119 w polu aplikacji Elfsight. <\/b><br> Zaraz po zako\u0144czeniu konfiguracji Twojego osobistego rozszerzenia skopiuj indywidualny kod z wy\u015bwietlonego okna i zapisz go do dalszego wykorzystania. <\/li> <li><b>Rozpocznij stosowanie rozszerzenia na swojej stronie Magento. <\/b><br> Zintegruj zapisany wcze\u015bniej kod ze swoj\u0105 witryn\u0105 i zapisz poprawki. <\/li> <li><b>Gotowe! Integracja zosta\u0142a w pe\u0142ni wykonana. <\/b><br> Przejd\u017a na swoj\u0105 stron\u0119 internetow\u0105, aby zobaczy\u0107 w akcji dzia\u0142anie rozszerzenia. <\/li><\/ol><p>W przypadku napotkania jakichkolwiek trudno\u015bci nie wahaj si\u0119 skontaktowa\u0107 z naszym zespo\u0142em obs\u0142ugi klienta. Nasi specjali\u015bci z przyjemno\u015bci\u0105 rozwi\u0105\u017c\u0105 wszystkie problemy, jakie mo\u017cesz mie\u0107 z rozszerzeniem. <\/p> <div class=\"faq\" data-component=\"FAQ\"><div class=\"faq-item\">\r\n\t\t\t\t\t<div class=\"faq-item-question\">\r\n\t\t\t\t\t\t<h3 class=\"faq-item-question-text\">Jak osadzi\u0107 Menu Restauracji na mojej stronie Magento bez umiej\u0119tno\u015bci kodowania?<\/h3>\r\n\r\n\t\t\t\t\t\t<div class=\"faq-item-question-icon\"><\/div>\r\n\t\t\t\t\t<\/div>\r\n\r\n\t\t\t\t\t<div class=\"faq-item-answer\">\r\n\t\t\t\t\t\t<div class=\"faq-item-answer-text\"> <p>Firma Elfsight oferuje rozwi\u0105zanie w chmurze, kt\u00f3re pozwala w\u0142a\u015bcicielom witryn samodzielnie stworzy\u0107 wid\u017cet Menu Restauracji, zobacz jak prosty proces jest nast\u0119puj\u0105cy: Rozpocznij prac\u0119 bezpo\u015brednio w wersji demonstracyjnej online, aby utworzy\u0107 sekcj\u0119 menu restauracji, kt\u00f3ra ma si\u0119 pojawi\u0107 na stronie Magento. Wybierz jeden z wielu gotowych szablon\u00f3w i dostosuj ustawienia Menu Restauracji, zaktualizuj tre\u015b\u0107, zmie\u0144 uk\u0142ad i kolory bez kodowania. Kliknij, aby zapisa\u0107 Menu Restauracji i otrzyma\u0107 kod do osadzenia, kt\u00f3ry mo\u017cesz bezp\u0142atnie wklei\u0107 w witrynie Magento. Za pomoc\u0105 prostego w obs\u0142udze edytora ka\u017cdy u\u017cytkownik sieci mo\u017ce stworzy\u0107 Menu Restauracji i \u0142atwo osadzi\u0107 je na dowolnej stronie internetowej Magento. Aby skorzysta\u0107 z naszego serwisu, nie jest konieczne dokonywanie p\u0142atno\u015bci ani wprowadzanie danych karty. Je\u015bli napotkasz jakiekolwiek przeszkody, nie wahaj si\u0119 skontaktowa\u0107 z nasz\u0105 techniczn\u0105 obs\u0142ug\u0105 klienta.<\/p> <\/div>\r\n\t\t\t\t\t<\/div>\r\n\t\t\t\t<\/div> <\/div><\/div><!-- \/wp:html - &gt; \/wp:html -->","protected":false},"excerpt":{"rendered":"","protected":false},"author":9,"featured_media":0,"parent":3408,"menu_order":0,"comment_status":"closed","ping_status":"closed","template":"templates\/template-application-platform.php","meta":{"publish_to_discourse":"","publish_post_category":"","wpdc_auto_publish_overridden":"","wpdc_topic_tags":"","wpdc_pin_topic":"","wpdc_pin_until":"","discourse_post_id":"","discourse_permalink":"","wpdc_publishing_response":"","wpdc_publishing_error":"","footnotes":""},"class_list":["post-6288","page","type-page","status-publish","hentry"],"yoast_head":"<!-- This site is optimized with the Yoast SEO plugin v25.3.1 - https:\/\/yoast.com\/wordpress\/plugins\/seo\/ -->\n<title>Menu Restauracji dla stron Magento - szybko i za darmo<\/title>\n<meta name=\"description\" content=\"Wstaw \u0142atwe w zarz\u0105dzaniu menu restauracji na swojej stronie Magento. Skorzystaj z por\u0119cznej wersji demonstracyjnej Elfsight i stw\u00f3rz swoje unikalne rozszerzenie za pomoc\u0105 kilku klikni\u0119\u0107\" \/>\n<meta name=\"robots\" content=\"index, follow, max-snippet:-1, max-image-preview:large, max-video-preview:-1\" \/>\n<link rel=\"canonical\" href=\"https:\/\/elfsight.com\/pl\/restaurant-menu-widget\/magento\/\" \/>\n<meta property=\"og:locale\" content=\"pl_PL\" \/>\n<meta property=\"og:type\" content=\"article\" \/>\n<meta property=\"og:title\" content=\"Menu Restauracji dla stron Magento - szybko i za darmo\" \/>\n<meta property=\"og:description\" content=\"Wstaw \u0142atwe w zarz\u0105dzaniu menu restauracji na swojej stronie Magento. Skorzystaj z por\u0119cznej wersji demonstracyjnej Elfsight i stw\u00f3rz swoje unikalne rozszerzenie za pomoc\u0105 kilku klikni\u0119\u0107\" \/>\n<meta property=\"og:url\" content=\"https:\/\/elfsight.com\/pl\/restaurant-menu-widget\/magento\/\" \/>\n<meta property=\"og:site_name\" content=\"Elfsight PL\" \/>\n<meta property=\"article:modified_time\" content=\"2024-11-14T08:56:55+00:00\" \/>\n<meta name=\"twitter:card\" content=\"summary_large_image\" \/>\n<meta name=\"twitter:label1\" content=\"Szacowany czas czytania\" \/>\n\t<meta name=\"twitter:data1\" content=\"3 minuty\" \/>\n<!-- \/ Yoast SEO plugin. -->","yoast_head_json":{"title":"Menu Restauracji dla stron Magento - szybko i za darmo","description":"Wstaw \u0142atwe w zarz\u0105dzaniu menu restauracji na swojej stronie Magento. Skorzystaj z por\u0119cznej wersji demonstracyjnej Elfsight i stw\u00f3rz swoje unikalne rozszerzenie za pomoc\u0105 kilku klikni\u0119\u0107","robots":{"index":"index","follow":"follow","max-snippet":"max-snippet:-1","max-image-preview":"max-image-preview:large","max-video-preview":"max-video-preview:-1"},"canonical":"https:\/\/elfsight.com\/pl\/restaurant-menu-widget\/magento\/","og_locale":"pl_PL","og_type":"article","og_title":"Menu Restauracji dla stron Magento - szybko i za darmo","og_description":"Wstaw \u0142atwe w zarz\u0105dzaniu menu restauracji na swojej stronie Magento. Skorzystaj z por\u0119cznej wersji demonstracyjnej Elfsight i stw\u00f3rz swoje unikalne rozszerzenie za pomoc\u0105 kilku klikni\u0119\u0107","og_url":"https:\/\/elfsight.com\/pl\/restaurant-menu-widget\/magento\/","og_site_name":"Elfsight PL","article_modified_time":"2024-11-14T08:56:55+00:00","twitter_card":"summary_large_image","twitter_misc":{"Szacowany czas czytania":"3 minuty"},"schema":{"@context":"https:\/\/schema.org","@graph":[{"@type":"WebPage","@id":"https:\/\/elfsight.com\/pl\/restaurant-menu-widget\/magento\/","url":"https:\/\/elfsight.com\/pl\/restaurant-menu-widget\/magento\/","name":"Menu Restauracji dla stron Magento - szybko i za darmo","isPartOf":{"@id":"https:\/\/elfsight.com\/pl\/#website"},"datePublished":"1970-01-01T00:00:00+00:00","dateModified":"2024-11-14T08:56:55+00:00","description":"Wstaw \u0142atwe w zarz\u0105dzaniu menu restauracji na swojej stronie Magento. Skorzystaj z por\u0119cznej wersji demonstracyjnej Elfsight i stw\u00f3rz swoje unikalne rozszerzenie za pomoc\u0105 kilku klikni\u0119\u0107","breadcrumb":{"@id":"https:\/\/elfsight.com\/pl\/restaurant-menu-widget\/magento\/#breadcrumb"},"inLanguage":"pl-PL","potentialAction":[{"@type":"ReadAction","target":["https:\/\/elfsight.com\/pl\/restaurant-menu-widget\/magento\/"]}]},{"@type":"BreadcrumbList","@id":"https:\/\/elfsight.com\/pl\/restaurant-menu-widget\/magento\/#breadcrumb","itemListElement":[{"@type":"ListItem","position":1,"name":"Home","item":"https:\/\/elfsight.com\/pl\/"},{"@type":"ListItem","position":2,"name":"Restaurant Menu","item":"https:\/\/elfsight.com\/pl\/restaurant-menu-widget\/"},{"@type":"ListItem","position":3,"name":"Restaurant Menu &#8211; Magento"}]},{"@type":"WebSite","@id":"https:\/\/elfsight.com\/pl\/#website","url":"https:\/\/elfsight.com\/pl\/","name":"Elfsight PL","description":"Just another Elfsight Sites site","potentialAction":[{"@type":"SearchAction","target":{"@type":"EntryPoint","urlTemplate":"https:\/\/elfsight.com\/pl\/?s={search_term_string}"},"query-input":{"@type":"PropertyValueSpecification","valueRequired":true,"valueName":"search_term_string"}}],"inLanguage":"pl-PL"}]}},"meta_box":{"industry":"","seo_heading":"","heading":"","description":"","cta_heading":"","cta_description":"","application":"3358","h1":"Rozszerzenie Menu Restauracji Magento","h1_caption":"Zaprezentuj menu swojej restauracji w atrakcyjnym wizualnie formacie, kt\u00f3ry mo\u017cna \u0142atwo zaktualizowa\u0107 i przyjazny dla u\u017cytkownika na swojej stronie internetowej Magento.","application_category":[],"applications_title":"","applications_request_title":"","applications_request_button_text":"","hero_text":"","hero_video":"","hero_video_schema_markup":"","selling_points_title":"","selling_points_caption":"","selling_points":[],"selling_points_cta_text":"","features_title":"","features":"","ed_cta_examples_text":"","ed_cta_examples_hidden":"","ed_cta_demo_text":"","ed_cta_demo_hidden":"","why_caption":"","why_editor_title":"","why_editor_text":"","why_team_title":"","why_team_text":"","why_service_title":"","why_service_text":"","template_catalog_visible":"","template_catalog_title":"","template_catalog_text":"","template_catalog_categories_visible":"","demo_title":"Utw\u00f3rz rozszerzenie menu restauracji","demo_caption":"Skonfiguruj Menu Restauracji i dodaj je za darmo do swojej witryny Magento!","default_faq_hidden":"","app_template_category":[],"platform":"92","template_public_id":"","codecanyon_url":"","codecanyon_item_id":"","codecanyon_price":"","pricing_caption":"","pricing_elfsight_apps_hide_column":"","pricing_elfsight_apps_url":"","pricing_codecanyon_price_caption":"","integration_category":[],"integration_request_title":"","integration_request_cta":"","integration_platform":"","integrations":[],"platform_category":[],"video_schema_markup":"","price":"od 0 USD \/ miesi\u0105c","trial":"","benefits":[{"text":"Bezp\u0142atna us\u0142uga monta\u017cu"},{"text":"Profesjonalna obs\u0142uga klienta"},{"text":"14-dniowa gwarancja zwrotu pieni\u0119dzy"}],"button_url":"#demo","button_target_blank":"","button_nofollow":"","attributes":[{"name":"Instaluje"},{"name":"Czu\u0142y"},{"name":"Kompatybilne przegl\u0105darki"}],"tags":[],"tags_disable_links":"","hide_more_platforms":"","video_object":"","demo_hide_cta":"","demo_hide_cloud_options":"","pricing_title":"","pricing":[{"pricing_icon":"platform","pricing_title":"Elfsight Apps","pricing_title_caption":"Wieloplatformowe rozwi\u0105zanie cyfrowe","pricing_price":"od 0 USD \/ miesi\u0105c","pricing_price_caption":"zacznij od bezp\u0142atnego planu","pricing_benefits":[{"text":"Nielimitowane strony internetowe"},{"text":"Wsparcie firmy premium i dobrze udokumentowane"},{"text":"Bezp\u0142atne wsparcie instalacyjne"},{"text":"100% konfigurowalny"}],"pricing_button_text":"Dodaj do witryny","pricing_button_url":"#demo"}],"related_apps_title":"","related_apps_hidden":"","author":"","image":[],"title":"","job":"","social_networks":[]},"_links":{"self":[{"href":"https:\/\/elfsight.com\/pl\/wp-json\/wp\/v2\/pages\/6288","targetHints":{"allow":["GET"]}}],"collection":[{"href":"https:\/\/elfsight.com\/pl\/wp-json\/wp\/v2\/pages"}],"about":[{"href":"https:\/\/elfsight.com\/pl\/wp-json\/wp\/v2\/types\/page"}],"author":[{"embeddable":true,"href":"https:\/\/elfsight.com\/pl\/wp-json\/wp\/v2\/users\/9"}],"replies":[{"embeddable":true,"href":"https:\/\/elfsight.com\/pl\/wp-json\/wp\/v2\/comments?post=6288"}],"version-history":[{"count":1,"href":"https:\/\/elfsight.com\/pl\/wp-json\/wp\/v2\/pages\/6288\/revisions"}],"predecessor-version":[{"id":6292,"href":"https:\/\/elfsight.com\/pl\/wp-json\/wp\/v2\/pages\/6288\/revisions\/6292"}],"up":[{"embeddable":true,"href":"https:\/\/elfsight.com\/pl\/wp-json\/wp\/v2\/pages\/3408"}],"wp:attachment":[{"href":"https:\/\/elfsight.com\/pl\/wp-json\/wp\/v2\/media?parent=6288"}],"curies":[{"name":"wp","href":"https:\/\/api.w.org\/{rel}","templated":true}]}}