{"id":6287,"date":"2024-05-03T06:46:10","date_gmt":"2024-05-03T06:46:10","guid":{"rendered":"https:\/\/elfsight.com\/pl\/?page_id=6287"},"modified":"2024-11-14T08:56:55","modified_gmt":"2024-11-14T08:56:55","slug":"html","status":"publish","type":"page","link":"https:\/\/elfsight.com\/pl\/restaurant-menu-widget\/html\/","title":{"rendered":"Restaurant Menu &#8211; HTML"},"content":{"rendered":"<div class=\"application-platform-content-item-description application-platform-content-item\" id=\"description\" data-nav-section=\"description\"> <h2>Opis<\/h2><p>Menu restauracji to najszybszy spos\u00f3b, aby poinformowa\u0107 potencjalnych klient\u00f3w o Twojej r\u00f3\u017cnorodno\u015bci, zaprezentowa\u0107 wyj\u0105tkow\u0105 koncepcj\u0119 i zapro\u015b ich do swojej restauracji. Widget jest przyjazny dla u\u017cytkownika. Mo\u017cesz \u0142atwo zaprezentowa\u0107 dowoln\u0105 liczb\u0119 stron menu z du\u017c\u0105 ilo\u015bci\u0105 pozycji lub po prostu stworzy\u0107 zwi\u0119z\u0142\u0105 list\u0119 serwowanych da\u0144. Ustaw jasny, ciemny schemat lub dostosuj wszystko, co chcesz, odmalowuj\u0105c wszystkie kolory akcentuj\u0105ce. Co wi\u0119cej, Twoje menu mo\u017ce by\u0107 zawsze aktualne: mo\u017cesz zmieni\u0107 ceny, list\u0119 pozycji, doda\u0107 nowe i sezonowe posi\u0142ki, a nawet menu w ci\u0105gu zaledwie kilku sekund! Koniec ze statycznymi menu, kt\u00f3re trzeba tworzy\u0107 na samym pocz\u0105tku. Po prostu zacznij ju\u017c teraz tworzy\u0107 swoje wspania\u0142e menu. <\/p> <p><b> Wykorzystaj w pe\u0142ni menu restauracji, aby mie\u0107 wi\u0119cej go\u015bci i sta\u0107 si\u0119 najpopularniejszym miejscem w swoim mie\u015bcie!<\/b><\/p> <\/div> <div class=\"application-platform-content-item-features application-platform-content-item\" id=\"features\" data-nav-section=\"features\"> <h2>Wid\u017cet oferuje cenne i nieskomplikowane funkcje, zobacz niekt\u00f3re z nich: <\/h2> <ul><li> \u0141atwe narz\u0119dzie nawet dla u\u017cytkownik\u00f3w nietechnicznych <\/li><li>Niesko\u0144czona ilo\u015b\u0107 menu, sekcji i element\u00f3w , podzielone za pomoc\u0105 wspania\u0142ych uk\u0142ad\u00f3w <\/li><li>\u0141atwa zmiana menu i wszystkich jego ustawie\u0144, gdziekolwiek chcesz: dodawaj rabaty, sezonowe potrawy i napoje itp. <\/li><li> Wy\u015bwietl szczeg\u00f3\u0142owy opis pozycji , w tym ikony, elementy od\u017cywcze i odznaki<\/li><li>Dodawaj wspania\u0142e zdj\u0119cia przedmiot\u00f3w, a nawet prezentuj je w wyskakuj\u0105cym okienku. <\/li><li>Zmodyfikuj i przemaluj dowolne elementy: tekst, schemat kolor\u00f3w i ikony <\/li><\/ul><p><a href=\"#demo\">Przetestuj wszystkie funkcje personalizacji we w pe\u0142ni funkcjonalnej wersji demonstracyjnej<\/a><\/p> <\/div> <div class=\"application-platform-content-item-installation application-platform-content-item\" id=\"installation\" data-nav-section=\"installation\"> <h2>Jak doda\u0107 menu restauracji do mojej strony internetowej HTML? <\/h2><div class=\"video-container\"><iframe width=\"720\" height=\"405\" src=\"https:\/\/www.youtube.com\/embed\/CEuvFEAf4Pc\" frameborder=\"0\" allowfullscreen=\"\"><\/iframe><\/div><p>Wystarczy spe\u0142ni\u0107 poni\u017csze wskaz\u00f3wki, aby rozpocz\u0105\u0107 prac\u0119 z narz\u0119dziem: <\/p> <ol><li><b>Skorzystaj z naszej bezp\u0142atnej wersji demonstracyjnej i zacznij budowa\u0107 sw\u00f3j w\u0142asny instrument. <\/b><br> Znajd\u017a odpowiedni\u0105 form\u0119 i funkcjonalno\u015b\u0107 wid\u017cetu i zapisz zmiany. <\/li> <li><b>Zdob\u0105d\u017a unikalny kod, kt\u00f3ry pojawia si\u0119 w specjalnym formularzu w aplikacjach Elfsight. <\/b><br> Po zako\u0144czeniu dostosowywania wid\u017cetu skopiuj indywidualny kod w wy\u015bwietlonym oknie i zapisz go na dalsze potrzeby. <\/li> <li><b>Zacznij korzysta\u0107 z narz\u0119dzia w swojej witrynie HTML. <\/b><br> Umie\u015b\u0107 skopiowany ostatnio kod na swojej stronie internetowej i zastosuj poprawki. <\/li> <li><b>Gotowe! Osadzanie zosta\u0142o ca\u0142kowicie zako\u0144czone. <\/b><br> Odwied\u017a swoj\u0105 witryn\u0119, aby sprawdzi\u0107, jak dzia\u0142a widget. <\/li><\/ol> <p>Je\u015bli masz pytania lub napotkasz trudno\u015bci, nie wahaj si\u0119 zwr\u00f3ci\u0107 do naszego personelu pomocniczego. Nasi specjali\u015bci pragn\u0105 rozwi\u0105za\u0107 wszystkie problemy, jakie mo\u017cesz mie\u0107 z widgetem. <\/p> <div class=\"faq\" data-component=\"FAQ\"><div class=\"faq-item\">\r\n\t\t\t\t\t<div class=\"faq-item-question\">\r\n\t\t\t\t\t\t<h3 class=\"faq-item-question-text\">Czy istnieje mo\u017cliwo\u015b\u0107 dodania menu restauracji do mojej strony internetowej w formacie HTML bez znajomo\u015bci kodowania?<\/h3>\r\n\r\n\t\t\t\t\t\t<div class=\"faq-item-question-icon\"><\/div>\r\n\t\t\t\t\t<\/div>\r\n\r\n\t\t\t\t\t<div class=\"faq-item-answer\">\r\n\t\t\t\t\t\t<div class=\"faq-item-answer-text\"> <p>Elfsight dostarcza rozwi\u0105zanie SaaS, kt\u00f3re umo\u017cliwia samodzielne utworzenie sekcji menu restauracji , odkryj nieskomplikowany przewodnik: Przejd\u017a do edytora online, aby utworzy\u0107 aplikacj\u0119 Menu restauracji, kt\u00f3r\u0105 chcesz umie\u015bci\u0107 na swojej stronie internetowej HTML. Wybierz jeden z wielu wst\u0119pnie zaprojektowanych szablon\u00f3w i zmodyfikuj ustawienia Menu Restauracji, dodaj tre\u015b\u0107, zmie\u0144 uk\u0142ad i kolory bez \u017cadnego do\u015bwiadczenia w kodowaniu. Kliknij, aby zapisa\u0107 ustawienia wprowadzone w menu restauracji i skopiuj kod do umieszczenia na stronie, kt\u00f3ry mo\u017cesz \u0142atwo i bezp\u0142atnie umie\u015bci\u0107 na stronie g\u0142\u00f3wnej HTML. Dzi\u0119ki naszemu prostemu edytorowi ka\u017cdy u\u017cytkownik Internetu mo\u017ce stworzy\u0107 menu restauracji i \u0142atwo doda\u0107 je do dowolnej strony internetowej HTML. Aby uzyska\u0107 dost\u0119p do us\u0142ugi, nie trzeba wykupi\u0107 p\u0142atnej subskrypcji ani podawa\u0107 danych karty. Je\u015bli napotkasz jakiekolwiek przeszkody, nie wahaj si\u0119 porozmawia\u0107 z naszym zespo\u0142em pomocy technicznej.<\/p> <\/div>\r\n\t\t\t\t\t<\/div>\r\n\t\t\t\t<\/div> <\/div><\/div>","protected":false},"excerpt":{"rendered":"","protected":false},"author":9,"featured_media":0,"parent":3408,"menu_order":0,"comment_status":"closed","ping_status":"closed","template":"templates\/template-application-platform.php","meta":{"publish_to_discourse":"","publish_post_category":"","wpdc_auto_publish_overridden":"","wpdc_topic_tags":"","wpdc_pin_topic":"","wpdc_pin_until":"","discourse_post_id":"","discourse_permalink":"","wpdc_publishing_response":"","wpdc_publishing_error":"","footnotes":""},"class_list":["post-6287","page","type-page","status-publish","hentry"],"yoast_head":"<!-- This site is optimized with the Yoast SEO plugin v25.3.1 - https:\/\/yoast.com\/wordpress\/plugins\/seo\/ -->\n<title>Menu restauracji dla stron HTML - darmowe i osza\u0142amiaj\u0105ce<\/title>\n<meta name=\"description\" content=\"Wstaw przyjazne dla u\u017cytkownika menu restauracji w kodzie HTML. Skorzystaj z por\u0119cznej wersji demonstracyjnej Elfsight i zmodyfikuj sw\u00f3j wspania\u0142y widgit za pomoc\u0105 kilku klikni\u0119\u0107\" \/>\n<meta name=\"robots\" content=\"index, follow, max-snippet:-1, max-image-preview:large, max-video-preview:-1\" \/>\n<link rel=\"canonical\" href=\"https:\/\/elfsight.com\/pl\/restaurant-menu-widget\/html\/\" \/>\n<meta property=\"og:locale\" content=\"pl_PL\" \/>\n<meta property=\"og:type\" content=\"article\" \/>\n<meta property=\"og:title\" content=\"Menu restauracji dla stron HTML - darmowe i osza\u0142amiaj\u0105ce\" \/>\n<meta property=\"og:description\" content=\"Wstaw przyjazne dla u\u017cytkownika menu restauracji w kodzie HTML. Skorzystaj z por\u0119cznej wersji demonstracyjnej Elfsight i zmodyfikuj sw\u00f3j wspania\u0142y widgit za pomoc\u0105 kilku klikni\u0119\u0107\" \/>\n<meta property=\"og:url\" content=\"https:\/\/elfsight.com\/pl\/restaurant-menu-widget\/html\/\" \/>\n<meta property=\"og:site_name\" content=\"Elfsight PL\" \/>\n<meta property=\"article:modified_time\" content=\"2024-11-14T08:56:55+00:00\" \/>\n<meta name=\"twitter:card\" content=\"summary_large_image\" \/>\n<meta name=\"twitter:label1\" content=\"Szacowany czas czytania\" \/>\n\t<meta name=\"twitter:data1\" content=\"3 minuty\" \/>\n<!-- \/ Yoast SEO plugin. -->","yoast_head_json":{"title":"Menu restauracji dla stron HTML - darmowe i osza\u0142amiaj\u0105ce","description":"Wstaw przyjazne dla u\u017cytkownika menu restauracji w kodzie HTML. Skorzystaj z por\u0119cznej wersji demonstracyjnej Elfsight i zmodyfikuj sw\u00f3j wspania\u0142y widgit za pomoc\u0105 kilku klikni\u0119\u0107","robots":{"index":"index","follow":"follow","max-snippet":"max-snippet:-1","max-image-preview":"max-image-preview:large","max-video-preview":"max-video-preview:-1"},"canonical":"https:\/\/elfsight.com\/pl\/restaurant-menu-widget\/html\/","og_locale":"pl_PL","og_type":"article","og_title":"Menu restauracji dla stron HTML - darmowe i osza\u0142amiaj\u0105ce","og_description":"Wstaw przyjazne dla u\u017cytkownika menu restauracji w kodzie HTML. Skorzystaj z por\u0119cznej wersji demonstracyjnej Elfsight i zmodyfikuj sw\u00f3j wspania\u0142y widgit za pomoc\u0105 kilku klikni\u0119\u0107","og_url":"https:\/\/elfsight.com\/pl\/restaurant-menu-widget\/html\/","og_site_name":"Elfsight PL","article_modified_time":"2024-11-14T08:56:55+00:00","twitter_card":"summary_large_image","twitter_misc":{"Szacowany czas czytania":"3 minuty"},"schema":{"@context":"https:\/\/schema.org","@graph":[{"@type":"WebPage","@id":"https:\/\/elfsight.com\/pl\/restaurant-menu-widget\/html\/","url":"https:\/\/elfsight.com\/pl\/restaurant-menu-widget\/html\/","name":"Menu restauracji dla stron HTML - darmowe i osza\u0142amiaj\u0105ce","isPartOf":{"@id":"https:\/\/elfsight.com\/pl\/#website"},"datePublished":"2024-05-03T06:46:10+00:00","dateModified":"2024-11-14T08:56:55+00:00","description":"Wstaw przyjazne dla u\u017cytkownika menu restauracji w kodzie HTML. Skorzystaj z por\u0119cznej wersji demonstracyjnej Elfsight i zmodyfikuj sw\u00f3j wspania\u0142y widgit za pomoc\u0105 kilku klikni\u0119\u0107","breadcrumb":{"@id":"https:\/\/elfsight.com\/pl\/restaurant-menu-widget\/html\/#breadcrumb"},"inLanguage":"pl-PL","potentialAction":[{"@type":"ReadAction","target":["https:\/\/elfsight.com\/pl\/restaurant-menu-widget\/html\/"]}]},{"@type":"BreadcrumbList","@id":"https:\/\/elfsight.com\/pl\/restaurant-menu-widget\/html\/#breadcrumb","itemListElement":[{"@type":"ListItem","position":1,"name":"Home","item":"https:\/\/elfsight.com\/pl\/"},{"@type":"ListItem","position":2,"name":"Restaurant Menu","item":"https:\/\/elfsight.com\/pl\/restaurant-menu-widget\/"},{"@type":"ListItem","position":3,"name":"Restaurant Menu &#8211; HTML"}]},{"@type":"WebSite","@id":"https:\/\/elfsight.com\/pl\/#website","url":"https:\/\/elfsight.com\/pl\/","name":"Elfsight PL","description":"Just another Elfsight Sites site","potentialAction":[{"@type":"SearchAction","target":{"@type":"EntryPoint","urlTemplate":"https:\/\/elfsight.com\/pl\/?s={search_term_string}"},"query-input":{"@type":"PropertyValueSpecification","valueRequired":true,"valueName":"search_term_string"}}],"inLanguage":"pl-PL"}]}},"meta_box":{"industry":"","seo_heading":"","heading":"","description":"","cta_heading":"","cta_description":"","application":"3358","h1":"Wid\u017cet menu restauracji HTML","h1_caption":"Zaprezentuj menu swojej restauracji w atrakcyjnym wizualnie formacie, kt\u00f3ry mo\u017cna \u0142atwo zaktualizowa\u0107 i kt\u00f3ry jest przyjazny dla u\u017cytkownika, w Twojej witrynie HTML.","application_category":[],"applications_title":"","applications_request_title":"","applications_request_button_text":"","hero_text":"","hero_video":"","hero_video_schema_markup":"","selling_points_title":"","selling_points_caption":"","selling_points":[],"selling_points_cta_text":"","features_title":"","features":"","ed_cta_examples_text":"","ed_cta_examples_hidden":"","ed_cta_demo_text":"","ed_cta_demo_hidden":"","why_caption":"","why_editor_title":"","why_editor_text":"","why_team_title":"","why_team_text":"","why_service_title":"","why_service_text":"","template_catalog_visible":"","template_catalog_title":"","template_catalog_text":"","template_catalog_categories_visible":"","demo_title":"Utw\u00f3rz wid\u017cet Menu restauracji","demo_caption":"Skonfiguruj Menu Restauracji i dodaj je do swojej witryny HTML za darmo!","default_faq_hidden":"","app_template_category":[],"platform":"50","template_public_id":"","codecanyon_url":"","codecanyon_item_id":"","codecanyon_price":"","pricing_caption":"","pricing_elfsight_apps_hide_column":"","pricing_elfsight_apps_url":"","pricing_codecanyon_price_caption":"","integration_category":[],"integration_request_title":"","integration_request_cta":"","integration_platform":"","integrations":[],"platform_category":[],"video_schema_markup":"","price":"od 0 USD \/ miesi\u0105c","trial":"","benefits":[{"text":"Bezp\u0142atna pomoc w monta\u017cu"},{"text":"Do\u015bwiadczona obs\u0142uga klienta"},{"text":"14-dniowa gwarancja zwrotu pieni\u0119dzy"}],"button_url":"#demo","button_target_blank":"","button_nofollow":"","attributes":[{"name":"Instaluje"},{"name":"Czu\u0142y"},{"name":"Kompatybilne przegl\u0105darki"}],"tags":[],"tags_disable_links":"","hide_more_platforms":"","video_object":"","demo_hide_cta":"","demo_hide_cloud_options":"","pricing_title":"","pricing":[{"pricing_icon":"platform","pricing_title":"Elfsight Apps","pricing_title_caption":"Oprogramowanie wieloplatformowe","pricing_price":"od 0 USD \/ miesi\u0105c","pricing_price_caption":"zacznij od bezp\u0142atnego planu","pricing_benefits":[{"text":"Nielimitowane strony internetowe"},{"text":"Dedykowane wsparcie"},{"text":"Bezp\u0142atna pomoc w monta\u017cu"},{"text":"Oferta specjalna na wiele aplikacji"}],"pricing_button_text":"Dodaj do witryny","pricing_button_url":"#demo"}],"related_apps_title":"","related_apps_hidden":"","author":"","image":[],"title":"","job":"","social_networks":[]},"_links":{"self":[{"href":"https:\/\/elfsight.com\/pl\/wp-json\/wp\/v2\/pages\/6287","targetHints":{"allow":["GET"]}}],"collection":[{"href":"https:\/\/elfsight.com\/pl\/wp-json\/wp\/v2\/pages"}],"about":[{"href":"https:\/\/elfsight.com\/pl\/wp-json\/wp\/v2\/types\/page"}],"author":[{"embeddable":true,"href":"https:\/\/elfsight.com\/pl\/wp-json\/wp\/v2\/users\/9"}],"replies":[{"embeddable":true,"href":"https:\/\/elfsight.com\/pl\/wp-json\/wp\/v2\/comments?post=6287"}],"version-history":[{"count":2,"href":"https:\/\/elfsight.com\/pl\/wp-json\/wp\/v2\/pages\/6287\/revisions"}],"predecessor-version":[{"id":7990,"href":"https:\/\/elfsight.com\/pl\/wp-json\/wp\/v2\/pages\/6287\/revisions\/7990"}],"up":[{"embeddable":true,"href":"https:\/\/elfsight.com\/pl\/wp-json\/wp\/v2\/pages\/3408"}],"wp:attachment":[{"href":"https:\/\/elfsight.com\/pl\/wp-json\/wp\/v2\/media?parent=6287"}],"curies":[{"name":"wp","href":"https:\/\/api.w.org\/{rel}","templated":true}]}}