{"id":6285,"date":"1970-01-01T00:00:00","date_gmt":"1970-01-01T00:00:00","guid":{"rendered":"https:\/\/elfsight.com\/pl\/?page_id=6285"},"modified":"2024-11-14T08:56:55","modified_gmt":"2024-11-14T08:56:55","slug":"opencart","status":"publish","type":"page","link":"https:\/\/elfsight.com\/pl\/restaurant-menu-widget\/opencart\/","title":{"rendered":"Restaurant Menu &#8211; OpenCart"},"content":{"rendered":"<div class=\"application-platform-content-item-description application-platform-content-item\" id=\"description\" data-nav-section=\"description\"> <h2>Opis<\/h2><p>Menu restauracji to \u0142atwe w zarz\u0105dzaniu narz\u0119dzie umo\u017cliwiaj\u0105ce wy\u015bwietlanie r\u00f3\u017cnorodnych produkt\u00f3w bezpo\u015brednio na stronie , przekaza\u0107 oryginaln\u0105 koncepcj\u0119 i przyci\u0105gn\u0105\u0107 wi\u0119cej go\u015bci. Rozszerzenie jest wysoce konfigurowalne. Dzi\u0119ki niemu mo\u017cesz stworzy\u0107 dowoln\u0105 ilo\u015b\u0107 stron menu z du\u017c\u0105 ilo\u015bci\u0105 sekcji i pozycji. Ustaw jasny, ciemny schemat lub zmie\u0144 dowolne ustawienia, zmieniaj\u0105c kolor wszystkich element\u00f3w. Najwi\u0119ksz\u0105 szans\u0105 widgetu jest to, \u017ce jest zawsze aktualny: mo\u017cesz poprawi\u0107 ceny, list\u0119 artyku\u0142\u00f3w, doda\u0107 nowe napoje, a nawet menu w ci\u0105gu kilku sekund! Koniec z gotowymi do druku menu, kt\u00f3re trzeba przepisywa\u0107 od pocz\u0105tku. Po prostu zacznij tworzy\u0107 swoje wspania\u0142e menu ju\u017c teraz! <\/p> <p><b>Spr\u00f3buj zastosowa\u0107 Menu restauracji, aby osi\u0105gn\u0105\u0107 swoje cele biznesowe przy mniejszym wysi\u0142ku! Za pomoc\u0105 menu na swojej stronie mo\u017cesz zaprosi\u0107 wi\u0119cej potencjalnych klient\u00f3w i osi\u0105gn\u0105\u0107 solidny rozw\u00f3j biznesu. Spr\u00f3buj skorzysta\u0107 z menu restauracji firmy Elfsight! <\/b><\/p> <\/div> <div class=\"application-platform-content-item-features application-platform-content-item\" id=\"features\" data-nav-section=\"features\"> <h2>Podstawowe funkcje widgetu oferuj\u0105:<\/h2> <ul><li> \u0141atwe w zarz\u0105dzaniu narz\u0119dzie nawet dla nieprofesjonalist\u00f3w u\u017cytkownicy <\/li><li>Nieograniczona liczba menu, sekcji lub element\u00f3w sklasyfikowanych wed\u0142ug r\u00f3\u017cnych uk\u0142ad\u00f3w <\/li><li>\u0141atwa zmiana menu i wszystkich jego element\u00f3w, gdziekolwiek tego potrzebujesz. Dodaj rabaty, sezonowe produkty spo\u017cywcze i napoje itp. <\/li><li> Do\u0142\u0105cz obszerne dodatkowe informacje o produktach, w tym ikony, elementy od\u017cywcze i odznaki <\/li><li>Ustaw pyszne zdj\u0119cia produkt\u00f3w, a nawet je wy\u015bwietl w trybie wyskakuj\u0105cym <\/li><li>Dostosuj i zmie\u0144 kolor dowolnych element\u00f3w: tekstu, schematu kolor\u00f3w i ikon <\/li><\/ul><p><a href=\"#demo\">Mo\u017cesz zobaczy\u0107, jak rozszerzenie dzia\u0142a w wersji demonstracyjnej<\/a><\/p> <\/div> <div class=\"application-platform-content-item-installation application-platform-content-item\" id=\"installation\" data-nav-section=\"installation\"> <h2>Jak mog\u0119 osadzi\u0107 menu restauracji na mojej stronie OpenCart? <\/h2> <p>Wystarczy post\u0119powa\u0107 zgodnie z poni\u017cszymi instrukcjami, aby aktywowa\u0107 rozszerzenie: <\/p> <ol><li><b>Skorzystaj z naszego bezp\u0142atnego edytora i zacznij tworzy\u0107 w\u0142asne rozszerzenie. <\/b><br> Wybierz preferowany projekt i parametry rozszerzenia oraz zastosuj wszystkie poprawki. <\/li> <li><b>Wy\u015bwietl sw\u00f3j indywidualny kod w specjalnym formularzu w aplikacjach Elfsight. <\/b><br> Po zako\u0144czeniu generacji Twojego rozszerzenia skopiuj ekskluzywny kod w wy\u015bwietlonym oknie i zapisz go do dalszego wykorzystania. <\/li> <li><b>Zacznij korzysta\u0107 z rozszerzenia na swojej stronie OpenCart. <\/b><br> Zaimplementuj zapisany ostatnio kod na swojej stronie internetowej i zapisz poprawki. <\/li> <li><b>Instalacja zosta\u0142a w pe\u0142ni uko\u0144czona. <\/b><br> Otw\u00f3rz swoj\u0105 witryn\u0119 i zobacz, jak dzia\u0142a rozszerzenie. <\/li><\/ol><p>W przypadku pyta\u0144 lub napotkania jakichkolwiek przeszk\u00f3d prosimy o kontakt z naszym dzia\u0142em obs\u0142ugi klienta. Nasi konsultanci ch\u0119tnie pomog\u0105 Ci we wszystkich trudno\u015bciach, jakie mo\u017cesz mie\u0107 z produktem. <\/p> <div class=\"faq\" data-component=\"FAQ\"><div class=\"faq-item\">\r\n\t\t\t\t\t<div class=\"faq-item-question\">\r\n\t\t\t\t\t\t<h3 class=\"faq-item-question-text\">Czy istnieje metoda osadzenia Menu Restauracji na mojej stronie g\u0142\u00f3wnej OpenCart bez umiej\u0119tno\u015bci kodowania?<\/h3>\r\n\r\n\t\t\t\t\t\t<div class=\"faq-item-question-icon\"><\/div>\r\n\t\t\t\t\t<\/div>\r\n\r\n\t\t\t\t\t<div class=\"faq-item-answer\">\r\n\t\t\t\t\t\t<div class=\"faq-item-answer-text\"> <p>Elfsight dostarcza rozwi\u0105zanie SaaS, kt\u00f3re pozwala na samodzielne utworzenie sekcji Menu Restauracji, odkryj prosty przewodnik: Pracuj w wersji demonstracyjnej online, aby wygenerowa\u0107 wtyczk\u0119 Menu restauracji, kt\u00f3r\u0105 chcesz zintegrowa\u0107 ze swoim OpenCart. Wybierz jeden z wielu wst\u0119pnie zaprojektowanych szablon\u00f3w i dostosuj ustawienia Menu Restauracji, zmie\u0144 uk\u0142ad i kolor element\u00f3w oraz zaktualizuj tre\u015b\u0107 bez kodowania. Kliknij, aby zapisa\u0107 ustawienia wprowadzone w Menu Restauracji i uzyska\u0107 kod instalacyjny, kt\u00f3ry mo\u017cesz \u0142atwo i bezp\u0142atnie doda\u0107 na stronie g\u0142\u00f3wnej OpenCart. Dzi\u0119ki naszemu prostemu konfiguratorowi ka\u017cdy u\u017cytkownik Internetu mo\u017ce utworzy\u0107 wid\u017cet Menu Restauracji i \u0142atwo osadzi\u0107 go na stronie OpenCart. Aby wej\u015b\u0107 do naszego Edytora, nie musisz kupowa\u0107 planu p\u0142atnego ani ujawnia\u0107 danych swojej karty. Je\u015bli napotkasz jakiekolwiek problemy, skontaktuj si\u0119 z naszym dzia\u0142em obs\u0142ugi klienta.<\/p> <\/div>\r\n\t\t\t\t\t<\/div>\r\n\t\t\t\t<\/div> <\/div><\/div>","protected":false},"excerpt":{"rendered":"","protected":false},"author":9,"featured_media":0,"parent":3408,"menu_order":0,"comment_status":"closed","ping_status":"closed","template":"templates\/template-application-platform.php","meta":{"publish_to_discourse":"","publish_post_category":"","wpdc_auto_publish_overridden":"","wpdc_topic_tags":"","wpdc_pin_topic":"","wpdc_pin_until":"","discourse_post_id":"","discourse_permalink":"","wpdc_publishing_response":"","wpdc_publishing_error":"","footnotes":""},"class_list":["post-6285","page","type-page","status-publish","hentry"],"yoast_head":"<!-- This site is optimized with the Yoast SEO plugin v25.3.1 - https:\/\/yoast.com\/wordpress\/plugins\/seo\/ -->\n<title>Menu Restauracji dla stron OpenCart - stylowe i darmowe<\/title>\n<meta name=\"description\" content=\"Umie\u015b\u0107 responsywne menu restauracji na swojej stronie OpenCart. Wypr\u00f3buj por\u0119czne demo Elfsight i stw\u00f3rz swoje stylowe menu w ci\u0105gu kilku minut\" \/>\n<meta name=\"robots\" content=\"index, follow, max-snippet:-1, max-image-preview:large, max-video-preview:-1\" \/>\n<link rel=\"canonical\" href=\"https:\/\/elfsight.com\/pl\/restaurant-menu-widget\/opencart\/\" \/>\n<meta property=\"og:locale\" content=\"pl_PL\" \/>\n<meta property=\"og:type\" content=\"article\" \/>\n<meta property=\"og:title\" content=\"Menu Restauracji dla stron OpenCart - stylowe i darmowe\" \/>\n<meta property=\"og:description\" content=\"Umie\u015b\u0107 responsywne menu restauracji na swojej stronie OpenCart. Wypr\u00f3buj por\u0119czne demo Elfsight i stw\u00f3rz swoje stylowe menu w ci\u0105gu kilku minut\" \/>\n<meta property=\"og:url\" content=\"https:\/\/elfsight.com\/pl\/restaurant-menu-widget\/opencart\/\" \/>\n<meta property=\"og:site_name\" content=\"Elfsight PL\" \/>\n<meta property=\"article:modified_time\" content=\"2024-11-14T08:56:55+00:00\" \/>\n<meta name=\"twitter:card\" content=\"summary_large_image\" \/>\n<meta name=\"twitter:label1\" content=\"Szacowany czas czytania\" \/>\n\t<meta name=\"twitter:data1\" content=\"3 minuty\" \/>\n<!-- \/ Yoast SEO plugin. -->","yoast_head_json":{"title":"Menu Restauracji dla stron OpenCart - stylowe i darmowe","description":"Umie\u015b\u0107 responsywne menu restauracji na swojej stronie OpenCart. Wypr\u00f3buj por\u0119czne demo Elfsight i stw\u00f3rz swoje stylowe menu w ci\u0105gu kilku minut","robots":{"index":"index","follow":"follow","max-snippet":"max-snippet:-1","max-image-preview":"max-image-preview:large","max-video-preview":"max-video-preview:-1"},"canonical":"https:\/\/elfsight.com\/pl\/restaurant-menu-widget\/opencart\/","og_locale":"pl_PL","og_type":"article","og_title":"Menu Restauracji dla stron OpenCart - stylowe i darmowe","og_description":"Umie\u015b\u0107 responsywne menu restauracji na swojej stronie OpenCart. Wypr\u00f3buj por\u0119czne demo Elfsight i stw\u00f3rz swoje stylowe menu w ci\u0105gu kilku minut","og_url":"https:\/\/elfsight.com\/pl\/restaurant-menu-widget\/opencart\/","og_site_name":"Elfsight PL","article_modified_time":"2024-11-14T08:56:55+00:00","twitter_card":"summary_large_image","twitter_misc":{"Szacowany czas czytania":"3 minuty"},"schema":{"@context":"https:\/\/schema.org","@graph":[{"@type":"WebPage","@id":"https:\/\/elfsight.com\/pl\/restaurant-menu-widget\/opencart\/","url":"https:\/\/elfsight.com\/pl\/restaurant-menu-widget\/opencart\/","name":"Menu Restauracji dla stron OpenCart - stylowe i darmowe","isPartOf":{"@id":"https:\/\/elfsight.com\/pl\/#website"},"datePublished":"1970-01-01T00:00:00+00:00","dateModified":"2024-11-14T08:56:55+00:00","description":"Umie\u015b\u0107 responsywne menu restauracji na swojej stronie OpenCart. Wypr\u00f3buj por\u0119czne demo Elfsight i stw\u00f3rz swoje stylowe menu w ci\u0105gu kilku minut","breadcrumb":{"@id":"https:\/\/elfsight.com\/pl\/restaurant-menu-widget\/opencart\/#breadcrumb"},"inLanguage":"pl-PL","potentialAction":[{"@type":"ReadAction","target":["https:\/\/elfsight.com\/pl\/restaurant-menu-widget\/opencart\/"]}]},{"@type":"BreadcrumbList","@id":"https:\/\/elfsight.com\/pl\/restaurant-menu-widget\/opencart\/#breadcrumb","itemListElement":[{"@type":"ListItem","position":1,"name":"Home","item":"https:\/\/elfsight.com\/pl\/"},{"@type":"ListItem","position":2,"name":"Restaurant Menu","item":"https:\/\/elfsight.com\/pl\/restaurant-menu-widget\/"},{"@type":"ListItem","position":3,"name":"Restaurant Menu &#8211; OpenCart"}]},{"@type":"WebSite","@id":"https:\/\/elfsight.com\/pl\/#website","url":"https:\/\/elfsight.com\/pl\/","name":"Elfsight PL","description":"Just another Elfsight Sites site","potentialAction":[{"@type":"SearchAction","target":{"@type":"EntryPoint","urlTemplate":"https:\/\/elfsight.com\/pl\/?s={search_term_string}"},"query-input":{"@type":"PropertyValueSpecification","valueRequired":true,"valueName":"search_term_string"}}],"inLanguage":"pl-PL"}]}},"meta_box":{"industry":"","seo_heading":"","heading":"","description":"","cta_heading":"","cta_description":"","application":"3358","h1":"Rozszerzenie menu restauracji OpenCart","h1_caption":"Zaprezentuj menu swojej restauracji w atrakcyjnym wizualnie formacie, kt\u00f3ry mo\u017cna \u0142atwo aktualizowa\u0107 i przyjazny dla u\u017cytkownika na swojej stronie internetowej Opencart.","application_category":[],"applications_title":"","applications_request_title":"","applications_request_button_text":"","hero_text":"","hero_video":"","hero_video_schema_markup":"","selling_points_title":"","selling_points_caption":"","selling_points":[],"selling_points_cta_text":"","features_title":"","features":"","ed_cta_examples_text":"","ed_cta_examples_hidden":"","ed_cta_demo_text":"","ed_cta_demo_hidden":"","why_caption":"","why_editor_title":"","why_editor_text":"","why_team_title":"","why_team_text":"","why_service_title":"","why_service_text":"","template_catalog_visible":"","template_catalog_title":"","template_catalog_text":"","template_catalog_categories_visible":"","demo_title":"Utw\u00f3rz rozszerzenie menu restauracji","demo_caption":"Skonfiguruj Menu Restauracji i dodaj je za darmo do swojej witryny OpenCart!","default_faq_hidden":"","app_template_category":[],"platform":"107","template_public_id":"","codecanyon_url":"","codecanyon_item_id":"","codecanyon_price":"","pricing_caption":"","pricing_elfsight_apps_hide_column":"","pricing_elfsight_apps_url":"","pricing_codecanyon_price_caption":"","integration_category":[],"integration_request_title":"","integration_request_cta":"","integration_platform":"","integrations":[],"platform_category":[],"video_schema_markup":"","price":"od 0 USD \/ miesi\u0105c","trial":"","benefits":[{"text":"Bezp\u0142atna us\u0142uga monta\u017cu"},{"text":"Wsparcie premium"},{"text":"14-dniowa gwarancja zwrotu pieni\u0119dzy"}],"button_url":"#demo","button_target_blank":"","button_nofollow":"","attributes":[{"name":"Instaluje"},{"name":"Czu\u0142y"},{"name":"Kompatybilne przegl\u0105darki"}],"tags":[],"tags_disable_links":"","hide_more_platforms":"","video_object":"","demo_hide_cta":"","demo_hide_cloud_options":"","pricing_title":"","pricing":[{"pricing_icon":"platform","pricing_title":"Elfsight Apps","pricing_title_caption":"Wersja wieloplatformowa, kt\u00f3ra dzia\u0142a na ka\u017cdej stronie internetowej","pricing_price":"od 0 USD \/ miesi\u0105c","pricing_price_caption":"zacznij od bezp\u0142atnego planu","pricing_benefits":[{"text":"Nielimitowane strony internetowe"},{"text":"Bezp\u0142atne wsparcie firmy"},{"text":"Bezp\u0142atna pomoc w monta\u017cu"},{"text":"W pe\u0142ni konfigurowalny"}],"pricing_button_text":"Dodaj do witryny","pricing_button_url":"#demo"}],"related_apps_title":"","related_apps_hidden":"","author":"","image":[],"title":"","job":"","social_networks":[]},"_links":{"self":[{"href":"https:\/\/elfsight.com\/pl\/wp-json\/wp\/v2\/pages\/6285","targetHints":{"allow":["GET"]}}],"collection":[{"href":"https:\/\/elfsight.com\/pl\/wp-json\/wp\/v2\/pages"}],"about":[{"href":"https:\/\/elfsight.com\/pl\/wp-json\/wp\/v2\/types\/page"}],"author":[{"embeddable":true,"href":"https:\/\/elfsight.com\/pl\/wp-json\/wp\/v2\/users\/9"}],"replies":[{"embeddable":true,"href":"https:\/\/elfsight.com\/pl\/wp-json\/wp\/v2\/comments?post=6285"}],"version-history":[{"count":1,"href":"https:\/\/elfsight.com\/pl\/wp-json\/wp\/v2\/pages\/6285\/revisions"}],"predecessor-version":[{"id":6289,"href":"https:\/\/elfsight.com\/pl\/wp-json\/wp\/v2\/pages\/6285\/revisions\/6289"}],"up":[{"embeddable":true,"href":"https:\/\/elfsight.com\/pl\/wp-json\/wp\/v2\/pages\/3408"}],"wp:attachment":[{"href":"https:\/\/elfsight.com\/pl\/wp-json\/wp\/v2\/media?parent=6285"}],"curies":[{"name":"wp","href":"https:\/\/api.w.org\/{rel}","templated":true}]}}