{"id":6280,"date":"1970-01-01T00:00:00","date_gmt":"1970-01-01T00:00:00","guid":{"rendered":"https:\/\/elfsight.com\/pl\/?page_id=6280"},"modified":"2025-06-27T08:25:35","modified_gmt":"2025-06-27T08:25:35","slug":"shopify","status":"publish","type":"page","link":"https:\/\/elfsight.com\/pl\/restaurant-menu-widget\/shopify\/","title":{"rendered":"Restaurant Menu &#8211; Shopify"},"content":{"rendered":"<div class=\"application-platform-content-item-description application-platform-content-item\" id=\"description\" data-nav-section=\"description\"> <h2>Osad\u017a menu restauracji na Shopify za pomoc\u0105 wid\u017cetu Elfsight<\/h2><p>Menu restauracji to przyjazne dla u\u017cytkownika narz\u0119dzie do wy\u015bwietlania Twojej r\u00f3\u017cnorodno\u015bci element\u00f3w bezpo\u015brednio na Twojej stronie internetowej. To \u015bwietny spos\u00f3b, aby poinformowa\u0107 go\u015bci o swojej r\u00f3\u017cnorodno\u015bci, przekaza\u0107 oryginalny pomys\u0142 i skusi\u0107 ich kusz\u0105cymi zdj\u0119ciami posi\u0142k\u00f3w. Widget jest do\u015b\u0107 konfigurowalny. Mo\u017cesz ustawi\u0107 nieograniczon\u0105 liczb\u0119 menu z ogromn\u0105 liczb\u0105 pozycji lub po prostu zademonstrowa\u0107 zwi\u0119z\u0142\u0105 list\u0119 serwowanych posi\u0142k\u00f3w. Ustaw jasny, ciemny schemat lub dostosuj dowolne elementy, zmieniaj\u0105c wszystkie kolory akcent\u00f3w. Poza tym Twoje menu mo\u017ce by\u0107 zawsze aktualne: jednym klikni\u0119ciem mo\u017cesz poprawi\u0107 ceny, list\u0119 pozycji i sekcje, doda\u0107 nowe posi\u0142ki, a nawet menu! Koniec z plikami PDF, kt\u00f3re nale\u017cy ponownie skonfigurowa\u0107 na samym pocz\u0105tku. Po prostu zacznij ju\u017c teraz tworzy\u0107 swoje stylowe menu <\/p> <p><b>Wypr\u00f3buj Restaurant Menu, aby skuteczniej sprosta\u0107 wyzwaniom biznesowym! Dzi\u0119ki menu na Twojej stronie internetowej Tw\u00f3j lokal mo\u017ce przyci\u0105gn\u0105\u0107 wi\u0119cej go\u015bci i sta\u0107 si\u0119 najpopularniejszym w Twoim mie\u015bcie. Spr\u00f3buj skorzysta\u0107 z menu restauracji firmy Elfsight! <\/b><\/p><\/div> <div class=\"application-platform-content-item-features application-platform-content-item\" id=\"features\" data-nav-section=\"features\"> <h2>Najcenniejsze funkcje aplikacji:<\/h2> <ul><li>\u0141atwe w zarz\u0105dzaniu narz\u0119dzie nawet dla nie- u\u017cytkownicy technologii <\/li><li>Nieograniczona liczba menu, sekcji lub element\u00f3w uporz\u0105dkowanych za pomoc\u0105 uk\u0142ad\u00f3w <\/li><li> Aktualizuj wszystkie informacje: prawid\u0142owe ceny, reklamy, oferty sezonowe itp. <\/li><li> Wy\u015bwietlaj szczeg\u00f3\u0142ow\u0105 charakterystyk\u0119 produkt\u00f3w, nawet ikony, informacje o warto\u015bciach od\u017cywczych i plakietki <\/li><li>Dodaj apetyczne obrazy produkt\u00f3w, a nawet zaprezentuj je w wyskakuj\u0105cym widoku <\/li><li>Dostosuj i przemaluj wszystko elementy: tekst, schemat kolor\u00f3w i ikony <\/li><\/ul><p><a href=\"#demo\">Mo\u017cesz zobaczy\u0107, jak dzia\u0142a rozszerzenie, korzystaj\u0105c z wersji demonstracyjnej<\/a><\/p> <\/div> <div class=\"application-platform-content-item-installation application-platform-content-item\" id=\"installation\" data-nav-section=\"installation\"> <h2>Jak mog\u0119 osadzi\u0107 menu restauracji w mojej witrynie Shopify? <\/h2><div class=\"video-container\"><iframe width=\"720\" height=\"405\" src=\"https:\/\/www.youtube.com\/embed\/sK9edOpvTrw\" frameborder=\"0\" allowfullscreen=\"\"><\/iframe><\/div><p>Wystarczy wykona\u0107 poni\u017csze kroki, aby rozpocz\u0105\u0107 korzystanie z narz\u0119dzia: <\/p> <ol><li><b>Wykonaj nasz\u0105 bezp\u0142atn\u0105 wersj\u0119 demonstracyjn\u0105 i rozpocznij prac\u0119 ze spersonalizowanym aplikacja. <\/b><br> Znajd\u017a wybrany wygl\u0105d i funkcjonalno\u015b\u0107 aplikacji oraz zastosuj wszystkie modyfikacje. <\/li> <li><b>Odbierz sw\u00f3j unikalny kod widoczny w pude\u0142ku w aplikacjach Elfsight. <\/b><br> Po zako\u0144czeniu tworzenia aplikacji osobistej skopiuj kod w wy\u015bwietlonym oknie i zachowaj go na p\u00f3\u017aniej. <\/li> <li><b>Rozpocznij korzystanie z aplikacji w witrynie Shopify. <\/b><br> Dodaj skopiowany wcze\u015bniej kod na swoj\u0105 stron\u0119 i zapisz zmiany. <\/li> <li><b>Gotowe! Osadzanie zosta\u0142o ca\u0142kowicie zako\u0144czone. <\/b><br> Otw\u00f3rz swoj\u0105 stron\u0119 internetow\u0105, aby zobaczy\u0107 dzia\u0142anie aplikacji. <\/li><\/ol><p>Je\u015bli napotkasz zapytania lub napotkasz jakiekolwiek przeszkody, nie wahaj si\u0119 skontaktowa\u0107 z naszym personelem wsparcia. Nasi specjali\u015bci z przyjemno\u015bci\u0105 odpowiedz\u0105 na wszystkie pytania dotycz\u0105ce aplikacji. <\/p> <div class=\"faq\" data-component=\"FAQ\"><div class=\"faq-item\">\r\n\t\t\t\t\t<div class=\"faq-item-question\">\r\n\t\t\t\t\t\t<h3 class=\"faq-item-question-text\">Czy istnieje metoda osadzania menu restauracji w mojej witrynie Shopify bez umiej\u0119tno\u015bci kodowania?<\/h3>\r\n\r\n\t\t\t\t\t\t<div class=\"faq-item-question-icon\"><\/div>\r\n\t\t\t\t\t<\/div>\r\n\r\n\t\t\t\t\t<div class=\"faq-item-answer\">\r\n\t\t\t\t\t\t<div class=\"faq-item-answer-text\"> <p>Elfsight oferuje rozwi\u0105zanie, kt\u00f3re pozwala u\u017cytkownikom samodzielnie zbudowa\u0107 wid\u017cet Menu restauracji. Odkryj, jakie to proste proces jest nast\u0119puj\u0105cy: Rozpocznij prac\u0119 w wersji demonstracyjnej online, aby utworzy\u0107 sekcj\u0119 menu restauracji, kt\u00f3r\u0105 chcesz umie\u015bci\u0107 w witrynie Shopify. Wybierz jeden z gotowych szablon\u00f3w i dostosuj ustawienia Menu Restauracji, do\u0142\u0105cz swoj\u0105 tre\u015b\u0107, zmie\u0144 uk\u0142ad i kolorystyk\u0119 bez do\u015bwiadczenia w kodowaniu. Zapisz menu restauracji i uzyskaj kod instalacyjny, kt\u00f3ry mo\u017cna po prostu osadzi\u0107 na dowolnej stronie g\u0142\u00f3wnej Shopify bez konieczno\u015bci zakupu p\u0142atnego planu. Dzi\u0119ki \u0142atwemu w u\u017cyciu edytorowi ka\u017cdy u\u017cytkownik Internetu mo\u017ce utworzy\u0107 sekcj\u0119 Menu restauracji online i bez wysi\u0142ku wklei\u0107 j\u0105 na dowoln\u0105 stron\u0119 internetow\u0105 Shopify. Nie ma potrzeby wykupienia p\u0142atnej subskrypcji ani podawania danych karty, aby uzyska\u0107 dost\u0119p do Edytora Elfsight. Je\u015bli na kt\u00f3rymkolwiek etapie napotkasz jakiekolwiek przeszkody, nie wahaj si\u0119 skontaktowa\u0107 z naszym zespo\u0142em pomocy technicznej.<\/p> <\/div>\r\n\t\t\t\t\t<\/div>\r\n\t\t\t\t<\/div> <\/div><\/div>","protected":false},"excerpt":{"rendered":"","protected":false},"author":9,"featured_media":0,"parent":3408,"menu_order":0,"comment_status":"closed","ping_status":"closed","template":"templates\/template-application-platform.php","meta":{"publish_to_discourse":"","publish_post_category":"","wpdc_auto_publish_overridden":"","wpdc_topic_tags":"","wpdc_pin_topic":"","wpdc_pin_until":"","discourse_post_id":"","discourse_permalink":"","wpdc_publishing_response":"","wpdc_publishing_error":"","footnotes":""},"class_list":["post-6280","page","type-page","status-publish","hentry"],"yoast_head":"<!-- This site is optimized with the Yoast SEO plugin v25.3.1 - https:\/\/yoast.com\/wordpress\/plugins\/seo\/ -->\n<title>Menu restauracji dla witryn Shopify \u2014 osza\u0142amiaj\u0105ce i bezp\u0142atne<\/title>\n<meta name=\"description\" content=\"Umie\u015b\u0107 przyjazn\u0105 dla u\u017cytkownika aplikacj\u0119 Menu restauracji na swojej stronie restauracji. Wypr\u00f3buj por\u0119czn\u0105 wersj\u0119 demonstracyjn\u0105 Elfsight i wygeneruj niesamowite menu za pomoc\u0105 kilku klikni\u0119\u0107\" \/>\n<meta name=\"robots\" content=\"index, follow, max-snippet:-1, max-image-preview:large, max-video-preview:-1\" \/>\n<link rel=\"canonical\" href=\"https:\/\/elfsight.com\/pl\/restaurant-menu-widget\/shopify\/\" \/>\n<meta property=\"og:locale\" content=\"pl_PL\" \/>\n<meta property=\"og:type\" content=\"article\" \/>\n<meta property=\"og:title\" content=\"Menu restauracji dla witryn Shopify \u2014 osza\u0142amiaj\u0105ce i bezp\u0142atne\" \/>\n<meta property=\"og:description\" content=\"Umie\u015b\u0107 przyjazn\u0105 dla u\u017cytkownika aplikacj\u0119 Menu restauracji na swojej stronie restauracji. Wypr\u00f3buj por\u0119czn\u0105 wersj\u0119 demonstracyjn\u0105 Elfsight i wygeneruj niesamowite menu za pomoc\u0105 kilku klikni\u0119\u0107\" \/>\n<meta property=\"og:url\" content=\"https:\/\/elfsight.com\/pl\/restaurant-menu-widget\/shopify\/\" \/>\n<meta property=\"og:site_name\" content=\"Elfsight PL\" \/>\n<meta property=\"article:modified_time\" content=\"2025-06-27T08:25:35+00:00\" \/>\n<meta name=\"twitter:card\" content=\"summary_large_image\" \/>\n<meta name=\"twitter:label1\" content=\"Szacowany czas czytania\" \/>\n\t<meta name=\"twitter:data1\" content=\"4 minuty\" \/>\n<!-- \/ Yoast SEO plugin. -->","yoast_head_json":{"title":"Menu restauracji dla witryn Shopify \u2014 osza\u0142amiaj\u0105ce i bezp\u0142atne","description":"Umie\u015b\u0107 przyjazn\u0105 dla u\u017cytkownika aplikacj\u0119 Menu restauracji na swojej stronie restauracji. Wypr\u00f3buj por\u0119czn\u0105 wersj\u0119 demonstracyjn\u0105 Elfsight i wygeneruj niesamowite menu za pomoc\u0105 kilku klikni\u0119\u0107","robots":{"index":"index","follow":"follow","max-snippet":"max-snippet:-1","max-image-preview":"max-image-preview:large","max-video-preview":"max-video-preview:-1"},"canonical":"https:\/\/elfsight.com\/pl\/restaurant-menu-widget\/shopify\/","og_locale":"pl_PL","og_type":"article","og_title":"Menu restauracji dla witryn Shopify \u2014 osza\u0142amiaj\u0105ce i bezp\u0142atne","og_description":"Umie\u015b\u0107 przyjazn\u0105 dla u\u017cytkownika aplikacj\u0119 Menu restauracji na swojej stronie restauracji. Wypr\u00f3buj por\u0119czn\u0105 wersj\u0119 demonstracyjn\u0105 Elfsight i wygeneruj niesamowite menu za pomoc\u0105 kilku klikni\u0119\u0107","og_url":"https:\/\/elfsight.com\/pl\/restaurant-menu-widget\/shopify\/","og_site_name":"Elfsight PL","article_modified_time":"2025-06-27T08:25:35+00:00","twitter_card":"summary_large_image","twitter_misc":{"Szacowany czas czytania":"4 minuty"},"schema":{"@context":"https:\/\/schema.org","@graph":[{"@type":"WebPage","@id":"https:\/\/elfsight.com\/pl\/restaurant-menu-widget\/shopify\/","url":"https:\/\/elfsight.com\/pl\/restaurant-menu-widget\/shopify\/","name":"Menu restauracji dla witryn Shopify \u2014 osza\u0142amiaj\u0105ce i bezp\u0142atne","isPartOf":{"@id":"https:\/\/elfsight.com\/pl\/#website"},"datePublished":"1970-01-01T00:00:00+00:00","dateModified":"2025-06-27T08:25:35+00:00","description":"Umie\u015b\u0107 przyjazn\u0105 dla u\u017cytkownika aplikacj\u0119 Menu restauracji na swojej stronie restauracji. Wypr\u00f3buj por\u0119czn\u0105 wersj\u0119 demonstracyjn\u0105 Elfsight i wygeneruj niesamowite menu za pomoc\u0105 kilku klikni\u0119\u0107","breadcrumb":{"@id":"https:\/\/elfsight.com\/pl\/restaurant-menu-widget\/shopify\/#breadcrumb"},"inLanguage":"pl-PL","potentialAction":[{"@type":"ReadAction","target":["https:\/\/elfsight.com\/pl\/restaurant-menu-widget\/shopify\/"]}]},{"@type":"BreadcrumbList","@id":"https:\/\/elfsight.com\/pl\/restaurant-menu-widget\/shopify\/#breadcrumb","itemListElement":[{"@type":"ListItem","position":1,"name":"Home","item":"https:\/\/elfsight.com\/pl\/"},{"@type":"ListItem","position":2,"name":"Restaurant Menu","item":"https:\/\/elfsight.com\/pl\/restaurant-menu-widget\/"},{"@type":"ListItem","position":3,"name":"Restaurant Menu &#8211; Shopify"}]},{"@type":"WebSite","@id":"https:\/\/elfsight.com\/pl\/#website","url":"https:\/\/elfsight.com\/pl\/","name":"Elfsight PL","description":"Just another Elfsight Sites site","potentialAction":[{"@type":"SearchAction","target":{"@type":"EntryPoint","urlTemplate":"https:\/\/elfsight.com\/pl\/?s={search_term_string}"},"query-input":{"@type":"PropertyValueSpecification","valueRequired":true,"valueName":"search_term_string"}}],"inLanguage":"pl-PL"}]}},"meta_box":{"industry":"","seo_heading":"","heading":"","description":"","cta_heading":"","cta_description":"","application":"3358","h1":"Aplikacja Shopify Menu restauracji","h1_caption":"Zaprezentuj menu swojej restauracji w atrakcyjnym wizualnie formacie, kt\u00f3ry mo\u017cna \u0142atwo aktualizowa\u0107 i przyjazny dla u\u017cytkownika w witrynie Shopify.","application_category":[],"applications_title":"","applications_request_title":"","applications_request_button_text":"","hero_text":"","hero_video":"","hero_video_schema_markup":"","selling_points_title":"","selling_points_caption":"","selling_points":[],"selling_points_cta_text":"","features_title":"","features":"","ed_cta_examples_text":"","ed_cta_examples_hidden":"","ed_cta_demo_text":"","ed_cta_demo_hidden":"","why_caption":"","why_editor_title":"","why_editor_text":"","why_team_title":"","why_team_text":"","why_service_title":"","why_service_text":"","template_catalog_visible":"0","template_catalog_title":"","template_catalog_text":"","template_catalog_categories_visible":"","demo_title":"Utw\u00f3rz aplikacj\u0119 Menu restauracji","demo_caption":"Skonfiguruj swoje Menu Restauracji i dodaj je za darmo do swojej witryny Shopify!","default_faq_hidden":"","app_template_category":[],"platform":"7580","template_public_id":"","codecanyon_url":"","codecanyon_item_id":"","codecanyon_price":"","pricing_caption":"","pricing_elfsight_apps_hide_column":"","pricing_elfsight_apps_url":"","pricing_codecanyon_price_caption":"","integration_category":[],"integration_request_title":"","integration_request_cta":"","integration_platform":"","integrations":[],"platform_category":[],"video_schema_markup":"","price":"od 0 USD \/ miesi\u0105c","trial":"","benefits":[{"text":"Bezp\u0142atna us\u0142uga monta\u017cu"},{"text":"Wsparcie premium"},{"text":"14-dniowa gwarancja zwrotu pieni\u0119dzy"}],"button_url":"#demo","button_target_blank":"0","button_nofollow":"0","attributes":[{"name":"Instaluje"},{"name":"Czu\u0142y"},{"name":"Kompatybilne przegl\u0105darki"}],"tags":[],"tags_disable_links":"0","hide_more_platforms":"0","video_object":"","demo_hide_cta":"0","demo_hide_cloud_options":"0","pricing_title":"","pricing":[{"pricing_icon":"cloud","pricing_title":"Elfsight Apps","pricing_title_caption":"Wersja wieloplatformowa, kt\u00f3ra dzia\u0142a na ka\u017cdej stronie internetowej","pricing_price":"od 0 USD \/ miesi\u0105c","pricing_price_caption":"zacznij od bezp\u0142atnego planu","pricing_benefits":[{"text":"Nielimitowane strony internetowe"},{"text":"Wsparcie premium"},{"text":"Bezp\u0142atna us\u0142uga monta\u017cu"},{"text":"Oferta specjalna na wiele aplikacji"}],"pricing_button_text":"Dodaj do witryny","pricing_button_url":"#demo"}],"related_apps_title":"","related_apps_hidden":"0","author":"","image":[],"title":"","job":"","social_networks":[]},"_links":{"self":[{"href":"https:\/\/elfsight.com\/pl\/wp-json\/wp\/v2\/pages\/6280","targetHints":{"allow":["GET"]}}],"collection":[{"href":"https:\/\/elfsight.com\/pl\/wp-json\/wp\/v2\/pages"}],"about":[{"href":"https:\/\/elfsight.com\/pl\/wp-json\/wp\/v2\/types\/page"}],"author":[{"embeddable":true,"href":"https:\/\/elfsight.com\/pl\/wp-json\/wp\/v2\/users\/9"}],"replies":[{"embeddable":true,"href":"https:\/\/elfsight.com\/pl\/wp-json\/wp\/v2\/comments?post=6280"}],"version-history":[{"count":2,"href":"https:\/\/elfsight.com\/pl\/wp-json\/wp\/v2\/pages\/6280\/revisions"}],"predecessor-version":[{"id":7989,"href":"https:\/\/elfsight.com\/pl\/wp-json\/wp\/v2\/pages\/6280\/revisions\/7989"}],"up":[{"embeddable":true,"href":"https:\/\/elfsight.com\/pl\/wp-json\/wp\/v2\/pages\/3408"}],"wp:attachment":[{"href":"https:\/\/elfsight.com\/pl\/wp-json\/wp\/v2\/media?parent=6280"}],"curies":[{"name":"wp","href":"https:\/\/api.w.org\/{rel}","templated":true}]}}