{"id":6279,"date":"1970-01-01T00:00:00","date_gmt":"1970-01-01T00:00:00","guid":{"rendered":"https:\/\/elfsight.com\/pl\/?page_id=6279"},"modified":"2025-06-27T08:26:08","modified_gmt":"2025-06-27T08:26:08","slug":"squarespace","status":"publish","type":"page","link":"https:\/\/elfsight.com\/pl\/restaurant-menu-widget\/squarespace\/","title":{"rendered":"Restaurant Menu &#8211; Squarespace"},"content":{"rendered":"<div class=\"application-platform-content-item-description application-platform-content-item\" id=\"description\" data-nav-section=\"description\"> <h2>Osad\u017a produkt na platformie za pomoc\u0105 wid\u017cetu Elfsight<\/h2><p>Menu restauracji Elfsight to \u0142atwa w u\u017cyciu wtyczka do wy\u015bwietlania Twojej asortyment da\u0144 i napoj\u00f3w bezpo\u015brednio na Twojej stronie internetowej, aby przyci\u0105gn\u0105\u0107 jak najwi\u0119cej go\u015bci. Wtyczka jest niezwykle przyjazna dla u\u017cytkownika. Dzi\u0119ki niemu mo\u017cesz stworzy\u0107 nieograniczon\u0105 liczb\u0119 stron menu z du\u017c\u0105 ilo\u015bci\u0105 pozycji lub po prostu przedstawi\u0107 kr\u00f3tk\u0105 list\u0119 serwowanych specja\u0142\u00f3w. Nie wahaj si\u0119 wybra\u0107 jasnego, ciemnego schematu lub zmieni\u0107 potrzebne ustawienia, ponownie koloruj\u0105c wszystkie elementy. Najwi\u0119ksz\u0105 szans\u0105 wtyczki jest to, \u017ce jest zawsze aktualna: mo\u017cesz zaktualizowa\u0107 ceny, list\u0119 produkt\u00f3w, doda\u0107 nowe posi\u0142ki, a nawet menu w ci\u0105gu kilku sekund! Koniec z plikami PDF, kt\u00f3re trzeba przepisywa\u0107 na samym pocz\u0105tku. Po prostu zacznij tworzy\u0107 swoje wspania\u0142e menu ju\u017c teraz. <\/p> <p><b>Uruchom menu restauracji, aby efektywniej osi\u0105ga\u0107 swoje cele biznesowe! Dzi\u0119ki menu na Twojej stronie Twoja firma mo\u017ce pozyska\u0107 wi\u0119cej potencjalnych klient\u00f3w i do\u015bwiadczy\u0107 solidnego rozwoju biznesu. Spr\u00f3buj skorzysta\u0107 z Menu restauracji firmy Elfsight!<\/b><\/p><\/div> <div class=\"application-platform-content-item-features application-platform-content-item\" id=\"features\" data-nav-section=\"features\"> <h2>To tylko kilka cennych funkcji wtyczki: <\/h2> <ul><li> Przyjazny dla u\u017cytkownika nawet dla u\u017cytkownik\u00f3w nietechnicznych <\/li><li>Nieograniczona liczba menu, sekcji i element\u00f3w uporz\u0105dkowanych wed\u0142ug osza\u0142amiaj\u0105cych uk\u0142ad\u00f3w <\/li><li>\u0141atwa aktualizacja menu i wszystkich jego element\u00f3w, gdziekolwiek chcesz: ceny, \u017cywno\u015b\u0107 sezonowa, napoje itp. <\/li><li> Napisz szczeg\u00f3\u0142owy opis produkt\u00f3w, w tym ikony, informacje o warto\u015bciach od\u017cywczych i plakietki <\/li><li>Ustaw pyszne obrazy dla produkt\u00f3w, a nawet poka\u017c je w trybie wyskakuj\u0105cym . <\/li><li>Zmie\u0144 i ponownie pokoloruj wszystkie elementy: tekst, schemat kolor\u00f3w i ikony. <\/li><\/ul><p><a href=\"#demo\">Wystarczy wypr\u00f3bowa\u0107 t\u0119 wersj\u0119 demonstracyjn\u0105, aby zrozumie\u0107 funkcjonalno\u015b\u0107 wid\u017cetu<\/a><\/p> <\/div> <div class=\"application-platform-content-item-installation  application-platform-content-item\" id=\"installation \" data-nav-section=\"installation \"> <h2>Jak osadzi\u0107 menu restauracji w mojej witrynie Squarespace? <\/h2><div class=\"video-container\"><iframe width=\"720\" height=\"405\" src=\"https:\/\/www.youtube.com\/embed\/NN_NHhewpvI\" frameborder=\"0\" allowfullscreen=\"\"><\/iframe><\/div><p>Wystarczy zastosowa\u0107 si\u0119 do poni\u017cszych instrukcji, aby rozpocz\u0105\u0107 prac\u0119 z wtyczk\u0105: <\/p><ol><li><b>Uruchom nasz\u0105 bezp\u0142atn\u0105 wersj\u0119 demonstracyjn\u0105 i zacznij tworzy\u0107 w\u0142asn\u0105 wtyczk\u0119. <\/b><br> Znajd\u017a preferowany projekt i specyfikacje narz\u0119dzia i zastosuj zmiany. <\/li> <li><b>Wy\u015bwietl sw\u00f3j indywidualny kod w oknie aplikacji Elfsight. <\/b><br> Po zako\u0144czeniu konfiguracji wid\u017cetu skopiuj kod osobisty w wy\u015bwietlonym oknie i zachowaj go do wykorzystania w przysz\u0142o\u015bci. <\/li> <li><b>Rozpocznij korzystanie z wtyczki na swojej stronie g\u0142\u00f3wnej Squarespace. <\/b><br> Wstaw kod, kt\u00f3ry ostatnio zapisa\u0142e\u015b na swojej stronie i zastosuj zmiany. <\/li> <li><b>Gotowe! Konfiguracja zosta\u0142a pomy\u015blnie przeprowadzona. <\/b><br> Odwied\u017a swoj\u0105 stron\u0119, aby przyjrze\u0107 si\u0119 dzia\u0142aniu wtyczki. <\/li><\/ol> <p>Je\u015bli napotkasz jakiekolwiek przeszkody, nie b\u00f3j si\u0119 skontaktowa\u0107 z naszym zespo\u0142em wsparcia. Nasi ludzie z przyjemno\u015bci\u0105 pomog\u0105 Ci odpowiedzie\u0107 na wszystkie pytania dotycz\u0105ce wtyczki. <\/p> <div class=\"faq\" data-component=\"FAQ\"><div class=\"faq-item\">\r\n\t\t\t\t\t<div class=\"faq-item-question\">\r\n\t\t\t\t\t\t<h3 class=\"faq-item-question-text\">Czy istnieje spos\u00f3b na dodanie Menu restauracji do mojej strony g\u0142\u00f3wnej Squarespace bez kodowania?<\/h3>\r\n\r\n\t\t\t\t\t\t<div class=\"faq-item-question-icon\"><\/div>\r\n\t\t\t\t\t<\/div>\r\n\r\n\t\t\t\t\t<div class=\"faq-item-answer\">\r\n\t\t\t\t\t\t<div class=\"faq-item-answer-text\"> <p>Elfsight wprowadza rozwi\u0105zanie, kt\u00f3re umo\u017cliwia w\u0142a\u015bcicielom witryn samodzielne zbudowanie aplikacji Menu restauracji, zobacz proste instrukcje: Przejd\u017a do wersji demonstracyjnej na \u017cywo, aby utworzy\u0107 aplikacj\u0119 Menu restauracji, kt\u00f3r\u0105 chcesz osadzi\u0107 w Squarespace. Kliknij jeden z wielu wst\u0119pnie zaprojektowanych szablon\u00f3w i dostosuj ustawienia menu restauracji, do\u0142\u0105cz tre\u015b\u0107, zmie\u0144 uk\u0142ad i kolory bez umiej\u0119tno\u015bci kodowania. Zapisz ustawienia wprowadzone w Menu restauracji i skopiuj jego kod do instalacji, kt\u00f3ry mo\u017cna \u0142atwo wklei\u0107 na stronie internetowej Squarespace za darmo. Za pomoc\u0105 naszego \u0142atwego w u\u017cyciu konfiguratora ka\u017cdy u\u017cytkownik Internetu mo\u017ce utworzy\u0107 aplikacj\u0119 Menu restauracji online i \u0142atwo osadzi\u0107 j\u0105 na swojej stronie internetowej Squarespace. Aby wej\u015b\u0107 do naszego Edytora, nie musisz kupowa\u0107 planu p\u0142atnego ani ujawnia\u0107 danych swojej karty. Je\u015bli napotkasz jakiekolwiek problemy, skontaktuj si\u0119 z naszym personelem pomocy technicznej.<\/p> <\/div>\r\n\t\t\t\t\t<\/div>\r\n\t\t\t\t<\/div> <\/div><\/div>","protected":false},"excerpt":{"rendered":"","protected":false},"author":9,"featured_media":0,"parent":3408,"menu_order":0,"comment_status":"closed","ping_status":"closed","template":"templates\/template-application-platform.php","meta":{"publish_to_discourse":"","publish_post_category":"","wpdc_auto_publish_overridden":"","wpdc_topic_tags":"","wpdc_pin_topic":"","wpdc_pin_until":"","discourse_post_id":"","discourse_permalink":"","wpdc_publishing_response":"","wpdc_publishing_error":"","footnotes":""},"class_list":["post-6279","page","type-page","status-publish","hentry"],"yoast_head":"<!-- This site is optimized with the Yoast SEO plugin v25.3.1 - https:\/\/yoast.com\/wordpress\/plugins\/seo\/ -->\n<title>Menu restauracji dla witryn Squarespace \u2014 szybko i za darmo<\/title>\n<meta name=\"description\" content=\"Umie\u015b\u0107 przyjazn\u0105 dla urz\u0105dze\u0144 mobilnych aplikacj\u0119 Menu restauracji na swojej stronie internetowej Squarespace. Wypr\u00f3buj por\u0119czn\u0105 wersj\u0119 demonstracyjn\u0105 Elfsight i zmodyfikuj swoj\u0105 osza\u0142amiaj\u0105c\u0105 wtyczk\u0119 w ci\u0105gu kilku sekund\" \/>\n<meta name=\"robots\" content=\"index, follow, max-snippet:-1, max-image-preview:large, max-video-preview:-1\" \/>\n<link rel=\"canonical\" href=\"https:\/\/elfsight.com\/pl\/restaurant-menu-widget\/squarespace\/\" \/>\n<meta property=\"og:locale\" content=\"pl_PL\" \/>\n<meta property=\"og:type\" content=\"article\" \/>\n<meta property=\"og:title\" content=\"Menu restauracji dla witryn Squarespace \u2014 szybko i za darmo\" \/>\n<meta property=\"og:description\" content=\"Umie\u015b\u0107 przyjazn\u0105 dla urz\u0105dze\u0144 mobilnych aplikacj\u0119 Menu restauracji na swojej stronie internetowej Squarespace. Wypr\u00f3buj por\u0119czn\u0105 wersj\u0119 demonstracyjn\u0105 Elfsight i zmodyfikuj swoj\u0105 osza\u0142amiaj\u0105c\u0105 wtyczk\u0119 w ci\u0105gu kilku sekund\" \/>\n<meta property=\"og:url\" content=\"https:\/\/elfsight.com\/pl\/restaurant-menu-widget\/squarespace\/\" \/>\n<meta property=\"og:site_name\" content=\"Elfsight PL\" \/>\n<meta property=\"article:modified_time\" content=\"2025-06-27T08:26:08+00:00\" \/>\n<meta name=\"twitter:card\" content=\"summary_large_image\" \/>\n<meta name=\"twitter:label1\" content=\"Szacowany czas czytania\" \/>\n\t<meta name=\"twitter:data1\" content=\"4 minuty\" \/>\n<!-- \/ Yoast SEO plugin. -->","yoast_head_json":{"title":"Menu restauracji dla witryn Squarespace \u2014 szybko i za darmo","description":"Umie\u015b\u0107 przyjazn\u0105 dla urz\u0105dze\u0144 mobilnych aplikacj\u0119 Menu restauracji na swojej stronie internetowej Squarespace. Wypr\u00f3buj por\u0119czn\u0105 wersj\u0119 demonstracyjn\u0105 Elfsight i zmodyfikuj swoj\u0105 osza\u0142amiaj\u0105c\u0105 wtyczk\u0119 w ci\u0105gu kilku sekund","robots":{"index":"index","follow":"follow","max-snippet":"max-snippet:-1","max-image-preview":"max-image-preview:large","max-video-preview":"max-video-preview:-1"},"canonical":"https:\/\/elfsight.com\/pl\/restaurant-menu-widget\/squarespace\/","og_locale":"pl_PL","og_type":"article","og_title":"Menu restauracji dla witryn Squarespace \u2014 szybko i za darmo","og_description":"Umie\u015b\u0107 przyjazn\u0105 dla urz\u0105dze\u0144 mobilnych aplikacj\u0119 Menu restauracji na swojej stronie internetowej Squarespace. Wypr\u00f3buj por\u0119czn\u0105 wersj\u0119 demonstracyjn\u0105 Elfsight i zmodyfikuj swoj\u0105 osza\u0142amiaj\u0105c\u0105 wtyczk\u0119 w ci\u0105gu kilku sekund","og_url":"https:\/\/elfsight.com\/pl\/restaurant-menu-widget\/squarespace\/","og_site_name":"Elfsight PL","article_modified_time":"2025-06-27T08:26:08+00:00","twitter_card":"summary_large_image","twitter_misc":{"Szacowany czas czytania":"4 minuty"},"schema":{"@context":"https:\/\/schema.org","@graph":[{"@type":"WebPage","@id":"https:\/\/elfsight.com\/pl\/restaurant-menu-widget\/squarespace\/","url":"https:\/\/elfsight.com\/pl\/restaurant-menu-widget\/squarespace\/","name":"Menu restauracji dla witryn Squarespace \u2014 szybko i za darmo","isPartOf":{"@id":"https:\/\/elfsight.com\/pl\/#website"},"datePublished":"1970-01-01T00:00:00+00:00","dateModified":"2025-06-27T08:26:08+00:00","description":"Umie\u015b\u0107 przyjazn\u0105 dla urz\u0105dze\u0144 mobilnych aplikacj\u0119 Menu restauracji na swojej stronie internetowej Squarespace. Wypr\u00f3buj por\u0119czn\u0105 wersj\u0119 demonstracyjn\u0105 Elfsight i zmodyfikuj swoj\u0105 osza\u0142amiaj\u0105c\u0105 wtyczk\u0119 w ci\u0105gu kilku sekund","breadcrumb":{"@id":"https:\/\/elfsight.com\/pl\/restaurant-menu-widget\/squarespace\/#breadcrumb"},"inLanguage":"pl-PL","potentialAction":[{"@type":"ReadAction","target":["https:\/\/elfsight.com\/pl\/restaurant-menu-widget\/squarespace\/"]}]},{"@type":"BreadcrumbList","@id":"https:\/\/elfsight.com\/pl\/restaurant-menu-widget\/squarespace\/#breadcrumb","itemListElement":[{"@type":"ListItem","position":1,"name":"Home","item":"https:\/\/elfsight.com\/pl\/"},{"@type":"ListItem","position":2,"name":"Restaurant Menu","item":"https:\/\/elfsight.com\/pl\/restaurant-menu-widget\/"},{"@type":"ListItem","position":3,"name":"Restaurant Menu &#8211; Squarespace"}]},{"@type":"WebSite","@id":"https:\/\/elfsight.com\/pl\/#website","url":"https:\/\/elfsight.com\/pl\/","name":"Elfsight PL","description":"Just another Elfsight Sites site","potentialAction":[{"@type":"SearchAction","target":{"@type":"EntryPoint","urlTemplate":"https:\/\/elfsight.com\/pl\/?s={search_term_string}"},"query-input":{"@type":"PropertyValueSpecification","valueRequired":true,"valueName":"search_term_string"}}],"inLanguage":"pl-PL"}]}},"meta_box":{"industry":"","seo_heading":"","heading":"","description":"","cta_heading":"","cta_description":"","application":"3358","h1":"Wtyczka Menu restauracji Squarespace","h1_caption":"Zaprezentuj menu swojej restauracji w atrakcyjnym wizualnie formacie, kt\u00f3ry mo\u017cna \u0142atwo aktualizowa\u0107 i przyjazny dla u\u017cytkownika w witrynie Squarespace.","application_category":[],"applications_title":"","applications_request_title":"","applications_request_button_text":"","hero_text":"","hero_video":"","hero_video_schema_markup":"","selling_points_title":"","selling_points_caption":"","selling_points":[],"selling_points_cta_text":"","features_title":"","features":"","ed_cta_examples_text":"","ed_cta_examples_hidden":"","ed_cta_demo_text":"","ed_cta_demo_hidden":"","why_caption":"","why_editor_title":"","why_editor_text":"","why_team_title":"","why_team_text":"","why_service_title":"","why_service_text":"","template_catalog_visible":"0","template_catalog_title":"","template_catalog_text":"","template_catalog_categories_visible":"","demo_title":"Utw\u00f3rz wtyczk\u0119 Menu restauracji","demo_caption":"Skonfiguruj menu restauracji i dodaj je za darmo do swojej witryny Squarespace!","default_faq_hidden":"","app_template_category":[],"platform":"7588","template_public_id":"","codecanyon_url":"","codecanyon_item_id":"","codecanyon_price":"","pricing_caption":"","pricing_elfsight_apps_hide_column":"","pricing_elfsight_apps_url":"","pricing_codecanyon_price_caption":"","integration_category":[],"integration_request_title":"","integration_request_cta":"","integration_platform":"","integrations":[],"platform_category":[],"video_schema_markup":"","price":"od 0 USD \/ miesi\u0105c","trial":"","benefits":[{"text":"Bezp\u0142atna pomoc w monta\u017cu"},{"text":"Skuteczna obs\u0142uga klienta"},{"text":"14-dniowa gwarancja zwrotu pieni\u0119dzy"}],"button_url":"#demo","button_target_blank":"0","button_nofollow":"0","attributes":[{"name":"Instaluje"},{"name":"Czu\u0142y"},{"name":"Kompatybilne przegl\u0105darki"}],"tags":[],"tags_disable_links":"0","hide_more_platforms":"0","video_object":"","demo_hide_cta":"0","demo_hide_cloud_options":"0","pricing_title":"","pricing":[{"pricing_icon":"platform","pricing_title":"Elfsight Apps","pricing_title_caption":"Niezale\u017cne od platformy rozwi\u0105zanie cyfrowe","pricing_price":"od 0 USD \/ miesi\u0105c","pricing_price_caption":"zacznij od bezp\u0142atnego planu","pricing_benefits":[{"text":"Nielimitowane strony internetowe"},{"text":"Szybkie i terminowe wsparcie"},{"text":"Bezp\u0142atna us\u0142uga monta\u017cu"},{"text":"Elastyczny projekt"}],"pricing_button_text":"Dodaj do witryny","pricing_button_url":"#demo"}],"related_apps_title":"","related_apps_hidden":"0","author":"","image":[],"title":"","job":"","social_networks":[]},"_links":{"self":[{"href":"https:\/\/elfsight.com\/pl\/wp-json\/wp\/v2\/pages\/6279","targetHints":{"allow":["GET"]}}],"collection":[{"href":"https:\/\/elfsight.com\/pl\/wp-json\/wp\/v2\/pages"}],"about":[{"href":"https:\/\/elfsight.com\/pl\/wp-json\/wp\/v2\/types\/page"}],"author":[{"embeddable":true,"href":"https:\/\/elfsight.com\/pl\/wp-json\/wp\/v2\/users\/9"}],"replies":[{"embeddable":true,"href":"https:\/\/elfsight.com\/pl\/wp-json\/wp\/v2\/comments?post=6279"}],"version-history":[{"count":2,"href":"https:\/\/elfsight.com\/pl\/wp-json\/wp\/v2\/pages\/6279\/revisions"}],"predecessor-version":[{"id":7988,"href":"https:\/\/elfsight.com\/pl\/wp-json\/wp\/v2\/pages\/6279\/revisions\/7988"}],"up":[{"embeddable":true,"href":"https:\/\/elfsight.com\/pl\/wp-json\/wp\/v2\/pages\/3408"}],"wp:attachment":[{"href":"https:\/\/elfsight.com\/pl\/wp-json\/wp\/v2\/media?parent=6279"}],"curies":[{"name":"wp","href":"https:\/\/api.w.org\/{rel}","templated":true}]}}