{"id":6278,"date":"1970-01-01T00:00:00","date_gmt":"1970-01-01T00:00:00","guid":{"rendered":"https:\/\/elfsight.com\/pl\/?page_id=6278"},"modified":"2024-11-14T08:56:47","modified_gmt":"2024-11-14T08:56:47","slug":"webnode","status":"publish","type":"page","link":"https:\/\/elfsight.com\/pl\/restaurant-menu-widget\/webnode\/","title":{"rendered":"Restaurant Menu &#8211; Webnode"},"content":{"rendered":"<div class=\"application-platform-content-item-description application-platform-content-item\" id=\"description\" data-nav-section=\"description\"> <h2>Opis<\/h2><p>Menu restauracji to najszybszy spos\u00f3b na zaprezentowanie wyj\u0105tkowej jako\u015bci i smaku Twojej kuchni oraz przyci\u0105gni\u0119cie uwagi u\u017cytkownik\u00f3w z kusz\u0105cymi obrazami jedzenia. Widget jest bardzo dostosowany do u\u017cytkownika i mo\u017cesz utworzy\u0107 dowoln\u0105 liczb\u0119 stron menu, sekcji i element\u00f3w. Nie wahaj si\u0119 wybra\u0107 jasnego lub ciemnego schematu lub dostosowa\u0107 ustawienia, odmalowuj\u0105c wszystkie kolory akcentuj\u0105ce. Poza tym Twoje menu mo\u017ce zawsze pozosta\u0107 aktualne: mo\u017cesz zaktualizowa\u0107 ceny, list\u0119 pozycji, doda\u0107 nowe posi\u0142ki, a nawet menu w ci\u0105gu kilku sekund! Koniec z gotowymi do druku menu, kt\u00f3re trzeba tworzy\u0107 od podstaw. Po prostu zacznij ju\u017c teraz tworzy\u0107 swoje apetyczne menu.<\/p> <p><b>Umie\u015b\u0107 menu restauracji, aby wznie\u015b\u0107 si\u0119 na szczyt e-commerce! Korzystaj\u0105c z menu na swojej stronie mo\u017cesz zaprosi\u0107 wi\u0119cej potencjalnych klient\u00f3w i. Spr\u00f3buj skorzysta\u0107 z Menu restauracji firmy Elfsight.<\/b><\/p><\/div><div class=\"application-platform-content-item-features application-platform-content-item\" id=\"features\" data-nav-section=\"features\"> <h2>Wy\u015bwietl list\u0119 najbardziej przydatnych funkcji: <\/h2> <ul><li>Po prostu narz\u0119dzie nawet dla nieprofesjonalnych u\u017cytkownik\u00f3w<\/li><li>Niesko\u0144czona ilo\u015b\u0107 menu, sekcji i element\u00f3w uporz\u0105dkowanych wed\u0142ug stylowych uk\u0142ad\u00f3w<\/li><li>\u0141atwe w zarz\u0105dzaniu menu i wszystkimi jego elementami w dowolnym momencie: popraw ceny, dodaj dania i napoje sezonowe itp. <\/li><li> Napisz szczeg\u00f3\u0142owe, dodatkowe informacje o produktach, nawet ikony, informacje o warto\u015bciach od\u017cywczych i plakietki <\/li><li>Do\u0142\u0105cz apetyczne zdj\u0119cia produkt\u00f3w, a nawet je poka\u017c w trybie wyskakuj\u0105cego okienka <\/li><li>Zmie\u0144 i pokoloruj dowolne elementy: tekst, schemat kolor\u00f3w i ikony <\/li><\/ul><p><a href=\"#demo\">Wypr\u00f3buj wszystkie ustawienia w trybie w pe\u0142ni funkcjonalnym demo<\/a><\/p> <\/div> <div class=\"application-platform-content-item-installation application-platform-content-item\" id=\"installation\" data-nav-section=\"installation\"> <h2>Jak doda\u0107 menu restauracji do mojej witryny Webnode? <\/h2> <p>Wystarczy wykona\u0107 poni\u017csze kroki, aby zintegrowa\u0107 widget: <\/p> <ol><li><b>Otw\u00f3rz nasze bezp\u0142atne demo i zacznij tworzy\u0107 sw\u00f3j spersonalizowany instrument. <\/b><br> Okre\u015bl po\u017c\u0105dany uk\u0142ad i cechy narz\u0119dzia i zastosuj poprawki. <\/li> <li><b>Zdob\u0105d\u017a sw\u00f3j osobisty kod, kt\u00f3ry pojawi si\u0119 w polu w aplikacjach Elfsight. <\/b><br> Po zako\u0144czeniu generowania narz\u0119dzia skopiuj kod osobisty w wy\u015bwietlonym oknie i zapisz go na p\u00f3\u017aniej. <\/li> <li><b>Rozpocznij korzystanie z narz\u0119dzia na stronie internetowej Webnode. <\/b><br> Dodaj wcze\u015bniej zapisany kod do swojej strony i zastosuj modyfikacje. <\/li> <li><b>Gotowe! Konfiguracja zosta\u0142a pomy\u015blnie przeprowadzona. <\/b><br> Odwied\u017a swoj\u0105 stron\u0119 internetow\u0105, aby zobaczy\u0107, jak dzia\u0142a widget. <\/li><\/ol> <p>W przypadku pyta\u0144 lub komplikacji prosimy o kontakt z naszym dzia\u0142em obs\u0142ugi klienta. Specjali\u015bci Elfsight ch\u0119tnie pomog\u0105 Ci we wszystkich pytaniach zwi\u0105zanych z widgetem. <\/p> <div class=\"faq\" data-component=\"FAQ\"><div class=\"faq-item\">\r\n\t\t\t\t\t<div class=\"faq-item-question\">\r\n\t\t\t\t\t\t<h3 class=\"faq-item-question-text\">W jaki spos\u00f3b mo\u017cna doda\u0107 Menu Restauracji do mojej witryny Webnode bez kodowania?<\/h3>\r\n\r\n\t\t\t\t\t\t<div class=\"faq-item-question-icon\"><\/div>\r\n\t\t\t\t\t<\/div>\r\n\r\n\t\t\t\t\t<div class=\"faq-item-answer\">\r\n\t\t\t\t\t\t<div class=\"faq-item-answer-text\"> <p>Firma Elfsight wprowadza rozwi\u0105zanie SaaS, kt\u00f3re pozwala u\u017cytkownikom samodzielnie skonfigurowa\u0107 wtyczk\u0119 Restaurant Menu , zobacz proste kroki: Pracuj od razu w wersji demonstracyjnej na \u017cywo, aby wygenerowa\u0107 aplikacj\u0119 Menu restauracji, kt\u00f3r\u0105 chcesz osadzi\u0107 na swojej stronie internetowej Webnode. Zdecyduj si\u0119 na jeden z naszych wst\u0119pnie zaprojektowanych szablon\u00f3w i dostosuj ustawienia menu restauracji, do\u0142\u0105cz swoj\u0105 tre\u015b\u0107, zmie\u0144 uk\u0142ad i schemat kolor\u00f3w bez umiej\u0119tno\u015bci kodowania. Zapisz dokonane ustawienia w Menu Restauracji i uzyskaj kod wtyczki do instalacji, kt\u00f3ry mo\u017cesz bez problemu doda\u0107 do strony internetowej Webnode bez konieczno\u015bci zakupu p\u0142atnej subskrypcji. Dzi\u0119ki prostemu w obs\u0142udze konfiguratorowi ka\u017cdy internauta mo\u017ce stworzy\u0107 wtyczk\u0119 Restaurant Menu i \u0142atwo osadzi\u0107 j\u0105 na dowolnej witrynie Webnode. Aby uzyska\u0107 dost\u0119p do us\u0142ugi, nie trzeba p\u0142aci\u0107 ani podawa\u0107 danych karty. Je\u015bli na kt\u00f3rymkolwiek etapie napotkasz jakiekolwiek problemy, skontaktuj si\u0119 z naszym personelem pomocy technicznej.<\/p> <\/div>\r\n\t\t\t\t\t<\/div>\r\n\t\t\t\t<\/div> <\/div><\/div>","protected":false},"excerpt":{"rendered":"","protected":false},"author":9,"featured_media":0,"parent":3408,"menu_order":0,"comment_status":"closed","ping_status":"closed","template":"templates\/template-application-platform.php","meta":{"publish_to_discourse":"","publish_post_category":"","wpdc_auto_publish_overridden":"","wpdc_topic_tags":"","wpdc_pin_topic":"","wpdc_pin_until":"","discourse_post_id":"","discourse_permalink":"","wpdc_publishing_response":"","wpdc_publishing_error":"","footnotes":""},"class_list":["post-6278","page","type-page","status-publish","hentry"],"yoast_head":"<!-- This site is optimized with the Yoast SEO plugin v25.3.1 - https:\/\/yoast.com\/wordpress\/plugins\/seo\/ -->\n<title>Widget Menu Restauracji dla stron Webnode - szybko i za darmo<\/title>\n<meta name=\"description\" content=\"Zaimplementuj \u0142atwy w zarz\u0105dzaniu wid\u017cet Menu restauracji na swojej stronie internetowej Webnode. Skorzystaj z por\u0119cznej wersji demonstracyjnej Elfsight i stw\u00f3rz niesamowite menu za pomoc\u0105 kilku klikni\u0119\u0107\" \/>\n<meta name=\"robots\" content=\"index, follow, max-snippet:-1, max-image-preview:large, max-video-preview:-1\" \/>\n<link rel=\"canonical\" href=\"https:\/\/elfsight.com\/pl\/restaurant-menu-widget\/webnode\/\" \/>\n<meta property=\"og:locale\" content=\"pl_PL\" \/>\n<meta property=\"og:type\" content=\"article\" \/>\n<meta property=\"og:title\" content=\"Widget Menu Restauracji dla stron Webnode - szybko i za darmo\" \/>\n<meta property=\"og:description\" content=\"Zaimplementuj \u0142atwy w zarz\u0105dzaniu wid\u017cet Menu restauracji na swojej stronie internetowej Webnode. Skorzystaj z por\u0119cznej wersji demonstracyjnej Elfsight i stw\u00f3rz niesamowite menu za pomoc\u0105 kilku klikni\u0119\u0107\" \/>\n<meta property=\"og:url\" content=\"https:\/\/elfsight.com\/pl\/restaurant-menu-widget\/webnode\/\" \/>\n<meta property=\"og:site_name\" content=\"Elfsight PL\" \/>\n<meta property=\"article:modified_time\" content=\"2024-11-14T08:56:47+00:00\" \/>\n<meta name=\"twitter:card\" content=\"summary_large_image\" \/>\n<meta name=\"twitter:label1\" content=\"Szacowany czas czytania\" \/>\n\t<meta name=\"twitter:data1\" content=\"3 minuty\" \/>\n<!-- \/ Yoast SEO plugin. -->","yoast_head_json":{"title":"Widget Menu Restauracji dla stron Webnode - szybko i za darmo","description":"Zaimplementuj \u0142atwy w zarz\u0105dzaniu wid\u017cet Menu restauracji na swojej stronie internetowej Webnode. Skorzystaj z por\u0119cznej wersji demonstracyjnej Elfsight i stw\u00f3rz niesamowite menu za pomoc\u0105 kilku klikni\u0119\u0107","robots":{"index":"index","follow":"follow","max-snippet":"max-snippet:-1","max-image-preview":"max-image-preview:large","max-video-preview":"max-video-preview:-1"},"canonical":"https:\/\/elfsight.com\/pl\/restaurant-menu-widget\/webnode\/","og_locale":"pl_PL","og_type":"article","og_title":"Widget Menu Restauracji dla stron Webnode - szybko i za darmo","og_description":"Zaimplementuj \u0142atwy w zarz\u0105dzaniu wid\u017cet Menu restauracji na swojej stronie internetowej Webnode. Skorzystaj z por\u0119cznej wersji demonstracyjnej Elfsight i stw\u00f3rz niesamowite menu za pomoc\u0105 kilku klikni\u0119\u0107","og_url":"https:\/\/elfsight.com\/pl\/restaurant-menu-widget\/webnode\/","og_site_name":"Elfsight PL","article_modified_time":"2024-11-14T08:56:47+00:00","twitter_card":"summary_large_image","twitter_misc":{"Szacowany czas czytania":"3 minuty"},"schema":{"@context":"https:\/\/schema.org","@graph":[{"@type":"WebPage","@id":"https:\/\/elfsight.com\/pl\/restaurant-menu-widget\/webnode\/","url":"https:\/\/elfsight.com\/pl\/restaurant-menu-widget\/webnode\/","name":"Widget Menu Restauracji dla stron Webnode - szybko i za darmo","isPartOf":{"@id":"https:\/\/elfsight.com\/pl\/#website"},"datePublished":"1970-01-01T00:00:00+00:00","dateModified":"2024-11-14T08:56:47+00:00","description":"Zaimplementuj \u0142atwy w zarz\u0105dzaniu wid\u017cet Menu restauracji na swojej stronie internetowej Webnode. Skorzystaj z por\u0119cznej wersji demonstracyjnej Elfsight i stw\u00f3rz niesamowite menu za pomoc\u0105 kilku klikni\u0119\u0107","breadcrumb":{"@id":"https:\/\/elfsight.com\/pl\/restaurant-menu-widget\/webnode\/#breadcrumb"},"inLanguage":"pl-PL","potentialAction":[{"@type":"ReadAction","target":["https:\/\/elfsight.com\/pl\/restaurant-menu-widget\/webnode\/"]}]},{"@type":"BreadcrumbList","@id":"https:\/\/elfsight.com\/pl\/restaurant-menu-widget\/webnode\/#breadcrumb","itemListElement":[{"@type":"ListItem","position":1,"name":"Home","item":"https:\/\/elfsight.com\/pl\/"},{"@type":"ListItem","position":2,"name":"Restaurant Menu","item":"https:\/\/elfsight.com\/pl\/restaurant-menu-widget\/"},{"@type":"ListItem","position":3,"name":"Restaurant Menu &#8211; Webnode"}]},{"@type":"WebSite","@id":"https:\/\/elfsight.com\/pl\/#website","url":"https:\/\/elfsight.com\/pl\/","name":"Elfsight PL","description":"Just another Elfsight Sites site","potentialAction":[{"@type":"SearchAction","target":{"@type":"EntryPoint","urlTemplate":"https:\/\/elfsight.com\/pl\/?s={search_term_string}"},"query-input":{"@type":"PropertyValueSpecification","valueRequired":true,"valueName":"search_term_string"}}],"inLanguage":"pl-PL"}]}},"meta_box":{"industry":"","seo_heading":"","heading":"","description":"","cta_heading":"","cta_description":"","application":"3358","h1":"Wid\u017cet menu restauracji Webnode","h1_caption":"Zaprezentuj menu swojej restauracji w atrakcyjnym wizualnie formacie, kt\u00f3ry mo\u017cna \u0142atwo aktualizowa\u0107 i przyjazny dla u\u017cytkownika w witrynie Webnode.","application_category":[],"applications_title":"","applications_request_title":"","applications_request_button_text":"","hero_text":"","hero_video":"","hero_video_schema_markup":"","selling_points_title":"","selling_points_caption":"","selling_points":[],"selling_points_cta_text":"","features_title":"","features":"","ed_cta_examples_text":"","ed_cta_examples_hidden":"","ed_cta_demo_text":"","ed_cta_demo_hidden":"","why_caption":"","why_editor_title":"","why_editor_text":"","why_team_title":"","why_team_text":"","why_service_title":"","why_service_text":"","template_catalog_visible":"","template_catalog_title":"","template_catalog_text":"","template_catalog_categories_visible":"","demo_title":"Utw\u00f3rz wid\u017cet Menu restauracji","demo_caption":"Skonfiguruj swoje Menu Restauracji i dodaj je za darmo do swojej witryny Webnode!","default_faq_hidden":"","app_template_category":[],"platform":"138","template_public_id":"","codecanyon_url":"","codecanyon_item_id":"","codecanyon_price":"","pricing_caption":"","pricing_elfsight_apps_hide_column":"","pricing_elfsight_apps_url":"","pricing_codecanyon_price_caption":"","integration_category":[],"integration_request_title":"","integration_request_cta":"","integration_platform":"","integrations":[],"platform_category":[],"video_schema_markup":"","price":"od 0 USD \/ miesi\u0105c","trial":"","benefits":[{"text":"Profesjonalna obs\u0142uga klienta"},{"text":"Wsparcie premium"},{"text":"14-dniowa gwarancja zwrotu pieni\u0119dzy"}],"button_url":"#demo","button_target_blank":"","button_nofollow":"","attributes":[{"name":"Instaluje"},{"name":"Czu\u0142y"},{"name":"Kompatybilne przegl\u0105darki"}],"tags":[],"tags_disable_links":"","hide_more_platforms":"","video_object":"","demo_hide_cta":"","demo_hide_cloud_options":"","pricing_title":"","pricing":[{"pricing_icon":"platform","pricing_title":"Elfsight Apps","pricing_title_caption":"Oprogramowanie niezale\u017cne od platformy, kt\u00f3re pasuje do ka\u017cdej witryny","pricing_price":"od 0 USD \/ miesi\u0105c","pricing_price_caption":"zacznij od bezp\u0142atnego planu","pricing_benefits":[{"text":"Nielimitowane domeny"},{"text":"Ca\u0142odobowe i terminowe wsparcie"},{"text":"Bezp\u0142atna us\u0142uga monta\u017cu"},{"text":"Specjalna cena za wiele aplikacji"}],"pricing_button_text":"Dodaj do witryny","pricing_button_url":"#demo"}],"related_apps_title":"","related_apps_hidden":"","author":"","image":[],"title":"","job":"","social_networks":[]},"_links":{"self":[{"href":"https:\/\/elfsight.com\/pl\/wp-json\/wp\/v2\/pages\/6278","targetHints":{"allow":["GET"]}}],"collection":[{"href":"https:\/\/elfsight.com\/pl\/wp-json\/wp\/v2\/pages"}],"about":[{"href":"https:\/\/elfsight.com\/pl\/wp-json\/wp\/v2\/types\/page"}],"author":[{"embeddable":true,"href":"https:\/\/elfsight.com\/pl\/wp-json\/wp\/v2\/users\/9"}],"replies":[{"embeddable":true,"href":"https:\/\/elfsight.com\/pl\/wp-json\/wp\/v2\/comments?post=6278"}],"version-history":[{"count":1,"href":"https:\/\/elfsight.com\/pl\/wp-json\/wp\/v2\/pages\/6278\/revisions"}],"predecessor-version":[{"id":6282,"href":"https:\/\/elfsight.com\/pl\/wp-json\/wp\/v2\/pages\/6278\/revisions\/6282"}],"up":[{"embeddable":true,"href":"https:\/\/elfsight.com\/pl\/wp-json\/wp\/v2\/pages\/3408"}],"wp:attachment":[{"href":"https:\/\/elfsight.com\/pl\/wp-json\/wp\/v2\/media?parent=6278"}],"curies":[{"name":"wp","href":"https:\/\/api.w.org\/{rel}","templated":true}]}}