{"id":6277,"date":"1970-01-01T00:00:00","date_gmt":"1970-01-01T00:00:00","guid":{"rendered":"https:\/\/elfsight.com\/pl\/?page_id=6277"},"modified":"2024-11-14T08:56:47","modified_gmt":"2024-11-14T08:56:47","slug":"weebly","status":"publish","type":"page","link":"https:\/\/elfsight.com\/pl\/restaurant-menu-widget\/weebly\/","title":{"rendered":"Restaurant Menu &#8211; Weebly"},"content":{"rendered":"<div class=\"application-platform-content-item-description application-platform-content-item\" id=\"description\" data-nav-section=\"description\"> <h2>Opis<\/h2><p>Menu restauracji to \u015bwietny spos\u00f3b na zaprezentowanie swojej kuchni, oryginalnego pomys\u0142u i kuszenie odbiorc\u00f3w apetycznymi zdj\u0119cia produkt\u00f3w. Aplikacja jest bardzo przydatna i umo\u017cliwia tworzenie wielu menu z niesamowit\u0105 liczb\u0105 sekcji i element\u00f3w. Wybierz jasny, ciemny schemat lub zmie\u0144 ustawienia wed\u0142ug w\u0142asnego uznania, ponownie koloruj\u0105c wszystkie elementy. Wid\u017cet pozwala tak\u017ce na zachowanie aktualno\u015bci informacji: korygowanie cen, zmian\u0119 listy pozycji, dodawanie nowych da\u0144, a nawet sezonowych menu w ci\u0105gu zaledwie kilku sekund! Koniec z plikami PDF, kt\u00f3re trzeba tworzy\u0107 od zera. Po prostu zacznij ju\u017c teraz tworzy\u0107 swoje fascynuj\u0105ce menu.<\/p> <p><b>Wstaw menu restauracji, aby szybciej osi\u0105gn\u0105\u0107 swoje cele biznesowe! Korzystaj\u0105c z menu na swojej stronie, Twoja restauracja mo\u017ce pozyska\u0107 wi\u0119cej go\u015bci i rozpocz\u0105\u0107 aktywny rozw\u00f3j biznesu!<\/b><\/p> <\/div> <div class=\"application-platform-content-item-features application-platform-content-item\" id=\"features\" data-nav-section=\"features\"> <h2>Istnieje kilka najwa\u017cniejszych funkcji widget\u00f3w : <\/h2> <ul><li>\u0141atwe w zarz\u0105dzaniu nawet dla nieprofesjonalnych u\u017cytkownik\u00f3w <\/li><li>Nieograniczona liczba menu, sekcji lub element\u00f3w, kt\u00f3re mo\u017cna po prostu zaaran\u017cowa\u0107 za pomoc\u0105 uk\u0142adu aplikacji <\/li><li>W\u0142a\u015bciwe menu i wszystkie jego elementy w dowolnym miejscu za pomoc\u0105 kilku klikni\u0119\u0107<\/li><li>Dodaj szczeg\u00f3\u0142owe informacje o ka\u017cdym produkcie, na przyk\u0142ad ikony, informacje o warto\u015bciach od\u017cywczych i plakietki <\/li><li>Do\u0142\u0105cz kusz\u0105ce zdj\u0119cia produkt\u00f3w i nawet zademonstruj je w trybie wyskakuj\u0105cym <\/li><li>Zmie\u0144 i przemaluj dowolne elementy: tekst, schemat kolor\u00f3w i ikony <\/li><\/ul><p><a href=\"#demo\">Po prostu wypr\u00f3buj t\u0119 wersj\u0119 demonstracyjn\u0105, aby poznaj pe\u0142ny obraz<\/a><\/p> <\/div> <div class=\"application-platform-content-item-installation application-platform-content-item\" id=\"installation\" data-nav-section=\"installation\"> <h2>Jak doda\u0107 menu restauracji do mojej witryny Weebly? <\/h2><div class=\"video-container\"><iframe width=\"720\" height=\"405\" src=\"https:\/\/www.youtube.com\/embed\/EkHtqti-bY4\" frameborder=\"0\" allowfullscreen=\"\"><\/iframe><\/div><p>Wystarczy wykona\u0107 poni\u017csze kroki, aby doda\u0107 narz\u0119dzie: <\/p> <ol><li><b>Uruchom nasz darmowy edytor i zacznij tworzy\u0107 w\u0142asne &#8211; stworzona aplikacja. <\/b><br> Okre\u015bl odpowiedni wygl\u0105d i cechy funkcjonalne aplikacji i zastosuj wszystkie poprawki. <\/li> <li><b>Uzyskaj unikalny kod pojawiaj\u0105cy si\u0119 w specjalnym formularzu w aplikacjach Elfsight. <\/b><br> Po zako\u0144czeniu dostosowywania aplikacji skopiuj kod osobisty w wy\u015bwietlonym oknie i zachowaj go do wykorzystania w przysz\u0142o\u015bci. <\/li> <li><b>Rozpocznij korzystanie z aplikacji w witrynie Weebly. <\/b><br> Wprowad\u017a kod, kt\u00f3ry niedawno skopiowa\u0142e\u015b na swoj\u0105 stron\u0119 internetow\u0105 i zastosuj zmiany. <\/li> <li><b>Instalacja zosta\u0142a pomy\u015blnie zako\u0144czona. <\/b><br> Otw\u00f3rz swoj\u0105 stron\u0119 internetow\u0105, aby sprawdzi\u0107 dzia\u0142anie aplikacji. <\/li><\/ol><p>Je\u015bli napotkasz jakie\u015b trudno\u015bci, nie wahaj si\u0119 zwr\u00f3ci\u0107 do naszego dzia\u0142u obs\u0142ugi klienta. Nasz zesp\u00f3\u0142 Elfsight ch\u0119tnie rozwi\u0105\u017ce wszystkie problemy, jakie mo\u017cesz mie\u0107 z aplikacj\u0105. <\/p> <div class=\"faq\" data-component=\"FAQ\"><div class=\"faq-item\">\r\n\t\t\t\t\t<div class=\"faq-item-question\">\r\n\t\t\t\t\t\t<h3 class=\"faq-item-question-text\">Czy istnieje metoda dodania menu restauracji do mojej strony internetowej Weebly bez konieczno\u015bci programowania?<\/h3>\r\n\r\n\t\t\t\t\t\t<div class=\"faq-item-question-icon\"><\/div>\r\n\t\t\t\t\t<\/div>\r\n\r\n\t\t\t\t\t<div class=\"faq-item-answer\">\r\n\t\t\t\t\t\t<div class=\"faq-item-answer-text\"> <p>Elfsight zapewnia rozwi\u0105zanie SaaS, kt\u00f3re umo\u017cliwia samodzielne zbudowanie wid\u017cetu Menu restauracji, zobacz, jakie to nieskomplikowane: Przejd\u017a do edytora na \u017cywo, aby utworzy\u0107 wtyczk\u0119 Menu restauracji, kt\u00f3r\u0105 chcesz doda\u0107 na stronie Weebly. Wybierz jeden z gotowych szablon\u00f3w i dostosuj ustawienia Menu Restauracji, zmie\u0144 uk\u0142ad i kolor element\u00f3w oraz zaktualizuj tre\u015b\u0107 bez do\u015bwiadczenia w kodowaniu. Kliknij, aby zapisa\u0107 Menu Restauracji i skopiuj kod instalacyjny, kt\u00f3ry mo\u017cesz bez problemu osadzi\u0107 na stronie Weebly w ramach bezp\u0142atnego planu. Za pomoc\u0105 naszego przyjaznego dla u\u017cytkownika edytora ka\u017cdy u\u017cytkownik Internetu mo\u017ce utworzy\u0107 wid\u017cet Menu restauracji online i bez wysi\u0142ku wklei\u0107 go na swoj\u0105 witryn\u0119 Weebly. Aby wej\u015b\u0107 do us\u0142ugi nie jest konieczne wykupienie p\u0142atnego abonamentu ani podanie danych karty. Je\u015bli napotkasz jakiekolwiek problemy, nie wahaj si\u0119 porozmawia\u0107 z naszym zespo\u0142em pomocy technicznej.<\/p> <\/div>\r\n\t\t\t\t\t<\/div>\r\n\t\t\t\t<\/div> <\/div><\/div>","protected":false},"excerpt":{"rendered":"","protected":false},"author":9,"featured_media":0,"parent":3408,"menu_order":0,"comment_status":"closed","ping_status":"closed","template":"templates\/template-application-platform.php","meta":{"publish_to_discourse":"","publish_post_category":"","wpdc_auto_publish_overridden":"","wpdc_topic_tags":"","wpdc_pin_topic":"","wpdc_pin_until":"","discourse_post_id":"","discourse_permalink":"","wpdc_publishing_response":"","wpdc_publishing_error":"","footnotes":""},"class_list":["post-6277","page","type-page","status-publish","hentry"],"yoast_head":"<!-- This site is optimized with the Yoast SEO plugin v25.3.1 - https:\/\/yoast.com\/wordpress\/plugins\/seo\/ -->\n<title>Menu restauracji dla Twoich witryn Weebly \u2014 bezp\u0142atne i stylowe<\/title>\n<meta name=\"description\" content=\"Zaimplementuj responsywn\u0105 aplikacj\u0119 Menu restauracji w swojej witrynie Weebly. Wypr\u00f3buj por\u0119czn\u0105 wersj\u0119 demonstracyjn\u0105 Elfsight i wygeneruj swoj\u0105 wspania\u0142\u0105 aplikacj\u0119 w ci\u0105gu kilku minut.\" \/>\n<meta name=\"robots\" content=\"index, follow, max-snippet:-1, max-image-preview:large, max-video-preview:-1\" \/>\n<link rel=\"canonical\" href=\"https:\/\/elfsight.com\/pl\/restaurant-menu-widget\/weebly\/\" \/>\n<meta property=\"og:locale\" content=\"pl_PL\" \/>\n<meta property=\"og:type\" content=\"article\" \/>\n<meta property=\"og:title\" content=\"Menu restauracji dla Twoich witryn Weebly \u2014 bezp\u0142atne i stylowe\" \/>\n<meta property=\"og:description\" content=\"Zaimplementuj responsywn\u0105 aplikacj\u0119 Menu restauracji w swojej witrynie Weebly. Wypr\u00f3buj por\u0119czn\u0105 wersj\u0119 demonstracyjn\u0105 Elfsight i wygeneruj swoj\u0105 wspania\u0142\u0105 aplikacj\u0119 w ci\u0105gu kilku minut.\" \/>\n<meta property=\"og:url\" content=\"https:\/\/elfsight.com\/pl\/restaurant-menu-widget\/weebly\/\" \/>\n<meta property=\"og:site_name\" content=\"Elfsight PL\" \/>\n<meta property=\"article:modified_time\" content=\"2024-11-14T08:56:47+00:00\" \/>\n<meta name=\"twitter:card\" content=\"summary_large_image\" \/>\n<meta name=\"twitter:label1\" content=\"Szacowany czas czytania\" \/>\n\t<meta name=\"twitter:data1\" content=\"3 minuty\" \/>\n<!-- \/ Yoast SEO plugin. -->","yoast_head_json":{"title":"Menu restauracji dla Twoich witryn Weebly \u2014 bezp\u0142atne i stylowe","description":"Zaimplementuj responsywn\u0105 aplikacj\u0119 Menu restauracji w swojej witrynie Weebly. Wypr\u00f3buj por\u0119czn\u0105 wersj\u0119 demonstracyjn\u0105 Elfsight i wygeneruj swoj\u0105 wspania\u0142\u0105 aplikacj\u0119 w ci\u0105gu kilku minut.","robots":{"index":"index","follow":"follow","max-snippet":"max-snippet:-1","max-image-preview":"max-image-preview:large","max-video-preview":"max-video-preview:-1"},"canonical":"https:\/\/elfsight.com\/pl\/restaurant-menu-widget\/weebly\/","og_locale":"pl_PL","og_type":"article","og_title":"Menu restauracji dla Twoich witryn Weebly \u2014 bezp\u0142atne i stylowe","og_description":"Zaimplementuj responsywn\u0105 aplikacj\u0119 Menu restauracji w swojej witrynie Weebly. Wypr\u00f3buj por\u0119czn\u0105 wersj\u0119 demonstracyjn\u0105 Elfsight i wygeneruj swoj\u0105 wspania\u0142\u0105 aplikacj\u0119 w ci\u0105gu kilku minut.","og_url":"https:\/\/elfsight.com\/pl\/restaurant-menu-widget\/weebly\/","og_site_name":"Elfsight PL","article_modified_time":"2024-11-14T08:56:47+00:00","twitter_card":"summary_large_image","twitter_misc":{"Szacowany czas czytania":"3 minuty"},"schema":{"@context":"https:\/\/schema.org","@graph":[{"@type":"WebPage","@id":"https:\/\/elfsight.com\/pl\/restaurant-menu-widget\/weebly\/","url":"https:\/\/elfsight.com\/pl\/restaurant-menu-widget\/weebly\/","name":"Menu restauracji dla Twoich witryn Weebly \u2014 bezp\u0142atne i stylowe","isPartOf":{"@id":"https:\/\/elfsight.com\/pl\/#website"},"datePublished":"1970-01-01T00:00:00+00:00","dateModified":"2024-11-14T08:56:47+00:00","description":"Zaimplementuj responsywn\u0105 aplikacj\u0119 Menu restauracji w swojej witrynie Weebly. Wypr\u00f3buj por\u0119czn\u0105 wersj\u0119 demonstracyjn\u0105 Elfsight i wygeneruj swoj\u0105 wspania\u0142\u0105 aplikacj\u0119 w ci\u0105gu kilku minut.","breadcrumb":{"@id":"https:\/\/elfsight.com\/pl\/restaurant-menu-widget\/weebly\/#breadcrumb"},"inLanguage":"pl-PL","potentialAction":[{"@type":"ReadAction","target":["https:\/\/elfsight.com\/pl\/restaurant-menu-widget\/weebly\/"]}]},{"@type":"BreadcrumbList","@id":"https:\/\/elfsight.com\/pl\/restaurant-menu-widget\/weebly\/#breadcrumb","itemListElement":[{"@type":"ListItem","position":1,"name":"Home","item":"https:\/\/elfsight.com\/pl\/"},{"@type":"ListItem","position":2,"name":"Restaurant Menu","item":"https:\/\/elfsight.com\/pl\/restaurant-menu-widget\/"},{"@type":"ListItem","position":3,"name":"Restaurant Menu &#8211; Weebly"}]},{"@type":"WebSite","@id":"https:\/\/elfsight.com\/pl\/#website","url":"https:\/\/elfsight.com\/pl\/","name":"Elfsight PL","description":"Just another Elfsight Sites site","potentialAction":[{"@type":"SearchAction","target":{"@type":"EntryPoint","urlTemplate":"https:\/\/elfsight.com\/pl\/?s={search_term_string}"},"query-input":{"@type":"PropertyValueSpecification","valueRequired":true,"valueName":"search_term_string"}}],"inLanguage":"pl-PL"}]}},"meta_box":{"industry":"","seo_heading":"","heading":"","description":"","cta_heading":"","cta_description":"","application":"3358","h1":"Aplikacja menu restauracji Weebly","h1_caption":"Zaprezentuj menu swojej restauracji w atrakcyjnym wizualnie formacie, kt\u00f3ry mo\u017cna \u0142atwo aktualizowa\u0107 i kt\u00f3ry jest przyjazny dla u\u017cytkownika, w witrynie Weebly.","application_category":[],"applications_title":"","applications_request_title":"","applications_request_button_text":"","hero_text":"","hero_video":"","hero_video_schema_markup":"","selling_points_title":"","selling_points_caption":"","selling_points":[],"selling_points_cta_text":"","features_title":"","features":"","ed_cta_examples_text":"","ed_cta_examples_hidden":"","ed_cta_demo_text":"","ed_cta_demo_hidden":"","why_caption":"","why_editor_title":"","why_editor_text":"","why_team_title":"","why_team_text":"","why_service_title":"","why_service_text":"","template_catalog_visible":"","template_catalog_title":"","template_catalog_text":"","template_catalog_categories_visible":"","demo_title":"Utw\u00f3rz aplikacj\u0119 Menu restauracji","demo_caption":"Skonfiguruj menu restauracji i dodaj je za darmo do swojej witryny Weebly!","default_faq_hidden":"","app_template_category":[],"platform":"132","template_public_id":"","codecanyon_url":"","codecanyon_item_id":"","codecanyon_price":"","pricing_caption":"","pricing_elfsight_apps_hide_column":"","pricing_elfsight_apps_url":"","pricing_codecanyon_price_caption":"","integration_category":[],"integration_request_title":"","integration_request_cta":"","integration_platform":"","integrations":[],"platform_category":[],"video_schema_markup":"","price":"od 0 USD \/ miesi\u0105c","trial":"","benefits":[{"text":"Bezp\u0142atna us\u0142uga monta\u017cu"},{"text":"Wsparcie premium"},{"text":"14-dniowa gwarancja zwrotu pieni\u0119dzy"}],"button_url":"#demo","button_target_blank":"","button_nofollow":"","attributes":[{"name":"Instaluje"},{"name":"Czu\u0142y"},{"name":"Kompatybilne przegl\u0105darki"}],"tags":[],"tags_disable_links":"","hide_more_platforms":"","video_object":"","demo_hide_cta":"","demo_hide_cloud_options":"","pricing_title":"","pricing":[{"pricing_icon":"platform","pricing_title":"Elfsight Apps","pricing_title_caption":"Wersja niezale\u017cna od platformy, kt\u00f3ra pasuje do ka\u017cdej witryny internetowej","pricing_price":"od 0 USD \/ miesi\u0105c","pricing_price_caption":"zacznij od bezp\u0142atnego planu","pricing_benefits":[{"text":"Nielimitowane domeny"},{"text":"Wsparcie firmy premium"},{"text":"Bezp\u0142atna pomoc w monta\u017cu"},{"text":"W pe\u0142ni konfigurowalny"}],"pricing_button_text":"Dodaj do witryny","pricing_button_url":"#demo"}],"related_apps_title":"","related_apps_hidden":"","author":"","image":[],"title":"","job":"","social_networks":[]},"_links":{"self":[{"href":"https:\/\/elfsight.com\/pl\/wp-json\/wp\/v2\/pages\/6277","targetHints":{"allow":["GET"]}}],"collection":[{"href":"https:\/\/elfsight.com\/pl\/wp-json\/wp\/v2\/pages"}],"about":[{"href":"https:\/\/elfsight.com\/pl\/wp-json\/wp\/v2\/types\/page"}],"author":[{"embeddable":true,"href":"https:\/\/elfsight.com\/pl\/wp-json\/wp\/v2\/users\/9"}],"replies":[{"embeddable":true,"href":"https:\/\/elfsight.com\/pl\/wp-json\/wp\/v2\/comments?post=6277"}],"version-history":[{"count":2,"href":"https:\/\/elfsight.com\/pl\/wp-json\/wp\/v2\/pages\/6277\/revisions"}],"predecessor-version":[{"id":7987,"href":"https:\/\/elfsight.com\/pl\/wp-json\/wp\/v2\/pages\/6277\/revisions\/7987"}],"up":[{"embeddable":true,"href":"https:\/\/elfsight.com\/pl\/wp-json\/wp\/v2\/pages\/3408"}],"wp:attachment":[{"href":"https:\/\/elfsight.com\/pl\/wp-json\/wp\/v2\/media?parent=6277"}],"curies":[{"name":"wp","href":"https:\/\/api.w.org\/{rel}","templated":true}]}}