{"id":6272,"date":"1970-01-01T00:00:00","date_gmt":"1970-01-01T00:00:00","guid":{"rendered":"https:\/\/elfsight.com\/pl\/?page_id=6272"},"modified":"2024-11-14T08:56:38","modified_gmt":"2024-11-14T08:56:38","slug":"wix","status":"publish","type":"page","link":"https:\/\/elfsight.com\/pl\/restaurant-menu-widget\/wix\/","title":{"rendered":"Restaurant Menu &#8211; Wix"},"content":{"rendered":"<div class=\"application-platform-content-item-description application-platform-content-item\" id=\"description\" data-nav-section=\"description\"> <h2>Opis<\/h2><p>Menu restauracji to \u0142atwy spos\u00f3b na zaprezentowanie odbiorcom smacznych potraw i napoj\u00f3w, przekazanie wyj\u0105tkowego koncepcj\u0119 i przyci\u0105gnij ich uwag\u0119 magnetycznymi zdj\u0119ciami produkt\u00f3w. Wtyczka jest bardzo przydatna. Mo\u017cesz prezentowa\u0107 nieograniczon\u0105 liczb\u0119 stron menu z wieloma sekcjami i pozycjami. Wybierz jasny, ciemny schemat lub dostosuj dowolne elementy, przekolorowuj\u0105c wszystkie elementy. Poza tym Twoje menu mo\u017ce zawsze by\u0107 aktualne: mo\u017cesz zaktualizowa\u0107 ceny lub list\u0119 pozycji, doda\u0107 nowe dania, a nawet menu w ci\u0105gu kilku sekund! Koniec z gotowymi do druku menu, kt\u00f3re trzeba tworzy\u0107 od podstaw. Po prostu zacznij tworzy\u0107 swoje stylowe menu ju\u017c teraz. <\/p> <p><b>Wykorzystaj to, co najlepsze w menu restauracji, aby osi\u0105gn\u0105\u0107 szczyt popularno\u015bci przy mniejszym wysi\u0142ku! Za pomoc\u0105 menu na Twojej stronie internetowej Tw\u00f3j lokal mo\u017ce zaprosi\u0107 wi\u0119cej go\u015bci ni\u017c kiedykolwiek. Zacznij korzysta\u0107 z Menu Restauracji od Elfsight<\/b><\/p> <\/div> <div class=\"application-platform-content-item-features application-platform-content-item\" id=\"features\" data-nav-section=\"features\"> <h2>Oferujemy przydatne i nieskomplikowane funkcje, zobacz niekt\u00f3re z nich: <\/h2> <ul><li>Edytor przyjazny dla u\u017cytkownika, nawet dla u\u017cytkownik\u00f3w nietechnicznych<\/li><li>Niesko\u0144czona ilo\u015b\u0107 menu, sekcji i element\u00f3w, \u0142atwo uporz\u0105dkowanych wed\u0142ug stylowych uk\u0142ad\u00f3w<\/li><li>Zawsze aktualne informacje. Popraw menu i wszystkie jego ustawienia, kiedy tylko chcesz <\/li><li> Wy\u015bwietl szczeg\u00f3\u0142owy opis produkt\u00f3w: nawet ikony, elementy od\u017cywcze i odznaki<\/li><li>Ustaw wspania\u0142e zdj\u0119cia produkt\u00f3w, a nawet zaprezentuj je w wyskakuj\u0105cym okienku zobacz <\/li><li> Dostosuj kolory wszystkich element\u00f3w: tekstu, schematu kolor\u00f3w i ikon <\/li><\/ul><p><a href=\"#demo\">Odkryj wszystkie opcje dostosowywania w 100% funkcjonalnej wersji demonstracyjnej <\/a><\/p> <\/div> <div class=\"application-platform-content-item-installation application-platform-content-item\" id=\"installation\" data-nav-section=\"installation\"> <h2>Jak doda\u0107 Menu Restauracji do mojej strony internetowej Wix? <\/h2><div class=\"video-container\"><iframe width=\"720\" height=\"405\" src=\"https:\/\/www.youtube.com\/embed\/ZR6hmujo2dg\" frameborder=\"0\" allowfullscreen=\"\"><\/iframe><\/div><p>Wystarczy post\u0119powa\u0107 zgodnie z poni\u017cszymi wskaz\u00f3wkami, aby doda\u0107 narz\u0119dzie: <\/p> <ol><li><b>Uruchom nasz darmowy edytor i zacznij tworzy\u0107 niestandardow\u0105 aplikacj\u0119. <\/b><br> Okre\u015bl preferowany wygl\u0105d i parametry aplikacji oraz zapisz poprawki. <\/li> <li><b>Skopiuj sw\u00f3j unikalny kod pojawiaj\u0105cy si\u0119 w oknie aplikacji Elfsight. <\/b><br> Po zako\u0144czeniu tworzenia aplikacji osobistej skopiuj ekskluzywny kod z wy\u015bwietlonego pola i zapisz go do dalszego wykorzystania. <\/li> <li><b>Rozpocznij korzystanie z wid\u017cetu na stronie internetowej Wix. <\/b><br> Zintegruj zapisany wcze\u015bniej kod ze swoj\u0105 stron\u0105 g\u0142\u00f3wn\u0105 i zapisz zmiany. <\/li> <li><b>Konfiguracja zosta\u0142a pomy\u015blnie przeprowadzona. <\/b><br> Przejd\u017a na swoj\u0105 stron\u0119 internetow\u0105, aby sprawdzi\u0107 dzia\u0142anie aplikacji. <\/li><\/ol> <p>W przypadku jakichkolwiek problem\u00f3w nie wahaj si\u0119 zwr\u00f3ci\u0107 do naszego zespo\u0142u wsparcia. Nasi specjali\u015bci z przyjemno\u015bci\u0105 rozwi\u0105\u017c\u0105 wszystkie problemy, jakie mo\u017cesz mie\u0107 z narz\u0119dziem. <\/p> <div class=\"faq\" data-component=\"FAQ\"><div class=\"faq-item\">\r\n\t\t\t\t\t<div class=\"faq-item-question\">\r\n\t\t\t\t\t\t<h3 class=\"faq-item-question-text\">Jak mog\u0119 doda\u0107 Menu Restauracji do mojej strony internetowej Wix bez umiej\u0119tno\u015bci kodowania?<\/h3>\r\n\r\n\t\t\t\t\t\t<div class=\"faq-item-question-icon\"><\/div>\r\n\t\t\t\t\t<\/div>\r\n\r\n\t\t\t\t\t<div class=\"faq-item-answer\">\r\n\t\t\t\t\t\t<div class=\"faq-item-answer-text\"> <p>Elfsight oferuje rozwi\u0105zanie SaaS, kt\u00f3re umo\u017cliwia szerokiemu gronu odbiorc\u00f3w samodzielne wygenerowanie sekcji Menu Restauracji, poznaj nieskomplikowane instrukcje: Rozpocznij prac\u0119 w edytorze na \u017cywo, aby wygenerowa\u0107 aplikacj\u0119 Menu Restauracji, kt\u00f3r\u0105 chcesz doda\u0107 na swojej stronie internetowej Wix. Wybierz jeden z gotowych szablon\u00f3w i zmodyfikuj ustawienia Menu Restauracji, zmie\u0144 uk\u0142ad i kolory oraz zaktualizuj tre\u015b\u0107 bez znajomo\u015bci kodowania. Kliknij, aby zapisa\u0107 ustawienia wprowadzone w Menu Restauracji i uzyska\u0107 kod instalacyjny, kt\u00f3ry mo\u017cesz umie\u015bci\u0107 na swojej stronie Wix bez konieczno\u015bci kupowania wersji p\u0142atnej. Dzi\u0119ki intuicyjnemu Konfiguratorowi ka\u017cdy u\u017cytkownik Internetu mo\u017ce wygenerowa\u0107 wid\u017cet Menu Restauracji online i po prostu umie\u015bci\u0107 go na dowolnej witrynie Wix. Aby uzyska\u0107 dost\u0119p do naszej us\u0142ugi, nie ma potrzeby kupowania p\u0142atnego planu ani wprowadzania danych uwierzytelniaj\u0105cych karty. Je\u015bli na kt\u00f3rymkolwiek etapie napotkasz jakiekolwiek problemy, nie wahaj si\u0119 porozmawia\u0107 z naszym personelem pomocy technicznej.<\/p> <\/div>\r\n\t\t\t\t\t<\/div>\r\n\t\t\t\t<\/div> <\/div><\/div>","protected":false},"excerpt":{"rendered":"","protected":false},"author":9,"featured_media":0,"parent":3408,"menu_order":0,"comment_status":"closed","ping_status":"closed","template":"templates\/template-application-platform.php","meta":{"publish_to_discourse":"","publish_post_category":"","wpdc_auto_publish_overridden":"","wpdc_topic_tags":"","wpdc_pin_topic":"","wpdc_pin_until":"","discourse_post_id":"","discourse_permalink":"","wpdc_publishing_response":"","wpdc_publishing_error":"","footnotes":""},"class_list":["post-6272","page","type-page","status-publish","hentry"],"yoast_head":"<!-- This site is optimized with the Yoast SEO plugin v25.3.1 - https:\/\/yoast.com\/wordpress\/plugins\/seo\/ -->\n<title>Menu Restauracji dla stron Wix - prosto i za darmo<\/title>\n<meta name=\"description\" content=\"Umie\u015b\u0107 przyjazn\u0105 dla u\u017cytkownika aplikacj\u0119 Menu Restauracji na swojej stronie Wix. Wypr\u00f3buj por\u0119czn\u0105 wersj\u0119 demonstracyjn\u0105 Elfsight i stw\u00f3rz swoj\u0105 niesamowit\u0105 aplikacj\u0119 w ci\u0105gu kilku minut\" \/>\n<meta name=\"robots\" content=\"index, follow, max-snippet:-1, max-image-preview:large, max-video-preview:-1\" \/>\n<link rel=\"canonical\" href=\"https:\/\/elfsight.com\/pl\/restaurant-menu-widget\/wix\/\" \/>\n<meta property=\"og:locale\" content=\"pl_PL\" \/>\n<meta property=\"og:type\" content=\"article\" \/>\n<meta property=\"og:title\" content=\"Menu Restauracji dla stron Wix - prosto i za darmo\" \/>\n<meta property=\"og:description\" content=\"Umie\u015b\u0107 przyjazn\u0105 dla u\u017cytkownika aplikacj\u0119 Menu Restauracji na swojej stronie Wix. Wypr\u00f3buj por\u0119czn\u0105 wersj\u0119 demonstracyjn\u0105 Elfsight i stw\u00f3rz swoj\u0105 niesamowit\u0105 aplikacj\u0119 w ci\u0105gu kilku minut\" \/>\n<meta property=\"og:url\" content=\"https:\/\/elfsight.com\/pl\/restaurant-menu-widget\/wix\/\" \/>\n<meta property=\"og:site_name\" content=\"Elfsight PL\" \/>\n<meta property=\"article:modified_time\" content=\"2024-11-14T08:56:38+00:00\" \/>\n<meta name=\"twitter:card\" content=\"summary_large_image\" \/>\n<meta name=\"twitter:label1\" content=\"Szacowany czas czytania\" \/>\n\t<meta name=\"twitter:data1\" content=\"3 minuty\" \/>\n<!-- \/ Yoast SEO plugin. -->","yoast_head_json":{"title":"Menu Restauracji dla stron Wix - prosto i za darmo","description":"Umie\u015b\u0107 przyjazn\u0105 dla u\u017cytkownika aplikacj\u0119 Menu Restauracji na swojej stronie Wix. Wypr\u00f3buj por\u0119czn\u0105 wersj\u0119 demonstracyjn\u0105 Elfsight i stw\u00f3rz swoj\u0105 niesamowit\u0105 aplikacj\u0119 w ci\u0105gu kilku minut","robots":{"index":"index","follow":"follow","max-snippet":"max-snippet:-1","max-image-preview":"max-image-preview:large","max-video-preview":"max-video-preview:-1"},"canonical":"https:\/\/elfsight.com\/pl\/restaurant-menu-widget\/wix\/","og_locale":"pl_PL","og_type":"article","og_title":"Menu Restauracji dla stron Wix - prosto i za darmo","og_description":"Umie\u015b\u0107 przyjazn\u0105 dla u\u017cytkownika aplikacj\u0119 Menu Restauracji na swojej stronie Wix. Wypr\u00f3buj por\u0119czn\u0105 wersj\u0119 demonstracyjn\u0105 Elfsight i stw\u00f3rz swoj\u0105 niesamowit\u0105 aplikacj\u0119 w ci\u0105gu kilku minut","og_url":"https:\/\/elfsight.com\/pl\/restaurant-menu-widget\/wix\/","og_site_name":"Elfsight PL","article_modified_time":"2024-11-14T08:56:38+00:00","twitter_card":"summary_large_image","twitter_misc":{"Szacowany czas czytania":"3 minuty"},"schema":{"@context":"https:\/\/schema.org","@graph":[{"@type":"WebPage","@id":"https:\/\/elfsight.com\/pl\/restaurant-menu-widget\/wix\/","url":"https:\/\/elfsight.com\/pl\/restaurant-menu-widget\/wix\/","name":"Menu Restauracji dla stron Wix - prosto i za darmo","isPartOf":{"@id":"https:\/\/elfsight.com\/pl\/#website"},"datePublished":"1970-01-01T00:00:00+00:00","dateModified":"2024-11-14T08:56:38+00:00","description":"Umie\u015b\u0107 przyjazn\u0105 dla u\u017cytkownika aplikacj\u0119 Menu Restauracji na swojej stronie Wix. Wypr\u00f3buj por\u0119czn\u0105 wersj\u0119 demonstracyjn\u0105 Elfsight i stw\u00f3rz swoj\u0105 niesamowit\u0105 aplikacj\u0119 w ci\u0105gu kilku minut","breadcrumb":{"@id":"https:\/\/elfsight.com\/pl\/restaurant-menu-widget\/wix\/#breadcrumb"},"inLanguage":"pl-PL","potentialAction":[{"@type":"ReadAction","target":["https:\/\/elfsight.com\/pl\/restaurant-menu-widget\/wix\/"]}]},{"@type":"BreadcrumbList","@id":"https:\/\/elfsight.com\/pl\/restaurant-menu-widget\/wix\/#breadcrumb","itemListElement":[{"@type":"ListItem","position":1,"name":"Home","item":"https:\/\/elfsight.com\/pl\/"},{"@type":"ListItem","position":2,"name":"Restaurant Menu","item":"https:\/\/elfsight.com\/pl\/restaurant-menu-widget\/"},{"@type":"ListItem","position":3,"name":"Restaurant Menu &#8211; Wix"}]},{"@type":"WebSite","@id":"https:\/\/elfsight.com\/pl\/#website","url":"https:\/\/elfsight.com\/pl\/","name":"Elfsight PL","description":"Just another Elfsight Sites site","potentialAction":[{"@type":"SearchAction","target":{"@type":"EntryPoint","urlTemplate":"https:\/\/elfsight.com\/pl\/?s={search_term_string}"},"query-input":{"@type":"PropertyValueSpecification","valueRequired":true,"valueName":"search_term_string"}}],"inLanguage":"pl-PL"}]}},"meta_box":{"industry":"","seo_heading":"","heading":"","description":"","cta_heading":"","cta_description":"","application":"3358","h1":"Aplikacja Menu Restauracji Wix","h1_caption":"Zaprezentuj menu swojej restauracji w atrakcyjnym wizualnie formacie, kt\u00f3ry jest \u0142atwy do aktualizacji i przyjazny dla u\u017cytkownika na Twojej stronie Wix.","application_category":[],"applications_title":"","applications_request_title":"","applications_request_button_text":"","hero_text":"","hero_video":"","hero_video_schema_markup":"","selling_points_title":"","selling_points_caption":"","selling_points":[],"selling_points_cta_text":"","features_title":"","features":"","ed_cta_examples_text":"","ed_cta_examples_hidden":"","ed_cta_demo_text":"","ed_cta_demo_hidden":"","why_caption":"","why_editor_title":"","why_editor_text":"","why_team_title":"","why_team_text":"","why_service_title":"","why_service_text":"","template_catalog_visible":"","template_catalog_title":"","template_catalog_text":"","template_catalog_categories_visible":"","demo_title":"Utw\u00f3rz aplikacj\u0119 Menu restauracji","demo_caption":"Skonfiguruj swoje Menu Restauracji i dodaj je za darmo do swojej witryny Wix!","default_faq_hidden":"","app_template_category":[],"platform":"30","template_public_id":"","codecanyon_url":"","codecanyon_item_id":"","codecanyon_price":"","pricing_caption":"","pricing_elfsight_apps_hide_column":"","pricing_elfsight_apps_url":"","pricing_codecanyon_price_caption":"","integration_category":[],"integration_request_title":"","integration_request_cta":"","integration_platform":"","integrations":[],"platform_category":[],"video_schema_markup":"","price":"od 0 USD \/ miesi\u0105c","trial":"","benefits":[{"text":"Bezp\u0142atna pomoc w instalacji"},{"text":"Skuteczna obs\u0142uga klienta"},{"text":"14-dniowa gwarancja zwrotu pieni\u0119dzy"}],"button_url":"#demo","button_target_blank":"","button_nofollow":"","attributes":[{"name":"Instaluje"},{"name":"Czu\u0142y"},{"name":"Kompatybilne przegl\u0105darki"}],"tags":[],"tags_disable_links":"","hide_more_platforms":"","video_object":"","demo_hide_cta":"","demo_hide_cloud_options":"","pricing_title":"","pricing":[{"pricing_icon":"platform","pricing_title":"Elfsight Apps","pricing_title_caption":"Niezale\u017cne od platformy rozwi\u0105zanie, kt\u00f3re pasuje do ka\u017cdej witryny internetowej","pricing_price":"od 0 USD \/ miesi\u0105c","pricing_price_caption":"zacznij od bezp\u0142atnego planu","pricing_benefits":[{"text":"Nieograniczona liczba stron internetowych"},{"text":"Szybkie i terminowe wsparcie"},{"text":"Bezp\u0142atne wsparcie instalacyjne"},{"text":"Specjalna cena za wiele aplikacji"}],"pricing_button_text":"Dodaj do witryny","pricing_button_url":"#demo"}],"related_apps_title":"","related_apps_hidden":"","author":"","image":[],"title":"","job":"","social_networks":[]},"_links":{"self":[{"href":"https:\/\/elfsight.com\/pl\/wp-json\/wp\/v2\/pages\/6272","targetHints":{"allow":["GET"]}}],"collection":[{"href":"https:\/\/elfsight.com\/pl\/wp-json\/wp\/v2\/pages"}],"about":[{"href":"https:\/\/elfsight.com\/pl\/wp-json\/wp\/v2\/types\/page"}],"author":[{"embeddable":true,"href":"https:\/\/elfsight.com\/pl\/wp-json\/wp\/v2\/users\/9"}],"replies":[{"embeddable":true,"href":"https:\/\/elfsight.com\/pl\/wp-json\/wp\/v2\/comments?post=6272"}],"version-history":[{"count":2,"href":"https:\/\/elfsight.com\/pl\/wp-json\/wp\/v2\/pages\/6272\/revisions"}],"predecessor-version":[{"id":7986,"href":"https:\/\/elfsight.com\/pl\/wp-json\/wp\/v2\/pages\/6272\/revisions\/7986"}],"up":[{"embeddable":true,"href":"https:\/\/elfsight.com\/pl\/wp-json\/wp\/v2\/pages\/3408"}],"wp:attachment":[{"href":"https:\/\/elfsight.com\/pl\/wp-json\/wp\/v2\/media?parent=6272"}],"curies":[{"name":"wp","href":"https:\/\/api.w.org\/{rel}","templated":true}]}}