{"id":6270,"date":"1970-01-01T00:00:00","date_gmt":"1970-01-01T00:00:00","guid":{"rendered":"https:\/\/elfsight.com\/pl\/?page_id=6270"},"modified":"2024-11-14T08:56:38","modified_gmt":"2024-11-14T08:56:38","slug":"woocommerce","status":"publish","type":"page","link":"https:\/\/elfsight.com\/pl\/restaurant-menu-widget\/woocommerce\/","title":{"rendered":"Restaurant Menu &#8211; WooCommerce"},"content":{"rendered":"<div class=\"application-platform-content-item-description application-platform-content-item\" id=\"description\" data-nav-section=\"description\"> <h2>Opis<\/h2><p>Menu restauracji Elfsight to wygodny widget umo\u017cliwiaj\u0105cy prezentacj\u0119 r\u00f3\u017cnorodno\u015bci produkt\u00f3w bezpo\u015brednio w Twojej witrynie. To prosty spos\u00f3b na poinformowanie go\u015bci o Twojej kuchni, zwr\u00f3cenie uwagi na oryginalny pomys\u0142 i przyci\u0105gni\u0119cie ich atrakcyjnymi zdj\u0119ciami jedzenia. Wtyczka jest w du\u017cym stopniu dostosowana do potrzeb u\u017cytkownika. Mo\u017cesz stworzy\u0107 dowoln\u0105 liczb\u0119 menu z du\u017c\u0105 ilo\u015bci\u0105 pozycji lub po prostu sporz\u0105dzi\u0107 zwi\u0119z\u0142\u0105 list\u0119 serwowanych specja\u0142\u00f3w. Wybierz jasny, ciemny schemat lub dostosuj wszystko, co chcesz, odmalowuj\u0105c wszystkie kolory akcentuj\u0105ce. Wtyczka pozwala tak\u017ce na bie\u017c\u0105co aktualizowa\u0107 Twoje informacje: korygowa\u0107 ceny lub list\u0119 artyku\u0142\u00f3w, dodawa\u0107 nowe posi\u0142ki, a nawet menu w ci\u0105gu kilku sekund! Koniec z plikami PDF, kt\u00f3re trzeba konfigurowa\u0107 na samym pocz\u0105tku. Po prostu zacznij ju\u017c teraz tworzy\u0107 swoje apetyczne menu. <\/p> <p><b>Dodaj menu restauracji, aby efektywniej stawia\u0107 czo\u0142a wyzwaniom biznesowym. Za pomoc\u0105 menu na Twojej stronie internetowej mo\u017cesz \u0142atwo zwi\u0119kszy\u0107 liczb\u0119 swoich go\u015bci! <\/b><\/p><\/div> <div class=\"application-platform-content-item-features application-platform-content-item\" id=\"features\" data-nav-section=\"features\"> <h2>Niekt\u00f3re z najlepszych funkcji naszej wtyczki: <\/h2> <ul><li>\u0141atwe w zarz\u0105dzaniu narz\u0119dzie nawet dla u\u017cytkownicy nieprofesjonalni<\/li><li>Niesko\u0144czona ilo\u015b\u0107 menu, sekcji lub element\u00f3w po prostu u\u0142o\u017conych wed\u0142ug r\u00f3\u017cnych uk\u0142ad\u00f3w<\/li><li>Aktualizuj informacje i zmieniaj je, gdziekolwiek potrzebujesz<\/li><li> Napisz szczeg\u00f3\u0142owy opis przedmiot\u00f3w, na przyk\u0142ad ikony, elementy od\u017cywcze i odznaki <\/li><li>Do\u0142\u0105cz wspania\u0142e obrazy do przedmiot\u00f3w, a nawet wy\u015bwietl je w wyskakuj\u0105cym okienku <\/li><li>Dostosuj i zmie\u0144 kolor dowolnego elementu: tekstu , schemat kolor\u00f3w i ikony<\/li><\/ul><p><a href=\"#demo\">Pe\u0142n\u0105 funkcjonalno\u015b\u0107 wid\u017cetu znajdziesz w wersji demonstracyjnej na tej stronie<\/a><\/p> [ \/application_platform_content_item] <div class=\"application-platform-content-item-installation application-platform-content-item\" id=\"installation\" data-nav-section=\"installation\"><\/div> <h2>Jak osadzi\u0107 menu restauracji w mojej witrynie WooCommerce? <\/h2> <p>Wystarczy post\u0119powa\u0107 zgodnie z poni\u017cszymi instrukcjami, aby zainstalowa\u0107 wtyczk\u0119: <\/p> <ol><li><b>Uruchom nasz darmowy edytor i zacznij tworzy\u0107 sw\u00f3j unikalny instrument. <\/b><br> Wybierz po\u017c\u0105dany wygl\u0105d i parametry narz\u0119dzia i zapisz zmiany. <\/li> <li><b>Uzyskaj indywidualny kod widoczny w polu aplikacji Elfsight. <\/b><br> Zaraz po utworzeniu narz\u0119dzia skopiuj indywidualny kod z wy\u015bwietlonego pola i zapisz go na dalsze potrzeby. <\/li> <li><b>Rozpocznij korzystanie z wtyczki na swojej stronie internetowej WooCommerce. <\/b><br> Wstaw skopiowany wcze\u015bniej kod na swoj\u0105 stron\u0119 i zastosuj zmiany. <\/li> <li><b>Instalacja zosta\u0142a pomy\u015blnie zako\u0144czona. <\/b><br> Odwied\u017a swoj\u0105 witryn\u0119, aby sprawdzi\u0107 dzia\u0142anie wtyczki. <\/li><\/ol> <p>Je\u015bli masz pytania lub masz jakie\u015b problemy, nie wahaj si\u0119 skontaktowa\u0107 z naszym personelem pomocy technicznej. Zesp\u00f3\u0142 Elfsight pragnie pom\u00f3c Ci we wszystkich trudno\u015bciach, jakie mo\u017cesz mie\u0107 z wtyczk\u0105. <\/p> <div class=\"faq\" data-component=\"FAQ\"><div class=\"faq-item\">\r\n\t\t\t\t\t<div class=\"faq-item-question\">\r\n\t\t\t\t\t\t<h3 class=\"faq-item-question-text\">Jak osadzi\u0107 menu restauracji w mojej witrynie WooCommerce bez znajomo\u015bci kodowania?<\/h3>\r\n\r\n\t\t\t\t\t\t<div class=\"faq-item-question-icon\"><\/div>\r\n\t\t\t\t\t<\/div>\r\n\r\n\t\t\t\t\t<div class=\"faq-item-answer\">\r\n\t\t\t\t\t\t<div class=\"faq-item-answer-text\"> <p>Elfsight zapewnia rozwi\u0105zanie w chmurze, kt\u00f3re pozwala w\u0142a\u015bcicielom witryn samodzielnie wygenerowa\u0107 aplikacj\u0119 menu restauracji, odkryj proste instrukcje: Przejd\u017a do edytora na \u017cywo, aby ustawi\u0107 sekcj\u0119 menu restauracji, kt\u00f3ra ma si\u0119 pojawia\u0107 na Twojej stronie internetowej WooCommerce. Wybierz jeden z gotowych szablon\u00f3w i zmie\u0144 ustawienia Menu Restauracji, do\u0142\u0105cz swoj\u0105 tre\u015b\u0107, zmie\u0144 uk\u0142ad i kolor element\u00f3w bez umiej\u0119tno\u015bci kodowania. Zapisz Menu Restauracji i uzyskaj kod wtyczki do osadzenia, kt\u00f3ry mo\u017cesz bez problemu wklei\u0107 na stronie WooCommerce w ramach darmowego planu. Za pomoc\u0105 naszego przyjaznego dla u\u017cytkownika Edytora ka\u017cdy u\u017cytkownik Internetu mo\u017ce stworzy\u0107 wid\u017cet Menu Restauracji online i \u0142atwo umie\u015bci\u0107 go na stronie WooCommerce. Aby uzyska\u0107 dost\u0119p do naszego Edytora, nie trzeba kupowa\u0107 planu p\u0142atnego ani podawa\u0107 danych karty. Je\u015bli na kt\u00f3rymkolwiek etapie napotkasz jakiekolwiek problemy, nie wahaj si\u0119 skontaktowa\u0107 z naszym technicznym dzia\u0142em obs\u0142ugi klienta.<\/p> <\/div>\r\n\t\t\t\t\t<\/div>\r\n\t\t\t\t<\/div> <\/div><\/div>","protected":false},"excerpt":{"rendered":"","protected":false},"author":9,"featured_media":0,"parent":3408,"menu_order":0,"comment_status":"closed","ping_status":"closed","template":"templates\/template-application-platform.php","meta":{"publish_to_discourse":"","publish_post_category":"","wpdc_auto_publish_overridden":"","wpdc_topic_tags":"","wpdc_pin_topic":"","wpdc_pin_until":"","discourse_post_id":"","discourse_permalink":"","wpdc_publishing_response":"","wpdc_publishing_error":"","footnotes":""},"class_list":["post-6270","page","type-page","status-publish","hentry"],"yoast_head":"<!-- This site is optimized with the Yoast SEO plugin v25.3.1 - https:\/\/yoast.com\/wordpress\/plugins\/seo\/ -->\n<title>Menu restauracji dla stron WooCommerce - \u0142atwe i bezp\u0142atne<\/title>\n<meta name=\"description\" content=\"Umie\u015b\u0107 responsywn\u0105 wtyczk\u0119 Menu restauracji na swojej stronie WooCommerce. Skorzystaj z por\u0119cznej wersji demonstracyjnej Elfsight i wygeneruj swoje fascynuj\u0105ce menu za pomoc\u0105 kilku klikni\u0119\u0107\" \/>\n<meta name=\"robots\" content=\"index, follow, max-snippet:-1, max-image-preview:large, max-video-preview:-1\" \/>\n<link rel=\"canonical\" href=\"https:\/\/elfsight.com\/pl\/restaurant-menu-widget\/woocommerce\/\" \/>\n<meta property=\"og:locale\" content=\"pl_PL\" \/>\n<meta property=\"og:type\" content=\"article\" \/>\n<meta property=\"og:title\" content=\"Menu restauracji dla stron WooCommerce - \u0142atwe i bezp\u0142atne\" \/>\n<meta property=\"og:description\" content=\"Umie\u015b\u0107 responsywn\u0105 wtyczk\u0119 Menu restauracji na swojej stronie WooCommerce. Skorzystaj z por\u0119cznej wersji demonstracyjnej Elfsight i wygeneruj swoje fascynuj\u0105ce menu za pomoc\u0105 kilku klikni\u0119\u0107\" \/>\n<meta property=\"og:url\" content=\"https:\/\/elfsight.com\/pl\/restaurant-menu-widget\/woocommerce\/\" \/>\n<meta property=\"og:site_name\" content=\"Elfsight PL\" \/>\n<meta property=\"article:modified_time\" content=\"2024-11-14T08:56:38+00:00\" \/>\n<meta name=\"twitter:card\" content=\"summary_large_image\" \/>\n<meta name=\"twitter:label1\" content=\"Szacowany czas czytania\" \/>\n\t<meta name=\"twitter:data1\" content=\"3 minuty\" \/>\n<!-- \/ Yoast SEO plugin. -->","yoast_head_json":{"title":"Menu restauracji dla stron WooCommerce - \u0142atwe i bezp\u0142atne","description":"Umie\u015b\u0107 responsywn\u0105 wtyczk\u0119 Menu restauracji na swojej stronie WooCommerce. Skorzystaj z por\u0119cznej wersji demonstracyjnej Elfsight i wygeneruj swoje fascynuj\u0105ce menu za pomoc\u0105 kilku klikni\u0119\u0107","robots":{"index":"index","follow":"follow","max-snippet":"max-snippet:-1","max-image-preview":"max-image-preview:large","max-video-preview":"max-video-preview:-1"},"canonical":"https:\/\/elfsight.com\/pl\/restaurant-menu-widget\/woocommerce\/","og_locale":"pl_PL","og_type":"article","og_title":"Menu restauracji dla stron WooCommerce - \u0142atwe i bezp\u0142atne","og_description":"Umie\u015b\u0107 responsywn\u0105 wtyczk\u0119 Menu restauracji na swojej stronie WooCommerce. Skorzystaj z por\u0119cznej wersji demonstracyjnej Elfsight i wygeneruj swoje fascynuj\u0105ce menu za pomoc\u0105 kilku klikni\u0119\u0107","og_url":"https:\/\/elfsight.com\/pl\/restaurant-menu-widget\/woocommerce\/","og_site_name":"Elfsight PL","article_modified_time":"2024-11-14T08:56:38+00:00","twitter_card":"summary_large_image","twitter_misc":{"Szacowany czas czytania":"3 minuty"},"schema":{"@context":"https:\/\/schema.org","@graph":[{"@type":"WebPage","@id":"https:\/\/elfsight.com\/pl\/restaurant-menu-widget\/woocommerce\/","url":"https:\/\/elfsight.com\/pl\/restaurant-menu-widget\/woocommerce\/","name":"Menu restauracji dla stron WooCommerce - \u0142atwe i bezp\u0142atne","isPartOf":{"@id":"https:\/\/elfsight.com\/pl\/#website"},"datePublished":"1970-01-01T00:00:00+00:00","dateModified":"2024-11-14T08:56:38+00:00","description":"Umie\u015b\u0107 responsywn\u0105 wtyczk\u0119 Menu restauracji na swojej stronie WooCommerce. Skorzystaj z por\u0119cznej wersji demonstracyjnej Elfsight i wygeneruj swoje fascynuj\u0105ce menu za pomoc\u0105 kilku klikni\u0119\u0107","breadcrumb":{"@id":"https:\/\/elfsight.com\/pl\/restaurant-menu-widget\/woocommerce\/#breadcrumb"},"inLanguage":"pl-PL","potentialAction":[{"@type":"ReadAction","target":["https:\/\/elfsight.com\/pl\/restaurant-menu-widget\/woocommerce\/"]}]},{"@type":"BreadcrumbList","@id":"https:\/\/elfsight.com\/pl\/restaurant-menu-widget\/woocommerce\/#breadcrumb","itemListElement":[{"@type":"ListItem","position":1,"name":"Home","item":"https:\/\/elfsight.com\/pl\/"},{"@type":"ListItem","position":2,"name":"Restaurant Menu","item":"https:\/\/elfsight.com\/pl\/restaurant-menu-widget\/"},{"@type":"ListItem","position":3,"name":"Restaurant Menu &#8211; WooCommerce"}]},{"@type":"WebSite","@id":"https:\/\/elfsight.com\/pl\/#website","url":"https:\/\/elfsight.com\/pl\/","name":"Elfsight PL","description":"Just another Elfsight Sites site","potentialAction":[{"@type":"SearchAction","target":{"@type":"EntryPoint","urlTemplate":"https:\/\/elfsight.com\/pl\/?s={search_term_string}"},"query-input":{"@type":"PropertyValueSpecification","valueRequired":true,"valueName":"search_term_string"}}],"inLanguage":"pl-PL"}]}},"meta_box":{"industry":"","seo_heading":"","heading":"","description":"","cta_heading":"","cta_description":"","application":"3358","h1":"Wtyczka Menu restauracji WooCommerce","h1_caption":"Zaprezentuj menu swojej restauracji w atrakcyjnym wizualnie formacie, kt\u00f3ry mo\u017cna \u0142atwo aktualizowa\u0107 i przyjazny dla u\u017cytkownika w witrynie WooCommerce.","application_category":[],"applications_title":"","applications_request_title":"","applications_request_button_text":"","hero_text":"","hero_video":"","hero_video_schema_markup":"","selling_points_title":"","selling_points_caption":"","selling_points":[],"selling_points_cta_text":"","features_title":"","features":"","ed_cta_examples_text":"","ed_cta_examples_hidden":"","ed_cta_demo_text":"","ed_cta_demo_hidden":"","why_caption":"","why_editor_title":"","why_editor_text":"","why_team_title":"","why_team_text":"","why_service_title":"","why_service_text":"","template_catalog_visible":"","template_catalog_title":"","template_catalog_text":"","template_catalog_categories_visible":"","demo_title":"Utw\u00f3rz aplikacj\u0119 Menu restauracji","demo_caption":"Skonfiguruj Menu Restauracji i dodaj je za darmo do swojej witryny WooCommerce!","default_faq_hidden":"","app_template_category":[],"platform":"335","template_public_id":"","codecanyon_url":"","codecanyon_item_id":"","codecanyon_price":"","pricing_caption":"","pricing_elfsight_apps_hide_column":"","pricing_elfsight_apps_url":"","pricing_codecanyon_price_caption":"","integration_category":[],"integration_request_title":"","integration_request_cta":"","integration_platform":"","integrations":[],"platform_category":[],"video_schema_markup":"","price":"od 0 USD \/ miesi\u0105c","trial":"","benefits":[{"text":"Bezp\u0142atna us\u0142uga monta\u017cu"},{"text":"Kompetentna obs\u0142uga klienta"},{"text":"14-dniowa gwarancja zwrotu pieni\u0119dzy"}],"button_url":"#demo","button_target_blank":"","button_nofollow":"","attributes":[{"name":"Instaluje"},{"name":"Czu\u0142y"},{"name":"Kompatybilne przegl\u0105darki"}],"tags":[],"tags_disable_links":"","hide_more_platforms":"","video_object":"","demo_hide_cta":"","demo_hide_cloud_options":"","pricing_title":"","pricing":[{"pricing_icon":"platform","pricing_title":"Elfsight Apps","pricing_title_caption":"Wersja wieloplatformowa, kt\u00f3ra dzia\u0142a na ka\u017cdej stronie internetowej","pricing_price":"od 0 USD \/ miesi\u0105c","pricing_price_caption":"zacznij od bezp\u0142atnego planu","pricing_benefits":[{"text":"Nielimitowane domeny"},{"text":"Wsparcie premium i na czas"},{"text":"Bezp\u0142atne wsparcie przy instalacji"},{"text":"Elastyczny projekt"}],"pricing_button_text":"Dodaj do witryny","pricing_button_url":"#demo"}],"related_apps_title":"","related_apps_hidden":"","author":"","image":[],"title":"","job":"","social_networks":[]},"_links":{"self":[{"href":"https:\/\/elfsight.com\/pl\/wp-json\/wp\/v2\/pages\/6270","targetHints":{"allow":["GET"]}}],"collection":[{"href":"https:\/\/elfsight.com\/pl\/wp-json\/wp\/v2\/pages"}],"about":[{"href":"https:\/\/elfsight.com\/pl\/wp-json\/wp\/v2\/types\/page"}],"author":[{"embeddable":true,"href":"https:\/\/elfsight.com\/pl\/wp-json\/wp\/v2\/users\/9"}],"replies":[{"embeddable":true,"href":"https:\/\/elfsight.com\/pl\/wp-json\/wp\/v2\/comments?post=6270"}],"version-history":[{"count":1,"href":"https:\/\/elfsight.com\/pl\/wp-json\/wp\/v2\/pages\/6270\/revisions"}],"predecessor-version":[{"id":6274,"href":"https:\/\/elfsight.com\/pl\/wp-json\/wp\/v2\/pages\/6270\/revisions\/6274"}],"up":[{"embeddable":true,"href":"https:\/\/elfsight.com\/pl\/wp-json\/wp\/v2\/pages\/3408"}],"wp:attachment":[{"href":"https:\/\/elfsight.com\/pl\/wp-json\/wp\/v2\/media?parent=6270"}],"curies":[{"name":"wp","href":"https:\/\/api.w.org\/{rel}","templated":true}]}}