{"id":6269,"date":"2024-05-03T06:46:00","date_gmt":"2024-05-03T06:46:00","guid":{"rendered":"https:\/\/elfsight.com\/pl\/?page_id=6269"},"modified":"2024-11-14T08:56:38","modified_gmt":"2024-11-14T08:56:38","slug":"blogger","status":"publish","type":"page","link":"https:\/\/elfsight.com\/pl\/restaurant-menu-widget\/blogger\/","title":{"rendered":"Restaurant Menu &#8211; Blogger"},"content":{"rendered":"<div class=\"application-platform-content-item-description application-platform-content-item\" id=\"description\" data-nav-section=\"description\"> <h2>Opis<\/h2><p>Menu Restauracji to \u0142atwy spos\u00f3b na zapoznanie go\u015bci z ofertami specjalnymi, zwr\u00f3cenie uwagi na wyj\u0105tkow\u0105 koncepcj\u0119 i ku\u015b ich kusz\u0105cymi zdj\u0119ciami potraw. Widget jest bardzo przyjazny dla u\u017cytkownika. Dzi\u0119ki niemu mo\u017cesz wybiera\u0107 z nieograniczonej gamy menu z nieograniczon\u0105 liczb\u0105 pozycji. Lub po prostu stw\u00f3rz kr\u00f3tk\u0105 list\u0119 produkt\u00f3w, kt\u00f3re serwujesz. Wybierz jasny, ciemny schemat lub zmie\u0144 dowolne elementy, odmalowuj\u0105c wszystkie kolory akcentuj\u0105ce. Najwi\u0119ksz\u0105 szans\u0105 widgetu jest bycie zawsze na bie\u017c\u0105co: w ci\u0105gu kilku sekund mo\u017cesz modyfikowa\u0107 ceny, list\u0119 pozycji, dodawa\u0107 nowe dania, a nawet menu! Koniec ze statycznymi menu, kt\u00f3re trzeba konfigurowa\u0107 od samego pocz\u0105tku. Po prostu zacznij tworzy\u0107 swoje stylowe menu! <\/p> <p><b>Uruchom menu restauracji, aby \u0142atwiej osi\u0105ga\u0107 cele biznesowe! Posiadaj\u0105c menu na stronie internetowej, Twoja restauracja mo\u017ce zaprosi\u0107 wi\u0119cej go\u015bci, osi\u0105gn\u0105\u0107 silny rozw\u00f3j biznesu i zwi\u0119kszy\u0107 sprzeda\u017c. Zacznij korzysta\u0107 z Menu Restauracji od Elfsight!<\/b><\/p> <\/div> <div class=\"application-platform-content-item-features application-platform-content-item\" id=\"features\" data-nav-section=\"features\"> <h2>Kluczowe funkcje widgetu obejmuj\u0105<\/h2> <ul><li>\u0141atwe zarz\u0105dzanie nawet dla u\u017cytkownik\u00f3w nietechnicznych <\/li><li>Nieograniczona liczba menu, sekcji lub element\u00f3w zorganizowanych za pomoc\u0105 uk\u0142ad\u00f3w zak\u0142adek, list lub mur\u00f3w <\/li><li>\u0141atwe zarz\u0105dzanie menu i wszystkimi jego elementami, gdziekolwiek potrzebujesz: ceny, promocje sezonowe itp. <\/li><li> Wy\u015bwietlaj obszerny opis produkt\u00f3w, w tym ikony, informacje o warto\u015bciach od\u017cywczych i plakietki <\/li><li>Do\u0142\u0105cz wspania\u0142e obrazy produkt\u00f3w, a nawet prezentuj je w wyskakuj\u0105cym widoku <\/li><li>Dostosuj i zmie\u0144 kolor dowolnych element\u00f3w: tekstu, schematu kolor\u00f3w i ikon <\/li><\/ul><p><a href=\"#demo\">Mo\u017cesz pozna\u0107 pe\u0142n\u0105 funkcjonalno\u015b\u0107 wid\u017cetu w wersji demonstracyjnej tutaj<\/a><\/p> <\/div> <div class=\"application-platform-content-item-installation application-platform-content-item\" id=\"installation\" data-nav-section=\"installation\"> <h2>Jak doda\u0107 menu restauracji do mojej witryny Bloggera? <\/h2><div class=\"video-container\"><iframe width=\"720\" height=\"405\" src=\"https:\/\/www.youtube.com\/embed\/oxAK4dipTps\" frameborder=\"0\" allowfullscreen=\"\"><\/iframe><\/div><p>Wystarczy wykona\u0107 kilka krok\u00f3w podanych poni\u017cej, aby rozpocz\u0105\u0107 prac\u0119 z narz\u0119dziem: <\/p> <ol><li><b>Skorzystaj z naszej bezp\u0142atnej wersji demonstracyjnej i zacznij kszta\u0142towa\u0107 swoje instrument zbudowany na zam\u00f3wienie. <\/b><br> Wybierz po\u017c\u0105dany uk\u0142ad i parametry wid\u017cetu i zastosuj zmiany. <\/li> <li><b>Wy\u015bwietl sw\u00f3j indywidualny kod w specjalnym formularzu w aplikacjach Elfsight. <\/b><br> Zaraz po utworzeniu osobistego wid\u017cetu skopiuj osobisty kod z wy\u015bwietlonego pola i zachowaj go do wykorzystania w przysz\u0142o\u015bci. <\/li> <li><b>Zaanga\u017cuj si\u0119 w korzystanie z narz\u0119dzia na stronie g\u0142\u00f3wnej Bloggera. <\/b><br> Dodaj kod, kt\u00f3ry ostatnio zapisa\u0142e\u015b na swojej stronie i zastosuj poprawki. <\/li> <li><b>Gotowe! Osadzanie zosta\u0142o pomy\u015blnie zako\u0144czone. <\/b><br> Przejd\u017a na swoj\u0105 stron\u0119 i obserwuj dzia\u0142anie narz\u0119dzia. <\/li><\/ol> <p>Je\u015bli napotkasz jakiekolwiek problemy, nie wahaj si\u0119 zwr\u00f3ci\u0107 do naszego zespo\u0142u wsparcia. Nasi ludzie z przyjemno\u015bci\u0105 pomog\u0105 Ci we wszystkich problemach, jakie mo\u017cesz mie\u0107 z produktem. <\/p> <div class=\"faq\" data-component=\"FAQ\"><div class=\"faq-item\">\r\n\t\t\t\t\t<div class=\"faq-item-question\">\r\n\t\t\t\t\t\t<h3 class=\"faq-item-question-text\">Czy istnieje mo\u017cliwo\u015b\u0107 osadzenia menu restauracji na mojej stronie internetowej Bloggera bez umiej\u0119tno\u015bci kodowania?<\/h3>\r\n\r\n\t\t\t\t\t\t<div class=\"faq-item-question-icon\"><\/div>\r\n\t\t\t\t\t<\/div>\r\n\r\n\t\t\t\t\t<div class=\"faq-item-answer\">\r\n\t\t\t\t\t\t<div class=\"faq-item-answer-text\"> <p>Elfsight wprowadza rozwi\u0105zanie SaaS, kt\u00f3re pozwala u\u017cytkownikom samodzielnie utworzy\u0107 wid\u017cet Menu restauracji, poznaj nieskomplikowane kroki: Rozpocznij prac\u0119 bezpo\u015brednio w edytorze na \u017cywo, aby utworzy\u0107 wtyczk\u0119 menu restauracji, kt\u00f3r\u0105 chcesz umie\u015bci\u0107 na stronie g\u0142\u00f3wnej Bloggera. Wybierz jeden z gotowych szablon\u00f3w i zmie\u0144 ustawienia Menu Restauracji, przekszta\u0142\u0107 uk\u0142ad i kolorystyk\u0119, aby uwzgl\u0119dni\u0107 Twoj\u0105 tre\u015b\u0107, bez znajomo\u015bci kodowania. Kliknij, aby zapisa\u0107 ustawienia wprowadzone w Menu restauracji i uzyska\u0107 kod wid\u017cetu do umieszczenia na stronie, kt\u00f3ry mo\u017cna \u0142atwo i bezp\u0142atnie doda\u0107 na dowolnej stronie g\u0142\u00f3wnej Bloggera. Za pomoc\u0105 naszego intuicyjnego Edytora ka\u017cdy u\u017cytkownik Internetu mo\u017ce wygenerowa\u0107 sekcj\u0119 Menu Restauracji online i osadzi\u0107 j\u0105 na stronie g\u0142\u00f3wnej Bloggera. Aby uzyska\u0107 dost\u0119p do Edytora Elfsight, nie trzeba p\u0142aci\u0107 ani ujawnia\u0107 danych uwierzytelniaj\u0105cych karty. Je\u015bli napotkasz jakiekolwiek problemy, nie wahaj si\u0119 skontaktowa\u0107 z naszym zespo\u0142em pomocy technicznej.<\/p> <\/div>\r\n\t\t\t\t\t<\/div>\r\n\t\t\t\t<\/div> <\/div><\/div><!-- \/wp:html - &gt; \/wp:html -->","protected":false},"excerpt":{"rendered":"","protected":false},"author":9,"featured_media":0,"parent":3408,"menu_order":0,"comment_status":"closed","ping_status":"closed","template":"templates\/template-application-platform.php","meta":{"publish_to_discourse":"","publish_post_category":"","wpdc_auto_publish_overridden":"","wpdc_topic_tags":"","wpdc_pin_topic":"","wpdc_pin_until":"","discourse_post_id":"","discourse_permalink":"","wpdc_publishing_response":"","wpdc_publishing_error":"","footnotes":""},"class_list":["post-6269","page","type-page","status-publish","hentry"],"yoast_head":"<!-- This site is optimized with the Yoast SEO plugin v25.3.1 - https:\/\/yoast.com\/wordpress\/plugins\/seo\/ -->\n<title>Menu restauracji dla witryn Bloggera - \u0142atwe i bezp\u0142atne<\/title>\n<meta name=\"description\" content=\"Dodaj wid\u017cet menu restauracji dostosowany do urz\u0105dze\u0144 mobilnych w swojej witrynie Bloggera. Skorzystaj z por\u0119cznej wersji demonstracyjnej Elfsight i utw\u00f3rz stylow\u0105 wtyczk\u0119 w ci\u0105gu zaledwie kilku minut\" \/>\n<meta name=\"robots\" content=\"index, follow, max-snippet:-1, max-image-preview:large, max-video-preview:-1\" \/>\n<link rel=\"canonical\" href=\"https:\/\/elfsight.com\/pl\/restaurant-menu-widget\/blogger\/\" \/>\n<meta property=\"og:locale\" content=\"pl_PL\" \/>\n<meta property=\"og:type\" content=\"article\" \/>\n<meta property=\"og:title\" content=\"Menu restauracji dla witryn Bloggera - \u0142atwe i bezp\u0142atne\" \/>\n<meta property=\"og:description\" content=\"Dodaj wid\u017cet menu restauracji dostosowany do urz\u0105dze\u0144 mobilnych w swojej witrynie Bloggera. Skorzystaj z por\u0119cznej wersji demonstracyjnej Elfsight i utw\u00f3rz stylow\u0105 wtyczk\u0119 w ci\u0105gu zaledwie kilku minut\" \/>\n<meta property=\"og:url\" content=\"https:\/\/elfsight.com\/pl\/restaurant-menu-widget\/blogger\/\" \/>\n<meta property=\"og:site_name\" content=\"Elfsight PL\" \/>\n<meta property=\"article:modified_time\" content=\"2024-11-14T08:56:38+00:00\" \/>\n<meta name=\"twitter:card\" content=\"summary_large_image\" \/>\n<meta name=\"twitter:label1\" content=\"Szacowany czas czytania\" \/>\n\t<meta name=\"twitter:data1\" content=\"3 minuty\" \/>\n<!-- \/ Yoast SEO plugin. -->","yoast_head_json":{"title":"Menu restauracji dla witryn Bloggera - \u0142atwe i bezp\u0142atne","description":"Dodaj wid\u017cet menu restauracji dostosowany do urz\u0105dze\u0144 mobilnych w swojej witrynie Bloggera. Skorzystaj z por\u0119cznej wersji demonstracyjnej Elfsight i utw\u00f3rz stylow\u0105 wtyczk\u0119 w ci\u0105gu zaledwie kilku minut","robots":{"index":"index","follow":"follow","max-snippet":"max-snippet:-1","max-image-preview":"max-image-preview:large","max-video-preview":"max-video-preview:-1"},"canonical":"https:\/\/elfsight.com\/pl\/restaurant-menu-widget\/blogger\/","og_locale":"pl_PL","og_type":"article","og_title":"Menu restauracji dla witryn Bloggera - \u0142atwe i bezp\u0142atne","og_description":"Dodaj wid\u017cet menu restauracji dostosowany do urz\u0105dze\u0144 mobilnych w swojej witrynie Bloggera. Skorzystaj z por\u0119cznej wersji demonstracyjnej Elfsight i utw\u00f3rz stylow\u0105 wtyczk\u0119 w ci\u0105gu zaledwie kilku minut","og_url":"https:\/\/elfsight.com\/pl\/restaurant-menu-widget\/blogger\/","og_site_name":"Elfsight PL","article_modified_time":"2024-11-14T08:56:38+00:00","twitter_card":"summary_large_image","twitter_misc":{"Szacowany czas czytania":"3 minuty"},"schema":{"@context":"https:\/\/schema.org","@graph":[{"@type":"WebPage","@id":"https:\/\/elfsight.com\/pl\/restaurant-menu-widget\/blogger\/","url":"https:\/\/elfsight.com\/pl\/restaurant-menu-widget\/blogger\/","name":"Menu restauracji dla witryn Bloggera - \u0142atwe i bezp\u0142atne","isPartOf":{"@id":"https:\/\/elfsight.com\/pl\/#website"},"datePublished":"2024-05-03T06:46:00+00:00","dateModified":"2024-11-14T08:56:38+00:00","description":"Dodaj wid\u017cet menu restauracji dostosowany do urz\u0105dze\u0144 mobilnych w swojej witrynie Bloggera. Skorzystaj z por\u0119cznej wersji demonstracyjnej Elfsight i utw\u00f3rz stylow\u0105 wtyczk\u0119 w ci\u0105gu zaledwie kilku minut","breadcrumb":{"@id":"https:\/\/elfsight.com\/pl\/restaurant-menu-widget\/blogger\/#breadcrumb"},"inLanguage":"pl-PL","potentialAction":[{"@type":"ReadAction","target":["https:\/\/elfsight.com\/pl\/restaurant-menu-widget\/blogger\/"]}]},{"@type":"BreadcrumbList","@id":"https:\/\/elfsight.com\/pl\/restaurant-menu-widget\/blogger\/#breadcrumb","itemListElement":[{"@type":"ListItem","position":1,"name":"Home","item":"https:\/\/elfsight.com\/pl\/"},{"@type":"ListItem","position":2,"name":"Restaurant Menu","item":"https:\/\/elfsight.com\/pl\/restaurant-menu-widget\/"},{"@type":"ListItem","position":3,"name":"Restaurant Menu &#8211; Blogger"}]},{"@type":"WebSite","@id":"https:\/\/elfsight.com\/pl\/#website","url":"https:\/\/elfsight.com\/pl\/","name":"Elfsight PL","description":"Just another Elfsight Sites site","potentialAction":[{"@type":"SearchAction","target":{"@type":"EntryPoint","urlTemplate":"https:\/\/elfsight.com\/pl\/?s={search_term_string}"},"query-input":{"@type":"PropertyValueSpecification","valueRequired":true,"valueName":"search_term_string"}}],"inLanguage":"pl-PL"}]}},"meta_box":{"industry":"","seo_heading":"","heading":"","description":"","cta_heading":"","cta_description":"","application":"3358","h1":"Widget Menu restauracji Bloggera","h1_caption":"Zaprezentuj menu swojej restauracji w atrakcyjnym wizualnie formacie, kt\u00f3ry mo\u017cna \u0142atwo aktualizowa\u0107 i kt\u00f3ry jest przyjazny dla u\u017cytkownika, w witrynie Bloggera.","application_category":[],"applications_title":"","applications_request_title":"","applications_request_button_text":"","hero_text":"","hero_video":"","hero_video_schema_markup":"","selling_points_title":"","selling_points_caption":"","selling_points":[],"selling_points_cta_text":"","features_title":"","features":"","ed_cta_examples_text":"","ed_cta_examples_hidden":"","ed_cta_demo_text":"","ed_cta_demo_hidden":"","why_caption":"","why_editor_title":"","why_editor_text":"","why_team_title":"","why_team_text":"","why_service_title":"","why_service_text":"","template_catalog_visible":"","template_catalog_title":"","template_catalog_text":"","template_catalog_categories_visible":"","demo_title":"Utw\u00f3rz wid\u017cet Menu restauracji","demo_caption":"Skonfiguruj menu restauracji i dodaj je za darmo do swojej witryny Bloggera!","default_faq_hidden":"","app_template_category":[],"platform":"44","template_public_id":"","codecanyon_url":"","codecanyon_item_id":"","codecanyon_price":"","pricing_caption":"","pricing_elfsight_apps_hide_column":"","pricing_elfsight_apps_url":"","pricing_codecanyon_price_caption":"","integration_category":[],"integration_request_title":"","integration_request_cta":"","integration_platform":"","integrations":[],"platform_category":[],"video_schema_markup":"","price":"od 0 USD \/ miesi\u0105c","trial":"","benefits":[{"text":"Bezp\u0142atna pomoc w instalacji"},{"text":"Do\u015bwiadczona obs\u0142uga klienta"},{"text":"14-dniowa gwarancja zwrotu pieni\u0119dzy"}],"button_url":"#demo","button_target_blank":"","button_nofollow":"","attributes":[{"name":"Instaluje"},{"name":"Czu\u0142y"},{"name":"Kompatybilne przegl\u0105darki"}],"tags":[],"tags_disable_links":"","hide_more_platforms":"","video_object":"","demo_hide_cta":"","demo_hide_cloud_options":"","pricing_title":"","pricing":[{"pricing_icon":"platform","pricing_title":"Elfsight Apps","pricing_title_caption":"Rozwi\u0105zanie wieloplatformowe, kt\u00f3re dzia\u0142a na dowolnej witrynie","pricing_price":"od 0 USD \/ miesi\u0105c","pricing_price_caption":"zacznij od bezp\u0142atnego planu","pricing_benefits":[{"text":"Nielimitowane strony internetowe"},{"text":"Wsparcie premium, terminowe i dobrze udokumentowane"},{"text":"Bezp\u0142atna pomoc w monta\u017cu"},{"text":"Elastyczny projekt"}],"pricing_button_text":"Dodaj do witryny","pricing_button_url":"#demo"}],"related_apps_title":"","related_apps_hidden":"","author":"","image":[],"title":"","job":"","social_networks":[]},"_links":{"self":[{"href":"https:\/\/elfsight.com\/pl\/wp-json\/wp\/v2\/pages\/6269","targetHints":{"allow":["GET"]}}],"collection":[{"href":"https:\/\/elfsight.com\/pl\/wp-json\/wp\/v2\/pages"}],"about":[{"href":"https:\/\/elfsight.com\/pl\/wp-json\/wp\/v2\/types\/page"}],"author":[{"embeddable":true,"href":"https:\/\/elfsight.com\/pl\/wp-json\/wp\/v2\/users\/9"}],"replies":[{"embeddable":true,"href":"https:\/\/elfsight.com\/pl\/wp-json\/wp\/v2\/comments?post=6269"}],"version-history":[{"count":2,"href":"https:\/\/elfsight.com\/pl\/wp-json\/wp\/v2\/pages\/6269\/revisions"}],"predecessor-version":[{"id":7984,"href":"https:\/\/elfsight.com\/pl\/wp-json\/wp\/v2\/pages\/6269\/revisions\/7984"}],"up":[{"embeddable":true,"href":"https:\/\/elfsight.com\/pl\/wp-json\/wp\/v2\/pages\/3408"}],"wp:attachment":[{"href":"https:\/\/elfsight.com\/pl\/wp-json\/wp\/v2\/media?parent=6269"}],"curies":[{"name":"wp","href":"https:\/\/api.w.org\/{rel}","templated":true}]}}