{"id":6264,"date":"1970-01-01T00:00:00","date_gmt":"1970-01-01T00:00:00","guid":{"rendered":"https:\/\/elfsight.com\/pl\/?page_id=6264"},"modified":"2024-11-14T08:56:29","modified_gmt":"2024-11-14T08:56:29","slug":"webflow","status":"publish","type":"page","link":"https:\/\/elfsight.com\/pl\/restaurant-menu-widget\/webflow\/","title":{"rendered":"Restaurant Menu &#8211; Webflow"},"content":{"rendered":"<div class=\"application-platform-content-item-description application-platform-content-item\" id=\"description\" data-nav-section=\"description\"> <h2>Osad\u017a menu restauracji w Webflow za pomoc\u0105 wid\u017cetu Elfsight<\/h2><p>Menu restauracji Elfsight to \u015bwietny spos\u00f3b na zaprezentowanie swojej pysznej kuchni odbiorc\u00f3w, reprezentowa\u0107 koncepcj\u0119 i zach\u0119ca\u0107 ich do odwiedzenia restauracji. Instrument jest niezwykle dostosowany do potrzeb u\u017cytkownika i umo\u017cliwia tworzenie wielu menu z niesamowitym zakresem sekcji i pozycji. Wybierz jasny, ciemny schemat lub zmie\u0144 dowolne elementy, zmieniaj\u0105c wszystkie kolory akcent\u00f3w. Poza tym Twoje menu mo\u017ce zawsze pozosta\u0107 aktualne: prawid\u0142owe ceny, lista da\u0144, dodawanie nowych napoj\u00f3w, a nawet menu sezonowe w ci\u0105gu kilku sekund! Koniec z gotowymi do druku menu, kt\u00f3re trzeba przepisywa\u0107 od pocz\u0105tku. Po prostu zacznij tworzy\u0107 swoje stylowe menu ju\u017c w tej chwili. <\/p> <p><b>Spr\u00f3buj zastosowa\u0107 Menu Restauracji, aby efektywniej osi\u0105ga\u0107 swoje cele biznesowe! Maj\u0105c menu na swojej stronie internetowej, Tw\u00f3j lokal mo\u017ce przyj\u0105\u0107 wi\u0119cej go\u015bci i odnotowa\u0107 aktywny rozw\u00f3j dzia\u0142alno\u015bci oraz zwi\u0119kszon\u0105 sprzeda\u017c<\/b><\/p> <\/div> <div class=\"application-platform-content-item-features application-platform-content-item\" id=\"features\" data-nav-section=\"features\"> <h2>Znajd\u017a poni\u017cej podstawowe funkcje wid\u017cetu : <\/h2> <ul><li>\u0141atwe w zarz\u0105dzaniu nawet dla u\u017cytkownik\u00f3w nietechnicznych<\/li><li>Nieograniczona liczba menu, sekcji lub element\u00f3w zorganizowanych za pomoc\u0105 r\u00f3\u017cnych fascynuj\u0105cych uk\u0142ad\u00f3w<\/li><li>Zawsze aktualne informacje. Popraw ceny, dodawaj sezonowe specja\u0142y lub napoje, kiedy tylko chcesz<\/li><li>Wy\u015bwietlaj dodatkowe cechy produkt\u00f3w, na przyk\u0142ad ikony, elementy od\u017cywcze i plakietki<\/li><li>Prze\u015blij wspania\u0142e zdj\u0119cia produkt\u00f3w, a nawet je poka\u017c je w wyskakuj\u0105cym okienku<\/li><li>Modyfikuj i zmieniaj kolor dowolnych element\u00f3w: tekstu, schematu kolor\u00f3w i ikon<\/li><\/ul><p><a href=\"#demo\">Przetestuj wszystkie funkcje personalizacji w w pe\u0142ni funkcjonalne demo<\/a><\/p> <\/div> <div class=\"application-platform-content-item-installation application-platform-content-item\" id=\"installation\" data-nav-section=\"installation\"> <h2>Jak mog\u0119 osadzi\u0107 menu restauracji na mojej stronie internetowej Webflow? <\/h2><div class=\"video-container\"><iframe width=\"720\" height=\"405\" src=\"https:\/\/www.youtube.com\/embed\/xLXaB0tc_WU\" frameborder=\"0\" allowfullscreen=\"\"><\/iframe><\/div><p>Wystarczy wykona\u0107 poni\u017csze kroki, aby rozpocz\u0105\u0107 prac\u0119 z wid\u017cetem: <\/p> <ol><li><b>Otw\u00f3rz nasze bezp\u0142atne demo i zacznij tworzy\u0107 spersonalizowany wid\u017cet . <\/b><br> Okre\u015bl preferowany wygl\u0105d i specyfikacje wid\u017cetu i zapisz zmiany. <\/li> <li><b>Odbierz unikalny kod pokazany w oknie aplikacji Elfsight. <\/b><br> Po zako\u0144czeniu konfiguracji Twojego osobistego narz\u0119dzia skopiuj kod osobisty w wy\u015bwietlonym oknie i zachowaj go do p\u00f3\u017aniejszego wykorzystania. <\/li> <li><b>Zacznij korzysta\u0107 z wid\u017cetu w swojej witrynie Webflow. <\/b><br> Zintegruj ostatnio zapisany kod ze swoj\u0105 stron\u0105 internetow\u0105 i zapisz zmiany. <\/li> <li><b>Gotowe! Osadzanie zosta\u0142o pomy\u015blnie wykonane. <\/b><br> Odwied\u017a swoj\u0105 witryn\u0119, aby sprawdzi\u0107 dzia\u0142anie narz\u0119dzia. <\/li><\/ol> <p>Je\u015bli uporasz si\u0119 z jak\u0105kolwiek przeszkod\u0105, zwr\u00f3\u0107 si\u0119 o pomoc do naszego personelu obs\u0142ugi klienta. Nasi konsultanci ch\u0119tnie pomog\u0105 Ci we wszystkich pytaniach zwi\u0105zanych z widgetem. <\/p> <div class=\"faq\" data-component=\"FAQ\"><div class=\"faq-item\">\r\n\t\t\t\t\t<div class=\"faq-item-question\">\r\n\t\t\t\t\t\t<h3 class=\"faq-item-question-text\">Czy istnieje spos\u00f3b na dodanie Menu restauracji do mojej strony internetowej Webflow bez umiej\u0119tno\u015bci kodowania?<\/h3>\r\n\r\n\t\t\t\t\t\t<div class=\"faq-item-question-icon\"><\/div>\r\n\t\t\t\t\t<\/div>\r\n\r\n\t\t\t\t\t<div class=\"faq-item-answer\">\r\n\t\t\t\t\t\t<div class=\"faq-item-answer-text\"> <p>Firma Elfsight wprowadza rozwi\u0105zanie w chmurze, kt\u00f3re pozwala u\u017cytkownikom samodzielnie zbudowa\u0107 aplikacj\u0119 Menu restauracji , przekonaj si\u0119, jak prosty jest ten proces: Pracuj bezpo\u015brednio w wersji demonstracyjnej online, aby utworzy\u0107 sekcj\u0119 menu restauracji, kt\u00f3r\u0105 chcesz zintegrowa\u0107 z witryn\u0105 Webflow. Kliknij jeden z gotowych szablon\u00f3w i dostosuj ustawienia menu restauracji, zaktualizuj tre\u015b\u0107, zmie\u0144 uk\u0142ad i schemat kolor\u00f3w bez \u017cadnego do\u015bwiadczenia w kodowaniu. Zapisz Menu Restauracji i skopiuj kod wid\u017cetu w celu osadzenia, kt\u00f3ry mo\u017cna \u0142atwo umie\u015bci\u0107 na dowolnej stronie internetowej Webflow bez konieczno\u015bci wykupywania p\u0142atnej subskrypcji. Korzystaj\u0105c z naszego przyjaznego dla u\u017cytkownika Edytora, ka\u017cdy u\u017cytkownik Internetu mo\u017ce zbudowa\u0107 wtyczk\u0119 Menu Restauracji i bez problemu doda\u0107 j\u0105 do witryny Webflow. Aby uzyska\u0107 dost\u0119p do naszych us\u0142ug, nie powiniene\u015b otrzymywa\u0107 p\u0142atnego planu ani ujawnia\u0107 danych swojej karty. Je\u015bli na kt\u00f3rymkolwiek etapie napotkasz jakiekolwiek przeszkody, skontaktuj si\u0119 z naszym personelem pomocy technicznej.<\/p> <\/div>\r\n\t\t\t\t\t<\/div>\r\n\t\t\t\t<\/div> <\/div><\/div>","protected":false},"excerpt":{"rendered":"","protected":false},"author":9,"featured_media":0,"parent":3408,"menu_order":0,"comment_status":"closed","ping_status":"closed","template":"templates\/template-application-platform.php","meta":{"publish_to_discourse":"","publish_post_category":"","wpdc_auto_publish_overridden":"","wpdc_topic_tags":"","wpdc_pin_topic":"","wpdc_pin_until":"","discourse_post_id":"","discourse_permalink":"","wpdc_publishing_response":"","wpdc_publishing_error":"","footnotes":""},"class_list":["post-6264","page","type-page","status-publish","hentry"],"yoast_head":"<!-- This site is optimized with the Yoast SEO plugin v25.3.1 - https:\/\/yoast.com\/wordpress\/plugins\/seo\/ -->\n<title>Widget Menu restauracji dla witryn Webflow - bezp\u0142atny i osza\u0142amiaj\u0105cy<\/title>\n<meta name=\"description\" content=\"Umie\u015b\u0107 przyjazny dla u\u017cytkownika wid\u017cet Menu restauracji na swojej stronie internetowej Webflow. Wypr\u00f3buj por\u0119czn\u0105 wersj\u0119 demonstracyjn\u0105 Elfsight i stw\u00f3rz sw\u00f3j unikalny widget w zaledwie kilka minut\" \/>\n<meta name=\"robots\" content=\"index, follow, max-snippet:-1, max-image-preview:large, max-video-preview:-1\" \/>\n<link rel=\"canonical\" href=\"https:\/\/elfsight.com\/pl\/restaurant-menu-widget\/webflow\/\" \/>\n<meta property=\"og:locale\" content=\"pl_PL\" \/>\n<meta property=\"og:type\" content=\"article\" \/>\n<meta property=\"og:title\" content=\"Widget Menu restauracji dla witryn Webflow - bezp\u0142atny i osza\u0142amiaj\u0105cy\" \/>\n<meta property=\"og:description\" content=\"Umie\u015b\u0107 przyjazny dla u\u017cytkownika wid\u017cet Menu restauracji na swojej stronie internetowej Webflow. Wypr\u00f3buj por\u0119czn\u0105 wersj\u0119 demonstracyjn\u0105 Elfsight i stw\u00f3rz sw\u00f3j unikalny widget w zaledwie kilka minut\" \/>\n<meta property=\"og:url\" content=\"https:\/\/elfsight.com\/pl\/restaurant-menu-widget\/webflow\/\" \/>\n<meta property=\"og:site_name\" content=\"Elfsight PL\" \/>\n<meta property=\"article:modified_time\" content=\"2024-11-14T08:56:29+00:00\" \/>\n<meta name=\"twitter:card\" content=\"summary_large_image\" \/>\n<meta name=\"twitter:label1\" content=\"Szacowany czas czytania\" \/>\n\t<meta name=\"twitter:data1\" content=\"3 minuty\" \/>\n<!-- \/ Yoast SEO plugin. -->","yoast_head_json":{"title":"Widget Menu restauracji dla witryn Webflow - bezp\u0142atny i osza\u0142amiaj\u0105cy","description":"Umie\u015b\u0107 przyjazny dla u\u017cytkownika wid\u017cet Menu restauracji na swojej stronie internetowej Webflow. Wypr\u00f3buj por\u0119czn\u0105 wersj\u0119 demonstracyjn\u0105 Elfsight i stw\u00f3rz sw\u00f3j unikalny widget w zaledwie kilka minut","robots":{"index":"index","follow":"follow","max-snippet":"max-snippet:-1","max-image-preview":"max-image-preview:large","max-video-preview":"max-video-preview:-1"},"canonical":"https:\/\/elfsight.com\/pl\/restaurant-menu-widget\/webflow\/","og_locale":"pl_PL","og_type":"article","og_title":"Widget Menu restauracji dla witryn Webflow - bezp\u0142atny i osza\u0142amiaj\u0105cy","og_description":"Umie\u015b\u0107 przyjazny dla u\u017cytkownika wid\u017cet Menu restauracji na swojej stronie internetowej Webflow. Wypr\u00f3buj por\u0119czn\u0105 wersj\u0119 demonstracyjn\u0105 Elfsight i stw\u00f3rz sw\u00f3j unikalny widget w zaledwie kilka minut","og_url":"https:\/\/elfsight.com\/pl\/restaurant-menu-widget\/webflow\/","og_site_name":"Elfsight PL","article_modified_time":"2024-11-14T08:56:29+00:00","twitter_card":"summary_large_image","twitter_misc":{"Szacowany czas czytania":"3 minuty"},"schema":{"@context":"https:\/\/schema.org","@graph":[{"@type":"WebPage","@id":"https:\/\/elfsight.com\/pl\/restaurant-menu-widget\/webflow\/","url":"https:\/\/elfsight.com\/pl\/restaurant-menu-widget\/webflow\/","name":"Widget Menu restauracji dla witryn Webflow - bezp\u0142atny i osza\u0142amiaj\u0105cy","isPartOf":{"@id":"https:\/\/elfsight.com\/pl\/#website"},"datePublished":"1970-01-01T00:00:00+00:00","dateModified":"2024-11-14T08:56:29+00:00","description":"Umie\u015b\u0107 przyjazny dla u\u017cytkownika wid\u017cet Menu restauracji na swojej stronie internetowej Webflow. Wypr\u00f3buj por\u0119czn\u0105 wersj\u0119 demonstracyjn\u0105 Elfsight i stw\u00f3rz sw\u00f3j unikalny widget w zaledwie kilka minut","breadcrumb":{"@id":"https:\/\/elfsight.com\/pl\/restaurant-menu-widget\/webflow\/#breadcrumb"},"inLanguage":"pl-PL","potentialAction":[{"@type":"ReadAction","target":["https:\/\/elfsight.com\/pl\/restaurant-menu-widget\/webflow\/"]}]},{"@type":"BreadcrumbList","@id":"https:\/\/elfsight.com\/pl\/restaurant-menu-widget\/webflow\/#breadcrumb","itemListElement":[{"@type":"ListItem","position":1,"name":"Home","item":"https:\/\/elfsight.com\/pl\/"},{"@type":"ListItem","position":2,"name":"Restaurant Menu","item":"https:\/\/elfsight.com\/pl\/restaurant-menu-widget\/"},{"@type":"ListItem","position":3,"name":"Restaurant Menu &#8211; Webflow"}]},{"@type":"WebSite","@id":"https:\/\/elfsight.com\/pl\/#website","url":"https:\/\/elfsight.com\/pl\/","name":"Elfsight PL","description":"Just another Elfsight Sites site","potentialAction":[{"@type":"SearchAction","target":{"@type":"EntryPoint","urlTemplate":"https:\/\/elfsight.com\/pl\/?s={search_term_string}"},"query-input":{"@type":"PropertyValueSpecification","valueRequired":true,"valueName":"search_term_string"}}],"inLanguage":"pl-PL"}]}},"meta_box":{"industry":"","seo_heading":"","heading":"","description":"","cta_heading":"","cta_description":"","application":"3358","h1":"Wid\u017cet menu restauracji Webflow","h1_caption":"Zaprezentuj menu swojej restauracji w atrakcyjnym wizualnie formacie, kt\u00f3ry mo\u017cna \u0142atwo aktualizowa\u0107 i przyjazny dla u\u017cytkownika w witrynie Webflow.","application_category":[],"applications_title":"","applications_request_title":"","applications_request_button_text":"","hero_text":"","hero_video":"","hero_video_schema_markup":"","selling_points_title":"","selling_points_caption":"","selling_points":[],"selling_points_cta_text":"","features_title":"","features":"","ed_cta_examples_text":"","ed_cta_examples_hidden":"","ed_cta_demo_text":"","ed_cta_demo_hidden":"","why_caption":"","why_editor_title":"","why_editor_text":"","why_team_title":"","why_team_text":"","why_service_title":"","why_service_text":"","template_catalog_visible":"","template_catalog_title":"","template_catalog_text":"","template_catalog_categories_visible":"","demo_title":"Utw\u00f3rz wid\u017cet Menu restauracji","demo_caption":"Skonfiguruj swoje Menu Restauracji i dodaj je za darmo do swojej witryny Webflow!","default_faq_hidden":"","app_template_category":[],"platform":"127","template_public_id":"","codecanyon_url":"","codecanyon_item_id":"","codecanyon_price":"","pricing_caption":"","pricing_elfsight_apps_hide_column":"","pricing_elfsight_apps_url":"","pricing_codecanyon_price_caption":"","integration_category":[],"integration_request_title":"","integration_request_cta":"","integration_platform":"","integrations":[],"platform_category":[],"video_schema_markup":"","price":"od 0 USD \/ miesi\u0105c","trial":"","benefits":[{"text":"Bezp\u0142atna pomoc w monta\u017cu"},{"text":"Wyj\u0105tkowe wsparcie"},{"text":"14-dniowa gwarancja zwrotu pieni\u0119dzy"}],"button_url":"#demo","button_target_blank":"","button_nofollow":"","attributes":[{"name":"Instaluje"},{"name":"Czu\u0142y"},{"name":"Kompatybilne przegl\u0105darki"}],"tags":[],"tags_disable_links":"","hide_more_platforms":"","video_object":"","demo_hide_cta":"","demo_hide_cloud_options":"","pricing_title":"","pricing":[{"pricing_icon":"platform","pricing_title":"Elfsight Apps","pricing_title_caption":"Wersja niezale\u017cna od platformy","pricing_price":"od 0 USD \/ miesi\u0105c","pricing_price_caption":"zacznij od bezp\u0142atnego planu","pricing_benefits":[{"text":"Nielimitowane strony internetowe"},{"text":"Dedykowane i terminowe wsparcie"},{"text":"Bezp\u0142atna pomoc w monta\u017cu"},{"text":"Oferta specjalna na wiele aplikacji"}],"pricing_button_text":"Dodaj do witryny","pricing_button_url":"#demo"}],"related_apps_title":"","related_apps_hidden":"","author":"","image":[],"title":"","job":"","social_networks":[]},"_links":{"self":[{"href":"https:\/\/elfsight.com\/pl\/wp-json\/wp\/v2\/pages\/6264","targetHints":{"allow":["GET"]}}],"collection":[{"href":"https:\/\/elfsight.com\/pl\/wp-json\/wp\/v2\/pages"}],"about":[{"href":"https:\/\/elfsight.com\/pl\/wp-json\/wp\/v2\/types\/page"}],"author":[{"embeddable":true,"href":"https:\/\/elfsight.com\/pl\/wp-json\/wp\/v2\/users\/9"}],"replies":[{"embeddable":true,"href":"https:\/\/elfsight.com\/pl\/wp-json\/wp\/v2\/comments?post=6264"}],"version-history":[{"count":2,"href":"https:\/\/elfsight.com\/pl\/wp-json\/wp\/v2\/pages\/6264\/revisions"}],"predecessor-version":[{"id":7983,"href":"https:\/\/elfsight.com\/pl\/wp-json\/wp\/v2\/pages\/6264\/revisions\/7983"}],"up":[{"embeddable":true,"href":"https:\/\/elfsight.com\/pl\/wp-json\/wp\/v2\/pages\/3408"}],"wp:attachment":[{"href":"https:\/\/elfsight.com\/pl\/wp-json\/wp\/v2\/media?parent=6264"}],"curies":[{"name":"wp","href":"https:\/\/api.w.org\/{rel}","templated":true}]}}