{"id":6263,"date":"1970-01-01T00:00:00","date_gmt":"1970-01-01T00:00:00","guid":{"rendered":"https:\/\/elfsight.com\/pl\/?page_id=6263"},"modified":"2024-11-14T08:53:21","modified_gmt":"2024-11-14T08:53:21","slug":"google-sites","status":"publish","type":"page","link":"https:\/\/elfsight.com\/pl\/restaurant-menu-widget\/google-sites\/","title":{"rendered":"Restaurant Menu &#8211; Google Sites"},"content":{"rendered":"<div class=\"application-platform-content-item-description application-platform-content-item\" id=\"description\" data-nav-section=\"description\"> <h2>Osad\u017a menu restauracji w Witrynach Google za pomoc\u0105 wid\u017cetu Elfsight<\/h2><p>Menu restauracji Elfsight to \u0142atwe w zarz\u0105dzaniu narz\u0119dzie dla wy\u015bwietlanie r\u00f3\u017cnorodno\u015bci produkt\u00f3w bezpo\u015brednio na Twojej stronie. To \u0142atwy spos\u00f3b na poinformowanie go\u015bci o jedzeniu i napojach, opowiedzenie o wyj\u0105tkowych cechach i przyci\u0105gni\u0119cie ich uwagi urzekaj\u0105cymi obrazami potraw. Wtyczka jest bardzo dostosowana do potrzeb u\u017cytkownika. Dzi\u0119ki niemu mo\u017cesz zaprezentowa\u0107 szerok\u0105 gam\u0119 stron menu z niesamowit\u0105 ilo\u015bci\u0105 pozycji. Lub po prostu wy\u015bwietl kr\u00f3tk\u0105 list\u0119 produkt\u00f3w, kt\u00f3re serwujesz. Ustaw jasny lub ciemny schemat lub dostosuj ustawienia, kt\u00f3re lubisz, zmieniaj\u0105c wszystkie kolory akcent\u00f3w. R\u00f3wnie\u017c wid\u017cet pozwala zachowa\u0107 aktualno\u015b\u0107: mo\u017cesz zmieni\u0107 ceny, list\u0119 pozycji, doda\u0107 nowe napoje, a nawet menu w ci\u0105gu kilku sekund! Koniec z plikami PDF, kt\u00f3re powiniene\u015b tworzy\u0107 od samego pocz\u0105tku. Po prostu zacznij tworzy\u0107 swoje wspania\u0142e menu ju\u017c teraz. <\/p> <p>Spr\u00f3buj zastosowa\u0107 Menu Restauracji, aby efektywniej osi\u0105ga\u0107 swoje cele biznesowe! Za pomoc\u0105 wtyczki. Spr\u00f3buj skorzysta\u0107 z menu restauracji firmy Elfsight. <\/p><\/div> <div class=\"application-platform-content-item-features application-platform-content-item\" id=\"features\" data-nav-section=\"features\"> <h2>To tylko kilka z rozbudowanych funkcji widgetu: <\/h2> <ul><li>\u0141atwe w zarz\u0105dzaniu nawet dla nieprofesjonalnych u\u017cytkownik\u00f3w. <\/li><li>Niesko\u0144czona ilo\u015b\u0107 menu, sekcji lub element\u00f3w utworzonych za pomoc\u0105 uk\u0142ad\u00f3w zak\u0142adek, list lub mur\u00f3w. <\/li><li>po prostu zarz\u0105dzaj menu i wszystkimi jego elementami, kiedy tylko chcesz: rabatami, sezonow\u0105 \u017cywno\u015bci\u0105 i napojami itp. <\/li><li> Dodaj rozbudowan\u0105 charakterystyk\u0119 pozycji, na przyk\u0142ad ikony, elementy od\u017cywcze i odznaki . <\/li><li>Do\u0142\u0105cz apetyczne zdj\u0119cia produkt\u00f3w, a nawet zaprezentuj je w trybie wyskakuj\u0105cym. <\/li><li>Modyfikuj i zmieniaj kolor wszystkich element\u00f3w: tekstu, schematu kolor\u00f3w i ikon. <\/li><p><a href=\"#demo\">Mo\u017cesz poczu\u0107, jak dzia\u0142a widget, wypr\u00f3bowuj\u0105c wersj\u0119 demonstracyjn\u0105<\/a><\/p> <\/div> <div class=\"application-platform-content-item-installation application-platform-content-item\" id=\"installation\" data-nav-section=\"installation\"> <h2> Jak mog\u0119 osadzi\u0107 menu restauracji na mojej stronie internetowej Witryn Google? <\/h2> <div class=\"video-container\"><iframe width=\"720\" height=\"405\" src=\"https:\/\/www.youtube.com\/embed\/OmbVgYaffjY\" frameborder=\"0\" allowfullscreen=\"\"><\/iframe><\/div><p>Wystarczy wykona\u0107 kilka krok\u00f3w opisanych poni\u017cej, aby rozpocz\u0105\u0107 prac\u0119 z narz\u0119dziem. <\/p> <ol><li><b>Otw\u00f3rz nasz darmowy edytor i zacznij tworzy\u0107 swoj\u0105 unikaln\u0105 wtyczk\u0119. <\/b><br> Okre\u015bl preferowan\u0105 form\u0119 i aspekty wtyczki i zastosuj modyfikacje. <\/li> <li><b>Skopiuj sw\u00f3j osobisty kod, kt\u00f3ry pojawi si\u0119 w polu aplikacji Elfsight. <\/b><br> Po skonfigurowaniu osobistego wid\u017cetu skopiuj ekskluzywny kod z wy\u015bwietlonego okna i zapisz go do wykorzystania w przysz\u0142o\u015bci. <\/li> <li><b>Rozpocznij korzystanie z narz\u0119dzia na stronie g\u0142\u00f3wnej Witryn Google. <\/b><br> Wklej skopiowany wcze\u015bniej kod na swoj\u0105 stron\u0119 internetow\u0105 i zastosuj poprawki. <\/li> <li><b>Gotowe! Osadzanie zosta\u0142o ca\u0142kowicie zako\u0144czone. <\/b><br> Przejd\u017a na swoj\u0105 stron\u0119 internetow\u0105 i zobacz, jak dzia\u0142a narz\u0119dzie. <\/li><\/ol> <div class=\"tip-yellow tip\"><b>Ze wzgl\u0119du na specyfik\u0119 dzia\u0142ania Witryn Google wid\u017cet mo\u017ce wygl\u0105da\u0107 inaczej ni\u017c wersja demonstracyjna online. Przepraszamy za wszelkie niedogodno\u015bci.<\/b><\/div><p>Je\u015bli masz pytania lub napotkasz jakie\u015b problemy, skontaktuj si\u0119 z naszym zespo\u0142em pomocy. Nasi ludzie ch\u0119tnie pomog\u0105 Ci we wszystkich trudno\u015bciach, jakie mo\u017cesz mie\u0107 z wtyczk\u0105. <\/p> <div class=\"faq\" data-component=\"FAQ\"><div class=\"faq-item\">\r\n\t\t\t\t\t<div class=\"faq-item-question\">\r\n\t\t\t\t\t\t<h3 class=\"faq-item-question-text\">Jak osadzi\u0107 menu restauracji w mojej witrynie Witryn Google bez do\u015bwiadczenia w kodowaniu?<\/h3>\r\n\r\n\t\t\t\t\t\t<div class=\"faq-item-question-icon\"><\/div>\r\n\t\t\t\t\t<\/div>\r\n\r\n\t\t\t\t\t<div class=\"faq-item-answer\">\r\n\t\t\t\t\t\t<div class=\"faq-item-answer-text\"> <p>Elfsight wprowadza rozwi\u0105zanie SaaS, kt\u00f3re umo\u017cliwia samodzielne wygenerowanie wtyczki Menu restauracji. Dowiedz si\u0119, jak to proste: przejd\u017a do wersji demonstracyjnej online, aby utworzy\u0107 wid\u017cet menu restauracji, kt\u00f3ry chcesz zintegrowa\u0107 z witryn\u0105 Witryn Google. Wybierz jeden z gotowych szablon\u00f3w i dostosuj ustawienia Menu Restauracji, zaktualizuj tre\u015b\u0107, zmie\u0144 uk\u0142ad i kolor element\u00f3w bez umiej\u0119tno\u015bci kodowania. Kliknij, aby zapisa\u0107 menu restauracji i uzyska\u0107 kod instalacyjny wtyczki, kt\u00f3ry mo\u017cesz bez problemu umie\u015bci\u0107 w witrynie Google Sites w ramach bezp\u0142atnego planu. Dzi\u0119ki \u0142atwemu w u\u017cyciu Edytorowi ka\u017cdy u\u017cytkownik Internetu mo\u017ce stworzy\u0107 aplikacj\u0119 Menu restauracji online i umie\u015bci\u0107 j\u0105 w witrynie Google Sites. Aby uzyska\u0107 dost\u0119p do us\u0142ugi, nie trzeba p\u0142aci\u0107 ani wprowadza\u0107 danych karty. Je\u015bli napotkasz jakiekolwiek problemy, nie wahaj si\u0119 skontaktowa\u0107 z naszym personelem pomocy technicznej.<\/p> <\/div>\r\n\t\t\t\t\t<\/div>\r\n\t\t\t\t<\/div> <\/div><\/div><\/ul>","protected":false},"excerpt":{"rendered":"","protected":false},"author":9,"featured_media":0,"parent":3408,"menu_order":0,"comment_status":"closed","ping_status":"closed","template":"templates\/template-application-platform.php","meta":{"publish_to_discourse":"","publish_post_category":"","wpdc_auto_publish_overridden":"","wpdc_topic_tags":"","wpdc_pin_topic":"","wpdc_pin_until":"","discourse_post_id":"","discourse_permalink":"","wpdc_publishing_response":"","wpdc_publishing_error":"","footnotes":""},"class_list":["post-6263","page","type-page","status-publish","hentry"],"yoast_head":"<!-- This site is optimized with the Yoast SEO plugin v25.3.1 - https:\/\/yoast.com\/wordpress\/plugins\/seo\/ -->\n<title>Menu restauracji \u2013 dodaj wid\u017cet Menu do Witryn Google (2026)<\/title>\n<meta name=\"description\" content=\"Umie\u015b\u0107 responsywny wid\u017cet Menu restauracji na swojej stronie w Witrynach Google. Wypr\u00f3buj por\u0119czn\u0105 wersj\u0119 demonstracyjn\u0105 Elfsight i stw\u00f3rz swoj\u0105 fascynuj\u0105c\u0105 wtyczk\u0119 za pomoc\u0105 kilku klikni\u0119\u0107\" \/>\n<meta name=\"robots\" content=\"index, follow, max-snippet:-1, max-image-preview:large, max-video-preview:-1\" \/>\n<link rel=\"canonical\" href=\"https:\/\/elfsight.com\/pl\/restaurant-menu-widget\/google-sites\/\" \/>\n<meta property=\"og:locale\" content=\"pl_PL\" \/>\n<meta property=\"og:type\" content=\"article\" \/>\n<meta property=\"og:title\" content=\"Menu restauracji \u2013 dodaj wid\u017cet Menu do Witryn Google (2026)\" \/>\n<meta property=\"og:description\" content=\"Umie\u015b\u0107 responsywny wid\u017cet Menu restauracji na swojej stronie w Witrynach Google. Wypr\u00f3buj por\u0119czn\u0105 wersj\u0119 demonstracyjn\u0105 Elfsight i stw\u00f3rz swoj\u0105 fascynuj\u0105c\u0105 wtyczk\u0119 za pomoc\u0105 kilku klikni\u0119\u0107\" \/>\n<meta property=\"og:url\" content=\"https:\/\/elfsight.com\/pl\/restaurant-menu-widget\/google-sites\/\" \/>\n<meta property=\"og:site_name\" content=\"Elfsight PL\" \/>\n<meta property=\"article:modified_time\" content=\"2024-11-14T08:53:21+00:00\" \/>\n<meta name=\"twitter:card\" content=\"summary_large_image\" \/>\n<meta name=\"twitter:label1\" content=\"Szacowany czas czytania\" \/>\n\t<meta name=\"twitter:data1\" content=\"3 minuty\" \/>\n<!-- \/ Yoast SEO plugin. -->","yoast_head_json":{"title":"Menu restauracji \u2013 dodaj wid\u017cet Menu do Witryn Google (2026)","description":"Umie\u015b\u0107 responsywny wid\u017cet Menu restauracji na swojej stronie w Witrynach Google. Wypr\u00f3buj por\u0119czn\u0105 wersj\u0119 demonstracyjn\u0105 Elfsight i stw\u00f3rz swoj\u0105 fascynuj\u0105c\u0105 wtyczk\u0119 za pomoc\u0105 kilku klikni\u0119\u0107","robots":{"index":"index","follow":"follow","max-snippet":"max-snippet:-1","max-image-preview":"max-image-preview:large","max-video-preview":"max-video-preview:-1"},"canonical":"https:\/\/elfsight.com\/pl\/restaurant-menu-widget\/google-sites\/","og_locale":"pl_PL","og_type":"article","og_title":"Menu restauracji \u2013 dodaj wid\u017cet Menu do Witryn Google (2026)","og_description":"Umie\u015b\u0107 responsywny wid\u017cet Menu restauracji na swojej stronie w Witrynach Google. Wypr\u00f3buj por\u0119czn\u0105 wersj\u0119 demonstracyjn\u0105 Elfsight i stw\u00f3rz swoj\u0105 fascynuj\u0105c\u0105 wtyczk\u0119 za pomoc\u0105 kilku klikni\u0119\u0107","og_url":"https:\/\/elfsight.com\/pl\/restaurant-menu-widget\/google-sites\/","og_site_name":"Elfsight PL","article_modified_time":"2024-11-14T08:53:21+00:00","twitter_card":"summary_large_image","twitter_misc":{"Szacowany czas czytania":"3 minuty"},"schema":{"@context":"https:\/\/schema.org","@graph":[{"@type":"WebPage","@id":"https:\/\/elfsight.com\/pl\/restaurant-menu-widget\/google-sites\/","url":"https:\/\/elfsight.com\/pl\/restaurant-menu-widget\/google-sites\/","name":"Menu restauracji \u2013 dodaj wid\u017cet Menu do Witryn Google (2026)","isPartOf":{"@id":"https:\/\/elfsight.com\/pl\/#website"},"datePublished":"1970-01-01T00:00:00+00:00","dateModified":"2024-11-14T08:53:21+00:00","description":"Umie\u015b\u0107 responsywny wid\u017cet Menu restauracji na swojej stronie w Witrynach Google. Wypr\u00f3buj por\u0119czn\u0105 wersj\u0119 demonstracyjn\u0105 Elfsight i stw\u00f3rz swoj\u0105 fascynuj\u0105c\u0105 wtyczk\u0119 za pomoc\u0105 kilku klikni\u0119\u0107","breadcrumb":{"@id":"https:\/\/elfsight.com\/pl\/restaurant-menu-widget\/google-sites\/#breadcrumb"},"inLanguage":"pl-PL","potentialAction":[{"@type":"ReadAction","target":["https:\/\/elfsight.com\/pl\/restaurant-menu-widget\/google-sites\/"]}]},{"@type":"BreadcrumbList","@id":"https:\/\/elfsight.com\/pl\/restaurant-menu-widget\/google-sites\/#breadcrumb","itemListElement":[{"@type":"ListItem","position":1,"name":"Home","item":"https:\/\/elfsight.com\/pl\/"},{"@type":"ListItem","position":2,"name":"Restaurant Menu","item":"https:\/\/elfsight.com\/pl\/restaurant-menu-widget\/"},{"@type":"ListItem","position":3,"name":"Restaurant Menu &#8211; Google Sites"}]},{"@type":"WebSite","@id":"https:\/\/elfsight.com\/pl\/#website","url":"https:\/\/elfsight.com\/pl\/","name":"Elfsight PL","description":"Just another Elfsight Sites site","potentialAction":[{"@type":"SearchAction","target":{"@type":"EntryPoint","urlTemplate":"https:\/\/elfsight.com\/pl\/?s={search_term_string}"},"query-input":{"@type":"PropertyValueSpecification","valueRequired":true,"valueName":"search_term_string"}}],"inLanguage":"pl-PL"}]}},"meta_box":{"industry":"","seo_heading":"","heading":"","description":"","cta_heading":"","cta_description":"","application":"3358","h1":"Wid\u017cet menu restauracji w Witrynach Google","h1_caption":"Zaprezentuj menu swojej restauracji w atrakcyjnym wizualnie formacie, kt\u00f3ry mo\u017cna \u0142atwo zaktualizowa\u0107 i przyjazny dla u\u017cytkownika w Witrynach Google.","application_category":[],"applications_title":"","applications_request_title":"","applications_request_button_text":"","hero_text":"","hero_video":"","hero_video_schema_markup":"","selling_points_title":"","selling_points_caption":"","selling_points":[],"selling_points_cta_text":"","features_title":"","features":"","ed_cta_examples_text":"","ed_cta_examples_hidden":"","ed_cta_demo_text":"","ed_cta_demo_hidden":"","why_caption":"","why_editor_title":"","why_editor_text":"","why_team_title":"","why_team_text":"","why_service_title":"","why_service_text":"","template_catalog_visible":"","template_catalog_title":"","template_catalog_text":"","template_catalog_categories_visible":"","demo_title":"Utw\u00f3rz wid\u017cet Menu restauracji","demo_caption":"Skonfiguruj menu restauracji i dodaj je za darmo do swojej witryny Google Sites!","default_faq_hidden":"","app_template_category":[],"platform":"484","template_public_id":"","codecanyon_url":"","codecanyon_item_id":"","codecanyon_price":"","pricing_caption":"","pricing_elfsight_apps_hide_column":"","pricing_elfsight_apps_url":"","pricing_codecanyon_price_caption":"","integration_category":[],"integration_request_title":"","integration_request_cta":"","integration_platform":"","integrations":[],"platform_category":[],"video_schema_markup":"","price":"od 0 USD \/ miesi\u0105c","trial":"","benefits":[{"text":"Bezp\u0142atna pomoc w instalacji"},{"text":"Wyj\u0105tkowe wsparcie"},{"text":"14-dniowa gwarancja zwrotu pieni\u0119dzy"}],"button_url":"#demo","button_target_blank":"","button_nofollow":"","attributes":[{"name":"Instaluje"},{"name":"Czu\u0142y"},{"name":"Kompatybilne przegl\u0105darki"}],"tags":[],"tags_disable_links":"","hide_more_platforms":"","video_object":"","demo_hide_cta":"","demo_hide_cloud_options":"","pricing_title":"","pricing":[{"pricing_icon":"platform","pricing_title":"Elfsight Apps","pricing_title_caption":"Rozwi\u0105zanie niezale\u017cne od platformy, kt\u00f3re dzia\u0142a na ka\u017cdej stronie internetowej","pricing_price":"od 0 USD \/ miesi\u0105c","pricing_price_caption":"zacznij od bezp\u0142atnego planu","pricing_benefits":[{"text":"Nielimitowane strony internetowe"},{"text":"Najwy\u017csza obs\u0142uga klienta"},{"text":"Bezp\u0142atna pomoc przy instalacji"},{"text":"Specjalna cena za wiele aplikacji"}],"pricing_button_text":"Dodaj do witryny","pricing_button_url":"#demo"}],"related_apps_title":"","related_apps_hidden":"","author":"","image":[],"title":"","job":"","social_networks":[]},"_links":{"self":[{"href":"https:\/\/elfsight.com\/pl\/wp-json\/wp\/v2\/pages\/6263","targetHints":{"allow":["GET"]}}],"collection":[{"href":"https:\/\/elfsight.com\/pl\/wp-json\/wp\/v2\/pages"}],"about":[{"href":"https:\/\/elfsight.com\/pl\/wp-json\/wp\/v2\/types\/page"}],"author":[{"embeddable":true,"href":"https:\/\/elfsight.com\/pl\/wp-json\/wp\/v2\/users\/9"}],"replies":[{"embeddable":true,"href":"https:\/\/elfsight.com\/pl\/wp-json\/wp\/v2\/comments?post=6263"}],"version-history":[{"count":2,"href":"https:\/\/elfsight.com\/pl\/wp-json\/wp\/v2\/pages\/6263\/revisions"}],"predecessor-version":[{"id":7982,"href":"https:\/\/elfsight.com\/pl\/wp-json\/wp\/v2\/pages\/6263\/revisions\/7982"}],"up":[{"embeddable":true,"href":"https:\/\/elfsight.com\/pl\/wp-json\/wp\/v2\/pages\/3408"}],"wp:attachment":[{"href":"https:\/\/elfsight.com\/pl\/wp-json\/wp\/v2\/media?parent=6263"}],"curies":[{"name":"wp","href":"https:\/\/api.w.org\/{rel}","templated":true}]}}