{"id":6262,"date":"1970-01-01T00:00:00","date_gmt":"1970-01-01T00:00:00","guid":{"rendered":"https:\/\/elfsight.com\/pl\/?page_id=6262"},"modified":"2024-10-23T13:27:45","modified_gmt":"2024-10-23T13:27:45","slug":"godaddy","status":"publish","type":"page","link":"https:\/\/elfsight.com\/pl\/restaurant-menu-widget\/godaddy\/","title":{"rendered":"Restaurant Menu &#8211; GoDaddy"},"content":{"rendered":"<div class=\"application-platform-content-item-description application-platform-content-item\" id=\"description\" data-nav-section=\"description\"> <h2>Osad\u017a menu restauracji w GoDaddy za pomoc\u0105 wid\u017cetu Elfsight<\/h2><p>Elfsight Restaurant Menu to \u0142atwa w zarz\u0105dzaniu wtyczka do GoDaddy do wy\u015bwietlania r\u00f3\u017cnorodnych produkt\u00f3w bezpo\u015brednio w witrynie. To \u0142atwy spos\u00f3b na poinformowanie go\u015bci o Twojej kuchni, zaprezentowanie unikalnej koncepcji i przyci\u0105gni\u0119cie ich uwagi kusz\u0105cymi zdj\u0119ciami posi\u0142k\u00f3w. Aplikacja jest absolutnie przydatna. Mo\u017cesz stworzy\u0107 nieograniczon\u0105 liczb\u0119 menu z niesamowit\u0105 ilo\u015bci\u0105 pozycji. Mo\u017cesz te\u017c po prostu stworzy\u0107 zwi\u0119z\u0142\u0105 list\u0119 specjalno\u015bci, kt\u00f3re serwujesz. Mo\u017cesz swobodnie wybiera\u0107 jasne lub ciemne schematy lub dostosowywa\u0107 ustawienia, zmieniaj\u0105c wszystkie kolory akcent\u00f3w. Poza tym Twoje menu mo\u017ce by\u0107 zawsze aktualne: mo\u017cesz zaktualizowa\u0107 ceny, list\u0119 pozycji, doda\u0107 nowe posi\u0142ki, a nawet menu w ci\u0105gu kilku sekund! Koniec z gotowymi do druku menu, kt\u00f3re trzeba tworzy\u0107 od samego pocz\u0105tku. Po prostu zacznij ju\u017c teraz tworzy\u0107 swoje apetyczne menu.<\/p> <p><b>Wypr\u00f3buj menu restauracji, aby szybciej osi\u0105gn\u0105\u0107 szczyty e-commerce! Dzi\u0119ki menu na Twojej stronie internetowej Tw\u00f3j lokal mo\u017ce przyci\u0105gn\u0105\u0107 wi\u0119cej potencjalnych klient\u00f3w, osi\u0105gn\u0105\u0107 silny rozw\u00f3j biznesu i zwi\u0119kszy\u0107 sprzeda\u017c. Spr\u00f3buj skorzysta\u0107 z menu restauracji firmy Elfsight. <\/b><\/p><\/div> <div class=\"application-platform-content-item-features application-platform-content-item\" id=\"features\" data-nav-section=\"features\"> <h2>Podstawowe funkcje wtyczki obejmuj\u0105<\/h2> <ul><li>przyjazno\u015b\u0107 dla u\u017cytkownika nawet dla nieprofesjonalnych u\u017cytkownik\u00f3w. <\/li><li>Niesko\u0144czona ilo\u015b\u0107 menu, sekcji i element\u00f3w u\u0142o\u017conych w uk\u0142adzie zak\u0142adek, list lub mur\u00f3w. <\/li><li>wystarczy skorygowa\u0107 menu i wszystkie jego ustawienia w dowolnym momencie: rabaty, dania i napoje sezonowe itp. <\/li><li> Wy\u015bwietl obszerny opis pozycji, na przyk\u0142ad ikony, warto\u015bci od\u017cywcze elementy i odznaki. <\/li><li>Dodawaj apetyczne zdj\u0119cia produkt\u00f3w, a nawet wy\u015bwietlaj je w trybie wyskakuj\u0105cym. <\/li><li>Dostosuj i pokoloruj dowolne elementy: tekst, schemat kolor\u00f3w i ikony. <\/li><\/ul><p><a href=\"#demo\">Wypr\u00f3buj t\u0119 wersj\u0119 demonstracyjn\u0105, aby uzyska\u0107 pe\u0142ny obraz<\/a><\/p> <\/div> <div class=\"application-platform-content-item-installation application-platform-content-item\" id=\"installation\" data-nav-section=\"installation\"> <h2>Jak mog\u0119 doda\u0107 menu restauracji do mojej witryny GoDaddy? <\/h2> <p>Wystarczy post\u0119powa\u0107 zgodnie z poni\u017cszymi wskaz\u00f3wkami, aby doda\u0107 narz\u0119dzie. <\/p> <ol><li><b>Uruchom nasz\u0105 bezp\u0142atn\u0105 wersj\u0119 demonstracyjn\u0105 i zacznij tworzy\u0107 w\u0142asn\u0105 wtyczk\u0119. <\/b><br> Okre\u015bl po\u017c\u0105dan\u0105 form\u0119 i funkcje wtyczki oraz zapisz zmiany. <\/li> <li><b>Zdob\u0105d\u017a sw\u00f3j indywidualny kod, kt\u00f3ry jest wy\u015bwietlany w specjalnym formularzu w aplikacjach Elfsight. <\/b><br> Po zako\u0144czeniu tworzenia wtyczki skopiuj osobisty kod z wy\u015bwietlonego wyskakuj\u0105cego okienka i zapisz go na dalsze potrzeby. <\/li> <li><b>Rozpocznij korzystanie z wtyczki na stronie internetowej GoDaddy. <\/b><br> Dodaj kod zapisany wcze\u015bniej na swojej stronie internetowej i zastosuj zmiany. <\/li> <li><b>Instalacja zosta\u0142a ca\u0142kowicie zako\u0144czona. <\/b><br> Przejd\u017a na swoj\u0105 stron\u0119 i zobacz, jak dzia\u0142a wtyczka. <\/li><\/ol> <p>Je\u015bli napotkasz jakie\u015b trudno\u015bci, skontaktuj si\u0119 z naszym dzia\u0142em obs\u0142ugi klienta. Nasi konsultanci ch\u0119tnie pomog\u0105 Ci we wszystkich trudno\u015bciach, jakie mo\u017cesz mie\u0107 z wtyczk\u0105. <\/p> <div class=\"faq\" data-component=\"FAQ\"><div class=\"faq-item\">\r\n\t\t\t\t\t<div class=\"faq-item-question\">\r\n\t\t\t\t\t\t<h3 class=\"faq-item-question-text\">Jak doda\u0107 menu restauracji do mojej witryny GoDaddy bez umiej\u0119tno\u015bci kodowania?<\/h3>\r\n\r\n\t\t\t\t\t\t<div class=\"faq-item-question-icon\"><\/div>\r\n\t\t\t\t\t<\/div>\r\n\r\n\t\t\t\t\t<div class=\"faq-item-answer\">\r\n\t\t\t\t\t\t<div class=\"faq-item-answer-text\"> <p>Elfsight zapewnia rozwi\u0105zanie SaaS, kt\u00f3re pozwala szerokiemu gronu odbiorc\u00f3w samodzielnie utworzy\u0107 aplikacj\u0119 Menu restauracji. Dowiedz si\u0119, jakie to proste to jest: Przejd\u017a do wersji demonstracyjnej na \u017cywo, aby utworzy\u0107 wtyczk\u0119 Menu restauracji, kt\u00f3r\u0105 chcesz doda\u0107 do swojego GoDaddy. Zdecyduj si\u0119 na jeden z naszych wst\u0119pnie zaprojektowanych szablon\u00f3w i dostosuj ustawienia Menu Restauracji, zmie\u0144 uk\u0142ad i kolor element\u00f3w wraz z tre\u015bci\u0105, bez \u017cadnego kodowania. Zapisz menu restauracji i skopiuj kod instalacyjny, kt\u00f3ry mo\u017cna \u0142atwo umie\u015bci\u0107 na stronie GoDaddy bez konieczno\u015bci kupowania p\u0142atnego planu. Pracuj\u0105c w prostym Edytorze, ka\u017cdy u\u017cytkownik Internetu mo\u017ce wygenerowa\u0107 wid\u017cet Menu Restauracji i wklei\u0107 go na stron\u0119 GoDaddy. Aby skorzysta\u0107 z us\u0142ugi, nie trzeba p\u0142aci\u0107 ani podawa\u0107 danych uwierzytelniaj\u0105cych karty. Je\u015bli na kt\u00f3rymkolwiek etapie napotkasz jakiekolwiek problemy, nie wahaj si\u0119 skontaktowa\u0107 z nasz\u0105 techniczn\u0105 obs\u0142ug\u0105 klienta.<\/p> <\/div>\r\n\t\t\t\t\t<\/div>\r\n\t\t\t\t<\/div> <\/div><\/div>","protected":false},"excerpt":{"rendered":"","protected":false},"author":9,"featured_media":0,"parent":3408,"menu_order":0,"comment_status":"closed","ping_status":"closed","template":"templates\/template-application-platform.php","meta":{"publish_to_discourse":"","publish_post_category":"","wpdc_auto_publish_overridden":"","wpdc_topic_tags":"","wpdc_pin_topic":"","wpdc_pin_until":"","discourse_post_id":"","discourse_permalink":"","wpdc_publishing_response":"","wpdc_publishing_error":"","footnotes":""},"class_list":["post-6262","page","type-page","status-publish","hentry"],"yoast_head":"<!-- This site is optimized with the Yoast SEO plugin v25.3.1 - https:\/\/yoast.com\/wordpress\/plugins\/seo\/ -->\n<title>Menu restauracji \u2014 dodaj wtyczk\u0119 Menu restauracji do witryny GoDaddy!<\/title>\n<meta name=\"description\" content=\"Umie\u015b\u0107 responsywn\u0105 wtyczk\u0119 Menu restauracji na swojej stronie GoDaddy. Skorzystaj z por\u0119cznej wersji demonstracyjnej Elfsight i wygeneruj swoj\u0105 unikaln\u0105 wtyczk\u0119\" \/>\n<meta name=\"robots\" content=\"index, follow, max-snippet:-1, max-image-preview:large, max-video-preview:-1\" \/>\n<link rel=\"canonical\" href=\"https:\/\/elfsight.com\/pl\/restaurant-menu-widget\/godaddy\/\" \/>\n<meta property=\"og:locale\" content=\"pl_PL\" \/>\n<meta property=\"og:type\" content=\"article\" \/>\n<meta property=\"og:title\" content=\"Menu restauracji \u2014 dodaj wtyczk\u0119 Menu restauracji do witryny GoDaddy!\" \/>\n<meta property=\"og:description\" content=\"Umie\u015b\u0107 responsywn\u0105 wtyczk\u0119 Menu restauracji na swojej stronie GoDaddy. Skorzystaj z por\u0119cznej wersji demonstracyjnej Elfsight i wygeneruj swoj\u0105 unikaln\u0105 wtyczk\u0119\" \/>\n<meta property=\"og:url\" content=\"https:\/\/elfsight.com\/pl\/restaurant-menu-widget\/godaddy\/\" \/>\n<meta property=\"og:site_name\" content=\"Elfsight PL\" \/>\n<meta property=\"article:modified_time\" content=\"2024-10-23T13:27:45+00:00\" \/>\n<meta name=\"twitter:card\" content=\"summary_large_image\" \/>\n<meta name=\"twitter:label1\" content=\"Szacowany czas czytania\" \/>\n\t<meta name=\"twitter:data1\" content=\"3 minuty\" \/>\n<!-- \/ Yoast SEO plugin. -->","yoast_head_json":{"title":"Menu restauracji \u2014 dodaj wtyczk\u0119 Menu restauracji do witryny GoDaddy!","description":"Umie\u015b\u0107 responsywn\u0105 wtyczk\u0119 Menu restauracji na swojej stronie GoDaddy. Skorzystaj z por\u0119cznej wersji demonstracyjnej Elfsight i wygeneruj swoj\u0105 unikaln\u0105 wtyczk\u0119","robots":{"index":"index","follow":"follow","max-snippet":"max-snippet:-1","max-image-preview":"max-image-preview:large","max-video-preview":"max-video-preview:-1"},"canonical":"https:\/\/elfsight.com\/pl\/restaurant-menu-widget\/godaddy\/","og_locale":"pl_PL","og_type":"article","og_title":"Menu restauracji \u2014 dodaj wtyczk\u0119 Menu restauracji do witryny GoDaddy!","og_description":"Umie\u015b\u0107 responsywn\u0105 wtyczk\u0119 Menu restauracji na swojej stronie GoDaddy. Skorzystaj z por\u0119cznej wersji demonstracyjnej Elfsight i wygeneruj swoj\u0105 unikaln\u0105 wtyczk\u0119","og_url":"https:\/\/elfsight.com\/pl\/restaurant-menu-widget\/godaddy\/","og_site_name":"Elfsight PL","article_modified_time":"2024-10-23T13:27:45+00:00","twitter_card":"summary_large_image","twitter_misc":{"Szacowany czas czytania":"3 minuty"},"schema":{"@context":"https:\/\/schema.org","@graph":[{"@type":"WebPage","@id":"https:\/\/elfsight.com\/pl\/restaurant-menu-widget\/godaddy\/","url":"https:\/\/elfsight.com\/pl\/restaurant-menu-widget\/godaddy\/","name":"Menu restauracji \u2014 dodaj wtyczk\u0119 Menu restauracji do witryny GoDaddy!","isPartOf":{"@id":"https:\/\/elfsight.com\/pl\/#website"},"datePublished":"1970-01-01T00:00:00+00:00","dateModified":"2024-10-23T13:27:45+00:00","description":"Umie\u015b\u0107 responsywn\u0105 wtyczk\u0119 Menu restauracji na swojej stronie GoDaddy. Skorzystaj z por\u0119cznej wersji demonstracyjnej Elfsight i wygeneruj swoj\u0105 unikaln\u0105 wtyczk\u0119","breadcrumb":{"@id":"https:\/\/elfsight.com\/pl\/restaurant-menu-widget\/godaddy\/#breadcrumb"},"inLanguage":"pl-PL","potentialAction":[{"@type":"ReadAction","target":["https:\/\/elfsight.com\/pl\/restaurant-menu-widget\/godaddy\/"]}]},{"@type":"BreadcrumbList","@id":"https:\/\/elfsight.com\/pl\/restaurant-menu-widget\/godaddy\/#breadcrumb","itemListElement":[{"@type":"ListItem","position":1,"name":"Home","item":"https:\/\/elfsight.com\/pl\/"},{"@type":"ListItem","position":2,"name":"Restaurant Menu","item":"https:\/\/elfsight.com\/pl\/restaurant-menu-widget\/"},{"@type":"ListItem","position":3,"name":"Restaurant Menu &#8211; GoDaddy"}]},{"@type":"WebSite","@id":"https:\/\/elfsight.com\/pl\/#website","url":"https:\/\/elfsight.com\/pl\/","name":"Elfsight PL","description":"Just another Elfsight Sites site","potentialAction":[{"@type":"SearchAction","target":{"@type":"EntryPoint","urlTemplate":"https:\/\/elfsight.com\/pl\/?s={search_term_string}"},"query-input":{"@type":"PropertyValueSpecification","valueRequired":true,"valueName":"search_term_string"}}],"inLanguage":"pl-PL"}]}},"meta_box":{"industry":"","seo_heading":"","heading":"","description":"","cta_heading":"","cta_description":"","application":"3358","h1":"Wtyczka Menu restauracji GoDaddy","h1_caption":"Zaprezentuj menu swojej restauracji w atrakcyjnym wizualnie formacie, kt\u00f3ry mo\u017cna \u0142atwo aktualizowa\u0107 i kt\u00f3ry jest przyjazny dla u\u017cytkownika, w witrynie GoDaddy.","application_category":[],"applications_title":"","applications_request_title":"","applications_request_button_text":"","hero_text":"","hero_video":"","hero_video_schema_markup":"","selling_points_title":"","selling_points_caption":"","selling_points":[],"selling_points_cta_text":"","features_title":"","features":"","ed_cta_examples_text":"","ed_cta_examples_hidden":"","ed_cta_demo_text":"","ed_cta_demo_hidden":"","why_caption":"","why_editor_title":"","why_editor_text":"","why_team_title":"","why_team_text":"","why_service_title":"","why_service_text":"","template_catalog_visible":"","template_catalog_title":"","template_catalog_text":"","template_catalog_categories_visible":"","demo_title":"Zach\u0119camy do kszta\u0142towania szytego na miar\u0119 Menu Restauracji GoDaddy","demo_caption":"Dostosuj go i umie\u015b\u0107 wtyczk\u0119 na swojej stronie internetowej, korzystaj\u0105c z aktywnego demo.","default_faq_hidden":"","app_template_category":[],"platform":"180","template_public_id":"","codecanyon_url":"","codecanyon_item_id":"","codecanyon_price":"","pricing_caption":"","pricing_elfsight_apps_hide_column":"","pricing_elfsight_apps_url":"","pricing_codecanyon_price_caption":"","integration_category":[],"integration_request_title":"","integration_request_cta":"","integration_platform":"","integrations":[],"platform_category":[],"video_schema_markup":"","price":"od 0 USD \/ miesi\u0105c","trial":"","benefits":[{"text":"Bezp\u0142atna pomoc w monta\u017cu"},{"text":"Skuteczna obs\u0142uga klienta"},{"text":"14-dniowa gwarancja zwrotu pieni\u0119dzy"}],"button_url":"#demo","button_target_blank":"","button_nofollow":"","attributes":[{"name":"Instaluje"},{"name":"Czu\u0142y"},{"name":"Kompatybilne przegl\u0105darki"}],"tags":[],"tags_disable_links":"","hide_more_platforms":"","video_object":"","demo_hide_cta":"","demo_hide_cloud_options":"","pricing_title":"","pricing":[{"pricing_icon":"platform","pricing_title":"Elfsight Apps","pricing_title_caption":"Wieloplatformowe rozwi\u0105zanie cyfrowe, kt\u00f3re pasuje do ka\u017cdej witryny","pricing_price":"od 0 USD \/ miesi\u0105c","pricing_price_caption":"zacznij od bezp\u0142atnego planu","pricing_benefits":[{"text":"Nielimitowane domeny"},{"text":"Dedykowana obs\u0142uga klienta"},{"text":"Bezp\u0142atna pomoc w monta\u017cu"},{"text":"100% konfigurowalny"}],"pricing_button_text":"Dodaj do witryny","pricing_button_url":"#demo"}],"related_apps_title":"","related_apps_hidden":"","author":"","image":[],"title":"","job":"","social_networks":[]},"_links":{"self":[{"href":"https:\/\/elfsight.com\/pl\/wp-json\/wp\/v2\/pages\/6262","targetHints":{"allow":["GET"]}}],"collection":[{"href":"https:\/\/elfsight.com\/pl\/wp-json\/wp\/v2\/pages"}],"about":[{"href":"https:\/\/elfsight.com\/pl\/wp-json\/wp\/v2\/types\/page"}],"author":[{"embeddable":true,"href":"https:\/\/elfsight.com\/pl\/wp-json\/wp\/v2\/users\/9"}],"replies":[{"embeddable":true,"href":"https:\/\/elfsight.com\/pl\/wp-json\/wp\/v2\/comments?post=6262"}],"version-history":[{"count":1,"href":"https:\/\/elfsight.com\/pl\/wp-json\/wp\/v2\/pages\/6262\/revisions"}],"predecessor-version":[{"id":6266,"href":"https:\/\/elfsight.com\/pl\/wp-json\/wp\/v2\/pages\/6262\/revisions\/6266"}],"up":[{"embeddable":true,"href":"https:\/\/elfsight.com\/pl\/wp-json\/wp\/v2\/pages\/3408"}],"wp:attachment":[{"href":"https:\/\/elfsight.com\/pl\/wp-json\/wp\/v2\/media?parent=6262"}],"curies":[{"name":"wp","href":"https:\/\/api.w.org\/{rel}","templated":true}]}}