{"id":6261,"date":"1970-01-01T00:00:00","date_gmt":"1970-01-01T00:00:00","guid":{"rendered":"https:\/\/elfsight.com\/pl\/?page_id=6261"},"modified":"2024-10-23T13:27:29","modified_gmt":"2024-10-23T13:27:29","slug":"prestashop","status":"publish","type":"page","link":"https:\/\/elfsight.com\/pl\/restaurant-menu-widget\/prestashop\/","title":{"rendered":"Restaurant Menu &#8211; PrestaShop"},"content":{"rendered":"<div class=\"application-platform-content-item-description application-platform-content-item\" id=\"description\" data-nav-section=\"description\"> <h2>Opis<\/h2> <p>Menu restauracji Elfsight to \u0142atwy w obs\u0142udze widget umo\u017cliwiaj\u0105cy prezentacj\u0119 asortymentu produkt\u00f3w bezpo\u015brednio na Twojej stronie internetowej. To \u015bwietny spos\u00f3b, aby poinformowa\u0107 odbiorc\u00f3w o swoim jedzeniu i napojach, opowiedzie\u0107 o wyj\u0105tkowym pomy\u015ble i przyci\u0105gn\u0105\u0107 ich uwag\u0119 apetycznymi zdj\u0119ciami jedzenia. Widget jest do\u015b\u0107 przydatny. Mo\u017cesz zaprezentowa\u0107 nieograniczon\u0105 liczb\u0119 menu z ogromn\u0105 liczb\u0105 pozycji. Mo\u017cesz te\u017c po prostu stworzy\u0107 kr\u00f3tk\u0105 list\u0119 specjalno\u015bci, kt\u00f3re serwujesz. Wybierz jasny, ciemny schemat lub dostosuj dowolne elementy, zmieniaj\u0105c kolor wszystkich element\u00f3w. Dzi\u0119ki widgetowi mo\u017cesz by\u0107 zawsze na bie\u017c\u0105co: w ci\u0105gu kilku sekund mo\u017cesz skorygowa\u0107 ceny, list\u0119 artyku\u0142\u00f3w, doda\u0107 nowe napoje, a nawet menu! Koniec z gotowymi do druku menu, kt\u00f3re trzeba tworzy\u0107 od zera. Po prostu zacznij tworzy\u0107 swoje apetyczne menu ju\u017c teraz. <\/p> <p><b>Spr\u00f3buj zastosowa\u0107 Menu Restauracji, aby szybciej realizowa\u0107 swoje cele e-commerce! <\/b><br>Dzi\u0119ki menu na Twojej stronie internetowej Twoja firma mo\u017ce mie\u0107 wi\u0119cej odwiedzaj\u0105cych i rozpocz\u0105\u0107 zr\u00f3wnowa\u017cony rozw\u00f3j firmy oraz poprawi\u0107 sprzeda\u017c. Zacznij korzysta\u0107 z Menu restauracji firmy Elfsight. <\/p> <\/div> <div class=\"application-platform-content-item-features application-platform-content-item\" id=\"features\" data-nav-section=\"features\"> <h2>Podstawowe funkcje widgetu obejmuj\u0105<\/h2> <ul><li>Nieograniczon\u0105 liczb\u0119 element\u00f3w, menu i sekcji<\/li><li>Zawsze \u0142atwe do zmiany i aktualne menu<\/li><li>Dodaj tekst stopki, tytu\u0142y i podpisy<\/li><li>Wy\u015bwietl szczeg\u00f3\u0142owy opis produkt\u00f3w, w tym plakietki i informacje o warto\u015bciach od\u017cywczych<\/li><li>Prze\u015blij w\u0142asne zdj\u0119cia produkt\u00f3w<\/li><li>Aktualizuj wszystkie informacje, kiedy tylko potrzebujesz: promocje sezonowe, ceny itp. <\/li><li>Dostosuj tryb wyskakuj\u0105cych okienek i wybierz funkcje do wy\u015bwietlenia<\/li><\/ul><p><a href=\"#demo\">Wypr\u00f3buj t\u0119 wersj\u0119 demonstracyjn\u0105, aby zobaczy\u0107, ile wart jest wid\u017cet<\/a><\/p> <\/div> <div class=\"application-platform-content-item-installation application-platform-content-item\" id=\"installation\" data-nav-section=\"installation\"> <h2>Jak mog\u0119 doda\u0107 menu restauracji do mojej witryny PrestaShop? <\/h2> <p>Wystarczy zastosowa\u0107 si\u0119 do poni\u017cszych instrukcji, aby wstawi\u0107 narz\u0119dzie. <\/p> <ol><li><b>Zarz\u0105dzaj naszym bezp\u0142atnym edytorem i zacznij tworzy\u0107 spersonalizowany widget. <\/b><br> Okre\u015bl niestandardowy uk\u0142ad i funkcje wid\u017cetu i zapisz zmiany. <\/li> <li><b>Odbierz sw\u00f3j osobisty kod, kt\u00f3ry pojawia si\u0119 w specjalnym formularzu w aplikacjach Elfsight. <\/b><br> Po zako\u0144czeniu konfiguracji Twojego osobistego narz\u0119dzia skopiuj kod osobisty w wy\u015bwietlonym oknie i zachowaj go do p\u00f3\u017aniejszego wykorzystania. <\/li> <li><b>Zacznij korzysta\u0107 z wid\u017cetu na stronie PrestaShop. <\/b><br> Wprowad\u017a kod zapisany ostatnio na swojej stronie i zastosuj ulepszenia. <\/li> <li><b>Gotowe! Konfiguracja zosta\u0142a w pe\u0142ni uko\u0144czona. <\/b><br> Odwied\u017a swoj\u0105 witryn\u0119, aby sprawdzi\u0107 dzia\u0142anie wid\u017cetu. <\/li><\/ol> <p>Je\u015bli napotkasz jakie\u015b przeszkody, nie wahaj si\u0119 skontaktowa\u0107 z naszym zespo\u0142em wsparcia. Nasi ludzie z przyjemno\u015bci\u0105 rozwi\u0105\u017c\u0105 wszystkie problemy, jakie mo\u017cesz mie\u0107 z widgetem. <\/p> <div class=\"faq\" data-component=\"FAQ\"><div class=\"faq-item\">\r\n\t\t\t\t\t<div class=\"faq-item-question\">\r\n\t\t\t\t\t\t<h3 class=\"faq-item-question-text\">Jak doda\u0107 Menu Restauracji do mojej witryny PrestaShop bez kodowania?<\/h3>\r\n\r\n\t\t\t\t\t\t<div class=\"faq-item-question-icon\"><\/div>\r\n\t\t\t\t\t<\/div>\r\n\r\n\t\t\t\t\t<div class=\"faq-item-answer\">\r\n\t\t\t\t\t\t<div class=\"faq-item-answer-text\"> <p>Firma Elfsight dostarcza rozwi\u0105zanie Cloud, kt\u00f3re pozwala u\u017cytkownikom samodzielnie korzysta\u0107 z wtyczki Menu Restauracji, sprawd\u017a nieskomplikowany przewodnik : Pracuj w edytorze na \u017cywo, aby utworzy\u0107 sekcj\u0119 menu restauracji, kt\u00f3r\u0105 chcesz zintegrowa\u0107 ze swoj\u0105 stron\u0105 g\u0142\u00f3wn\u0105 PrestaShop. Wybierz jeden z naszych wst\u0119pnie zaprojektowanych szablon\u00f3w i dostosuj ustawienia Menu Restauracji, zmie\u0144 uk\u0142ad i kolor element\u00f3w oraz zaktualizuj tre\u015b\u0107 bez umiej\u0119tno\u015bci kodowania. Kliknij, aby zapisa\u0107 Menu Restauracji i skopiuj kod instalacyjny wtyczki, kt\u00f3ry mo\u017cesz \u0142atwo doda\u0107 na stronie g\u0142\u00f3wnej PrestaShop bez konieczno\u015bci zakupu wersji p\u0142atnej. Dzi\u0119ki naszemu \u0142atwemu w obs\u0142udze konfiguratorowi ka\u017cdy u\u017cytkownik sieci mo\u017ce utworzy\u0107 Menu Restauracji i bez problemu osadzi\u0107 je na dowolnej witrynie PrestaShop. Aby skorzysta\u0107 z naszego serwisu, nie musisz wykupi\u0107 p\u0142atnej subskrypcji ani podawa\u0107 danych swojej karty. Je\u015bli na kt\u00f3rymkolwiek etapie napotkasz jakiekolwiek przeszkody, skontaktuj si\u0119 z naszym technicznym dzia\u0142em obs\u0142ugi klienta.<\/p> <\/div>\r\n\t\t\t\t\t<\/div>\r\n\t\t\t\t<\/div> <\/div><\/div>","protected":false},"excerpt":{"rendered":"","protected":false},"author":9,"featured_media":0,"parent":3408,"menu_order":0,"comment_status":"closed","ping_status":"closed","template":"templates\/template-application-platform.php","meta":{"publish_to_discourse":"","publish_post_category":"","wpdc_auto_publish_overridden":"","wpdc_topic_tags":"","wpdc_pin_topic":"","wpdc_pin_until":"","discourse_post_id":"","discourse_permalink":"","wpdc_publishing_response":"","wpdc_publishing_error":"","footnotes":""},"class_list":["post-6261","page","type-page","status-publish","hentry"],"yoast_head":"<!-- This site is optimized with the Yoast SEO plugin v25.3.1 - https:\/\/yoast.com\/wordpress\/plugins\/seo\/ -->\n<title>Menu Restauracji dla stron PrestaShop - szybko i za darmo<\/title>\n<meta name=\"description\" content=\"Umie\u015b\u0107 przyjazny dla urz\u0105dze\u0144 mobilnych dodatek Menu restauracji na swojej stronie internetowej PrestaShop. Wypr\u00f3buj wersj\u0119 demonstracyjn\u0105 Elfsight i zmodyfikuj sw\u00f3j dodatek w ci\u0105gu kilku sekund\" \/>\n<meta name=\"robots\" content=\"index, follow, max-snippet:-1, max-image-preview:large, max-video-preview:-1\" \/>\n<link rel=\"canonical\" href=\"https:\/\/elfsight.com\/pl\/restaurant-menu-widget\/prestashop\/\" \/>\n<meta property=\"og:locale\" content=\"pl_PL\" \/>\n<meta property=\"og:type\" content=\"article\" \/>\n<meta property=\"og:title\" content=\"Menu Restauracji dla stron PrestaShop - szybko i za darmo\" \/>\n<meta property=\"og:description\" content=\"Umie\u015b\u0107 przyjazny dla urz\u0105dze\u0144 mobilnych dodatek Menu restauracji na swojej stronie internetowej PrestaShop. Wypr\u00f3buj wersj\u0119 demonstracyjn\u0105 Elfsight i zmodyfikuj sw\u00f3j dodatek w ci\u0105gu kilku sekund\" \/>\n<meta property=\"og:url\" content=\"https:\/\/elfsight.com\/pl\/restaurant-menu-widget\/prestashop\/\" \/>\n<meta property=\"og:site_name\" content=\"Elfsight PL\" \/>\n<meta property=\"article:modified_time\" content=\"2024-10-23T13:27:29+00:00\" \/>\n<meta name=\"twitter:card\" content=\"summary_large_image\" \/>\n<meta name=\"twitter:label1\" content=\"Szacowany czas czytania\" \/>\n\t<meta name=\"twitter:data1\" content=\"3 minuty\" \/>\n<!-- \/ Yoast SEO plugin. -->","yoast_head_json":{"title":"Menu Restauracji dla stron PrestaShop - szybko i za darmo","description":"Umie\u015b\u0107 przyjazny dla urz\u0105dze\u0144 mobilnych dodatek Menu restauracji na swojej stronie internetowej PrestaShop. Wypr\u00f3buj wersj\u0119 demonstracyjn\u0105 Elfsight i zmodyfikuj sw\u00f3j dodatek w ci\u0105gu kilku sekund","robots":{"index":"index","follow":"follow","max-snippet":"max-snippet:-1","max-image-preview":"max-image-preview:large","max-video-preview":"max-video-preview:-1"},"canonical":"https:\/\/elfsight.com\/pl\/restaurant-menu-widget\/prestashop\/","og_locale":"pl_PL","og_type":"article","og_title":"Menu Restauracji dla stron PrestaShop - szybko i za darmo","og_description":"Umie\u015b\u0107 przyjazny dla urz\u0105dze\u0144 mobilnych dodatek Menu restauracji na swojej stronie internetowej PrestaShop. Wypr\u00f3buj wersj\u0119 demonstracyjn\u0105 Elfsight i zmodyfikuj sw\u00f3j dodatek w ci\u0105gu kilku sekund","og_url":"https:\/\/elfsight.com\/pl\/restaurant-menu-widget\/prestashop\/","og_site_name":"Elfsight PL","article_modified_time":"2024-10-23T13:27:29+00:00","twitter_card":"summary_large_image","twitter_misc":{"Szacowany czas czytania":"3 minuty"},"schema":{"@context":"https:\/\/schema.org","@graph":[{"@type":"WebPage","@id":"https:\/\/elfsight.com\/pl\/restaurant-menu-widget\/prestashop\/","url":"https:\/\/elfsight.com\/pl\/restaurant-menu-widget\/prestashop\/","name":"Menu Restauracji dla stron PrestaShop - szybko i za darmo","isPartOf":{"@id":"https:\/\/elfsight.com\/pl\/#website"},"datePublished":"1970-01-01T00:00:00+00:00","dateModified":"2024-10-23T13:27:29+00:00","description":"Umie\u015b\u0107 przyjazny dla urz\u0105dze\u0144 mobilnych dodatek Menu restauracji na swojej stronie internetowej PrestaShop. Wypr\u00f3buj wersj\u0119 demonstracyjn\u0105 Elfsight i zmodyfikuj sw\u00f3j dodatek w ci\u0105gu kilku sekund","breadcrumb":{"@id":"https:\/\/elfsight.com\/pl\/restaurant-menu-widget\/prestashop\/#breadcrumb"},"inLanguage":"pl-PL","potentialAction":[{"@type":"ReadAction","target":["https:\/\/elfsight.com\/pl\/restaurant-menu-widget\/prestashop\/"]}]},{"@type":"BreadcrumbList","@id":"https:\/\/elfsight.com\/pl\/restaurant-menu-widget\/prestashop\/#breadcrumb","itemListElement":[{"@type":"ListItem","position":1,"name":"Home","item":"https:\/\/elfsight.com\/pl\/"},{"@type":"ListItem","position":2,"name":"Restaurant Menu","item":"https:\/\/elfsight.com\/pl\/restaurant-menu-widget\/"},{"@type":"ListItem","position":3,"name":"Restaurant Menu &#8211; PrestaShop"}]},{"@type":"WebSite","@id":"https:\/\/elfsight.com\/pl\/#website","url":"https:\/\/elfsight.com\/pl\/","name":"Elfsight PL","description":"Just another Elfsight Sites site","potentialAction":[{"@type":"SearchAction","target":{"@type":"EntryPoint","urlTemplate":"https:\/\/elfsight.com\/pl\/?s={search_term_string}"},"query-input":{"@type":"PropertyValueSpecification","valueRequired":true,"valueName":"search_term_string"}}],"inLanguage":"pl-PL"}]}},"meta_box":{"industry":"","seo_heading":"","heading":"","description":"","cta_heading":"","cta_description":"","application":"3358","h1":"Dodatek do menu restauracji PrestaShop","h1_caption":"Zaprezentuj menu swojej restauracji w atrakcyjnym wizualnie formacie, kt\u00f3ry mo\u017cna \u0142atwo aktualizowa\u0107 i przyjazny dla u\u017cytkownika w witrynie Prestashop.","application_category":[],"applications_title":"","applications_request_title":"","applications_request_button_text":"","hero_text":"","hero_video":"","hero_video_schema_markup":"","selling_points_title":"","selling_points_caption":"","selling_points":[],"selling_points_cta_text":"","features_title":"","features":"","ed_cta_examples_text":"","ed_cta_examples_hidden":"","ed_cta_demo_text":"","ed_cta_demo_hidden":"","why_caption":"","why_editor_title":"","why_editor_text":"","why_team_title":"","why_team_text":"","why_service_title":"","why_service_text":"","template_catalog_visible":"","template_catalog_title":"","template_catalog_text":"","template_catalog_categories_visible":"","demo_title":"\u015amia\u0142o, stw\u00f3rz menu restauracji PrestaShop","demo_caption":"Dostosuj go i zintegruj dodatek ze swoj\u0105 witryn\u0105 korzystaj\u0105c z bezp\u0142atnej wersji demonstracyjnej","default_faq_hidden":"","app_template_category":[],"platform":"586","template_public_id":"","codecanyon_url":"","codecanyon_item_id":"","codecanyon_price":"","pricing_caption":"","pricing_elfsight_apps_hide_column":"","pricing_elfsight_apps_url":"","pricing_codecanyon_price_caption":"","integration_category":[],"integration_request_title":"","integration_request_cta":"","integration_platform":"","integrations":[],"platform_category":[],"video_schema_markup":"","price":"od 0 USD \/ miesi\u0105c","trial":"","benefits":[{"text":"Bezp\u0142atna pomoc w instalacji"},{"text":"Do\u015bwiadczona obs\u0142uga klienta"},{"text":"14-dniowa gwarancja zwrotu pieni\u0119dzy"}],"button_url":"#demo","button_target_blank":"","button_nofollow":"","attributes":[{"name":"Instaluje"},{"name":"Czu\u0142y"},{"name":"Kompatybilne przegl\u0105darki"}],"tags":[],"tags_disable_links":"","hide_more_platforms":"","video_object":"","demo_hide_cta":"","demo_hide_cloud_options":"","pricing_title":"","pricing":[{"pricing_icon":"platform","pricing_title":"Elfsight Apps","pricing_title_caption":"Niezale\u017cne od platformy rozwi\u0105zanie cyfrowe","pricing_price":"od 0 USD \/ miesi\u0105c","pricing_price_caption":"zacznij od bezp\u0142atnego planu","pricing_benefits":[{"text":"Nielimitowane domeny"},{"text":"Najwy\u017csza obs\u0142uga klienta"},{"text":"Bezp\u0142atne wsparcie instalacyjne"},{"text":"Elastyczny projekt"}],"pricing_button_text":"Dodaj do witryny","pricing_button_url":"#demo"}],"related_apps_title":"","related_apps_hidden":"","author":"","image":[],"title":"","job":"","social_networks":[]},"_links":{"self":[{"href":"https:\/\/elfsight.com\/pl\/wp-json\/wp\/v2\/pages\/6261","targetHints":{"allow":["GET"]}}],"collection":[{"href":"https:\/\/elfsight.com\/pl\/wp-json\/wp\/v2\/pages"}],"about":[{"href":"https:\/\/elfsight.com\/pl\/wp-json\/wp\/v2\/types\/page"}],"author":[{"embeddable":true,"href":"https:\/\/elfsight.com\/pl\/wp-json\/wp\/v2\/users\/9"}],"replies":[{"embeddable":true,"href":"https:\/\/elfsight.com\/pl\/wp-json\/wp\/v2\/comments?post=6261"}],"version-history":[{"count":1,"href":"https:\/\/elfsight.com\/pl\/wp-json\/wp\/v2\/pages\/6261\/revisions"}],"predecessor-version":[{"id":6265,"href":"https:\/\/elfsight.com\/pl\/wp-json\/wp\/v2\/pages\/6261\/revisions\/6265"}],"up":[{"embeddable":true,"href":"https:\/\/elfsight.com\/pl\/wp-json\/wp\/v2\/pages\/3408"}],"wp:attachment":[{"href":"https:\/\/elfsight.com\/pl\/wp-json\/wp\/v2\/media?parent=6261"}],"curies":[{"name":"wp","href":"https:\/\/api.w.org\/{rel}","templated":true}]}}