{"id":6256,"date":"1970-01-01T00:00:00","date_gmt":"1970-01-01T00:00:00","guid":{"rendered":"https:\/\/elfsight.com\/pl\/?page_id=6256"},"modified":"2024-10-23T13:27:37","modified_gmt":"2024-10-23T13:27:37","slug":"jimdo","status":"publish","type":"page","link":"https:\/\/elfsight.com\/pl\/restaurant-menu-widget\/jimdo\/","title":{"rendered":"Restaurant Menu &#8211; Jimdo"},"content":{"rendered":"<div class=\"application-platform-content-item-description application-platform-content-item\" id=\"description\" data-nav-section=\"description\"><h2>Opis<\/h2> <p>Menu restauracji Elfsight to wygodne narz\u0119dzie umo\u017cliwiaj\u0105ce pokazanie asortymentu produkt\u00f3w bezpo\u015brednio na Twojej stronie. To \u015bwietny spos\u00f3b, aby poinformowa\u0107 potencjalnych klient\u00f3w o swoich specja\u0142ach, zaprezentowa\u0107 unikalne cechy i doda\u0107 do nich atrakcyjne zdj\u0119cia posi\u0142k\u00f3w. Menu restauracji mo\u017cna raczej dostosowa\u0107. Za pomoc\u0105 mo\u017cesz stworzy\u0107 nieograniczon\u0105 liczb\u0119 menu z du\u017c\u0105 ilo\u015bci\u0105 pozycji. Lub po prostu przedstaw zwi\u0119z\u0142\u0105 list\u0119 serwowanych da\u0144. Wybierz jasny, ciemny schemat lub dostosuj dowolne elementy, zmieniaj\u0105c kolor wszystkich element\u00f3w. Poza tym Twoje menu mo\u017ce by\u0107 zawsze aktualne: jednym klikni\u0119ciem mo\u017cesz skorygowa\u0107 ceny, list\u0119 pozycji, doda\u0107 nowe dania, a nawet menu! Koniec ze statycznymi menu, kt\u00f3re powiniene\u015b tworzy\u0107 od samego pocz\u0105tku. Po prostu zacznij tworzy\u0107 swoje fascynuj\u0105ce menu ju\u017c teraz. <\/p><p><b>Wypr\u00f3buj Menu Restauracji, aby stawi\u0107 czo\u0142a wyzwaniom biznesowym przy mniejszym wysi\u0142ku! <\/b><br><\/div> <div class=\"application-platform-content-item-features application-platform-content-item\" id=\"features\" data-nav-section=\"features\"> <h2>Sprawd\u017a list\u0119 najbardziej przydatnych funkcji: <\/h2> <ul><li>Nieograniczona liczba sekcji, element\u00f3w lub menu <\/li><li>Zawsze aktualne i \u0142atwe do zmiany menu<\/li><li>Dodaj tytu\u0142y, podpisy i tekst stopki<\/li><li>Wy\u015bwietlaj szczeg\u00f3\u0142owy opis produkt\u00f3w, w tym plakietki i informacje o warto\u015bciach od\u017cywczych <\/li><li>Prze\u015blij w\u0142asne zdj\u0119cia produkt\u00f3w<\/li><li>Aktualizuj wszystkie informacje, kiedy tylko potrzebujesz: ceny, promocje sezonowe itp. <\/li><li>Dostosuj tryb wyskakuj\u0105cych okienek i wybierz funkcje, kt\u00f3re chcesz display<\/li><\/ul><p><a href=\"#demo\">Mo\u017cesz teraz pozna\u0107 pe\u0142n\u0105 funkcjonalno\u015b\u0107 wid\u017cetu w wersji demonstracyjnej<\/a><\/p> <\/div> <div class=\"application-platform-content-item-installation application-platform-content-item\" id=\"installation\" data-nav-section=\"installation\"> <h2>Jak doda\u0107 Menu Restauracji do mojej strony internetowej Jimdo? <\/h2> <p>Wystarczy post\u0119powa\u0107 zgodnie z poni\u017cszymi instrukcjami, aby zintegrowa\u0107 narz\u0119dzie. <\/p> <ol><li><b>Uruchom nasz darmowy edytor i zacznij tworzy\u0107 sw\u00f3j unikalny instrument. <\/b><br> Okre\u015bl preferowany interfejs i opcje wid\u017cetu i zastosuj poprawki. <\/li> <li><b>Skopiuj sw\u00f3j unikalny kod pojawiaj\u0105cy si\u0119 w polu aplikacji Elfsight. <\/b><br> Zaraz po zako\u0144czeniu konfiguracji Twojego osobistego wid\u017cetu skopiuj osobisty kod z pude\u0142ka i zachowaj go do p\u00f3\u017aniejszego wykorzystania. <\/li> <li><b>Zacznij korzysta\u0107 z narz\u0119dzia na swojej stronie Jimdo. <\/b><br> Dodaj kod, kt\u00f3ry ostatnio zapisa\u0142e\u015b na swojej stronie i zapisz poprawki. <\/li> <li><b>Gotowe! Osadzanie zosta\u0142o ca\u0142kowicie zako\u0144czone. <\/b><br> Przejd\u017a do swojej witryny i zobacz dzia\u0142anie widgetu. <\/li><\/ol> <p>Je\u015bli napotkasz jakie\u015b trudno\u015bci, mo\u017cesz zwr\u00f3ci\u0107 si\u0119 do naszego personelu pomocy technicznej. Nasi specjali\u015bci z przyjemno\u015bci\u0105 pomog\u0105 Ci we wszystkich problemach, jakie mo\u017cesz mie\u0107 z widgetem. <\/p> <div class=\"faq\" data-component=\"FAQ\"><div class=\"faq-item\">\r\n\t\t\t\t\t<div class=\"faq-item-question\">\r\n\t\t\t\t\t\t<h3 class=\"faq-item-question-text\">W jaki spos\u00f3b mo\u017cna doda\u0107 Menu Restauracji do mojej witryny Jimdo bez znajomo\u015bci kodowania?<\/h3>\r\n\r\n\t\t\t\t\t\t<div class=\"faq-item-question-icon\"><\/div>\r\n\t\t\t\t\t<\/div>\r\n\r\n\t\t\t\t\t<div class=\"faq-item-answer\">\r\n\t\t\t\t\t\t<div class=\"faq-item-answer-text\"> <p>Elfsight oferuje rozwi\u0105zanie, kt\u00f3re umo\u017cliwia u\u017cytkownikom samodzielne utworzenie sekcji Menu Restauracji , obejrzyj prosty przewodnik: Przejd\u017a do wersji demonstracyjnej na \u017cywo, aby utworzy\u0107 wtyczk\u0119 Menu restauracji, kt\u00f3r\u0105 chcesz zobaczy\u0107 na swojej stronie Jimdo. Zdecyduj si\u0119 na jeden z wielu gotowych szablon\u00f3w i dostosuj ustawienia Menu Restauracji, zaktualizuj tre\u015b\u0107, zmie\u0144 uk\u0142ad i kolorystyk\u0119 bez \u017cadnego kodowania. Kliknij, aby zapisa\u0107 dokonane ustawienia w Menu Restauracji i skopiuj kod wtyczki w celu umieszczenia, kt\u00f3ry mo\u017cesz po prostu bezp\u0142atnie umie\u015bci\u0107 na stronie Jimdo. Pracuj\u0105c w prostym Edytorze, ka\u017cdy u\u017cytkownik sieci mo\u017ce stworzy\u0107 sekcj\u0119 Menu Restauracji online i \u0142atwo umie\u015bci\u0107 j\u0105 na stronie Jimdo. Aby uzyska\u0107 dost\u0119p do naszych us\u0142ug, nie wolno p\u0142aci\u0107 ani ujawnia\u0107 danych karty. Je\u015bli na kt\u00f3rymkolwiek etapie napotkasz jakiekolwiek problemy, skontaktuj si\u0119 z naszym zespo\u0142em pomocy technicznej.<\/p> <\/div>\r\n\t\t\t\t\t<\/div>\r\n\t\t\t\t<\/div> <\/div><\/div>","protected":false},"excerpt":{"rendered":"","protected":false},"author":9,"featured_media":0,"parent":3408,"menu_order":0,"comment_status":"closed","ping_status":"closed","template":"templates\/template-application-platform.php","meta":{"publish_to_discourse":"","publish_post_category":"","wpdc_auto_publish_overridden":"","wpdc_topic_tags":"","wpdc_pin_topic":"","wpdc_pin_until":"","discourse_post_id":"","discourse_permalink":"","wpdc_publishing_response":"","wpdc_publishing_error":"","footnotes":""},"class_list":["post-6256","page","type-page","status-publish","hentry"],"yoast_head":"<!-- This site is optimized with the Yoast SEO plugin v25.3.1 - https:\/\/yoast.com\/wordpress\/plugins\/seo\/ -->\n<title>Menu Restauracji dla stron Jimdo - szybko i za darmo<\/title>\n<meta name=\"description\" content=\"Umie\u015b\u0107 wid\u017cet menu restauracji dostosowany do urz\u0105dze\u0144 mobilnych na swojej stronie internetowej Jimdo. Wypr\u00f3buj wersj\u0119 demonstracyjn\u0105 Elfsight i zmodyfikuj sw\u00f3j widget w ci\u0105gu zaledwie kilku sekund\" \/>\n<meta name=\"robots\" content=\"index, follow, max-snippet:-1, max-image-preview:large, max-video-preview:-1\" \/>\n<link rel=\"canonical\" href=\"https:\/\/elfsight.com\/pl\/restaurant-menu-widget\/jimdo\/\" \/>\n<meta property=\"og:locale\" content=\"pl_PL\" \/>\n<meta property=\"og:type\" content=\"article\" \/>\n<meta property=\"og:title\" content=\"Menu Restauracji dla stron Jimdo - szybko i za darmo\" \/>\n<meta property=\"og:description\" content=\"Umie\u015b\u0107 wid\u017cet menu restauracji dostosowany do urz\u0105dze\u0144 mobilnych na swojej stronie internetowej Jimdo. Wypr\u00f3buj wersj\u0119 demonstracyjn\u0105 Elfsight i zmodyfikuj sw\u00f3j widget w ci\u0105gu zaledwie kilku sekund\" \/>\n<meta property=\"og:url\" content=\"https:\/\/elfsight.com\/pl\/restaurant-menu-widget\/jimdo\/\" \/>\n<meta property=\"og:site_name\" content=\"Elfsight PL\" \/>\n<meta property=\"article:modified_time\" content=\"2024-10-23T13:27:37+00:00\" \/>\n<meta name=\"twitter:card\" content=\"summary_large_image\" \/>\n<meta name=\"twitter:label1\" content=\"Szacowany czas czytania\" \/>\n\t<meta name=\"twitter:data1\" content=\"3 minuty\" \/>\n<!-- \/ Yoast SEO plugin. -->","yoast_head_json":{"title":"Menu Restauracji dla stron Jimdo - szybko i za darmo","description":"Umie\u015b\u0107 wid\u017cet menu restauracji dostosowany do urz\u0105dze\u0144 mobilnych na swojej stronie internetowej Jimdo. Wypr\u00f3buj wersj\u0119 demonstracyjn\u0105 Elfsight i zmodyfikuj sw\u00f3j widget w ci\u0105gu zaledwie kilku sekund","robots":{"index":"index","follow":"follow","max-snippet":"max-snippet:-1","max-image-preview":"max-image-preview:large","max-video-preview":"max-video-preview:-1"},"canonical":"https:\/\/elfsight.com\/pl\/restaurant-menu-widget\/jimdo\/","og_locale":"pl_PL","og_type":"article","og_title":"Menu Restauracji dla stron Jimdo - szybko i za darmo","og_description":"Umie\u015b\u0107 wid\u017cet menu restauracji dostosowany do urz\u0105dze\u0144 mobilnych na swojej stronie internetowej Jimdo. Wypr\u00f3buj wersj\u0119 demonstracyjn\u0105 Elfsight i zmodyfikuj sw\u00f3j widget w ci\u0105gu zaledwie kilku sekund","og_url":"https:\/\/elfsight.com\/pl\/restaurant-menu-widget\/jimdo\/","og_site_name":"Elfsight PL","article_modified_time":"2024-10-23T13:27:37+00:00","twitter_card":"summary_large_image","twitter_misc":{"Szacowany czas czytania":"3 minuty"},"schema":{"@context":"https:\/\/schema.org","@graph":[{"@type":"WebPage","@id":"https:\/\/elfsight.com\/pl\/restaurant-menu-widget\/jimdo\/","url":"https:\/\/elfsight.com\/pl\/restaurant-menu-widget\/jimdo\/","name":"Menu Restauracji dla stron Jimdo - szybko i za darmo","isPartOf":{"@id":"https:\/\/elfsight.com\/pl\/#website"},"datePublished":"1970-01-01T00:00:00+00:00","dateModified":"2024-10-23T13:27:37+00:00","description":"Umie\u015b\u0107 wid\u017cet menu restauracji dostosowany do urz\u0105dze\u0144 mobilnych na swojej stronie internetowej Jimdo. Wypr\u00f3buj wersj\u0119 demonstracyjn\u0105 Elfsight i zmodyfikuj sw\u00f3j widget w ci\u0105gu zaledwie kilku sekund","breadcrumb":{"@id":"https:\/\/elfsight.com\/pl\/restaurant-menu-widget\/jimdo\/#breadcrumb"},"inLanguage":"pl-PL","potentialAction":[{"@type":"ReadAction","target":["https:\/\/elfsight.com\/pl\/restaurant-menu-widget\/jimdo\/"]}]},{"@type":"BreadcrumbList","@id":"https:\/\/elfsight.com\/pl\/restaurant-menu-widget\/jimdo\/#breadcrumb","itemListElement":[{"@type":"ListItem","position":1,"name":"Home","item":"https:\/\/elfsight.com\/pl\/"},{"@type":"ListItem","position":2,"name":"Restaurant Menu","item":"https:\/\/elfsight.com\/pl\/restaurant-menu-widget\/"},{"@type":"ListItem","position":3,"name":"Restaurant Menu &#8211; Jimdo"}]},{"@type":"WebSite","@id":"https:\/\/elfsight.com\/pl\/#website","url":"https:\/\/elfsight.com\/pl\/","name":"Elfsight PL","description":"Just another Elfsight Sites site","potentialAction":[{"@type":"SearchAction","target":{"@type":"EntryPoint","urlTemplate":"https:\/\/elfsight.com\/pl\/?s={search_term_string}"},"query-input":{"@type":"PropertyValueSpecification","valueRequired":true,"valueName":"search_term_string"}}],"inLanguage":"pl-PL"}]}},"meta_box":{"industry":"","seo_heading":"","heading":"","description":"","cta_heading":"","cta_description":"","application":"3358","h1":"Wid\u017cet menu restauracji Jimdo","h1_caption":"Zaprezentuj menu swojej restauracji w atrakcyjnym wizualnie formacie, \u0142atwym do aktualizacji i przyjaznym dla u\u017cytkownika na swojej stronie internetowej Jimdo.","application_category":[],"applications_title":"","applications_request_title":"","applications_request_button_text":"","hero_text":"","hero_video":"","hero_video_schema_markup":"","selling_points_title":"","selling_points_caption":"","selling_points":[],"selling_points_cta_text":"","features_title":"","features":"","ed_cta_examples_text":"","ed_cta_examples_hidden":"","ed_cta_demo_text":"","ed_cta_demo_hidden":"","why_caption":"","why_editor_title":"","why_editor_text":"","why_team_title":"","why_team_text":"","why_service_title":"","why_service_text":"","template_catalog_visible":"","template_catalog_title":"","template_catalog_text":"","template_catalog_categories_visible":"","demo_title":"Zapraszamy do skomponowania szytego na miar\u0119 Menu Restauracji Jimdo","demo_caption":"Dostosuj widget i zaimplementuj go na swojej stronie internetowej, korzystaj\u0105c z wersji demonstracyjnej.","default_faq_hidden":"","app_template_category":[],"platform":"193","template_public_id":"","codecanyon_url":"","codecanyon_item_id":"","codecanyon_price":"","pricing_caption":"","pricing_elfsight_apps_hide_column":"","pricing_elfsight_apps_url":"","pricing_codecanyon_price_caption":"","integration_category":[],"integration_request_title":"","integration_request_cta":"","integration_platform":"","integrations":[],"platform_category":[],"video_schema_markup":"","price":"od 0 USD \/ miesi\u0105c","trial":"","benefits":[{"text":"Bezp\u0142atna pomoc w monta\u017cu"},{"text":"Skuteczna obs\u0142uga klienta"},{"text":"14-dniowa gwarancja zwrotu pieni\u0119dzy"}],"button_url":"#demo","button_target_blank":"","button_nofollow":"","attributes":[{"name":"Instaluje"},{"name":"Czu\u0142y"},{"name":"Kompatybilne przegl\u0105darki"}],"tags":[],"tags_disable_links":"","hide_more_platforms":"","video_object":"","demo_hide_cta":"","demo_hide_cloud_options":"","pricing_title":"","pricing":[{"pricing_icon":"platform","pricing_title":"Elfsight Apps","pricing_title_caption":"Oprogramowanie niezale\u017cne od platformy","pricing_price":"od 0 USD \/ miesi\u0105c","pricing_price_caption":"zacznij od bezp\u0142atnego planu","pricing_benefits":[{"text":"Nielimitowane domeny"},{"text":"Wsparcie premium"},{"text":"Bezp\u0142atna pomoc w monta\u017cu"},{"text":"W pe\u0142ni konfigurowalny"}],"pricing_button_text":"Dodaj do witryny","pricing_button_url":"#demo"}],"related_apps_title":"","related_apps_hidden":"","author":"","image":[],"title":"","job":"","social_networks":[]},"_links":{"self":[{"href":"https:\/\/elfsight.com\/pl\/wp-json\/wp\/v2\/pages\/6256","targetHints":{"allow":["GET"]}}],"collection":[{"href":"https:\/\/elfsight.com\/pl\/wp-json\/wp\/v2\/pages"}],"about":[{"href":"https:\/\/elfsight.com\/pl\/wp-json\/wp\/v2\/types\/page"}],"author":[{"embeddable":true,"href":"https:\/\/elfsight.com\/pl\/wp-json\/wp\/v2\/users\/9"}],"replies":[{"embeddable":true,"href":"https:\/\/elfsight.com\/pl\/wp-json\/wp\/v2\/comments?post=6256"}],"version-history":[{"count":1,"href":"https:\/\/elfsight.com\/pl\/wp-json\/wp\/v2\/pages\/6256\/revisions"}],"predecessor-version":[{"id":6260,"href":"https:\/\/elfsight.com\/pl\/wp-json\/wp\/v2\/pages\/6256\/revisions\/6260"}],"up":[{"embeddable":true,"href":"https:\/\/elfsight.com\/pl\/wp-json\/wp\/v2\/pages\/3408"}],"wp:attachment":[{"href":"https:\/\/elfsight.com\/pl\/wp-json\/wp\/v2\/media?parent=6256"}],"curies":[{"name":"wp","href":"https:\/\/api.w.org\/{rel}","templated":true}]}}