{"id":6253,"date":"1970-01-01T00:00:00","date_gmt":"1970-01-01T00:00:00","guid":{"rendered":"https:\/\/elfsight.com\/pl\/?page_id=6253"},"modified":"2024-11-14T09:02:45","modified_gmt":"2024-11-14T09:02:45","slug":"blogger","status":"publish","type":"page","link":"https:\/\/elfsight.com\/pl\/radio-player-widget\/blogger\/","title":{"rendered":"Radio Player &#8211; Blogger"},"content":{"rendered":"<div class=\"application-platform-content-item-description application-platform-content-item\" id=\"description\" data-nav-section=\"description\"> <h2>Opis<\/h2> <p>Elfsight Player to prosty widget umo\u017cliwiaj\u0105cy strumieniowe przesy\u0142anie stacji radiowych bezpo\u015brednio na Twoj\u0105 stron\u0119 internetow\u0105. Narz\u0119dzie jest niezwykle modyfikowalne: mo\u017cesz zmieni\u0107 jego po\u0142o\u017cenie, ustawi\u0107 w dowolnym miejscu strony, zmieni\u0107 jego rozmiar, przemalowa\u0107 t\u0142o i wszystkie inne cz\u0119\u015bci, aby dopasowa\u0107 je do stylu Twojej witryny, zastosowa\u0107 ciemn\u0105 kolorystyk\u0119, zademonstrowa\u0107 obrazy i pokaza\u0107 lub ukry\u0107 trzy dodatkowe elementy odtwarzacza, takie jak tytu\u0142, status i inne. Mo\u017cesz przes\u0142a\u0107 dowoln\u0105 liczb\u0119 stacji, ile chcesz, aby zachwyci\u0107 u\u017cytkownik\u00f3w, w\u0142\u0105czy\u0107 autoodtwarzanie i mie\u0107 pewno\u015b\u0107, \u017ce Twoi odbiorcy nie opuszcz\u0105 Twojej witryny w po\u015bpiechu! <\/p> <p><b>Zaprezentuj swoim u\u017cytkownikom jeszcze jedno \u017ar\u00f3d\u0142o przydatnych i interesuj\u0105cych tre\u015bci, korzystaj\u0105c z Elfsight Streaming Radio dla Bloggera<\/b><\/p> <\/div> <div class=\"application-platform-content-item-features application-platform-content-item\" id=\"features\" data-nav-section=\"features\"> <h2> Oto najwa\u017cniejsze funkcje wid\u017cetu:<\/h2> <ul><li>Liczne odmiany kolor\u00f3w.<\/li><li>Motyw ciemnych\/jasnych kolor\u00f3w.<\/li><li>Dost\u0119pne s\u0105 dwa uk\u0142ady.<\/li> <li>Mo\u017cliwo\u015b\u0107 dodania obrazu t\u0142a.<\/li><li>Dostosuj niesko\u0144czon\u0105 liczb\u0119 stacji.<\/li><\/ul><p><a href=\"#demo\">Odkryj w 100% wszystkie funkcje personalizacji demonstracja funkcjonalno\u015bci<\/a><\/p> <\/div> <div class=\"application-platform-content-item-installation application-platform-content-item\" id=\"installation\" data-nav-section=\"installation\"> <h2>Jak mog\u0119 osadzi\u0107 Radio Player na mojej stronie internetowej Bloggera?<\/h2> <div class=\"video-container\"><iframe width=\"720\" height=\"405\" src=\"https:\/\/www.youtube.com\/embed\/TGUTfHUOukk\" frameborder=\"0\" allowfullscreen><\/iframe><\/div><p>Po prostu we\u017a aby rozpocz\u0105\u0107 korzystanie z narz\u0119dzia, wykonaj poni\u017csze kroki.<\/p> <ol><li><b>Zarz\u0105dzaj\u0105c naszym bezp\u0142atnym konfiguratorem, rozpocznij tworzenie w\u0142asnego widgetu.<\/b><br> Wybierz preferowany wygl\u0105d i aspekty wtyczki i zastosuj modyfikacje.<\/li> <li><b>Odbierz sw\u00f3j unikalny kod pokazany w specjalnym formularzu w aplikacjach Elfsight.<\/b><br> Zaraz po zako\u0144czeniu tworzenia wtyczki skopiuj kod osobisty w wy\u015bwietlonym wyskakuj\u0105cym okienku i zapisz go na p\u00f3\u017aniej.<\/li> <li><b>Rozpocznij stosowanie radia strumieniowego na swojej stronie internetowej Bloggera.<\/b><br> Zaimplementuj kod zapisany ostatnio na swojej stronie i zastosuj ulepszenia. <\/li> <li><b>Gotowe! Osadzanie zosta\u0142o zako\u0144czone pomy\u015blnie.<\/b><br> Przejd\u017a do swojej witryny, aby sprawdzi\u0107 dzia\u0142anie wtyczki.<\/li><\/ol> <p>W przypadku pyta\u0144 lub napotkania przeszk\u00f3d prosimy zwr\u00f3ci\u0107 si\u0119 do naszego personel pomocniczy. Nasi konsultanci ch\u0119tnie pomog\u0105 Ci we wszystkich problemach, jakie mo\u017cesz mie\u0107 z produktem.<\/p> <\/div>","protected":false},"excerpt":{"rendered":"","protected":false},"author":9,"featured_media":0,"parent":3418,"menu_order":0,"comment_status":"closed","ping_status":"closed","template":"templates\/template-application-platform.php","meta":{"publish_to_discourse":"","publish_post_category":"","wpdc_auto_publish_overridden":"","wpdc_topic_tags":"","wpdc_pin_topic":"","wpdc_pin_until":"","discourse_post_id":"","discourse_permalink":"","wpdc_publishing_response":"","wpdc_publishing_error":"","footnotes":""},"class_list":["post-6253","page","type-page","status-publish","hentry"],"yoast_head":"<!-- This site is optimized with the Yoast SEO plugin v25.3.1 - https:\/\/yoast.com\/wordpress\/plugins\/seo\/ -->\n<title>Wid\u017cet odtwarzacza radia strumieniowego dla witryny Bloggera (bezp\u0142atny i \u0142atwy)<\/title>\n<meta name=\"description\" content=\"Umie\u015b\u0107 wid\u017cet odtwarzacza radia strumieniowego w swojej witrynie Bloggera. Zastosuj nasze praktyczne demo i utw\u00f3rz wtyczk\u0119 do radia bez wysi\u0142ku!\" \/>\n<meta name=\"robots\" content=\"index, follow, max-snippet:-1, max-image-preview:large, max-video-preview:-1\" \/>\n<link rel=\"canonical\" href=\"https:\/\/elfsight.com\/pl\/radio-player-widget\/blogger\/\" \/>\n<meta property=\"og:locale\" content=\"pl_PL\" \/>\n<meta property=\"og:type\" content=\"article\" \/>\n<meta property=\"og:title\" content=\"Wid\u017cet odtwarzacza radia strumieniowego dla witryny Bloggera (bezp\u0142atny i \u0142atwy)\" \/>\n<meta property=\"og:description\" content=\"Umie\u015b\u0107 wid\u017cet odtwarzacza radia strumieniowego w swojej witrynie Bloggera. Zastosuj nasze praktyczne demo i utw\u00f3rz wtyczk\u0119 do radia bez wysi\u0142ku!\" \/>\n<meta property=\"og:url\" content=\"https:\/\/elfsight.com\/pl\/radio-player-widget\/blogger\/\" \/>\n<meta property=\"og:site_name\" content=\"Elfsight PL\" \/>\n<meta property=\"article:modified_time\" content=\"2024-11-14T09:02:45+00:00\" \/>\n<meta name=\"twitter:card\" content=\"summary_large_image\" \/>\n<meta name=\"twitter:label1\" content=\"Szacowany czas czytania\" \/>\n\t<meta name=\"twitter:data1\" content=\"2 minuty\" \/>\n<!-- \/ Yoast SEO plugin. -->","yoast_head_json":{"title":"Wid\u017cet odtwarzacza radia strumieniowego dla witryny Bloggera (bezp\u0142atny i \u0142atwy)","description":"Umie\u015b\u0107 wid\u017cet odtwarzacza radia strumieniowego w swojej witrynie Bloggera. Zastosuj nasze praktyczne demo i utw\u00f3rz wtyczk\u0119 do radia bez wysi\u0142ku!","robots":{"index":"index","follow":"follow","max-snippet":"max-snippet:-1","max-image-preview":"max-image-preview:large","max-video-preview":"max-video-preview:-1"},"canonical":"https:\/\/elfsight.com\/pl\/radio-player-widget\/blogger\/","og_locale":"pl_PL","og_type":"article","og_title":"Wid\u017cet odtwarzacza radia strumieniowego dla witryny Bloggera (bezp\u0142atny i \u0142atwy)","og_description":"Umie\u015b\u0107 wid\u017cet odtwarzacza radia strumieniowego w swojej witrynie Bloggera. Zastosuj nasze praktyczne demo i utw\u00f3rz wtyczk\u0119 do radia bez wysi\u0142ku!","og_url":"https:\/\/elfsight.com\/pl\/radio-player-widget\/blogger\/","og_site_name":"Elfsight PL","article_modified_time":"2024-11-14T09:02:45+00:00","twitter_card":"summary_large_image","twitter_misc":{"Szacowany czas czytania":"2 minuty"},"schema":{"@context":"https:\/\/schema.org","@graph":[{"@type":"WebPage","@id":"https:\/\/elfsight.com\/pl\/radio-player-widget\/blogger\/","url":"https:\/\/elfsight.com\/pl\/radio-player-widget\/blogger\/","name":"Wid\u017cet odtwarzacza radia strumieniowego dla witryny Bloggera (bezp\u0142atny i \u0142atwy)","isPartOf":{"@id":"https:\/\/elfsight.com\/pl\/#website"},"datePublished":"1970-01-01T00:00:00+00:00","dateModified":"2024-11-14T09:02:45+00:00","description":"Umie\u015b\u0107 wid\u017cet odtwarzacza radia strumieniowego w swojej witrynie Bloggera. Zastosuj nasze praktyczne demo i utw\u00f3rz wtyczk\u0119 do radia bez wysi\u0142ku!","breadcrumb":{"@id":"https:\/\/elfsight.com\/pl\/radio-player-widget\/blogger\/#breadcrumb"},"inLanguage":"pl-PL","potentialAction":[{"@type":"ReadAction","target":["https:\/\/elfsight.com\/pl\/radio-player-widget\/blogger\/"]}]},{"@type":"BreadcrumbList","@id":"https:\/\/elfsight.com\/pl\/radio-player-widget\/blogger\/#breadcrumb","itemListElement":[{"@type":"ListItem","position":1,"name":"Home","item":"https:\/\/elfsight.com\/pl\/"},{"@type":"ListItem","position":2,"name":"Radio Player","item":"https:\/\/elfsight.com\/pl\/radio-player-widget\/"},{"@type":"ListItem","position":3,"name":"Radio Player &#8211; Blogger"}]},{"@type":"WebSite","@id":"https:\/\/elfsight.com\/pl\/#website","url":"https:\/\/elfsight.com\/pl\/","name":"Elfsight PL","description":"Just another Elfsight Sites site","potentialAction":[{"@type":"SearchAction","target":{"@type":"EntryPoint","urlTemplate":"https:\/\/elfsight.com\/pl\/?s={search_term_string}"},"query-input":{"@type":"PropertyValueSpecification","valueRequired":true,"valueName":"search_term_string"}}],"inLanguage":"pl-PL"}]}},"meta_box":{"industry":"","seo_heading":"","heading":"","description":"","cta_heading":"","cta_description":"","application":"3334","h1":"Wid\u017cet odtwarzacza radia Blogger","h1_caption":"Dodaj transmisj\u0119 radiow\u0105 na \u017cywo do swojej witryny za pomoc\u0105 konfigurowalnego odtwarzacza, kt\u00f3ry z \u0142atwo\u015bci\u0105 dopasuje Twoj\u0105 mark\u0119 do witryny Bloggera.","application_category":[],"applications_title":"","applications_request_title":"","applications_request_button_text":"","hero_text":"","hero_video":"","hero_video_schema_markup":"","selling_points_title":"","selling_points_caption":"","selling_points":[],"selling_points_cta_text":"","features_title":"","features":"","ed_cta_examples_text":"","ed_cta_examples_hidden":"","ed_cta_demo_text":"","ed_cta_demo_hidden":"","why_caption":"","why_editor_title":"","why_editor_text":"","why_team_title":"","why_team_text":"","why_service_title":"","why_service_text":"","template_catalog_visible":"","template_catalog_title":"","template_catalog_text":"","template_catalog_categories_visible":"","demo_title":"Utw\u00f3rz wid\u017cet odtwarzacza radia","demo_caption":"Skonfiguruj sw\u00f3j Radio Player i dodaj go do swojej witryny Bloggera za darmo!","default_faq_hidden":"","app_template_category":[],"platform":"44","template_public_id":"","codecanyon_url":"","codecanyon_item_id":"","codecanyon_price":"","pricing_caption":"","pricing_elfsight_apps_hide_column":"","pricing_elfsight_apps_url":"","pricing_codecanyon_price_caption":"","integration_category":[],"integration_request_title":"","integration_request_cta":"","integration_platform":"","integrations":[],"platform_category":[],"video_schema_markup":"","price":"od 0 USD \/ miesi\u0105c","trial":"","benefits":[{"text":"Bezp\u0142atna pomoc w instalacji"},{"text":"Skuteczna obs\u0142uga klienta"},{"text":"14-dniowa gwarancja zwrotu pieni\u0119dzy"}],"button_url":"#demo","button_target_blank":"","button_nofollow":"","attributes":[{"name":"Instaluje"},{"name":"Czu\u0142y"},{"name":"Kompatybilne przegl\u0105darki"}],"tags":[],"tags_disable_links":"","hide_more_platforms":"","video_object":"","demo_hide_cta":"","demo_hide_cloud_options":"","pricing_title":"","pricing":[{"pricing_icon":"platform","pricing_title":"Elfsight Apps","pricing_title_caption":"Wersja wieloplatformowa, kt\u00f3ra dzia\u0142a na dowolnej witrynie","pricing_price":"od 0 USD \/ miesi\u0105c","pricing_price_caption":"zacznij od bezp\u0142atnego planu","pricing_benefits":[{"text":"Nielimitowane domeny"},{"text":"Profesjonalne wsparcie i dobrze udokumentowane"},{"text":"Bezp\u0142atna us\u0142uga monta\u017cu"},{"text":"W pe\u0142ni konfigurowalny"}],"pricing_button_text":"Dodaj do witryny","pricing_button_url":"#demo"}],"related_apps_title":"","related_apps_hidden":"","author":"","image":[],"title":"","job":"","social_networks":[]},"_links":{"self":[{"href":"https:\/\/elfsight.com\/pl\/wp-json\/wp\/v2\/pages\/6253","targetHints":{"allow":["GET"]}}],"collection":[{"href":"https:\/\/elfsight.com\/pl\/wp-json\/wp\/v2\/pages"}],"about":[{"href":"https:\/\/elfsight.com\/pl\/wp-json\/wp\/v2\/types\/page"}],"author":[{"embeddable":true,"href":"https:\/\/elfsight.com\/pl\/wp-json\/wp\/v2\/users\/9"}],"replies":[{"embeddable":true,"href":"https:\/\/elfsight.com\/pl\/wp-json\/wp\/v2\/comments?post=6253"}],"version-history":[{"count":2,"href":"https:\/\/elfsight.com\/pl\/wp-json\/wp\/v2\/pages\/6253\/revisions"}],"predecessor-version":[{"id":7980,"href":"https:\/\/elfsight.com\/pl\/wp-json\/wp\/v2\/pages\/6253\/revisions\/7980"}],"up":[{"embeddable":true,"href":"https:\/\/elfsight.com\/pl\/wp-json\/wp\/v2\/pages\/3418"}],"wp:attachment":[{"href":"https:\/\/elfsight.com\/pl\/wp-json\/wp\/v2\/media?parent=6253"}],"curies":[{"name":"wp","href":"https:\/\/api.w.org\/{rel}","templated":true}]}}