{"id":6248,"date":"1970-01-01T00:00:00","date_gmt":"1970-01-01T00:00:00","guid":{"rendered":"https:\/\/elfsight.com\/pl\/?page_id=6248"},"modified":"2025-06-23T09:15:30","modified_gmt":"2025-06-23T09:15:30","slug":"drupal","status":"publish","type":"page","link":"https:\/\/elfsight.com\/pl\/radio-player-widget\/drupal\/","title":{"rendered":"Radio Player &#8211; Drupal"},"content":{"rendered":"<div class=\"application-platform-content-item-description application-platform-content-item\" id=\"description\" data-nav-section=\"description\">\n<h2>Opis<\/h2>\n<p>Elfsight Radio Player to proste narz\u0119dzie daj\u0105ce mo\u017cliwo\u015b\u0107 odtwarzania stacji radiowych bezpo\u015brednio na Twojej stronie internetowej. Wid\u017cet jest niezwykle konfigurowalny: mo\u017cesz zmieni\u0107 jego po\u0142o\u017cenie, osadzi\u0107 go w dowolnym miejscu strony, zmieni\u0107 jego rozmiar, przekolorowa\u0107 t\u0142o i wszystkie inne elementy, aby dopasowa\u0107 je do projektu witryny, zastosowa\u0107 ciemny motyw, pokaza\u0107 ok\u0142adki i wy\u015bwietli\u0107 lub ukry\u0107 trzy inne cz\u0119\u015bci gracza, na przyk\u0142ad nag\u0142\u00f3wek, status i inne. Dodaj tyle stacji, ile chcesz zabawia\u0107 odwiedzaj\u0105cych, w\u0142\u0105cz opcj\u0119 autoodtwarzania i nie wahaj si\u0119 \u2013 Twoi odbiorcy nie opuszcz\u0105 Twojej witryny w po\u015bpiechu!<\/p>\n<p><b>Dostarcz swoim go\u015bciom jeszcze jedno \u017ar\u00f3d\u0142o przydatnych i rozrywkowych tre\u015bci, korzystaj\u0105c z Radio Player dla Drupala.<\/b><\/p>\n<\/div>\n\n<div class=\"application-platform-content-item-features application-platform-content-item\" id=\"features\" data-nav-section=\"features\">\n<h2>Poznaj list\u0119 najbardziej przydatnych funkcji:<\/h2>\n<ul>\n    <li>Liczne przer\u00f3bki kolorystyczne;<\/li>\n    <li>Motyw ciemnego\/jasnego koloru;<\/li>\n    <li>Dost\u0119pne 2 uk\u0142ady;<\/li>\n    <li>Mo\u017cliwo\u015b\u0107 dodania obrazu t\u0142a;<\/li>\n    <li>Dodaj nieograniczon\u0105 liczb\u0119 stacji.<\/li>\n<\/ul>\n<p><a href=\"#demo\">Po prostu sprawd\u017a t\u0119 wersj\u0119 demonstracyjn\u0105, aby zobaczy\u0107, jak to dzia\u0142a<\/a><\/p>\n<\/div>\n\n<div class=\"application-platform-content-item-installation application-platform-content-item\" id=\"installation\" data-nav-section=\"installation\">\n<h2>Jak doda\u0107 Radio Player na mojej stronie Drupal?<\/h2>\n<div class=\"video-container\"><iframe width=\"720\" height=\"405\" src=\"https:\/\/www.youtube.com\/embed\/PLMlzTHsVPM\" frameborder=\"0\" allowfullscreen><\/iframe><\/div>\n<p>Wystarczy post\u0119powa\u0107 zgodnie z poni\u017cszymi instrukcjami, aby aktywowa\u0107 modu\u0142.<\/p>\n<ol>\n    <li><b>Zastosuj nasz darmowy edytor i rozpocznij prac\u0119 ze swoim modu\u0142em.<\/b><br>Wybierz niestandardowy interfejs i specyfikacj\u0119 modu\u0142u i zastosuj wszystkie poprawki.<\/li>\n    <li><b>Skopiuj sw\u00f3j osobisty kod pojawiaj\u0105cy si\u0119 w polu aplikacji Elfsight.<\/b><br>Zaraz po wygenerowaniu modu\u0142u skopiuj kod z wy\u015bwietlonego pola i zapisz go do dalszego wykorzystania.<\/li>\n    <li><b>Zainicjuj u\u017cycie modu\u0142u na stronie Drupal.<\/b><br>Umie\u015b\u0107 ostatnio zapisany kod na swojej stronie internetowej i zapisz zmiany.<\/li>\n    <li><b>Instalacja zosta\u0142a pomy\u015blnie zako\u0144czona.<\/b><br>Odwied\u017a swoj\u0105 witryn\u0119, aby sprawdzi\u0107 dzia\u0142anie modu\u0142u.<\/li>\n<\/ol>\n<p>Je\u015bli napotkasz jakie\u015b trudno\u015bci, skontaktuj si\u0119 z naszym dzia\u0142em obs\u0142ugi klienta. Nasi konsultanci z przyjemno\u015bci\u0105 odpowiedz\u0105 na wszystkie pytania dotycz\u0105ce produktu.<\/p>\n<\/div>","protected":false},"excerpt":{"rendered":"","protected":false},"author":9,"featured_media":0,"parent":3418,"menu_order":0,"comment_status":"closed","ping_status":"closed","template":"templates\/template-application-platform.php","meta":{"publish_to_discourse":"","publish_post_category":"","wpdc_auto_publish_overridden":"","wpdc_topic_tags":"","wpdc_pin_topic":"","wpdc_pin_until":"","discourse_post_id":"","discourse_permalink":"","wpdc_publishing_response":"","wpdc_publishing_error":"","footnotes":""},"class_list":["post-6248","page","type-page","status-publish","hentry"],"yoast_head":"<!-- This site is optimized with the Yoast SEO plugin v25.3.1 - https:\/\/yoast.com\/wordpress\/plugins\/seo\/ -->\n<title>Widget Streaming Radio Player dla witryny Drupal (bezp\u0142atny i \u0142atwy)<\/title>\n<meta name=\"description\" content=\"Umie\u015b\u0107 responsywny modu\u0142 Radio na swojej stronie Drupal. Skorzystaj z naszego praktycznego demo i wygeneruj wid\u017cet radiowy bez wysi\u0142ku!\" \/>\n<meta name=\"robots\" content=\"index, follow, max-snippet:-1, max-image-preview:large, max-video-preview:-1\" \/>\n<link rel=\"canonical\" href=\"https:\/\/elfsight.com\/pl\/radio-player-widget\/drupal\/\" \/>\n<meta property=\"og:locale\" content=\"pl_PL\" \/>\n<meta property=\"og:type\" content=\"article\" \/>\n<meta property=\"og:title\" content=\"Widget Streaming Radio Player dla witryny Drupal (bezp\u0142atny i \u0142atwy)\" \/>\n<meta property=\"og:description\" content=\"Umie\u015b\u0107 responsywny modu\u0142 Radio na swojej stronie Drupal. Skorzystaj z naszego praktycznego demo i wygeneruj wid\u017cet radiowy bez wysi\u0142ku!\" \/>\n<meta property=\"og:url\" content=\"https:\/\/elfsight.com\/pl\/radio-player-widget\/drupal\/\" \/>\n<meta property=\"og:site_name\" content=\"Elfsight PL\" \/>\n<meta property=\"article:modified_time\" content=\"2025-06-23T09:15:30+00:00\" \/>\n<meta name=\"twitter:card\" content=\"summary_large_image\" \/>\n<meta name=\"twitter:label1\" content=\"Szacowany czas czytania\" \/>\n\t<meta name=\"twitter:data1\" content=\"2 minuty\" \/>\n<!-- \/ Yoast SEO plugin. -->","yoast_head_json":{"title":"Widget Streaming Radio Player dla witryny Drupal (bezp\u0142atny i \u0142atwy)","description":"Umie\u015b\u0107 responsywny modu\u0142 Radio na swojej stronie Drupal. Skorzystaj z naszego praktycznego demo i wygeneruj wid\u017cet radiowy bez wysi\u0142ku!","robots":{"index":"index","follow":"follow","max-snippet":"max-snippet:-1","max-image-preview":"max-image-preview:large","max-video-preview":"max-video-preview:-1"},"canonical":"https:\/\/elfsight.com\/pl\/radio-player-widget\/drupal\/","og_locale":"pl_PL","og_type":"article","og_title":"Widget Streaming Radio Player dla witryny Drupal (bezp\u0142atny i \u0142atwy)","og_description":"Umie\u015b\u0107 responsywny modu\u0142 Radio na swojej stronie Drupal. Skorzystaj z naszego praktycznego demo i wygeneruj wid\u017cet radiowy bez wysi\u0142ku!","og_url":"https:\/\/elfsight.com\/pl\/radio-player-widget\/drupal\/","og_site_name":"Elfsight PL","article_modified_time":"2025-06-23T09:15:30+00:00","twitter_card":"summary_large_image","twitter_misc":{"Szacowany czas czytania":"2 minuty"},"schema":{"@context":"https:\/\/schema.org","@graph":[{"@type":"WebPage","@id":"https:\/\/elfsight.com\/pl\/radio-player-widget\/drupal\/","url":"https:\/\/elfsight.com\/pl\/radio-player-widget\/drupal\/","name":"Widget Streaming Radio Player dla witryny Drupal (bezp\u0142atny i \u0142atwy)","isPartOf":{"@id":"https:\/\/elfsight.com\/pl\/#website"},"datePublished":"1970-01-01T00:00:00+00:00","dateModified":"2025-06-23T09:15:30+00:00","description":"Umie\u015b\u0107 responsywny modu\u0142 Radio na swojej stronie Drupal. Skorzystaj z naszego praktycznego demo i wygeneruj wid\u017cet radiowy bez wysi\u0142ku!","breadcrumb":{"@id":"https:\/\/elfsight.com\/pl\/radio-player-widget\/drupal\/#breadcrumb"},"inLanguage":"pl-PL","potentialAction":[{"@type":"ReadAction","target":["https:\/\/elfsight.com\/pl\/radio-player-widget\/drupal\/"]}]},{"@type":"BreadcrumbList","@id":"https:\/\/elfsight.com\/pl\/radio-player-widget\/drupal\/#breadcrumb","itemListElement":[{"@type":"ListItem","position":1,"name":"Home","item":"https:\/\/elfsight.com\/pl\/"},{"@type":"ListItem","position":2,"name":"Radio Player","item":"https:\/\/elfsight.com\/pl\/radio-player-widget\/"},{"@type":"ListItem","position":3,"name":"Radio Player &#8211; Drupal"}]},{"@type":"WebSite","@id":"https:\/\/elfsight.com\/pl\/#website","url":"https:\/\/elfsight.com\/pl\/","name":"Elfsight PL","description":"Just another Elfsight Sites site","potentialAction":[{"@type":"SearchAction","target":{"@type":"EntryPoint","urlTemplate":"https:\/\/elfsight.com\/pl\/?s={search_term_string}"},"query-input":{"@type":"PropertyValueSpecification","valueRequired":true,"valueName":"search_term_string"}}],"inLanguage":"pl-PL"}]}},"meta_box":{"industry":"","seo_heading":"","heading":"","description":"","cta_heading":"","cta_description":"","application":"3334","h1":"Modu\u0142 Drupal Radio Player","h1_caption":"Dodaj transmisj\u0119 radiow\u0105 na \u017cywo do swojej witryny za pomoc\u0105 konfigurowalnego odtwarzacza, kt\u00f3ry bez problemu dopasuje Twoj\u0105 mark\u0119 do Twojej witryny Drupal.","application_category":[],"applications_title":"","applications_request_title":"","applications_request_button_text":"","hero_text":"","hero_video":"","hero_video_schema_markup":"","selling_points_title":"","selling_points_caption":"","selling_points":[],"selling_points_cta_text":"","features_title":"","features":"","ed_cta_examples_text":"","ed_cta_examples_hidden":"","ed_cta_demo_text":"","ed_cta_demo_hidden":"","why_caption":"","why_editor_title":"","why_editor_text":"","why_team_title":"","why_team_text":"","why_service_title":"","why_service_text":"","template_catalog_visible":"0","template_catalog_title":"","template_catalog_text":"","template_catalog_categories_visible":"","demo_title":"Utw\u00f3rz modu\u0142 Radio Player","demo_caption":"Skonfiguruj sw\u00f3j Radio Player i dodaj go do swojej witryny Drupal za darmo!","default_faq_hidden":"","app_template_category":[],"platform":"47","template_public_id":"","codecanyon_url":"","codecanyon_item_id":"","codecanyon_price":"","pricing_caption":"","pricing_elfsight_apps_hide_column":"","pricing_elfsight_apps_url":"","pricing_codecanyon_price_caption":"","integration_category":[],"integration_request_title":"","integration_request_cta":"","integration_platform":"","integrations":[],"platform_category":[],"video_schema_markup":"","price":"od 0 USD \/ miesi\u0105c","trial":"","benefits":[{"text":"Bezp\u0142atna us\u0142uga monta\u017cu"},{"text":"Wsparcie premium"},{"text":"14-dniowa gwarancja zwrotu pieni\u0119dzy"}],"button_url":"#demo","button_target_blank":"0","button_nofollow":"0","attributes":[{"name":"Instaluje"},{"name":"Czu\u0142y"},{"name":"Kompatybilne przegl\u0105darki"}],"tags":[],"tags_disable_links":"0","hide_more_platforms":"0","video_object":"","demo_hide_cta":"0","demo_hide_cloud_options":"0","pricing_title":"","pricing":[{"pricing_icon":"platform","pricing_title":"Elfsight Apps","pricing_title_caption":"Wersja wieloplatformowa, kt\u00f3ra pasuje do ka\u017cdej witryny internetowej","pricing_price":"od 0 USD \/ miesi\u0105c","pricing_price_caption":"zacznij od bezp\u0142atnego planu","pricing_benefits":[{"text":"Nielimitowane strony internetowe"},{"text":"Profesjonalne wsparcie"},{"text":"Bezp\u0142atna pomoc przy instalacji"},{"text":"Specjalna cena za wiele aplikacji"}],"pricing_button_text":"Dodaj do witryny","pricing_button_url":"#demo"}],"related_apps_title":"","related_apps_hidden":"0","author":"","image":[],"title":"","job":"","social_networks":[]},"_links":{"self":[{"href":"https:\/\/elfsight.com\/pl\/wp-json\/wp\/v2\/pages\/6248","targetHints":{"allow":["GET"]}}],"collection":[{"href":"https:\/\/elfsight.com\/pl\/wp-json\/wp\/v2\/pages"}],"about":[{"href":"https:\/\/elfsight.com\/pl\/wp-json\/wp\/v2\/types\/page"}],"author":[{"embeddable":true,"href":"https:\/\/elfsight.com\/pl\/wp-json\/wp\/v2\/users\/9"}],"replies":[{"embeddable":true,"href":"https:\/\/elfsight.com\/pl\/wp-json\/wp\/v2\/comments?post=6248"}],"version-history":[{"count":3,"href":"https:\/\/elfsight.com\/pl\/wp-json\/wp\/v2\/pages\/6248\/revisions"}],"predecessor-version":[{"id":10216,"href":"https:\/\/elfsight.com\/pl\/wp-json\/wp\/v2\/pages\/6248\/revisions\/10216"}],"up":[{"embeddable":true,"href":"https:\/\/elfsight.com\/pl\/wp-json\/wp\/v2\/pages\/3418"}],"wp:attachment":[{"href":"https:\/\/elfsight.com\/pl\/wp-json\/wp\/v2\/media?parent=6248"}],"curies":[{"name":"wp","href":"https:\/\/api.w.org\/{rel}","templated":true}]}}