{"id":6247,"date":"2024-05-03T06:45:50","date_gmt":"2024-05-03T06:45:50","guid":{"rendered":"https:\/\/elfsight.com\/pl\/?page_id=6247"},"modified":"2024-09-13T13:52:05","modified_gmt":"2024-09-13T13:52:05","slug":"facebook","status":"publish","type":"page","link":"https:\/\/elfsight.com\/pl\/radio-player-widget\/facebook\/","title":{"rendered":"Radio Player &#8211; Facebook"},"content":{"rendered":"<div class=\"application-platform-content-item-description application-platform-content-item\" id=\"description\" data-nav-section=\"description\"> <h2>Opis<\/h2> <p>Elfsight Radio Player to nieskomplikowane narz\u0119dzie umo\u017cliwiaj\u0105ce strumieniowe przesy\u0142anie stacji radiowych bezpo\u015brednio z zak\u0142adek Twojej strony na Facebooku . Widget jest niezwykle modyfikowalny: mo\u017cesz zmieni\u0107 jego po\u0142o\u017cenie, umie\u015bci\u0107 go w dowolnym miejscu strony, skalowa\u0107 jego rozmiar, przemalowa\u0107 t\u0142o i wszystkie inne cz\u0119\u015bci, aby dopasowa\u0107 je do projektu witryny, u\u017cy\u0107 ciemnej kolorystyki, zademonstrowa\u0107 ok\u0142adki i pokaza\u0107 lub ukry\u0107 3 inne dane gracza, na przyk\u0142ad tytu\u0142, status i inne. Uwzgl\u0119dnij tyle stacji, ile potrzebujesz, aby zaanga\u017cowa\u0107 odwiedzaj\u0105cych, w\u0142\u0105cz opcj\u0119 autoodtwarzania i nie wahaj si\u0119 \u2013 odwiedzaj\u0105cy nie opuszcz\u0105 Twojej strony natychmiast!<\/p> <p><b>Zaprezentuj swoim u\u017cytkownikom nowe \u017ar\u00f3d\u0142o informacji pomocna i wci\u0105gaj\u0105ca tre\u015b\u0107 wykorzystuj\u0105ca Elfsight Radio Player dla strony na Facebooku<\/b><\/p> <\/div> <div class=\"application-platform-content-item-features application-platform-content-item\" id=\"features\" data-nav-section=\"features\"> <h2>Oferujemy praktyczne i \u0142atwe funkcje, zobacz niekt\u00f3re z nich: <\/h2> <ul><li>Liczne warianty kolorystyczne.<\/li><li>Motyw ciemnego\/jasnego koloru.<\/li><li>Dwa uk\u0142ady gotowe do u\u017cycia.<\/li><li>Opcja dodania obrazu t\u0142a. <\/li><li>Dostosuj nieograniczon\u0105 liczb\u0119 stacji.<\/li><\/ul><p><a href=\"#demo\">Odkryj wszystkie ustawienia w 100% funkcjonalnej wersji demonstracyjnej<\/a><\/p> <\/div> <div class=\"application-platform-content-item-installation application-platform-content-item\" id=\"installation\" data-nav-section=\"installation\"> <h2>Jak doda\u0107 Radio Player do strony na Facebooku?<\/h2> <p>Wystarczy wykona\u0107 poni\u017csze instrukcje, aby osadzi\u0107 wid\u017cet.<\/p> <ol><li><b>Skorzystaj z naszego bezp\u0142atnego edytora i zacznij tworzy\u0107 w\u0142asny widget Radia.<\/b><br> Wybierz odpowiedni wygl\u0105d i cechy funkcjonalne narz\u0119dzia i zapisz poprawki.<\/li> <li><b>Odbierz sw\u00f3j osobisty kod widoczny w polu w aplikacjach Elfsight. <\/b><br> Po zako\u0144czeniu konfiguracji wid\u017cetu skopiuj kod osobisty z wy\u015bwietlonego wyskakuj\u0105cego okienka i zachowaj go na p\u00f3\u017aniej.<\/li> <li><b>Potwierd\u017a mo\u017cliwo\u015b\u0107 korzystania z wid\u017cetu na swojej stronie na Facebooku .<\/b><br> Utw\u00f3rz niestandardow\u0105 kart\u0119 na Facebooku. Wpisz w zak\u0142adce kod otrzymany w Elfsight Apps. Je\u015bli masz jakiekolwiek problemy, zapoznaj si\u0119 z naszym przewodnikiem na temat tworzenia <a href=\"https:\/\/elfsight.com\/blog\/how-to-add-custom-tab-to-facebook-page\/\">niestandardowej karty dla strony na Facebooku <\/a><\/li> <li><b>Instalacja zosta\u0142a ca\u0142kowicie zako\u0144czona.<\/b><br> Przejd\u017a do swojej strony internetowej, aby sprawdzi\u0107 dzia\u0142anie wid\u017cetu.<\/li><\/ol> <p>W przypadku pyta\u0144 lub napotkania trudno\u015bci prosimy o kontakt z naszym zespo\u0142em obs\u0142ugi klienta. Nasi ludzie z przyjemno\u015bci\u0105 odpowiedz\u0105 na wszystkie Twoje pytania dotycz\u0105ce widgetu. <\/p> <\/div>","protected":false},"excerpt":{"rendered":"","protected":false},"author":9,"featured_media":0,"parent":3418,"menu_order":0,"comment_status":"closed","ping_status":"closed","template":"templates\/template-application-platform.php","meta":{"publish_to_discourse":"","publish_post_category":"","wpdc_auto_publish_overridden":"","wpdc_topic_tags":"","wpdc_pin_topic":"","wpdc_pin_until":"","discourse_post_id":"","discourse_permalink":"","wpdc_publishing_response":"","wpdc_publishing_error":"","footnotes":""},"class_list":["post-6247","page","type-page","status-publish","hentry"],"yoast_head":"<!-- This site is optimized with the Yoast SEO plugin v25.3.1 - https:\/\/yoast.com\/wordpress\/plugins\/seo\/ -->\n<title>Widget Streaming Radio Player dla strony internetowej na Facebooku (bezp\u0142atny i \u0142atwy!)<\/title>\n<meta name=\"description\" content=\"Umie\u015b\u0107 aplikacj\u0119 Radio Player na swojej stronie internetowej na Facebooku. Skorzystaj z naszego praktycznego demo i wygeneruj wid\u017cet radiowy bez wysi\u0142ku!\" \/>\n<meta name=\"robots\" content=\"index, follow, max-snippet:-1, max-image-preview:large, max-video-preview:-1\" \/>\n<link rel=\"canonical\" href=\"https:\/\/elfsight.com\/pl\/radio-player-widget\/facebook\/\" \/>\n<meta property=\"og:locale\" content=\"pl_PL\" \/>\n<meta property=\"og:type\" content=\"article\" \/>\n<meta property=\"og:title\" content=\"Widget Streaming Radio Player dla strony internetowej na Facebooku (bezp\u0142atny i \u0142atwy!)\" \/>\n<meta property=\"og:description\" content=\"Umie\u015b\u0107 aplikacj\u0119 Radio Player na swojej stronie internetowej na Facebooku. Skorzystaj z naszego praktycznego demo i wygeneruj wid\u017cet radiowy bez wysi\u0142ku!\" \/>\n<meta property=\"og:url\" content=\"https:\/\/elfsight.com\/pl\/radio-player-widget\/facebook\/\" \/>\n<meta property=\"og:site_name\" content=\"Elfsight PL\" \/>\n<meta property=\"article:modified_time\" content=\"2024-09-13T13:52:05+00:00\" \/>\n<meta name=\"twitter:card\" content=\"summary_large_image\" \/>\n<meta name=\"twitter:label1\" content=\"Szacowany czas czytania\" \/>\n\t<meta name=\"twitter:data1\" content=\"2 minuty\" \/>\n<!-- \/ Yoast SEO plugin. -->","yoast_head_json":{"title":"Widget Streaming Radio Player dla strony internetowej na Facebooku (bezp\u0142atny i \u0142atwy!)","description":"Umie\u015b\u0107 aplikacj\u0119 Radio Player na swojej stronie internetowej na Facebooku. Skorzystaj z naszego praktycznego demo i wygeneruj wid\u017cet radiowy bez wysi\u0142ku!","robots":{"index":"index","follow":"follow","max-snippet":"max-snippet:-1","max-image-preview":"max-image-preview:large","max-video-preview":"max-video-preview:-1"},"canonical":"https:\/\/elfsight.com\/pl\/radio-player-widget\/facebook\/","og_locale":"pl_PL","og_type":"article","og_title":"Widget Streaming Radio Player dla strony internetowej na Facebooku (bezp\u0142atny i \u0142atwy!)","og_description":"Umie\u015b\u0107 aplikacj\u0119 Radio Player na swojej stronie internetowej na Facebooku. Skorzystaj z naszego praktycznego demo i wygeneruj wid\u017cet radiowy bez wysi\u0142ku!","og_url":"https:\/\/elfsight.com\/pl\/radio-player-widget\/facebook\/","og_site_name":"Elfsight PL","article_modified_time":"2024-09-13T13:52:05+00:00","twitter_card":"summary_large_image","twitter_misc":{"Szacowany czas czytania":"2 minuty"},"schema":{"@context":"https:\/\/schema.org","@graph":[{"@type":"WebPage","@id":"https:\/\/elfsight.com\/pl\/radio-player-widget\/facebook\/","url":"https:\/\/elfsight.com\/pl\/radio-player-widget\/facebook\/","name":"Widget Streaming Radio Player dla strony internetowej na Facebooku (bezp\u0142atny i \u0142atwy!)","isPartOf":{"@id":"https:\/\/elfsight.com\/pl\/#website"},"datePublished":"2024-05-03T06:45:50+00:00","dateModified":"2024-09-13T13:52:05+00:00","description":"Umie\u015b\u0107 aplikacj\u0119 Radio Player na swojej stronie internetowej na Facebooku. Skorzystaj z naszego praktycznego demo i wygeneruj wid\u017cet radiowy bez wysi\u0142ku!","breadcrumb":{"@id":"https:\/\/elfsight.com\/pl\/radio-player-widget\/facebook\/#breadcrumb"},"inLanguage":"pl-PL","potentialAction":[{"@type":"ReadAction","target":["https:\/\/elfsight.com\/pl\/radio-player-widget\/facebook\/"]}]},{"@type":"BreadcrumbList","@id":"https:\/\/elfsight.com\/pl\/radio-player-widget\/facebook\/#breadcrumb","itemListElement":[{"@type":"ListItem","position":1,"name":"Home","item":"https:\/\/elfsight.com\/pl\/"},{"@type":"ListItem","position":2,"name":"Radio Player","item":"https:\/\/elfsight.com\/pl\/radio-player-widget\/"},{"@type":"ListItem","position":3,"name":"Radio Player &#8211; Facebook"}]},{"@type":"WebSite","@id":"https:\/\/elfsight.com\/pl\/#website","url":"https:\/\/elfsight.com\/pl\/","name":"Elfsight PL","description":"Just another Elfsight Sites site","potentialAction":[{"@type":"SearchAction","target":{"@type":"EntryPoint","urlTemplate":"https:\/\/elfsight.com\/pl\/?s={search_term_string}"},"query-input":{"@type":"PropertyValueSpecification","valueRequired":true,"valueName":"search_term_string"}}],"inLanguage":"pl-PL"}]}},"meta_box":{"industry":"","seo_heading":"","heading":"","description":"","cta_heading":"","cta_description":"","application":"3334","h1":"Widget odtwarzacza radia Facebook","h1_caption":"Zr\u00f3\u017cnicuj opcje tre\u015bci i wyr\u00f3\u017cnij si\u0119 na tle konkurencji","application_category":[],"applications_title":"","applications_request_title":"","applications_request_button_text":"","hero_text":"","hero_video":"","hero_video_schema_markup":"","selling_points_title":"","selling_points_caption":"","selling_points":[],"selling_points_cta_text":"","features_title":"","features":"","ed_cta_examples_text":"","ed_cta_examples_hidden":"","ed_cta_demo_text":"","ed_cta_demo_hidden":"","why_caption":"","why_editor_title":"","why_editor_text":"","why_team_title":"","why_team_text":"","why_service_title":"","why_service_text":"","template_catalog_visible":"","template_catalog_title":"","template_catalog_text":"","template_catalog_categories_visible":"","demo_title":"\u015amia\u0142o stw\u00f3rz szyty na miar\u0119 Radio Player","demo_caption":"Spersonalizuj go i umie\u015b\u0107 na swojej stronie w wersji demonstracyjnej","default_faq_hidden":"","app_template_category":[],"platform":"319","template_public_id":"","codecanyon_url":"","codecanyon_item_id":"","codecanyon_price":"","pricing_caption":"","pricing_elfsight_apps_hide_column":"","pricing_elfsight_apps_url":"","pricing_codecanyon_price_caption":"","integration_category":[],"integration_request_title":"","integration_request_cta":"","integration_platform":"","integrations":[],"platform_category":[],"video_schema_markup":"","price":"od 0 USD \/ miesi\u0105c","trial":"","benefits":[{"text":"Bezp\u0142atna pomoc w instalacji"},{"text":"Wyj\u0105tkowe wsparcie"},{"text":"14-dniowa gwarancja zwrotu pieni\u0119dzy"}],"button_url":"#demo","button_target_blank":"","button_nofollow":"","attributes":[{"name":"Instaluje"},{"name":"Reakcja na co\u015b"},{"name":"Kompatybilne przegl\u0105darki"}],"tags":[],"tags_disable_links":"","hide_more_platforms":"","video_object":"","demo_hide_cta":"","demo_hide_cloud_options":"","pricing_title":"","pricing":[{"pricing_icon":"platform","pricing_title":"Elfsight Apps","pricing_title_caption":"Wersja wieloplatformowa, kt\u00f3ra dzia\u0142a na ka\u017cdej stronie internetowej","pricing_price":"od 0 USD \/ miesi\u0105c","pricing_price_caption":"zacznij od bezp\u0142atnego planu","pricing_benefits":[{"text":"Nielimitowane strony internetowe"},{"text":"Szybkie i terminowe wsparcie"},{"text":"Bezp\u0142atna us\u0142uga monta\u017cu"},{"text":"Specjalna cena za wiele aplikacji"}],"pricing_button_text":"Dodaj do witryny","pricing_button_url":"#demo"}],"related_apps_title":"","related_apps_hidden":"","author":"","image":[],"title":"","job":"","social_networks":[]},"_links":{"self":[{"href":"https:\/\/elfsight.com\/pl\/wp-json\/wp\/v2\/pages\/6247","targetHints":{"allow":["GET"]}}],"collection":[{"href":"https:\/\/elfsight.com\/pl\/wp-json\/wp\/v2\/pages"}],"about":[{"href":"https:\/\/elfsight.com\/pl\/wp-json\/wp\/v2\/types\/page"}],"author":[{"embeddable":true,"href":"https:\/\/elfsight.com\/pl\/wp-json\/wp\/v2\/users\/9"}],"replies":[{"embeddable":true,"href":"https:\/\/elfsight.com\/pl\/wp-json\/wp\/v2\/comments?post=6247"}],"version-history":[{"count":1,"href":"https:\/\/elfsight.com\/pl\/wp-json\/wp\/v2\/pages\/6247\/revisions"}],"predecessor-version":[{"id":6251,"href":"https:\/\/elfsight.com\/pl\/wp-json\/wp\/v2\/pages\/6247\/revisions\/6251"}],"up":[{"embeddable":true,"href":"https:\/\/elfsight.com\/pl\/wp-json\/wp\/v2\/pages\/3418"}],"wp:attachment":[{"href":"https:\/\/elfsight.com\/pl\/wp-json\/wp\/v2\/media?parent=6247"}],"curies":[{"name":"wp","href":"https:\/\/api.w.org\/{rel}","templated":true}]}}